{"id":22364,"date":"2020-05-06T10:34:54","date_gmt":"2020-05-06T08:34:54","guid":{"rendered":"https:\/\/ekkla.ch\/?post_type=product&#038;p=22364"},"modified":"2022-11-30T12:48:31","modified_gmt":"2022-11-30T11:48:31","slug":"haengeleuchte-calee-satin-gold-v4-vcl-luminaires","status":"publish","type":"product","link":"https:\/\/ekkla.ch\/de\/produit\/haengeleuchte-calee-satin-gold-v4-vcl-luminaires\/","title":{"rendered":"H\u00e4ngeleuchte Cal\u00e9e Satin Gold V4 &#8211; CVL Luminaires"},"content":{"rendered":"<p>Diese H\u00e4ngeleuchte ist eine Kreation von Studio Pool f\u00fcr das franz\u00f6sische Haus CVL. Die <em>Cal\u00e9e<\/em>-Kollektion spielt mit geographischen Formen und dem Ungleichgewicht.<\/p>\n<p>Es handelt sich um eine schicke und trendige Leuchte aus massivem Messing, die mit ihrem modernen Design jedem Interieur Charakter verleiht. Sie passt sich perfekt an Ihre Dekoration an und strahlt ein weiches und warmes Licht aus, das eine entspannende Atmosph\u00e4re schafft.<\/p>\n<p><span lang=\"DE-CH\">Bei dieser Leuchte handelt es sich um ein handgefertigtes, handmontiertes und nur auf Bestellung produziertes Modell. Daher\u00a0betr\u00e4gt die Lieferzeit 6 bis 8 Wochen.<\/span><\/p>\n<blockquote>\n<h2 style=\"text-align: left;\">Merkmale &amp; Eigenschaften<\/h2>\n<p><strong>Marke<\/strong> CVL Luminaires<\/p>\n<p style=\"text-align: left;\"><strong>Farben<\/strong> Gold und Schwarz<\/p>\n<p style=\"text-align: left;\"><strong>Material<\/strong> Massives Messing<\/p>\n<p style=\"text-align: left;\"><strong>Stromversorgung<\/strong>\u00a0Integrierte LED&#8217;s &#8211; 1500 Lumen<\/p>\n<p style=\"text-align: left;\"><strong>H\u00f6he (cm)<\/strong>\u00a013 bis 213<\/p>\n<p style=\"text-align: left;\"><strong>Durchmesser (cm)<\/strong>\u00a040<\/p>\n<h6>In Absprache mit der Marke ist diese Lampe von Spezialangeboten ausgeschlossen.<\/h6>\n<\/blockquote>\n","protected":false},"excerpt":{"rendered":"<p>Diese H\u00e4ngeleuchte ist eine Kreation von Studio Pool f\u00fcr das franz\u00f6sische Haus CVL. Die Cal\u00e9e-Kollektion spielt mit geographischen Formen und dem Ungleichgewicht. Es handelt sich um eine schicke und trendige Leuchte aus massivem Messing, die mit ihrem modernen Design jedem Interieur Charakter verleiht. Sie passt sich perfekt an Ihre Dekoration an und strahlt ein weiches [&hellip;]<\/p>\n","protected":false},"featured_media":189876,"template":"","meta":{"_acf_changed":false,"om_disable_all_campaigns":false},"product_cat":[291],"product_tag":[1254,1265,801,704],"bundled_by":[],"bundle_stock_status":"onbackorder","bundle_stock_quantity":null,"bundle_virtual":false,"bundle_layout":"","bundle_add_to_cart_form_location":"","bundle_editable_in_cart":false,"bundle_sold_individually_context":"","bundle_item_grouping":"","bundle_min_size":"","bundle_max_size":"","bundle_price":[],"bundled_items":[],"bundle_sell_ids":[],"acf":[],"yoast_head":"<!-- This site is optimized with the Yoast SEO Premium plugin v22.2 (Yoast SEO v22.8) - https:\/\/yoast.com\/wordpress\/plugins\/seo\/ -->\n<title>CVL Luminaires | H\u00e4ngeleuchte Cal\u00e9e Satin Gold V4 | Integrierte LED | Ekkla<\/title>\n<meta name=\"description\" content=\"Eine grafische und moderne H\u00e4ngeleuchte, die mit Formen und Geometrie spielt. Die perfekte Beleuchtung f\u00fcr ein Wohn- oder Esszimmer.\" \/>\n<meta name=\"robots\" content=\"index, follow, max-snippet:-1, max-image-preview:large, max-video-preview:-1\" \/>\n<link rel=\"canonical\" href=\"https:\/\/ekkla.ch\/de\/produit\/haengeleuchte-calee-satin-gold-v4-vcl-luminaires\/\" \/>\n<meta property=\"og:locale\" content=\"de_DE\" \/>\n<meta property=\"og:type\" content=\"article\" \/>\n<meta property=\"og:title\" content=\"H\u00e4ngeleuchte Cal\u00e9e Satin Gold V4 - CVL Luminaires\" \/>\n<meta property=\"og:description\" content=\"Eine grafische und moderne H\u00e4ngeleuchte, die mit Formen und Geometrie spielt. Die perfekte Beleuchtung f\u00fcr ein Wohn- oder Esszimmer.\" \/>\n<meta property=\"og:url\" content=\"https:\/\/ekkla.ch\/de\/produit\/haengeleuchte-calee-satin-gold-v4-vcl-luminaires\/\" \/>\n<meta property=\"og:site_name\" content=\"Ekkla\" \/>\n<meta property=\"article:modified_time\" content=\"2022-11-30T11:48:31+00:00\" \/>\n<meta name=\"twitter:card\" content=\"summary_large_image\" \/>\n<meta name=\"twitter:label1\" content=\"Gesch\u00e4tzte Lesezeit\" \/>\n\t<meta name=\"twitter:data1\" content=\"1\u00a0Minute\" \/>\n<script type=\"application\/ld+json\" class=\"yoast-schema-graph\">{\"@context\":\"https:\/\/schema.org\",\"@graph\":[{\"@type\":\"WebPage\",\"@id\":\"https:\/\/ekkla.ch\/de\/produit\/haengeleuchte-calee-satin-gold-v4-vcl-luminaires\/\",\"url\":\"https:\/\/ekkla.ch\/de\/produit\/haengeleuchte-calee-satin-gold-v4-vcl-luminaires\/\",\"name\":\"CVL Luminaires | H\u00e4ngeleuchte Cal\u00e9e Satin Gold V4 | Integrierte LED | Ekkla\",\"isPartOf\":{\"@id\":\"https:\/\/ekkla.ch\/#website\"},\"primaryImageOfPage\":{\"@id\":\"https:\/\/ekkla.ch\/de\/produit\/haengeleuchte-calee-satin-gold-v4-vcl-luminaires\/#primaryimage\"},\"image\":{\"@id\":\"https:\/\/ekkla.ch\/de\/produit\/haengeleuchte-calee-satin-gold-v4-vcl-luminaires\/#primaryimage\"},\"thumbnailUrl\":\"https:\/\/ekkla.ch\/wp-content\/uploads\/2020\/05\/Suspension_Calee_V4_CLV-3.jpg\",\"datePublished\":\"2020-05-06T08:34:54+00:00\",\"dateModified\":\"2022-11-30T11:48:31+00:00\",\"description\":\"Eine grafische und moderne H\u00e4ngeleuchte, die mit Formen und Geometrie spielt. Die perfekte Beleuchtung f\u00fcr ein Wohn- oder Esszimmer.\",\"breadcrumb\":{\"@id\":\"https:\/\/ekkla.ch\/de\/produit\/haengeleuchte-calee-satin-gold-v4-vcl-luminaires\/#breadcrumb\"},\"inLanguage\":\"de\",\"potentialAction\":[{\"@type\":\"ReadAction\",\"target\":[\"https:\/\/ekkla.ch\/de\/produit\/haengeleuchte-calee-satin-gold-v4-vcl-luminaires\/\"]}]},{\"@type\":\"ImageObject\",\"inLanguage\":\"de\",\"@id\":\"https:\/\/ekkla.ch\/de\/produit\/haengeleuchte-calee-satin-gold-v4-vcl-luminaires\/#primaryimage\",\"url\":\"https:\/\/ekkla.ch\/wp-content\/uploads\/2020\/05\/Suspension_Calee_V4_CLV-3.jpg\",\"contentUrl\":\"https:\/\/ekkla.ch\/wp-content\/uploads\/2020\/05\/Suspension_Calee_V4_CLV-3.jpg\",\"width\":900,\"height\":900},{\"@type\":\"BreadcrumbList\",\"@id\":\"https:\/\/ekkla.ch\/de\/produit\/haengeleuchte-calee-satin-gold-v4-vcl-luminaires\/#breadcrumb\",\"itemListElement\":[{\"@type\":\"ListItem\",\"position\":1,\"name\":\"Home\",\"item\":\"https:\/\/ekkla.ch\/de\/\"},{\"@type\":\"ListItem\",\"position\":2,\"name\":\"Shop\",\"item\":\"https:\/\/ekkla.ch\/de\/shop\/\"},{\"@type\":\"ListItem\",\"position\":3,\"name\":\"H\u00e4ngeleuchte Cal\u00e9e Satin Gold V4 &#8211; CVL Luminaires\"}]},{\"@type\":\"WebSite\",\"@id\":\"https:\/\/ekkla.ch\/#website\",\"url\":\"https:\/\/ekkla.ch\/\",\"name\":\"Ekkla\",\"description\":\"Der Onlineshop f\u00fcr Beleuchtung\",\"publisher\":{\"@id\":\"https:\/\/ekkla.ch\/#organization\"},\"potentialAction\":[{\"@type\":\"SearchAction\",\"target\":{\"@type\":\"EntryPoint\",\"urlTemplate\":\"https:\/\/ekkla.ch\/?s={search_term_string}\"},\"query-input\":\"required name=search_term_string\"}],\"inLanguage\":\"de\"},{\"@type\":\"Organization\",\"@id\":\"https:\/\/ekkla.ch\/#organization\",\"name\":\"Ekkla\",\"url\":\"https:\/\/ekkla.ch\/\",\"logo\":{\"@type\":\"ImageObject\",\"inLanguage\":\"de\",\"@id\":\"https:\/\/ekkla.ch\/#\/schema\/logo\/image\/\",\"url\":\"http:\/\/ekkla.ch\/wp-content\/uploads\/2019\/07\/logo-1.svg\",\"contentUrl\":\"http:\/\/ekkla.ch\/wp-content\/uploads\/2019\/07\/logo-1.svg\",\"width\":1,\"height\":1,\"caption\":\"Ekkla\"},\"image\":{\"@id\":\"https:\/\/ekkla.ch\/#\/schema\/logo\/image\/\"},\"sameAs\":[\"https:\/\/www.instagram.com\/ekkla_light\/\"]}]}<\/script>\n<!-- \/ Yoast SEO Premium plugin. -->","yoast_head_json":{"title":"CVL Luminaires | H\u00e4ngeleuchte Cal\u00e9e Satin Gold V4 | Integrierte LED | Ekkla","description":"Eine grafische und moderne H\u00e4ngeleuchte, die mit Formen und Geometrie spielt. Die perfekte Beleuchtung f\u00fcr ein Wohn- oder Esszimmer.","robots":{"index":"index","follow":"follow","max-snippet":"max-snippet:-1","max-image-preview":"max-image-preview:large","max-video-preview":"max-video-preview:-1"},"canonical":"https:\/\/ekkla.ch\/de\/produit\/haengeleuchte-calee-satin-gold-v4-vcl-luminaires\/","og_locale":"de_DE","og_type":"article","og_title":"H\u00e4ngeleuchte Cal\u00e9e Satin Gold V4 - CVL Luminaires","og_description":"Eine grafische und moderne H\u00e4ngeleuchte, die mit Formen und Geometrie spielt. Die perfekte Beleuchtung f\u00fcr ein Wohn- oder Esszimmer.","og_url":"https:\/\/ekkla.ch\/de\/produit\/haengeleuchte-calee-satin-gold-v4-vcl-luminaires\/","og_site_name":"Ekkla","article_modified_time":"2022-11-30T11:48:31+00:00","twitter_card":"summary_large_image","twitter_misc":{"Gesch\u00e4tzte Lesezeit":"1\u00a0Minute"},"schema":{"@context":"https:\/\/schema.org","@graph":[{"@type":"WebPage","@id":"https:\/\/ekkla.ch\/de\/produit\/haengeleuchte-calee-satin-gold-v4-vcl-luminaires\/","url":"https:\/\/ekkla.ch\/de\/produit\/haengeleuchte-calee-satin-gold-v4-vcl-luminaires\/","name":"CVL Luminaires | H\u00e4ngeleuchte Cal\u00e9e Satin Gold V4 | Integrierte LED | Ekkla","isPartOf":{"@id":"https:\/\/ekkla.ch\/#website"},"primaryImageOfPage":{"@id":"https:\/\/ekkla.ch\/de\/produit\/haengeleuchte-calee-satin-gold-v4-vcl-luminaires\/#primaryimage"},"image":{"@id":"https:\/\/ekkla.ch\/de\/produit\/haengeleuchte-calee-satin-gold-v4-vcl-luminaires\/#primaryimage"},"thumbnailUrl":"https:\/\/ekkla.ch\/wp-content\/uploads\/2020\/05\/Suspension_Calee_V4_CLV-3.jpg","datePublished":"2020-05-06T08:34:54+00:00","dateModified":"2022-11-30T11:48:31+00:00","description":"Eine grafische und moderne H\u00e4ngeleuchte, die mit Formen und Geometrie spielt. Die perfekte Beleuchtung f\u00fcr ein Wohn- oder Esszimmer.","breadcrumb":{"@id":"https:\/\/ekkla.ch\/de\/produit\/haengeleuchte-calee-satin-gold-v4-vcl-luminaires\/#breadcrumb"},"inLanguage":"de","potentialAction":[{"@type":"ReadAction","target":["https:\/\/ekkla.ch\/de\/produit\/haengeleuchte-calee-satin-gold-v4-vcl-luminaires\/"]}]},{"@type":"ImageObject","inLanguage":"de","@id":"https:\/\/ekkla.ch\/de\/produit\/haengeleuchte-calee-satin-gold-v4-vcl-luminaires\/#primaryimage","url":"https:\/\/ekkla.ch\/wp-content\/uploads\/2020\/05\/Suspension_Calee_V4_CLV-3.jpg","contentUrl":"https:\/\/ekkla.ch\/wp-content\/uploads\/2020\/05\/Suspension_Calee_V4_CLV-3.jpg","width":900,"height":900},{"@type":"BreadcrumbList","@id":"https:\/\/ekkla.ch\/de\/produit\/haengeleuchte-calee-satin-gold-v4-vcl-luminaires\/#breadcrumb","itemListElement":[{"@type":"ListItem","position":1,"name":"Home","item":"https:\/\/ekkla.ch\/de\/"},{"@type":"ListItem","position":2,"name":"Shop","item":"https:\/\/ekkla.ch\/de\/shop\/"},{"@type":"ListItem","position":3,"name":"H\u00e4ngeleuchte Cal\u00e9e Satin Gold V4 &#8211; CVL Luminaires"}]},{"@type":"WebSite","@id":"https:\/\/ekkla.ch\/#website","url":"https:\/\/ekkla.ch\/","name":"Ekkla","description":"Der Onlineshop f\u00fcr Beleuchtung","publisher":{"@id":"https:\/\/ekkla.ch\/#organization"},"potentialAction":[{"@type":"SearchAction","target":{"@type":"EntryPoint","urlTemplate":"https:\/\/ekkla.ch\/?s={search_term_string}"},"query-input":"required name=search_term_string"}],"inLanguage":"de"},{"@type":"Organization","@id":"https:\/\/ekkla.ch\/#organization","name":"Ekkla","url":"https:\/\/ekkla.ch\/","logo":{"@type":"ImageObject","inLanguage":"de","@id":"https:\/\/ekkla.ch\/#\/schema\/logo\/image\/","url":"http:\/\/ekkla.ch\/wp-content\/uploads\/2019\/07\/logo-1.svg","contentUrl":"http:\/\/ekkla.ch\/wp-content\/uploads\/2019\/07\/logo-1.svg","width":1,"height":1,"caption":"Ekkla"},"image":{"@id":"https:\/\/ekkla.ch\/#\/schema\/logo\/image\/"},"sameAs":["https:\/\/www.instagram.com\/ekkla_light\/"]}]}},"_links":{"self":[{"href":"https:\/\/ekkla.ch\/de\/wp-json\/wp\/v2\/product\/22364"}],"collection":[{"href":"https:\/\/ekkla.ch\/de\/wp-json\/wp\/v2\/product"}],"about":[{"href":"https:\/\/ekkla.ch\/de\/wp-json\/wp\/v2\/types\/product"}],"wp:featuredmedia":[{"embeddable":true,"href":"https:\/\/ekkla.ch\/de\/wp-json\/wp\/v2\/media\/189876"}],"wp:attachment":[{"href":"https:\/\/ekkla.ch\/de\/wp-json\/wp\/v2\/media?parent=22364"}],"wp:term":[{"taxonomy":"product_cat","embeddable":true,"href":"https:\/\/ekkla.ch\/de\/wp-json\/wp\/v2\/product_cat?post=22364"},{"taxonomy":"product_tag","embeddable":true,"href":"https:\/\/ekkla.ch\/de\/wp-json\/wp\/v2\/product_tag?post=22364"}],"curies":[{"name":"wp","href":"https:\/\/api.w.org\/{rel}","templated":true}]}}