{"id":22723,"date":"2020-05-05T09:41:12","date_gmt":"2020-05-05T07:41:12","guid":{"rendered":"https:\/\/ekkla.ch\/?post_type=product&#038;p=22723"},"modified":"2025-08-12T14:47:18","modified_gmt":"2025-08-12T12:47:18","slug":"trio-mini-leuchten-h12-balad-kaktusgruen-fermob","status":"publish","type":"product","link":"https:\/\/ekkla.ch\/de\/produit\/trio-mini-leuchten-h12-balad-kaktusgruen-fermob\/","title":{"rendered":"3er-Set kabellose Leuchten Balad &#8211; H.12 &#8211; Kaktusgr\u00fcn &#8211; LED &#8211; Fermob"},"content":{"rendered":"<p>Die Familie der BALAD-Leuchten w\u00e4chst weiter \u2013 mit einem Miniformat! Das Abenteuer geht weiter, n\u00e4mlich mit der Einf\u00fchrung eines kleinen 12cm-Modells. Dank ihres geringeren Platzbedarfs eignet sie sich zum Aufstellen auf allen Fl\u00e4chen und allen Ecken, auf Fensterb\u00e4nken, grossen und kleinen Tischen, Baumst\u00fcmpfen, etc.<\/p>\n<p>Sie ist die erste mobile <strong>Minileuchte f\u00fcr den Aussenbereich\u00a0<\/strong>und hat die\u00a0technischen Vorz\u00fcge von ihren grossen Schwestern geerbt: sie hat 3 Lichttemperaturen (neutrales Weiss, kaltes Weiss, Kerzenlicht-Flackermodus mit 2300 K) sowie eine eindrucksvolle Autonomie f\u00fcr ihre kleine Gr\u00f6sse (10 bis 14 Stunden Autonomie bei 3,5 Stunden Ladezeit \u00fcber USB-C-Kabel). Der Flacker-Modus ist diesen Mini-Leuchten eigen und sorgt f\u00fcr angenehme\u00a0Kerzenlicht-Stimmung. \u00dcbrigens k\u00f6nnen Sie mit dem cleveren Ladekabel, das im Lieferumfang der Lampe enthalten ist, alle drei Lampen gleichzeitig aufladen.<\/p>\n<blockquote>\n<h2>Merkmale &amp; Eigenschaften<\/h2>\n<p><strong>Marke<\/strong> Fermob<\/p>\n<p><strong>Farbe\u00a0<\/strong>Kaktusgr\u00fcn<\/p>\n<p><strong>Materialien<\/strong>\u00a0Aluminium und Polyethylen<\/p>\n<p><strong>Lichtstrom (lm)<\/strong>\u00a020<\/p>\n<p><strong>Technologie<\/strong> LED 0.3W<\/p>\n<p><strong>Leuchtdauer<\/strong> 10 bis 14 Stunden<\/p>\n<p><strong>Aufladung\u00a0<\/strong>USB-C-Ladekabel (inbegriffen)<\/p>\n<p><strong>Tiefe (cm)\u00a0<\/strong>10<\/p>\n<p><strong>H\u00f6he (cm) <\/strong>13,5<\/p>\n<p><strong>Breite (cm) <\/strong>10<\/p><\/blockquote>\n","protected":false},"excerpt":{"rendered":"<p>Die Familie der BALAD-Leuchten w\u00e4chst weiter \u2013 mit einem Miniformat! Das Abenteuer geht weiter, n\u00e4mlich mit der Einf\u00fchrung eines kleinen 12cm-Modells. Dank ihres geringeren Platzbedarfs eignet sie sich zum Aufstellen auf allen Fl\u00e4chen und allen Ecken, auf Fensterb\u00e4nken, grossen und kleinen Tischen, Baumst\u00fcmpfen, etc. Sie ist die erste mobile Minileuchte f\u00fcr den Aussenbereich\u00a0und hat die\u00a0technischen [&hellip;]<\/p>\n","protected":false},"featured_media":22990,"template":"","meta":{"_acf_changed":false,"om_disable_all_campaigns":false},"product_cat":[290],"product_tag":[1242,760,597,836,900,1188,1265,1072,1022,1203,883,653,403],"bundled_by":[],"bundle_stock_status":"instock","bundle_stock_quantity":2,"bundle_virtual":false,"bundle_layout":"","bundle_add_to_cart_form_location":"","bundle_editable_in_cart":false,"bundle_sold_individually_context":"","bundle_item_grouping":"","bundle_min_size":"","bundle_max_size":"","bundle_price":[],"bundled_items":[],"bundle_sell_ids":[],"acf":[],"yoast_head":"<!-- This site is optimized with the Yoast SEO Premium plugin v22.2 (Yoast SEO v22.8) - https:\/\/yoast.com\/wordpress\/plugins\/seo\/ -->\n<title>Fermob | Trio Mini-Leuchten H12 Balad Kaktusgr\u00fcn | Aussenleuchte | Ekkla<\/title>\n<meta name=\"description\" content=\"Trio aus drei Mini-Aussenlampen von Fermob. F\u00fcr Ihre Tische, Konsolen und Aussenbereiche. Eine praktische und farbenfrohe Beleuchtung!\" \/>\n<meta name=\"robots\" content=\"index, follow, max-snippet:-1, max-image-preview:large, max-video-preview:-1\" \/>\n<link rel=\"canonical\" href=\"https:\/\/ekkla.ch\/de\/produit\/trio-mini-leuchten-h12-balad-kaktusgruen-fermob\/\" \/>\n<meta property=\"og:locale\" content=\"de_DE\" \/>\n<meta property=\"og:type\" content=\"article\" \/>\n<meta property=\"og:title\" content=\"3er-Set kabellose Leuchten Balad - H.12 - Kaktusgr\u00fcn - LED - Fermob\" \/>\n<meta property=\"og:description\" content=\"Trio aus drei Mini-Aussenlampen von Fermob. F\u00fcr Ihre Tische, Konsolen und Aussenbereiche. Eine praktische und farbenfrohe Beleuchtung!\" \/>\n<meta property=\"og:url\" content=\"https:\/\/ekkla.ch\/de\/produit\/trio-mini-leuchten-h12-balad-kaktusgruen-fermob\/\" \/>\n<meta property=\"og:site_name\" content=\"Ekkla\" \/>\n<meta property=\"article:modified_time\" content=\"2025-08-12T12:47:18+00:00\" \/>\n<meta property=\"og:image\" content=\"https:\/\/ekkla.ch\/wp-content\/uploads\/2020\/05\/H.12_Balad_cactus_Trio.jpg\" \/>\n\t<meta property=\"og:image:width\" content=\"900\" \/>\n\t<meta property=\"og:image:height\" content=\"900\" \/>\n\t<meta property=\"og:image:type\" content=\"image\/jpeg\" \/>\n<meta name=\"twitter:card\" content=\"summary_large_image\" \/>\n<meta name=\"twitter:label1\" content=\"Gesch\u00e4tzte Lesezeit\" \/>\n\t<meta name=\"twitter:data1\" content=\"1\u00a0Minute\" \/>\n<script type=\"application\/ld+json\" class=\"yoast-schema-graph\">{\"@context\":\"https:\/\/schema.org\",\"@graph\":[{\"@type\":\"WebPage\",\"@id\":\"https:\/\/ekkla.ch\/de\/produit\/trio-mini-leuchten-h12-balad-kaktusgruen-fermob\/\",\"url\":\"https:\/\/ekkla.ch\/de\/produit\/trio-mini-leuchten-h12-balad-kaktusgruen-fermob\/\",\"name\":\"Fermob | Trio Mini-Leuchten H12 Balad Kaktusgr\u00fcn | Aussenleuchte | Ekkla\",\"isPartOf\":{\"@id\":\"https:\/\/ekkla.ch\/#website\"},\"primaryImageOfPage\":{\"@id\":\"https:\/\/ekkla.ch\/de\/produit\/trio-mini-leuchten-h12-balad-kaktusgruen-fermob\/#primaryimage\"},\"image\":{\"@id\":\"https:\/\/ekkla.ch\/de\/produit\/trio-mini-leuchten-h12-balad-kaktusgruen-fermob\/#primaryimage\"},\"thumbnailUrl\":\"https:\/\/ekkla.ch\/wp-content\/uploads\/2020\/05\/H.12_Balad_cactus_Trio.jpg\",\"datePublished\":\"2020-05-05T07:41:12+00:00\",\"dateModified\":\"2025-08-12T12:47:18+00:00\",\"description\":\"Trio aus drei Mini-Aussenlampen von Fermob. F\u00fcr Ihre Tische, Konsolen und Aussenbereiche. Eine praktische und farbenfrohe Beleuchtung!\",\"breadcrumb\":{\"@id\":\"https:\/\/ekkla.ch\/de\/produit\/trio-mini-leuchten-h12-balad-kaktusgruen-fermob\/#breadcrumb\"},\"inLanguage\":\"de\",\"potentialAction\":[{\"@type\":\"ReadAction\",\"target\":[\"https:\/\/ekkla.ch\/de\/produit\/trio-mini-leuchten-h12-balad-kaktusgruen-fermob\/\"]}]},{\"@type\":\"ImageObject\",\"inLanguage\":\"de\",\"@id\":\"https:\/\/ekkla.ch\/de\/produit\/trio-mini-leuchten-h12-balad-kaktusgruen-fermob\/#primaryimage\",\"url\":\"https:\/\/ekkla.ch\/wp-content\/uploads\/2020\/05\/H.12_Balad_cactus_Trio.jpg\",\"contentUrl\":\"https:\/\/ekkla.ch\/wp-content\/uploads\/2020\/05\/H.12_Balad_cactus_Trio.jpg\",\"width\":900,\"height\":900},{\"@type\":\"BreadcrumbList\",\"@id\":\"https:\/\/ekkla.ch\/de\/produit\/trio-mini-leuchten-h12-balad-kaktusgruen-fermob\/#breadcrumb\",\"itemListElement\":[{\"@type\":\"ListItem\",\"position\":1,\"name\":\"Home\",\"item\":\"https:\/\/ekkla.ch\/de\/\"},{\"@type\":\"ListItem\",\"position\":2,\"name\":\"Shop\",\"item\":\"https:\/\/ekkla.ch\/de\/shop\/\"},{\"@type\":\"ListItem\",\"position\":3,\"name\":\"3er-Set kabellose Leuchten Balad &#8211; H.12 &#8211; Kaktusgr\u00fcn &#8211; LED &#8211; Fermob\"}]},{\"@type\":\"WebSite\",\"@id\":\"https:\/\/ekkla.ch\/#website\",\"url\":\"https:\/\/ekkla.ch\/\",\"name\":\"Ekkla\",\"description\":\"Der Onlineshop f\u00fcr Beleuchtung\",\"publisher\":{\"@id\":\"https:\/\/ekkla.ch\/#organization\"},\"potentialAction\":[{\"@type\":\"SearchAction\",\"target\":{\"@type\":\"EntryPoint\",\"urlTemplate\":\"https:\/\/ekkla.ch\/?s={search_term_string}\"},\"query-input\":\"required name=search_term_string\"}],\"inLanguage\":\"de\"},{\"@type\":\"Organization\",\"@id\":\"https:\/\/ekkla.ch\/#organization\",\"name\":\"Ekkla\",\"url\":\"https:\/\/ekkla.ch\/\",\"logo\":{\"@type\":\"ImageObject\",\"inLanguage\":\"de\",\"@id\":\"https:\/\/ekkla.ch\/#\/schema\/logo\/image\/\",\"url\":\"http:\/\/ekkla.ch\/wp-content\/uploads\/2019\/07\/logo-1.svg\",\"contentUrl\":\"http:\/\/ekkla.ch\/wp-content\/uploads\/2019\/07\/logo-1.svg\",\"width\":1,\"height\":1,\"caption\":\"Ekkla\"},\"image\":{\"@id\":\"https:\/\/ekkla.ch\/#\/schema\/logo\/image\/\"},\"sameAs\":[\"https:\/\/www.instagram.com\/ekkla_light\/\"]}]}<\/script>\n<!-- \/ Yoast SEO Premium plugin. -->","yoast_head_json":{"title":"Fermob | Trio Mini-Leuchten H12 Balad Kaktusgr\u00fcn | Aussenleuchte | Ekkla","description":"Trio aus drei Mini-Aussenlampen von Fermob. F\u00fcr Ihre Tische, Konsolen und Aussenbereiche. Eine praktische und farbenfrohe Beleuchtung!","robots":{"index":"index","follow":"follow","max-snippet":"max-snippet:-1","max-image-preview":"max-image-preview:large","max-video-preview":"max-video-preview:-1"},"canonical":"https:\/\/ekkla.ch\/de\/produit\/trio-mini-leuchten-h12-balad-kaktusgruen-fermob\/","og_locale":"de_DE","og_type":"article","og_title":"3er-Set kabellose Leuchten Balad - H.12 - Kaktusgr\u00fcn - LED - Fermob","og_description":"Trio aus drei Mini-Aussenlampen von Fermob. F\u00fcr Ihre Tische, Konsolen und Aussenbereiche. Eine praktische und farbenfrohe Beleuchtung!","og_url":"https:\/\/ekkla.ch\/de\/produit\/trio-mini-leuchten-h12-balad-kaktusgruen-fermob\/","og_site_name":"Ekkla","article_modified_time":"2025-08-12T12:47:18+00:00","og_image":[{"width":900,"height":900,"url":"https:\/\/ekkla.ch\/wp-content\/uploads\/2020\/05\/H.12_Balad_cactus_Trio.jpg","type":"image\/jpeg"}],"twitter_card":"summary_large_image","twitter_misc":{"Gesch\u00e4tzte Lesezeit":"1\u00a0Minute"},"schema":{"@context":"https:\/\/schema.org","@graph":[{"@type":"WebPage","@id":"https:\/\/ekkla.ch\/de\/produit\/trio-mini-leuchten-h12-balad-kaktusgruen-fermob\/","url":"https:\/\/ekkla.ch\/de\/produit\/trio-mini-leuchten-h12-balad-kaktusgruen-fermob\/","name":"Fermob | Trio Mini-Leuchten H12 Balad Kaktusgr\u00fcn | Aussenleuchte | Ekkla","isPartOf":{"@id":"https:\/\/ekkla.ch\/#website"},"primaryImageOfPage":{"@id":"https:\/\/ekkla.ch\/de\/produit\/trio-mini-leuchten-h12-balad-kaktusgruen-fermob\/#primaryimage"},"image":{"@id":"https:\/\/ekkla.ch\/de\/produit\/trio-mini-leuchten-h12-balad-kaktusgruen-fermob\/#primaryimage"},"thumbnailUrl":"https:\/\/ekkla.ch\/wp-content\/uploads\/2020\/05\/H.12_Balad_cactus_Trio.jpg","datePublished":"2020-05-05T07:41:12+00:00","dateModified":"2025-08-12T12:47:18+00:00","description":"Trio aus drei Mini-Aussenlampen von Fermob. F\u00fcr Ihre Tische, Konsolen und Aussenbereiche. Eine praktische und farbenfrohe Beleuchtung!","breadcrumb":{"@id":"https:\/\/ekkla.ch\/de\/produit\/trio-mini-leuchten-h12-balad-kaktusgruen-fermob\/#breadcrumb"},"inLanguage":"de","potentialAction":[{"@type":"ReadAction","target":["https:\/\/ekkla.ch\/de\/produit\/trio-mini-leuchten-h12-balad-kaktusgruen-fermob\/"]}]},{"@type":"ImageObject","inLanguage":"de","@id":"https:\/\/ekkla.ch\/de\/produit\/trio-mini-leuchten-h12-balad-kaktusgruen-fermob\/#primaryimage","url":"https:\/\/ekkla.ch\/wp-content\/uploads\/2020\/05\/H.12_Balad_cactus_Trio.jpg","contentUrl":"https:\/\/ekkla.ch\/wp-content\/uploads\/2020\/05\/H.12_Balad_cactus_Trio.jpg","width":900,"height":900},{"@type":"BreadcrumbList","@id":"https:\/\/ekkla.ch\/de\/produit\/trio-mini-leuchten-h12-balad-kaktusgruen-fermob\/#breadcrumb","itemListElement":[{"@type":"ListItem","position":1,"name":"Home","item":"https:\/\/ekkla.ch\/de\/"},{"@type":"ListItem","position":2,"name":"Shop","item":"https:\/\/ekkla.ch\/de\/shop\/"},{"@type":"ListItem","position":3,"name":"3er-Set kabellose Leuchten Balad &#8211; H.12 &#8211; Kaktusgr\u00fcn &#8211; LED &#8211; Fermob"}]},{"@type":"WebSite","@id":"https:\/\/ekkla.ch\/#website","url":"https:\/\/ekkla.ch\/","name":"Ekkla","description":"Der Onlineshop f\u00fcr Beleuchtung","publisher":{"@id":"https:\/\/ekkla.ch\/#organization"},"potentialAction":[{"@type":"SearchAction","target":{"@type":"EntryPoint","urlTemplate":"https:\/\/ekkla.ch\/?s={search_term_string}"},"query-input":"required name=search_term_string"}],"inLanguage":"de"},{"@type":"Organization","@id":"https:\/\/ekkla.ch\/#organization","name":"Ekkla","url":"https:\/\/ekkla.ch\/","logo":{"@type":"ImageObject","inLanguage":"de","@id":"https:\/\/ekkla.ch\/#\/schema\/logo\/image\/","url":"http:\/\/ekkla.ch\/wp-content\/uploads\/2019\/07\/logo-1.svg","contentUrl":"http:\/\/ekkla.ch\/wp-content\/uploads\/2019\/07\/logo-1.svg","width":1,"height":1,"caption":"Ekkla"},"image":{"@id":"https:\/\/ekkla.ch\/#\/schema\/logo\/image\/"},"sameAs":["https:\/\/www.instagram.com\/ekkla_light\/"]}]}},"_links":{"self":[{"href":"https:\/\/ekkla.ch\/de\/wp-json\/wp\/v2\/product\/22723"}],"collection":[{"href":"https:\/\/ekkla.ch\/de\/wp-json\/wp\/v2\/product"}],"about":[{"href":"https:\/\/ekkla.ch\/de\/wp-json\/wp\/v2\/types\/product"}],"wp:featuredmedia":[{"embeddable":true,"href":"https:\/\/ekkla.ch\/de\/wp-json\/wp\/v2\/media\/22990"}],"wp:attachment":[{"href":"https:\/\/ekkla.ch\/de\/wp-json\/wp\/v2\/media?parent=22723"}],"wp:term":[{"taxonomy":"product_cat","embeddable":true,"href":"https:\/\/ekkla.ch\/de\/wp-json\/wp\/v2\/product_cat?post=22723"},{"taxonomy":"product_tag","embeddable":true,"href":"https:\/\/ekkla.ch\/de\/wp-json\/wp\/v2\/product_tag?post=22723"}],"curies":[{"name":"wp","href":"https:\/\/api.w.org\/{rel}","templated":true}]}}