{"id":26672,"date":"2020-06-22T15:54:14","date_gmt":"2020-06-22T13:54:15","guid":{"rendered":"https:\/\/ekkla.ch\/?post_type=product&#038;p=26672"},"modified":"2023-02-23T15:22:33","modified_gmt":"2023-02-23T14:22:33","slug":"tischleuchte-big-battery-kristall-h-37-netzanschluss-kartell","status":"publish","type":"product","link":"https:\/\/ekkla.ch\/de\/produit\/tischleuchte-big-battery-kristall-h-37-netzanschluss-kartell\/","title":{"rendered":"Tischleuchte BIG BATTERY &#8211; kristall &#8211; H.37 &#8211; Netzanschluss &#8211; Kartell"},"content":{"rendered":"<p>Battery ist eine Tischleuchte mit Schirm und wurde vom Designer Ferruccio Laviani entworfen. Diese Lampe ist mit einem Kabel ausgestattet, das sie ans Stromnetz angeschlossen werden kann. Kostbar und raffiniert, die Battery-Lampe sieht aus, als w\u00e4re sie aus einem Kristallblock geformt worden. Inspiriert von der Art-D\u00e9co-Bewegung besteht sie aus einem facettierten Lampenschirm, der bezaubernde Lichtspiele entstehen l\u00e4sst. Der klassische und raffinierte Stil dieser Lampe wird durch das Kunststoffmaterial v\u00f6llig modernisiert.<\/p>\n<p>Die Kreation von hochwertigen, ultratechnologischen und <em>Made in Italy<\/em> Designobjekten sind die Markenzeichen von Kartell. Von der Auswahl innovativer und zertifizierter Materialien bis hin zu modernsten Technologien kann das Kartell-Produkt seinen Kunden eine Kollektion garantieren, die die DNA des Hauses durch Technologie, Qualit\u00e4t, Widerstandsf\u00e4higkeit und Langlebigkeit widerspiegelt.<\/p>\n<p>Integrierte LED-Lichtquelle.<\/p>\n<blockquote>\n<h2 style=\"text-align: left;\">Merkmale &amp; Eigenschaften<\/h2>\n<p><strong>Marke<\/strong> Kartell<\/p>\n<p style=\"text-align: left;\"><strong>Farbe<\/strong> Transparent<\/p>\n<p style=\"text-align: left;\"><strong>Material<\/strong> PMMA<\/p>\n<p><strong>Stromversorgung <\/strong>Zum Sektor<\/p>\n<p style=\"text-align: left;\"><strong>Lichtleistung (W)<\/strong> 3 LEDs<\/p>\n<p><strong>Lichtfarbe (K)<\/strong> 2700<\/p>\n<p><strong>Schutzklasse (IP)<\/strong> 20<\/p>\n<p style=\"text-align: left;\"><strong>H\u00f6he (cm)<\/strong> 37.3<\/p>\n<p style=\"text-align: left;\"><b>Tiefe (cm) <\/b>17<\/p>\n<\/blockquote>\n","protected":false},"excerpt":{"rendered":"<p>Battery ist eine Tischleuchte mit Schirm und wurde vom Designer Ferruccio Laviani entworfen. Diese Lampe ist mit einem Kabel ausgestattet, das sie ans Stromnetz angeschlossen werden kann. Kostbar und raffiniert, die Battery-Lampe sieht aus, als w\u00e4re sie aus einem Kristallblock geformt worden. Inspiriert von der Art-D\u00e9co-Bewegung besteht sie aus einem facettierten Lampenschirm, der bezaubernde Lichtspiele [&hellip;]<\/p>\n","protected":false},"featured_media":26688,"template":"","meta":{"_acf_changed":false,"om_disable_all_campaigns":false},"product_cat":[290],"product_tag":[1258,896,554,1188,801,1203,816,838,653,704,1209],"bundled_by":[],"bundle_stock_status":"onbackorder","bundle_stock_quantity":1,"bundle_virtual":false,"bundle_layout":"","bundle_add_to_cart_form_location":"","bundle_editable_in_cart":false,"bundle_sold_individually_context":"","bundle_item_grouping":"","bundle_min_size":"","bundle_max_size":"","bundle_price":[],"bundled_items":[],"bundle_sell_ids":[],"acf":[],"yoast_head":"<!-- This site is optimized with the Yoast SEO Premium plugin v22.2 (Yoast SEO v22.8) - https:\/\/yoast.com\/wordpress\/plugins\/seo\/ -->\n<title>Kartell | Tischleuchte BIG BATTERY kristall | Design | Ekkla<\/title>\n<meta name=\"description\" content=\"Eine hochwertige, wiederaufladbare Tischlampe f\u00fcr den Aussenbereich. Eine ideale Leuchte f\u00fcr \u00f6ffentliche R\u00e4ume, Aussencaf\u00e9s oder Restaurants.\" \/>\n<meta name=\"robots\" content=\"index, follow, max-snippet:-1, max-image-preview:large, max-video-preview:-1\" \/>\n<link rel=\"canonical\" href=\"https:\/\/ekkla.ch\/de\/produit\/tischleuchte-big-battery-kristall-h-37-netzanschluss-kartell\/\" \/>\n<meta property=\"og:locale\" content=\"de_DE\" \/>\n<meta property=\"og:type\" content=\"article\" \/>\n<meta property=\"og:title\" content=\"Tischleuchte BIG BATTERY - kristall - H.37 - Netzanschluss - Kartell\" \/>\n<meta property=\"og:description\" content=\"Eine hochwertige, wiederaufladbare Tischlampe f\u00fcr den Aussenbereich. Eine ideale Leuchte f\u00fcr \u00f6ffentliche R\u00e4ume, Aussencaf\u00e9s oder Restaurants.\" \/>\n<meta property=\"og:url\" content=\"https:\/\/ekkla.ch\/de\/produit\/tischleuchte-big-battery-kristall-h-37-netzanschluss-kartell\/\" \/>\n<meta property=\"og:site_name\" content=\"Ekkla\" \/>\n<meta property=\"article:modified_time\" content=\"2023-02-23T14:22:33+00:00\" \/>\n<meta property=\"og:image\" content=\"https:\/\/ekkla.ch\/wp-content\/uploads\/2020\/06\/Big-Battery-cristal_Kartell_1.png\" \/>\n\t<meta property=\"og:image:width\" content=\"1080\" \/>\n\t<meta property=\"og:image:height\" content=\"1081\" \/>\n\t<meta property=\"og:image:type\" content=\"image\/png\" \/>\n<meta name=\"twitter:card\" content=\"summary_large_image\" \/>\n<meta name=\"twitter:label1\" content=\"Gesch\u00e4tzte Lesezeit\" \/>\n\t<meta name=\"twitter:data1\" content=\"1\u00a0Minute\" \/>\n<script type=\"application\/ld+json\" class=\"yoast-schema-graph\">{\"@context\":\"https:\/\/schema.org\",\"@graph\":[{\"@type\":\"WebPage\",\"@id\":\"https:\/\/ekkla.ch\/de\/produit\/tischleuchte-big-battery-kristall-h-37-netzanschluss-kartell\/\",\"url\":\"https:\/\/ekkla.ch\/de\/produit\/tischleuchte-big-battery-kristall-h-37-netzanschluss-kartell\/\",\"name\":\"Kartell | Tischleuchte BIG BATTERY kristall | Design | Ekkla\",\"isPartOf\":{\"@id\":\"https:\/\/ekkla.ch\/#website\"},\"primaryImageOfPage\":{\"@id\":\"https:\/\/ekkla.ch\/de\/produit\/tischleuchte-big-battery-kristall-h-37-netzanschluss-kartell\/#primaryimage\"},\"image\":{\"@id\":\"https:\/\/ekkla.ch\/de\/produit\/tischleuchte-big-battery-kristall-h-37-netzanschluss-kartell\/#primaryimage\"},\"thumbnailUrl\":\"https:\/\/ekkla.ch\/wp-content\/uploads\/2020\/06\/Big-Battery-cristal_Kartell_1.png\",\"datePublished\":\"2020-06-22T13:54:15+00:00\",\"dateModified\":\"2023-02-23T14:22:33+00:00\",\"description\":\"Eine hochwertige, wiederaufladbare Tischlampe f\u00fcr den Aussenbereich. Eine ideale Leuchte f\u00fcr \u00f6ffentliche R\u00e4ume, Aussencaf\u00e9s oder Restaurants.\",\"breadcrumb\":{\"@id\":\"https:\/\/ekkla.ch\/de\/produit\/tischleuchte-big-battery-kristall-h-37-netzanschluss-kartell\/#breadcrumb\"},\"inLanguage\":\"de\",\"potentialAction\":[{\"@type\":\"ReadAction\",\"target\":[\"https:\/\/ekkla.ch\/de\/produit\/tischleuchte-big-battery-kristall-h-37-netzanschluss-kartell\/\"]}]},{\"@type\":\"ImageObject\",\"inLanguage\":\"de\",\"@id\":\"https:\/\/ekkla.ch\/de\/produit\/tischleuchte-big-battery-kristall-h-37-netzanschluss-kartell\/#primaryimage\",\"url\":\"https:\/\/ekkla.ch\/wp-content\/uploads\/2020\/06\/Big-Battery-cristal_Kartell_1.png\",\"contentUrl\":\"https:\/\/ekkla.ch\/wp-content\/uploads\/2020\/06\/Big-Battery-cristal_Kartell_1.png\",\"width\":1080,\"height\":1081},{\"@type\":\"BreadcrumbList\",\"@id\":\"https:\/\/ekkla.ch\/de\/produit\/tischleuchte-big-battery-kristall-h-37-netzanschluss-kartell\/#breadcrumb\",\"itemListElement\":[{\"@type\":\"ListItem\",\"position\":1,\"name\":\"Home\",\"item\":\"https:\/\/ekkla.ch\/de\/\"},{\"@type\":\"ListItem\",\"position\":2,\"name\":\"Shop\",\"item\":\"https:\/\/ekkla.ch\/de\/shop\/\"},{\"@type\":\"ListItem\",\"position\":3,\"name\":\"Tischleuchte BIG BATTERY &#8211; kristall &#8211; H.37 &#8211; Netzanschluss &#8211; Kartell\"}]},{\"@type\":\"WebSite\",\"@id\":\"https:\/\/ekkla.ch\/#website\",\"url\":\"https:\/\/ekkla.ch\/\",\"name\":\"Ekkla\",\"description\":\"Der Onlineshop f\u00fcr Beleuchtung\",\"publisher\":{\"@id\":\"https:\/\/ekkla.ch\/#organization\"},\"potentialAction\":[{\"@type\":\"SearchAction\",\"target\":{\"@type\":\"EntryPoint\",\"urlTemplate\":\"https:\/\/ekkla.ch\/?s={search_term_string}\"},\"query-input\":\"required name=search_term_string\"}],\"inLanguage\":\"de\"},{\"@type\":\"Organization\",\"@id\":\"https:\/\/ekkla.ch\/#organization\",\"name\":\"Ekkla\",\"url\":\"https:\/\/ekkla.ch\/\",\"logo\":{\"@type\":\"ImageObject\",\"inLanguage\":\"de\",\"@id\":\"https:\/\/ekkla.ch\/#\/schema\/logo\/image\/\",\"url\":\"http:\/\/ekkla.ch\/wp-content\/uploads\/2019\/07\/logo-1.svg\",\"contentUrl\":\"http:\/\/ekkla.ch\/wp-content\/uploads\/2019\/07\/logo-1.svg\",\"width\":1,\"height\":1,\"caption\":\"Ekkla\"},\"image\":{\"@id\":\"https:\/\/ekkla.ch\/#\/schema\/logo\/image\/\"},\"sameAs\":[\"https:\/\/www.instagram.com\/ekkla_light\/\"]}]}<\/script>\n<!-- \/ Yoast SEO Premium plugin. -->","yoast_head_json":{"title":"Kartell | Tischleuchte BIG BATTERY kristall | Design | Ekkla","description":"Eine hochwertige, wiederaufladbare Tischlampe f\u00fcr den Aussenbereich. Eine ideale Leuchte f\u00fcr \u00f6ffentliche R\u00e4ume, Aussencaf\u00e9s oder Restaurants.","robots":{"index":"index","follow":"follow","max-snippet":"max-snippet:-1","max-image-preview":"max-image-preview:large","max-video-preview":"max-video-preview:-1"},"canonical":"https:\/\/ekkla.ch\/de\/produit\/tischleuchte-big-battery-kristall-h-37-netzanschluss-kartell\/","og_locale":"de_DE","og_type":"article","og_title":"Tischleuchte BIG BATTERY - kristall - H.37 - Netzanschluss - Kartell","og_description":"Eine hochwertige, wiederaufladbare Tischlampe f\u00fcr den Aussenbereich. Eine ideale Leuchte f\u00fcr \u00f6ffentliche R\u00e4ume, Aussencaf\u00e9s oder Restaurants.","og_url":"https:\/\/ekkla.ch\/de\/produit\/tischleuchte-big-battery-kristall-h-37-netzanschluss-kartell\/","og_site_name":"Ekkla","article_modified_time":"2023-02-23T14:22:33+00:00","og_image":[{"width":1080,"height":1081,"url":"https:\/\/ekkla.ch\/wp-content\/uploads\/2020\/06\/Big-Battery-cristal_Kartell_1.png","type":"image\/png"}],"twitter_card":"summary_large_image","twitter_misc":{"Gesch\u00e4tzte Lesezeit":"1\u00a0Minute"},"schema":{"@context":"https:\/\/schema.org","@graph":[{"@type":"WebPage","@id":"https:\/\/ekkla.ch\/de\/produit\/tischleuchte-big-battery-kristall-h-37-netzanschluss-kartell\/","url":"https:\/\/ekkla.ch\/de\/produit\/tischleuchte-big-battery-kristall-h-37-netzanschluss-kartell\/","name":"Kartell | Tischleuchte BIG BATTERY kristall | Design | Ekkla","isPartOf":{"@id":"https:\/\/ekkla.ch\/#website"},"primaryImageOfPage":{"@id":"https:\/\/ekkla.ch\/de\/produit\/tischleuchte-big-battery-kristall-h-37-netzanschluss-kartell\/#primaryimage"},"image":{"@id":"https:\/\/ekkla.ch\/de\/produit\/tischleuchte-big-battery-kristall-h-37-netzanschluss-kartell\/#primaryimage"},"thumbnailUrl":"https:\/\/ekkla.ch\/wp-content\/uploads\/2020\/06\/Big-Battery-cristal_Kartell_1.png","datePublished":"2020-06-22T13:54:15+00:00","dateModified":"2023-02-23T14:22:33+00:00","description":"Eine hochwertige, wiederaufladbare Tischlampe f\u00fcr den Aussenbereich. Eine ideale Leuchte f\u00fcr \u00f6ffentliche R\u00e4ume, Aussencaf\u00e9s oder Restaurants.","breadcrumb":{"@id":"https:\/\/ekkla.ch\/de\/produit\/tischleuchte-big-battery-kristall-h-37-netzanschluss-kartell\/#breadcrumb"},"inLanguage":"de","potentialAction":[{"@type":"ReadAction","target":["https:\/\/ekkla.ch\/de\/produit\/tischleuchte-big-battery-kristall-h-37-netzanschluss-kartell\/"]}]},{"@type":"ImageObject","inLanguage":"de","@id":"https:\/\/ekkla.ch\/de\/produit\/tischleuchte-big-battery-kristall-h-37-netzanschluss-kartell\/#primaryimage","url":"https:\/\/ekkla.ch\/wp-content\/uploads\/2020\/06\/Big-Battery-cristal_Kartell_1.png","contentUrl":"https:\/\/ekkla.ch\/wp-content\/uploads\/2020\/06\/Big-Battery-cristal_Kartell_1.png","width":1080,"height":1081},{"@type":"BreadcrumbList","@id":"https:\/\/ekkla.ch\/de\/produit\/tischleuchte-big-battery-kristall-h-37-netzanschluss-kartell\/#breadcrumb","itemListElement":[{"@type":"ListItem","position":1,"name":"Home","item":"https:\/\/ekkla.ch\/de\/"},{"@type":"ListItem","position":2,"name":"Shop","item":"https:\/\/ekkla.ch\/de\/shop\/"},{"@type":"ListItem","position":3,"name":"Tischleuchte BIG BATTERY &#8211; kristall &#8211; H.37 &#8211; Netzanschluss &#8211; Kartell"}]},{"@type":"WebSite","@id":"https:\/\/ekkla.ch\/#website","url":"https:\/\/ekkla.ch\/","name":"Ekkla","description":"Der Onlineshop f\u00fcr Beleuchtung","publisher":{"@id":"https:\/\/ekkla.ch\/#organization"},"potentialAction":[{"@type":"SearchAction","target":{"@type":"EntryPoint","urlTemplate":"https:\/\/ekkla.ch\/?s={search_term_string}"},"query-input":"required name=search_term_string"}],"inLanguage":"de"},{"@type":"Organization","@id":"https:\/\/ekkla.ch\/#organization","name":"Ekkla","url":"https:\/\/ekkla.ch\/","logo":{"@type":"ImageObject","inLanguage":"de","@id":"https:\/\/ekkla.ch\/#\/schema\/logo\/image\/","url":"http:\/\/ekkla.ch\/wp-content\/uploads\/2019\/07\/logo-1.svg","contentUrl":"http:\/\/ekkla.ch\/wp-content\/uploads\/2019\/07\/logo-1.svg","width":1,"height":1,"caption":"Ekkla"},"image":{"@id":"https:\/\/ekkla.ch\/#\/schema\/logo\/image\/"},"sameAs":["https:\/\/www.instagram.com\/ekkla_light\/"]}]}},"_links":{"self":[{"href":"https:\/\/ekkla.ch\/de\/wp-json\/wp\/v2\/product\/26672"}],"collection":[{"href":"https:\/\/ekkla.ch\/de\/wp-json\/wp\/v2\/product"}],"about":[{"href":"https:\/\/ekkla.ch\/de\/wp-json\/wp\/v2\/types\/product"}],"wp:featuredmedia":[{"embeddable":true,"href":"https:\/\/ekkla.ch\/de\/wp-json\/wp\/v2\/media\/26688"}],"wp:attachment":[{"href":"https:\/\/ekkla.ch\/de\/wp-json\/wp\/v2\/media?parent=26672"}],"wp:term":[{"taxonomy":"product_cat","embeddable":true,"href":"https:\/\/ekkla.ch\/de\/wp-json\/wp\/v2\/product_cat?post=26672"},{"taxonomy":"product_tag","embeddable":true,"href":"https:\/\/ekkla.ch\/de\/wp-json\/wp\/v2\/product_tag?post=26672"}],"curies":[{"name":"wp","href":"https:\/\/api.w.org\/{rel}","templated":true}]}}