{"id":26674,"date":"2020-06-22T15:58:15","date_gmt":"2020-06-22T13:58:17","guid":{"rendered":"https:\/\/ekkla.ch\/?post_type=product&#038;p=26674"},"modified":"2023-02-23T15:22:39","modified_gmt":"2023-02-23T14:22:39","slug":"tischleuchte-toy-moschino-braun-kartell","status":"publish","type":"product","link":"https:\/\/ekkla.ch\/de\/produit\/tischleuchte-toy-moschino-braun-kartell\/","title":{"rendered":"Tischleuchte TOY MOSCHINO &#8211; braun &#8211; Kartell"},"content":{"rendered":"<p>Der ikonische B\u00e4r von Moschino, der von dem Designer Jeremy Scott wiederbelebt wurde, dient Kartell als Basis f\u00fcr eine kreative Tischlampe. Der verspielte, ironische und farbenfrohen Stil ist definitiv der gemeinsame Nenner der beiden Marken. Die schr\u00e4ge und witzige Leuchte wird einem trendigen Wohnzimmer Charakter und Originalit\u00e4t verleihen. Man kann sie sich auf einem asymmetrischen Regal vorstellen oder um eine klassische Konsole aufzupeppen.<\/p>\n<p>Die Kreation von hochwertigen, ultratechnologischen und <em>Made in Italy<\/em> Designobjekten ist das Markenzeichen von Kartell. Von der Auswahl innovativer und zertifizierter Materialien bis hin zu modernsten Technologien: das Kartell-Produkt tr\u00e4gt die DNA des Hauses, n\u00e4mlich Technologie, Qualit\u00e4t, Widerstandsf\u00e4higkeit und Langlebigkeit, definitiv in sich.<\/p>\n<blockquote>\n<h2 style=\"text-align: left;\">Merkmale &amp; Eigenschaften<\/h2>\n<p><strong>Marke<\/strong> Kartell<\/p>\n<p style=\"text-align: left;\"><strong>Farbe<\/strong> Braun<\/p>\n<p style=\"text-align: left;\"><strong>Material<\/strong> \u00a0Lackiertes Polyethylen<\/p>\n<p style=\"text-align: left;\"><strong>Stomversorgung <\/strong>Integrierte LED<\/p>\n<p><strong>Kelvin (k)\u00a0<\/strong>2700<\/p>\n<p style=\"text-align: left;\"><strong>H\u00f6he (cm)<\/strong> 30<\/p>\n<p style=\"text-align: left;\"><b>Breite (cm) <\/b>24<\/p>\n<p><strong>L\u00e4nge (cm) <\/strong>25<\/p><\/blockquote>\n","protected":false},"excerpt":{"rendered":"<p>Der ikonische B\u00e4r von Moschino, der von dem Designer Jeremy Scott wiederbelebt wurde, dient Kartell als Basis f\u00fcr eine kreative Tischlampe. Der verspielte, ironische und farbenfrohen Stil ist definitiv der gemeinsame Nenner der beiden Marken. Die schr\u00e4ge und witzige Leuchte wird einem trendigen Wohnzimmer Charakter und Originalit\u00e4t verleihen. Man kann sie sich auf einem asymmetrischen [&hellip;]<\/p>\n","protected":false},"featured_media":189824,"template":"","meta":{"_acf_changed":false,"om_disable_all_campaigns":false},"product_cat":[290],"product_tag":[1258,896,554,1188,801,1203,816,838,704,1209],"bundled_by":[],"bundle_stock_status":"onbackorder","bundle_stock_quantity":null,"bundle_virtual":false,"bundle_layout":"","bundle_add_to_cart_form_location":"","bundle_editable_in_cart":false,"bundle_sold_individually_context":"","bundle_item_grouping":"","bundle_min_size":"","bundle_max_size":"","bundle_price":[],"bundled_items":[],"bundle_sell_ids":[],"acf":[],"yoast_head":"<!-- This site is optimized with the Yoast SEO Premium plugin v22.2 (Yoast SEO v22.8) - https:\/\/yoast.com\/wordpress\/plugins\/seo\/ -->\n<title>Kartell | Tischleuchte TOY MOSCHINO | Design Ekkla<\/title>\n<meta name=\"description\" content=\"Die vom Stilisten Jeremy Scott neu eingef\u00fchrte Nachtleuchte Moschino wird f\u00fcr Kartell zu einer Tischleuchte, die einen spielerischen und originellen Stil interpretiert.\" \/>\n<meta name=\"robots\" content=\"index, follow, max-snippet:-1, max-image-preview:large, max-video-preview:-1\" \/>\n<link rel=\"canonical\" href=\"https:\/\/ekkla.ch\/de\/produit\/tischleuchte-toy-moschino-braun-kartell\/\" \/>\n<meta property=\"og:locale\" content=\"de_DE\" \/>\n<meta property=\"og:type\" content=\"article\" \/>\n<meta property=\"og:title\" content=\"Tischleuchte TOY MOSCHINO - braun - Kartell\" \/>\n<meta property=\"og:description\" content=\"Die vom Stilisten Jeremy Scott neu eingef\u00fchrte Nachtleuchte Moschino wird f\u00fcr Kartell zu einer Tischleuchte, die einen spielerischen und originellen Stil interpretiert.\" \/>\n<meta property=\"og:url\" content=\"https:\/\/ekkla.ch\/de\/produit\/tischleuchte-toy-moschino-braun-kartell\/\" \/>\n<meta property=\"og:site_name\" content=\"Ekkla\" \/>\n<meta property=\"article:modified_time\" content=\"2023-02-23T14:22:39+00:00\" \/>\n<meta name=\"twitter:card\" content=\"summary_large_image\" \/>\n<meta name=\"twitter:label1\" content=\"Gesch\u00e4tzte Lesezeit\" \/>\n\t<meta name=\"twitter:data1\" content=\"1\u00a0Minute\" \/>\n<script type=\"application\/ld+json\" class=\"yoast-schema-graph\">{\"@context\":\"https:\/\/schema.org\",\"@graph\":[{\"@type\":\"WebPage\",\"@id\":\"https:\/\/ekkla.ch\/de\/produit\/tischleuchte-toy-moschino-braun-kartell\/\",\"url\":\"https:\/\/ekkla.ch\/de\/produit\/tischleuchte-toy-moschino-braun-kartell\/\",\"name\":\"Kartell | Tischleuchte TOY MOSCHINO | Design Ekkla\",\"isPartOf\":{\"@id\":\"https:\/\/ekkla.ch\/#website\"},\"primaryImageOfPage\":{\"@id\":\"https:\/\/ekkla.ch\/de\/produit\/tischleuchte-toy-moschino-braun-kartell\/#primaryimage\"},\"image\":{\"@id\":\"https:\/\/ekkla.ch\/de\/produit\/tischleuchte-toy-moschino-braun-kartell\/#primaryimage\"},\"thumbnailUrl\":\"https:\/\/ekkla.ch\/wp-content\/uploads\/2019\/12\/ekkla-light-luminaires_0008_Lampe-de-table-TOY-MOSCHINO-marron-Kartell.jpg\",\"datePublished\":\"2020-06-22T13:58:17+00:00\",\"dateModified\":\"2023-02-23T14:22:39+00:00\",\"description\":\"Die vom Stilisten Jeremy Scott neu eingef\u00fchrte Nachtleuchte Moschino wird f\u00fcr Kartell zu einer Tischleuchte, die einen spielerischen und originellen Stil interpretiert.\",\"breadcrumb\":{\"@id\":\"https:\/\/ekkla.ch\/de\/produit\/tischleuchte-toy-moschino-braun-kartell\/#breadcrumb\"},\"inLanguage\":\"de\",\"potentialAction\":[{\"@type\":\"ReadAction\",\"target\":[\"https:\/\/ekkla.ch\/de\/produit\/tischleuchte-toy-moschino-braun-kartell\/\"]}]},{\"@type\":\"ImageObject\",\"inLanguage\":\"de\",\"@id\":\"https:\/\/ekkla.ch\/de\/produit\/tischleuchte-toy-moschino-braun-kartell\/#primaryimage\",\"url\":\"https:\/\/ekkla.ch\/wp-content\/uploads\/2019\/12\/ekkla-light-luminaires_0008_Lampe-de-table-TOY-MOSCHINO-marron-Kartell.jpg\",\"contentUrl\":\"https:\/\/ekkla.ch\/wp-content\/uploads\/2019\/12\/ekkla-light-luminaires_0008_Lampe-de-table-TOY-MOSCHINO-marron-Kartell.jpg\",\"width\":900,\"height\":900},{\"@type\":\"BreadcrumbList\",\"@id\":\"https:\/\/ekkla.ch\/de\/produit\/tischleuchte-toy-moschino-braun-kartell\/#breadcrumb\",\"itemListElement\":[{\"@type\":\"ListItem\",\"position\":1,\"name\":\"Home\",\"item\":\"https:\/\/ekkla.ch\/de\/\"},{\"@type\":\"ListItem\",\"position\":2,\"name\":\"Shop\",\"item\":\"https:\/\/ekkla.ch\/de\/shop\/\"},{\"@type\":\"ListItem\",\"position\":3,\"name\":\"Tischleuchte TOY MOSCHINO &#8211; braun &#8211; Kartell\"}]},{\"@type\":\"WebSite\",\"@id\":\"https:\/\/ekkla.ch\/#website\",\"url\":\"https:\/\/ekkla.ch\/\",\"name\":\"Ekkla\",\"description\":\"Der Onlineshop f\u00fcr Beleuchtung\",\"publisher\":{\"@id\":\"https:\/\/ekkla.ch\/#organization\"},\"potentialAction\":[{\"@type\":\"SearchAction\",\"target\":{\"@type\":\"EntryPoint\",\"urlTemplate\":\"https:\/\/ekkla.ch\/?s={search_term_string}\"},\"query-input\":\"required name=search_term_string\"}],\"inLanguage\":\"de\"},{\"@type\":\"Organization\",\"@id\":\"https:\/\/ekkla.ch\/#organization\",\"name\":\"Ekkla\",\"url\":\"https:\/\/ekkla.ch\/\",\"logo\":{\"@type\":\"ImageObject\",\"inLanguage\":\"de\",\"@id\":\"https:\/\/ekkla.ch\/#\/schema\/logo\/image\/\",\"url\":\"http:\/\/ekkla.ch\/wp-content\/uploads\/2019\/07\/logo-1.svg\",\"contentUrl\":\"http:\/\/ekkla.ch\/wp-content\/uploads\/2019\/07\/logo-1.svg\",\"width\":1,\"height\":1,\"caption\":\"Ekkla\"},\"image\":{\"@id\":\"https:\/\/ekkla.ch\/#\/schema\/logo\/image\/\"},\"sameAs\":[\"https:\/\/www.instagram.com\/ekkla_light\/\"]}]}<\/script>\n<!-- \/ Yoast SEO Premium plugin. -->","yoast_head_json":{"title":"Kartell | Tischleuchte TOY MOSCHINO | Design Ekkla","description":"Die vom Stilisten Jeremy Scott neu eingef\u00fchrte Nachtleuchte Moschino wird f\u00fcr Kartell zu einer Tischleuchte, die einen spielerischen und originellen Stil interpretiert.","robots":{"index":"index","follow":"follow","max-snippet":"max-snippet:-1","max-image-preview":"max-image-preview:large","max-video-preview":"max-video-preview:-1"},"canonical":"https:\/\/ekkla.ch\/de\/produit\/tischleuchte-toy-moschino-braun-kartell\/","og_locale":"de_DE","og_type":"article","og_title":"Tischleuchte TOY MOSCHINO - braun - Kartell","og_description":"Die vom Stilisten Jeremy Scott neu eingef\u00fchrte Nachtleuchte Moschino wird f\u00fcr Kartell zu einer Tischleuchte, die einen spielerischen und originellen Stil interpretiert.","og_url":"https:\/\/ekkla.ch\/de\/produit\/tischleuchte-toy-moschino-braun-kartell\/","og_site_name":"Ekkla","article_modified_time":"2023-02-23T14:22:39+00:00","twitter_card":"summary_large_image","twitter_misc":{"Gesch\u00e4tzte Lesezeit":"1\u00a0Minute"},"schema":{"@context":"https:\/\/schema.org","@graph":[{"@type":"WebPage","@id":"https:\/\/ekkla.ch\/de\/produit\/tischleuchte-toy-moschino-braun-kartell\/","url":"https:\/\/ekkla.ch\/de\/produit\/tischleuchte-toy-moschino-braun-kartell\/","name":"Kartell | Tischleuchte TOY MOSCHINO | Design Ekkla","isPartOf":{"@id":"https:\/\/ekkla.ch\/#website"},"primaryImageOfPage":{"@id":"https:\/\/ekkla.ch\/de\/produit\/tischleuchte-toy-moschino-braun-kartell\/#primaryimage"},"image":{"@id":"https:\/\/ekkla.ch\/de\/produit\/tischleuchte-toy-moschino-braun-kartell\/#primaryimage"},"thumbnailUrl":"https:\/\/ekkla.ch\/wp-content\/uploads\/2019\/12\/ekkla-light-luminaires_0008_Lampe-de-table-TOY-MOSCHINO-marron-Kartell.jpg","datePublished":"2020-06-22T13:58:17+00:00","dateModified":"2023-02-23T14:22:39+00:00","description":"Die vom Stilisten Jeremy Scott neu eingef\u00fchrte Nachtleuchte Moschino wird f\u00fcr Kartell zu einer Tischleuchte, die einen spielerischen und originellen Stil interpretiert.","breadcrumb":{"@id":"https:\/\/ekkla.ch\/de\/produit\/tischleuchte-toy-moschino-braun-kartell\/#breadcrumb"},"inLanguage":"de","potentialAction":[{"@type":"ReadAction","target":["https:\/\/ekkla.ch\/de\/produit\/tischleuchte-toy-moschino-braun-kartell\/"]}]},{"@type":"ImageObject","inLanguage":"de","@id":"https:\/\/ekkla.ch\/de\/produit\/tischleuchte-toy-moschino-braun-kartell\/#primaryimage","url":"https:\/\/ekkla.ch\/wp-content\/uploads\/2019\/12\/ekkla-light-luminaires_0008_Lampe-de-table-TOY-MOSCHINO-marron-Kartell.jpg","contentUrl":"https:\/\/ekkla.ch\/wp-content\/uploads\/2019\/12\/ekkla-light-luminaires_0008_Lampe-de-table-TOY-MOSCHINO-marron-Kartell.jpg","width":900,"height":900},{"@type":"BreadcrumbList","@id":"https:\/\/ekkla.ch\/de\/produit\/tischleuchte-toy-moschino-braun-kartell\/#breadcrumb","itemListElement":[{"@type":"ListItem","position":1,"name":"Home","item":"https:\/\/ekkla.ch\/de\/"},{"@type":"ListItem","position":2,"name":"Shop","item":"https:\/\/ekkla.ch\/de\/shop\/"},{"@type":"ListItem","position":3,"name":"Tischleuchte TOY MOSCHINO &#8211; braun &#8211; Kartell"}]},{"@type":"WebSite","@id":"https:\/\/ekkla.ch\/#website","url":"https:\/\/ekkla.ch\/","name":"Ekkla","description":"Der Onlineshop f\u00fcr Beleuchtung","publisher":{"@id":"https:\/\/ekkla.ch\/#organization"},"potentialAction":[{"@type":"SearchAction","target":{"@type":"EntryPoint","urlTemplate":"https:\/\/ekkla.ch\/?s={search_term_string}"},"query-input":"required name=search_term_string"}],"inLanguage":"de"},{"@type":"Organization","@id":"https:\/\/ekkla.ch\/#organization","name":"Ekkla","url":"https:\/\/ekkla.ch\/","logo":{"@type":"ImageObject","inLanguage":"de","@id":"https:\/\/ekkla.ch\/#\/schema\/logo\/image\/","url":"http:\/\/ekkla.ch\/wp-content\/uploads\/2019\/07\/logo-1.svg","contentUrl":"http:\/\/ekkla.ch\/wp-content\/uploads\/2019\/07\/logo-1.svg","width":1,"height":1,"caption":"Ekkla"},"image":{"@id":"https:\/\/ekkla.ch\/#\/schema\/logo\/image\/"},"sameAs":["https:\/\/www.instagram.com\/ekkla_light\/"]}]}},"_links":{"self":[{"href":"https:\/\/ekkla.ch\/de\/wp-json\/wp\/v2\/product\/26674"}],"collection":[{"href":"https:\/\/ekkla.ch\/de\/wp-json\/wp\/v2\/product"}],"about":[{"href":"https:\/\/ekkla.ch\/de\/wp-json\/wp\/v2\/types\/product"}],"wp:featuredmedia":[{"embeddable":true,"href":"https:\/\/ekkla.ch\/de\/wp-json\/wp\/v2\/media\/189824"}],"wp:attachment":[{"href":"https:\/\/ekkla.ch\/de\/wp-json\/wp\/v2\/media?parent=26674"}],"wp:term":[{"taxonomy":"product_cat","embeddable":true,"href":"https:\/\/ekkla.ch\/de\/wp-json\/wp\/v2\/product_cat?post=26674"},{"taxonomy":"product_tag","embeddable":true,"href":"https:\/\/ekkla.ch\/de\/wp-json\/wp\/v2\/product_tag?post=26674"}],"curies":[{"name":"wp","href":"https:\/\/api.w.org\/{rel}","templated":true}]}}