{"id":26783,"date":"2020-06-23T10:46:39","date_gmt":"2020-06-23T08:46:40","guid":{"rendered":"https:\/\/ekkla.ch\/?post_type=product&#038;p=26783"},"modified":"2023-02-23T15:25:09","modified_gmt":"2023-02-23T14:25:09","slug":"tischleuchte-space-chrom-kartell","status":"publish","type":"product","link":"https:\/\/ekkla.ch\/de\/produit\/tischleuchte-space-chrom-kartell\/","title":{"rendered":"Tischleuchte SPACE &#8211; Chrom &#8211; Kartell"},"content":{"rendered":"<p>Ein eleganter, moderner Stil zeichnet diese h\u00fcbsche Tischlampe aus. F\u00fcr \u201eSpace\u201c hat sich der Designer Adam Tihany von der Architektur der ber\u00fchmten \u201eSpace Needle\u201c in Seattle inspirieren lassen. Die leichte Lampe kann an jeder Steckdose wieder aufgeladen werden und hat dann eine Leuchtdauer von 8 Stunden. Sie l\u00e4sst sich durch einfaches Streichen \u00fcber den Lampenschirm einschalten und findet ihren Platz in Innen- wie in Aussenbereichen.<\/p>\n<p>Integrierte LED.<\/p>\n<blockquote>\n<h2 style=\"text-align: left;\">Merkmale &amp; Eigenschaften<\/h2>\n<p><strong>Marke<\/strong> Kartell<\/p>\n<p style=\"text-align: left;\"><strong>Farbe<\/strong> Silber<\/p>\n<p style=\"text-align: left;\"><strong>Material<\/strong> Durchgef\u00e4rbtes PMMA<\/p>\n<p style=\"text-align: left;\"><strong>Stomversorgung <\/strong>Integrierte LED<\/p>\n<p><strong>Kelvin (k)\u00a0<\/strong>2700<\/p>\n<p style=\"text-align: left;\"><strong>H\u00f6he (cm)<\/strong> 30<\/p>\n<p style=\"text-align: left;\"><b>Durchmesser (cm) <\/b>15<\/p>\n<p><strong>Geeignet f\u00fcr den Aussenbereich<\/strong> Ja<\/p><\/blockquote>\n","protected":false},"excerpt":{"rendered":"<p>Ein eleganter, moderner Stil zeichnet diese h\u00fcbsche Tischlampe aus. F\u00fcr \u201eSpace\u201c hat sich der Designer Adam Tihany von der Architektur der ber\u00fchmten \u201eSpace Needle\u201c in Seattle inspirieren lassen. Die leichte Lampe kann an jeder Steckdose wieder aufgeladen werden und hat dann eine Leuchtdauer von 8 Stunden. Sie l\u00e4sst sich durch einfaches Streichen \u00fcber den Lampenschirm [&hellip;]<\/p>\n","protected":false},"featured_media":187766,"template":"","meta":{"_acf_changed":false,"om_disable_all_campaigns":false},"product_cat":[290],"product_tag":[1248,760,896,554,1188,1265,801,1022,1203,816,838,1113,883,704,403,920,1209,1092],"bundled_by":[],"bundle_stock_status":"instock","bundle_stock_quantity":1,"bundle_virtual":false,"bundle_layout":"","bundle_add_to_cart_form_location":"","bundle_editable_in_cart":false,"bundle_sold_individually_context":"","bundle_item_grouping":"","bundle_min_size":"","bundle_max_size":"","bundle_price":[],"bundled_items":[],"bundle_sell_ids":[],"acf":[],"yoast_head":"<!-- This site is optimized with the Yoast SEO Premium plugin v22.2 (Yoast SEO v22.8) - https:\/\/yoast.com\/wordpress\/plugins\/seo\/ -->\n<title>Kartell | Tischleuchte SPACE Outdoor | Hochwertige Qualit\u00e4t | Ekkla<\/title>\n<meta name=\"description\" content=\"Ein eleganter und zeitgen\u00f6ssischer Stil f\u00fcr diese h\u00fcbsche Tischlampe, die sich ideal f\u00fcr die Aufstellung im Haus oder im Freien eignet, um Ihre Sommerabende zu erhellen.\" \/>\n<meta name=\"robots\" content=\"index, follow, max-snippet:-1, max-image-preview:large, max-video-preview:-1\" \/>\n<link rel=\"canonical\" href=\"https:\/\/ekkla.ch\/de\/produit\/tischleuchte-space-chrom-kartell\/\" \/>\n<meta property=\"og:locale\" content=\"de_DE\" \/>\n<meta property=\"og:type\" content=\"article\" \/>\n<meta property=\"og:title\" content=\"Tischleuchte SPACE - Chrom - Kartell\" \/>\n<meta property=\"og:description\" content=\"Ein eleganter und zeitgen\u00f6ssischer Stil f\u00fcr diese h\u00fcbsche Tischlampe, die sich ideal f\u00fcr die Aufstellung im Haus oder im Freien eignet, um Ihre Sommerabende zu erhellen.\" \/>\n<meta property=\"og:url\" content=\"https:\/\/ekkla.ch\/de\/produit\/tischleuchte-space-chrom-kartell\/\" \/>\n<meta property=\"og:site_name\" content=\"Ekkla\" \/>\n<meta property=\"article:modified_time\" content=\"2023-02-23T14:25:09+00:00\" \/>\n<meta name=\"twitter:card\" content=\"summary_large_image\" \/>\n<script type=\"application\/ld+json\" class=\"yoast-schema-graph\">{\"@context\":\"https:\/\/schema.org\",\"@graph\":[{\"@type\":\"WebPage\",\"@id\":\"https:\/\/ekkla.ch\/de\/produit\/tischleuchte-space-chrom-kartell\/\",\"url\":\"https:\/\/ekkla.ch\/de\/produit\/tischleuchte-space-chrom-kartell\/\",\"name\":\"Kartell | Tischleuchte SPACE Outdoor | Hochwertige Qualit\u00e4t | Ekkla\",\"isPartOf\":{\"@id\":\"https:\/\/ekkla.ch\/#website\"},\"primaryImageOfPage\":{\"@id\":\"https:\/\/ekkla.ch\/de\/produit\/tischleuchte-space-chrom-kartell\/#primaryimage\"},\"image\":{\"@id\":\"https:\/\/ekkla.ch\/de\/produit\/tischleuchte-space-chrom-kartell\/#primaryimage\"},\"thumbnailUrl\":\"https:\/\/ekkla.ch\/wp-content\/uploads\/2024\/01\/Ekkla-light-kartell-lampe-space.png\",\"datePublished\":\"2020-06-23T08:46:40+00:00\",\"dateModified\":\"2023-02-23T14:25:09+00:00\",\"description\":\"Ein eleganter und zeitgen\u00f6ssischer Stil f\u00fcr diese h\u00fcbsche Tischlampe, die sich ideal f\u00fcr die Aufstellung im Haus oder im Freien eignet, um Ihre Sommerabende zu erhellen.\",\"breadcrumb\":{\"@id\":\"https:\/\/ekkla.ch\/de\/produit\/tischleuchte-space-chrom-kartell\/#breadcrumb\"},\"inLanguage\":\"de\",\"potentialAction\":[{\"@type\":\"ReadAction\",\"target\":[\"https:\/\/ekkla.ch\/de\/produit\/tischleuchte-space-chrom-kartell\/\"]}]},{\"@type\":\"ImageObject\",\"inLanguage\":\"de\",\"@id\":\"https:\/\/ekkla.ch\/de\/produit\/tischleuchte-space-chrom-kartell\/#primaryimage\",\"url\":\"https:\/\/ekkla.ch\/wp-content\/uploads\/2024\/01\/Ekkla-light-kartell-lampe-space.png\",\"contentUrl\":\"https:\/\/ekkla.ch\/wp-content\/uploads\/2024\/01\/Ekkla-light-kartell-lampe-space.png\",\"width\":900,\"height\":900},{\"@type\":\"BreadcrumbList\",\"@id\":\"https:\/\/ekkla.ch\/de\/produit\/tischleuchte-space-chrom-kartell\/#breadcrumb\",\"itemListElement\":[{\"@type\":\"ListItem\",\"position\":1,\"name\":\"Home\",\"item\":\"https:\/\/ekkla.ch\/de\/\"},{\"@type\":\"ListItem\",\"position\":2,\"name\":\"Shop\",\"item\":\"https:\/\/ekkla.ch\/de\/shop\/\"},{\"@type\":\"ListItem\",\"position\":3,\"name\":\"Tischleuchte SPACE &#8211; Chrom &#8211; Kartell\"}]},{\"@type\":\"WebSite\",\"@id\":\"https:\/\/ekkla.ch\/#website\",\"url\":\"https:\/\/ekkla.ch\/\",\"name\":\"Ekkla\",\"description\":\"Der Onlineshop f\u00fcr Beleuchtung\",\"publisher\":{\"@id\":\"https:\/\/ekkla.ch\/#organization\"},\"potentialAction\":[{\"@type\":\"SearchAction\",\"target\":{\"@type\":\"EntryPoint\",\"urlTemplate\":\"https:\/\/ekkla.ch\/?s={search_term_string}\"},\"query-input\":\"required name=search_term_string\"}],\"inLanguage\":\"de\"},{\"@type\":\"Organization\",\"@id\":\"https:\/\/ekkla.ch\/#organization\",\"name\":\"Ekkla\",\"url\":\"https:\/\/ekkla.ch\/\",\"logo\":{\"@type\":\"ImageObject\",\"inLanguage\":\"de\",\"@id\":\"https:\/\/ekkla.ch\/#\/schema\/logo\/image\/\",\"url\":\"http:\/\/ekkla.ch\/wp-content\/uploads\/2019\/07\/logo-1.svg\",\"contentUrl\":\"http:\/\/ekkla.ch\/wp-content\/uploads\/2019\/07\/logo-1.svg\",\"width\":1,\"height\":1,\"caption\":\"Ekkla\"},\"image\":{\"@id\":\"https:\/\/ekkla.ch\/#\/schema\/logo\/image\/\"},\"sameAs\":[\"https:\/\/www.instagram.com\/ekkla_light\/\"]}]}<\/script>\n<!-- \/ Yoast SEO Premium plugin. -->","yoast_head_json":{"title":"Kartell | Tischleuchte SPACE Outdoor | Hochwertige Qualit\u00e4t | Ekkla","description":"Ein eleganter und zeitgen\u00f6ssischer Stil f\u00fcr diese h\u00fcbsche Tischlampe, die sich ideal f\u00fcr die Aufstellung im Haus oder im Freien eignet, um Ihre Sommerabende zu erhellen.","robots":{"index":"index","follow":"follow","max-snippet":"max-snippet:-1","max-image-preview":"max-image-preview:large","max-video-preview":"max-video-preview:-1"},"canonical":"https:\/\/ekkla.ch\/de\/produit\/tischleuchte-space-chrom-kartell\/","og_locale":"de_DE","og_type":"article","og_title":"Tischleuchte SPACE - Chrom - Kartell","og_description":"Ein eleganter und zeitgen\u00f6ssischer Stil f\u00fcr diese h\u00fcbsche Tischlampe, die sich ideal f\u00fcr die Aufstellung im Haus oder im Freien eignet, um Ihre Sommerabende zu erhellen.","og_url":"https:\/\/ekkla.ch\/de\/produit\/tischleuchte-space-chrom-kartell\/","og_site_name":"Ekkla","article_modified_time":"2023-02-23T14:25:09+00:00","twitter_card":"summary_large_image","schema":{"@context":"https:\/\/schema.org","@graph":[{"@type":"WebPage","@id":"https:\/\/ekkla.ch\/de\/produit\/tischleuchte-space-chrom-kartell\/","url":"https:\/\/ekkla.ch\/de\/produit\/tischleuchte-space-chrom-kartell\/","name":"Kartell | Tischleuchte SPACE Outdoor | Hochwertige Qualit\u00e4t | Ekkla","isPartOf":{"@id":"https:\/\/ekkla.ch\/#website"},"primaryImageOfPage":{"@id":"https:\/\/ekkla.ch\/de\/produit\/tischleuchte-space-chrom-kartell\/#primaryimage"},"image":{"@id":"https:\/\/ekkla.ch\/de\/produit\/tischleuchte-space-chrom-kartell\/#primaryimage"},"thumbnailUrl":"https:\/\/ekkla.ch\/wp-content\/uploads\/2024\/01\/Ekkla-light-kartell-lampe-space.png","datePublished":"2020-06-23T08:46:40+00:00","dateModified":"2023-02-23T14:25:09+00:00","description":"Ein eleganter und zeitgen\u00f6ssischer Stil f\u00fcr diese h\u00fcbsche Tischlampe, die sich ideal f\u00fcr die Aufstellung im Haus oder im Freien eignet, um Ihre Sommerabende zu erhellen.","breadcrumb":{"@id":"https:\/\/ekkla.ch\/de\/produit\/tischleuchte-space-chrom-kartell\/#breadcrumb"},"inLanguage":"de","potentialAction":[{"@type":"ReadAction","target":["https:\/\/ekkla.ch\/de\/produit\/tischleuchte-space-chrom-kartell\/"]}]},{"@type":"ImageObject","inLanguage":"de","@id":"https:\/\/ekkla.ch\/de\/produit\/tischleuchte-space-chrom-kartell\/#primaryimage","url":"https:\/\/ekkla.ch\/wp-content\/uploads\/2024\/01\/Ekkla-light-kartell-lampe-space.png","contentUrl":"https:\/\/ekkla.ch\/wp-content\/uploads\/2024\/01\/Ekkla-light-kartell-lampe-space.png","width":900,"height":900},{"@type":"BreadcrumbList","@id":"https:\/\/ekkla.ch\/de\/produit\/tischleuchte-space-chrom-kartell\/#breadcrumb","itemListElement":[{"@type":"ListItem","position":1,"name":"Home","item":"https:\/\/ekkla.ch\/de\/"},{"@type":"ListItem","position":2,"name":"Shop","item":"https:\/\/ekkla.ch\/de\/shop\/"},{"@type":"ListItem","position":3,"name":"Tischleuchte SPACE &#8211; Chrom &#8211; Kartell"}]},{"@type":"WebSite","@id":"https:\/\/ekkla.ch\/#website","url":"https:\/\/ekkla.ch\/","name":"Ekkla","description":"Der Onlineshop f\u00fcr Beleuchtung","publisher":{"@id":"https:\/\/ekkla.ch\/#organization"},"potentialAction":[{"@type":"SearchAction","target":{"@type":"EntryPoint","urlTemplate":"https:\/\/ekkla.ch\/?s={search_term_string}"},"query-input":"required name=search_term_string"}],"inLanguage":"de"},{"@type":"Organization","@id":"https:\/\/ekkla.ch\/#organization","name":"Ekkla","url":"https:\/\/ekkla.ch\/","logo":{"@type":"ImageObject","inLanguage":"de","@id":"https:\/\/ekkla.ch\/#\/schema\/logo\/image\/","url":"http:\/\/ekkla.ch\/wp-content\/uploads\/2019\/07\/logo-1.svg","contentUrl":"http:\/\/ekkla.ch\/wp-content\/uploads\/2019\/07\/logo-1.svg","width":1,"height":1,"caption":"Ekkla"},"image":{"@id":"https:\/\/ekkla.ch\/#\/schema\/logo\/image\/"},"sameAs":["https:\/\/www.instagram.com\/ekkla_light\/"]}]}},"_links":{"self":[{"href":"https:\/\/ekkla.ch\/de\/wp-json\/wp\/v2\/product\/26783"}],"collection":[{"href":"https:\/\/ekkla.ch\/de\/wp-json\/wp\/v2\/product"}],"about":[{"href":"https:\/\/ekkla.ch\/de\/wp-json\/wp\/v2\/types\/product"}],"wp:featuredmedia":[{"embeddable":true,"href":"https:\/\/ekkla.ch\/de\/wp-json\/wp\/v2\/media\/187766"}],"wp:attachment":[{"href":"https:\/\/ekkla.ch\/de\/wp-json\/wp\/v2\/media?parent=26783"}],"wp:term":[{"taxonomy":"product_cat","embeddable":true,"href":"https:\/\/ekkla.ch\/de\/wp-json\/wp\/v2\/product_cat?post=26783"},{"taxonomy":"product_tag","embeddable":true,"href":"https:\/\/ekkla.ch\/de\/wp-json\/wp\/v2\/product_tag?post=26783"}],"curies":[{"name":"wp","href":"https:\/\/api.w.org\/{rel}","templated":true}]}}