{"id":27049,"date":"2020-06-24T14:44:42","date_gmt":"2020-06-24T12:44:43","guid":{"rendered":"https:\/\/ekkla.ch\/?post_type=product&#038;p=27049"},"modified":"2023-02-23T15:25:55","modified_gmt":"2023-02-23T14:25:55","slug":"stehleuchte-kabuki-schwarz-h-166-kartell","status":"publish","type":"product","link":"https:\/\/ekkla.ch\/de\/produit\/stehleuchte-kabuki-schwarz-h-166-kartell\/","title":{"rendered":"Stehleuchte KABUKI &#8211; schwarz &#8211; H.166 &#8211; Kartell"},"content":{"rendered":"<p>Die Kabuki Stehleuchte wurde von Ferruccio Laviani f\u00fcr die Marke Kartell entworfen. Sie \u00fcberzeugt durch ihr fast ungreifbares Design, das eine neuartige Rasterstruktur bietet. Mit ihrer leichten und zarten Silhouette erinnert diese Leuchte an die Eleganz der weiblichen K\u00f6rperhaltung.<\/p>\n<p>Die Leuchte bietet ein wunderbares Licht- und Schattenspiel und eignet sich ideal f\u00fcr einen Wohnraum, um eine sanfte und angenehme Atmosph\u00e4re zu schaffen. Mit ihren grossz\u00fcgigen Proportionen ist sie ein echtes Highlight, das Ihrem Zuhause wahren Charakter verleiht.<\/p>\n<p>Integrierte LED-Leuchte.<\/p>\n<blockquote>\n<h2 style=\"text-align: left;\">Merkmale &amp; Eigenschaften<\/h2>\n<p><strong>Marke<\/strong> Kartell<\/p>\n<p style=\"text-align: left;\"><strong>Farbe<\/strong> Schwarz<\/p>\n<p style=\"text-align: left;\"><strong>Material<\/strong> Transparentes thermoplastisches Technopolymer<\/p>\n<p style=\"text-align: left;\"><strong>Stomversorgung <\/strong>Integrierte LED<\/p>\n<p><strong>Lichtfarbe (k)<\/strong> 2700\u00b0<\/p>\n<p style=\"text-align: left;\"><strong>H\u00f6he (cm)<\/strong> 166<\/p>\n<p style=\"text-align: left;\"><b>Durchmesser (cm) <\/b>50<\/p>\n<\/blockquote>\n","protected":false},"excerpt":{"rendered":"<p>Die Kabuki Stehleuchte wurde von Ferruccio Laviani f\u00fcr die Marke Kartell entworfen. Sie \u00fcberzeugt durch ihr fast ungreifbares Design, das eine neuartige Rasterstruktur bietet. Mit ihrer leichten und zarten Silhouette erinnert diese Leuchte an die Eleganz der weiblichen K\u00f6rperhaltung. Die Leuchte bietet ein wunderbares Licht- und Schattenspiel und eignet sich ideal f\u00fcr einen Wohnraum, um [&hellip;]<\/p>\n","protected":false},"featured_media":189866,"template":"","meta":{"_acf_changed":false,"om_disable_all_campaigns":false},"product_cat":[289],"product_tag":[1258,896,554,1188,801,1203,816,838,704,1209],"bundled_by":[],"bundle_stock_status":"onbackorder","bundle_stock_quantity":null,"bundle_virtual":false,"bundle_layout":"","bundle_add_to_cart_form_location":"","bundle_editable_in_cart":false,"bundle_sold_individually_context":"","bundle_item_grouping":"","bundle_min_size":"","bundle_max_size":"","bundle_price":[],"bundled_items":[],"bundle_sell_ids":[],"acf":[],"yoast_head":"<!-- This site is optimized with the Yoast SEO Premium plugin v22.2 (Yoast SEO v22.8) - https:\/\/yoast.com\/wordpress\/plugins\/seo\/ -->\n<title>Kartell | Stehleuchte Kabuki | Zeitgen\u00f6ssisches Design | Ekkla<\/title>\n<meta name=\"description\" content=\"Die Kabuki-Stehleuchte wurde von Ferruccio Laviani f\u00fcr die Marke Kartell entworfen. Eine Leuchte mit einem eleganten und filigranen Design.\" \/>\n<meta name=\"robots\" content=\"index, follow, max-snippet:-1, max-image-preview:large, max-video-preview:-1\" \/>\n<link rel=\"canonical\" href=\"https:\/\/ekkla.ch\/de\/produit\/stehleuchte-kabuki-schwarz-h-166-kartell\/\" \/>\n<meta property=\"og:locale\" content=\"de_DE\" \/>\n<meta property=\"og:type\" content=\"article\" \/>\n<meta property=\"og:title\" content=\"Stehleuchte KABUKI - schwarz - H.166 - Kartell\" \/>\n<meta property=\"og:description\" content=\"Die Kabuki-Stehleuchte wurde von Ferruccio Laviani f\u00fcr die Marke Kartell entworfen. Eine Leuchte mit einem eleganten und filigranen Design.\" \/>\n<meta property=\"og:url\" content=\"https:\/\/ekkla.ch\/de\/produit\/stehleuchte-kabuki-schwarz-h-166-kartell\/\" \/>\n<meta property=\"og:site_name\" content=\"Ekkla\" \/>\n<meta property=\"article:modified_time\" content=\"2023-02-23T14:25:55+00:00\" \/>\n<meta name=\"twitter:card\" content=\"summary_large_image\" \/>\n<meta name=\"twitter:label1\" content=\"Gesch\u00e4tzte Lesezeit\" \/>\n\t<meta name=\"twitter:data1\" content=\"1\u00a0Minute\" \/>\n<script type=\"application\/ld+json\" class=\"yoast-schema-graph\">{\"@context\":\"https:\/\/schema.org\",\"@graph\":[{\"@type\":\"WebPage\",\"@id\":\"https:\/\/ekkla.ch\/de\/produit\/stehleuchte-kabuki-schwarz-h-166-kartell\/\",\"url\":\"https:\/\/ekkla.ch\/de\/produit\/stehleuchte-kabuki-schwarz-h-166-kartell\/\",\"name\":\"Kartell | Stehleuchte Kabuki | Zeitgen\u00f6ssisches Design | Ekkla\",\"isPartOf\":{\"@id\":\"https:\/\/ekkla.ch\/#website\"},\"primaryImageOfPage\":{\"@id\":\"https:\/\/ekkla.ch\/de\/produit\/stehleuchte-kabuki-schwarz-h-166-kartell\/#primaryimage\"},\"image\":{\"@id\":\"https:\/\/ekkla.ch\/de\/produit\/stehleuchte-kabuki-schwarz-h-166-kartell\/#primaryimage\"},\"thumbnailUrl\":\"https:\/\/ekkla.ch\/wp-content\/uploads\/2020\/06\/Lampadaire-KABUKI-\u2013-noir-\u2013-H.166-\u2013-Kartell.jpg\",\"datePublished\":\"2020-06-24T12:44:43+00:00\",\"dateModified\":\"2023-02-23T14:25:55+00:00\",\"description\":\"Die Kabuki-Stehleuchte wurde von Ferruccio Laviani f\u00fcr die Marke Kartell entworfen. Eine Leuchte mit einem eleganten und filigranen Design.\",\"breadcrumb\":{\"@id\":\"https:\/\/ekkla.ch\/de\/produit\/stehleuchte-kabuki-schwarz-h-166-kartell\/#breadcrumb\"},\"inLanguage\":\"de\",\"potentialAction\":[{\"@type\":\"ReadAction\",\"target\":[\"https:\/\/ekkla.ch\/de\/produit\/stehleuchte-kabuki-schwarz-h-166-kartell\/\"]}]},{\"@type\":\"ImageObject\",\"inLanguage\":\"de\",\"@id\":\"https:\/\/ekkla.ch\/de\/produit\/stehleuchte-kabuki-schwarz-h-166-kartell\/#primaryimage\",\"url\":\"https:\/\/ekkla.ch\/wp-content\/uploads\/2020\/06\/Lampadaire-KABUKI-\u2013-noir-\u2013-H.166-\u2013-Kartell.jpg\",\"contentUrl\":\"https:\/\/ekkla.ch\/wp-content\/uploads\/2020\/06\/Lampadaire-KABUKI-\u2013-noir-\u2013-H.166-\u2013-Kartell.jpg\",\"width\":900,\"height\":900},{\"@type\":\"BreadcrumbList\",\"@id\":\"https:\/\/ekkla.ch\/de\/produit\/stehleuchte-kabuki-schwarz-h-166-kartell\/#breadcrumb\",\"itemListElement\":[{\"@type\":\"ListItem\",\"position\":1,\"name\":\"Home\",\"item\":\"https:\/\/ekkla.ch\/de\/\"},{\"@type\":\"ListItem\",\"position\":2,\"name\":\"Shop\",\"item\":\"https:\/\/ekkla.ch\/de\/shop\/\"},{\"@type\":\"ListItem\",\"position\":3,\"name\":\"Stehleuchte KABUKI &#8211; schwarz &#8211; H.166 &#8211; Kartell\"}]},{\"@type\":\"WebSite\",\"@id\":\"https:\/\/ekkla.ch\/#website\",\"url\":\"https:\/\/ekkla.ch\/\",\"name\":\"Ekkla\",\"description\":\"Der Onlineshop f\u00fcr Beleuchtung\",\"publisher\":{\"@id\":\"https:\/\/ekkla.ch\/#organization\"},\"potentialAction\":[{\"@type\":\"SearchAction\",\"target\":{\"@type\":\"EntryPoint\",\"urlTemplate\":\"https:\/\/ekkla.ch\/?s={search_term_string}\"},\"query-input\":\"required name=search_term_string\"}],\"inLanguage\":\"de\"},{\"@type\":\"Organization\",\"@id\":\"https:\/\/ekkla.ch\/#organization\",\"name\":\"Ekkla\",\"url\":\"https:\/\/ekkla.ch\/\",\"logo\":{\"@type\":\"ImageObject\",\"inLanguage\":\"de\",\"@id\":\"https:\/\/ekkla.ch\/#\/schema\/logo\/image\/\",\"url\":\"http:\/\/ekkla.ch\/wp-content\/uploads\/2019\/07\/logo-1.svg\",\"contentUrl\":\"http:\/\/ekkla.ch\/wp-content\/uploads\/2019\/07\/logo-1.svg\",\"width\":1,\"height\":1,\"caption\":\"Ekkla\"},\"image\":{\"@id\":\"https:\/\/ekkla.ch\/#\/schema\/logo\/image\/\"},\"sameAs\":[\"https:\/\/www.instagram.com\/ekkla_light\/\"]}]}<\/script>\n<!-- \/ Yoast SEO Premium plugin. -->","yoast_head_json":{"title":"Kartell | Stehleuchte Kabuki | Zeitgen\u00f6ssisches Design | Ekkla","description":"Die Kabuki-Stehleuchte wurde von Ferruccio Laviani f\u00fcr die Marke Kartell entworfen. Eine Leuchte mit einem eleganten und filigranen Design.","robots":{"index":"index","follow":"follow","max-snippet":"max-snippet:-1","max-image-preview":"max-image-preview:large","max-video-preview":"max-video-preview:-1"},"canonical":"https:\/\/ekkla.ch\/de\/produit\/stehleuchte-kabuki-schwarz-h-166-kartell\/","og_locale":"de_DE","og_type":"article","og_title":"Stehleuchte KABUKI - schwarz - H.166 - Kartell","og_description":"Die Kabuki-Stehleuchte wurde von Ferruccio Laviani f\u00fcr die Marke Kartell entworfen. Eine Leuchte mit einem eleganten und filigranen Design.","og_url":"https:\/\/ekkla.ch\/de\/produit\/stehleuchte-kabuki-schwarz-h-166-kartell\/","og_site_name":"Ekkla","article_modified_time":"2023-02-23T14:25:55+00:00","twitter_card":"summary_large_image","twitter_misc":{"Gesch\u00e4tzte Lesezeit":"1\u00a0Minute"},"schema":{"@context":"https:\/\/schema.org","@graph":[{"@type":"WebPage","@id":"https:\/\/ekkla.ch\/de\/produit\/stehleuchte-kabuki-schwarz-h-166-kartell\/","url":"https:\/\/ekkla.ch\/de\/produit\/stehleuchte-kabuki-schwarz-h-166-kartell\/","name":"Kartell | Stehleuchte Kabuki | Zeitgen\u00f6ssisches Design | Ekkla","isPartOf":{"@id":"https:\/\/ekkla.ch\/#website"},"primaryImageOfPage":{"@id":"https:\/\/ekkla.ch\/de\/produit\/stehleuchte-kabuki-schwarz-h-166-kartell\/#primaryimage"},"image":{"@id":"https:\/\/ekkla.ch\/de\/produit\/stehleuchte-kabuki-schwarz-h-166-kartell\/#primaryimage"},"thumbnailUrl":"https:\/\/ekkla.ch\/wp-content\/uploads\/2020\/06\/Lampadaire-KABUKI-\u2013-noir-\u2013-H.166-\u2013-Kartell.jpg","datePublished":"2020-06-24T12:44:43+00:00","dateModified":"2023-02-23T14:25:55+00:00","description":"Die Kabuki-Stehleuchte wurde von Ferruccio Laviani f\u00fcr die Marke Kartell entworfen. Eine Leuchte mit einem eleganten und filigranen Design.","breadcrumb":{"@id":"https:\/\/ekkla.ch\/de\/produit\/stehleuchte-kabuki-schwarz-h-166-kartell\/#breadcrumb"},"inLanguage":"de","potentialAction":[{"@type":"ReadAction","target":["https:\/\/ekkla.ch\/de\/produit\/stehleuchte-kabuki-schwarz-h-166-kartell\/"]}]},{"@type":"ImageObject","inLanguage":"de","@id":"https:\/\/ekkla.ch\/de\/produit\/stehleuchte-kabuki-schwarz-h-166-kartell\/#primaryimage","url":"https:\/\/ekkla.ch\/wp-content\/uploads\/2020\/06\/Lampadaire-KABUKI-\u2013-noir-\u2013-H.166-\u2013-Kartell.jpg","contentUrl":"https:\/\/ekkla.ch\/wp-content\/uploads\/2020\/06\/Lampadaire-KABUKI-\u2013-noir-\u2013-H.166-\u2013-Kartell.jpg","width":900,"height":900},{"@type":"BreadcrumbList","@id":"https:\/\/ekkla.ch\/de\/produit\/stehleuchte-kabuki-schwarz-h-166-kartell\/#breadcrumb","itemListElement":[{"@type":"ListItem","position":1,"name":"Home","item":"https:\/\/ekkla.ch\/de\/"},{"@type":"ListItem","position":2,"name":"Shop","item":"https:\/\/ekkla.ch\/de\/shop\/"},{"@type":"ListItem","position":3,"name":"Stehleuchte KABUKI &#8211; schwarz &#8211; H.166 &#8211; Kartell"}]},{"@type":"WebSite","@id":"https:\/\/ekkla.ch\/#website","url":"https:\/\/ekkla.ch\/","name":"Ekkla","description":"Der Onlineshop f\u00fcr Beleuchtung","publisher":{"@id":"https:\/\/ekkla.ch\/#organization"},"potentialAction":[{"@type":"SearchAction","target":{"@type":"EntryPoint","urlTemplate":"https:\/\/ekkla.ch\/?s={search_term_string}"},"query-input":"required name=search_term_string"}],"inLanguage":"de"},{"@type":"Organization","@id":"https:\/\/ekkla.ch\/#organization","name":"Ekkla","url":"https:\/\/ekkla.ch\/","logo":{"@type":"ImageObject","inLanguage":"de","@id":"https:\/\/ekkla.ch\/#\/schema\/logo\/image\/","url":"http:\/\/ekkla.ch\/wp-content\/uploads\/2019\/07\/logo-1.svg","contentUrl":"http:\/\/ekkla.ch\/wp-content\/uploads\/2019\/07\/logo-1.svg","width":1,"height":1,"caption":"Ekkla"},"image":{"@id":"https:\/\/ekkla.ch\/#\/schema\/logo\/image\/"},"sameAs":["https:\/\/www.instagram.com\/ekkla_light\/"]}]}},"_links":{"self":[{"href":"https:\/\/ekkla.ch\/de\/wp-json\/wp\/v2\/product\/27049"}],"collection":[{"href":"https:\/\/ekkla.ch\/de\/wp-json\/wp\/v2\/product"}],"about":[{"href":"https:\/\/ekkla.ch\/de\/wp-json\/wp\/v2\/types\/product"}],"wp:featuredmedia":[{"embeddable":true,"href":"https:\/\/ekkla.ch\/de\/wp-json\/wp\/v2\/media\/189866"}],"wp:attachment":[{"href":"https:\/\/ekkla.ch\/de\/wp-json\/wp\/v2\/media?parent=27049"}],"wp:term":[{"taxonomy":"product_cat","embeddable":true,"href":"https:\/\/ekkla.ch\/de\/wp-json\/wp\/v2\/product_cat?post=27049"},{"taxonomy":"product_tag","embeddable":true,"href":"https:\/\/ekkla.ch\/de\/wp-json\/wp\/v2\/product_tag?post=27049"}],"curies":[{"name":"wp","href":"https:\/\/api.w.org\/{rel}","templated":true}]}}