{"id":27099,"date":"2020-06-24T17:04:20","date_gmt":"2020-06-24T15:04:21","guid":{"rendered":"https:\/\/ekkla.ch\/?post_type=product&#038;p=27099"},"modified":"2023-02-23T15:28:13","modified_gmt":"2023-02-23T14:28:13","slug":"tischleuchte-bourgie-glossy-black-kartell","status":"publish","type":"product","link":"https:\/\/ekkla.ch\/de\/produit\/tischleuchte-bourgie-glossy-black-kartell\/","title":{"rendered":"Tischleuchte BOURGIE &#8211; glossy black &#8211; Kartell"},"content":{"rendered":"<p>Wenn wir uns f\u00fcr eine Lichtkreation von Kartell entscheiden m\u00fcssten, dann w\u00fcrde wohl Bourgie unsere Rangliste anf\u00fchren. Diese Tischleuchte\u00a0vereint Klassik, Bildlichkeit und Tradition mit technologischer Innovation. Die Basis im Barockstil besteht aus drei verzierten \u00fcberkreuzten Fl\u00e4chen, w\u00e4hrend der gro\u00dfe Lampenschirm mit Pliss\u00e9-Effekt realisiert wurde, um ein Spiel mit tausend Reflexen zu erzeugen, wenn die Lampe eingeschaltet wird.<\/p>\n<p>Dank eines besonderen Befestigungssystems des Lampenschirms k\u00f6nnen drei verschiedene H\u00f6hen erreicht werden, die je nach Wunsch und Verwendungszweck ver\u00e4nderbar sind (68, 73 und 78 cm). Die Lampe besteht aus Polycarbonat 2.0, welches aus erneuerbaren Rohstoffen gewonnen wird, und ist komplett durchgef\u00e4rbt ist.<\/p>\n<p>Gl\u00fchbirnen inbegriffen. Keine Dimm-Funktion.<\/p>\n<blockquote>\n<h2 style=\"text-align: left;\">Merkmale &amp; Eigenschaften<\/h2>\n<p><strong>Marke<\/strong> Kartell<\/p>\n<p style=\"text-align: left;\"><strong>Farbe<\/strong> Schwarz<\/p>\n<p style=\"text-align: left;\"><strong>Material<\/strong>\u00a0Polycarbonat 2.0<\/p>\n<p style=\"text-align: left;\"><strong>Gl\u00fchbirne\u00a0<\/strong>E14<\/p>\n<p><strong>Lichtleistung (v)<\/strong> 220-240<\/p>\n<p><strong>Lichtfarbe (k)<\/strong> 2700\u00b0<\/p>\n<p style=\"text-align: left;\"><strong>H\u00f6he (cm)<\/strong> 68-78<\/p>\n<p style=\"text-align: left;\"><b>Breite(cm) <\/b>37<\/p>\n<\/blockquote>\n","protected":false},"excerpt":{"rendered":"<p>Wenn wir uns f\u00fcr eine Lichtkreation von Kartell entscheiden m\u00fcssten, dann w\u00fcrde wohl Bourgie unsere Rangliste anf\u00fchren. Diese Tischleuchte\u00a0vereint Klassik, Bildlichkeit und Tradition mit technologischer Innovation. Die Basis im Barockstil besteht aus drei verzierten \u00fcberkreuzten Fl\u00e4chen, w\u00e4hrend der gro\u00dfe Lampenschirm mit Pliss\u00e9-Effekt realisiert wurde, um ein Spiel mit tausend Reflexen zu erzeugen, wenn die Lampe [&hellip;]<\/p>\n","protected":false},"featured_media":27103,"template":"","meta":{"_acf_changed":false,"om_disable_all_campaigns":false},"product_cat":[290],"product_tag":[1258,896,554,1188,801,1203,816,838,704,1209],"bundled_by":[],"bundle_stock_status":"onbackorder","bundle_stock_quantity":0,"bundle_virtual":false,"bundle_layout":"","bundle_add_to_cart_form_location":"","bundle_editable_in_cart":false,"bundle_sold_individually_context":"","bundle_item_grouping":"","bundle_min_size":"","bundle_max_size":"","bundle_price":[],"bundled_items":[],"bundle_sell_ids":[],"acf":[],"yoast_head":"<!-- This site is optimized with the Yoast SEO Premium plugin v22.2 (Yoast SEO v22.8) - https:\/\/yoast.com\/wordpress\/plugins\/seo\/ -->\n<title>Kartell | Tischleuchte | Bourgie Glossy Black | Ekkla<\/title>\n<meta name=\"description\" content=\"Die dekorative Tischleuchte Bourgie \u00fcberrascht durch ihren barocken Aspekt. Eine Leuchte, die einen Hauch von Originalit\u00e4t in Ihr Interieur bringt.\" \/>\n<meta name=\"robots\" content=\"index, follow, max-snippet:-1, max-image-preview:large, max-video-preview:-1\" \/>\n<link rel=\"canonical\" href=\"https:\/\/ekkla.ch\/de\/produit\/tischleuchte-bourgie-glossy-black-kartell\/\" \/>\n<meta property=\"og:locale\" content=\"de_DE\" \/>\n<meta property=\"og:type\" content=\"article\" \/>\n<meta property=\"og:title\" content=\"Tischleuchte BOURGIE - glossy black - Kartell\" \/>\n<meta property=\"og:description\" content=\"Die dekorative Tischleuchte Bourgie \u00fcberrascht durch ihren barocken Aspekt. Eine Leuchte, die einen Hauch von Originalit\u00e4t in Ihr Interieur bringt.\" \/>\n<meta property=\"og:url\" content=\"https:\/\/ekkla.ch\/de\/produit\/tischleuchte-bourgie-glossy-black-kartell\/\" \/>\n<meta property=\"og:site_name\" content=\"Ekkla\" \/>\n<meta property=\"article:modified_time\" content=\"2023-02-23T14:28:13+00:00\" \/>\n<meta property=\"og:image\" content=\"https:\/\/ekkla.ch\/wp-content\/uploads\/2020\/06\/Lampe-de-table-Bourgie-Glossy-black.jpg\" \/>\n\t<meta property=\"og:image:width\" content=\"900\" \/>\n\t<meta property=\"og:image:height\" content=\"900\" \/>\n\t<meta property=\"og:image:type\" content=\"image\/jpeg\" \/>\n<meta name=\"twitter:card\" content=\"summary_large_image\" \/>\n<meta name=\"twitter:label1\" content=\"Gesch\u00e4tzte Lesezeit\" \/>\n\t<meta name=\"twitter:data1\" content=\"1\u00a0Minute\" \/>\n<script type=\"application\/ld+json\" class=\"yoast-schema-graph\">{\"@context\":\"https:\/\/schema.org\",\"@graph\":[{\"@type\":\"WebPage\",\"@id\":\"https:\/\/ekkla.ch\/de\/produit\/tischleuchte-bourgie-glossy-black-kartell\/\",\"url\":\"https:\/\/ekkla.ch\/de\/produit\/tischleuchte-bourgie-glossy-black-kartell\/\",\"name\":\"Kartell | Tischleuchte | Bourgie Glossy Black | Ekkla\",\"isPartOf\":{\"@id\":\"https:\/\/ekkla.ch\/#website\"},\"primaryImageOfPage\":{\"@id\":\"https:\/\/ekkla.ch\/de\/produit\/tischleuchte-bourgie-glossy-black-kartell\/#primaryimage\"},\"image\":{\"@id\":\"https:\/\/ekkla.ch\/de\/produit\/tischleuchte-bourgie-glossy-black-kartell\/#primaryimage\"},\"thumbnailUrl\":\"https:\/\/ekkla.ch\/wp-content\/uploads\/2020\/06\/Lampe-de-table-Bourgie-Glossy-black.jpg\",\"datePublished\":\"2020-06-24T15:04:21+00:00\",\"dateModified\":\"2023-02-23T14:28:13+00:00\",\"description\":\"Die dekorative Tischleuchte Bourgie \u00fcberrascht durch ihren barocken Aspekt. Eine Leuchte, die einen Hauch von Originalit\u00e4t in Ihr Interieur bringt.\",\"breadcrumb\":{\"@id\":\"https:\/\/ekkla.ch\/de\/produit\/tischleuchte-bourgie-glossy-black-kartell\/#breadcrumb\"},\"inLanguage\":\"de\",\"potentialAction\":[{\"@type\":\"ReadAction\",\"target\":[\"https:\/\/ekkla.ch\/de\/produit\/tischleuchte-bourgie-glossy-black-kartell\/\"]}]},{\"@type\":\"ImageObject\",\"inLanguage\":\"de\",\"@id\":\"https:\/\/ekkla.ch\/de\/produit\/tischleuchte-bourgie-glossy-black-kartell\/#primaryimage\",\"url\":\"https:\/\/ekkla.ch\/wp-content\/uploads\/2020\/06\/Lampe-de-table-Bourgie-Glossy-black.jpg\",\"contentUrl\":\"https:\/\/ekkla.ch\/wp-content\/uploads\/2020\/06\/Lampe-de-table-Bourgie-Glossy-black.jpg\",\"width\":900,\"height\":900},{\"@type\":\"BreadcrumbList\",\"@id\":\"https:\/\/ekkla.ch\/de\/produit\/tischleuchte-bourgie-glossy-black-kartell\/#breadcrumb\",\"itemListElement\":[{\"@type\":\"ListItem\",\"position\":1,\"name\":\"Home\",\"item\":\"https:\/\/ekkla.ch\/de\/\"},{\"@type\":\"ListItem\",\"position\":2,\"name\":\"Shop\",\"item\":\"https:\/\/ekkla.ch\/de\/shop\/\"},{\"@type\":\"ListItem\",\"position\":3,\"name\":\"Tischleuchte BOURGIE &#8211; glossy black &#8211; Kartell\"}]},{\"@type\":\"WebSite\",\"@id\":\"https:\/\/ekkla.ch\/#website\",\"url\":\"https:\/\/ekkla.ch\/\",\"name\":\"Ekkla\",\"description\":\"Der Onlineshop f\u00fcr Beleuchtung\",\"publisher\":{\"@id\":\"https:\/\/ekkla.ch\/#organization\"},\"potentialAction\":[{\"@type\":\"SearchAction\",\"target\":{\"@type\":\"EntryPoint\",\"urlTemplate\":\"https:\/\/ekkla.ch\/?s={search_term_string}\"},\"query-input\":\"required name=search_term_string\"}],\"inLanguage\":\"de\"},{\"@type\":\"Organization\",\"@id\":\"https:\/\/ekkla.ch\/#organization\",\"name\":\"Ekkla\",\"url\":\"https:\/\/ekkla.ch\/\",\"logo\":{\"@type\":\"ImageObject\",\"inLanguage\":\"de\",\"@id\":\"https:\/\/ekkla.ch\/#\/schema\/logo\/image\/\",\"url\":\"http:\/\/ekkla.ch\/wp-content\/uploads\/2019\/07\/logo-1.svg\",\"contentUrl\":\"http:\/\/ekkla.ch\/wp-content\/uploads\/2019\/07\/logo-1.svg\",\"width\":1,\"height\":1,\"caption\":\"Ekkla\"},\"image\":{\"@id\":\"https:\/\/ekkla.ch\/#\/schema\/logo\/image\/\"},\"sameAs\":[\"https:\/\/www.instagram.com\/ekkla_light\/\"]}]}<\/script>\n<!-- \/ Yoast SEO Premium plugin. -->","yoast_head_json":{"title":"Kartell | Tischleuchte | Bourgie Glossy Black | Ekkla","description":"Die dekorative Tischleuchte Bourgie \u00fcberrascht durch ihren barocken Aspekt. Eine Leuchte, die einen Hauch von Originalit\u00e4t in Ihr Interieur bringt.","robots":{"index":"index","follow":"follow","max-snippet":"max-snippet:-1","max-image-preview":"max-image-preview:large","max-video-preview":"max-video-preview:-1"},"canonical":"https:\/\/ekkla.ch\/de\/produit\/tischleuchte-bourgie-glossy-black-kartell\/","og_locale":"de_DE","og_type":"article","og_title":"Tischleuchte BOURGIE - glossy black - Kartell","og_description":"Die dekorative Tischleuchte Bourgie \u00fcberrascht durch ihren barocken Aspekt. Eine Leuchte, die einen Hauch von Originalit\u00e4t in Ihr Interieur bringt.","og_url":"https:\/\/ekkla.ch\/de\/produit\/tischleuchte-bourgie-glossy-black-kartell\/","og_site_name":"Ekkla","article_modified_time":"2023-02-23T14:28:13+00:00","og_image":[{"width":900,"height":900,"url":"https:\/\/ekkla.ch\/wp-content\/uploads\/2020\/06\/Lampe-de-table-Bourgie-Glossy-black.jpg","type":"image\/jpeg"}],"twitter_card":"summary_large_image","twitter_misc":{"Gesch\u00e4tzte Lesezeit":"1\u00a0Minute"},"schema":{"@context":"https:\/\/schema.org","@graph":[{"@type":"WebPage","@id":"https:\/\/ekkla.ch\/de\/produit\/tischleuchte-bourgie-glossy-black-kartell\/","url":"https:\/\/ekkla.ch\/de\/produit\/tischleuchte-bourgie-glossy-black-kartell\/","name":"Kartell | Tischleuchte | Bourgie Glossy Black | Ekkla","isPartOf":{"@id":"https:\/\/ekkla.ch\/#website"},"primaryImageOfPage":{"@id":"https:\/\/ekkla.ch\/de\/produit\/tischleuchte-bourgie-glossy-black-kartell\/#primaryimage"},"image":{"@id":"https:\/\/ekkla.ch\/de\/produit\/tischleuchte-bourgie-glossy-black-kartell\/#primaryimage"},"thumbnailUrl":"https:\/\/ekkla.ch\/wp-content\/uploads\/2020\/06\/Lampe-de-table-Bourgie-Glossy-black.jpg","datePublished":"2020-06-24T15:04:21+00:00","dateModified":"2023-02-23T14:28:13+00:00","description":"Die dekorative Tischleuchte Bourgie \u00fcberrascht durch ihren barocken Aspekt. Eine Leuchte, die einen Hauch von Originalit\u00e4t in Ihr Interieur bringt.","breadcrumb":{"@id":"https:\/\/ekkla.ch\/de\/produit\/tischleuchte-bourgie-glossy-black-kartell\/#breadcrumb"},"inLanguage":"de","potentialAction":[{"@type":"ReadAction","target":["https:\/\/ekkla.ch\/de\/produit\/tischleuchte-bourgie-glossy-black-kartell\/"]}]},{"@type":"ImageObject","inLanguage":"de","@id":"https:\/\/ekkla.ch\/de\/produit\/tischleuchte-bourgie-glossy-black-kartell\/#primaryimage","url":"https:\/\/ekkla.ch\/wp-content\/uploads\/2020\/06\/Lampe-de-table-Bourgie-Glossy-black.jpg","contentUrl":"https:\/\/ekkla.ch\/wp-content\/uploads\/2020\/06\/Lampe-de-table-Bourgie-Glossy-black.jpg","width":900,"height":900},{"@type":"BreadcrumbList","@id":"https:\/\/ekkla.ch\/de\/produit\/tischleuchte-bourgie-glossy-black-kartell\/#breadcrumb","itemListElement":[{"@type":"ListItem","position":1,"name":"Home","item":"https:\/\/ekkla.ch\/de\/"},{"@type":"ListItem","position":2,"name":"Shop","item":"https:\/\/ekkla.ch\/de\/shop\/"},{"@type":"ListItem","position":3,"name":"Tischleuchte BOURGIE &#8211; glossy black &#8211; Kartell"}]},{"@type":"WebSite","@id":"https:\/\/ekkla.ch\/#website","url":"https:\/\/ekkla.ch\/","name":"Ekkla","description":"Der Onlineshop f\u00fcr Beleuchtung","publisher":{"@id":"https:\/\/ekkla.ch\/#organization"},"potentialAction":[{"@type":"SearchAction","target":{"@type":"EntryPoint","urlTemplate":"https:\/\/ekkla.ch\/?s={search_term_string}"},"query-input":"required name=search_term_string"}],"inLanguage":"de"},{"@type":"Organization","@id":"https:\/\/ekkla.ch\/#organization","name":"Ekkla","url":"https:\/\/ekkla.ch\/","logo":{"@type":"ImageObject","inLanguage":"de","@id":"https:\/\/ekkla.ch\/#\/schema\/logo\/image\/","url":"http:\/\/ekkla.ch\/wp-content\/uploads\/2019\/07\/logo-1.svg","contentUrl":"http:\/\/ekkla.ch\/wp-content\/uploads\/2019\/07\/logo-1.svg","width":1,"height":1,"caption":"Ekkla"},"image":{"@id":"https:\/\/ekkla.ch\/#\/schema\/logo\/image\/"},"sameAs":["https:\/\/www.instagram.com\/ekkla_light\/"]}]}},"_links":{"self":[{"href":"https:\/\/ekkla.ch\/de\/wp-json\/wp\/v2\/product\/27099"}],"collection":[{"href":"https:\/\/ekkla.ch\/de\/wp-json\/wp\/v2\/product"}],"about":[{"href":"https:\/\/ekkla.ch\/de\/wp-json\/wp\/v2\/types\/product"}],"wp:featuredmedia":[{"embeddable":true,"href":"https:\/\/ekkla.ch\/de\/wp-json\/wp\/v2\/media\/27103"}],"wp:attachment":[{"href":"https:\/\/ekkla.ch\/de\/wp-json\/wp\/v2\/media?parent=27099"}],"wp:term":[{"taxonomy":"product_cat","embeddable":true,"href":"https:\/\/ekkla.ch\/de\/wp-json\/wp\/v2\/product_cat?post=27099"},{"taxonomy":"product_tag","embeddable":true,"href":"https:\/\/ekkla.ch\/de\/wp-json\/wp\/v2\/product_tag?post=27099"}],"curies":[{"name":"wp","href":"https:\/\/api.w.org\/{rel}","templated":true}]}}