{"id":27105,"date":"2020-06-24T17:10:38","date_gmt":"2020-06-24T15:10:39","guid":{"rendered":"https:\/\/ekkla.ch\/?post_type=product&#038;p=27105"},"modified":"2023-02-23T15:28:21","modified_gmt":"2023-02-23T14:28:21","slug":"hangeleuchte-ge-weiss-und-gold-kartell","status":"publish","type":"product","link":"https:\/\/ekkla.ch\/de\/produit\/hangeleuchte-ge-weiss-und-gold-kartell\/","title":{"rendered":"H\u00e4ngeleuchte G\u00e8 &#8211; weiss und gold &#8211; Kartell"},"content":{"rendered":"<p>Diese H\u00e4ngeleuchte ist ein Entwurf von Ferruccio Laviani f\u00fcr Kartell. G\u00e8 ist eine H\u00e4ngelampe, die mit einer dekorierten Deckenrose befestigt wird und deren Form an antike Leuchter aus Muranoglas erinnert. Dank ihres goldenen Inneren bietet die Leuchte, sobald sie eingeschaltet ist, ein sch\u00f6nes Licht- und Farbenspiel. Sie ist elegant und anspruchsvoll, und kann ideal in einem Wohnzimmer oder \u00fcber einem Esstisch platziert werden. Das Kabel der Lampe ist h\u00f6henverstellbar, von mindestens 45 cm bis zu 230 cm. Gl\u00fchbirne inbegriffen.<\/p>\n<p>Die Kreation von hochwertigen, ultratechnologischen und <em>Made in Italy<\/em> Designobjekten ist das Markenzeichen von Kartell. Von der Auswahl innovativer und zertifizierter Materialien bis hin zu modernsten Technologien: das Kartell-Produkt tr\u00e4gt die DNA des Hauses, n\u00e4mlich Technologie, Qualit\u00e4t, Widerstandsf\u00e4higkeit und Langlebigkeit, definitiv in sich. Die Leuchte besteht aus durchgef\u00e4rbtem Polycarbonat 2.0, welches aus erneuerbaren Rohstoffen gewonnen wird.<\/p>\n<blockquote>\n<h2 style=\"text-align: left;\">Merkmale &amp; Eigenschaften<\/h2>\n<p><strong>Marke<\/strong> Kartell<\/p>\n<p style=\"text-align: left;\"><strong>Farbe<\/strong> Weiss | Gold<\/p>\n<p style=\"text-align: left;\"><strong>Material<\/strong>\u00a0Polycarbonat 2.0<\/p>\n<p style=\"text-align: left;\"><strong>Gl\u00fchbirne\u00a0<\/strong>E27<\/p>\n<p><strong>Lichtleistung (v)<\/strong> 220-240<\/p>\n<p><strong>Lichtfarbe (k)<\/strong> 2700\u00b0<\/p>\n<p style=\"text-align: left;\"><strong>H\u00f6he (cm)<\/strong> 26<\/p>\n<p style=\"text-align: left;\"><b>Durchmesser (cm) <\/b>37<\/p>\n<p><strong>Max. Kabell\u00e4nge (cm) <\/strong>230<\/p><\/blockquote>\n","protected":false},"excerpt":{"rendered":"<p>Diese H\u00e4ngeleuchte ist ein Entwurf von Ferruccio Laviani f\u00fcr Kartell. G\u00e8 ist eine H\u00e4ngelampe, die mit einer dekorierten Deckenrose befestigt wird und deren Form an antike Leuchter aus Muranoglas erinnert. Dank ihres goldenen Inneren bietet die Leuchte, sobald sie eingeschaltet ist, ein sch\u00f6nes Licht- und Farbenspiel. Sie ist elegant und anspruchsvoll, und kann ideal in [&hellip;]<\/p>\n","protected":false},"featured_media":189838,"template":"","meta":{"_acf_changed":false,"om_disable_all_campaigns":false},"product_cat":[291],"product_tag":[1258,896,554,1188,801,1203,816,838,704,1209],"bundled_by":[],"bundle_stock_status":"onbackorder","bundle_stock_quantity":null,"bundle_virtual":false,"bundle_layout":"","bundle_add_to_cart_form_location":"","bundle_editable_in_cart":false,"bundle_sold_individually_context":"","bundle_item_grouping":"","bundle_min_size":"","bundle_max_size":"","bundle_price":[],"bundled_items":[],"bundle_sell_ids":[],"acf":[],"yoast_head":"<!-- This site is optimized with the Yoast SEO Premium plugin v22.2 (Yoast SEO v22.8) - https:\/\/yoast.com\/wordpress\/plugins\/seo\/ -->\n<title>Kartell | H\u00e4ngeleuchte G\u00e8 | Hochwertiges Design | Ekkla<\/title>\n<meta name=\"description\" content=\"Pr\u00e4chtige weiss-goldene G\u00e8-Aufh\u00e4ngung von hoher Qualit\u00e4t. Ideal f\u00fcr Ihre K\u00fcche oder Ihr Wohnzimmer. F\u00fcr eine reine und elegante Dekoration.\" \/>\n<meta name=\"robots\" content=\"index, follow, max-snippet:-1, max-image-preview:large, max-video-preview:-1\" \/>\n<link rel=\"canonical\" href=\"https:\/\/ekkla.ch\/de\/produit\/hangeleuchte-ge-weiss-und-gold-kartell\/\" \/>\n<meta property=\"og:locale\" content=\"de_DE\" \/>\n<meta property=\"og:type\" content=\"article\" \/>\n<meta property=\"og:title\" content=\"H\u00e4ngeleuchte G\u00e8 - weiss und gold - Kartell\" \/>\n<meta property=\"og:description\" content=\"Pr\u00e4chtige weiss-goldene G\u00e8-Aufh\u00e4ngung von hoher Qualit\u00e4t. Ideal f\u00fcr Ihre K\u00fcche oder Ihr Wohnzimmer. F\u00fcr eine reine und elegante Dekoration.\" \/>\n<meta property=\"og:url\" content=\"https:\/\/ekkla.ch\/de\/produit\/hangeleuchte-ge-weiss-und-gold-kartell\/\" \/>\n<meta property=\"og:site_name\" content=\"Ekkla\" \/>\n<meta property=\"article:modified_time\" content=\"2023-02-23T14:28:21+00:00\" \/>\n<meta property=\"og:image\" content=\"https:\/\/ekkla.ch\/wp-content\/uploads\/2020\/06\/Suspension-G\u00e8_blanc_2.png\" \/>\n\t<meta property=\"og:image:width\" content=\"1080\" \/>\n\t<meta property=\"og:image:height\" content=\"1080\" \/>\n\t<meta property=\"og:image:type\" content=\"image\/png\" \/>\n<meta name=\"twitter:card\" content=\"summary_large_image\" \/>\n<meta name=\"twitter:label1\" content=\"Gesch\u00e4tzte Lesezeit\" \/>\n\t<meta name=\"twitter:data1\" content=\"1\u00a0Minute\" \/>\n<script type=\"application\/ld+json\" class=\"yoast-schema-graph\">{\"@context\":\"https:\/\/schema.org\",\"@graph\":[{\"@type\":\"WebPage\",\"@id\":\"https:\/\/ekkla.ch\/de\/produit\/hangeleuchte-ge-weiss-und-gold-kartell\/\",\"url\":\"https:\/\/ekkla.ch\/de\/produit\/hangeleuchte-ge-weiss-und-gold-kartell\/\",\"name\":\"Kartell | H\u00e4ngeleuchte G\u00e8 | Hochwertiges Design | Ekkla\",\"isPartOf\":{\"@id\":\"https:\/\/ekkla.ch\/#website\"},\"primaryImageOfPage\":{\"@id\":\"https:\/\/ekkla.ch\/de\/produit\/hangeleuchte-ge-weiss-und-gold-kartell\/#primaryimage\"},\"image\":{\"@id\":\"https:\/\/ekkla.ch\/de\/produit\/hangeleuchte-ge-weiss-und-gold-kartell\/#primaryimage\"},\"thumbnailUrl\":\"https:\/\/ekkla.ch\/wp-content\/uploads\/2019\/12\/ekkla-light-luminaires_0015_Suspension-Ge-blanc-et-dore-Kartell.jpg\",\"datePublished\":\"2020-06-24T15:10:39+00:00\",\"dateModified\":\"2023-02-23T14:28:21+00:00\",\"description\":\"Pr\u00e4chtige weiss-goldene G\u00e8-Aufh\u00e4ngung von hoher Qualit\u00e4t. Ideal f\u00fcr Ihre K\u00fcche oder Ihr Wohnzimmer. F\u00fcr eine reine und elegante Dekoration.\",\"breadcrumb\":{\"@id\":\"https:\/\/ekkla.ch\/de\/produit\/hangeleuchte-ge-weiss-und-gold-kartell\/#breadcrumb\"},\"inLanguage\":\"de\",\"potentialAction\":[{\"@type\":\"ReadAction\",\"target\":[\"https:\/\/ekkla.ch\/de\/produit\/hangeleuchte-ge-weiss-und-gold-kartell\/\"]}]},{\"@type\":\"ImageObject\",\"inLanguage\":\"de\",\"@id\":\"https:\/\/ekkla.ch\/de\/produit\/hangeleuchte-ge-weiss-und-gold-kartell\/#primaryimage\",\"url\":\"https:\/\/ekkla.ch\/wp-content\/uploads\/2019\/12\/ekkla-light-luminaires_0015_Suspension-Ge-blanc-et-dore-Kartell.jpg\",\"contentUrl\":\"https:\/\/ekkla.ch\/wp-content\/uploads\/2019\/12\/ekkla-light-luminaires_0015_Suspension-Ge-blanc-et-dore-Kartell.jpg\",\"width\":900,\"height\":900},{\"@type\":\"BreadcrumbList\",\"@id\":\"https:\/\/ekkla.ch\/de\/produit\/hangeleuchte-ge-weiss-und-gold-kartell\/#breadcrumb\",\"itemListElement\":[{\"@type\":\"ListItem\",\"position\":1,\"name\":\"Home\",\"item\":\"https:\/\/ekkla.ch\/de\/\"},{\"@type\":\"ListItem\",\"position\":2,\"name\":\"Shop\",\"item\":\"https:\/\/ekkla.ch\/de\/shop\/\"},{\"@type\":\"ListItem\",\"position\":3,\"name\":\"H\u00e4ngeleuchte G\u00e8 &#8211; weiss und gold &#8211; Kartell\"}]},{\"@type\":\"WebSite\",\"@id\":\"https:\/\/ekkla.ch\/#website\",\"url\":\"https:\/\/ekkla.ch\/\",\"name\":\"Ekkla\",\"description\":\"Der Onlineshop f\u00fcr Beleuchtung\",\"publisher\":{\"@id\":\"https:\/\/ekkla.ch\/#organization\"},\"potentialAction\":[{\"@type\":\"SearchAction\",\"target\":{\"@type\":\"EntryPoint\",\"urlTemplate\":\"https:\/\/ekkla.ch\/?s={search_term_string}\"},\"query-input\":\"required name=search_term_string\"}],\"inLanguage\":\"de\"},{\"@type\":\"Organization\",\"@id\":\"https:\/\/ekkla.ch\/#organization\",\"name\":\"Ekkla\",\"url\":\"https:\/\/ekkla.ch\/\",\"logo\":{\"@type\":\"ImageObject\",\"inLanguage\":\"de\",\"@id\":\"https:\/\/ekkla.ch\/#\/schema\/logo\/image\/\",\"url\":\"http:\/\/ekkla.ch\/wp-content\/uploads\/2019\/07\/logo-1.svg\",\"contentUrl\":\"http:\/\/ekkla.ch\/wp-content\/uploads\/2019\/07\/logo-1.svg\",\"width\":1,\"height\":1,\"caption\":\"Ekkla\"},\"image\":{\"@id\":\"https:\/\/ekkla.ch\/#\/schema\/logo\/image\/\"},\"sameAs\":[\"https:\/\/www.instagram.com\/ekkla_light\/\"]}]}<\/script>\n<!-- \/ Yoast SEO Premium plugin. -->","yoast_head_json":{"title":"Kartell | H\u00e4ngeleuchte G\u00e8 | Hochwertiges Design | Ekkla","description":"Pr\u00e4chtige weiss-goldene G\u00e8-Aufh\u00e4ngung von hoher Qualit\u00e4t. Ideal f\u00fcr Ihre K\u00fcche oder Ihr Wohnzimmer. F\u00fcr eine reine und elegante Dekoration.","robots":{"index":"index","follow":"follow","max-snippet":"max-snippet:-1","max-image-preview":"max-image-preview:large","max-video-preview":"max-video-preview:-1"},"canonical":"https:\/\/ekkla.ch\/de\/produit\/hangeleuchte-ge-weiss-und-gold-kartell\/","og_locale":"de_DE","og_type":"article","og_title":"H\u00e4ngeleuchte G\u00e8 - weiss und gold - Kartell","og_description":"Pr\u00e4chtige weiss-goldene G\u00e8-Aufh\u00e4ngung von hoher Qualit\u00e4t. Ideal f\u00fcr Ihre K\u00fcche oder Ihr Wohnzimmer. F\u00fcr eine reine und elegante Dekoration.","og_url":"https:\/\/ekkla.ch\/de\/produit\/hangeleuchte-ge-weiss-und-gold-kartell\/","og_site_name":"Ekkla","article_modified_time":"2023-02-23T14:28:21+00:00","og_image":[{"width":1080,"height":1080,"url":"https:\/\/ekkla.ch\/wp-content\/uploads\/2020\/06\/Suspension-G\u00e8_blanc_2.png","type":"image\/png"}],"twitter_card":"summary_large_image","twitter_misc":{"Gesch\u00e4tzte Lesezeit":"1\u00a0Minute"},"schema":{"@context":"https:\/\/schema.org","@graph":[{"@type":"WebPage","@id":"https:\/\/ekkla.ch\/de\/produit\/hangeleuchte-ge-weiss-und-gold-kartell\/","url":"https:\/\/ekkla.ch\/de\/produit\/hangeleuchte-ge-weiss-und-gold-kartell\/","name":"Kartell | H\u00e4ngeleuchte G\u00e8 | Hochwertiges Design | Ekkla","isPartOf":{"@id":"https:\/\/ekkla.ch\/#website"},"primaryImageOfPage":{"@id":"https:\/\/ekkla.ch\/de\/produit\/hangeleuchte-ge-weiss-und-gold-kartell\/#primaryimage"},"image":{"@id":"https:\/\/ekkla.ch\/de\/produit\/hangeleuchte-ge-weiss-und-gold-kartell\/#primaryimage"},"thumbnailUrl":"https:\/\/ekkla.ch\/wp-content\/uploads\/2019\/12\/ekkla-light-luminaires_0015_Suspension-Ge-blanc-et-dore-Kartell.jpg","datePublished":"2020-06-24T15:10:39+00:00","dateModified":"2023-02-23T14:28:21+00:00","description":"Pr\u00e4chtige weiss-goldene G\u00e8-Aufh\u00e4ngung von hoher Qualit\u00e4t. Ideal f\u00fcr Ihre K\u00fcche oder Ihr Wohnzimmer. F\u00fcr eine reine und elegante Dekoration.","breadcrumb":{"@id":"https:\/\/ekkla.ch\/de\/produit\/hangeleuchte-ge-weiss-und-gold-kartell\/#breadcrumb"},"inLanguage":"de","potentialAction":[{"@type":"ReadAction","target":["https:\/\/ekkla.ch\/de\/produit\/hangeleuchte-ge-weiss-und-gold-kartell\/"]}]},{"@type":"ImageObject","inLanguage":"de","@id":"https:\/\/ekkla.ch\/de\/produit\/hangeleuchte-ge-weiss-und-gold-kartell\/#primaryimage","url":"https:\/\/ekkla.ch\/wp-content\/uploads\/2019\/12\/ekkla-light-luminaires_0015_Suspension-Ge-blanc-et-dore-Kartell.jpg","contentUrl":"https:\/\/ekkla.ch\/wp-content\/uploads\/2019\/12\/ekkla-light-luminaires_0015_Suspension-Ge-blanc-et-dore-Kartell.jpg","width":900,"height":900},{"@type":"BreadcrumbList","@id":"https:\/\/ekkla.ch\/de\/produit\/hangeleuchte-ge-weiss-und-gold-kartell\/#breadcrumb","itemListElement":[{"@type":"ListItem","position":1,"name":"Home","item":"https:\/\/ekkla.ch\/de\/"},{"@type":"ListItem","position":2,"name":"Shop","item":"https:\/\/ekkla.ch\/de\/shop\/"},{"@type":"ListItem","position":3,"name":"H\u00e4ngeleuchte G\u00e8 &#8211; weiss und gold &#8211; Kartell"}]},{"@type":"WebSite","@id":"https:\/\/ekkla.ch\/#website","url":"https:\/\/ekkla.ch\/","name":"Ekkla","description":"Der Onlineshop f\u00fcr Beleuchtung","publisher":{"@id":"https:\/\/ekkla.ch\/#organization"},"potentialAction":[{"@type":"SearchAction","target":{"@type":"EntryPoint","urlTemplate":"https:\/\/ekkla.ch\/?s={search_term_string}"},"query-input":"required name=search_term_string"}],"inLanguage":"de"},{"@type":"Organization","@id":"https:\/\/ekkla.ch\/#organization","name":"Ekkla","url":"https:\/\/ekkla.ch\/","logo":{"@type":"ImageObject","inLanguage":"de","@id":"https:\/\/ekkla.ch\/#\/schema\/logo\/image\/","url":"http:\/\/ekkla.ch\/wp-content\/uploads\/2019\/07\/logo-1.svg","contentUrl":"http:\/\/ekkla.ch\/wp-content\/uploads\/2019\/07\/logo-1.svg","width":1,"height":1,"caption":"Ekkla"},"image":{"@id":"https:\/\/ekkla.ch\/#\/schema\/logo\/image\/"},"sameAs":["https:\/\/www.instagram.com\/ekkla_light\/"]}]}},"_links":{"self":[{"href":"https:\/\/ekkla.ch\/de\/wp-json\/wp\/v2\/product\/27105"}],"collection":[{"href":"https:\/\/ekkla.ch\/de\/wp-json\/wp\/v2\/product"}],"about":[{"href":"https:\/\/ekkla.ch\/de\/wp-json\/wp\/v2\/types\/product"}],"wp:featuredmedia":[{"embeddable":true,"href":"https:\/\/ekkla.ch\/de\/wp-json\/wp\/v2\/media\/189838"}],"wp:attachment":[{"href":"https:\/\/ekkla.ch\/de\/wp-json\/wp\/v2\/media?parent=27105"}],"wp:term":[{"taxonomy":"product_cat","embeddable":true,"href":"https:\/\/ekkla.ch\/de\/wp-json\/wp\/v2\/product_cat?post=27105"},{"taxonomy":"product_tag","embeddable":true,"href":"https:\/\/ekkla.ch\/de\/wp-json\/wp\/v2\/product_tag?post=27105"}],"curies":[{"name":"wp","href":"https:\/\/api.w.org\/{rel}","templated":true}]}}