{"id":27174,"date":"2020-06-25T09:48:57","date_gmt":"2020-06-25T07:48:58","guid":{"rendered":"https:\/\/ekkla.ch\/?post_type=product&#038;p=27174"},"modified":"2023-02-23T15:28:56","modified_gmt":"2023-02-23T14:28:56","slug":"hangeleuchte-fl-y-kristall-%e2%88%85-52-cm-kartell","status":"publish","type":"product","link":"https:\/\/ekkla.ch\/de\/produit\/hangeleuchte-fl-y-kristall-%e2%88%85-52-cm-kartell\/","title":{"rendered":"H\u00e4ngeleuchte FL\/Y &#8211; Kristall &#8211; \u2205 52 cm &#8211; Kartell"},"content":{"rendered":"<p>Dies ist die erste H\u00e4ngeleuchte der Marke Kartell. Sie ist in verschiedenen Gr\u00f6ssen und einer breiten Farbpalette erh\u00e4ltlich, wobei sich das Design auf die wesentlichen Linien konzentriert. Durch das Zusammenspiel zwischen Transparenz und matten Farben bietet diese verspielte Leuchte, deren Form an Seifenblasen erinnert, schimmernde Lichtreflexionen. Sie k\u00f6nnen die Leuchte einzeln oder in der Mehrzahl aufh\u00e4ngen, um einen maximalen Glanz zu erzielen. Vom Wohnzimmer \u00fcber das Badezimmer bis hin zur K\u00fcche oder den Eingangsbereich: diese Leuchte k\u00f6nnen Sie in jedem Raum Ihres Zuhauses anbringen! Gl\u00fchbirne inbegriffen.<\/p>\n<blockquote>\n<h2 style=\"text-align: left;\">Merkmale &amp; Eigenschaften<\/h2>\n<p><strong>Marke<\/strong> Kartell<\/p>\n<p style=\"text-align: left;\"><strong>Farbe<\/strong>\u00a0Durchsichtig<\/p>\n<p style=\"text-align: left;\"><strong>Material<\/strong>\u00a0Durchgef\u00e4rbtes PMMA<\/p>\n<p><strong>Gl\u00fchbirne<\/strong> E27<\/p>\n<p><strong>Lichtintensit\u00e4t (W)<\/strong> 220 &#8211; 240<\/p>\n<p><strong>Farbtemperatur (K) <\/strong>2700<\/p>\n<p style=\"text-align: left;\"><strong>H\u00f6he (cm)<\/strong>\u00a033<\/p>\n<p><strong>Durchmesser (cm)<\/strong> 52<\/p>\n<p><strong>Max. Kabell\u00e4nge (cm)<\/strong> 280<\/p><\/blockquote>\n","protected":false},"excerpt":{"rendered":"<p>Dies ist die erste H\u00e4ngeleuchte der Marke Kartell. Sie ist in verschiedenen Gr\u00f6ssen und einer breiten Farbpalette erh\u00e4ltlich, wobei sich das Design auf die wesentlichen Linien konzentriert. Durch das Zusammenspiel zwischen Transparenz und matten Farben bietet diese verspielte Leuchte, deren Form an Seifenblasen erinnert, schimmernde Lichtreflexionen. Sie k\u00f6nnen die Leuchte einzeln oder in der Mehrzahl [&hellip;]<\/p>\n","protected":false},"featured_media":159201,"template":"","meta":{"_acf_changed":false,"om_disable_all_campaigns":false},"product_cat":[291],"product_tag":[1244,896,554,1188,1265,801,1203,816,838,872,1109,883,704,403,920,1209,1092],"bundled_by":[],"bundle_stock_status":"onbackorder","bundle_stock_quantity":1,"bundle_virtual":false,"bundle_layout":"","bundle_add_to_cart_form_location":"","bundle_editable_in_cart":false,"bundle_sold_individually_context":"","bundle_item_grouping":"","bundle_min_size":"","bundle_max_size":"","bundle_price":[],"bundled_items":[],"bundle_sell_ids":[],"acf":[],"yoast_head":"<!-- This site is optimized with the Yoast SEO Premium plugin v22.2 (Yoast SEO v22.8) - https:\/\/yoast.com\/wordpress\/plugins\/seo\/ -->\n<title>Kartell | H\u00e4ngeleuchte FL\/Y | Hochwertiges Design | Ekkla<\/title>\n<meta name=\"description\" content=\"Pr\u00e4chtige transparente FL\/Y-Aufh\u00e4ngung von hoher Qualit\u00e4t. Ideal f\u00fcr Ihre K\u00fcche oder Ihr Wohnzimmer. F\u00fcr eine reine und elegante Dekoration.\" \/>\n<meta name=\"robots\" content=\"index, follow, max-snippet:-1, max-image-preview:large, max-video-preview:-1\" \/>\n<link rel=\"canonical\" href=\"https:\/\/ekkla.ch\/de\/produit\/hangeleuchte-fl-y-kristall-\u2205-52-cm-kartell\/\" \/>\n<meta property=\"og:locale\" content=\"de_DE\" \/>\n<meta property=\"og:type\" content=\"article\" \/>\n<meta property=\"og:title\" content=\"H\u00e4ngeleuchte FL\/Y - Kristall - \u2205 52 cm - Kartell\" \/>\n<meta property=\"og:description\" content=\"Pr\u00e4chtige transparente FL\/Y-Aufh\u00e4ngung von hoher Qualit\u00e4t. Ideal f\u00fcr Ihre K\u00fcche oder Ihr Wohnzimmer. F\u00fcr eine reine und elegante Dekoration.\" \/>\n<meta property=\"og:url\" content=\"https:\/\/ekkla.ch\/de\/produit\/hangeleuchte-fl-y-kristall-\u2205-52-cm-kartell\/\" \/>\n<meta property=\"og:site_name\" content=\"Ekkla\" \/>\n<meta property=\"article:modified_time\" content=\"2023-02-23T14:28:56+00:00\" \/>\n<meta property=\"og:image\" content=\"https:\/\/ekkla.ch\/wp-content\/uploads\/2020\/06\/Ekkla_FLY_52cm_Kartell_transparent.jpg\" \/>\n\t<meta property=\"og:image:width\" content=\"900\" \/>\n\t<meta property=\"og:image:height\" content=\"900\" \/>\n\t<meta property=\"og:image:type\" content=\"image\/jpeg\" \/>\n<meta name=\"twitter:card\" content=\"summary_large_image\" \/>\n<meta name=\"twitter:label1\" content=\"Gesch\u00e4tzte Lesezeit\" \/>\n\t<meta name=\"twitter:data1\" content=\"1\u00a0Minute\" \/>\n<script type=\"application\/ld+json\" class=\"yoast-schema-graph\">{\"@context\":\"https:\/\/schema.org\",\"@graph\":[{\"@type\":\"WebPage\",\"@id\":\"https:\/\/ekkla.ch\/de\/produit\/hangeleuchte-fl-y-kristall-%e2%88%85-52-cm-kartell\/\",\"url\":\"https:\/\/ekkla.ch\/de\/produit\/hangeleuchte-fl-y-kristall-%e2%88%85-52-cm-kartell\/\",\"name\":\"Kartell | H\u00e4ngeleuchte FL\/Y | Hochwertiges Design | Ekkla\",\"isPartOf\":{\"@id\":\"https:\/\/ekkla.ch\/#website\"},\"primaryImageOfPage\":{\"@id\":\"https:\/\/ekkla.ch\/de\/produit\/hangeleuchte-fl-y-kristall-%e2%88%85-52-cm-kartell\/#primaryimage\"},\"image\":{\"@id\":\"https:\/\/ekkla.ch\/de\/produit\/hangeleuchte-fl-y-kristall-%e2%88%85-52-cm-kartell\/#primaryimage\"},\"thumbnailUrl\":\"https:\/\/ekkla.ch\/wp-content\/uploads\/2020\/06\/Ekkla_FLY_52cm_Kartell_transparent.jpg\",\"datePublished\":\"2020-06-25T07:48:58+00:00\",\"dateModified\":\"2023-02-23T14:28:56+00:00\",\"description\":\"Pr\u00e4chtige transparente FL\/Y-Aufh\u00e4ngung von hoher Qualit\u00e4t. Ideal f\u00fcr Ihre K\u00fcche oder Ihr Wohnzimmer. F\u00fcr eine reine und elegante Dekoration.\",\"breadcrumb\":{\"@id\":\"https:\/\/ekkla.ch\/de\/produit\/hangeleuchte-fl-y-kristall-%e2%88%85-52-cm-kartell\/#breadcrumb\"},\"inLanguage\":\"de\",\"potentialAction\":[{\"@type\":\"ReadAction\",\"target\":[\"https:\/\/ekkla.ch\/de\/produit\/hangeleuchte-fl-y-kristall-%e2%88%85-52-cm-kartell\/\"]}]},{\"@type\":\"ImageObject\",\"inLanguage\":\"de\",\"@id\":\"https:\/\/ekkla.ch\/de\/produit\/hangeleuchte-fl-y-kristall-%e2%88%85-52-cm-kartell\/#primaryimage\",\"url\":\"https:\/\/ekkla.ch\/wp-content\/uploads\/2020\/06\/Ekkla_FLY_52cm_Kartell_transparent.jpg\",\"contentUrl\":\"https:\/\/ekkla.ch\/wp-content\/uploads\/2020\/06\/Ekkla_FLY_52cm_Kartell_transparent.jpg\",\"width\":900,\"height\":900},{\"@type\":\"BreadcrumbList\",\"@id\":\"https:\/\/ekkla.ch\/de\/produit\/hangeleuchte-fl-y-kristall-%e2%88%85-52-cm-kartell\/#breadcrumb\",\"itemListElement\":[{\"@type\":\"ListItem\",\"position\":1,\"name\":\"Home\",\"item\":\"https:\/\/ekkla.ch\/de\/\"},{\"@type\":\"ListItem\",\"position\":2,\"name\":\"Shop\",\"item\":\"https:\/\/ekkla.ch\/de\/shop\/\"},{\"@type\":\"ListItem\",\"position\":3,\"name\":\"H\u00e4ngeleuchte FL\/Y &#8211; Kristall &#8211; \u2205 52 cm &#8211; Kartell\"}]},{\"@type\":\"WebSite\",\"@id\":\"https:\/\/ekkla.ch\/#website\",\"url\":\"https:\/\/ekkla.ch\/\",\"name\":\"Ekkla\",\"description\":\"Der Onlineshop f\u00fcr Beleuchtung\",\"publisher\":{\"@id\":\"https:\/\/ekkla.ch\/#organization\"},\"potentialAction\":[{\"@type\":\"SearchAction\",\"target\":{\"@type\":\"EntryPoint\",\"urlTemplate\":\"https:\/\/ekkla.ch\/?s={search_term_string}\"},\"query-input\":\"required name=search_term_string\"}],\"inLanguage\":\"de\"},{\"@type\":\"Organization\",\"@id\":\"https:\/\/ekkla.ch\/#organization\",\"name\":\"Ekkla\",\"url\":\"https:\/\/ekkla.ch\/\",\"logo\":{\"@type\":\"ImageObject\",\"inLanguage\":\"de\",\"@id\":\"https:\/\/ekkla.ch\/#\/schema\/logo\/image\/\",\"url\":\"http:\/\/ekkla.ch\/wp-content\/uploads\/2019\/07\/logo-1.svg\",\"contentUrl\":\"http:\/\/ekkla.ch\/wp-content\/uploads\/2019\/07\/logo-1.svg\",\"width\":1,\"height\":1,\"caption\":\"Ekkla\"},\"image\":{\"@id\":\"https:\/\/ekkla.ch\/#\/schema\/logo\/image\/\"},\"sameAs\":[\"https:\/\/www.instagram.com\/ekkla_light\/\"]}]}<\/script>\n<!-- \/ Yoast SEO Premium plugin. -->","yoast_head_json":{"title":"Kartell | H\u00e4ngeleuchte FL\/Y | Hochwertiges Design | Ekkla","description":"Pr\u00e4chtige transparente FL\/Y-Aufh\u00e4ngung von hoher Qualit\u00e4t. Ideal f\u00fcr Ihre K\u00fcche oder Ihr Wohnzimmer. F\u00fcr eine reine und elegante Dekoration.","robots":{"index":"index","follow":"follow","max-snippet":"max-snippet:-1","max-image-preview":"max-image-preview:large","max-video-preview":"max-video-preview:-1"},"canonical":"https:\/\/ekkla.ch\/de\/produit\/hangeleuchte-fl-y-kristall-\u2205-52-cm-kartell\/","og_locale":"de_DE","og_type":"article","og_title":"H\u00e4ngeleuchte FL\/Y - Kristall - \u2205 52 cm - Kartell","og_description":"Pr\u00e4chtige transparente FL\/Y-Aufh\u00e4ngung von hoher Qualit\u00e4t. Ideal f\u00fcr Ihre K\u00fcche oder Ihr Wohnzimmer. F\u00fcr eine reine und elegante Dekoration.","og_url":"https:\/\/ekkla.ch\/de\/produit\/hangeleuchte-fl-y-kristall-\u2205-52-cm-kartell\/","og_site_name":"Ekkla","article_modified_time":"2023-02-23T14:28:56+00:00","og_image":[{"width":900,"height":900,"url":"https:\/\/ekkla.ch\/wp-content\/uploads\/2020\/06\/Ekkla_FLY_52cm_Kartell_transparent.jpg","type":"image\/jpeg"}],"twitter_card":"summary_large_image","twitter_misc":{"Gesch\u00e4tzte Lesezeit":"1\u00a0Minute"},"schema":{"@context":"https:\/\/schema.org","@graph":[{"@type":"WebPage","@id":"https:\/\/ekkla.ch\/de\/produit\/hangeleuchte-fl-y-kristall-%e2%88%85-52-cm-kartell\/","url":"https:\/\/ekkla.ch\/de\/produit\/hangeleuchte-fl-y-kristall-%e2%88%85-52-cm-kartell\/","name":"Kartell | H\u00e4ngeleuchte FL\/Y | Hochwertiges Design | Ekkla","isPartOf":{"@id":"https:\/\/ekkla.ch\/#website"},"primaryImageOfPage":{"@id":"https:\/\/ekkla.ch\/de\/produit\/hangeleuchte-fl-y-kristall-%e2%88%85-52-cm-kartell\/#primaryimage"},"image":{"@id":"https:\/\/ekkla.ch\/de\/produit\/hangeleuchte-fl-y-kristall-%e2%88%85-52-cm-kartell\/#primaryimage"},"thumbnailUrl":"https:\/\/ekkla.ch\/wp-content\/uploads\/2020\/06\/Ekkla_FLY_52cm_Kartell_transparent.jpg","datePublished":"2020-06-25T07:48:58+00:00","dateModified":"2023-02-23T14:28:56+00:00","description":"Pr\u00e4chtige transparente FL\/Y-Aufh\u00e4ngung von hoher Qualit\u00e4t. Ideal f\u00fcr Ihre K\u00fcche oder Ihr Wohnzimmer. F\u00fcr eine reine und elegante Dekoration.","breadcrumb":{"@id":"https:\/\/ekkla.ch\/de\/produit\/hangeleuchte-fl-y-kristall-%e2%88%85-52-cm-kartell\/#breadcrumb"},"inLanguage":"de","potentialAction":[{"@type":"ReadAction","target":["https:\/\/ekkla.ch\/de\/produit\/hangeleuchte-fl-y-kristall-%e2%88%85-52-cm-kartell\/"]}]},{"@type":"ImageObject","inLanguage":"de","@id":"https:\/\/ekkla.ch\/de\/produit\/hangeleuchte-fl-y-kristall-%e2%88%85-52-cm-kartell\/#primaryimage","url":"https:\/\/ekkla.ch\/wp-content\/uploads\/2020\/06\/Ekkla_FLY_52cm_Kartell_transparent.jpg","contentUrl":"https:\/\/ekkla.ch\/wp-content\/uploads\/2020\/06\/Ekkla_FLY_52cm_Kartell_transparent.jpg","width":900,"height":900},{"@type":"BreadcrumbList","@id":"https:\/\/ekkla.ch\/de\/produit\/hangeleuchte-fl-y-kristall-%e2%88%85-52-cm-kartell\/#breadcrumb","itemListElement":[{"@type":"ListItem","position":1,"name":"Home","item":"https:\/\/ekkla.ch\/de\/"},{"@type":"ListItem","position":2,"name":"Shop","item":"https:\/\/ekkla.ch\/de\/shop\/"},{"@type":"ListItem","position":3,"name":"H\u00e4ngeleuchte FL\/Y &#8211; Kristall &#8211; \u2205 52 cm &#8211; Kartell"}]},{"@type":"WebSite","@id":"https:\/\/ekkla.ch\/#website","url":"https:\/\/ekkla.ch\/","name":"Ekkla","description":"Der Onlineshop f\u00fcr Beleuchtung","publisher":{"@id":"https:\/\/ekkla.ch\/#organization"},"potentialAction":[{"@type":"SearchAction","target":{"@type":"EntryPoint","urlTemplate":"https:\/\/ekkla.ch\/?s={search_term_string}"},"query-input":"required name=search_term_string"}],"inLanguage":"de"},{"@type":"Organization","@id":"https:\/\/ekkla.ch\/#organization","name":"Ekkla","url":"https:\/\/ekkla.ch\/","logo":{"@type":"ImageObject","inLanguage":"de","@id":"https:\/\/ekkla.ch\/#\/schema\/logo\/image\/","url":"http:\/\/ekkla.ch\/wp-content\/uploads\/2019\/07\/logo-1.svg","contentUrl":"http:\/\/ekkla.ch\/wp-content\/uploads\/2019\/07\/logo-1.svg","width":1,"height":1,"caption":"Ekkla"},"image":{"@id":"https:\/\/ekkla.ch\/#\/schema\/logo\/image\/"},"sameAs":["https:\/\/www.instagram.com\/ekkla_light\/"]}]}},"_links":{"self":[{"href":"https:\/\/ekkla.ch\/de\/wp-json\/wp\/v2\/product\/27174"}],"collection":[{"href":"https:\/\/ekkla.ch\/de\/wp-json\/wp\/v2\/product"}],"about":[{"href":"https:\/\/ekkla.ch\/de\/wp-json\/wp\/v2\/types\/product"}],"wp:featuredmedia":[{"embeddable":true,"href":"https:\/\/ekkla.ch\/de\/wp-json\/wp\/v2\/media\/159201"}],"wp:attachment":[{"href":"https:\/\/ekkla.ch\/de\/wp-json\/wp\/v2\/media?parent=27174"}],"wp:term":[{"taxonomy":"product_cat","embeddable":true,"href":"https:\/\/ekkla.ch\/de\/wp-json\/wp\/v2\/product_cat?post=27174"},{"taxonomy":"product_tag","embeddable":true,"href":"https:\/\/ekkla.ch\/de\/wp-json\/wp\/v2\/product_tag?post=27174"}],"curies":[{"name":"wp","href":"https:\/\/api.w.org\/{rel}","templated":true}]}}