{"id":32958,"date":"2020-09-02T14:52:45","date_gmt":"2020-09-02T12:52:45","guid":{"rendered":"https:\/\/ekkla.ch\/?post_type=product&#038;p=32958"},"modified":"2022-09-01T10:18:51","modified_gmt":"2022-09-01T08:18:51","slug":"hangeleuchte-norm-69-small-lampenschirm-normann-copenhagen","status":"publish","type":"product","link":"https:\/\/ekkla.ch\/de\/produit\/hangeleuchte-norm-69-small-lampenschirm-normann-copenhagen\/","title":{"rendered":"H\u00e4ngeleuchte Norm 69 small &#8211; \u00d842 cm &#8211; Normann Copenhagen"},"content":{"rendered":"<div id=\"attribute-short_description\" class=\"product attribute overview\">\n<div class=\"value\">\n<div class=\"container\">\n<div id=\"attribute-short_description\" class=\"product attribute overview\">\n<div class=\"value\">\n<div class=\"container\">\n<div id=\"attribute-short_description\" class=\"product attribute overview\">\n<div class=\"value\">\n<div class=\"container\">\n<div id=\"attribute-short_description\" class=\"product attribute overview\">\n<div class=\"value\">\n<div class=\"container\">\n<p>Die H\u00e4ngeleuchte Norm ist eine Do-it-yourself-Leuchte von Simon Karkov und besteht aus 69 Teilen. Sie ist eine dekorative Lampe mit Pers\u00f6nlichkeit und Charakter. Karkov liess sich von der Natur &#8211; insbesondere Lilien und Seerosen &#8211; zu dieser pr\u00e4chtigen Leuchte inspirieren. Dieses floral-inspirierte Design und die Streuung des Lichts zwischen Licht und Schatten geben der pr\u00e4chtigen H\u00e4ngeleuchte einen prominenten Platz im Raum. Angehende Heimwerker werden keine Schwierigkeiten haben, die wenigen hitzebest\u00e4ndigen Kunststoffplatten zusammenzusetzen. Die Leuchte kann ohne Werkzeug oder Klebstoff montiert werden.<\/p>\n<p>Gl\u00fchbirne, <a href=\"https:\/\/ekkla.ch\/de\/produit\/lampenhalter-norm-hangelampe-normann-copenhagen\/\">Kabel, Fassung und Abdeckung<\/a> sind separat erh\u00e4ltlich.<\/p>\n<\/div>\n<\/div>\n<\/div>\n<\/div>\n<\/div>\n<\/div>\n<blockquote>\n<h2>Merkmale &amp; Eigenschaften<\/h2>\n<p><strong>Marke<\/strong> Normann Copenhagen<\/p>\n<p><strong>Farbe<\/strong> Weiss<\/p>\n<p><strong>Material <\/strong>Kunststoff<\/p>\n<p><strong>Gl\u00fchbirne<\/strong> E27 (9W)<\/p><\/blockquote>\n<\/div>\n<\/div>\n<\/div>\n<\/div>\n<\/div>\n<\/div>\n<blockquote><p><strong>Durchmesser (cm) <\/strong>42<\/p>\n<p><strong>Gewicht (kg)<\/strong> 0.8<\/p><\/blockquote>\n","protected":false},"excerpt":{"rendered":"<p>Die H\u00e4ngeleuchte Norm ist eine Do-it-yourself-Leuchte von Simon Karkov und besteht aus 69 Teilen. Sie ist eine dekorative Lampe mit Pers\u00f6nlichkeit und Charakter. Karkov liess sich von der Natur &#8211; insbesondere Lilien und Seerosen &#8211; zu dieser pr\u00e4chtigen Leuchte inspirieren. Dieses floral-inspirierte Design und die Streuung des Lichts zwischen Licht und Schatten geben der pr\u00e4chtigen [&hellip;]<\/p>\n","protected":false},"featured_media":32983,"template":"","meta":{"_acf_changed":false,"om_disable_all_campaigns":false},"product_cat":[291],"product_tag":[1256,898,554,1188,1265,816,856],"bundled_by":[],"bundle_stock_status":"onbackorder","bundle_stock_quantity":null,"bundle_virtual":false,"bundle_layout":"","bundle_add_to_cart_form_location":"","bundle_editable_in_cart":false,"bundle_sold_individually_context":"","bundle_item_grouping":"","bundle_min_size":"","bundle_max_size":"","bundle_price":[],"bundled_items":[],"bundle_sell_ids":[],"acf":[],"yoast_head":"<!-- This site is optimized with the Yoast SEO Premium plugin v22.2 (Yoast SEO v22.8) - https:\/\/yoast.com\/wordpress\/plugins\/seo\/ -->\n<title>Normann Copenhagen | H\u00e4ngeleuchte Norm 69 | Elegante Leuchte | Ekkla<\/title>\n<meta name=\"description\" content=\"Eine sch\u00f6ne Aufh\u00e4ngung, die Sie selbst zusammenbauen k\u00f6nnen. Sie ist mehr als eine Lampe, sie ist ein echtes Dekorationsobjekt, das Ihr Interieur stilvoll erhellen wird.\" \/>\n<meta name=\"robots\" content=\"index, follow, max-snippet:-1, max-image-preview:large, max-video-preview:-1\" \/>\n<link rel=\"canonical\" href=\"https:\/\/ekkla.ch\/de\/produit\/hangeleuchte-norm-69-small-lampenschirm-normann-copenhagen\/\" \/>\n<meta property=\"og:locale\" content=\"de_DE\" \/>\n<meta property=\"og:type\" content=\"article\" \/>\n<meta property=\"og:title\" content=\"H\u00e4ngeleuchte Norm 69 small - \u00d842 cm - Normann Copenhagen\" \/>\n<meta property=\"og:description\" content=\"Eine sch\u00f6ne Aufh\u00e4ngung, die Sie selbst zusammenbauen k\u00f6nnen. Sie ist mehr als eine Lampe, sie ist ein echtes Dekorationsobjekt, das Ihr Interieur stilvoll erhellen wird.\" \/>\n<meta property=\"og:url\" content=\"https:\/\/ekkla.ch\/de\/produit\/hangeleuchte-norm-69-small-lampenschirm-normann-copenhagen\/\" \/>\n<meta property=\"og:site_name\" content=\"Ekkla\" \/>\n<meta property=\"article:modified_time\" content=\"2022-09-01T08:18:51+00:00\" \/>\n<meta property=\"og:image\" content=\"https:\/\/ekkla.ch\/wp-content\/uploads\/2020\/09\/Suspension_norm69_small.png\" \/>\n\t<meta property=\"og:image:width\" content=\"1771\" \/>\n\t<meta property=\"og:image:height\" content=\"1771\" \/>\n\t<meta property=\"og:image:type\" content=\"image\/png\" \/>\n<meta name=\"twitter:card\" content=\"summary_large_image\" \/>\n<meta name=\"twitter:label1\" content=\"Gesch\u00e4tzte Lesezeit\" \/>\n\t<meta name=\"twitter:data1\" content=\"1\u00a0Minute\" \/>\n<script type=\"application\/ld+json\" class=\"yoast-schema-graph\">{\"@context\":\"https:\/\/schema.org\",\"@graph\":[{\"@type\":\"WebPage\",\"@id\":\"https:\/\/ekkla.ch\/de\/produit\/hangeleuchte-norm-69-small-lampenschirm-normann-copenhagen\/\",\"url\":\"https:\/\/ekkla.ch\/de\/produit\/hangeleuchte-norm-69-small-lampenschirm-normann-copenhagen\/\",\"name\":\"Normann Copenhagen | H\u00e4ngeleuchte Norm 69 | Elegante Leuchte | Ekkla\",\"isPartOf\":{\"@id\":\"https:\/\/ekkla.ch\/#website\"},\"primaryImageOfPage\":{\"@id\":\"https:\/\/ekkla.ch\/de\/produit\/hangeleuchte-norm-69-small-lampenschirm-normann-copenhagen\/#primaryimage\"},\"image\":{\"@id\":\"https:\/\/ekkla.ch\/de\/produit\/hangeleuchte-norm-69-small-lampenschirm-normann-copenhagen\/#primaryimage\"},\"thumbnailUrl\":\"https:\/\/ekkla.ch\/wp-content\/uploads\/2020\/09\/Suspension_norm69_small.png\",\"datePublished\":\"2020-09-02T12:52:45+00:00\",\"dateModified\":\"2022-09-01T08:18:51+00:00\",\"description\":\"Eine sch\u00f6ne Aufh\u00e4ngung, die Sie selbst zusammenbauen k\u00f6nnen. Sie ist mehr als eine Lampe, sie ist ein echtes Dekorationsobjekt, das Ihr Interieur stilvoll erhellen wird.\",\"breadcrumb\":{\"@id\":\"https:\/\/ekkla.ch\/de\/produit\/hangeleuchte-norm-69-small-lampenschirm-normann-copenhagen\/#breadcrumb\"},\"inLanguage\":\"de\",\"potentialAction\":[{\"@type\":\"ReadAction\",\"target\":[\"https:\/\/ekkla.ch\/de\/produit\/hangeleuchte-norm-69-small-lampenschirm-normann-copenhagen\/\"]}]},{\"@type\":\"ImageObject\",\"inLanguage\":\"de\",\"@id\":\"https:\/\/ekkla.ch\/de\/produit\/hangeleuchte-norm-69-small-lampenschirm-normann-copenhagen\/#primaryimage\",\"url\":\"https:\/\/ekkla.ch\/wp-content\/uploads\/2020\/09\/Suspension_norm69_small.png\",\"contentUrl\":\"https:\/\/ekkla.ch\/wp-content\/uploads\/2020\/09\/Suspension_norm69_small.png\",\"width\":1771,\"height\":1771},{\"@type\":\"BreadcrumbList\",\"@id\":\"https:\/\/ekkla.ch\/de\/produit\/hangeleuchte-norm-69-small-lampenschirm-normann-copenhagen\/#breadcrumb\",\"itemListElement\":[{\"@type\":\"ListItem\",\"position\":1,\"name\":\"Home\",\"item\":\"https:\/\/ekkla.ch\/de\/\"},{\"@type\":\"ListItem\",\"position\":2,\"name\":\"Shop\",\"item\":\"https:\/\/ekkla.ch\/de\/shop\/\"},{\"@type\":\"ListItem\",\"position\":3,\"name\":\"H\u00e4ngeleuchte Norm 69 small &#8211; \u00d842 cm &#8211; Normann Copenhagen\"}]},{\"@type\":\"WebSite\",\"@id\":\"https:\/\/ekkla.ch\/#website\",\"url\":\"https:\/\/ekkla.ch\/\",\"name\":\"Ekkla\",\"description\":\"Der Onlineshop f\u00fcr Beleuchtung\",\"publisher\":{\"@id\":\"https:\/\/ekkla.ch\/#organization\"},\"potentialAction\":[{\"@type\":\"SearchAction\",\"target\":{\"@type\":\"EntryPoint\",\"urlTemplate\":\"https:\/\/ekkla.ch\/?s={search_term_string}\"},\"query-input\":\"required name=search_term_string\"}],\"inLanguage\":\"de\"},{\"@type\":\"Organization\",\"@id\":\"https:\/\/ekkla.ch\/#organization\",\"name\":\"Ekkla\",\"url\":\"https:\/\/ekkla.ch\/\",\"logo\":{\"@type\":\"ImageObject\",\"inLanguage\":\"de\",\"@id\":\"https:\/\/ekkla.ch\/#\/schema\/logo\/image\/\",\"url\":\"http:\/\/ekkla.ch\/wp-content\/uploads\/2019\/07\/logo-1.svg\",\"contentUrl\":\"http:\/\/ekkla.ch\/wp-content\/uploads\/2019\/07\/logo-1.svg\",\"width\":1,\"height\":1,\"caption\":\"Ekkla\"},\"image\":{\"@id\":\"https:\/\/ekkla.ch\/#\/schema\/logo\/image\/\"},\"sameAs\":[\"https:\/\/www.instagram.com\/ekkla_light\/\"]}]}<\/script>\n<!-- \/ Yoast SEO Premium plugin. -->","yoast_head_json":{"title":"Normann Copenhagen | H\u00e4ngeleuchte Norm 69 | Elegante Leuchte | Ekkla","description":"Eine sch\u00f6ne Aufh\u00e4ngung, die Sie selbst zusammenbauen k\u00f6nnen. Sie ist mehr als eine Lampe, sie ist ein echtes Dekorationsobjekt, das Ihr Interieur stilvoll erhellen wird.","robots":{"index":"index","follow":"follow","max-snippet":"max-snippet:-1","max-image-preview":"max-image-preview:large","max-video-preview":"max-video-preview:-1"},"canonical":"https:\/\/ekkla.ch\/de\/produit\/hangeleuchte-norm-69-small-lampenschirm-normann-copenhagen\/","og_locale":"de_DE","og_type":"article","og_title":"H\u00e4ngeleuchte Norm 69 small - \u00d842 cm - Normann Copenhagen","og_description":"Eine sch\u00f6ne Aufh\u00e4ngung, die Sie selbst zusammenbauen k\u00f6nnen. Sie ist mehr als eine Lampe, sie ist ein echtes Dekorationsobjekt, das Ihr Interieur stilvoll erhellen wird.","og_url":"https:\/\/ekkla.ch\/de\/produit\/hangeleuchte-norm-69-small-lampenschirm-normann-copenhagen\/","og_site_name":"Ekkla","article_modified_time":"2022-09-01T08:18:51+00:00","og_image":[{"width":1771,"height":1771,"url":"https:\/\/ekkla.ch\/wp-content\/uploads\/2020\/09\/Suspension_norm69_small.png","type":"image\/png"}],"twitter_card":"summary_large_image","twitter_misc":{"Gesch\u00e4tzte Lesezeit":"1\u00a0Minute"},"schema":{"@context":"https:\/\/schema.org","@graph":[{"@type":"WebPage","@id":"https:\/\/ekkla.ch\/de\/produit\/hangeleuchte-norm-69-small-lampenschirm-normann-copenhagen\/","url":"https:\/\/ekkla.ch\/de\/produit\/hangeleuchte-norm-69-small-lampenschirm-normann-copenhagen\/","name":"Normann Copenhagen | H\u00e4ngeleuchte Norm 69 | Elegante Leuchte | Ekkla","isPartOf":{"@id":"https:\/\/ekkla.ch\/#website"},"primaryImageOfPage":{"@id":"https:\/\/ekkla.ch\/de\/produit\/hangeleuchte-norm-69-small-lampenschirm-normann-copenhagen\/#primaryimage"},"image":{"@id":"https:\/\/ekkla.ch\/de\/produit\/hangeleuchte-norm-69-small-lampenschirm-normann-copenhagen\/#primaryimage"},"thumbnailUrl":"https:\/\/ekkla.ch\/wp-content\/uploads\/2020\/09\/Suspension_norm69_small.png","datePublished":"2020-09-02T12:52:45+00:00","dateModified":"2022-09-01T08:18:51+00:00","description":"Eine sch\u00f6ne Aufh\u00e4ngung, die Sie selbst zusammenbauen k\u00f6nnen. Sie ist mehr als eine Lampe, sie ist ein echtes Dekorationsobjekt, das Ihr Interieur stilvoll erhellen wird.","breadcrumb":{"@id":"https:\/\/ekkla.ch\/de\/produit\/hangeleuchte-norm-69-small-lampenschirm-normann-copenhagen\/#breadcrumb"},"inLanguage":"de","potentialAction":[{"@type":"ReadAction","target":["https:\/\/ekkla.ch\/de\/produit\/hangeleuchte-norm-69-small-lampenschirm-normann-copenhagen\/"]}]},{"@type":"ImageObject","inLanguage":"de","@id":"https:\/\/ekkla.ch\/de\/produit\/hangeleuchte-norm-69-small-lampenschirm-normann-copenhagen\/#primaryimage","url":"https:\/\/ekkla.ch\/wp-content\/uploads\/2020\/09\/Suspension_norm69_small.png","contentUrl":"https:\/\/ekkla.ch\/wp-content\/uploads\/2020\/09\/Suspension_norm69_small.png","width":1771,"height":1771},{"@type":"BreadcrumbList","@id":"https:\/\/ekkla.ch\/de\/produit\/hangeleuchte-norm-69-small-lampenschirm-normann-copenhagen\/#breadcrumb","itemListElement":[{"@type":"ListItem","position":1,"name":"Home","item":"https:\/\/ekkla.ch\/de\/"},{"@type":"ListItem","position":2,"name":"Shop","item":"https:\/\/ekkla.ch\/de\/shop\/"},{"@type":"ListItem","position":3,"name":"H\u00e4ngeleuchte Norm 69 small &#8211; \u00d842 cm &#8211; Normann Copenhagen"}]},{"@type":"WebSite","@id":"https:\/\/ekkla.ch\/#website","url":"https:\/\/ekkla.ch\/","name":"Ekkla","description":"Der Onlineshop f\u00fcr Beleuchtung","publisher":{"@id":"https:\/\/ekkla.ch\/#organization"},"potentialAction":[{"@type":"SearchAction","target":{"@type":"EntryPoint","urlTemplate":"https:\/\/ekkla.ch\/?s={search_term_string}"},"query-input":"required name=search_term_string"}],"inLanguage":"de"},{"@type":"Organization","@id":"https:\/\/ekkla.ch\/#organization","name":"Ekkla","url":"https:\/\/ekkla.ch\/","logo":{"@type":"ImageObject","inLanguage":"de","@id":"https:\/\/ekkla.ch\/#\/schema\/logo\/image\/","url":"http:\/\/ekkla.ch\/wp-content\/uploads\/2019\/07\/logo-1.svg","contentUrl":"http:\/\/ekkla.ch\/wp-content\/uploads\/2019\/07\/logo-1.svg","width":1,"height":1,"caption":"Ekkla"},"image":{"@id":"https:\/\/ekkla.ch\/#\/schema\/logo\/image\/"},"sameAs":["https:\/\/www.instagram.com\/ekkla_light\/"]}]}},"_links":{"self":[{"href":"https:\/\/ekkla.ch\/de\/wp-json\/wp\/v2\/product\/32958"}],"collection":[{"href":"https:\/\/ekkla.ch\/de\/wp-json\/wp\/v2\/product"}],"about":[{"href":"https:\/\/ekkla.ch\/de\/wp-json\/wp\/v2\/types\/product"}],"wp:featuredmedia":[{"embeddable":true,"href":"https:\/\/ekkla.ch\/de\/wp-json\/wp\/v2\/media\/32983"}],"wp:attachment":[{"href":"https:\/\/ekkla.ch\/de\/wp-json\/wp\/v2\/media?parent=32958"}],"wp:term":[{"taxonomy":"product_cat","embeddable":true,"href":"https:\/\/ekkla.ch\/de\/wp-json\/wp\/v2\/product_cat?post=32958"},{"taxonomy":"product_tag","embeddable":true,"href":"https:\/\/ekkla.ch\/de\/wp-json\/wp\/v2\/product_tag?post=32958"}],"curies":[{"name":"wp","href":"https:\/\/api.w.org\/{rel}","templated":true}]}}