{"id":33024,"date":"2020-09-02T16:59:17","date_gmt":"2020-09-02T14:59:18","guid":{"rendered":"https:\/\/ekkla.ch\/?post_type=product&#038;p=33024"},"modified":"2022-08-16T15:56:20","modified_gmt":"2022-08-16T13:56:20","slug":"hangeleuchte-amp-brass-small-normann-copenhagen","status":"publish","type":"product","link":"https:\/\/ekkla.ch\/de\/produit\/hangeleuchte-amp-brass-small-normann-copenhagen\/","title":{"rendered":"H\u00e4ngeleuchte Amp brass small &#8211; Normann Copenhagen"},"content":{"rendered":"<div id=\"attribute-short_description\" class=\"product attribute overview\">\n<div class=\"value\">\n<div class=\"container\">\n<div id=\"attribute-short_description\" class=\"product attribute overview\">\n<div class=\"value\">\n<div class=\"container\">\n<p>Die H\u00e4ngeleuchte Amp ist eine Mischung aus Retro-Charme und zeitgen\u00f6ssischer Reinheit und besteht aus einer Kombination edler Materialien. Der d\u00fcnne Lampenschirm aus farbigem Glas wird von einem Marmorst\u00fcck gekr\u00f6nt wird. Die Zartheit des Lampenschirms, leicht wie eine Blase, wird durch den glamour\u00f6sen Aspekt des Marmors ausgeglichen. Die hochwertigen Materialien sowie die bearbeitete Form des Lampenschirms verleihen dieser H\u00e4ngeleuchte einen anspruchsvollen und zeitlosen Geist, der den gr\u00f6ssten Designikonen w\u00fcrdig ist.<\/p>\n<p>Die Kollektion &#8222;Amp&#8220; wurde von dem d\u00e4nischen Designer Simon Legald entworfen. Die Idee f\u00fcr die Form dieser Lampen kam ihm, als er ein altes Radio aus den 60er Jahren reparierte: das Gl\u00fchen des R\u00f6hrenverst\u00e4rkers faszinierte ihn. Die schlichte, ovale Form des Schirms sowie der besondere Lichtstrahl erinnern an dieses Ereignis. Auch der Name der Kollektion steht als Abk\u00fcrzung f\u00fcr die englische Bezeichnung des <em>amplifiers<\/em>, also des R\u00f6hrenverst\u00e4rkers. Gl\u00fchbirne nicht inbegriffen.<\/p>\n<\/div>\n<\/div>\n<\/div>\n<\/div>\n<\/div>\n<\/div>\n<blockquote>\n<h2>Merkmale &amp; Eigenschaften<\/h2>\n<p><strong>Marke<\/strong> Normann Copenhagen<\/p>\n<p><strong>Farbe<\/strong> Messing<\/p>\n<p><strong>Materialien\u00a0<\/strong>Glass| Metal<\/p>\n<p><strong>Gl\u00fchbirne<\/strong> E14<\/p>\n<p><strong>H\u00f6he (cm) <\/strong>17<\/p>\n<p><strong>Durchmesser (cm) <\/strong>14<\/p>\n<p><strong>Gewicht (kg)<\/strong> 0.6<\/p><\/blockquote>\n","protected":false},"excerpt":{"rendered":"<p>Die H\u00e4ngeleuchte Amp ist eine Mischung aus Retro-Charme und zeitgen\u00f6ssischer Reinheit und besteht aus einer Kombination edler Materialien. Der d\u00fcnne Lampenschirm aus farbigem Glas wird von einem Marmorst\u00fcck gekr\u00f6nt wird. Die Zartheit des Lampenschirms, leicht wie eine Blase, wird durch den glamour\u00f6sen Aspekt des Marmors ausgeglichen. Die hochwertigen Materialien sowie die bearbeitete Form des Lampenschirms [&hellip;]<\/p>\n","protected":false},"featured_media":33035,"template":"","meta":{"_acf_changed":false,"om_disable_all_campaigns":false},"product_cat":[291],"product_tag":[1256,898,1188,1265,816,777,856],"bundled_by":[],"bundle_stock_status":"onbackorder","bundle_stock_quantity":0,"bundle_virtual":false,"bundle_layout":"","bundle_add_to_cart_form_location":"","bundle_editable_in_cart":false,"bundle_sold_individually_context":"","bundle_item_grouping":"","bundle_min_size":"","bundle_max_size":"","bundle_price":[],"bundled_items":[],"bundle_sell_ids":[],"acf":[],"yoast_head":"<!-- This site is optimized with the Yoast SEO Premium plugin v22.2 (Yoast SEO v22.8) - https:\/\/yoast.com\/wordpress\/plugins\/seo\/ -->\n<title>Normann Copenhagen | H\u00e4ngeleuchte Amp brass | Elegante Leuchte | Ekkla<\/title>\n<meta name=\"description\" content=\"Als Mischung aus Retro-Charme und zeitgen\u00f6ssischem Design bietet die Amp H\u00e4ngeleuchte eine sch\u00f6ne Kombination edler Materialien. Ein tolles dekoratives Objekt.\" \/>\n<meta name=\"robots\" content=\"index, follow, max-snippet:-1, max-image-preview:large, max-video-preview:-1\" \/>\n<link rel=\"canonical\" href=\"https:\/\/ekkla.ch\/de\/produit\/hangeleuchte-amp-brass-small-normann-copenhagen\/\" \/>\n<meta property=\"og:locale\" content=\"de_DE\" \/>\n<meta property=\"og:type\" content=\"article\" \/>\n<meta property=\"og:title\" content=\"H\u00e4ngeleuchte Amp brass small - Normann Copenhagen\" \/>\n<meta property=\"og:description\" content=\"Als Mischung aus Retro-Charme und zeitgen\u00f6ssischem Design bietet die Amp H\u00e4ngeleuchte eine sch\u00f6ne Kombination edler Materialien. Ein tolles dekoratives Objekt.\" \/>\n<meta property=\"og:url\" content=\"https:\/\/ekkla.ch\/de\/produit\/hangeleuchte-amp-brass-small-normann-copenhagen\/\" \/>\n<meta property=\"og:site_name\" content=\"Ekkla\" \/>\n<meta property=\"article:modified_time\" content=\"2022-08-16T13:56:20+00:00\" \/>\n<meta property=\"og:image\" content=\"https:\/\/ekkla.ch\/wp-content\/uploads\/2020\/09\/Suspension_Amp_4.png\" \/>\n\t<meta property=\"og:image:width\" content=\"1771\" \/>\n\t<meta property=\"og:image:height\" content=\"1771\" \/>\n\t<meta property=\"og:image:type\" content=\"image\/png\" \/>\n<meta name=\"twitter:card\" content=\"summary_large_image\" \/>\n<meta name=\"twitter:label1\" content=\"Gesch\u00e4tzte Lesezeit\" \/>\n\t<meta name=\"twitter:data1\" content=\"1\u00a0Minute\" \/>\n<script type=\"application\/ld+json\" class=\"yoast-schema-graph\">{\"@context\":\"https:\/\/schema.org\",\"@graph\":[{\"@type\":\"WebPage\",\"@id\":\"https:\/\/ekkla.ch\/de\/produit\/hangeleuchte-amp-brass-small-normann-copenhagen\/\",\"url\":\"https:\/\/ekkla.ch\/de\/produit\/hangeleuchte-amp-brass-small-normann-copenhagen\/\",\"name\":\"Normann Copenhagen | H\u00e4ngeleuchte Amp brass | Elegante Leuchte | Ekkla\",\"isPartOf\":{\"@id\":\"https:\/\/ekkla.ch\/#website\"},\"primaryImageOfPage\":{\"@id\":\"https:\/\/ekkla.ch\/de\/produit\/hangeleuchte-amp-brass-small-normann-copenhagen\/#primaryimage\"},\"image\":{\"@id\":\"https:\/\/ekkla.ch\/de\/produit\/hangeleuchte-amp-brass-small-normann-copenhagen\/#primaryimage\"},\"thumbnailUrl\":\"https:\/\/ekkla.ch\/wp-content\/uploads\/2020\/09\/Suspension_Amp_4.png\",\"datePublished\":\"2020-09-02T14:59:18+00:00\",\"dateModified\":\"2022-08-16T13:56:20+00:00\",\"description\":\"Als Mischung aus Retro-Charme und zeitgen\u00f6ssischem Design bietet die Amp H\u00e4ngeleuchte eine sch\u00f6ne Kombination edler Materialien. Ein tolles dekoratives Objekt.\",\"breadcrumb\":{\"@id\":\"https:\/\/ekkla.ch\/de\/produit\/hangeleuchte-amp-brass-small-normann-copenhagen\/#breadcrumb\"},\"inLanguage\":\"de\",\"potentialAction\":[{\"@type\":\"ReadAction\",\"target\":[\"https:\/\/ekkla.ch\/de\/produit\/hangeleuchte-amp-brass-small-normann-copenhagen\/\"]}]},{\"@type\":\"ImageObject\",\"inLanguage\":\"de\",\"@id\":\"https:\/\/ekkla.ch\/de\/produit\/hangeleuchte-amp-brass-small-normann-copenhagen\/#primaryimage\",\"url\":\"https:\/\/ekkla.ch\/wp-content\/uploads\/2020\/09\/Suspension_Amp_4.png\",\"contentUrl\":\"https:\/\/ekkla.ch\/wp-content\/uploads\/2020\/09\/Suspension_Amp_4.png\",\"width\":1771,\"height\":1771},{\"@type\":\"BreadcrumbList\",\"@id\":\"https:\/\/ekkla.ch\/de\/produit\/hangeleuchte-amp-brass-small-normann-copenhagen\/#breadcrumb\",\"itemListElement\":[{\"@type\":\"ListItem\",\"position\":1,\"name\":\"Home\",\"item\":\"https:\/\/ekkla.ch\/de\/\"},{\"@type\":\"ListItem\",\"position\":2,\"name\":\"Shop\",\"item\":\"https:\/\/ekkla.ch\/de\/shop\/\"},{\"@type\":\"ListItem\",\"position\":3,\"name\":\"H\u00e4ngeleuchte Amp brass small &#8211; Normann Copenhagen\"}]},{\"@type\":\"WebSite\",\"@id\":\"https:\/\/ekkla.ch\/#website\",\"url\":\"https:\/\/ekkla.ch\/\",\"name\":\"Ekkla\",\"description\":\"Der Onlineshop f\u00fcr Beleuchtung\",\"publisher\":{\"@id\":\"https:\/\/ekkla.ch\/#organization\"},\"potentialAction\":[{\"@type\":\"SearchAction\",\"target\":{\"@type\":\"EntryPoint\",\"urlTemplate\":\"https:\/\/ekkla.ch\/?s={search_term_string}\"},\"query-input\":\"required name=search_term_string\"}],\"inLanguage\":\"de\"},{\"@type\":\"Organization\",\"@id\":\"https:\/\/ekkla.ch\/#organization\",\"name\":\"Ekkla\",\"url\":\"https:\/\/ekkla.ch\/\",\"logo\":{\"@type\":\"ImageObject\",\"inLanguage\":\"de\",\"@id\":\"https:\/\/ekkla.ch\/#\/schema\/logo\/image\/\",\"url\":\"http:\/\/ekkla.ch\/wp-content\/uploads\/2019\/07\/logo-1.svg\",\"contentUrl\":\"http:\/\/ekkla.ch\/wp-content\/uploads\/2019\/07\/logo-1.svg\",\"width\":1,\"height\":1,\"caption\":\"Ekkla\"},\"image\":{\"@id\":\"https:\/\/ekkla.ch\/#\/schema\/logo\/image\/\"},\"sameAs\":[\"https:\/\/www.instagram.com\/ekkla_light\/\"]}]}<\/script>\n<!-- \/ Yoast SEO Premium plugin. -->","yoast_head_json":{"title":"Normann Copenhagen | H\u00e4ngeleuchte Amp brass | Elegante Leuchte | Ekkla","description":"Als Mischung aus Retro-Charme und zeitgen\u00f6ssischem Design bietet die Amp H\u00e4ngeleuchte eine sch\u00f6ne Kombination edler Materialien. Ein tolles dekoratives Objekt.","robots":{"index":"index","follow":"follow","max-snippet":"max-snippet:-1","max-image-preview":"max-image-preview:large","max-video-preview":"max-video-preview:-1"},"canonical":"https:\/\/ekkla.ch\/de\/produit\/hangeleuchte-amp-brass-small-normann-copenhagen\/","og_locale":"de_DE","og_type":"article","og_title":"H\u00e4ngeleuchte Amp brass small - Normann Copenhagen","og_description":"Als Mischung aus Retro-Charme und zeitgen\u00f6ssischem Design bietet die Amp H\u00e4ngeleuchte eine sch\u00f6ne Kombination edler Materialien. Ein tolles dekoratives Objekt.","og_url":"https:\/\/ekkla.ch\/de\/produit\/hangeleuchte-amp-brass-small-normann-copenhagen\/","og_site_name":"Ekkla","article_modified_time":"2022-08-16T13:56:20+00:00","og_image":[{"width":1771,"height":1771,"url":"https:\/\/ekkla.ch\/wp-content\/uploads\/2020\/09\/Suspension_Amp_4.png","type":"image\/png"}],"twitter_card":"summary_large_image","twitter_misc":{"Gesch\u00e4tzte Lesezeit":"1\u00a0Minute"},"schema":{"@context":"https:\/\/schema.org","@graph":[{"@type":"WebPage","@id":"https:\/\/ekkla.ch\/de\/produit\/hangeleuchte-amp-brass-small-normann-copenhagen\/","url":"https:\/\/ekkla.ch\/de\/produit\/hangeleuchte-amp-brass-small-normann-copenhagen\/","name":"Normann Copenhagen | H\u00e4ngeleuchte Amp brass | Elegante Leuchte | Ekkla","isPartOf":{"@id":"https:\/\/ekkla.ch\/#website"},"primaryImageOfPage":{"@id":"https:\/\/ekkla.ch\/de\/produit\/hangeleuchte-amp-brass-small-normann-copenhagen\/#primaryimage"},"image":{"@id":"https:\/\/ekkla.ch\/de\/produit\/hangeleuchte-amp-brass-small-normann-copenhagen\/#primaryimage"},"thumbnailUrl":"https:\/\/ekkla.ch\/wp-content\/uploads\/2020\/09\/Suspension_Amp_4.png","datePublished":"2020-09-02T14:59:18+00:00","dateModified":"2022-08-16T13:56:20+00:00","description":"Als Mischung aus Retro-Charme und zeitgen\u00f6ssischem Design bietet die Amp H\u00e4ngeleuchte eine sch\u00f6ne Kombination edler Materialien. Ein tolles dekoratives Objekt.","breadcrumb":{"@id":"https:\/\/ekkla.ch\/de\/produit\/hangeleuchte-amp-brass-small-normann-copenhagen\/#breadcrumb"},"inLanguage":"de","potentialAction":[{"@type":"ReadAction","target":["https:\/\/ekkla.ch\/de\/produit\/hangeleuchte-amp-brass-small-normann-copenhagen\/"]}]},{"@type":"ImageObject","inLanguage":"de","@id":"https:\/\/ekkla.ch\/de\/produit\/hangeleuchte-amp-brass-small-normann-copenhagen\/#primaryimage","url":"https:\/\/ekkla.ch\/wp-content\/uploads\/2020\/09\/Suspension_Amp_4.png","contentUrl":"https:\/\/ekkla.ch\/wp-content\/uploads\/2020\/09\/Suspension_Amp_4.png","width":1771,"height":1771},{"@type":"BreadcrumbList","@id":"https:\/\/ekkla.ch\/de\/produit\/hangeleuchte-amp-brass-small-normann-copenhagen\/#breadcrumb","itemListElement":[{"@type":"ListItem","position":1,"name":"Home","item":"https:\/\/ekkla.ch\/de\/"},{"@type":"ListItem","position":2,"name":"Shop","item":"https:\/\/ekkla.ch\/de\/shop\/"},{"@type":"ListItem","position":3,"name":"H\u00e4ngeleuchte Amp brass small &#8211; Normann Copenhagen"}]},{"@type":"WebSite","@id":"https:\/\/ekkla.ch\/#website","url":"https:\/\/ekkla.ch\/","name":"Ekkla","description":"Der Onlineshop f\u00fcr Beleuchtung","publisher":{"@id":"https:\/\/ekkla.ch\/#organization"},"potentialAction":[{"@type":"SearchAction","target":{"@type":"EntryPoint","urlTemplate":"https:\/\/ekkla.ch\/?s={search_term_string}"},"query-input":"required name=search_term_string"}],"inLanguage":"de"},{"@type":"Organization","@id":"https:\/\/ekkla.ch\/#organization","name":"Ekkla","url":"https:\/\/ekkla.ch\/","logo":{"@type":"ImageObject","inLanguage":"de","@id":"https:\/\/ekkla.ch\/#\/schema\/logo\/image\/","url":"http:\/\/ekkla.ch\/wp-content\/uploads\/2019\/07\/logo-1.svg","contentUrl":"http:\/\/ekkla.ch\/wp-content\/uploads\/2019\/07\/logo-1.svg","width":1,"height":1,"caption":"Ekkla"},"image":{"@id":"https:\/\/ekkla.ch\/#\/schema\/logo\/image\/"},"sameAs":["https:\/\/www.instagram.com\/ekkla_light\/"]}]}},"_links":{"self":[{"href":"https:\/\/ekkla.ch\/de\/wp-json\/wp\/v2\/product\/33024"}],"collection":[{"href":"https:\/\/ekkla.ch\/de\/wp-json\/wp\/v2\/product"}],"about":[{"href":"https:\/\/ekkla.ch\/de\/wp-json\/wp\/v2\/types\/product"}],"wp:featuredmedia":[{"embeddable":true,"href":"https:\/\/ekkla.ch\/de\/wp-json\/wp\/v2\/media\/33035"}],"wp:attachment":[{"href":"https:\/\/ekkla.ch\/de\/wp-json\/wp\/v2\/media?parent=33024"}],"wp:term":[{"taxonomy":"product_cat","embeddable":true,"href":"https:\/\/ekkla.ch\/de\/wp-json\/wp\/v2\/product_cat?post=33024"},{"taxonomy":"product_tag","embeddable":true,"href":"https:\/\/ekkla.ch\/de\/wp-json\/wp\/v2\/product_tag?post=33024"}],"curies":[{"name":"wp","href":"https:\/\/api.w.org\/{rel}","templated":true}]}}