{"id":33125,"date":"2020-09-03T10:44:06","date_gmt":"2020-09-03T08:44:06","guid":{"rendered":"https:\/\/ekkla.ch\/?post_type=product&#038;p=33125"},"modified":"2022-09-01T10:16:30","modified_gmt":"2022-09-01T08:16:30","slug":"hangeleuchte-bell-sand-normann-copenhagen-copie","status":"publish","type":"product","link":"https:\/\/ekkla.ch\/de\/produit\/hangeleuchte-bell-sand-normann-copenhagen-copie\/","title":{"rendered":"H\u00e4ngeleuchte Bell \u00d842 cm &#8211; sand &#8211; Normann Copenhagen"},"content":{"rendered":"<div id=\"attribute-short_description\" class=\"product attribute overview\">\n<div class=\"value\">\n<div class=\"container\">\n<div id=\"attribute-short_description\" class=\"product attribute overview\">\n<div class=\"value\">\n<div class=\"container\">\n<p>Diese H\u00e4ngelampe ist das Ergebnis einer ausf\u00fchrlichen Materialstudie und hat eine erstaunliche Ausdruckskraft. Der Lampenschirm aus Stahl mit Diffusor aus Plexiglas zeichnet sich durch seine matte Oberfl\u00e4che und seine unregelm\u00e4ssigen Formen aus. Die ungeschliffene Form und die kr\u00e4ftigen Linien werden durch die Verwendung eines industriell anmutenden Materials verst\u00e4rkt. Ihre scheinbare Schlichtheit verhilft &#8222;Bell&#8220; zur Ruhe &#8211; und l\u00e4sst daraus einen Funken Sch\u00f6nheit entspringen. Wie die Kirchglocken, die seit Jahrhunderten zum Zweck der Erinnerung und Versammlung eingesetzt werden, soll auch diese H\u00e4ngelampe als Treffpunkt inmitten eines Raumes oder Zuhauses dienen.<br \/>\n&#8222;Bell&#8220; l\u00e4sst eine tolle, ged\u00e4mpfte Lichtatmosph\u00e4re entstehen. Diese elegante H\u00e4ngelampe passt sowohl in moderne wie auch in klassischere Einrichtungsstile. Zu mehreren \u00fcber einem Tisch aufgeh\u00e4ngt entfaltet sie eine tolle dekorative Wirkung.<\/p>\n<\/div>\n<\/div>\n<\/div>\n<\/div>\n<\/div>\n<\/div>\n<blockquote>\n<h2>Merkmale &amp; Eigenschaften<\/h2>\n<p><strong>Marke<\/strong> Normann Copenhagen<\/p>\n<p><strong>Farbe<\/strong> Sandfarbe<\/p>\n<p><strong>Material<\/strong> Aluminium<\/p>\n<p><strong>Gl\u00fchbirne<\/strong> E27<\/p>\n<p><strong>H\u00f6he (cm)<\/strong> 44<\/p>\n<p><strong>Durchmesser (cm) <\/strong>42<\/p>\n<p><strong>Gewicht (kg)<\/strong> 3.1<\/p>\n<p><strong>Max. Kabell\u00e4nge (cm)<\/strong> 400<\/p><\/blockquote>\n","protected":false},"excerpt":{"rendered":"<p>Diese H\u00e4ngelampe ist das Ergebnis einer ausf\u00fchrlichen Materialstudie und hat eine erstaunliche Ausdruckskraft. Der Lampenschirm aus Stahl mit Diffusor aus Plexiglas zeichnet sich durch seine matte Oberfl\u00e4che und seine unregelm\u00e4ssigen Formen aus. Die ungeschliffene Form und die kr\u00e4ftigen Linien werden durch die Verwendung eines industriell anmutenden Materials verst\u00e4rkt. Ihre scheinbare Schlichtheit verhilft &#8222;Bell&#8220; zur Ruhe [&hellip;]<\/p>\n","protected":false},"featured_media":33133,"template":"","meta":{"_acf_changed":false,"om_disable_all_campaigns":false},"product_cat":[291],"product_tag":[1256,898,554,1188,1265,816,777,856],"bundled_by":[],"bundle_stock_status":"onbackorder","bundle_stock_quantity":1,"bundle_virtual":false,"bundle_layout":"","bundle_add_to_cart_form_location":"","bundle_editable_in_cart":false,"bundle_sold_individually_context":"","bundle_item_grouping":"","bundle_min_size":"","bundle_max_size":"","bundle_price":[],"bundled_items":[],"bundle_sell_ids":[],"acf":[],"yoast_head":"<!-- This site is optimized with the Yoast SEO Premium plugin v22.2 (Yoast SEO v22.8) - https:\/\/yoast.com\/wordpress\/plugins\/seo\/ -->\n<title>Normann Copenhagen | H\u00e4ngeleuchte Bell | Elegante Leuchte | Ekkla<\/title>\n<meta name=\"description\" content=\"Die Aufh\u00e4ngung schafft eine herrlich ged\u00e4mpfte Lichtatmosph\u00e4re und f\u00fcgt sich elegant in moderne wie auch klassische Innenr\u00e4ume ein.\" \/>\n<meta name=\"robots\" content=\"index, follow, max-snippet:-1, max-image-preview:large, max-video-preview:-1\" \/>\n<link rel=\"canonical\" href=\"https:\/\/ekkla.ch\/de\/produit\/hangeleuchte-bell-sand-normann-copenhagen-copie\/\" \/>\n<meta property=\"og:locale\" content=\"de_DE\" \/>\n<meta property=\"og:type\" content=\"article\" \/>\n<meta property=\"og:title\" content=\"H\u00e4ngeleuchte Bell \u00d842 cm - sand - Normann Copenhagen\" \/>\n<meta property=\"og:description\" content=\"Die Aufh\u00e4ngung schafft eine herrlich ged\u00e4mpfte Lichtatmosph\u00e4re und f\u00fcgt sich elegant in moderne wie auch klassische Innenr\u00e4ume ein.\" \/>\n<meta property=\"og:url\" content=\"https:\/\/ekkla.ch\/de\/produit\/hangeleuchte-bell-sand-normann-copenhagen-copie\/\" \/>\n<meta property=\"og:site_name\" content=\"Ekkla\" \/>\n<meta property=\"article:modified_time\" content=\"2022-09-01T08:16:30+00:00\" \/>\n<meta property=\"og:image\" content=\"https:\/\/ekkla.ch\/wp-content\/uploads\/2020\/09\/Suspension_bell_sand_4.png\" \/>\n\t<meta property=\"og:image:width\" content=\"1771\" \/>\n\t<meta property=\"og:image:height\" content=\"1771\" \/>\n\t<meta property=\"og:image:type\" content=\"image\/png\" \/>\n<meta name=\"twitter:card\" content=\"summary_large_image\" \/>\n<meta name=\"twitter:label1\" content=\"Gesch\u00e4tzte Lesezeit\" \/>\n\t<meta name=\"twitter:data1\" content=\"1\u00a0Minute\" \/>\n<script type=\"application\/ld+json\" class=\"yoast-schema-graph\">{\"@context\":\"https:\/\/schema.org\",\"@graph\":[{\"@type\":\"WebPage\",\"@id\":\"https:\/\/ekkla.ch\/de\/produit\/hangeleuchte-bell-sand-normann-copenhagen-copie\/\",\"url\":\"https:\/\/ekkla.ch\/de\/produit\/hangeleuchte-bell-sand-normann-copenhagen-copie\/\",\"name\":\"Normann Copenhagen | H\u00e4ngeleuchte Bell | Elegante Leuchte | Ekkla\",\"isPartOf\":{\"@id\":\"https:\/\/ekkla.ch\/#website\"},\"primaryImageOfPage\":{\"@id\":\"https:\/\/ekkla.ch\/de\/produit\/hangeleuchte-bell-sand-normann-copenhagen-copie\/#primaryimage\"},\"image\":{\"@id\":\"https:\/\/ekkla.ch\/de\/produit\/hangeleuchte-bell-sand-normann-copenhagen-copie\/#primaryimage\"},\"thumbnailUrl\":\"https:\/\/ekkla.ch\/wp-content\/uploads\/2020\/09\/Suspension_bell_sand_4.png\",\"datePublished\":\"2020-09-03T08:44:06+00:00\",\"dateModified\":\"2022-09-01T08:16:30+00:00\",\"description\":\"Die Aufh\u00e4ngung schafft eine herrlich ged\u00e4mpfte Lichtatmosph\u00e4re und f\u00fcgt sich elegant in moderne wie auch klassische Innenr\u00e4ume ein.\",\"breadcrumb\":{\"@id\":\"https:\/\/ekkla.ch\/de\/produit\/hangeleuchte-bell-sand-normann-copenhagen-copie\/#breadcrumb\"},\"inLanguage\":\"de\",\"potentialAction\":[{\"@type\":\"ReadAction\",\"target\":[\"https:\/\/ekkla.ch\/de\/produit\/hangeleuchte-bell-sand-normann-copenhagen-copie\/\"]}]},{\"@type\":\"ImageObject\",\"inLanguage\":\"de\",\"@id\":\"https:\/\/ekkla.ch\/de\/produit\/hangeleuchte-bell-sand-normann-copenhagen-copie\/#primaryimage\",\"url\":\"https:\/\/ekkla.ch\/wp-content\/uploads\/2020\/09\/Suspension_bell_sand_4.png\",\"contentUrl\":\"https:\/\/ekkla.ch\/wp-content\/uploads\/2020\/09\/Suspension_bell_sand_4.png\",\"width\":1771,\"height\":1771},{\"@type\":\"BreadcrumbList\",\"@id\":\"https:\/\/ekkla.ch\/de\/produit\/hangeleuchte-bell-sand-normann-copenhagen-copie\/#breadcrumb\",\"itemListElement\":[{\"@type\":\"ListItem\",\"position\":1,\"name\":\"Home\",\"item\":\"https:\/\/ekkla.ch\/de\/\"},{\"@type\":\"ListItem\",\"position\":2,\"name\":\"Shop\",\"item\":\"https:\/\/ekkla.ch\/de\/shop\/\"},{\"@type\":\"ListItem\",\"position\":3,\"name\":\"H\u00e4ngeleuchte Bell \u00d842 cm &#8211; sand &#8211; Normann Copenhagen\"}]},{\"@type\":\"WebSite\",\"@id\":\"https:\/\/ekkla.ch\/#website\",\"url\":\"https:\/\/ekkla.ch\/\",\"name\":\"Ekkla\",\"description\":\"Der Onlineshop f\u00fcr Beleuchtung\",\"publisher\":{\"@id\":\"https:\/\/ekkla.ch\/#organization\"},\"potentialAction\":[{\"@type\":\"SearchAction\",\"target\":{\"@type\":\"EntryPoint\",\"urlTemplate\":\"https:\/\/ekkla.ch\/?s={search_term_string}\"},\"query-input\":\"required name=search_term_string\"}],\"inLanguage\":\"de\"},{\"@type\":\"Organization\",\"@id\":\"https:\/\/ekkla.ch\/#organization\",\"name\":\"Ekkla\",\"url\":\"https:\/\/ekkla.ch\/\",\"logo\":{\"@type\":\"ImageObject\",\"inLanguage\":\"de\",\"@id\":\"https:\/\/ekkla.ch\/#\/schema\/logo\/image\/\",\"url\":\"http:\/\/ekkla.ch\/wp-content\/uploads\/2019\/07\/logo-1.svg\",\"contentUrl\":\"http:\/\/ekkla.ch\/wp-content\/uploads\/2019\/07\/logo-1.svg\",\"width\":1,\"height\":1,\"caption\":\"Ekkla\"},\"image\":{\"@id\":\"https:\/\/ekkla.ch\/#\/schema\/logo\/image\/\"},\"sameAs\":[\"https:\/\/www.instagram.com\/ekkla_light\/\"]}]}<\/script>\n<!-- \/ Yoast SEO Premium plugin. -->","yoast_head_json":{"title":"Normann Copenhagen | H\u00e4ngeleuchte Bell | Elegante Leuchte | Ekkla","description":"Die Aufh\u00e4ngung schafft eine herrlich ged\u00e4mpfte Lichtatmosph\u00e4re und f\u00fcgt sich elegant in moderne wie auch klassische Innenr\u00e4ume ein.","robots":{"index":"index","follow":"follow","max-snippet":"max-snippet:-1","max-image-preview":"max-image-preview:large","max-video-preview":"max-video-preview:-1"},"canonical":"https:\/\/ekkla.ch\/de\/produit\/hangeleuchte-bell-sand-normann-copenhagen-copie\/","og_locale":"de_DE","og_type":"article","og_title":"H\u00e4ngeleuchte Bell \u00d842 cm - sand - Normann Copenhagen","og_description":"Die Aufh\u00e4ngung schafft eine herrlich ged\u00e4mpfte Lichtatmosph\u00e4re und f\u00fcgt sich elegant in moderne wie auch klassische Innenr\u00e4ume ein.","og_url":"https:\/\/ekkla.ch\/de\/produit\/hangeleuchte-bell-sand-normann-copenhagen-copie\/","og_site_name":"Ekkla","article_modified_time":"2022-09-01T08:16:30+00:00","og_image":[{"width":1771,"height":1771,"url":"https:\/\/ekkla.ch\/wp-content\/uploads\/2020\/09\/Suspension_bell_sand_4.png","type":"image\/png"}],"twitter_card":"summary_large_image","twitter_misc":{"Gesch\u00e4tzte Lesezeit":"1\u00a0Minute"},"schema":{"@context":"https:\/\/schema.org","@graph":[{"@type":"WebPage","@id":"https:\/\/ekkla.ch\/de\/produit\/hangeleuchte-bell-sand-normann-copenhagen-copie\/","url":"https:\/\/ekkla.ch\/de\/produit\/hangeleuchte-bell-sand-normann-copenhagen-copie\/","name":"Normann Copenhagen | H\u00e4ngeleuchte Bell | Elegante Leuchte | Ekkla","isPartOf":{"@id":"https:\/\/ekkla.ch\/#website"},"primaryImageOfPage":{"@id":"https:\/\/ekkla.ch\/de\/produit\/hangeleuchte-bell-sand-normann-copenhagen-copie\/#primaryimage"},"image":{"@id":"https:\/\/ekkla.ch\/de\/produit\/hangeleuchte-bell-sand-normann-copenhagen-copie\/#primaryimage"},"thumbnailUrl":"https:\/\/ekkla.ch\/wp-content\/uploads\/2020\/09\/Suspension_bell_sand_4.png","datePublished":"2020-09-03T08:44:06+00:00","dateModified":"2022-09-01T08:16:30+00:00","description":"Die Aufh\u00e4ngung schafft eine herrlich ged\u00e4mpfte Lichtatmosph\u00e4re und f\u00fcgt sich elegant in moderne wie auch klassische Innenr\u00e4ume ein.","breadcrumb":{"@id":"https:\/\/ekkla.ch\/de\/produit\/hangeleuchte-bell-sand-normann-copenhagen-copie\/#breadcrumb"},"inLanguage":"de","potentialAction":[{"@type":"ReadAction","target":["https:\/\/ekkla.ch\/de\/produit\/hangeleuchte-bell-sand-normann-copenhagen-copie\/"]}]},{"@type":"ImageObject","inLanguage":"de","@id":"https:\/\/ekkla.ch\/de\/produit\/hangeleuchte-bell-sand-normann-copenhagen-copie\/#primaryimage","url":"https:\/\/ekkla.ch\/wp-content\/uploads\/2020\/09\/Suspension_bell_sand_4.png","contentUrl":"https:\/\/ekkla.ch\/wp-content\/uploads\/2020\/09\/Suspension_bell_sand_4.png","width":1771,"height":1771},{"@type":"BreadcrumbList","@id":"https:\/\/ekkla.ch\/de\/produit\/hangeleuchte-bell-sand-normann-copenhagen-copie\/#breadcrumb","itemListElement":[{"@type":"ListItem","position":1,"name":"Home","item":"https:\/\/ekkla.ch\/de\/"},{"@type":"ListItem","position":2,"name":"Shop","item":"https:\/\/ekkla.ch\/de\/shop\/"},{"@type":"ListItem","position":3,"name":"H\u00e4ngeleuchte Bell \u00d842 cm &#8211; sand &#8211; Normann Copenhagen"}]},{"@type":"WebSite","@id":"https:\/\/ekkla.ch\/#website","url":"https:\/\/ekkla.ch\/","name":"Ekkla","description":"Der Onlineshop f\u00fcr Beleuchtung","publisher":{"@id":"https:\/\/ekkla.ch\/#organization"},"potentialAction":[{"@type":"SearchAction","target":{"@type":"EntryPoint","urlTemplate":"https:\/\/ekkla.ch\/?s={search_term_string}"},"query-input":"required name=search_term_string"}],"inLanguage":"de"},{"@type":"Organization","@id":"https:\/\/ekkla.ch\/#organization","name":"Ekkla","url":"https:\/\/ekkla.ch\/","logo":{"@type":"ImageObject","inLanguage":"de","@id":"https:\/\/ekkla.ch\/#\/schema\/logo\/image\/","url":"http:\/\/ekkla.ch\/wp-content\/uploads\/2019\/07\/logo-1.svg","contentUrl":"http:\/\/ekkla.ch\/wp-content\/uploads\/2019\/07\/logo-1.svg","width":1,"height":1,"caption":"Ekkla"},"image":{"@id":"https:\/\/ekkla.ch\/#\/schema\/logo\/image\/"},"sameAs":["https:\/\/www.instagram.com\/ekkla_light\/"]}]}},"_links":{"self":[{"href":"https:\/\/ekkla.ch\/de\/wp-json\/wp\/v2\/product\/33125"}],"collection":[{"href":"https:\/\/ekkla.ch\/de\/wp-json\/wp\/v2\/product"}],"about":[{"href":"https:\/\/ekkla.ch\/de\/wp-json\/wp\/v2\/types\/product"}],"wp:featuredmedia":[{"embeddable":true,"href":"https:\/\/ekkla.ch\/de\/wp-json\/wp\/v2\/media\/33133"}],"wp:attachment":[{"href":"https:\/\/ekkla.ch\/de\/wp-json\/wp\/v2\/media?parent=33125"}],"wp:term":[{"taxonomy":"product_cat","embeddable":true,"href":"https:\/\/ekkla.ch\/de\/wp-json\/wp\/v2\/product_cat?post=33125"},{"taxonomy":"product_tag","embeddable":true,"href":"https:\/\/ekkla.ch\/de\/wp-json\/wp\/v2\/product_tag?post=33125"}],"curies":[{"name":"wp","href":"https:\/\/api.w.org\/{rel}","templated":true}]}}