{"id":34638,"date":"2020-09-18T12:17:18","date_gmt":"2020-09-18T10:17:19","guid":{"rendered":"https:\/\/ekkla.ch\/?post_type=product&#038;p=34638"},"modified":"2022-12-01T14:50:45","modified_gmt":"2022-12-01T13:50:45","slug":"kabellose-leuchte-transloetje-durchsichtig-h-255-led-fatboy","status":"publish","type":"product","link":"https:\/\/ekkla.ch\/de\/produit\/kabellose-leuchte-transloetje-durchsichtig-h-255-led-fatboy\/","title":{"rendered":"Kabellose Leuchte Transloetje &#8211; Durchsichtig &#8211; H.25,5 &#8211; LED &#8211; Fatboy"},"content":{"rendered":"<p>Optisch reduziert auf die wesentliche Grundform funktioniert die Akku-Tischleuchte Transloetje von Fatboy faszinierend anders. Transloetje ist mobil und\u00a0 leuchtet auch ohne Kabel und Schalter. Das Licht wird durch ein simples Ber\u00fchren des Lampenfusses angeschaltet: ganz modern, wie ein Touchscreen! Bei jedem Ber\u00fchren strahlt die Leuchte st\u00e4rker, bis der Zyklus nach 3 Intensit\u00e4tsstufen wieder von Vorne beginnt. Die energieschonende LED Birne spendet ein tolles, angenehmes Licht und bringt alle Aufmerksamkeit auf sich.<\/p>\n<p>Transloetje ist zwar f\u00fcr den Innengebrauch konzipiert, kann aber auch gesch\u00fctzt im Aussenbereich eingesetzt werden.<\/p>\n<h2>Merkmale &amp; Eigenschaften<\/h2>\n<p><strong>Marque<\/strong> Fatboy<\/p>\n<p><strong>Farbe \u00a0<\/strong>Durchsichtig<\/p>\n<p><strong>Material<\/strong> Polycarbonat<\/p>\n<p><strong>Gl\u00fchbirne<\/strong> Integrierte LED (2700 Kelvin, 36.4 lumen) &#8211; 3 Intensit\u00e4tsstufen<\/p>\n<p><strong>Batteriedauer <\/strong>9 Stunden &#8211; Micro-USB-Ladekabel inbegriffen (Stecker ist nicht inbegriffen)\u00a0Helligkeitsstufe: 1 &#8211; 20 Std, 2 &#8211; 15 Std, 3 9 Std.<\/p>\n<p><b>H\u00f6he (cm)\u00a0<\/b>25.5<\/p>\n<p><strong>Durchmesser (cm)<\/strong> 16.5<\/p>\n<p><strong>Gewicht (kg)<\/strong> 0.5<\/p>\n","protected":false},"excerpt":{"rendered":"<p>Optisch reduziert auf die wesentliche Grundform funktioniert die Akku-Tischleuchte Transloetje von Fatboy faszinierend anders. Transloetje ist mobil und\u00a0 leuchtet auch ohne Kabel und Schalter. Das Licht wird durch ein simples Ber\u00fchren des Lampenfusses angeschaltet: ganz modern, wie ein Touchscreen! Bei jedem Ber\u00fchren strahlt die Leuchte st\u00e4rker, bis der Zyklus nach 3 Intensit\u00e4tsstufen wieder von Vorne [&hellip;]<\/p>\n","protected":false},"featured_media":35264,"template":"","meta":{"_acf_changed":false,"om_disable_all_campaigns":false},"product_cat":[290],"product_tag":[760,898,554,1188,820,816,653],"bundled_by":[],"bundle_stock_status":"onbackorder","bundle_stock_quantity":1,"bundle_virtual":false,"bundle_layout":"","bundle_add_to_cart_form_location":"","bundle_editable_in_cart":false,"bundle_sold_individually_context":"","bundle_item_grouping":"","bundle_min_size":"","bundle_max_size":"","bundle_price":[],"bundled_items":[],"bundle_sell_ids":[],"acf":[],"yoast_head":"<!-- This site is optimized with the Yoast SEO Premium plugin v22.2 (Yoast SEO v22.8) - https:\/\/yoast.com\/wordpress\/plugins\/seo\/ -->\n<title>Fatboy | Transloetje | Tischleuchte | Durchsichtig | Ekkla<\/title>\n<meta name=\"description\" content=\"Transloetje von Fatboy ist die stilvolle Tischlampe f\u00fcr Ihr Interieur. Sie hat sich von allem \u00dcberfl\u00fcssigen befreit und nur das Wesentliche behalten!\" \/>\n<meta name=\"robots\" content=\"index, follow, max-snippet:-1, max-image-preview:large, max-video-preview:-1\" \/>\n<link rel=\"canonical\" href=\"https:\/\/ekkla.ch\/de\/produit\/kabellose-leuchte-transloetje-durchsichtig-h-255-led-fatboy\/\" \/>\n<meta property=\"og:locale\" content=\"de_DE\" \/>\n<meta property=\"og:type\" content=\"article\" \/>\n<meta property=\"og:title\" content=\"Kabellose Leuchte Transloetje - Durchsichtig - H.25,5 - LED - Fatboy\" \/>\n<meta property=\"og:description\" content=\"Transloetje von Fatboy ist die stilvolle Tischlampe f\u00fcr Ihr Interieur. Sie hat sich von allem \u00dcberfl\u00fcssigen befreit und nur das Wesentliche behalten!\" \/>\n<meta property=\"og:url\" content=\"https:\/\/ekkla.ch\/de\/produit\/kabellose-leuchte-transloetje-durchsichtig-h-255-led-fatboy\/\" \/>\n<meta property=\"og:site_name\" content=\"Ekkla\" \/>\n<meta property=\"article:modified_time\" content=\"2022-12-01T13:50:45+00:00\" \/>\n<meta property=\"og:image\" content=\"https:\/\/ekkla.ch\/wp-content\/uploads\/2020\/09\/transloetje_transparent.png\" \/>\n\t<meta property=\"og:image:width\" content=\"900\" \/>\n\t<meta property=\"og:image:height\" content=\"900\" \/>\n\t<meta property=\"og:image:type\" content=\"image\/png\" \/>\n<meta name=\"twitter:card\" content=\"summary_large_image\" \/>\n<meta name=\"twitter:label1\" content=\"Gesch\u00e4tzte Lesezeit\" \/>\n\t<meta name=\"twitter:data1\" content=\"1\u00a0Minute\" \/>\n<script type=\"application\/ld+json\" class=\"yoast-schema-graph\">{\"@context\":\"https:\/\/schema.org\",\"@graph\":[{\"@type\":\"WebPage\",\"@id\":\"https:\/\/ekkla.ch\/de\/produit\/kabellose-leuchte-transloetje-durchsichtig-h-255-led-fatboy\/\",\"url\":\"https:\/\/ekkla.ch\/de\/produit\/kabellose-leuchte-transloetje-durchsichtig-h-255-led-fatboy\/\",\"name\":\"Fatboy | Transloetje | Tischleuchte | Durchsichtig | Ekkla\",\"isPartOf\":{\"@id\":\"https:\/\/ekkla.ch\/#website\"},\"primaryImageOfPage\":{\"@id\":\"https:\/\/ekkla.ch\/de\/produit\/kabellose-leuchte-transloetje-durchsichtig-h-255-led-fatboy\/#primaryimage\"},\"image\":{\"@id\":\"https:\/\/ekkla.ch\/de\/produit\/kabellose-leuchte-transloetje-durchsichtig-h-255-led-fatboy\/#primaryimage\"},\"thumbnailUrl\":\"https:\/\/ekkla.ch\/wp-content\/uploads\/2020\/09\/transloetje_transparent.png\",\"datePublished\":\"2020-09-18T10:17:19+00:00\",\"dateModified\":\"2022-12-01T13:50:45+00:00\",\"description\":\"Transloetje von Fatboy ist die stilvolle Tischlampe f\u00fcr Ihr Interieur. Sie hat sich von allem \u00dcberfl\u00fcssigen befreit und nur das Wesentliche behalten!\",\"breadcrumb\":{\"@id\":\"https:\/\/ekkla.ch\/de\/produit\/kabellose-leuchte-transloetje-durchsichtig-h-255-led-fatboy\/#breadcrumb\"},\"inLanguage\":\"de\",\"potentialAction\":[{\"@type\":\"ReadAction\",\"target\":[\"https:\/\/ekkla.ch\/de\/produit\/kabellose-leuchte-transloetje-durchsichtig-h-255-led-fatboy\/\"]}]},{\"@type\":\"ImageObject\",\"inLanguage\":\"de\",\"@id\":\"https:\/\/ekkla.ch\/de\/produit\/kabellose-leuchte-transloetje-durchsichtig-h-255-led-fatboy\/#primaryimage\",\"url\":\"https:\/\/ekkla.ch\/wp-content\/uploads\/2020\/09\/transloetje_transparent.png\",\"contentUrl\":\"https:\/\/ekkla.ch\/wp-content\/uploads\/2020\/09\/transloetje_transparent.png\",\"width\":900,\"height\":900},{\"@type\":\"BreadcrumbList\",\"@id\":\"https:\/\/ekkla.ch\/de\/produit\/kabellose-leuchte-transloetje-durchsichtig-h-255-led-fatboy\/#breadcrumb\",\"itemListElement\":[{\"@type\":\"ListItem\",\"position\":1,\"name\":\"Home\",\"item\":\"https:\/\/ekkla.ch\/de\/\"},{\"@type\":\"ListItem\",\"position\":2,\"name\":\"Shop\",\"item\":\"https:\/\/ekkla.ch\/de\/shop\/\"},{\"@type\":\"ListItem\",\"position\":3,\"name\":\"Kabellose Leuchte Transloetje &#8211; Durchsichtig &#8211; H.25,5 &#8211; LED &#8211; Fatboy\"}]},{\"@type\":\"WebSite\",\"@id\":\"https:\/\/ekkla.ch\/#website\",\"url\":\"https:\/\/ekkla.ch\/\",\"name\":\"Ekkla\",\"description\":\"Der Onlineshop f\u00fcr Beleuchtung\",\"publisher\":{\"@id\":\"https:\/\/ekkla.ch\/#organization\"},\"potentialAction\":[{\"@type\":\"SearchAction\",\"target\":{\"@type\":\"EntryPoint\",\"urlTemplate\":\"https:\/\/ekkla.ch\/?s={search_term_string}\"},\"query-input\":\"required name=search_term_string\"}],\"inLanguage\":\"de\"},{\"@type\":\"Organization\",\"@id\":\"https:\/\/ekkla.ch\/#organization\",\"name\":\"Ekkla\",\"url\":\"https:\/\/ekkla.ch\/\",\"logo\":{\"@type\":\"ImageObject\",\"inLanguage\":\"de\",\"@id\":\"https:\/\/ekkla.ch\/#\/schema\/logo\/image\/\",\"url\":\"http:\/\/ekkla.ch\/wp-content\/uploads\/2019\/07\/logo-1.svg\",\"contentUrl\":\"http:\/\/ekkla.ch\/wp-content\/uploads\/2019\/07\/logo-1.svg\",\"width\":1,\"height\":1,\"caption\":\"Ekkla\"},\"image\":{\"@id\":\"https:\/\/ekkla.ch\/#\/schema\/logo\/image\/\"},\"sameAs\":[\"https:\/\/www.instagram.com\/ekkla_light\/\"]}]}<\/script>\n<!-- \/ Yoast SEO Premium plugin. -->","yoast_head_json":{"title":"Fatboy | Transloetje | Tischleuchte | Durchsichtig | Ekkla","description":"Transloetje von Fatboy ist die stilvolle Tischlampe f\u00fcr Ihr Interieur. Sie hat sich von allem \u00dcberfl\u00fcssigen befreit und nur das Wesentliche behalten!","robots":{"index":"index","follow":"follow","max-snippet":"max-snippet:-1","max-image-preview":"max-image-preview:large","max-video-preview":"max-video-preview:-1"},"canonical":"https:\/\/ekkla.ch\/de\/produit\/kabellose-leuchte-transloetje-durchsichtig-h-255-led-fatboy\/","og_locale":"de_DE","og_type":"article","og_title":"Kabellose Leuchte Transloetje - Durchsichtig - H.25,5 - LED - Fatboy","og_description":"Transloetje von Fatboy ist die stilvolle Tischlampe f\u00fcr Ihr Interieur. Sie hat sich von allem \u00dcberfl\u00fcssigen befreit und nur das Wesentliche behalten!","og_url":"https:\/\/ekkla.ch\/de\/produit\/kabellose-leuchte-transloetje-durchsichtig-h-255-led-fatboy\/","og_site_name":"Ekkla","article_modified_time":"2022-12-01T13:50:45+00:00","og_image":[{"width":900,"height":900,"url":"https:\/\/ekkla.ch\/wp-content\/uploads\/2020\/09\/transloetje_transparent.png","type":"image\/png"}],"twitter_card":"summary_large_image","twitter_misc":{"Gesch\u00e4tzte Lesezeit":"1\u00a0Minute"},"schema":{"@context":"https:\/\/schema.org","@graph":[{"@type":"WebPage","@id":"https:\/\/ekkla.ch\/de\/produit\/kabellose-leuchte-transloetje-durchsichtig-h-255-led-fatboy\/","url":"https:\/\/ekkla.ch\/de\/produit\/kabellose-leuchte-transloetje-durchsichtig-h-255-led-fatboy\/","name":"Fatboy | Transloetje | Tischleuchte | Durchsichtig | Ekkla","isPartOf":{"@id":"https:\/\/ekkla.ch\/#website"},"primaryImageOfPage":{"@id":"https:\/\/ekkla.ch\/de\/produit\/kabellose-leuchte-transloetje-durchsichtig-h-255-led-fatboy\/#primaryimage"},"image":{"@id":"https:\/\/ekkla.ch\/de\/produit\/kabellose-leuchte-transloetje-durchsichtig-h-255-led-fatboy\/#primaryimage"},"thumbnailUrl":"https:\/\/ekkla.ch\/wp-content\/uploads\/2020\/09\/transloetje_transparent.png","datePublished":"2020-09-18T10:17:19+00:00","dateModified":"2022-12-01T13:50:45+00:00","description":"Transloetje von Fatboy ist die stilvolle Tischlampe f\u00fcr Ihr Interieur. Sie hat sich von allem \u00dcberfl\u00fcssigen befreit und nur das Wesentliche behalten!","breadcrumb":{"@id":"https:\/\/ekkla.ch\/de\/produit\/kabellose-leuchte-transloetje-durchsichtig-h-255-led-fatboy\/#breadcrumb"},"inLanguage":"de","potentialAction":[{"@type":"ReadAction","target":["https:\/\/ekkla.ch\/de\/produit\/kabellose-leuchte-transloetje-durchsichtig-h-255-led-fatboy\/"]}]},{"@type":"ImageObject","inLanguage":"de","@id":"https:\/\/ekkla.ch\/de\/produit\/kabellose-leuchte-transloetje-durchsichtig-h-255-led-fatboy\/#primaryimage","url":"https:\/\/ekkla.ch\/wp-content\/uploads\/2020\/09\/transloetje_transparent.png","contentUrl":"https:\/\/ekkla.ch\/wp-content\/uploads\/2020\/09\/transloetje_transparent.png","width":900,"height":900},{"@type":"BreadcrumbList","@id":"https:\/\/ekkla.ch\/de\/produit\/kabellose-leuchte-transloetje-durchsichtig-h-255-led-fatboy\/#breadcrumb","itemListElement":[{"@type":"ListItem","position":1,"name":"Home","item":"https:\/\/ekkla.ch\/de\/"},{"@type":"ListItem","position":2,"name":"Shop","item":"https:\/\/ekkla.ch\/de\/shop\/"},{"@type":"ListItem","position":3,"name":"Kabellose Leuchte Transloetje &#8211; Durchsichtig &#8211; H.25,5 &#8211; LED &#8211; Fatboy"}]},{"@type":"WebSite","@id":"https:\/\/ekkla.ch\/#website","url":"https:\/\/ekkla.ch\/","name":"Ekkla","description":"Der Onlineshop f\u00fcr Beleuchtung","publisher":{"@id":"https:\/\/ekkla.ch\/#organization"},"potentialAction":[{"@type":"SearchAction","target":{"@type":"EntryPoint","urlTemplate":"https:\/\/ekkla.ch\/?s={search_term_string}"},"query-input":"required name=search_term_string"}],"inLanguage":"de"},{"@type":"Organization","@id":"https:\/\/ekkla.ch\/#organization","name":"Ekkla","url":"https:\/\/ekkla.ch\/","logo":{"@type":"ImageObject","inLanguage":"de","@id":"https:\/\/ekkla.ch\/#\/schema\/logo\/image\/","url":"http:\/\/ekkla.ch\/wp-content\/uploads\/2019\/07\/logo-1.svg","contentUrl":"http:\/\/ekkla.ch\/wp-content\/uploads\/2019\/07\/logo-1.svg","width":1,"height":1,"caption":"Ekkla"},"image":{"@id":"https:\/\/ekkla.ch\/#\/schema\/logo\/image\/"},"sameAs":["https:\/\/www.instagram.com\/ekkla_light\/"]}]}},"_links":{"self":[{"href":"https:\/\/ekkla.ch\/de\/wp-json\/wp\/v2\/product\/34638"}],"collection":[{"href":"https:\/\/ekkla.ch\/de\/wp-json\/wp\/v2\/product"}],"about":[{"href":"https:\/\/ekkla.ch\/de\/wp-json\/wp\/v2\/types\/product"}],"wp:featuredmedia":[{"embeddable":true,"href":"https:\/\/ekkla.ch\/de\/wp-json\/wp\/v2\/media\/35264"}],"wp:attachment":[{"href":"https:\/\/ekkla.ch\/de\/wp-json\/wp\/v2\/media?parent=34638"}],"wp:term":[{"taxonomy":"product_cat","embeddable":true,"href":"https:\/\/ekkla.ch\/de\/wp-json\/wp\/v2\/product_cat?post=34638"},{"taxonomy":"product_tag","embeddable":true,"href":"https:\/\/ekkla.ch\/de\/wp-json\/wp\/v2\/product_tag?post=34638"}],"curies":[{"name":"wp","href":"https:\/\/api.w.org\/{rel}","templated":true}]}}