{"id":35608,"date":"2020-09-29T11:11:58","date_gmt":"2020-09-29T09:11:58","guid":{"rendered":"https:\/\/ekkla.ch\/?post_type=product&#038;p=35608"},"modified":"2024-05-27T09:27:35","modified_gmt":"2024-05-27T07:27:35","slug":"leuchte-h-25-cm-balad-acapulco-blau-fermob","status":"publish","type":"product","link":"https:\/\/ekkla.ch\/de\/produit\/leuchte-h-25-cm-balad-acapulco-blau-fermob\/","title":{"rendered":"Kabellose Leuchte Balad &#8211; H.25 &#8211; Acapulco Blau &#8211; LED &#8211; Fermob"},"content":{"rendered":"<blockquote><p><strong>\u00a0<\/strong><\/p>\n<p>Mobil und frei! Die Lampe Balad H25 wurde vor dem Hintergrund entwickelt, ein ebenso zuverl\u00e4ssiges wie schlichtes Outdoorprodukt zu erschaffen. Die mobile und verspielte Outdoorlampe erf\u00fcllt die Normen IP44 und IK10. Sie passt auf jeden Tisch, \u00a0und ist gleichzeitig ein perfekter Begleiter, der Ihnen nach Lust und Laune folgt \u2013 vom Wohnzimmer in den Garten, vom Strand an den Pool, &#8230;<br \/>\nDank des g\u00fcnstigen Preises kann sie auch gut in der Mehrzahl zum Einsatz kommen! Ihr Griff, der an einen Kopfh\u00f6rer erinnert, unterstreicht die mobile Nutzung und die trendige Seite dieser Lampe. Zudem ist die Leuchte ein starker Hinweis auf das Know-How von Fermob im Metallbereich. Balad, die Outdoorlampe mit Aufladefunktion \u00fcber USB-Kabel, bietet eine Autonomie von rund 12 Stunden und hat 3 Lichttemperaturen: warmes Weiss (Kerzenlicht &#8211; 2300 K), neutrales Weiss (4000 K) und kaltes Weiss (6000 K),\u00a0sowie 2 Helligkeitsstufen (100 % und 50 %). Sie ist in verschiedenen Farben der Fermob-Farbkarte erh\u00e4ltlich und l\u00e4sst sich mit 2 verschiedenen Metallf\u00fcssen kombinieren.<\/p>\n<h2>Merkmale &amp; Eigenschaften<\/h2>\n<p><strong>Marke<\/strong> Fermob<\/p>\n<p><strong>Farbe <\/strong>Acapulco-Blau<\/p>\n<p><strong>Materialien\u00a0<\/strong>Aluminium und Polyethylen<\/p>\n<p><strong>Stromfluss (lm)<\/strong>\u00a040<\/p>\n<p><strong>Technologie<\/strong> LED 0.5W<\/p>\n<p><strong>Leuchtdauer<\/strong> 12 Stunden<\/p>\n<p><strong>Aufladung <\/strong>USB-Kabel (inbegriffen)<\/p>\n<p><strong>Tiefe (cm) <\/strong>19<\/p>\n<p><strong>H\u00f6he (cm) <\/strong>25<\/p>\n<p><strong>Breite (cm) <\/strong>19<\/p><\/blockquote>\n","protected":false},"excerpt":{"rendered":"<p>\u00a0 Mobil und frei! Die Lampe Balad H25 wurde vor dem Hintergrund entwickelt, ein ebenso zuverl\u00e4ssiges wie schlichtes Outdoorprodukt zu erschaffen. Die mobile und verspielte Outdoorlampe erf\u00fcllt die Normen IP44 und IK10. Sie passt auf jeden Tisch, \u00a0und ist gleichzeitig ein perfekter Begleiter, der Ihnen nach Lust und Laune folgt \u2013 vom Wohnzimmer in den [&hellip;]<\/p>\n","protected":false},"featured_media":178622,"template":"","meta":{"_acf_changed":false,"om_disable_all_campaigns":false},"product_cat":[290],"product_tag":[1244,760,597,836,834,1265,1022,653,403],"bundled_by":[],"bundle_stock_status":"instock","bundle_stock_quantity":4,"bundle_virtual":false,"bundle_layout":"","bundle_add_to_cart_form_location":"","bundle_editable_in_cart":false,"bundle_sold_individually_context":"","bundle_item_grouping":"","bundle_min_size":"","bundle_max_size":"","bundle_price":[],"bundled_items":[],"bundle_sell_ids":[],"acf":[],"yoast_head":"<!-- This site is optimized with the Yoast SEO Premium plugin v22.2 (Yoast SEO v22.8) - https:\/\/yoast.com\/wordpress\/plugins\/seo\/ -->\n<title>Fermob | Leuchte Balad Aussenbereich H.25 | Acapulco-Blau | Ekkla<\/title>\n<meta name=\"description\" content=\"Diese vielseitig einsetzbare Leuchte mit ihrer reinen Linienf\u00fchrung wurde mit Blick auf die Zuverl\u00e4ssigkeit im Aussenbereich entwickelt.\" \/>\n<meta name=\"robots\" content=\"index, follow, max-snippet:-1, max-image-preview:large, max-video-preview:-1\" \/>\n<link rel=\"canonical\" href=\"https:\/\/ekkla.ch\/de\/produit\/leuchte-h-25-cm-balad-acapulco-blau-fermob\/\" \/>\n<meta property=\"og:locale\" content=\"de_DE\" \/>\n<meta property=\"og:type\" content=\"article\" \/>\n<meta property=\"og:title\" content=\"Kabellose Leuchte Balad - H.25 - Acapulco Blau - LED - Fermob\" \/>\n<meta property=\"og:description\" content=\"Diese vielseitig einsetzbare Leuchte mit ihrer reinen Linienf\u00fchrung wurde mit Blick auf die Zuverl\u00e4ssigkeit im Aussenbereich entwickelt.\" \/>\n<meta property=\"og:url\" content=\"https:\/\/ekkla.ch\/de\/produit\/leuchte-h-25-cm-balad-acapulco-blau-fermob\/\" \/>\n<meta property=\"og:site_name\" content=\"Ekkla\" \/>\n<meta property=\"article:modified_time\" content=\"2024-05-27T07:27:35+00:00\" \/>\n<meta property=\"og:image\" content=\"https:\/\/ekkla.ch\/wp-content\/uploads\/2020\/11\/BALAD_LAMPE_H25_BLEU_ACAPULCO.png\" \/>\n\t<meta property=\"og:image:width\" content=\"900\" \/>\n\t<meta property=\"og:image:height\" content=\"900\" \/>\n\t<meta property=\"og:image:type\" content=\"image\/png\" \/>\n<meta name=\"twitter:card\" content=\"summary_large_image\" \/>\n<meta name=\"twitter:label1\" content=\"Gesch\u00e4tzte Lesezeit\" \/>\n\t<meta name=\"twitter:data1\" content=\"1\u00a0Minute\" \/>\n<script type=\"application\/ld+json\" class=\"yoast-schema-graph\">{\"@context\":\"https:\/\/schema.org\",\"@graph\":[{\"@type\":\"WebPage\",\"@id\":\"https:\/\/ekkla.ch\/de\/produit\/leuchte-h-25-cm-balad-acapulco-blau-fermob\/\",\"url\":\"https:\/\/ekkla.ch\/de\/produit\/leuchte-h-25-cm-balad-acapulco-blau-fermob\/\",\"name\":\"Fermob | Leuchte Balad Aussenbereich H.25 | Acapulco-Blau | Ekkla\",\"isPartOf\":{\"@id\":\"https:\/\/ekkla.ch\/#website\"},\"primaryImageOfPage\":{\"@id\":\"https:\/\/ekkla.ch\/de\/produit\/leuchte-h-25-cm-balad-acapulco-blau-fermob\/#primaryimage\"},\"image\":{\"@id\":\"https:\/\/ekkla.ch\/de\/produit\/leuchte-h-25-cm-balad-acapulco-blau-fermob\/#primaryimage\"},\"thumbnailUrl\":\"https:\/\/ekkla.ch\/wp-content\/uploads\/2020\/11\/BALAD_LAMPE_H25_BLEU_ACAPULCO.png\",\"datePublished\":\"2020-09-29T09:11:58+00:00\",\"dateModified\":\"2024-05-27T07:27:35+00:00\",\"description\":\"Diese vielseitig einsetzbare Leuchte mit ihrer reinen Linienf\u00fchrung wurde mit Blick auf die Zuverl\u00e4ssigkeit im Aussenbereich entwickelt.\",\"breadcrumb\":{\"@id\":\"https:\/\/ekkla.ch\/de\/produit\/leuchte-h-25-cm-balad-acapulco-blau-fermob\/#breadcrumb\"},\"inLanguage\":\"de\",\"potentialAction\":[{\"@type\":\"ReadAction\",\"target\":[\"https:\/\/ekkla.ch\/de\/produit\/leuchte-h-25-cm-balad-acapulco-blau-fermob\/\"]}]},{\"@type\":\"ImageObject\",\"inLanguage\":\"de\",\"@id\":\"https:\/\/ekkla.ch\/de\/produit\/leuchte-h-25-cm-balad-acapulco-blau-fermob\/#primaryimage\",\"url\":\"https:\/\/ekkla.ch\/wp-content\/uploads\/2020\/11\/BALAD_LAMPE_H25_BLEU_ACAPULCO.png\",\"contentUrl\":\"https:\/\/ekkla.ch\/wp-content\/uploads\/2020\/11\/BALAD_LAMPE_H25_BLEU_ACAPULCO.png\",\"width\":900,\"height\":900},{\"@type\":\"BreadcrumbList\",\"@id\":\"https:\/\/ekkla.ch\/de\/produit\/leuchte-h-25-cm-balad-acapulco-blau-fermob\/#breadcrumb\",\"itemListElement\":[{\"@type\":\"ListItem\",\"position\":1,\"name\":\"Home\",\"item\":\"https:\/\/ekkla.ch\/de\/\"},{\"@type\":\"ListItem\",\"position\":2,\"name\":\"Shop\",\"item\":\"https:\/\/ekkla.ch\/de\/shop\/\"},{\"@type\":\"ListItem\",\"position\":3,\"name\":\"Kabellose Leuchte Balad &#8211; H.25 &#8211; Acapulco Blau &#8211; LED &#8211; Fermob\"}]},{\"@type\":\"WebSite\",\"@id\":\"https:\/\/ekkla.ch\/#website\",\"url\":\"https:\/\/ekkla.ch\/\",\"name\":\"Ekkla\",\"description\":\"Der Onlineshop f\u00fcr Beleuchtung\",\"publisher\":{\"@id\":\"https:\/\/ekkla.ch\/#organization\"},\"potentialAction\":[{\"@type\":\"SearchAction\",\"target\":{\"@type\":\"EntryPoint\",\"urlTemplate\":\"https:\/\/ekkla.ch\/?s={search_term_string}\"},\"query-input\":\"required name=search_term_string\"}],\"inLanguage\":\"de\"},{\"@type\":\"Organization\",\"@id\":\"https:\/\/ekkla.ch\/#organization\",\"name\":\"Ekkla\",\"url\":\"https:\/\/ekkla.ch\/\",\"logo\":{\"@type\":\"ImageObject\",\"inLanguage\":\"de\",\"@id\":\"https:\/\/ekkla.ch\/#\/schema\/logo\/image\/\",\"url\":\"http:\/\/ekkla.ch\/wp-content\/uploads\/2019\/07\/logo-1.svg\",\"contentUrl\":\"http:\/\/ekkla.ch\/wp-content\/uploads\/2019\/07\/logo-1.svg\",\"width\":1,\"height\":1,\"caption\":\"Ekkla\"},\"image\":{\"@id\":\"https:\/\/ekkla.ch\/#\/schema\/logo\/image\/\"},\"sameAs\":[\"https:\/\/www.instagram.com\/ekkla_light\/\"]}]}<\/script>\n<!-- \/ Yoast SEO Premium plugin. -->","yoast_head_json":{"title":"Fermob | Leuchte Balad Aussenbereich H.25 | Acapulco-Blau | Ekkla","description":"Diese vielseitig einsetzbare Leuchte mit ihrer reinen Linienf\u00fchrung wurde mit Blick auf die Zuverl\u00e4ssigkeit im Aussenbereich entwickelt.","robots":{"index":"index","follow":"follow","max-snippet":"max-snippet:-1","max-image-preview":"max-image-preview:large","max-video-preview":"max-video-preview:-1"},"canonical":"https:\/\/ekkla.ch\/de\/produit\/leuchte-h-25-cm-balad-acapulco-blau-fermob\/","og_locale":"de_DE","og_type":"article","og_title":"Kabellose Leuchte Balad - H.25 - Acapulco Blau - LED - Fermob","og_description":"Diese vielseitig einsetzbare Leuchte mit ihrer reinen Linienf\u00fchrung wurde mit Blick auf die Zuverl\u00e4ssigkeit im Aussenbereich entwickelt.","og_url":"https:\/\/ekkla.ch\/de\/produit\/leuchte-h-25-cm-balad-acapulco-blau-fermob\/","og_site_name":"Ekkla","article_modified_time":"2024-05-27T07:27:35+00:00","og_image":[{"width":900,"height":900,"url":"https:\/\/ekkla.ch\/wp-content\/uploads\/2020\/11\/BALAD_LAMPE_H25_BLEU_ACAPULCO.png","type":"image\/png"}],"twitter_card":"summary_large_image","twitter_misc":{"Gesch\u00e4tzte Lesezeit":"1\u00a0Minute"},"schema":{"@context":"https:\/\/schema.org","@graph":[{"@type":"WebPage","@id":"https:\/\/ekkla.ch\/de\/produit\/leuchte-h-25-cm-balad-acapulco-blau-fermob\/","url":"https:\/\/ekkla.ch\/de\/produit\/leuchte-h-25-cm-balad-acapulco-blau-fermob\/","name":"Fermob | Leuchte Balad Aussenbereich H.25 | Acapulco-Blau | Ekkla","isPartOf":{"@id":"https:\/\/ekkla.ch\/#website"},"primaryImageOfPage":{"@id":"https:\/\/ekkla.ch\/de\/produit\/leuchte-h-25-cm-balad-acapulco-blau-fermob\/#primaryimage"},"image":{"@id":"https:\/\/ekkla.ch\/de\/produit\/leuchte-h-25-cm-balad-acapulco-blau-fermob\/#primaryimage"},"thumbnailUrl":"https:\/\/ekkla.ch\/wp-content\/uploads\/2020\/11\/BALAD_LAMPE_H25_BLEU_ACAPULCO.png","datePublished":"2020-09-29T09:11:58+00:00","dateModified":"2024-05-27T07:27:35+00:00","description":"Diese vielseitig einsetzbare Leuchte mit ihrer reinen Linienf\u00fchrung wurde mit Blick auf die Zuverl\u00e4ssigkeit im Aussenbereich entwickelt.","breadcrumb":{"@id":"https:\/\/ekkla.ch\/de\/produit\/leuchte-h-25-cm-balad-acapulco-blau-fermob\/#breadcrumb"},"inLanguage":"de","potentialAction":[{"@type":"ReadAction","target":["https:\/\/ekkla.ch\/de\/produit\/leuchte-h-25-cm-balad-acapulco-blau-fermob\/"]}]},{"@type":"ImageObject","inLanguage":"de","@id":"https:\/\/ekkla.ch\/de\/produit\/leuchte-h-25-cm-balad-acapulco-blau-fermob\/#primaryimage","url":"https:\/\/ekkla.ch\/wp-content\/uploads\/2020\/11\/BALAD_LAMPE_H25_BLEU_ACAPULCO.png","contentUrl":"https:\/\/ekkla.ch\/wp-content\/uploads\/2020\/11\/BALAD_LAMPE_H25_BLEU_ACAPULCO.png","width":900,"height":900},{"@type":"BreadcrumbList","@id":"https:\/\/ekkla.ch\/de\/produit\/leuchte-h-25-cm-balad-acapulco-blau-fermob\/#breadcrumb","itemListElement":[{"@type":"ListItem","position":1,"name":"Home","item":"https:\/\/ekkla.ch\/de\/"},{"@type":"ListItem","position":2,"name":"Shop","item":"https:\/\/ekkla.ch\/de\/shop\/"},{"@type":"ListItem","position":3,"name":"Kabellose Leuchte Balad &#8211; H.25 &#8211; Acapulco Blau &#8211; LED &#8211; Fermob"}]},{"@type":"WebSite","@id":"https:\/\/ekkla.ch\/#website","url":"https:\/\/ekkla.ch\/","name":"Ekkla","description":"Der Onlineshop f\u00fcr Beleuchtung","publisher":{"@id":"https:\/\/ekkla.ch\/#organization"},"potentialAction":[{"@type":"SearchAction","target":{"@type":"EntryPoint","urlTemplate":"https:\/\/ekkla.ch\/?s={search_term_string}"},"query-input":"required name=search_term_string"}],"inLanguage":"de"},{"@type":"Organization","@id":"https:\/\/ekkla.ch\/#organization","name":"Ekkla","url":"https:\/\/ekkla.ch\/","logo":{"@type":"ImageObject","inLanguage":"de","@id":"https:\/\/ekkla.ch\/#\/schema\/logo\/image\/","url":"http:\/\/ekkla.ch\/wp-content\/uploads\/2019\/07\/logo-1.svg","contentUrl":"http:\/\/ekkla.ch\/wp-content\/uploads\/2019\/07\/logo-1.svg","width":1,"height":1,"caption":"Ekkla"},"image":{"@id":"https:\/\/ekkla.ch\/#\/schema\/logo\/image\/"},"sameAs":["https:\/\/www.instagram.com\/ekkla_light\/"]}]}},"_links":{"self":[{"href":"https:\/\/ekkla.ch\/de\/wp-json\/wp\/v2\/product\/35608"}],"collection":[{"href":"https:\/\/ekkla.ch\/de\/wp-json\/wp\/v2\/product"}],"about":[{"href":"https:\/\/ekkla.ch\/de\/wp-json\/wp\/v2\/types\/product"}],"wp:featuredmedia":[{"embeddable":true,"href":"https:\/\/ekkla.ch\/de\/wp-json\/wp\/v2\/media\/178622"}],"wp:attachment":[{"href":"https:\/\/ekkla.ch\/de\/wp-json\/wp\/v2\/media?parent=35608"}],"wp:term":[{"taxonomy":"product_cat","embeddable":true,"href":"https:\/\/ekkla.ch\/de\/wp-json\/wp\/v2\/product_cat?post=35608"},{"taxonomy":"product_tag","embeddable":true,"href":"https:\/\/ekkla.ch\/de\/wp-json\/wp\/v2\/product_tag?post=35608"}],"curies":[{"name":"wp","href":"https:\/\/api.w.org\/{rel}","templated":true}]}}