{"id":39845,"date":"2020-05-18T16:01:02","date_gmt":"2020-05-18T14:01:02","guid":{"rendered":"https:\/\/ekkla.ch\/produit\/lampe-elastica-jaune-martinelli-luce\/"},"modified":"2023-01-19T20:06:41","modified_gmt":"2023-01-19T19:06:41","slug":"leuchte-elastica-gelb-martinelli-luce","status":"publish","type":"product","link":"https:\/\/ekkla.ch\/de\/produit\/leuchte-elastica-gelb-martinelli-luce\/","title":{"rendered":"Leuchte Elastica Gelb &#8211; Martinelli Luce"},"content":{"rendered":"<p>Ein kleines Spiel, das Wunder schafft!<\/p>\n<p>Innocenzo Rifino und Diego Rossi von Studio Habits erz\u00e4hlen das Konzept, das hinter der Entstehung der <em>Elastica<\/em>-Lampe steht: Alles dreht sich um die Idee einer nat\u00fcrlichen Interaktion zwischen der Leuchte und dem Benutzer. Sensoren erkennen die Bewegungen von Menschen und \u00fcbersetzen sie auf poetische Weise beim Ein- und Ausschalten der Leuchte sowie beim \u00c4ndern der Lichtintensit\u00e4t.<\/p>\n<p>Verbinden Sie Boden und Decke, tun Sie es auf innovative, flexible und fliessende Weise mit einem Lichtstreifen.\u00a0Bewegen Sie sich, spielen Sie, kosten Sie das Vergn\u00fcgen der Ber\u00fchrung.\u00a0Geniessen Sie die Sanftheit des Lichts.<br \/>\nMachen Sie eine schnelle Abw\u00e4rtsbewegung und es wird aufleuchten. Ziehen Sie es langsam nach oben oder unten, und die Intensit\u00e4t des Lichts wird sich \u00e4ndern!<\/p>\n<p>Stellen Sie die Leuchte auf den Boden und h\u00e4ngen Sie es mit einem Haken von der Decke.<\/p>\n<p>Lieferzeit: 4 bis 6 Wochen.<\/p>\n<blockquote>\n<h2 style=\"text-align: left;\">Merkmale &amp; Eigenschaften<\/h2>\n<p><strong>Marke<\/strong> Martinelli Luce<\/p>\n<p style=\"text-align: left;\"><strong>Farbe<\/strong>\u00a0Gelb<\/p>\n<p style=\"text-align: left;\"><strong>Materialien<\/strong> Elastischer Stoff<\/p>\n<p style=\"text-align: left;\"><strong>Stromversorgung<\/strong>\u00a0Integrierte LED<\/p>\n<p><strong>Lichtleistung (W)<\/strong> 17<\/p>\n<p><strong>H\u00f6he (cm)<\/strong> 250\/320<\/p>\n<p><strong>Breite (cm)<\/strong> 13<\/p><\/blockquote>\n","protected":false},"excerpt":{"rendered":"<p>Ein kleines Spiel, das Wunder schafft! Innocenzo Rifino und Diego Rossi von Studio Habits erz\u00e4hlen das Konzept, das hinter der Entstehung der Elastica-Lampe steht: Alles dreht sich um die Idee einer nat\u00fcrlichen Interaktion zwischen der Leuchte und dem Benutzer. Sensoren erkennen die Bewegungen von Menschen und \u00fcbersetzen sie auf poetische Weise beim Ein- und Ausschalten [&hellip;]<\/p>\n","protected":false},"featured_media":23675,"template":"","meta":{"_acf_changed":false,"om_disable_all_campaigns":false},"product_cat":[289],"product_tag":[892,1188,801,816,936,775],"bundled_by":[],"bundle_stock_status":"onbackorder","bundle_stock_quantity":null,"bundle_virtual":false,"bundle_layout":"","bundle_add_to_cart_form_location":"","bundle_editable_in_cart":false,"bundle_sold_individually_context":"","bundle_item_grouping":"","bundle_min_size":"","bundle_max_size":"","bundle_price":[],"bundled_items":[],"bundle_sell_ids":[],"acf":[],"yoast_head":"<!-- This site is optimized with the Yoast SEO Premium plugin v22.2 (Yoast SEO v22.8) - https:\/\/yoast.com\/wordpress\/plugins\/seo\/ -->\n<title>Martinelli Luce | Leuchte Elastica | Gelb | Elastischer Stoff | Ekkla<\/title>\n<meta name=\"description\" content=\"Zwischen Decke und Boden gespannte Lampe, die sich an die H\u00f6he eines Raumes anpassen kann. Viel Spass beim Beleuchten Ihrer W\u00e4nde!\" \/>\n<meta name=\"robots\" content=\"index, follow, max-snippet:-1, max-image-preview:large, max-video-preview:-1\" \/>\n<link rel=\"canonical\" href=\"https:\/\/ekkla.ch\/de\/produit\/leuchte-elastica-gelb-martinelli-luce\/\" \/>\n<meta property=\"og:locale\" content=\"de_DE\" \/>\n<meta property=\"og:type\" content=\"article\" \/>\n<meta property=\"og:title\" content=\"Leuchte Elastica Gelb - Martinelli Luce\" \/>\n<meta property=\"og:description\" content=\"Zwischen Decke und Boden gespannte Lampe, die sich an die H\u00f6he eines Raumes anpassen kann. Viel Spass beim Beleuchten Ihrer W\u00e4nde!\" \/>\n<meta property=\"og:url\" content=\"https:\/\/ekkla.ch\/de\/produit\/leuchte-elastica-gelb-martinelli-luce\/\" \/>\n<meta property=\"og:site_name\" content=\"Ekkla\" \/>\n<meta property=\"article:modified_time\" content=\"2023-01-19T19:06:41+00:00\" \/>\n<meta property=\"og:image\" content=\"https:\/\/ekkla.ch\/wp-content\/uploads\/2020\/05\/Elastica_jaune-n.png\" \/>\n\t<meta property=\"og:image:width\" content=\"1081\" \/>\n\t<meta property=\"og:image:height\" content=\"1081\" \/>\n\t<meta property=\"og:image:type\" content=\"image\/png\" \/>\n<meta name=\"twitter:card\" content=\"summary_large_image\" \/>\n<meta name=\"twitter:label1\" content=\"Gesch\u00e4tzte Lesezeit\" \/>\n\t<meta name=\"twitter:data1\" content=\"1\u00a0Minute\" \/>\n<script type=\"application\/ld+json\" class=\"yoast-schema-graph\">{\"@context\":\"https:\/\/schema.org\",\"@graph\":[{\"@type\":\"WebPage\",\"@id\":\"https:\/\/ekkla.ch\/de\/produit\/leuchte-elastica-gelb-martinelli-luce\/\",\"url\":\"https:\/\/ekkla.ch\/de\/produit\/leuchte-elastica-gelb-martinelli-luce\/\",\"name\":\"Martinelli Luce | Leuchte Elastica | Gelb | Elastischer Stoff | Ekkla\",\"isPartOf\":{\"@id\":\"https:\/\/ekkla.ch\/#website\"},\"primaryImageOfPage\":{\"@id\":\"https:\/\/ekkla.ch\/de\/produit\/leuchte-elastica-gelb-martinelli-luce\/#primaryimage\"},\"image\":{\"@id\":\"https:\/\/ekkla.ch\/de\/produit\/leuchte-elastica-gelb-martinelli-luce\/#primaryimage\"},\"thumbnailUrl\":\"https:\/\/ekkla.ch\/wp-content\/uploads\/2020\/05\/Elastica_jaune-n.png\",\"datePublished\":\"2020-05-18T14:01:02+00:00\",\"dateModified\":\"2023-01-19T19:06:41+00:00\",\"description\":\"Zwischen Decke und Boden gespannte Lampe, die sich an die H\u00f6he eines Raumes anpassen kann. Viel Spass beim Beleuchten Ihrer W\u00e4nde!\",\"breadcrumb\":{\"@id\":\"https:\/\/ekkla.ch\/de\/produit\/leuchte-elastica-gelb-martinelli-luce\/#breadcrumb\"},\"inLanguage\":\"de\",\"potentialAction\":[{\"@type\":\"ReadAction\",\"target\":[\"https:\/\/ekkla.ch\/de\/produit\/leuchte-elastica-gelb-martinelli-luce\/\"]}]},{\"@type\":\"ImageObject\",\"inLanguage\":\"de\",\"@id\":\"https:\/\/ekkla.ch\/de\/produit\/leuchte-elastica-gelb-martinelli-luce\/#primaryimage\",\"url\":\"https:\/\/ekkla.ch\/wp-content\/uploads\/2020\/05\/Elastica_jaune-n.png\",\"contentUrl\":\"https:\/\/ekkla.ch\/wp-content\/uploads\/2020\/05\/Elastica_jaune-n.png\",\"width\":1081,\"height\":1081},{\"@type\":\"BreadcrumbList\",\"@id\":\"https:\/\/ekkla.ch\/de\/produit\/leuchte-elastica-gelb-martinelli-luce\/#breadcrumb\",\"itemListElement\":[{\"@type\":\"ListItem\",\"position\":1,\"name\":\"Home\",\"item\":\"https:\/\/ekkla.ch\/de\/\"},{\"@type\":\"ListItem\",\"position\":2,\"name\":\"Shop\",\"item\":\"https:\/\/ekkla.ch\/de\/shop\/\"},{\"@type\":\"ListItem\",\"position\":3,\"name\":\"Leuchte Elastica Gelb &#8211; Martinelli Luce\"}]},{\"@type\":\"WebSite\",\"@id\":\"https:\/\/ekkla.ch\/#website\",\"url\":\"https:\/\/ekkla.ch\/\",\"name\":\"Ekkla\",\"description\":\"Der Onlineshop f\u00fcr Beleuchtung\",\"publisher\":{\"@id\":\"https:\/\/ekkla.ch\/#organization\"},\"potentialAction\":[{\"@type\":\"SearchAction\",\"target\":{\"@type\":\"EntryPoint\",\"urlTemplate\":\"https:\/\/ekkla.ch\/?s={search_term_string}\"},\"query-input\":\"required name=search_term_string\"}],\"inLanguage\":\"de\"},{\"@type\":\"Organization\",\"@id\":\"https:\/\/ekkla.ch\/#organization\",\"name\":\"Ekkla\",\"url\":\"https:\/\/ekkla.ch\/\",\"logo\":{\"@type\":\"ImageObject\",\"inLanguage\":\"de\",\"@id\":\"https:\/\/ekkla.ch\/#\/schema\/logo\/image\/\",\"url\":\"http:\/\/ekkla.ch\/wp-content\/uploads\/2019\/07\/logo-1.svg\",\"contentUrl\":\"http:\/\/ekkla.ch\/wp-content\/uploads\/2019\/07\/logo-1.svg\",\"width\":1,\"height\":1,\"caption\":\"Ekkla\"},\"image\":{\"@id\":\"https:\/\/ekkla.ch\/#\/schema\/logo\/image\/\"},\"sameAs\":[\"https:\/\/www.instagram.com\/ekkla_light\/\"]}]}<\/script>\n<!-- \/ Yoast SEO Premium plugin. -->","yoast_head_json":{"title":"Martinelli Luce | Leuchte Elastica | Gelb | Elastischer Stoff | Ekkla","description":"Zwischen Decke und Boden gespannte Lampe, die sich an die H\u00f6he eines Raumes anpassen kann. Viel Spass beim Beleuchten Ihrer W\u00e4nde!","robots":{"index":"index","follow":"follow","max-snippet":"max-snippet:-1","max-image-preview":"max-image-preview:large","max-video-preview":"max-video-preview:-1"},"canonical":"https:\/\/ekkla.ch\/de\/produit\/leuchte-elastica-gelb-martinelli-luce\/","og_locale":"de_DE","og_type":"article","og_title":"Leuchte Elastica Gelb - Martinelli Luce","og_description":"Zwischen Decke und Boden gespannte Lampe, die sich an die H\u00f6he eines Raumes anpassen kann. Viel Spass beim Beleuchten Ihrer W\u00e4nde!","og_url":"https:\/\/ekkla.ch\/de\/produit\/leuchte-elastica-gelb-martinelli-luce\/","og_site_name":"Ekkla","article_modified_time":"2023-01-19T19:06:41+00:00","og_image":[{"width":1081,"height":1081,"url":"https:\/\/ekkla.ch\/wp-content\/uploads\/2020\/05\/Elastica_jaune-n.png","type":"image\/png"}],"twitter_card":"summary_large_image","twitter_misc":{"Gesch\u00e4tzte Lesezeit":"1\u00a0Minute"},"schema":{"@context":"https:\/\/schema.org","@graph":[{"@type":"WebPage","@id":"https:\/\/ekkla.ch\/de\/produit\/leuchte-elastica-gelb-martinelli-luce\/","url":"https:\/\/ekkla.ch\/de\/produit\/leuchte-elastica-gelb-martinelli-luce\/","name":"Martinelli Luce | Leuchte Elastica | Gelb | Elastischer Stoff | Ekkla","isPartOf":{"@id":"https:\/\/ekkla.ch\/#website"},"primaryImageOfPage":{"@id":"https:\/\/ekkla.ch\/de\/produit\/leuchte-elastica-gelb-martinelli-luce\/#primaryimage"},"image":{"@id":"https:\/\/ekkla.ch\/de\/produit\/leuchte-elastica-gelb-martinelli-luce\/#primaryimage"},"thumbnailUrl":"https:\/\/ekkla.ch\/wp-content\/uploads\/2020\/05\/Elastica_jaune-n.png","datePublished":"2020-05-18T14:01:02+00:00","dateModified":"2023-01-19T19:06:41+00:00","description":"Zwischen Decke und Boden gespannte Lampe, die sich an die H\u00f6he eines Raumes anpassen kann. Viel Spass beim Beleuchten Ihrer W\u00e4nde!","breadcrumb":{"@id":"https:\/\/ekkla.ch\/de\/produit\/leuchte-elastica-gelb-martinelli-luce\/#breadcrumb"},"inLanguage":"de","potentialAction":[{"@type":"ReadAction","target":["https:\/\/ekkla.ch\/de\/produit\/leuchte-elastica-gelb-martinelli-luce\/"]}]},{"@type":"ImageObject","inLanguage":"de","@id":"https:\/\/ekkla.ch\/de\/produit\/leuchte-elastica-gelb-martinelli-luce\/#primaryimage","url":"https:\/\/ekkla.ch\/wp-content\/uploads\/2020\/05\/Elastica_jaune-n.png","contentUrl":"https:\/\/ekkla.ch\/wp-content\/uploads\/2020\/05\/Elastica_jaune-n.png","width":1081,"height":1081},{"@type":"BreadcrumbList","@id":"https:\/\/ekkla.ch\/de\/produit\/leuchte-elastica-gelb-martinelli-luce\/#breadcrumb","itemListElement":[{"@type":"ListItem","position":1,"name":"Home","item":"https:\/\/ekkla.ch\/de\/"},{"@type":"ListItem","position":2,"name":"Shop","item":"https:\/\/ekkla.ch\/de\/shop\/"},{"@type":"ListItem","position":3,"name":"Leuchte Elastica Gelb &#8211; Martinelli Luce"}]},{"@type":"WebSite","@id":"https:\/\/ekkla.ch\/#website","url":"https:\/\/ekkla.ch\/","name":"Ekkla","description":"Der Onlineshop f\u00fcr Beleuchtung","publisher":{"@id":"https:\/\/ekkla.ch\/#organization"},"potentialAction":[{"@type":"SearchAction","target":{"@type":"EntryPoint","urlTemplate":"https:\/\/ekkla.ch\/?s={search_term_string}"},"query-input":"required name=search_term_string"}],"inLanguage":"de"},{"@type":"Organization","@id":"https:\/\/ekkla.ch\/#organization","name":"Ekkla","url":"https:\/\/ekkla.ch\/","logo":{"@type":"ImageObject","inLanguage":"de","@id":"https:\/\/ekkla.ch\/#\/schema\/logo\/image\/","url":"http:\/\/ekkla.ch\/wp-content\/uploads\/2019\/07\/logo-1.svg","contentUrl":"http:\/\/ekkla.ch\/wp-content\/uploads\/2019\/07\/logo-1.svg","width":1,"height":1,"caption":"Ekkla"},"image":{"@id":"https:\/\/ekkla.ch\/#\/schema\/logo\/image\/"},"sameAs":["https:\/\/www.instagram.com\/ekkla_light\/"]}]}},"_links":{"self":[{"href":"https:\/\/ekkla.ch\/de\/wp-json\/wp\/v2\/product\/39845"}],"collection":[{"href":"https:\/\/ekkla.ch\/de\/wp-json\/wp\/v2\/product"}],"about":[{"href":"https:\/\/ekkla.ch\/de\/wp-json\/wp\/v2\/types\/product"}],"wp:featuredmedia":[{"embeddable":true,"href":"https:\/\/ekkla.ch\/de\/wp-json\/wp\/v2\/media\/23675"}],"wp:attachment":[{"href":"https:\/\/ekkla.ch\/de\/wp-json\/wp\/v2\/media?parent=39845"}],"wp:term":[{"taxonomy":"product_cat","embeddable":true,"href":"https:\/\/ekkla.ch\/de\/wp-json\/wp\/v2\/product_cat?post=39845"},{"taxonomy":"product_tag","embeddable":true,"href":"https:\/\/ekkla.ch\/de\/wp-json\/wp\/v2\/product_tag?post=39845"}],"curies":[{"name":"wp","href":"https:\/\/api.w.org\/{rel}","templated":true}]}}