{"id":44543,"date":"2021-01-14T16:43:48","date_gmt":"2021-01-14T15:43:48","guid":{"rendered":"https:\/\/ekkla.ch\/?post_type=product&#038;p=44543"},"modified":"2024-11-26T21:21:57","modified_gmt":"2024-11-26T20:21:57","slug":"trio-mini-leuchten-h-12-cm-balad-bamboo-fermob","status":"publish","type":"product","link":"https:\/\/ekkla.ch\/de\/produit\/trio-mini-leuchten-h-12-cm-balad-bamboo-fermob\/","title":{"rendered":"3er-Set kabellose Leuchten Balad &#8211; H.12 &#8211; Bamboo &#8211; LED &#8211; Fermob"},"content":{"rendered":"<p>Die Familie der BALAD-Leuchten w\u00e4chst weiter \u2013 mit einem Miniformat! Das Abenteuer geht weiter, n\u00e4mlich mit der Einf\u00fchrung eines kleinen 12cm-Modells in der limitierten BAMBUS-Version. Ein leichtes, nat\u00fcrliches und trendiges Material, das jeden Ort versch\u00f6nert, an den Sie Ihre BALAD bringen werden. Dank ihres geringeren Platzbedarfs eignet sie sich zum Aufstellen auf allen Fl\u00e4chen und allen Ecken, auf Fensterb\u00e4nken, grossen und kleinen Tischen, Baumst\u00fcmpfen, etc.<\/p>\n<p>Sie ist die erste mobile <strong>Minileuchte f\u00fcr den Aussenbereich\u00a0<\/strong>und hat die\u00a0technischen Vorz\u00fcge von ihren grossen Schwestern geerbt: sie hat 3 Lichttemperaturen (neutrales Weiss, kaltes Weiss, Kerzenlicht-Flackermodus mit 2300 K) sowie eine eindrucksvolle Autonomie f\u00fcr ihre kleine Gr\u00f6sse (10 bis 14 Stunden Autonomie bei 3,5 Stunden Ladezeit \u00fcber USB-C-Kabel). Der Flacker-Modus ist diesen Mini-Leuchten eigen und sorgt f\u00fcr angenehme\u00a0Kerzenlicht-Stimmung. \u00dcbrigens k\u00f6nnen Sie mit dem cleveren Ladekabel, das im Lieferumfang der Lampe enthalten ist, alle drei Lampen gleichzeitig aufladen. \u00a0Achtung: limitierte Ausgabe, also greifen Sie zu solange es noch geht!<\/p>\n<blockquote>\n<h2>Merkmale &amp; Eigenschaften<\/h2>\n<p><strong>Marke<\/strong> Fermob<\/p>\n<p><strong>Farbe\u00a0<\/strong>Bambus<\/p>\n<p><strong>Materialien<\/strong>\u00a0Aluminium und Polyethylen<\/p>\n<p><strong>Lichtstrom (lm)<\/strong>\u00a020<\/p>\n<p><strong>Technologie<\/strong> LED 0.3W<\/p>\n<p><strong>Leuchtdauer<\/strong> 10 bis 14 Stunden<\/p>\n<p><strong>Aufladung\u00a0<\/strong>USB-C-Ladekabel (inbegriffen)<\/p>\n<p><strong>Tiefe (cm)\u00a0<\/strong>10<\/p>\n<p><strong>H\u00f6he (cm) <\/strong>13,5<\/p>\n<p><strong>Breite (cm) <\/strong>10<\/p><\/blockquote>\n","protected":false},"excerpt":{"rendered":"<p>Die Familie der BALAD-Leuchten w\u00e4chst weiter \u2013 mit einem Miniformat! Das Abenteuer geht weiter, n\u00e4mlich mit der Einf\u00fchrung eines kleinen 12cm-Modells in der limitierten BAMBUS-Version. Ein leichtes, nat\u00fcrliches und trendiges Material, das jeden Ort versch\u00f6nert, an den Sie Ihre BALAD bringen werden. Dank ihres geringeren Platzbedarfs eignet sie sich zum Aufstellen auf allen Fl\u00e4chen und [&hellip;]<\/p>\n","protected":false},"featured_media":44557,"template":"","meta":{"_acf_changed":false,"om_disable_all_campaigns":false},"product_cat":[290],"product_tag":[1244,760,818,836,1265,1022,883,403],"bundled_by":[],"bundle_stock_status":"instock","bundle_stock_quantity":2,"bundle_virtual":false,"bundle_layout":"","bundle_add_to_cart_form_location":"","bundle_editable_in_cart":false,"bundle_sold_individually_context":"","bundle_item_grouping":"","bundle_min_size":"","bundle_max_size":"","bundle_price":[],"bundled_items":[],"bundle_sell_ids":[],"acf":[],"yoast_head":"<!-- This site is optimized with the Yoast SEO Premium plugin v22.2 (Yoast SEO v22.8) - https:\/\/yoast.com\/wordpress\/plugins\/seo\/ -->\n<title>Fermob | Trio Mini-Leuchten H.12 Balad | Bambus | Ekkla<\/title>\n<meta name=\"description\" content=\"Trio aus drei Outdoor-Balad BAMBOO Mini-Leuchten von Fermob. F\u00fcr Ihre Tische, Konsolen und Nischen im Aussenbereich. Eine praktische und farbenfrohe Beleuchtung!\" \/>\n<meta name=\"robots\" content=\"index, follow, max-snippet:-1, max-image-preview:large, max-video-preview:-1\" \/>\n<link rel=\"canonical\" href=\"https:\/\/ekkla.ch\/de\/produit\/trio-mini-leuchten-h-12-cm-balad-bamboo-fermob\/\" \/>\n<meta property=\"og:locale\" content=\"de_DE\" \/>\n<meta property=\"og:type\" content=\"article\" \/>\n<meta property=\"og:title\" content=\"3er-Set kabellose Leuchten Balad - H.12 - Bamboo - LED - Fermob\" \/>\n<meta property=\"og:description\" content=\"Trio aus drei Outdoor-Balad BAMBOO Mini-Leuchten von Fermob. F\u00fcr Ihre Tische, Konsolen und Nischen im Aussenbereich. Eine praktische und farbenfrohe Beleuchtung!\" \/>\n<meta property=\"og:url\" content=\"https:\/\/ekkla.ch\/de\/produit\/trio-mini-leuchten-h-12-cm-balad-bamboo-fermob\/\" \/>\n<meta property=\"og:site_name\" content=\"Ekkla\" \/>\n<meta property=\"article:modified_time\" content=\"2024-11-26T20:21:57+00:00\" \/>\n<meta property=\"og:image\" content=\"https:\/\/ekkla.ch\/wp-content\/uploads\/2021\/01\/BALAD_H.12_BAMBOO_1.png\" \/>\n\t<meta property=\"og:image:width\" content=\"900\" \/>\n\t<meta property=\"og:image:height\" content=\"900\" \/>\n\t<meta property=\"og:image:type\" content=\"image\/png\" \/>\n<meta name=\"twitter:card\" content=\"summary_large_image\" \/>\n<meta name=\"twitter:label1\" content=\"Gesch\u00e4tzte Lesezeit\" \/>\n\t<meta name=\"twitter:data1\" content=\"1\u00a0Minute\" \/>\n<script type=\"application\/ld+json\" class=\"yoast-schema-graph\">{\"@context\":\"https:\/\/schema.org\",\"@graph\":[{\"@type\":\"WebPage\",\"@id\":\"https:\/\/ekkla.ch\/de\/produit\/trio-mini-leuchten-h-12-cm-balad-bamboo-fermob\/\",\"url\":\"https:\/\/ekkla.ch\/de\/produit\/trio-mini-leuchten-h-12-cm-balad-bamboo-fermob\/\",\"name\":\"Fermob | Trio Mini-Leuchten H.12 Balad | Bambus | Ekkla\",\"isPartOf\":{\"@id\":\"https:\/\/ekkla.ch\/#website\"},\"primaryImageOfPage\":{\"@id\":\"https:\/\/ekkla.ch\/de\/produit\/trio-mini-leuchten-h-12-cm-balad-bamboo-fermob\/#primaryimage\"},\"image\":{\"@id\":\"https:\/\/ekkla.ch\/de\/produit\/trio-mini-leuchten-h-12-cm-balad-bamboo-fermob\/#primaryimage\"},\"thumbnailUrl\":\"https:\/\/ekkla.ch\/wp-content\/uploads\/2021\/01\/BALAD_H.12_BAMBOO_1.png\",\"datePublished\":\"2021-01-14T15:43:48+00:00\",\"dateModified\":\"2024-11-26T20:21:57+00:00\",\"description\":\"Trio aus drei Outdoor-Balad BAMBOO Mini-Leuchten von Fermob. F\u00fcr Ihre Tische, Konsolen und Nischen im Aussenbereich. Eine praktische und farbenfrohe Beleuchtung!\",\"breadcrumb\":{\"@id\":\"https:\/\/ekkla.ch\/de\/produit\/trio-mini-leuchten-h-12-cm-balad-bamboo-fermob\/#breadcrumb\"},\"inLanguage\":\"de\",\"potentialAction\":[{\"@type\":\"ReadAction\",\"target\":[\"https:\/\/ekkla.ch\/de\/produit\/trio-mini-leuchten-h-12-cm-balad-bamboo-fermob\/\"]}]},{\"@type\":\"ImageObject\",\"inLanguage\":\"de\",\"@id\":\"https:\/\/ekkla.ch\/de\/produit\/trio-mini-leuchten-h-12-cm-balad-bamboo-fermob\/#primaryimage\",\"url\":\"https:\/\/ekkla.ch\/wp-content\/uploads\/2021\/01\/BALAD_H.12_BAMBOO_1.png\",\"contentUrl\":\"https:\/\/ekkla.ch\/wp-content\/uploads\/2021\/01\/BALAD_H.12_BAMBOO_1.png\",\"width\":900,\"height\":900,\"caption\":\"Balade H.12 Bamboo Fermob\"},{\"@type\":\"BreadcrumbList\",\"@id\":\"https:\/\/ekkla.ch\/de\/produit\/trio-mini-leuchten-h-12-cm-balad-bamboo-fermob\/#breadcrumb\",\"itemListElement\":[{\"@type\":\"ListItem\",\"position\":1,\"name\":\"Home\",\"item\":\"https:\/\/ekkla.ch\/de\/\"},{\"@type\":\"ListItem\",\"position\":2,\"name\":\"Shop\",\"item\":\"https:\/\/ekkla.ch\/de\/shop\/\"},{\"@type\":\"ListItem\",\"position\":3,\"name\":\"3er-Set kabellose Leuchten Balad &#8211; H.12 &#8211; Bamboo &#8211; LED &#8211; Fermob\"}]},{\"@type\":\"WebSite\",\"@id\":\"https:\/\/ekkla.ch\/#website\",\"url\":\"https:\/\/ekkla.ch\/\",\"name\":\"Ekkla\",\"description\":\"Der Onlineshop f\u00fcr Beleuchtung\",\"publisher\":{\"@id\":\"https:\/\/ekkla.ch\/#organization\"},\"potentialAction\":[{\"@type\":\"SearchAction\",\"target\":{\"@type\":\"EntryPoint\",\"urlTemplate\":\"https:\/\/ekkla.ch\/?s={search_term_string}\"},\"query-input\":\"required name=search_term_string\"}],\"inLanguage\":\"de\"},{\"@type\":\"Organization\",\"@id\":\"https:\/\/ekkla.ch\/#organization\",\"name\":\"Ekkla\",\"url\":\"https:\/\/ekkla.ch\/\",\"logo\":{\"@type\":\"ImageObject\",\"inLanguage\":\"de\",\"@id\":\"https:\/\/ekkla.ch\/#\/schema\/logo\/image\/\",\"url\":\"http:\/\/ekkla.ch\/wp-content\/uploads\/2019\/07\/logo-1.svg\",\"contentUrl\":\"http:\/\/ekkla.ch\/wp-content\/uploads\/2019\/07\/logo-1.svg\",\"width\":1,\"height\":1,\"caption\":\"Ekkla\"},\"image\":{\"@id\":\"https:\/\/ekkla.ch\/#\/schema\/logo\/image\/\"},\"sameAs\":[\"https:\/\/www.instagram.com\/ekkla_light\/\"]}]}<\/script>\n<!-- \/ Yoast SEO Premium plugin. -->","yoast_head_json":{"title":"Fermob | Trio Mini-Leuchten H.12 Balad | Bambus | Ekkla","description":"Trio aus drei Outdoor-Balad BAMBOO Mini-Leuchten von Fermob. F\u00fcr Ihre Tische, Konsolen und Nischen im Aussenbereich. Eine praktische und farbenfrohe Beleuchtung!","robots":{"index":"index","follow":"follow","max-snippet":"max-snippet:-1","max-image-preview":"max-image-preview:large","max-video-preview":"max-video-preview:-1"},"canonical":"https:\/\/ekkla.ch\/de\/produit\/trio-mini-leuchten-h-12-cm-balad-bamboo-fermob\/","og_locale":"de_DE","og_type":"article","og_title":"3er-Set kabellose Leuchten Balad - H.12 - Bamboo - LED - Fermob","og_description":"Trio aus drei Outdoor-Balad BAMBOO Mini-Leuchten von Fermob. F\u00fcr Ihre Tische, Konsolen und Nischen im Aussenbereich. Eine praktische und farbenfrohe Beleuchtung!","og_url":"https:\/\/ekkla.ch\/de\/produit\/trio-mini-leuchten-h-12-cm-balad-bamboo-fermob\/","og_site_name":"Ekkla","article_modified_time":"2024-11-26T20:21:57+00:00","og_image":[{"width":900,"height":900,"url":"https:\/\/ekkla.ch\/wp-content\/uploads\/2021\/01\/BALAD_H.12_BAMBOO_1.png","type":"image\/png"}],"twitter_card":"summary_large_image","twitter_misc":{"Gesch\u00e4tzte Lesezeit":"1\u00a0Minute"},"schema":{"@context":"https:\/\/schema.org","@graph":[{"@type":"WebPage","@id":"https:\/\/ekkla.ch\/de\/produit\/trio-mini-leuchten-h-12-cm-balad-bamboo-fermob\/","url":"https:\/\/ekkla.ch\/de\/produit\/trio-mini-leuchten-h-12-cm-balad-bamboo-fermob\/","name":"Fermob | Trio Mini-Leuchten H.12 Balad | Bambus | Ekkla","isPartOf":{"@id":"https:\/\/ekkla.ch\/#website"},"primaryImageOfPage":{"@id":"https:\/\/ekkla.ch\/de\/produit\/trio-mini-leuchten-h-12-cm-balad-bamboo-fermob\/#primaryimage"},"image":{"@id":"https:\/\/ekkla.ch\/de\/produit\/trio-mini-leuchten-h-12-cm-balad-bamboo-fermob\/#primaryimage"},"thumbnailUrl":"https:\/\/ekkla.ch\/wp-content\/uploads\/2021\/01\/BALAD_H.12_BAMBOO_1.png","datePublished":"2021-01-14T15:43:48+00:00","dateModified":"2024-11-26T20:21:57+00:00","description":"Trio aus drei Outdoor-Balad BAMBOO Mini-Leuchten von Fermob. F\u00fcr Ihre Tische, Konsolen und Nischen im Aussenbereich. Eine praktische und farbenfrohe Beleuchtung!","breadcrumb":{"@id":"https:\/\/ekkla.ch\/de\/produit\/trio-mini-leuchten-h-12-cm-balad-bamboo-fermob\/#breadcrumb"},"inLanguage":"de","potentialAction":[{"@type":"ReadAction","target":["https:\/\/ekkla.ch\/de\/produit\/trio-mini-leuchten-h-12-cm-balad-bamboo-fermob\/"]}]},{"@type":"ImageObject","inLanguage":"de","@id":"https:\/\/ekkla.ch\/de\/produit\/trio-mini-leuchten-h-12-cm-balad-bamboo-fermob\/#primaryimage","url":"https:\/\/ekkla.ch\/wp-content\/uploads\/2021\/01\/BALAD_H.12_BAMBOO_1.png","contentUrl":"https:\/\/ekkla.ch\/wp-content\/uploads\/2021\/01\/BALAD_H.12_BAMBOO_1.png","width":900,"height":900,"caption":"Balade H.12 Bamboo Fermob"},{"@type":"BreadcrumbList","@id":"https:\/\/ekkla.ch\/de\/produit\/trio-mini-leuchten-h-12-cm-balad-bamboo-fermob\/#breadcrumb","itemListElement":[{"@type":"ListItem","position":1,"name":"Home","item":"https:\/\/ekkla.ch\/de\/"},{"@type":"ListItem","position":2,"name":"Shop","item":"https:\/\/ekkla.ch\/de\/shop\/"},{"@type":"ListItem","position":3,"name":"3er-Set kabellose Leuchten Balad &#8211; H.12 &#8211; Bamboo &#8211; LED &#8211; Fermob"}]},{"@type":"WebSite","@id":"https:\/\/ekkla.ch\/#website","url":"https:\/\/ekkla.ch\/","name":"Ekkla","description":"Der Onlineshop f\u00fcr Beleuchtung","publisher":{"@id":"https:\/\/ekkla.ch\/#organization"},"potentialAction":[{"@type":"SearchAction","target":{"@type":"EntryPoint","urlTemplate":"https:\/\/ekkla.ch\/?s={search_term_string}"},"query-input":"required name=search_term_string"}],"inLanguage":"de"},{"@type":"Organization","@id":"https:\/\/ekkla.ch\/#organization","name":"Ekkla","url":"https:\/\/ekkla.ch\/","logo":{"@type":"ImageObject","inLanguage":"de","@id":"https:\/\/ekkla.ch\/#\/schema\/logo\/image\/","url":"http:\/\/ekkla.ch\/wp-content\/uploads\/2019\/07\/logo-1.svg","contentUrl":"http:\/\/ekkla.ch\/wp-content\/uploads\/2019\/07\/logo-1.svg","width":1,"height":1,"caption":"Ekkla"},"image":{"@id":"https:\/\/ekkla.ch\/#\/schema\/logo\/image\/"},"sameAs":["https:\/\/www.instagram.com\/ekkla_light\/"]}]}},"_links":{"self":[{"href":"https:\/\/ekkla.ch\/de\/wp-json\/wp\/v2\/product\/44543"}],"collection":[{"href":"https:\/\/ekkla.ch\/de\/wp-json\/wp\/v2\/product"}],"about":[{"href":"https:\/\/ekkla.ch\/de\/wp-json\/wp\/v2\/types\/product"}],"wp:featuredmedia":[{"embeddable":true,"href":"https:\/\/ekkla.ch\/de\/wp-json\/wp\/v2\/media\/44557"}],"wp:attachment":[{"href":"https:\/\/ekkla.ch\/de\/wp-json\/wp\/v2\/media?parent=44543"}],"wp:term":[{"taxonomy":"product_cat","embeddable":true,"href":"https:\/\/ekkla.ch\/de\/wp-json\/wp\/v2\/product_cat?post=44543"},{"taxonomy":"product_tag","embeddable":true,"href":"https:\/\/ekkla.ch\/de\/wp-json\/wp\/v2\/product_tag?post=44543"}],"curies":[{"name":"wp","href":"https:\/\/api.w.org\/{rel}","templated":true}]}}