{"id":45437,"date":"2021-01-14T12:52:18","date_gmt":"2021-01-14T11:52:18","guid":{"rendered":"https:\/\/ekkla.ch\/produit\/suspension-here-comes-the-sun-45-blanc-et-cuivre-dcw\/"},"modified":"2023-02-06T08:09:14","modified_gmt":"2023-02-06T07:09:14","slug":"haengeleuchte-here-comes-the-sun-45-weiss-und-kupfer-dcw","status":"publish","type":"product","link":"https:\/\/ekkla.ch\/de\/produit\/haengeleuchte-here-comes-the-sun-45-weiss-und-kupfer-dcw\/","title":{"rendered":"H\u00e4ngeleuchte Here Comes the Sun 45 weiss und Kupfer &#8211; DCW\u00e9ditions"},"content":{"rendered":"<p>Die H\u00e4ngeleuchten <em>Here Comes the Sun<\/em>\u00a0wurden 1970 von Bertrand Balas designt. Ihr leichter und abgerundeter Look vermittelt den Eindruck, dass sie in der Luft schweben und ahmen so den Sonnenaufgang nach. Diese Lichtpunkte sind auch in der Nacht sanft und beruhigend und geben ein sch\u00f6nes, indirektes Licht ab. Es spiegelt sich in den kupferfarbenen Oberfl\u00e4chen des Lampenschirms und erzeugt h\u00fcbsche metallische Reflexe. Die Leuchte passt ideal in eine Lobby, eine Eingangshalle oder \u00fcber einen grossen Tisch. H\u00e4nge Sie gleich mehrere Lampen auch, um einen magischen Effekt zu erzeugen! Gl\u00fchbirne nicht inbegriffen.<\/p>\n<blockquote>\n<h2>Merkmale &amp; Eigenschaften<\/h2>\n<p><strong>Marke<\/strong> DCW\u00e9ditions<\/p>\n<p><strong>Farben<\/strong> Weiss und Kupfer<\/p>\n<p><strong>Materialien<\/strong> Stahl und textile Kabel<\/p>\n<p style=\"text-align: left;\"><strong>Gl\u00fchbirne<\/strong>\u00a0E27<\/p>\n<p style=\"text-align: left;\"><strong>Max. Leistung (W)<\/strong> 23<\/p>\n<p><strong>Durchmesser (cm) <\/strong>45<\/p>\n<p><strong>Max. Kabell\u00e4nge (cm)<\/strong> 500<\/p>\n<p><strong>Gewicht (kg)<\/strong>\u00a05<\/p><\/blockquote>\n","protected":false},"excerpt":{"rendered":"<p>Die H\u00e4ngeleuchten Here Comes the Sun\u00a0wurden 1970 von Bertrand Balas designt. Ihr leichter und abgerundeter Look vermittelt den Eindruck, dass sie in der Luft schweben und ahmen so den Sonnenaufgang nach. Diese Lichtpunkte sind auch in der Nacht sanft und beruhigend und geben ein sch\u00f6nes, indirektes Licht ab. Es spiegelt sich in den kupferfarbenen Oberfl\u00e4chen [&hellip;]<\/p>\n","protected":false},"featured_media":46567,"template":"","meta":{"_acf_changed":false,"om_disable_all_campaigns":false},"product_cat":[291],"product_tag":[1256,898,554,1188,1265,824,1220,1109,883,1209,1092],"bundled_by":[],"bundle_stock_status":"onbackorder","bundle_stock_quantity":1,"bundle_virtual":false,"bundle_layout":"","bundle_add_to_cart_form_location":"","bundle_editable_in_cart":false,"bundle_sold_individually_context":"","bundle_item_grouping":"","bundle_min_size":"","bundle_max_size":"","bundle_price":[],"bundled_items":[],"bundle_sell_ids":[],"acf":[],"yoast_head":"<!-- This site is optimized with the Yoast SEO Premium plugin v22.2 (Yoast SEO v22.8) - https:\/\/yoast.com\/wordpress\/plugins\/seo\/ -->\n<title>DCW\u00e9ditions | H\u00e4ngeleuchte Here comes the sun 45 | Weiss &amp; Kupfer | Ekkla<\/title>\n<meta name=\"description\" content=\"Diese Aufh\u00e4ngungen haben ein leichtes und schlankes Design, das den Sonnenaufgang imitiert. Die Lichtpunkte sind weich und beruhigend in der Nacht.\" \/>\n<meta name=\"robots\" content=\"index, follow, max-snippet:-1, max-image-preview:large, max-video-preview:-1\" \/>\n<link rel=\"canonical\" href=\"https:\/\/ekkla.ch\/de\/produit\/haengeleuchte-here-comes-the-sun-45-weiss-und-kupfer-dcw\/\" \/>\n<meta property=\"og:locale\" content=\"de_DE\" \/>\n<meta property=\"og:type\" content=\"article\" \/>\n<meta property=\"og:title\" content=\"H\u00e4ngeleuchte Here Comes the Sun 45 weiss und Kupfer - DCW\u00e9ditions\" \/>\n<meta property=\"og:description\" content=\"Diese Aufh\u00e4ngungen haben ein leichtes und schlankes Design, das den Sonnenaufgang imitiert. Die Lichtpunkte sind weich und beruhigend in der Nacht.\" \/>\n<meta property=\"og:url\" content=\"https:\/\/ekkla.ch\/de\/produit\/haengeleuchte-here-comes-the-sun-45-weiss-und-kupfer-dcw\/\" \/>\n<meta property=\"og:site_name\" content=\"Ekkla\" \/>\n<meta property=\"article:modified_time\" content=\"2023-02-06T07:09:14+00:00\" \/>\n<meta property=\"og:image\" content=\"https:\/\/ekkla.ch\/wp-content\/uploads\/2021\/01\/HCS-45_BlancCuivre-1.jpg\" \/>\n\t<meta property=\"og:image:width\" content=\"900\" \/>\n\t<meta property=\"og:image:height\" content=\"900\" \/>\n\t<meta property=\"og:image:type\" content=\"image\/jpeg\" \/>\n<meta name=\"twitter:card\" content=\"summary_large_image\" \/>\n<meta name=\"twitter:label1\" content=\"Gesch\u00e4tzte Lesezeit\" \/>\n\t<meta name=\"twitter:data1\" content=\"1\u00a0Minute\" \/>\n<script type=\"application\/ld+json\" class=\"yoast-schema-graph\">{\"@context\":\"https:\/\/schema.org\",\"@graph\":[{\"@type\":\"WebPage\",\"@id\":\"https:\/\/ekkla.ch\/de\/produit\/haengeleuchte-here-comes-the-sun-45-weiss-und-kupfer-dcw\/\",\"url\":\"https:\/\/ekkla.ch\/de\/produit\/haengeleuchte-here-comes-the-sun-45-weiss-und-kupfer-dcw\/\",\"name\":\"DCW\u00e9ditions | H\u00e4ngeleuchte Here comes the sun 45 | Weiss & Kupfer | Ekkla\",\"isPartOf\":{\"@id\":\"https:\/\/ekkla.ch\/#website\"},\"primaryImageOfPage\":{\"@id\":\"https:\/\/ekkla.ch\/de\/produit\/haengeleuchte-here-comes-the-sun-45-weiss-und-kupfer-dcw\/#primaryimage\"},\"image\":{\"@id\":\"https:\/\/ekkla.ch\/de\/produit\/haengeleuchte-here-comes-the-sun-45-weiss-und-kupfer-dcw\/#primaryimage\"},\"thumbnailUrl\":\"https:\/\/ekkla.ch\/wp-content\/uploads\/2021\/01\/HCS-45_BlancCuivre-1.jpg\",\"datePublished\":\"2021-01-14T11:52:18+00:00\",\"dateModified\":\"2023-02-06T07:09:14+00:00\",\"description\":\"Diese Aufh\u00e4ngungen haben ein leichtes und schlankes Design, das den Sonnenaufgang imitiert. Die Lichtpunkte sind weich und beruhigend in der Nacht.\",\"breadcrumb\":{\"@id\":\"https:\/\/ekkla.ch\/de\/produit\/haengeleuchte-here-comes-the-sun-45-weiss-und-kupfer-dcw\/#breadcrumb\"},\"inLanguage\":\"de\",\"potentialAction\":[{\"@type\":\"ReadAction\",\"target\":[\"https:\/\/ekkla.ch\/de\/produit\/haengeleuchte-here-comes-the-sun-45-weiss-und-kupfer-dcw\/\"]}]},{\"@type\":\"ImageObject\",\"inLanguage\":\"de\",\"@id\":\"https:\/\/ekkla.ch\/de\/produit\/haengeleuchte-here-comes-the-sun-45-weiss-und-kupfer-dcw\/#primaryimage\",\"url\":\"https:\/\/ekkla.ch\/wp-content\/uploads\/2021\/01\/HCS-45_BlancCuivre-1.jpg\",\"contentUrl\":\"https:\/\/ekkla.ch\/wp-content\/uploads\/2021\/01\/HCS-45_BlancCuivre-1.jpg\",\"width\":900,\"height\":900,\"caption\":\"Suspension HCS DCW\"},{\"@type\":\"BreadcrumbList\",\"@id\":\"https:\/\/ekkla.ch\/de\/produit\/haengeleuchte-here-comes-the-sun-45-weiss-und-kupfer-dcw\/#breadcrumb\",\"itemListElement\":[{\"@type\":\"ListItem\",\"position\":1,\"name\":\"Home\",\"item\":\"https:\/\/ekkla.ch\/de\/\"},{\"@type\":\"ListItem\",\"position\":2,\"name\":\"Shop\",\"item\":\"https:\/\/ekkla.ch\/de\/shop\/\"},{\"@type\":\"ListItem\",\"position\":3,\"name\":\"H\u00e4ngeleuchte Here Comes the Sun 45 weiss und Kupfer &#8211; DCW\u00e9ditions\"}]},{\"@type\":\"WebSite\",\"@id\":\"https:\/\/ekkla.ch\/#website\",\"url\":\"https:\/\/ekkla.ch\/\",\"name\":\"Ekkla\",\"description\":\"Der Onlineshop f\u00fcr Beleuchtung\",\"publisher\":{\"@id\":\"https:\/\/ekkla.ch\/#organization\"},\"potentialAction\":[{\"@type\":\"SearchAction\",\"target\":{\"@type\":\"EntryPoint\",\"urlTemplate\":\"https:\/\/ekkla.ch\/?s={search_term_string}\"},\"query-input\":\"required name=search_term_string\"}],\"inLanguage\":\"de\"},{\"@type\":\"Organization\",\"@id\":\"https:\/\/ekkla.ch\/#organization\",\"name\":\"Ekkla\",\"url\":\"https:\/\/ekkla.ch\/\",\"logo\":{\"@type\":\"ImageObject\",\"inLanguage\":\"de\",\"@id\":\"https:\/\/ekkla.ch\/#\/schema\/logo\/image\/\",\"url\":\"http:\/\/ekkla.ch\/wp-content\/uploads\/2019\/07\/logo-1.svg\",\"contentUrl\":\"http:\/\/ekkla.ch\/wp-content\/uploads\/2019\/07\/logo-1.svg\",\"width\":1,\"height\":1,\"caption\":\"Ekkla\"},\"image\":{\"@id\":\"https:\/\/ekkla.ch\/#\/schema\/logo\/image\/\"},\"sameAs\":[\"https:\/\/www.instagram.com\/ekkla_light\/\"]}]}<\/script>\n<!-- \/ Yoast SEO Premium plugin. -->","yoast_head_json":{"title":"DCW\u00e9ditions | H\u00e4ngeleuchte Here comes the sun 45 | Weiss & Kupfer | Ekkla","description":"Diese Aufh\u00e4ngungen haben ein leichtes und schlankes Design, das den Sonnenaufgang imitiert. Die Lichtpunkte sind weich und beruhigend in der Nacht.","robots":{"index":"index","follow":"follow","max-snippet":"max-snippet:-1","max-image-preview":"max-image-preview:large","max-video-preview":"max-video-preview:-1"},"canonical":"https:\/\/ekkla.ch\/de\/produit\/haengeleuchte-here-comes-the-sun-45-weiss-und-kupfer-dcw\/","og_locale":"de_DE","og_type":"article","og_title":"H\u00e4ngeleuchte Here Comes the Sun 45 weiss und Kupfer - DCW\u00e9ditions","og_description":"Diese Aufh\u00e4ngungen haben ein leichtes und schlankes Design, das den Sonnenaufgang imitiert. Die Lichtpunkte sind weich und beruhigend in der Nacht.","og_url":"https:\/\/ekkla.ch\/de\/produit\/haengeleuchte-here-comes-the-sun-45-weiss-und-kupfer-dcw\/","og_site_name":"Ekkla","article_modified_time":"2023-02-06T07:09:14+00:00","og_image":[{"width":900,"height":900,"url":"https:\/\/ekkla.ch\/wp-content\/uploads\/2021\/01\/HCS-45_BlancCuivre-1.jpg","type":"image\/jpeg"}],"twitter_card":"summary_large_image","twitter_misc":{"Gesch\u00e4tzte Lesezeit":"1\u00a0Minute"},"schema":{"@context":"https:\/\/schema.org","@graph":[{"@type":"WebPage","@id":"https:\/\/ekkla.ch\/de\/produit\/haengeleuchte-here-comes-the-sun-45-weiss-und-kupfer-dcw\/","url":"https:\/\/ekkla.ch\/de\/produit\/haengeleuchte-here-comes-the-sun-45-weiss-und-kupfer-dcw\/","name":"DCW\u00e9ditions | H\u00e4ngeleuchte Here comes the sun 45 | Weiss & Kupfer | Ekkla","isPartOf":{"@id":"https:\/\/ekkla.ch\/#website"},"primaryImageOfPage":{"@id":"https:\/\/ekkla.ch\/de\/produit\/haengeleuchte-here-comes-the-sun-45-weiss-und-kupfer-dcw\/#primaryimage"},"image":{"@id":"https:\/\/ekkla.ch\/de\/produit\/haengeleuchte-here-comes-the-sun-45-weiss-und-kupfer-dcw\/#primaryimage"},"thumbnailUrl":"https:\/\/ekkla.ch\/wp-content\/uploads\/2021\/01\/HCS-45_BlancCuivre-1.jpg","datePublished":"2021-01-14T11:52:18+00:00","dateModified":"2023-02-06T07:09:14+00:00","description":"Diese Aufh\u00e4ngungen haben ein leichtes und schlankes Design, das den Sonnenaufgang imitiert. Die Lichtpunkte sind weich und beruhigend in der Nacht.","breadcrumb":{"@id":"https:\/\/ekkla.ch\/de\/produit\/haengeleuchte-here-comes-the-sun-45-weiss-und-kupfer-dcw\/#breadcrumb"},"inLanguage":"de","potentialAction":[{"@type":"ReadAction","target":["https:\/\/ekkla.ch\/de\/produit\/haengeleuchte-here-comes-the-sun-45-weiss-und-kupfer-dcw\/"]}]},{"@type":"ImageObject","inLanguage":"de","@id":"https:\/\/ekkla.ch\/de\/produit\/haengeleuchte-here-comes-the-sun-45-weiss-und-kupfer-dcw\/#primaryimage","url":"https:\/\/ekkla.ch\/wp-content\/uploads\/2021\/01\/HCS-45_BlancCuivre-1.jpg","contentUrl":"https:\/\/ekkla.ch\/wp-content\/uploads\/2021\/01\/HCS-45_BlancCuivre-1.jpg","width":900,"height":900,"caption":"Suspension HCS DCW"},{"@type":"BreadcrumbList","@id":"https:\/\/ekkla.ch\/de\/produit\/haengeleuchte-here-comes-the-sun-45-weiss-und-kupfer-dcw\/#breadcrumb","itemListElement":[{"@type":"ListItem","position":1,"name":"Home","item":"https:\/\/ekkla.ch\/de\/"},{"@type":"ListItem","position":2,"name":"Shop","item":"https:\/\/ekkla.ch\/de\/shop\/"},{"@type":"ListItem","position":3,"name":"H\u00e4ngeleuchte Here Comes the Sun 45 weiss und Kupfer &#8211; DCW\u00e9ditions"}]},{"@type":"WebSite","@id":"https:\/\/ekkla.ch\/#website","url":"https:\/\/ekkla.ch\/","name":"Ekkla","description":"Der Onlineshop f\u00fcr Beleuchtung","publisher":{"@id":"https:\/\/ekkla.ch\/#organization"},"potentialAction":[{"@type":"SearchAction","target":{"@type":"EntryPoint","urlTemplate":"https:\/\/ekkla.ch\/?s={search_term_string}"},"query-input":"required name=search_term_string"}],"inLanguage":"de"},{"@type":"Organization","@id":"https:\/\/ekkla.ch\/#organization","name":"Ekkla","url":"https:\/\/ekkla.ch\/","logo":{"@type":"ImageObject","inLanguage":"de","@id":"https:\/\/ekkla.ch\/#\/schema\/logo\/image\/","url":"http:\/\/ekkla.ch\/wp-content\/uploads\/2019\/07\/logo-1.svg","contentUrl":"http:\/\/ekkla.ch\/wp-content\/uploads\/2019\/07\/logo-1.svg","width":1,"height":1,"caption":"Ekkla"},"image":{"@id":"https:\/\/ekkla.ch\/#\/schema\/logo\/image\/"},"sameAs":["https:\/\/www.instagram.com\/ekkla_light\/"]}]}},"_links":{"self":[{"href":"https:\/\/ekkla.ch\/de\/wp-json\/wp\/v2\/product\/45437"}],"collection":[{"href":"https:\/\/ekkla.ch\/de\/wp-json\/wp\/v2\/product"}],"about":[{"href":"https:\/\/ekkla.ch\/de\/wp-json\/wp\/v2\/types\/product"}],"wp:featuredmedia":[{"embeddable":true,"href":"https:\/\/ekkla.ch\/de\/wp-json\/wp\/v2\/media\/46567"}],"wp:attachment":[{"href":"https:\/\/ekkla.ch\/de\/wp-json\/wp\/v2\/media?parent=45437"}],"wp:term":[{"taxonomy":"product_cat","embeddable":true,"href":"https:\/\/ekkla.ch\/de\/wp-json\/wp\/v2\/product_cat?post=45437"},{"taxonomy":"product_tag","embeddable":true,"href":"https:\/\/ekkla.ch\/de\/wp-json\/wp\/v2\/product_tag?post=45437"}],"curies":[{"name":"wp","href":"https:\/\/api.w.org\/{rel}","templated":true}]}}