{"id":47253,"date":"2021-01-25T10:56:37","date_gmt":"2021-01-25T09:56:37","guid":{"rendered":"https:\/\/ekkla.ch\/produit\/deckenleuchte-aus-geflochtenem-bali-bambus-good-mojo\/"},"modified":"2023-02-27T00:00:07","modified_gmt":"2023-02-26T23:00:07","slug":"deckenleuchte-aus-geflochtenem-bali-bambus-good-mojo","status":"publish","type":"product","link":"https:\/\/ekkla.ch\/de\/produit\/deckenleuchte-aus-geflochtenem-bali-bambus-good-mojo\/","title":{"rendered":"Deckenleuchte Bali &#8211; Geflochtener Bambus &#8211; \u00d860 &#8211; Good &#038; Mojo"},"content":{"rendered":"<p>Mit ihrem Geflecht aus schwarzen und nat\u00fcrlichen Bambusstreifen ist die Bali-Kollektion eine Hommage an die ber\u00fchmte indonesische Insel, indem sie einen Mix aus Boh\u00e8me-Chic bringt und eine authentische Seele bewahrt. Diese Deckenleuchte, die komplett handgeflochten ist, verleiht Ihrem Interieur Eleganz und passt perfekt in ein Wohnzimmer, ein Schlafzimmer oder \u00fcber einen Esstisch.\u00a0Die Marke Good &amp; Mojo versammelt umweltbewusste Leuchten, die nur aus nachhaltigen und\/oder recycelten Materialien hergestellt werden.<\/p>\n<p>Bali ist durch ihre durchbrochene Struktur visuell sehr leicht. Die Bambuslamellen werfen zarte Schatten an die W\u00e4nde.\u00a0Jedes St\u00fcck ist eine echte technische Herausforderung, deren Herstellung aussergew\u00f6hnliche Handwerkskunst erfordert.<\/p>\n<p>Die Leichtigkeit dieser Deckenleuchte verleiht ihr einen Boh\u00e8me-Stil, der nat\u00fcrliche Materialien mit zeitgen\u00f6ssischem Design vereint. Diese Deckenleuchte hat eine zweifarbige Oberfl\u00e4che, die der Leuchte einen grafischen Touch verleiht.\u00a0Gl\u00fchbirne nicht inbegriffen.<\/p>\n<p>F\u00fcr jede verkaufte Lampe der Good &amp; Mojo-Kollektion werden 5 % an die <a href=\"https:\/\/waka-waka.com\/de\/\">WakaWaka<\/a>-Stiftung gespendet, die Solarbeleuchtungsl\u00f6sungen zu Menschen in Not bringt.<\/p>\n<h2>\u00a0 \u00a0 \u00a0 Merkmale &amp; Eigenschaften<\/h2>\n<p><strong>\u00a0 \u00a0 \u00a0 \u00a0 \u00a0 Marke<\/strong> Good &amp; Mojo<\/p>\n<p><strong>\u00a0 \u00a0 \u00a0 \u00a0 \u00a0 Farbe<\/strong>\u00a0Schwarz<\/p>\n<p><strong>\u00a0 \u00a0 \u00a0 \u00a0 \u00a0 Material<\/strong>\u00a0Bambus<\/p>\n<p><b>\u00a0 \u00a0 \u00a0 \u00a0 \u00a0 Gl\u00fchbirne\u00a0<\/b>E27<\/p>\n<p><strong>\u00a0 \u00a0 \u00a0 \u00a0 \u00a0 Max. Leistung (W)<\/strong> 60<\/p>\n<p><strong>\u00a0 \u00a0 \u00a0 \u00a0 \u00a0 H\u00f6he (cm)<\/strong> 17<\/p>\n<p><strong>\u00a0 \u00a0 \u00a0 \u00a0 \u00a0 L\u00e4nge (cm) <\/strong>60<\/p>\n<p><strong>\u00a0 \u00a0 \u00a0 \u00a0 \u00a0 Gewicht (kg)<\/strong> 2,4<\/p>\n","protected":false},"excerpt":{"rendered":"<p>Mit ihrem Geflecht aus schwarzen und nat\u00fcrlichen Bambusstreifen ist die Bali-Kollektion eine Hommage an die ber\u00fchmte indonesische Insel, indem sie einen Mix aus Boh\u00e8me-Chic bringt und eine authentische Seele bewahrt. Diese Deckenleuchte, die komplett handgeflochten ist, verleiht Ihrem Interieur Eleganz und passt perfekt in ein Wohnzimmer, ein Schlafzimmer oder \u00fcber einen Esstisch.\u00a0Die Marke Good &amp; [&hellip;]<\/p>\n","protected":false},"featured_media":46253,"template":"","meta":{"_acf_changed":false,"om_disable_all_campaigns":false},"product_cat":[561,291],"product_tag":[1258,898,554,1188,816,704,603],"bundled_by":[],"bundle_stock_status":"onbackorder","bundle_stock_quantity":0,"bundle_virtual":false,"bundle_layout":"","bundle_add_to_cart_form_location":"","bundle_editable_in_cart":false,"bundle_sold_individually_context":"","bundle_item_grouping":"","bundle_min_size":"","bundle_max_size":"","bundle_price":[],"bundled_items":[],"bundle_sell_ids":[],"acf":[],"yoast_head":"<!-- This site is optimized with the Yoast SEO Premium plugin v22.2 (Yoast SEO v22.8) - https:\/\/yoast.com\/wordpress\/plugins\/seo\/ -->\n<title>Good &amp; Mojo | Deckenleuchte Bali aus geflochtenem Bambus | Naturfarbe und schwarz | Ekkla<\/title>\n<meta name=\"description\" content=\"Diese handgeflochtene Deckenleuchte aus nat\u00fcrlichem und schwarzem Bambus verleiht Ihrem Interieur Eleganz und findet perfekt ihren Platz in Ihren Wohnr\u00e4umen.\" \/>\n<meta name=\"robots\" content=\"index, follow, max-snippet:-1, max-image-preview:large, max-video-preview:-1\" \/>\n<link rel=\"canonical\" href=\"https:\/\/ekkla.ch\/de\/produit\/deckenleuchte-aus-geflochtenem-bali-bambus-good-mojo\/\" \/>\n<meta property=\"og:locale\" content=\"de_DE\" \/>\n<meta property=\"og:type\" content=\"article\" \/>\n<meta property=\"og:title\" content=\"Deckenleuchte Bali - Geflochtener Bambus - \u00d860 - Good &amp; Mojo\" \/>\n<meta property=\"og:description\" content=\"Diese handgeflochtene Deckenleuchte aus nat\u00fcrlichem und schwarzem Bambus verleiht Ihrem Interieur Eleganz und findet perfekt ihren Platz in Ihren Wohnr\u00e4umen.\" \/>\n<meta property=\"og:url\" content=\"https:\/\/ekkla.ch\/de\/produit\/deckenleuchte-aus-geflochtenem-bali-bambus-good-mojo\/\" \/>\n<meta property=\"og:site_name\" content=\"Ekkla\" \/>\n<meta property=\"article:modified_time\" content=\"2023-02-26T23:00:07+00:00\" \/>\n<meta property=\"og:image\" content=\"https:\/\/ekkla.ch\/wp-content\/uploads\/2021\/01\/Plafonnier_Bali_6015_ImageProduit-1.jpg\" \/>\n\t<meta property=\"og:image:width\" content=\"900\" \/>\n\t<meta property=\"og:image:height\" content=\"900\" \/>\n\t<meta property=\"og:image:type\" content=\"image\/jpeg\" \/>\n<meta name=\"twitter:card\" content=\"summary_large_image\" \/>\n<meta name=\"twitter:label1\" content=\"Gesch\u00e4tzte Lesezeit\" \/>\n\t<meta name=\"twitter:data1\" content=\"1\u00a0Minute\" \/>\n<script type=\"application\/ld+json\" class=\"yoast-schema-graph\">{\"@context\":\"https:\/\/schema.org\",\"@graph\":[{\"@type\":\"WebPage\",\"@id\":\"https:\/\/ekkla.ch\/de\/produit\/deckenleuchte-aus-geflochtenem-bali-bambus-good-mojo\/\",\"url\":\"https:\/\/ekkla.ch\/de\/produit\/deckenleuchte-aus-geflochtenem-bali-bambus-good-mojo\/\",\"name\":\"Good & Mojo | Deckenleuchte Bali aus geflochtenem Bambus | Naturfarbe und schwarz | Ekkla\",\"isPartOf\":{\"@id\":\"https:\/\/ekkla.ch\/#website\"},\"primaryImageOfPage\":{\"@id\":\"https:\/\/ekkla.ch\/de\/produit\/deckenleuchte-aus-geflochtenem-bali-bambus-good-mojo\/#primaryimage\"},\"image\":{\"@id\":\"https:\/\/ekkla.ch\/de\/produit\/deckenleuchte-aus-geflochtenem-bali-bambus-good-mojo\/#primaryimage\"},\"thumbnailUrl\":\"https:\/\/ekkla.ch\/wp-content\/uploads\/2021\/01\/Plafonnier_Bali_6015_ImageProduit-1.jpg\",\"datePublished\":\"2021-01-25T09:56:37+00:00\",\"dateModified\":\"2023-02-26T23:00:07+00:00\",\"description\":\"Diese handgeflochtene Deckenleuchte aus nat\u00fcrlichem und schwarzem Bambus verleiht Ihrem Interieur Eleganz und findet perfekt ihren Platz in Ihren Wohnr\u00e4umen.\",\"breadcrumb\":{\"@id\":\"https:\/\/ekkla.ch\/de\/produit\/deckenleuchte-aus-geflochtenem-bali-bambus-good-mojo\/#breadcrumb\"},\"inLanguage\":\"de\",\"potentialAction\":[{\"@type\":\"ReadAction\",\"target\":[\"https:\/\/ekkla.ch\/de\/produit\/deckenleuchte-aus-geflochtenem-bali-bambus-good-mojo\/\"]}]},{\"@type\":\"ImageObject\",\"inLanguage\":\"de\",\"@id\":\"https:\/\/ekkla.ch\/de\/produit\/deckenleuchte-aus-geflochtenem-bali-bambus-good-mojo\/#primaryimage\",\"url\":\"https:\/\/ekkla.ch\/wp-content\/uploads\/2021\/01\/Plafonnier_Bali_6015_ImageProduit-1.jpg\",\"contentUrl\":\"https:\/\/ekkla.ch\/wp-content\/uploads\/2021\/01\/Plafonnier_Bali_6015_ImageProduit-1.jpg\",\"width\":900,\"height\":900,\"caption\":\"Plafonnier Bali Bambou Good & Mojo\"},{\"@type\":\"BreadcrumbList\",\"@id\":\"https:\/\/ekkla.ch\/de\/produit\/deckenleuchte-aus-geflochtenem-bali-bambus-good-mojo\/#breadcrumb\",\"itemListElement\":[{\"@type\":\"ListItem\",\"position\":1,\"name\":\"Home\",\"item\":\"https:\/\/ekkla.ch\/de\/\"},{\"@type\":\"ListItem\",\"position\":2,\"name\":\"Shop\",\"item\":\"https:\/\/ekkla.ch\/de\/shop\/\"},{\"@type\":\"ListItem\",\"position\":3,\"name\":\"Deckenleuchte Bali &#8211; Geflochtener Bambus &#8211; \u00d860 &#8211; Good &#038; Mojo\"}]},{\"@type\":\"WebSite\",\"@id\":\"https:\/\/ekkla.ch\/#website\",\"url\":\"https:\/\/ekkla.ch\/\",\"name\":\"Ekkla\",\"description\":\"Der Onlineshop f\u00fcr Beleuchtung\",\"publisher\":{\"@id\":\"https:\/\/ekkla.ch\/#organization\"},\"potentialAction\":[{\"@type\":\"SearchAction\",\"target\":{\"@type\":\"EntryPoint\",\"urlTemplate\":\"https:\/\/ekkla.ch\/?s={search_term_string}\"},\"query-input\":\"required name=search_term_string\"}],\"inLanguage\":\"de\"},{\"@type\":\"Organization\",\"@id\":\"https:\/\/ekkla.ch\/#organization\",\"name\":\"Ekkla\",\"url\":\"https:\/\/ekkla.ch\/\",\"logo\":{\"@type\":\"ImageObject\",\"inLanguage\":\"de\",\"@id\":\"https:\/\/ekkla.ch\/#\/schema\/logo\/image\/\",\"url\":\"http:\/\/ekkla.ch\/wp-content\/uploads\/2019\/07\/logo-1.svg\",\"contentUrl\":\"http:\/\/ekkla.ch\/wp-content\/uploads\/2019\/07\/logo-1.svg\",\"width\":1,\"height\":1,\"caption\":\"Ekkla\"},\"image\":{\"@id\":\"https:\/\/ekkla.ch\/#\/schema\/logo\/image\/\"},\"sameAs\":[\"https:\/\/www.instagram.com\/ekkla_light\/\"]}]}<\/script>\n<!-- \/ Yoast SEO Premium plugin. -->","yoast_head_json":{"title":"Good & Mojo | Deckenleuchte Bali aus geflochtenem Bambus | Naturfarbe und schwarz | Ekkla","description":"Diese handgeflochtene Deckenleuchte aus nat\u00fcrlichem und schwarzem Bambus verleiht Ihrem Interieur Eleganz und findet perfekt ihren Platz in Ihren Wohnr\u00e4umen.","robots":{"index":"index","follow":"follow","max-snippet":"max-snippet:-1","max-image-preview":"max-image-preview:large","max-video-preview":"max-video-preview:-1"},"canonical":"https:\/\/ekkla.ch\/de\/produit\/deckenleuchte-aus-geflochtenem-bali-bambus-good-mojo\/","og_locale":"de_DE","og_type":"article","og_title":"Deckenleuchte Bali - Geflochtener Bambus - \u00d860 - Good & Mojo","og_description":"Diese handgeflochtene Deckenleuchte aus nat\u00fcrlichem und schwarzem Bambus verleiht Ihrem Interieur Eleganz und findet perfekt ihren Platz in Ihren Wohnr\u00e4umen.","og_url":"https:\/\/ekkla.ch\/de\/produit\/deckenleuchte-aus-geflochtenem-bali-bambus-good-mojo\/","og_site_name":"Ekkla","article_modified_time":"2023-02-26T23:00:07+00:00","og_image":[{"width":900,"height":900,"url":"https:\/\/ekkla.ch\/wp-content\/uploads\/2021\/01\/Plafonnier_Bali_6015_ImageProduit-1.jpg","type":"image\/jpeg"}],"twitter_card":"summary_large_image","twitter_misc":{"Gesch\u00e4tzte Lesezeit":"1\u00a0Minute"},"schema":{"@context":"https:\/\/schema.org","@graph":[{"@type":"WebPage","@id":"https:\/\/ekkla.ch\/de\/produit\/deckenleuchte-aus-geflochtenem-bali-bambus-good-mojo\/","url":"https:\/\/ekkla.ch\/de\/produit\/deckenleuchte-aus-geflochtenem-bali-bambus-good-mojo\/","name":"Good & Mojo | Deckenleuchte Bali aus geflochtenem Bambus | Naturfarbe und schwarz | Ekkla","isPartOf":{"@id":"https:\/\/ekkla.ch\/#website"},"primaryImageOfPage":{"@id":"https:\/\/ekkla.ch\/de\/produit\/deckenleuchte-aus-geflochtenem-bali-bambus-good-mojo\/#primaryimage"},"image":{"@id":"https:\/\/ekkla.ch\/de\/produit\/deckenleuchte-aus-geflochtenem-bali-bambus-good-mojo\/#primaryimage"},"thumbnailUrl":"https:\/\/ekkla.ch\/wp-content\/uploads\/2021\/01\/Plafonnier_Bali_6015_ImageProduit-1.jpg","datePublished":"2021-01-25T09:56:37+00:00","dateModified":"2023-02-26T23:00:07+00:00","description":"Diese handgeflochtene Deckenleuchte aus nat\u00fcrlichem und schwarzem Bambus verleiht Ihrem Interieur Eleganz und findet perfekt ihren Platz in Ihren Wohnr\u00e4umen.","breadcrumb":{"@id":"https:\/\/ekkla.ch\/de\/produit\/deckenleuchte-aus-geflochtenem-bali-bambus-good-mojo\/#breadcrumb"},"inLanguage":"de","potentialAction":[{"@type":"ReadAction","target":["https:\/\/ekkla.ch\/de\/produit\/deckenleuchte-aus-geflochtenem-bali-bambus-good-mojo\/"]}]},{"@type":"ImageObject","inLanguage":"de","@id":"https:\/\/ekkla.ch\/de\/produit\/deckenleuchte-aus-geflochtenem-bali-bambus-good-mojo\/#primaryimage","url":"https:\/\/ekkla.ch\/wp-content\/uploads\/2021\/01\/Plafonnier_Bali_6015_ImageProduit-1.jpg","contentUrl":"https:\/\/ekkla.ch\/wp-content\/uploads\/2021\/01\/Plafonnier_Bali_6015_ImageProduit-1.jpg","width":900,"height":900,"caption":"Plafonnier Bali Bambou Good & Mojo"},{"@type":"BreadcrumbList","@id":"https:\/\/ekkla.ch\/de\/produit\/deckenleuchte-aus-geflochtenem-bali-bambus-good-mojo\/#breadcrumb","itemListElement":[{"@type":"ListItem","position":1,"name":"Home","item":"https:\/\/ekkla.ch\/de\/"},{"@type":"ListItem","position":2,"name":"Shop","item":"https:\/\/ekkla.ch\/de\/shop\/"},{"@type":"ListItem","position":3,"name":"Deckenleuchte Bali &#8211; Geflochtener Bambus &#8211; \u00d860 &#8211; Good &#038; Mojo"}]},{"@type":"WebSite","@id":"https:\/\/ekkla.ch\/#website","url":"https:\/\/ekkla.ch\/","name":"Ekkla","description":"Der Onlineshop f\u00fcr Beleuchtung","publisher":{"@id":"https:\/\/ekkla.ch\/#organization"},"potentialAction":[{"@type":"SearchAction","target":{"@type":"EntryPoint","urlTemplate":"https:\/\/ekkla.ch\/?s={search_term_string}"},"query-input":"required name=search_term_string"}],"inLanguage":"de"},{"@type":"Organization","@id":"https:\/\/ekkla.ch\/#organization","name":"Ekkla","url":"https:\/\/ekkla.ch\/","logo":{"@type":"ImageObject","inLanguage":"de","@id":"https:\/\/ekkla.ch\/#\/schema\/logo\/image\/","url":"http:\/\/ekkla.ch\/wp-content\/uploads\/2019\/07\/logo-1.svg","contentUrl":"http:\/\/ekkla.ch\/wp-content\/uploads\/2019\/07\/logo-1.svg","width":1,"height":1,"caption":"Ekkla"},"image":{"@id":"https:\/\/ekkla.ch\/#\/schema\/logo\/image\/"},"sameAs":["https:\/\/www.instagram.com\/ekkla_light\/"]}]}},"_links":{"self":[{"href":"https:\/\/ekkla.ch\/de\/wp-json\/wp\/v2\/product\/47253"}],"collection":[{"href":"https:\/\/ekkla.ch\/de\/wp-json\/wp\/v2\/product"}],"about":[{"href":"https:\/\/ekkla.ch\/de\/wp-json\/wp\/v2\/types\/product"}],"wp:featuredmedia":[{"embeddable":true,"href":"https:\/\/ekkla.ch\/de\/wp-json\/wp\/v2\/media\/46253"}],"wp:attachment":[{"href":"https:\/\/ekkla.ch\/de\/wp-json\/wp\/v2\/media?parent=47253"}],"wp:term":[{"taxonomy":"product_cat","embeddable":true,"href":"https:\/\/ekkla.ch\/de\/wp-json\/wp\/v2\/product_cat?post=47253"},{"taxonomy":"product_tag","embeddable":true,"href":"https:\/\/ekkla.ch\/de\/wp-json\/wp\/v2\/product_tag?post=47253"}],"curies":[{"name":"wp","href":"https:\/\/api.w.org\/{rel}","templated":true}]}}