{"id":47727,"date":"2021-01-27T15:58:29","date_gmt":"2021-01-27T14:58:29","guid":{"rendered":"https:\/\/ekkla.ch\/produit\/stehlampe-aus-geflochtenem-bambus\/"},"modified":"2023-02-27T00:00:06","modified_gmt":"2023-02-26T23:00:06","slug":"stehlampe-aus-geflochtenem-bambus","status":"publish","type":"product","link":"https:\/\/ekkla.ch\/de\/produit\/stehlampe-aus-geflochtenem-bambus\/","title":{"rendered":"Versetzte Stehleuchte Bhutan &#8211; Geflochtener Bambus &#8211; H.218 &#8211; Good &#038; Mojo"},"content":{"rendered":"<p>Die Bhutan-Kollektion ist inspiriert von dem einzigen Land mit negativen Kohlenstoffemissionen, Bhutan. Diese komplett handgeflochtene H\u00e4ngeleuchte wird Ihrem Interieur Eleganz verleihen und findet ihren perfekten Platz in einem Wohnzimmer, einem Schlafzimmer oder \u00fcber einem Esstisch. Gl\u00fchbirne nicht inbegriffen.<\/p>\n<p>Die Good &amp; Mojo Collection umfasst \u00f6kologisch verantwortungsvolle Leuchten, die ausschliesslich aus nachhaltigen und\/oder recycelten Materialien bestehen. Die meisten dieser Leuchten werden von Handwerkern in einer Gemeinschaft in einem kleinen vietnamesischen Dorf handgefertigt.<\/p>\n<p>Diese H\u00e4ngeleuchte mit ihrer leichten Silhouette ist im Boh\u00e8me-Stil gehalten. Bhutan mischt gekonnt nat\u00fcrliche Materialien mit zeitgen\u00f6ssischem Design in einem sehr aktuellen Ethno-Chic-Trend. Diese H\u00e4ngeleuchte hat ein zweifarbiges Finish, was der Leuchte einen grafischen Touch verleiht.<br \/>\nDie Bhutan erh\u00e4lt ihre visuelle Leichtigkeit durch die durchbrochene Struktur.\u00a0Jedes St\u00fcck ist eine echte technische Herausforderung, deren Herstellung ein aussergew\u00f6hnliches handwerkliches K\u00f6nnen erfordert.<\/p>\n<p>F\u00fcr jede verkaufte Lampe der Good &amp; Mojo-Kollektion werden 5% an die <a href=\"https:\/\/waka-waka.com\/de\/\">WakaWaka<\/a>-Stiftung gespendet, die Solarbeleuchtungsl\u00f6sungen f\u00fcr bed\u00fcrftige Bev\u00f6lkerungsgruppen bereitstellt.<\/p>\n<h2>\u00a0 \u00a0 \u00a0Merkmale &amp; Eigenschaften<\/h2>\n<p><strong>\u00a0 \u00a0 \u00a0 \u00a0 \u00a0Marke<\/strong> Good &amp; Mojo<\/p>\n<p><strong>\u00a0 \u00a0 \u00a0 \u00a0 \u00a0Farbe\u00a0<\/strong>Naturholz<\/p>\n<p><strong>\u00a0 \u00a0 \u00a0 \u00a0 \u00a0Material<\/strong>\u00a0Bambus<\/p>\n<p><b>\u00a0 \u00a0 \u00a0 \u00a0 \u00a0Gl\u00fchbirne\u00a0<\/b>E27<\/p>\n<p><strong>\u00a0 \u00a0 \u00a0 \u00a0 \u00a0Max. Leistung(W)<\/strong>\u00a060<\/p>\n<p><strong>\u00a0 \u00a0 \u00a0 \u00a0 \u00a0Max. H\u00f6he (cm)<\/strong>\u00a0218<\/p>\n<p><strong>\u00a0 \u00a0 \u00a0 \u00a0 \u00a0H\u00f6he des Schirms (cm)<\/strong> 30<\/p>\n<p><strong>\u00a0 \u00a0 \u00a0 \u00a0 \u00a0Breite (cm) <\/strong>50<\/p>\n<p><strong>\u00a0 \u00a0 \u00a0 \u00a0 \u00a0Gewicht (kg) <\/strong>13,8<\/p>\n","protected":false},"excerpt":{"rendered":"<p>Die Bhutan-Kollektion ist inspiriert von dem einzigen Land mit negativen Kohlenstoffemissionen, Bhutan. Diese komplett handgeflochtene H\u00e4ngeleuchte wird Ihrem Interieur Eleganz verleihen und findet ihren perfekten Platz in einem Wohnzimmer, einem Schlafzimmer oder \u00fcber einem Esstisch. Gl\u00fchbirne nicht inbegriffen. Die Good &amp; Mojo Collection umfasst \u00f6kologisch verantwortungsvolle Leuchten, die ausschliesslich aus nachhaltigen und\/oder recycelten Materialien bestehen. [&hellip;]<\/p>\n","protected":false},"featured_media":46287,"template":"","meta":{"_acf_changed":false,"om_disable_all_campaigns":false},"product_cat":[289],"product_tag":[1258,898,554,1188,816,704,603],"bundled_by":[],"bundle_stock_status":"onbackorder","bundle_stock_quantity":null,"bundle_virtual":false,"bundle_layout":"","bundle_add_to_cart_form_location":"","bundle_editable_in_cart":false,"bundle_sold_individually_context":"","bundle_item_grouping":"","bundle_min_size":"","bundle_max_size":"","bundle_price":[],"bundled_items":[],"bundle_sell_ids":[],"acf":[],"yoast_head":"<!-- This site is optimized with the Yoast SEO Premium plugin v22.2 (Yoast SEO v22.8) - https:\/\/yoast.com\/wordpress\/plugins\/seo\/ -->\n<title>Good &amp; Mojo | Bhutan Stehlampe aus geflochtenem Bambus | Ekkla<\/title>\n<meta name=\"description\" content=\"Diese handgeflochtene Stehleuchte aus nat\u00fcrlichem und schwarzem Bambus wird Ihrem Interieur Eleganz verleihen und perfekt in Ihren Wohnr\u00e4umen Platz finden.\" \/>\n<meta name=\"robots\" content=\"index, follow, max-snippet:-1, max-image-preview:large, max-video-preview:-1\" \/>\n<link rel=\"canonical\" href=\"https:\/\/ekkla.ch\/de\/produit\/stehlampe-aus-geflochtenem-bambus\/\" \/>\n<meta property=\"og:locale\" content=\"de_DE\" \/>\n<meta property=\"og:type\" content=\"article\" \/>\n<meta property=\"og:title\" content=\"Versetzte Stehleuchte Bhutan - Geflochtener Bambus - H.218 - Good &amp; Mojo\" \/>\n<meta property=\"og:description\" content=\"Diese handgeflochtene Stehleuchte aus nat\u00fcrlichem und schwarzem Bambus wird Ihrem Interieur Eleganz verleihen und perfekt in Ihren Wohnr\u00e4umen Platz finden.\" \/>\n<meta property=\"og:url\" content=\"https:\/\/ekkla.ch\/de\/produit\/stehlampe-aus-geflochtenem-bambus\/\" \/>\n<meta property=\"og:site_name\" content=\"Ekkla\" \/>\n<meta property=\"article:modified_time\" content=\"2023-02-26T23:00:06+00:00\" \/>\n<meta property=\"og:image\" content=\"https:\/\/ekkla.ch\/wp-content\/uploads\/2021\/01\/Lampadaire_Bhutan_BambouTresse_ImageProduit-1.jpg\" \/>\n\t<meta property=\"og:image:width\" content=\"900\" \/>\n\t<meta property=\"og:image:height\" content=\"900\" \/>\n\t<meta property=\"og:image:type\" content=\"image\/jpeg\" \/>\n<meta name=\"twitter:card\" content=\"summary_large_image\" \/>\n<meta name=\"twitter:label1\" content=\"Gesch\u00e4tzte Lesezeit\" \/>\n\t<meta name=\"twitter:data1\" content=\"1\u00a0Minute\" \/>\n<script type=\"application\/ld+json\" class=\"yoast-schema-graph\">{\"@context\":\"https:\/\/schema.org\",\"@graph\":[{\"@type\":\"WebPage\",\"@id\":\"https:\/\/ekkla.ch\/de\/produit\/stehlampe-aus-geflochtenem-bambus\/\",\"url\":\"https:\/\/ekkla.ch\/de\/produit\/stehlampe-aus-geflochtenem-bambus\/\",\"name\":\"Good & Mojo | Bhutan Stehlampe aus geflochtenem Bambus | Ekkla\",\"isPartOf\":{\"@id\":\"https:\/\/ekkla.ch\/#website\"},\"primaryImageOfPage\":{\"@id\":\"https:\/\/ekkla.ch\/de\/produit\/stehlampe-aus-geflochtenem-bambus\/#primaryimage\"},\"image\":{\"@id\":\"https:\/\/ekkla.ch\/de\/produit\/stehlampe-aus-geflochtenem-bambus\/#primaryimage\"},\"thumbnailUrl\":\"https:\/\/ekkla.ch\/wp-content\/uploads\/2021\/01\/Lampadaire_Bhutan_BambouTresse_ImageProduit-1.jpg\",\"datePublished\":\"2021-01-27T14:58:29+00:00\",\"dateModified\":\"2023-02-26T23:00:06+00:00\",\"description\":\"Diese handgeflochtene Stehleuchte aus nat\u00fcrlichem und schwarzem Bambus wird Ihrem Interieur Eleganz verleihen und perfekt in Ihren Wohnr\u00e4umen Platz finden.\",\"breadcrumb\":{\"@id\":\"https:\/\/ekkla.ch\/de\/produit\/stehlampe-aus-geflochtenem-bambus\/#breadcrumb\"},\"inLanguage\":\"de\",\"potentialAction\":[{\"@type\":\"ReadAction\",\"target\":[\"https:\/\/ekkla.ch\/de\/produit\/stehlampe-aus-geflochtenem-bambus\/\"]}]},{\"@type\":\"ImageObject\",\"inLanguage\":\"de\",\"@id\":\"https:\/\/ekkla.ch\/de\/produit\/stehlampe-aus-geflochtenem-bambus\/#primaryimage\",\"url\":\"https:\/\/ekkla.ch\/wp-content\/uploads\/2021\/01\/Lampadaire_Bhutan_BambouTresse_ImageProduit-1.jpg\",\"contentUrl\":\"https:\/\/ekkla.ch\/wp-content\/uploads\/2021\/01\/Lampadaire_Bhutan_BambouTresse_ImageProduit-1.jpg\",\"width\":900,\"height\":900,\"caption\":\"Lampadaire Bhutan Bambou Good & Mojo\"},{\"@type\":\"BreadcrumbList\",\"@id\":\"https:\/\/ekkla.ch\/de\/produit\/stehlampe-aus-geflochtenem-bambus\/#breadcrumb\",\"itemListElement\":[{\"@type\":\"ListItem\",\"position\":1,\"name\":\"Home\",\"item\":\"https:\/\/ekkla.ch\/de\/\"},{\"@type\":\"ListItem\",\"position\":2,\"name\":\"Shop\",\"item\":\"https:\/\/ekkla.ch\/de\/shop\/\"},{\"@type\":\"ListItem\",\"position\":3,\"name\":\"Versetzte Stehleuchte Bhutan &#8211; Geflochtener Bambus &#8211; H.218 &#8211; Good &#038; Mojo\"}]},{\"@type\":\"WebSite\",\"@id\":\"https:\/\/ekkla.ch\/#website\",\"url\":\"https:\/\/ekkla.ch\/\",\"name\":\"Ekkla\",\"description\":\"Der Onlineshop f\u00fcr Beleuchtung\",\"publisher\":{\"@id\":\"https:\/\/ekkla.ch\/#organization\"},\"potentialAction\":[{\"@type\":\"SearchAction\",\"target\":{\"@type\":\"EntryPoint\",\"urlTemplate\":\"https:\/\/ekkla.ch\/?s={search_term_string}\"},\"query-input\":\"required name=search_term_string\"}],\"inLanguage\":\"de\"},{\"@type\":\"Organization\",\"@id\":\"https:\/\/ekkla.ch\/#organization\",\"name\":\"Ekkla\",\"url\":\"https:\/\/ekkla.ch\/\",\"logo\":{\"@type\":\"ImageObject\",\"inLanguage\":\"de\",\"@id\":\"https:\/\/ekkla.ch\/#\/schema\/logo\/image\/\",\"url\":\"http:\/\/ekkla.ch\/wp-content\/uploads\/2019\/07\/logo-1.svg\",\"contentUrl\":\"http:\/\/ekkla.ch\/wp-content\/uploads\/2019\/07\/logo-1.svg\",\"width\":1,\"height\":1,\"caption\":\"Ekkla\"},\"image\":{\"@id\":\"https:\/\/ekkla.ch\/#\/schema\/logo\/image\/\"},\"sameAs\":[\"https:\/\/www.instagram.com\/ekkla_light\/\"]}]}<\/script>\n<!-- \/ Yoast SEO Premium plugin. -->","yoast_head_json":{"title":"Good & Mojo | Bhutan Stehlampe aus geflochtenem Bambus | Ekkla","description":"Diese handgeflochtene Stehleuchte aus nat\u00fcrlichem und schwarzem Bambus wird Ihrem Interieur Eleganz verleihen und perfekt in Ihren Wohnr\u00e4umen Platz finden.","robots":{"index":"index","follow":"follow","max-snippet":"max-snippet:-1","max-image-preview":"max-image-preview:large","max-video-preview":"max-video-preview:-1"},"canonical":"https:\/\/ekkla.ch\/de\/produit\/stehlampe-aus-geflochtenem-bambus\/","og_locale":"de_DE","og_type":"article","og_title":"Versetzte Stehleuchte Bhutan - Geflochtener Bambus - H.218 - Good & Mojo","og_description":"Diese handgeflochtene Stehleuchte aus nat\u00fcrlichem und schwarzem Bambus wird Ihrem Interieur Eleganz verleihen und perfekt in Ihren Wohnr\u00e4umen Platz finden.","og_url":"https:\/\/ekkla.ch\/de\/produit\/stehlampe-aus-geflochtenem-bambus\/","og_site_name":"Ekkla","article_modified_time":"2023-02-26T23:00:06+00:00","og_image":[{"width":900,"height":900,"url":"https:\/\/ekkla.ch\/wp-content\/uploads\/2021\/01\/Lampadaire_Bhutan_BambouTresse_ImageProduit-1.jpg","type":"image\/jpeg"}],"twitter_card":"summary_large_image","twitter_misc":{"Gesch\u00e4tzte Lesezeit":"1\u00a0Minute"},"schema":{"@context":"https:\/\/schema.org","@graph":[{"@type":"WebPage","@id":"https:\/\/ekkla.ch\/de\/produit\/stehlampe-aus-geflochtenem-bambus\/","url":"https:\/\/ekkla.ch\/de\/produit\/stehlampe-aus-geflochtenem-bambus\/","name":"Good & Mojo | Bhutan Stehlampe aus geflochtenem Bambus | Ekkla","isPartOf":{"@id":"https:\/\/ekkla.ch\/#website"},"primaryImageOfPage":{"@id":"https:\/\/ekkla.ch\/de\/produit\/stehlampe-aus-geflochtenem-bambus\/#primaryimage"},"image":{"@id":"https:\/\/ekkla.ch\/de\/produit\/stehlampe-aus-geflochtenem-bambus\/#primaryimage"},"thumbnailUrl":"https:\/\/ekkla.ch\/wp-content\/uploads\/2021\/01\/Lampadaire_Bhutan_BambouTresse_ImageProduit-1.jpg","datePublished":"2021-01-27T14:58:29+00:00","dateModified":"2023-02-26T23:00:06+00:00","description":"Diese handgeflochtene Stehleuchte aus nat\u00fcrlichem und schwarzem Bambus wird Ihrem Interieur Eleganz verleihen und perfekt in Ihren Wohnr\u00e4umen Platz finden.","breadcrumb":{"@id":"https:\/\/ekkla.ch\/de\/produit\/stehlampe-aus-geflochtenem-bambus\/#breadcrumb"},"inLanguage":"de","potentialAction":[{"@type":"ReadAction","target":["https:\/\/ekkla.ch\/de\/produit\/stehlampe-aus-geflochtenem-bambus\/"]}]},{"@type":"ImageObject","inLanguage":"de","@id":"https:\/\/ekkla.ch\/de\/produit\/stehlampe-aus-geflochtenem-bambus\/#primaryimage","url":"https:\/\/ekkla.ch\/wp-content\/uploads\/2021\/01\/Lampadaire_Bhutan_BambouTresse_ImageProduit-1.jpg","contentUrl":"https:\/\/ekkla.ch\/wp-content\/uploads\/2021\/01\/Lampadaire_Bhutan_BambouTresse_ImageProduit-1.jpg","width":900,"height":900,"caption":"Lampadaire Bhutan Bambou Good & Mojo"},{"@type":"BreadcrumbList","@id":"https:\/\/ekkla.ch\/de\/produit\/stehlampe-aus-geflochtenem-bambus\/#breadcrumb","itemListElement":[{"@type":"ListItem","position":1,"name":"Home","item":"https:\/\/ekkla.ch\/de\/"},{"@type":"ListItem","position":2,"name":"Shop","item":"https:\/\/ekkla.ch\/de\/shop\/"},{"@type":"ListItem","position":3,"name":"Versetzte Stehleuchte Bhutan &#8211; Geflochtener Bambus &#8211; H.218 &#8211; Good &#038; Mojo"}]},{"@type":"WebSite","@id":"https:\/\/ekkla.ch\/#website","url":"https:\/\/ekkla.ch\/","name":"Ekkla","description":"Der Onlineshop f\u00fcr Beleuchtung","publisher":{"@id":"https:\/\/ekkla.ch\/#organization"},"potentialAction":[{"@type":"SearchAction","target":{"@type":"EntryPoint","urlTemplate":"https:\/\/ekkla.ch\/?s={search_term_string}"},"query-input":"required name=search_term_string"}],"inLanguage":"de"},{"@type":"Organization","@id":"https:\/\/ekkla.ch\/#organization","name":"Ekkla","url":"https:\/\/ekkla.ch\/","logo":{"@type":"ImageObject","inLanguage":"de","@id":"https:\/\/ekkla.ch\/#\/schema\/logo\/image\/","url":"http:\/\/ekkla.ch\/wp-content\/uploads\/2019\/07\/logo-1.svg","contentUrl":"http:\/\/ekkla.ch\/wp-content\/uploads\/2019\/07\/logo-1.svg","width":1,"height":1,"caption":"Ekkla"},"image":{"@id":"https:\/\/ekkla.ch\/#\/schema\/logo\/image\/"},"sameAs":["https:\/\/www.instagram.com\/ekkla_light\/"]}]}},"_links":{"self":[{"href":"https:\/\/ekkla.ch\/de\/wp-json\/wp\/v2\/product\/47727"}],"collection":[{"href":"https:\/\/ekkla.ch\/de\/wp-json\/wp\/v2\/product"}],"about":[{"href":"https:\/\/ekkla.ch\/de\/wp-json\/wp\/v2\/types\/product"}],"wp:featuredmedia":[{"embeddable":true,"href":"https:\/\/ekkla.ch\/de\/wp-json\/wp\/v2\/media\/46287"}],"wp:attachment":[{"href":"https:\/\/ekkla.ch\/de\/wp-json\/wp\/v2\/media?parent=47727"}],"wp:term":[{"taxonomy":"product_cat","embeddable":true,"href":"https:\/\/ekkla.ch\/de\/wp-json\/wp\/v2\/product_cat?post=47727"},{"taxonomy":"product_tag","embeddable":true,"href":"https:\/\/ekkla.ch\/de\/wp-json\/wp\/v2\/product_tag?post=47727"}],"curies":[{"name":"wp","href":"https:\/\/api.w.org\/{rel}","templated":true}]}}