{"id":47741,"date":"2021-01-29T09:10:34","date_gmt":"2021-01-29T08:10:34","guid":{"rendered":"https:\/\/ekkla.ch\/produit\/bromo-wandleuchte-aus-bambus-small\/"},"modified":"2023-02-27T00:00:06","modified_gmt":"2023-02-26T23:00:06","slug":"bromo-wandleuchte-aus-bambus-small","status":"publish","type":"product","link":"https:\/\/ekkla.ch\/de\/produit\/bromo-wandleuchte-aus-bambus-small\/","title":{"rendered":"Wandleuchte Bromo S &#8211; Bambus &#8211; \u00d840 &#8211; Good &#038; Mojo"},"content":{"rendered":"<p>Die Bromo-Kollektion ist inspiriert von dem Vulkan inmitten einer Sandebene auf einer indonesischen Insel. Sobald die Gl\u00fchbirne eingeschaltet ist, wird\u00a0diese Wandleuchte aus robusten Bambushalmen\u00a0Ihr Interieur mit einem interessanten und raffinierten Schattenspiel verzaubern. Sie verleiht Ihrem Interieur Eleganz und findet perfekt seinen Platz in einem Wohnzimmer, einem Schlafzimmer oder \u00fcber einem Esstisch. Gl\u00fchbirne nicht inbegriffen.<\/p>\n<p>F\u00fcr jede verkaufte Lampe der Good &amp; \u00a0Mojo Kollektion werden 5% an die <a href=\"https:\/\/waka-waka.com\/de\/\">WakaWaka<\/a>-Stiftung gespendet, die Solarbeleuchtungsl\u00f6sungen f\u00fcr bed\u00fcrftige Bev\u00f6lkerungsgruppen bereitstellt.<\/p>\n<h2>\u00a0 \u00a0 \u00a0Merkmale &amp; Eigenschaften<\/h2>\n<p><strong>\u00a0 \u00a0 \u00a0 \u00a0 Marke<\/strong> Good &amp; Mojo<\/p>\n<p><strong>\u00a0 \u00a0 \u00a0 \u00a0 Farbe<\/strong>\u00a0Naturholz<\/p>\n<p><strong>\u00a0 \u00a0 \u00a0 \u00a0 Material<\/strong>\u00a0Bambus<\/p>\n<p><b>\u00a0 \u00a0 \u00a0 \u00a0 Gl\u00fchbirne\u00a0<\/b>E27<\/p>\n<p><strong>\u00a0 \u00a0 \u00a0 \u00a0 Max. Leistung (W)<\/strong> 60<\/p>\n<p><strong>\u00a0 \u00a0 \u00a0 \u00a0 Breite (cm)<\/strong> 11<\/p>\n<p><strong>\u00a0 \u00a0 \u00a0 \u00a0 Durchmesser (cm)<\/strong>\u00a040<\/p>\n<p><strong>\u00a0 \u00a0 \u00a0 \u00a0 Gewicht (kg)<\/strong>\u00a01,7<\/p>\n","protected":false},"excerpt":{"rendered":"<p>Die Bromo-Kollektion ist inspiriert von dem Vulkan inmitten einer Sandebene auf einer indonesischen Insel. Sobald die Gl\u00fchbirne eingeschaltet ist, wird\u00a0diese Wandleuchte aus robusten Bambushalmen\u00a0Ihr Interieur mit einem interessanten und raffinierten Schattenspiel verzaubern. Sie verleiht Ihrem Interieur Eleganz und findet perfekt seinen Platz in einem Wohnzimmer, einem Schlafzimmer oder \u00fcber einem Esstisch. Gl\u00fchbirne nicht inbegriffen. F\u00fcr [&hellip;]<\/p>\n","protected":false},"featured_media":46328,"template":"","meta":{"_acf_changed":false,"om_disable_all_campaigns":false},"product_cat":[286],"product_tag":[1258,898,554,1188,816,704,603],"bundled_by":[],"bundle_stock_status":"onbackorder","bundle_stock_quantity":null,"bundle_virtual":false,"bundle_layout":"","bundle_add_to_cart_form_location":"","bundle_editable_in_cart":false,"bundle_sold_individually_context":"","bundle_item_grouping":"","bundle_min_size":"","bundle_max_size":"","bundle_price":[],"bundled_items":[],"bundle_sell_ids":[],"acf":[],"yoast_head":"<!-- This site is optimized with the Yoast SEO Premium plugin v22.2 (Yoast SEO v22.8) - https:\/\/yoast.com\/wordpress\/plugins\/seo\/ -->\n<title>Good &amp; Mojo | Bromo Wandleuchte aus Bambus | Small | Ekkla<\/title>\n<meta name=\"description\" content=\"Sobald die Gl\u00fchbirne leuchtet, wird diese Wandleuchte aus robusten Bambushalmen Ihr Interieur mit einem interessanten und raffinierten Schattenspiel verzaubern.\" \/>\n<meta name=\"robots\" content=\"index, follow, max-snippet:-1, max-image-preview:large, max-video-preview:-1\" \/>\n<link rel=\"canonical\" href=\"https:\/\/ekkla.ch\/de\/produit\/bromo-wandleuchte-aus-bambus-small\/\" \/>\n<meta property=\"og:locale\" content=\"de_DE\" \/>\n<meta property=\"og:type\" content=\"article\" \/>\n<meta property=\"og:title\" content=\"Wandleuchte Bromo S - Bambus - \u00d840 - Good &amp; Mojo\" \/>\n<meta property=\"og:description\" content=\"Sobald die Gl\u00fchbirne leuchtet, wird diese Wandleuchte aus robusten Bambushalmen Ihr Interieur mit einem interessanten und raffinierten Schattenspiel verzaubern.\" \/>\n<meta property=\"og:url\" content=\"https:\/\/ekkla.ch\/de\/produit\/bromo-wandleuchte-aus-bambus-small\/\" \/>\n<meta property=\"og:site_name\" content=\"Ekkla\" \/>\n<meta property=\"article:modified_time\" content=\"2023-02-26T23:00:06+00:00\" \/>\n<meta property=\"og:image\" content=\"https:\/\/ekkla.ch\/wp-content\/uploads\/2021\/01\/AppliqueMurale_BromoSmall_ImageProduit-1.jpg\" \/>\n\t<meta property=\"og:image:width\" content=\"900\" \/>\n\t<meta property=\"og:image:height\" content=\"900\" \/>\n\t<meta property=\"og:image:type\" content=\"image\/jpeg\" \/>\n<meta name=\"twitter:card\" content=\"summary_large_image\" \/>\n<meta name=\"twitter:label1\" content=\"Gesch\u00e4tzte Lesezeit\" \/>\n\t<meta name=\"twitter:data1\" content=\"1\u00a0Minute\" \/>\n<script type=\"application\/ld+json\" class=\"yoast-schema-graph\">{\"@context\":\"https:\/\/schema.org\",\"@graph\":[{\"@type\":\"WebPage\",\"@id\":\"https:\/\/ekkla.ch\/de\/produit\/bromo-wandleuchte-aus-bambus-small\/\",\"url\":\"https:\/\/ekkla.ch\/de\/produit\/bromo-wandleuchte-aus-bambus-small\/\",\"name\":\"Good & Mojo | Bromo Wandleuchte aus Bambus | Small | Ekkla\",\"isPartOf\":{\"@id\":\"https:\/\/ekkla.ch\/#website\"},\"primaryImageOfPage\":{\"@id\":\"https:\/\/ekkla.ch\/de\/produit\/bromo-wandleuchte-aus-bambus-small\/#primaryimage\"},\"image\":{\"@id\":\"https:\/\/ekkla.ch\/de\/produit\/bromo-wandleuchte-aus-bambus-small\/#primaryimage\"},\"thumbnailUrl\":\"https:\/\/ekkla.ch\/wp-content\/uploads\/2021\/01\/AppliqueMurale_BromoSmall_ImageProduit-1.jpg\",\"datePublished\":\"2021-01-29T08:10:34+00:00\",\"dateModified\":\"2023-02-26T23:00:06+00:00\",\"description\":\"Sobald die Gl\u00fchbirne leuchtet, wird diese Wandleuchte aus robusten Bambushalmen Ihr Interieur mit einem interessanten und raffinierten Schattenspiel verzaubern.\",\"breadcrumb\":{\"@id\":\"https:\/\/ekkla.ch\/de\/produit\/bromo-wandleuchte-aus-bambus-small\/#breadcrumb\"},\"inLanguage\":\"de\",\"potentialAction\":[{\"@type\":\"ReadAction\",\"target\":[\"https:\/\/ekkla.ch\/de\/produit\/bromo-wandleuchte-aus-bambus-small\/\"]}]},{\"@type\":\"ImageObject\",\"inLanguage\":\"de\",\"@id\":\"https:\/\/ekkla.ch\/de\/produit\/bromo-wandleuchte-aus-bambus-small\/#primaryimage\",\"url\":\"https:\/\/ekkla.ch\/wp-content\/uploads\/2021\/01\/AppliqueMurale_BromoSmall_ImageProduit-1.jpg\",\"contentUrl\":\"https:\/\/ekkla.ch\/wp-content\/uploads\/2021\/01\/AppliqueMurale_BromoSmall_ImageProduit-1.jpg\",\"width\":900,\"height\":900,\"caption\":\"Applique Murale Bromo Bambou Good & Mojo\"},{\"@type\":\"BreadcrumbList\",\"@id\":\"https:\/\/ekkla.ch\/de\/produit\/bromo-wandleuchte-aus-bambus-small\/#breadcrumb\",\"itemListElement\":[{\"@type\":\"ListItem\",\"position\":1,\"name\":\"Home\",\"item\":\"https:\/\/ekkla.ch\/de\/\"},{\"@type\":\"ListItem\",\"position\":2,\"name\":\"Shop\",\"item\":\"https:\/\/ekkla.ch\/de\/shop\/\"},{\"@type\":\"ListItem\",\"position\":3,\"name\":\"Wandleuchte Bromo S &#8211; Bambus &#8211; \u00d840 &#8211; Good &#038; Mojo\"}]},{\"@type\":\"WebSite\",\"@id\":\"https:\/\/ekkla.ch\/#website\",\"url\":\"https:\/\/ekkla.ch\/\",\"name\":\"Ekkla\",\"description\":\"Der Onlineshop f\u00fcr Beleuchtung\",\"publisher\":{\"@id\":\"https:\/\/ekkla.ch\/#organization\"},\"potentialAction\":[{\"@type\":\"SearchAction\",\"target\":{\"@type\":\"EntryPoint\",\"urlTemplate\":\"https:\/\/ekkla.ch\/?s={search_term_string}\"},\"query-input\":\"required name=search_term_string\"}],\"inLanguage\":\"de\"},{\"@type\":\"Organization\",\"@id\":\"https:\/\/ekkla.ch\/#organization\",\"name\":\"Ekkla\",\"url\":\"https:\/\/ekkla.ch\/\",\"logo\":{\"@type\":\"ImageObject\",\"inLanguage\":\"de\",\"@id\":\"https:\/\/ekkla.ch\/#\/schema\/logo\/image\/\",\"url\":\"http:\/\/ekkla.ch\/wp-content\/uploads\/2019\/07\/logo-1.svg\",\"contentUrl\":\"http:\/\/ekkla.ch\/wp-content\/uploads\/2019\/07\/logo-1.svg\",\"width\":1,\"height\":1,\"caption\":\"Ekkla\"},\"image\":{\"@id\":\"https:\/\/ekkla.ch\/#\/schema\/logo\/image\/\"},\"sameAs\":[\"https:\/\/www.instagram.com\/ekkla_light\/\"]}]}<\/script>\n<!-- \/ Yoast SEO Premium plugin. -->","yoast_head_json":{"title":"Good & Mojo | Bromo Wandleuchte aus Bambus | Small | Ekkla","description":"Sobald die Gl\u00fchbirne leuchtet, wird diese Wandleuchte aus robusten Bambushalmen Ihr Interieur mit einem interessanten und raffinierten Schattenspiel verzaubern.","robots":{"index":"index","follow":"follow","max-snippet":"max-snippet:-1","max-image-preview":"max-image-preview:large","max-video-preview":"max-video-preview:-1"},"canonical":"https:\/\/ekkla.ch\/de\/produit\/bromo-wandleuchte-aus-bambus-small\/","og_locale":"de_DE","og_type":"article","og_title":"Wandleuchte Bromo S - Bambus - \u00d840 - Good & Mojo","og_description":"Sobald die Gl\u00fchbirne leuchtet, wird diese Wandleuchte aus robusten Bambushalmen Ihr Interieur mit einem interessanten und raffinierten Schattenspiel verzaubern.","og_url":"https:\/\/ekkla.ch\/de\/produit\/bromo-wandleuchte-aus-bambus-small\/","og_site_name":"Ekkla","article_modified_time":"2023-02-26T23:00:06+00:00","og_image":[{"width":900,"height":900,"url":"https:\/\/ekkla.ch\/wp-content\/uploads\/2021\/01\/AppliqueMurale_BromoSmall_ImageProduit-1.jpg","type":"image\/jpeg"}],"twitter_card":"summary_large_image","twitter_misc":{"Gesch\u00e4tzte Lesezeit":"1\u00a0Minute"},"schema":{"@context":"https:\/\/schema.org","@graph":[{"@type":"WebPage","@id":"https:\/\/ekkla.ch\/de\/produit\/bromo-wandleuchte-aus-bambus-small\/","url":"https:\/\/ekkla.ch\/de\/produit\/bromo-wandleuchte-aus-bambus-small\/","name":"Good & Mojo | Bromo Wandleuchte aus Bambus | Small | Ekkla","isPartOf":{"@id":"https:\/\/ekkla.ch\/#website"},"primaryImageOfPage":{"@id":"https:\/\/ekkla.ch\/de\/produit\/bromo-wandleuchte-aus-bambus-small\/#primaryimage"},"image":{"@id":"https:\/\/ekkla.ch\/de\/produit\/bromo-wandleuchte-aus-bambus-small\/#primaryimage"},"thumbnailUrl":"https:\/\/ekkla.ch\/wp-content\/uploads\/2021\/01\/AppliqueMurale_BromoSmall_ImageProduit-1.jpg","datePublished":"2021-01-29T08:10:34+00:00","dateModified":"2023-02-26T23:00:06+00:00","description":"Sobald die Gl\u00fchbirne leuchtet, wird diese Wandleuchte aus robusten Bambushalmen Ihr Interieur mit einem interessanten und raffinierten Schattenspiel verzaubern.","breadcrumb":{"@id":"https:\/\/ekkla.ch\/de\/produit\/bromo-wandleuchte-aus-bambus-small\/#breadcrumb"},"inLanguage":"de","potentialAction":[{"@type":"ReadAction","target":["https:\/\/ekkla.ch\/de\/produit\/bromo-wandleuchte-aus-bambus-small\/"]}]},{"@type":"ImageObject","inLanguage":"de","@id":"https:\/\/ekkla.ch\/de\/produit\/bromo-wandleuchte-aus-bambus-small\/#primaryimage","url":"https:\/\/ekkla.ch\/wp-content\/uploads\/2021\/01\/AppliqueMurale_BromoSmall_ImageProduit-1.jpg","contentUrl":"https:\/\/ekkla.ch\/wp-content\/uploads\/2021\/01\/AppliqueMurale_BromoSmall_ImageProduit-1.jpg","width":900,"height":900,"caption":"Applique Murale Bromo Bambou Good & Mojo"},{"@type":"BreadcrumbList","@id":"https:\/\/ekkla.ch\/de\/produit\/bromo-wandleuchte-aus-bambus-small\/#breadcrumb","itemListElement":[{"@type":"ListItem","position":1,"name":"Home","item":"https:\/\/ekkla.ch\/de\/"},{"@type":"ListItem","position":2,"name":"Shop","item":"https:\/\/ekkla.ch\/de\/shop\/"},{"@type":"ListItem","position":3,"name":"Wandleuchte Bromo S &#8211; Bambus &#8211; \u00d840 &#8211; Good &#038; Mojo"}]},{"@type":"WebSite","@id":"https:\/\/ekkla.ch\/#website","url":"https:\/\/ekkla.ch\/","name":"Ekkla","description":"Der Onlineshop f\u00fcr Beleuchtung","publisher":{"@id":"https:\/\/ekkla.ch\/#organization"},"potentialAction":[{"@type":"SearchAction","target":{"@type":"EntryPoint","urlTemplate":"https:\/\/ekkla.ch\/?s={search_term_string}"},"query-input":"required name=search_term_string"}],"inLanguage":"de"},{"@type":"Organization","@id":"https:\/\/ekkla.ch\/#organization","name":"Ekkla","url":"https:\/\/ekkla.ch\/","logo":{"@type":"ImageObject","inLanguage":"de","@id":"https:\/\/ekkla.ch\/#\/schema\/logo\/image\/","url":"http:\/\/ekkla.ch\/wp-content\/uploads\/2019\/07\/logo-1.svg","contentUrl":"http:\/\/ekkla.ch\/wp-content\/uploads\/2019\/07\/logo-1.svg","width":1,"height":1,"caption":"Ekkla"},"image":{"@id":"https:\/\/ekkla.ch\/#\/schema\/logo\/image\/"},"sameAs":["https:\/\/www.instagram.com\/ekkla_light\/"]}]}},"_links":{"self":[{"href":"https:\/\/ekkla.ch\/de\/wp-json\/wp\/v2\/product\/47741"}],"collection":[{"href":"https:\/\/ekkla.ch\/de\/wp-json\/wp\/v2\/product"}],"about":[{"href":"https:\/\/ekkla.ch\/de\/wp-json\/wp\/v2\/types\/product"}],"wp:featuredmedia":[{"embeddable":true,"href":"https:\/\/ekkla.ch\/de\/wp-json\/wp\/v2\/media\/46328"}],"wp:attachment":[{"href":"https:\/\/ekkla.ch\/de\/wp-json\/wp\/v2\/media?parent=47741"}],"wp:term":[{"taxonomy":"product_cat","embeddable":true,"href":"https:\/\/ekkla.ch\/de\/wp-json\/wp\/v2\/product_cat?post=47741"},{"taxonomy":"product_tag","embeddable":true,"href":"https:\/\/ekkla.ch\/de\/wp-json\/wp\/v2\/product_tag?post=47741"}],"curies":[{"name":"wp","href":"https:\/\/api.w.org\/{rel}","templated":true}]}}