{"id":47746,"date":"2021-01-27T15:45:45","date_gmt":"2021-01-27T14:45:45","guid":{"rendered":"https:\/\/ekkla.ch\/produit\/bhutan-geflochtene-bambus-hangeleuchte-tall-good-mojo\/"},"modified":"2023-02-27T00:00:07","modified_gmt":"2023-02-26T23:00:07","slug":"bhutan-geflochtene-bambus-hangeleuchte-tall-good-mojo","status":"publish","type":"product","link":"https:\/\/ekkla.ch\/de\/produit\/bhutan-geflochtene-bambus-hangeleuchte-tall-good-mojo\/","title":{"rendered":"H\u00e4ngeleuchte Bhutan M &#8211; Geflochtener Bambus &#8211; \u00d850 &#8211; Good &#038; Mojo"},"content":{"rendered":"<p>Die Bhutan-Kollektion ist inspiriert von dem einzigen Land mit negativen Kohlenstoffemissionen: Bhutan. Diese komplett handgeflochtene H\u00e4ngeleuchte wird Ihrem Interieur Eleganz verleihen und findet ihren perfekten Platz in einem Wohnzimmer, einem Schlafzimmer oder \u00fcber einem Esstisch. Gl\u00fchbirne nicht inbegriffen.<\/p>\n<p>F\u00fcr jede verkaufte Lampe der Good &amp; Mojo-Kollektion werden 5% an die <a href=\"https:\/\/waka-waka.com\/de\/\">WakaWaka<\/a>-Stiftung gespendet, die Solarbeleuchtungsl\u00f6sungen f\u00fcr bed\u00fcrftige Bev\u00f6lkerungsgruppen bereitstellt.<\/p>\n<h2>\u00a0 \u00a0 \u00a0 Merkmale &amp; Eigenschaften<\/h2>\n<p><strong>\u00a0 \u00a0 \u00a0 \u00a0 \u00a0Marke<\/strong> Good &amp; Mojo<\/p>\n<p><strong>\u00a0 \u00a0 \u00a0 \u00a0 \u00a0Farbe\u00a0<\/strong>Naturholz<\/p>\n<p><strong>\u00a0 \u00a0 \u00a0 \u00a0 \u00a0Material<\/strong>\u00a0Bambus<\/p>\n<p><b>\u00a0 \u00a0 \u00a0 \u00a0 \u00a0Gl\u00fchbirne\u00a0<\/b>E27<\/p>\n<p><strong>\u00a0 \u00a0 \u00a0 \u00a0 \u00a0Max. Leistung(W)<\/strong> 40<\/p>\n<p><strong>\u00a0 \u00a0 \u00a0 \u00a0 \u00a0H\u00f6he(cm)<\/strong> 30<\/p>\n<p><strong>\u00a0 \u00a0 \u00a0 \u00a0 \u00a0Breite (cm) <\/strong>50<\/p>\n<p><strong>\u00a0 \u00a0 \u00a0 \u00a0 \u00a0Gewicht (kg)<\/strong>\u00a03,12<\/p>\n","protected":false},"excerpt":{"rendered":"<p>Die Bhutan-Kollektion ist inspiriert von dem einzigen Land mit negativen Kohlenstoffemissionen: Bhutan. Diese komplett handgeflochtene H\u00e4ngeleuchte wird Ihrem Interieur Eleganz verleihen und findet ihren perfekten Platz in einem Wohnzimmer, einem Schlafzimmer oder \u00fcber einem Esstisch. Gl\u00fchbirne nicht inbegriffen. F\u00fcr jede verkaufte Lampe der Good &amp; Mojo-Kollektion werden 5% an die WakaWaka-Stiftung gespendet, die Solarbeleuchtungsl\u00f6sungen f\u00fcr [&hellip;]<\/p>\n","protected":false},"featured_media":46227,"template":"","meta":{"_acf_changed":false,"om_disable_all_campaigns":false},"product_cat":[291],"product_tag":[1244,898,554,1188,816,704,603,403],"bundled_by":[],"bundle_stock_status":"onbackorder","bundle_stock_quantity":0,"bundle_virtual":false,"bundle_layout":"","bundle_add_to_cart_form_location":"","bundle_editable_in_cart":false,"bundle_sold_individually_context":"","bundle_item_grouping":"","bundle_min_size":"","bundle_max_size":"","bundle_price":[],"bundled_items":[],"bundle_sell_ids":[],"acf":[],"yoast_head":"<!-- This site is optimized with the Yoast SEO Premium plugin v22.2 (Yoast SEO v22.8) - https:\/\/yoast.com\/wordpress\/plugins\/seo\/ -->\n<title>Good &amp; Mojo | Geflochtene Bambus-H\u00e4ngeleuchte Bhutan large | Ekkla<\/title>\n<meta name=\"description\" content=\"Diese handgeflochtene H\u00e4ngeleuchte aus nat\u00fcrlichem und schwarzem Bambus wird Ihrem Interieur Eleganz verleihen und perfekt in Ihren Wohnr\u00e4umen Platz finden.\" \/>\n<meta name=\"robots\" content=\"index, follow, max-snippet:-1, max-image-preview:large, max-video-preview:-1\" \/>\n<link rel=\"canonical\" href=\"https:\/\/ekkla.ch\/de\/produit\/bhutan-geflochtene-bambus-hangeleuchte-tall-good-mojo\/\" \/>\n<meta property=\"og:locale\" content=\"de_DE\" \/>\n<meta property=\"og:type\" content=\"article\" \/>\n<meta property=\"og:title\" content=\"H\u00e4ngeleuchte Bhutan M - Geflochtener Bambus - \u00d850 - Good &amp; Mojo\" \/>\n<meta property=\"og:description\" content=\"Diese handgeflochtene H\u00e4ngeleuchte aus nat\u00fcrlichem und schwarzem Bambus wird Ihrem Interieur Eleganz verleihen und perfekt in Ihren Wohnr\u00e4umen Platz finden.\" \/>\n<meta property=\"og:url\" content=\"https:\/\/ekkla.ch\/de\/produit\/bhutan-geflochtene-bambus-hangeleuchte-tall-good-mojo\/\" \/>\n<meta property=\"og:site_name\" content=\"Ekkla\" \/>\n<meta property=\"article:modified_time\" content=\"2023-02-26T23:00:07+00:00\" \/>\n<meta property=\"og:image\" content=\"https:\/\/ekkla.ch\/wp-content\/uploads\/2021\/01\/Suspension_Buhtan_Tall_ImageProduit-1.jpg\" \/>\n\t<meta property=\"og:image:width\" content=\"900\" \/>\n\t<meta property=\"og:image:height\" content=\"900\" \/>\n\t<meta property=\"og:image:type\" content=\"image\/jpeg\" \/>\n<meta name=\"twitter:card\" content=\"summary_large_image\" \/>\n<meta name=\"twitter:label1\" content=\"Gesch\u00e4tzte Lesezeit\" \/>\n\t<meta name=\"twitter:data1\" content=\"1\u00a0Minute\" \/>\n<script type=\"application\/ld+json\" class=\"yoast-schema-graph\">{\"@context\":\"https:\/\/schema.org\",\"@graph\":[{\"@type\":\"WebPage\",\"@id\":\"https:\/\/ekkla.ch\/de\/produit\/bhutan-geflochtene-bambus-hangeleuchte-tall-good-mojo\/\",\"url\":\"https:\/\/ekkla.ch\/de\/produit\/bhutan-geflochtene-bambus-hangeleuchte-tall-good-mojo\/\",\"name\":\"Good & Mojo | Geflochtene Bambus-H\u00e4ngeleuchte Bhutan large | Ekkla\",\"isPartOf\":{\"@id\":\"https:\/\/ekkla.ch\/#website\"},\"primaryImageOfPage\":{\"@id\":\"https:\/\/ekkla.ch\/de\/produit\/bhutan-geflochtene-bambus-hangeleuchte-tall-good-mojo\/#primaryimage\"},\"image\":{\"@id\":\"https:\/\/ekkla.ch\/de\/produit\/bhutan-geflochtene-bambus-hangeleuchte-tall-good-mojo\/#primaryimage\"},\"thumbnailUrl\":\"https:\/\/ekkla.ch\/wp-content\/uploads\/2021\/01\/Suspension_Buhtan_Tall_ImageProduit-1.jpg\",\"datePublished\":\"2021-01-27T14:45:45+00:00\",\"dateModified\":\"2023-02-26T23:00:07+00:00\",\"description\":\"Diese handgeflochtene H\u00e4ngeleuchte aus nat\u00fcrlichem und schwarzem Bambus wird Ihrem Interieur Eleganz verleihen und perfekt in Ihren Wohnr\u00e4umen Platz finden.\",\"breadcrumb\":{\"@id\":\"https:\/\/ekkla.ch\/de\/produit\/bhutan-geflochtene-bambus-hangeleuchte-tall-good-mojo\/#breadcrumb\"},\"inLanguage\":\"de\",\"potentialAction\":[{\"@type\":\"ReadAction\",\"target\":[\"https:\/\/ekkla.ch\/de\/produit\/bhutan-geflochtene-bambus-hangeleuchte-tall-good-mojo\/\"]}]},{\"@type\":\"ImageObject\",\"inLanguage\":\"de\",\"@id\":\"https:\/\/ekkla.ch\/de\/produit\/bhutan-geflochtene-bambus-hangeleuchte-tall-good-mojo\/#primaryimage\",\"url\":\"https:\/\/ekkla.ch\/wp-content\/uploads\/2021\/01\/Suspension_Buhtan_Tall_ImageProduit-1.jpg\",\"contentUrl\":\"https:\/\/ekkla.ch\/wp-content\/uploads\/2021\/01\/Suspension_Buhtan_Tall_ImageProduit-1.jpg\",\"width\":900,\"height\":900,\"caption\":\"Suspension Bhutan Tall Luminaire\"},{\"@type\":\"BreadcrumbList\",\"@id\":\"https:\/\/ekkla.ch\/de\/produit\/bhutan-geflochtene-bambus-hangeleuchte-tall-good-mojo\/#breadcrumb\",\"itemListElement\":[{\"@type\":\"ListItem\",\"position\":1,\"name\":\"Home\",\"item\":\"https:\/\/ekkla.ch\/de\/\"},{\"@type\":\"ListItem\",\"position\":2,\"name\":\"Shop\",\"item\":\"https:\/\/ekkla.ch\/de\/shop\/\"},{\"@type\":\"ListItem\",\"position\":3,\"name\":\"H\u00e4ngeleuchte Bhutan M &#8211; Geflochtener Bambus &#8211; \u00d850 &#8211; Good &#038; Mojo\"}]},{\"@type\":\"WebSite\",\"@id\":\"https:\/\/ekkla.ch\/#website\",\"url\":\"https:\/\/ekkla.ch\/\",\"name\":\"Ekkla\",\"description\":\"Der Onlineshop f\u00fcr Beleuchtung\",\"publisher\":{\"@id\":\"https:\/\/ekkla.ch\/#organization\"},\"potentialAction\":[{\"@type\":\"SearchAction\",\"target\":{\"@type\":\"EntryPoint\",\"urlTemplate\":\"https:\/\/ekkla.ch\/?s={search_term_string}\"},\"query-input\":\"required name=search_term_string\"}],\"inLanguage\":\"de\"},{\"@type\":\"Organization\",\"@id\":\"https:\/\/ekkla.ch\/#organization\",\"name\":\"Ekkla\",\"url\":\"https:\/\/ekkla.ch\/\",\"logo\":{\"@type\":\"ImageObject\",\"inLanguage\":\"de\",\"@id\":\"https:\/\/ekkla.ch\/#\/schema\/logo\/image\/\",\"url\":\"http:\/\/ekkla.ch\/wp-content\/uploads\/2019\/07\/logo-1.svg\",\"contentUrl\":\"http:\/\/ekkla.ch\/wp-content\/uploads\/2019\/07\/logo-1.svg\",\"width\":1,\"height\":1,\"caption\":\"Ekkla\"},\"image\":{\"@id\":\"https:\/\/ekkla.ch\/#\/schema\/logo\/image\/\"},\"sameAs\":[\"https:\/\/www.instagram.com\/ekkla_light\/\"]}]}<\/script>\n<!-- \/ Yoast SEO Premium plugin. -->","yoast_head_json":{"title":"Good & Mojo | Geflochtene Bambus-H\u00e4ngeleuchte Bhutan large | Ekkla","description":"Diese handgeflochtene H\u00e4ngeleuchte aus nat\u00fcrlichem und schwarzem Bambus wird Ihrem Interieur Eleganz verleihen und perfekt in Ihren Wohnr\u00e4umen Platz finden.","robots":{"index":"index","follow":"follow","max-snippet":"max-snippet:-1","max-image-preview":"max-image-preview:large","max-video-preview":"max-video-preview:-1"},"canonical":"https:\/\/ekkla.ch\/de\/produit\/bhutan-geflochtene-bambus-hangeleuchte-tall-good-mojo\/","og_locale":"de_DE","og_type":"article","og_title":"H\u00e4ngeleuchte Bhutan M - Geflochtener Bambus - \u00d850 - Good & Mojo","og_description":"Diese handgeflochtene H\u00e4ngeleuchte aus nat\u00fcrlichem und schwarzem Bambus wird Ihrem Interieur Eleganz verleihen und perfekt in Ihren Wohnr\u00e4umen Platz finden.","og_url":"https:\/\/ekkla.ch\/de\/produit\/bhutan-geflochtene-bambus-hangeleuchte-tall-good-mojo\/","og_site_name":"Ekkla","article_modified_time":"2023-02-26T23:00:07+00:00","og_image":[{"width":900,"height":900,"url":"https:\/\/ekkla.ch\/wp-content\/uploads\/2021\/01\/Suspension_Buhtan_Tall_ImageProduit-1.jpg","type":"image\/jpeg"}],"twitter_card":"summary_large_image","twitter_misc":{"Gesch\u00e4tzte Lesezeit":"1\u00a0Minute"},"schema":{"@context":"https:\/\/schema.org","@graph":[{"@type":"WebPage","@id":"https:\/\/ekkla.ch\/de\/produit\/bhutan-geflochtene-bambus-hangeleuchte-tall-good-mojo\/","url":"https:\/\/ekkla.ch\/de\/produit\/bhutan-geflochtene-bambus-hangeleuchte-tall-good-mojo\/","name":"Good & Mojo | Geflochtene Bambus-H\u00e4ngeleuchte Bhutan large | Ekkla","isPartOf":{"@id":"https:\/\/ekkla.ch\/#website"},"primaryImageOfPage":{"@id":"https:\/\/ekkla.ch\/de\/produit\/bhutan-geflochtene-bambus-hangeleuchte-tall-good-mojo\/#primaryimage"},"image":{"@id":"https:\/\/ekkla.ch\/de\/produit\/bhutan-geflochtene-bambus-hangeleuchte-tall-good-mojo\/#primaryimage"},"thumbnailUrl":"https:\/\/ekkla.ch\/wp-content\/uploads\/2021\/01\/Suspension_Buhtan_Tall_ImageProduit-1.jpg","datePublished":"2021-01-27T14:45:45+00:00","dateModified":"2023-02-26T23:00:07+00:00","description":"Diese handgeflochtene H\u00e4ngeleuchte aus nat\u00fcrlichem und schwarzem Bambus wird Ihrem Interieur Eleganz verleihen und perfekt in Ihren Wohnr\u00e4umen Platz finden.","breadcrumb":{"@id":"https:\/\/ekkla.ch\/de\/produit\/bhutan-geflochtene-bambus-hangeleuchte-tall-good-mojo\/#breadcrumb"},"inLanguage":"de","potentialAction":[{"@type":"ReadAction","target":["https:\/\/ekkla.ch\/de\/produit\/bhutan-geflochtene-bambus-hangeleuchte-tall-good-mojo\/"]}]},{"@type":"ImageObject","inLanguage":"de","@id":"https:\/\/ekkla.ch\/de\/produit\/bhutan-geflochtene-bambus-hangeleuchte-tall-good-mojo\/#primaryimage","url":"https:\/\/ekkla.ch\/wp-content\/uploads\/2021\/01\/Suspension_Buhtan_Tall_ImageProduit-1.jpg","contentUrl":"https:\/\/ekkla.ch\/wp-content\/uploads\/2021\/01\/Suspension_Buhtan_Tall_ImageProduit-1.jpg","width":900,"height":900,"caption":"Suspension Bhutan Tall Luminaire"},{"@type":"BreadcrumbList","@id":"https:\/\/ekkla.ch\/de\/produit\/bhutan-geflochtene-bambus-hangeleuchte-tall-good-mojo\/#breadcrumb","itemListElement":[{"@type":"ListItem","position":1,"name":"Home","item":"https:\/\/ekkla.ch\/de\/"},{"@type":"ListItem","position":2,"name":"Shop","item":"https:\/\/ekkla.ch\/de\/shop\/"},{"@type":"ListItem","position":3,"name":"H\u00e4ngeleuchte Bhutan M &#8211; Geflochtener Bambus &#8211; \u00d850 &#8211; Good &#038; Mojo"}]},{"@type":"WebSite","@id":"https:\/\/ekkla.ch\/#website","url":"https:\/\/ekkla.ch\/","name":"Ekkla","description":"Der Onlineshop f\u00fcr Beleuchtung","publisher":{"@id":"https:\/\/ekkla.ch\/#organization"},"potentialAction":[{"@type":"SearchAction","target":{"@type":"EntryPoint","urlTemplate":"https:\/\/ekkla.ch\/?s={search_term_string}"},"query-input":"required name=search_term_string"}],"inLanguage":"de"},{"@type":"Organization","@id":"https:\/\/ekkla.ch\/#organization","name":"Ekkla","url":"https:\/\/ekkla.ch\/","logo":{"@type":"ImageObject","inLanguage":"de","@id":"https:\/\/ekkla.ch\/#\/schema\/logo\/image\/","url":"http:\/\/ekkla.ch\/wp-content\/uploads\/2019\/07\/logo-1.svg","contentUrl":"http:\/\/ekkla.ch\/wp-content\/uploads\/2019\/07\/logo-1.svg","width":1,"height":1,"caption":"Ekkla"},"image":{"@id":"https:\/\/ekkla.ch\/#\/schema\/logo\/image\/"},"sameAs":["https:\/\/www.instagram.com\/ekkla_light\/"]}]}},"_links":{"self":[{"href":"https:\/\/ekkla.ch\/de\/wp-json\/wp\/v2\/product\/47746"}],"collection":[{"href":"https:\/\/ekkla.ch\/de\/wp-json\/wp\/v2\/product"}],"about":[{"href":"https:\/\/ekkla.ch\/de\/wp-json\/wp\/v2\/types\/product"}],"wp:featuredmedia":[{"embeddable":true,"href":"https:\/\/ekkla.ch\/de\/wp-json\/wp\/v2\/media\/46227"}],"wp:attachment":[{"href":"https:\/\/ekkla.ch\/de\/wp-json\/wp\/v2\/media?parent=47746"}],"wp:term":[{"taxonomy":"product_cat","embeddable":true,"href":"https:\/\/ekkla.ch\/de\/wp-json\/wp\/v2\/product_cat?post=47746"},{"taxonomy":"product_tag","embeddable":true,"href":"https:\/\/ekkla.ch\/de\/wp-json\/wp\/v2\/product_tag?post=47746"}],"curies":[{"name":"wp","href":"https:\/\/api.w.org\/{rel}","templated":true}]}}