{"id":50052,"date":"2021-03-05T14:47:03","date_gmt":"2021-03-05T13:47:03","guid":{"rendered":"https:\/\/ekkla.ch\/produit\/kleines-fussteil-balad-acapulco-blau-fermob\/"},"modified":"2024-02-20T14:50:48","modified_gmt":"2024-02-20T13:50:48","slug":"kleines-fussteil-balad-acapulco-blau-fermob","status":"publish","type":"product","link":"https:\/\/ekkla.ch\/de\/produit\/kleines-fussteil-balad-acapulco-blau-fermob\/","title":{"rendered":"Simples Fussteil f\u00fcr Balad-Leuchte &#8211; H.157 &#8211; Acapulco Blau &#8211; Fermob"},"content":{"rendered":"<p>Die vom Designer Tristan Lohner entworfene Lampe Balad wurde so konzipiert, dass sie alle W\u00fcnsche erf\u00fcllt und drinnen oder draussen, im Sommer oder im Winter, aufgestellt oder aufgeh\u00e4ngt werden kann!<\/p>\n<p>Mit dem einfachen Fuss aus Metall bietet Fermob eine neue praktische und clevere Funktion, um die sch\u00f6nen Sommerabende im Garten oder auf der Terrasse zu verl\u00e4ngern: ein gerader Fuss (H\u00f6he 157 cm) im Stil einer Stehlampe, den Sie neben einer niedrigen Sitzgruppe oder in einer Ecke Ihres Balkons aufstellen k\u00f6nnen, um eine ged\u00e4mpfte Atmosph\u00e4re zu schaffen. Kombinieren Sie den Fuss mit einer Balad-Lampe H.25, um ein harmonisches Ensemble zu schaffen.<\/p>\n<p>LEUCHTE SEPARAT ERH\u00c4LTLICH<\/p>\n<blockquote>\n<h2><strong>Merkmale &amp; Eigenschaften<\/strong><\/h2>\n<p><strong>Marke<\/strong> Fermob<\/p>\n<p><strong>Farbe\u00a0<\/strong>Acapulco Blau<\/p>\n<p><strong>Material<\/strong> Eisen<\/p>\n<p><strong>H\u00f6he (cm) <\/strong>157<\/p>\n<p><strong>Fussbreite (cm) <\/strong>35<\/p>\n<p><strong>Tiefe (cm)<\/strong>\u00a020<\/p>\n<p><strong>Gewicht (kg)<\/strong> 6,5<\/p>\n<p><strong>Kompatibilit\u00e4t<\/strong> Leuchte Balade Fermob H.25 (empfohlen) und H.38<\/p><\/blockquote>\n","protected":false},"excerpt":{"rendered":"<p>Die vom Designer Tristan Lohner entworfene Lampe Balad wurde so konzipiert, dass sie alle W\u00fcnsche erf\u00fcllt und drinnen oder draussen, im Sommer oder im Winter, aufgestellt oder aufgeh\u00e4ngt werden kann! Mit dem einfachen Fuss aus Metall bietet Fermob eine neue praktische und clevere Funktion, um die sch\u00f6nen Sommerabende im Garten oder auf der Terrasse zu [&hellip;]<\/p>\n","protected":false},"featured_media":49835,"template":"","meta":{"_acf_changed":false,"om_disable_all_campaigns":false},"product_cat":[289],"product_tag":[1254,597,1265,1072,1022],"bundled_by":[],"bundle_stock_status":"onbackorder","bundle_stock_quantity":0,"bundle_virtual":false,"bundle_layout":"","bundle_add_to_cart_form_location":"","bundle_editable_in_cart":false,"bundle_sold_individually_context":"","bundle_item_grouping":"","bundle_min_size":"","bundle_max_size":"","bundle_price":[],"bundled_items":[],"bundle_sell_ids":[],"acf":[],"yoast_head":"<!-- This site is optimized with the Yoast SEO Premium plugin v22.2 (Yoast SEO v22.8) - https:\/\/yoast.com\/wordpress\/plugins\/seo\/ -->\n<title>Fermob | Kleines Fussteil Balad | Acapulco Blau | Ekkla<\/title>\n<meta name=\"description\" content=\"Das kleine Fussteil Balad von Fermob bietet eine perfekte Erg\u00e4nzung zu den Leuchten Balad, die Ihre lauen Abende draussen versch\u00f6nern.\" \/>\n<meta name=\"robots\" content=\"index, follow, max-snippet:-1, max-image-preview:large, max-video-preview:-1\" \/>\n<link rel=\"canonical\" href=\"https:\/\/ekkla.ch\/de\/produit\/kleines-fussteil-balad-acapulco-blau-fermob\/\" \/>\n<meta property=\"og:locale\" content=\"de_DE\" \/>\n<meta property=\"og:type\" content=\"article\" \/>\n<meta property=\"og:title\" content=\"Simples Fussteil f\u00fcr Balad-Leuchte - H.157 - Acapulco Blau - Fermob\" \/>\n<meta property=\"og:description\" content=\"Das kleine Fussteil Balad von Fermob bietet eine perfekte Erg\u00e4nzung zu den Leuchten Balad, die Ihre lauen Abende draussen versch\u00f6nern.\" \/>\n<meta property=\"og:url\" content=\"https:\/\/ekkla.ch\/de\/produit\/kleines-fussteil-balad-acapulco-blau-fermob\/\" \/>\n<meta property=\"og:site_name\" content=\"Ekkla\" \/>\n<meta property=\"article:modified_time\" content=\"2024-02-20T13:50:48+00:00\" \/>\n<meta property=\"og:image\" content=\"https:\/\/ekkla.ch\/wp-content\/uploads\/2021\/03\/PiedSimple_BleuAcapulco_Fermob.jpg\" \/>\n\t<meta property=\"og:image:width\" content=\"900\" \/>\n\t<meta property=\"og:image:height\" content=\"900\" \/>\n\t<meta property=\"og:image:type\" content=\"image\/jpeg\" \/>\n<meta name=\"twitter:card\" content=\"summary_large_image\" \/>\n<meta name=\"twitter:label1\" content=\"Gesch\u00e4tzte Lesezeit\" \/>\n\t<meta name=\"twitter:data1\" content=\"1\u00a0Minute\" \/>\n<script type=\"application\/ld+json\" class=\"yoast-schema-graph\">{\"@context\":\"https:\/\/schema.org\",\"@graph\":[{\"@type\":\"WebPage\",\"@id\":\"https:\/\/ekkla.ch\/de\/produit\/kleines-fussteil-balad-acapulco-blau-fermob\/\",\"url\":\"https:\/\/ekkla.ch\/de\/produit\/kleines-fussteil-balad-acapulco-blau-fermob\/\",\"name\":\"Fermob | Kleines Fussteil Balad | Acapulco Blau | Ekkla\",\"isPartOf\":{\"@id\":\"https:\/\/ekkla.ch\/#website\"},\"primaryImageOfPage\":{\"@id\":\"https:\/\/ekkla.ch\/de\/produit\/kleines-fussteil-balad-acapulco-blau-fermob\/#primaryimage\"},\"image\":{\"@id\":\"https:\/\/ekkla.ch\/de\/produit\/kleines-fussteil-balad-acapulco-blau-fermob\/#primaryimage\"},\"thumbnailUrl\":\"https:\/\/ekkla.ch\/wp-content\/uploads\/2021\/03\/PiedSimple_BleuAcapulco_Fermob.jpg\",\"datePublished\":\"2021-03-05T13:47:03+00:00\",\"dateModified\":\"2024-02-20T13:50:48+00:00\",\"description\":\"Das kleine Fussteil Balad von Fermob bietet eine perfekte Erg\u00e4nzung zu den Leuchten Balad, die Ihre lauen Abende draussen versch\u00f6nern.\",\"breadcrumb\":{\"@id\":\"https:\/\/ekkla.ch\/de\/produit\/kleines-fussteil-balad-acapulco-blau-fermob\/#breadcrumb\"},\"inLanguage\":\"de\",\"potentialAction\":[{\"@type\":\"ReadAction\",\"target\":[\"https:\/\/ekkla.ch\/de\/produit\/kleines-fussteil-balad-acapulco-blau-fermob\/\"]}]},{\"@type\":\"ImageObject\",\"inLanguage\":\"de\",\"@id\":\"https:\/\/ekkla.ch\/de\/produit\/kleines-fussteil-balad-acapulco-blau-fermob\/#primaryimage\",\"url\":\"https:\/\/ekkla.ch\/wp-content\/uploads\/2021\/03\/PiedSimple_BleuAcapulco_Fermob.jpg\",\"contentUrl\":\"https:\/\/ekkla.ch\/wp-content\/uploads\/2021\/03\/PiedSimple_BleuAcapulco_Fermob.jpg\",\"width\":900,\"height\":900,\"caption\":\"Kleines Fussteil Roter Ocker Fermob\"},{\"@type\":\"BreadcrumbList\",\"@id\":\"https:\/\/ekkla.ch\/de\/produit\/kleines-fussteil-balad-acapulco-blau-fermob\/#breadcrumb\",\"itemListElement\":[{\"@type\":\"ListItem\",\"position\":1,\"name\":\"Home\",\"item\":\"https:\/\/ekkla.ch\/de\/\"},{\"@type\":\"ListItem\",\"position\":2,\"name\":\"Shop\",\"item\":\"https:\/\/ekkla.ch\/de\/shop\/\"},{\"@type\":\"ListItem\",\"position\":3,\"name\":\"Simples Fussteil f\u00fcr Balad-Leuchte &#8211; H.157 &#8211; Acapulco Blau &#8211; Fermob\"}]},{\"@type\":\"WebSite\",\"@id\":\"https:\/\/ekkla.ch\/#website\",\"url\":\"https:\/\/ekkla.ch\/\",\"name\":\"Ekkla\",\"description\":\"Der Onlineshop f\u00fcr Beleuchtung\",\"publisher\":{\"@id\":\"https:\/\/ekkla.ch\/#organization\"},\"potentialAction\":[{\"@type\":\"SearchAction\",\"target\":{\"@type\":\"EntryPoint\",\"urlTemplate\":\"https:\/\/ekkla.ch\/?s={search_term_string}\"},\"query-input\":\"required name=search_term_string\"}],\"inLanguage\":\"de\"},{\"@type\":\"Organization\",\"@id\":\"https:\/\/ekkla.ch\/#organization\",\"name\":\"Ekkla\",\"url\":\"https:\/\/ekkla.ch\/\",\"logo\":{\"@type\":\"ImageObject\",\"inLanguage\":\"de\",\"@id\":\"https:\/\/ekkla.ch\/#\/schema\/logo\/image\/\",\"url\":\"http:\/\/ekkla.ch\/wp-content\/uploads\/2019\/07\/logo-1.svg\",\"contentUrl\":\"http:\/\/ekkla.ch\/wp-content\/uploads\/2019\/07\/logo-1.svg\",\"width\":1,\"height\":1,\"caption\":\"Ekkla\"},\"image\":{\"@id\":\"https:\/\/ekkla.ch\/#\/schema\/logo\/image\/\"},\"sameAs\":[\"https:\/\/www.instagram.com\/ekkla_light\/\"]}]}<\/script>\n<!-- \/ Yoast SEO Premium plugin. -->","yoast_head_json":{"title":"Fermob | Kleines Fussteil Balad | Acapulco Blau | Ekkla","description":"Das kleine Fussteil Balad von Fermob bietet eine perfekte Erg\u00e4nzung zu den Leuchten Balad, die Ihre lauen Abende draussen versch\u00f6nern.","robots":{"index":"index","follow":"follow","max-snippet":"max-snippet:-1","max-image-preview":"max-image-preview:large","max-video-preview":"max-video-preview:-1"},"canonical":"https:\/\/ekkla.ch\/de\/produit\/kleines-fussteil-balad-acapulco-blau-fermob\/","og_locale":"de_DE","og_type":"article","og_title":"Simples Fussteil f\u00fcr Balad-Leuchte - H.157 - Acapulco Blau - Fermob","og_description":"Das kleine Fussteil Balad von Fermob bietet eine perfekte Erg\u00e4nzung zu den Leuchten Balad, die Ihre lauen Abende draussen versch\u00f6nern.","og_url":"https:\/\/ekkla.ch\/de\/produit\/kleines-fussteil-balad-acapulco-blau-fermob\/","og_site_name":"Ekkla","article_modified_time":"2024-02-20T13:50:48+00:00","og_image":[{"width":900,"height":900,"url":"https:\/\/ekkla.ch\/wp-content\/uploads\/2021\/03\/PiedSimple_BleuAcapulco_Fermob.jpg","type":"image\/jpeg"}],"twitter_card":"summary_large_image","twitter_misc":{"Gesch\u00e4tzte Lesezeit":"1\u00a0Minute"},"schema":{"@context":"https:\/\/schema.org","@graph":[{"@type":"WebPage","@id":"https:\/\/ekkla.ch\/de\/produit\/kleines-fussteil-balad-acapulco-blau-fermob\/","url":"https:\/\/ekkla.ch\/de\/produit\/kleines-fussteil-balad-acapulco-blau-fermob\/","name":"Fermob | Kleines Fussteil Balad | Acapulco Blau | Ekkla","isPartOf":{"@id":"https:\/\/ekkla.ch\/#website"},"primaryImageOfPage":{"@id":"https:\/\/ekkla.ch\/de\/produit\/kleines-fussteil-balad-acapulco-blau-fermob\/#primaryimage"},"image":{"@id":"https:\/\/ekkla.ch\/de\/produit\/kleines-fussteil-balad-acapulco-blau-fermob\/#primaryimage"},"thumbnailUrl":"https:\/\/ekkla.ch\/wp-content\/uploads\/2021\/03\/PiedSimple_BleuAcapulco_Fermob.jpg","datePublished":"2021-03-05T13:47:03+00:00","dateModified":"2024-02-20T13:50:48+00:00","description":"Das kleine Fussteil Balad von Fermob bietet eine perfekte Erg\u00e4nzung zu den Leuchten Balad, die Ihre lauen Abende draussen versch\u00f6nern.","breadcrumb":{"@id":"https:\/\/ekkla.ch\/de\/produit\/kleines-fussteil-balad-acapulco-blau-fermob\/#breadcrumb"},"inLanguage":"de","potentialAction":[{"@type":"ReadAction","target":["https:\/\/ekkla.ch\/de\/produit\/kleines-fussteil-balad-acapulco-blau-fermob\/"]}]},{"@type":"ImageObject","inLanguage":"de","@id":"https:\/\/ekkla.ch\/de\/produit\/kleines-fussteil-balad-acapulco-blau-fermob\/#primaryimage","url":"https:\/\/ekkla.ch\/wp-content\/uploads\/2021\/03\/PiedSimple_BleuAcapulco_Fermob.jpg","contentUrl":"https:\/\/ekkla.ch\/wp-content\/uploads\/2021\/03\/PiedSimple_BleuAcapulco_Fermob.jpg","width":900,"height":900,"caption":"Kleines Fussteil Roter Ocker Fermob"},{"@type":"BreadcrumbList","@id":"https:\/\/ekkla.ch\/de\/produit\/kleines-fussteil-balad-acapulco-blau-fermob\/#breadcrumb","itemListElement":[{"@type":"ListItem","position":1,"name":"Home","item":"https:\/\/ekkla.ch\/de\/"},{"@type":"ListItem","position":2,"name":"Shop","item":"https:\/\/ekkla.ch\/de\/shop\/"},{"@type":"ListItem","position":3,"name":"Simples Fussteil f\u00fcr Balad-Leuchte &#8211; H.157 &#8211; Acapulco Blau &#8211; Fermob"}]},{"@type":"WebSite","@id":"https:\/\/ekkla.ch\/#website","url":"https:\/\/ekkla.ch\/","name":"Ekkla","description":"Der Onlineshop f\u00fcr Beleuchtung","publisher":{"@id":"https:\/\/ekkla.ch\/#organization"},"potentialAction":[{"@type":"SearchAction","target":{"@type":"EntryPoint","urlTemplate":"https:\/\/ekkla.ch\/?s={search_term_string}"},"query-input":"required name=search_term_string"}],"inLanguage":"de"},{"@type":"Organization","@id":"https:\/\/ekkla.ch\/#organization","name":"Ekkla","url":"https:\/\/ekkla.ch\/","logo":{"@type":"ImageObject","inLanguage":"de","@id":"https:\/\/ekkla.ch\/#\/schema\/logo\/image\/","url":"http:\/\/ekkla.ch\/wp-content\/uploads\/2019\/07\/logo-1.svg","contentUrl":"http:\/\/ekkla.ch\/wp-content\/uploads\/2019\/07\/logo-1.svg","width":1,"height":1,"caption":"Ekkla"},"image":{"@id":"https:\/\/ekkla.ch\/#\/schema\/logo\/image\/"},"sameAs":["https:\/\/www.instagram.com\/ekkla_light\/"]}]}},"_links":{"self":[{"href":"https:\/\/ekkla.ch\/de\/wp-json\/wp\/v2\/product\/50052"}],"collection":[{"href":"https:\/\/ekkla.ch\/de\/wp-json\/wp\/v2\/product"}],"about":[{"href":"https:\/\/ekkla.ch\/de\/wp-json\/wp\/v2\/types\/product"}],"wp:featuredmedia":[{"embeddable":true,"href":"https:\/\/ekkla.ch\/de\/wp-json\/wp\/v2\/media\/49835"}],"wp:attachment":[{"href":"https:\/\/ekkla.ch\/de\/wp-json\/wp\/v2\/media?parent=50052"}],"wp:term":[{"taxonomy":"product_cat","embeddable":true,"href":"https:\/\/ekkla.ch\/de\/wp-json\/wp\/v2\/product_cat?post=50052"},{"taxonomy":"product_tag","embeddable":true,"href":"https:\/\/ekkla.ch\/de\/wp-json\/wp\/v2\/product_tag?post=50052"}],"curies":[{"name":"wp","href":"https:\/\/api.w.org\/{rel}","templated":true}]}}