{"id":50197,"date":"2021-03-02T11:18:42","date_gmt":"2021-03-02T10:18:42","guid":{"rendered":"https:\/\/ekkla.ch\/produit\/kabellose-led-aussenleuchte-globo-30-slide\/"},"modified":"2023-02-11T13:08:10","modified_gmt":"2023-02-11T12:08:10","slug":"kabellose-led-aussenleuchte-globo-30-slide","status":"publish","type":"product","link":"https:\/\/ekkla.ch\/de\/produit\/kabellose-led-aussenleuchte-globo-30-slide\/","title":{"rendered":"Kabellose LED-Aussenleuchte Globo 30 &#8211; Slide"},"content":{"rendered":"<p>Globo ist einer der Bestseller der SLIDE-Kollektion, die das italienische Unternehmen weltweit bekannt gemacht hat. Die Globo Leuchten-Kollektion besteht aus einfachen Kugeln, die, sobald sie angez\u00fcndet sind, eine elegante und trendige Atmosph\u00e4re schaffen. Minimalistische Linien und weiches Licht machen die Globo-Kollektion zu einem Must f\u00fcr G\u00e4rten, Terrassen und Aussenbereiche. Schutzart IP55 (sch\u00fctzt vor Staub und Spritzwasser).<\/p>\n<h2 style=\"text-align: left;\"><strong>\u00a0 \u00a0 \u00a0 Merkmale &amp; Eigenschaften<\/strong><\/h2>\n<p style=\"text-align: left;\"><strong>\u00a0 \u00a0 \u00a0 \u00a0 \u00a0Marke\u00a0<\/strong>Slide<\/p>\n<p style=\"text-align: left;\"><strong>\u00a0 \u00a0 \u00a0 \u00a0 \u00a0Farbe<\/strong>\u00a0Weiss<\/p>\n<p style=\"text-align: left;\"><strong>\u00a0 \u00a0 \u00a0 \u00a0 \u00a0Material\u00a0<\/strong>Poly\u00e4thylen<\/p>\n<p style=\"text-align: left;\"><strong>\u00a0 \u00a0 \u00a0 \u00a0 \u00a0Stromversorgung\u00a0<\/strong>Batteriebetrieben (ca. 8h), inklusive Kabel und Fernbedienung<\/p>\n<p style=\"text-align: left;\"><strong>\u00a0 \u00a0 \u00a0 \u00a0 \u00a0Leistung (W)<\/strong> 3<\/p>\n<p style=\"text-align: left;\"><strong>\u00a0 \u00a0 \u00a0 \u00a0 \u00a0Durchmesser (cm) <\/strong>30<\/p>\n<p><b>\u00a0 \u00a0 \u00a0 \u00a0 \u00a0Sockel<\/b>\u00a0<strong>(cm)<\/strong> 7.6<\/p>\n<p><strong>\u00a0 \u00a0 \u00a0 \u00a0 \u00a0Gewicht (kg) <\/strong>1.2<\/p>\n","protected":false},"excerpt":{"rendered":"<p>Globo ist einer der Bestseller der SLIDE-Kollektion, die das italienische Unternehmen weltweit bekannt gemacht hat. Die Globo Leuchten-Kollektion besteht aus einfachen Kugeln, die, sobald sie angez\u00fcndet sind, eine elegante und trendige Atmosph\u00e4re schaffen. Minimalistische Linien und weiches Licht machen die Globo-Kollektion zu einem Must f\u00fcr G\u00e4rten, Terrassen und Aussenbereiche. Schutzart IP55 (sch\u00fctzt vor Staub und [&hellip;]<\/p>\n","protected":false},"featured_media":51749,"template":"","meta":{"_acf_changed":false,"om_disable_all_campaigns":false},"product_cat":[290],"product_tag":[1244,760,818,900,554,1188,1265,1077,1022,1205,816,872,1111,883,403,921,1209,1092],"bundled_by":[],"bundle_stock_status":"instock","bundle_stock_quantity":1,"bundle_virtual":false,"bundle_layout":"","bundle_add_to_cart_form_location":"","bundle_editable_in_cart":false,"bundle_sold_individually_context":"","bundle_item_grouping":"","bundle_min_size":"","bundle_max_size":"","bundle_price":[],"bundled_items":[],"bundle_sell_ids":[],"acf":[],"yoast_head":"<!-- This site is optimized with the Yoast SEO Premium plugin v22.2 (Yoast SEO v22.8) - https:\/\/yoast.com\/wordpress\/plugins\/seo\/ -->\n<title>Slide | Kabellose LED-leuchte Globo 30 | Aussenleuchte | Ekkla<\/title>\n<meta name=\"description\" content=\"Globo-Leuchten sind einfache Kugeln, die, einmal angez\u00fcndet, elegante und trendige Atmosph\u00e4ren im Garten, auf dem Balkon oder der Terrasse schaffen.\" \/>\n<meta name=\"robots\" content=\"index, follow, max-snippet:-1, max-image-preview:large, max-video-preview:-1\" \/>\n<link rel=\"canonical\" href=\"https:\/\/ekkla.ch\/de\/produit\/kabellose-led-aussenleuchte-globo-30-slide\/\" \/>\n<meta property=\"og:locale\" content=\"de_DE\" \/>\n<meta property=\"og:type\" content=\"article\" \/>\n<meta property=\"og:title\" content=\"Kabellose LED-Aussenleuchte Globo 30 - Slide\" \/>\n<meta property=\"og:description\" content=\"Globo-Leuchten sind einfache Kugeln, die, einmal angez\u00fcndet, elegante und trendige Atmosph\u00e4ren im Garten, auf dem Balkon oder der Terrasse schaffen.\" \/>\n<meta property=\"og:url\" content=\"https:\/\/ekkla.ch\/de\/produit\/kabellose-led-aussenleuchte-globo-30-slide\/\" \/>\n<meta property=\"og:site_name\" content=\"Ekkla\" \/>\n<meta property=\"article:modified_time\" content=\"2023-02-11T12:08:10+00:00\" \/>\n<meta property=\"og:image\" content=\"https:\/\/ekkla.ch\/wp-content\/uploads\/2021\/03\/Globo_30_ImageProduit.jpg\" \/>\n\t<meta property=\"og:image:width\" content=\"900\" \/>\n\t<meta property=\"og:image:height\" content=\"900\" \/>\n\t<meta property=\"og:image:type\" content=\"image\/jpeg\" \/>\n<meta name=\"twitter:card\" content=\"summary_large_image\" \/>\n<meta name=\"twitter:label1\" content=\"Gesch\u00e4tzte Lesezeit\" \/>\n\t<meta name=\"twitter:data1\" content=\"1\u00a0Minute\" \/>\n<script type=\"application\/ld+json\" class=\"yoast-schema-graph\">{\"@context\":\"https:\/\/schema.org\",\"@graph\":[{\"@type\":\"WebPage\",\"@id\":\"https:\/\/ekkla.ch\/de\/produit\/kabellose-led-aussenleuchte-globo-30-slide\/\",\"url\":\"https:\/\/ekkla.ch\/de\/produit\/kabellose-led-aussenleuchte-globo-30-slide\/\",\"name\":\"Slide | Kabellose LED-leuchte Globo 30 | Aussenleuchte | Ekkla\",\"isPartOf\":{\"@id\":\"https:\/\/ekkla.ch\/#website\"},\"primaryImageOfPage\":{\"@id\":\"https:\/\/ekkla.ch\/de\/produit\/kabellose-led-aussenleuchte-globo-30-slide\/#primaryimage\"},\"image\":{\"@id\":\"https:\/\/ekkla.ch\/de\/produit\/kabellose-led-aussenleuchte-globo-30-slide\/#primaryimage\"},\"thumbnailUrl\":\"https:\/\/ekkla.ch\/wp-content\/uploads\/2021\/03\/Globo_30_ImageProduit.jpg\",\"datePublished\":\"2021-03-02T10:18:42+00:00\",\"dateModified\":\"2023-02-11T12:08:10+00:00\",\"description\":\"Globo-Leuchten sind einfache Kugeln, die, einmal angez\u00fcndet, elegante und trendige Atmosph\u00e4ren im Garten, auf dem Balkon oder der Terrasse schaffen.\",\"breadcrumb\":{\"@id\":\"https:\/\/ekkla.ch\/de\/produit\/kabellose-led-aussenleuchte-globo-30-slide\/#breadcrumb\"},\"inLanguage\":\"de\",\"potentialAction\":[{\"@type\":\"ReadAction\",\"target\":[\"https:\/\/ekkla.ch\/de\/produit\/kabellose-led-aussenleuchte-globo-30-slide\/\"]}]},{\"@type\":\"ImageObject\",\"inLanguage\":\"de\",\"@id\":\"https:\/\/ekkla.ch\/de\/produit\/kabellose-led-aussenleuchte-globo-30-slide\/#primaryimage\",\"url\":\"https:\/\/ekkla.ch\/wp-content\/uploads\/2021\/03\/Globo_30_ImageProduit.jpg\",\"contentUrl\":\"https:\/\/ekkla.ch\/wp-content\/uploads\/2021\/03\/Globo_30_ImageProduit.jpg\",\"width\":900,\"height\":900,\"caption\":\"Lampadaire Globo SLIDE\"},{\"@type\":\"BreadcrumbList\",\"@id\":\"https:\/\/ekkla.ch\/de\/produit\/kabellose-led-aussenleuchte-globo-30-slide\/#breadcrumb\",\"itemListElement\":[{\"@type\":\"ListItem\",\"position\":1,\"name\":\"Home\",\"item\":\"https:\/\/ekkla.ch\/de\/\"},{\"@type\":\"ListItem\",\"position\":2,\"name\":\"Shop\",\"item\":\"https:\/\/ekkla.ch\/de\/shop\/\"},{\"@type\":\"ListItem\",\"position\":3,\"name\":\"Kabellose LED-Aussenleuchte Globo 30 &#8211; Slide\"}]},{\"@type\":\"WebSite\",\"@id\":\"https:\/\/ekkla.ch\/#website\",\"url\":\"https:\/\/ekkla.ch\/\",\"name\":\"Ekkla\",\"description\":\"Der Onlineshop f\u00fcr Beleuchtung\",\"publisher\":{\"@id\":\"https:\/\/ekkla.ch\/#organization\"},\"potentialAction\":[{\"@type\":\"SearchAction\",\"target\":{\"@type\":\"EntryPoint\",\"urlTemplate\":\"https:\/\/ekkla.ch\/?s={search_term_string}\"},\"query-input\":\"required name=search_term_string\"}],\"inLanguage\":\"de\"},{\"@type\":\"Organization\",\"@id\":\"https:\/\/ekkla.ch\/#organization\",\"name\":\"Ekkla\",\"url\":\"https:\/\/ekkla.ch\/\",\"logo\":{\"@type\":\"ImageObject\",\"inLanguage\":\"de\",\"@id\":\"https:\/\/ekkla.ch\/#\/schema\/logo\/image\/\",\"url\":\"http:\/\/ekkla.ch\/wp-content\/uploads\/2019\/07\/logo-1.svg\",\"contentUrl\":\"http:\/\/ekkla.ch\/wp-content\/uploads\/2019\/07\/logo-1.svg\",\"width\":1,\"height\":1,\"caption\":\"Ekkla\"},\"image\":{\"@id\":\"https:\/\/ekkla.ch\/#\/schema\/logo\/image\/\"},\"sameAs\":[\"https:\/\/www.instagram.com\/ekkla_light\/\"]}]}<\/script>\n<!-- \/ Yoast SEO Premium plugin. -->","yoast_head_json":{"title":"Slide | Kabellose LED-leuchte Globo 30 | Aussenleuchte | Ekkla","description":"Globo-Leuchten sind einfache Kugeln, die, einmal angez\u00fcndet, elegante und trendige Atmosph\u00e4ren im Garten, auf dem Balkon oder der Terrasse schaffen.","robots":{"index":"index","follow":"follow","max-snippet":"max-snippet:-1","max-image-preview":"max-image-preview:large","max-video-preview":"max-video-preview:-1"},"canonical":"https:\/\/ekkla.ch\/de\/produit\/kabellose-led-aussenleuchte-globo-30-slide\/","og_locale":"de_DE","og_type":"article","og_title":"Kabellose LED-Aussenleuchte Globo 30 - Slide","og_description":"Globo-Leuchten sind einfache Kugeln, die, einmal angez\u00fcndet, elegante und trendige Atmosph\u00e4ren im Garten, auf dem Balkon oder der Terrasse schaffen.","og_url":"https:\/\/ekkla.ch\/de\/produit\/kabellose-led-aussenleuchte-globo-30-slide\/","og_site_name":"Ekkla","article_modified_time":"2023-02-11T12:08:10+00:00","og_image":[{"width":900,"height":900,"url":"https:\/\/ekkla.ch\/wp-content\/uploads\/2021\/03\/Globo_30_ImageProduit.jpg","type":"image\/jpeg"}],"twitter_card":"summary_large_image","twitter_misc":{"Gesch\u00e4tzte Lesezeit":"1\u00a0Minute"},"schema":{"@context":"https:\/\/schema.org","@graph":[{"@type":"WebPage","@id":"https:\/\/ekkla.ch\/de\/produit\/kabellose-led-aussenleuchte-globo-30-slide\/","url":"https:\/\/ekkla.ch\/de\/produit\/kabellose-led-aussenleuchte-globo-30-slide\/","name":"Slide | Kabellose LED-leuchte Globo 30 | Aussenleuchte | Ekkla","isPartOf":{"@id":"https:\/\/ekkla.ch\/#website"},"primaryImageOfPage":{"@id":"https:\/\/ekkla.ch\/de\/produit\/kabellose-led-aussenleuchte-globo-30-slide\/#primaryimage"},"image":{"@id":"https:\/\/ekkla.ch\/de\/produit\/kabellose-led-aussenleuchte-globo-30-slide\/#primaryimage"},"thumbnailUrl":"https:\/\/ekkla.ch\/wp-content\/uploads\/2021\/03\/Globo_30_ImageProduit.jpg","datePublished":"2021-03-02T10:18:42+00:00","dateModified":"2023-02-11T12:08:10+00:00","description":"Globo-Leuchten sind einfache Kugeln, die, einmal angez\u00fcndet, elegante und trendige Atmosph\u00e4ren im Garten, auf dem Balkon oder der Terrasse schaffen.","breadcrumb":{"@id":"https:\/\/ekkla.ch\/de\/produit\/kabellose-led-aussenleuchte-globo-30-slide\/#breadcrumb"},"inLanguage":"de","potentialAction":[{"@type":"ReadAction","target":["https:\/\/ekkla.ch\/de\/produit\/kabellose-led-aussenleuchte-globo-30-slide\/"]}]},{"@type":"ImageObject","inLanguage":"de","@id":"https:\/\/ekkla.ch\/de\/produit\/kabellose-led-aussenleuchte-globo-30-slide\/#primaryimage","url":"https:\/\/ekkla.ch\/wp-content\/uploads\/2021\/03\/Globo_30_ImageProduit.jpg","contentUrl":"https:\/\/ekkla.ch\/wp-content\/uploads\/2021\/03\/Globo_30_ImageProduit.jpg","width":900,"height":900,"caption":"Lampadaire Globo SLIDE"},{"@type":"BreadcrumbList","@id":"https:\/\/ekkla.ch\/de\/produit\/kabellose-led-aussenleuchte-globo-30-slide\/#breadcrumb","itemListElement":[{"@type":"ListItem","position":1,"name":"Home","item":"https:\/\/ekkla.ch\/de\/"},{"@type":"ListItem","position":2,"name":"Shop","item":"https:\/\/ekkla.ch\/de\/shop\/"},{"@type":"ListItem","position":3,"name":"Kabellose LED-Aussenleuchte Globo 30 &#8211; Slide"}]},{"@type":"WebSite","@id":"https:\/\/ekkla.ch\/#website","url":"https:\/\/ekkla.ch\/","name":"Ekkla","description":"Der Onlineshop f\u00fcr Beleuchtung","publisher":{"@id":"https:\/\/ekkla.ch\/#organization"},"potentialAction":[{"@type":"SearchAction","target":{"@type":"EntryPoint","urlTemplate":"https:\/\/ekkla.ch\/?s={search_term_string}"},"query-input":"required name=search_term_string"}],"inLanguage":"de"},{"@type":"Organization","@id":"https:\/\/ekkla.ch\/#organization","name":"Ekkla","url":"https:\/\/ekkla.ch\/","logo":{"@type":"ImageObject","inLanguage":"de","@id":"https:\/\/ekkla.ch\/#\/schema\/logo\/image\/","url":"http:\/\/ekkla.ch\/wp-content\/uploads\/2019\/07\/logo-1.svg","contentUrl":"http:\/\/ekkla.ch\/wp-content\/uploads\/2019\/07\/logo-1.svg","width":1,"height":1,"caption":"Ekkla"},"image":{"@id":"https:\/\/ekkla.ch\/#\/schema\/logo\/image\/"},"sameAs":["https:\/\/www.instagram.com\/ekkla_light\/"]}]}},"_links":{"self":[{"href":"https:\/\/ekkla.ch\/de\/wp-json\/wp\/v2\/product\/50197"}],"collection":[{"href":"https:\/\/ekkla.ch\/de\/wp-json\/wp\/v2\/product"}],"about":[{"href":"https:\/\/ekkla.ch\/de\/wp-json\/wp\/v2\/types\/product"}],"wp:featuredmedia":[{"embeddable":true,"href":"https:\/\/ekkla.ch\/de\/wp-json\/wp\/v2\/media\/51749"}],"wp:attachment":[{"href":"https:\/\/ekkla.ch\/de\/wp-json\/wp\/v2\/media?parent=50197"}],"wp:term":[{"taxonomy":"product_cat","embeddable":true,"href":"https:\/\/ekkla.ch\/de\/wp-json\/wp\/v2\/product_cat?post=50197"},{"taxonomy":"product_tag","embeddable":true,"href":"https:\/\/ekkla.ch\/de\/wp-json\/wp\/v2\/product_tag?post=50197"}],"curies":[{"name":"wp","href":"https:\/\/api.w.org\/{rel}","templated":true}]}}