{"id":50949,"date":"2020-10-21T14:22:39","date_gmt":"2020-10-21T12:22:39","guid":{"rendered":"https:\/\/ekkla.ch\/produit\/tafel-wandleuchte-schwarz-s-faro-barcelona\/"},"modified":"2022-11-30T14:45:12","modified_gmt":"2022-11-30T13:45:12","slug":"tafel-wandleuchte-s-faro-barcelona","status":"publish","type":"product","link":"https:\/\/ekkla.ch\/de\/produit\/tafel-wandleuchte-s-faro-barcelona\/","title":{"rendered":"Tafelwandleuchte S &#8211; Faro Barcelona"},"content":{"rendered":"<p>Eine Wandleuchte, die ideal f\u00fcr eine dekorative Beleuchtung ist. Dank der Schiefertafel k\u00f6nnen Sie diese Leuchte personalisieren, indem Sie mit Kreide kleine s\u00fcsse Worte oder Einkaufslisten darauf schreiben. Sie passt perfekt in Wohnr\u00e4ume oder den Eingangsbereich, und Sie k\u00f6nnen mehrere davon kombinieren oder nur ein Modell verwenden. Dank ihrer zeitlosen, abgerundeten Form und ihres schlichten Designs ist diese Wandleuchte ein sicherer Wert. Sie verbreitet ein weiches Licht und erzeugt einen ged\u00e4mpften Effekt.<\/p>\n<p><em>Bitte beachten Sie, dass die Bilder im Ambiente der Tafelwandleuchte M entsprechen.<\/em><\/p>\n<h2>\u00a0 \u00a0 Merkmale &amp; Eigenschaften<\/h2>\n<p><strong>\u00a0 \u00a0 \u00a0 Marke\u00a0<\/strong>Faro Barcelona<\/p>\n<p><strong>\u00a0 \u00a0 \u00a0 Farbe<\/strong>\u00a0Schwarz<\/p>\n<p><strong>\u00a0 \u00a0 \u00a0 Materialien\u00a0<\/strong>Schiefertafel und PMMA-Diffusor<\/p>\n<p><b>\u00a0 \u00a0 \u00a0 Stromversorgung<\/b> Integrierte\u00a0LED<\/p>\n<p><strong>\u00a0 \u00a0 \u00a0 Lumen (lm) <\/strong>1280<\/p>\n<p><strong>\u00a0 \u00a0 \u00a0 Kelvin (k) <\/strong>2700<\/p>\n<p><strong>\u00a0 \u00a0 \u00a0 Durchmesser (cm) <\/strong>35<\/p>\n<p><strong>\u00a0 \u00a0 \u00a0 Gewicht (kg)<\/strong> 2.42<\/p>\n","protected":false},"excerpt":{"rendered":"<p>Eine Wandleuchte, die ideal f\u00fcr eine dekorative Beleuchtung ist. Dank der Schiefertafel k\u00f6nnen Sie diese Leuchte personalisieren, indem Sie mit Kreide kleine s\u00fcsse Worte oder Einkaufslisten darauf schreiben. Sie passt perfekt in Wohnr\u00e4ume oder den Eingangsbereich, und Sie k\u00f6nnen mehrere davon kombinieren oder nur ein Modell verwenden. Dank ihrer zeitlosen, abgerundeten Form und ihres schlichten [&hellip;]<\/p>\n","protected":false},"featured_media":37683,"template":"","meta":{"_acf_changed":false,"om_disable_all_campaigns":false},"product_cat":[286],"product_tag":[1258,896,554,1188,840,816],"bundled_by":[],"bundle_stock_status":"onbackorder","bundle_stock_quantity":null,"bundle_virtual":false,"bundle_layout":"","bundle_add_to_cart_form_location":"","bundle_editable_in_cart":false,"bundle_sold_individually_context":"","bundle_item_grouping":"","bundle_min_size":"","bundle_max_size":"","bundle_price":[],"bundled_items":[],"bundle_sell_ids":[],"acf":[],"yoast_head":"<!-- This site is optimized with the Yoast SEO Premium plugin v22.2 (Yoast SEO v22.8) - https:\/\/yoast.com\/wordpress\/plugins\/seo\/ -->\n<title>Faro Barcelona | Tafelwandleuchte S | Designerleuchte | Ekkla<\/title>\n<meta name=\"description\" content=\"Diese Leuchte gibt ein sehr dekoratives indirektes Licht ab, kann aber auch als Schiefertafel verwendet werden. Integrierte LED.\" \/>\n<meta name=\"robots\" content=\"index, follow, max-snippet:-1, max-image-preview:large, max-video-preview:-1\" \/>\n<link rel=\"canonical\" href=\"https:\/\/ekkla.ch\/de\/produit\/tafel-wandleuchte-s-faro-barcelona\/\" \/>\n<meta property=\"og:locale\" content=\"de_DE\" \/>\n<meta property=\"og:type\" content=\"article\" \/>\n<meta property=\"og:title\" content=\"Tafelwandleuchte S - Faro Barcelona\" \/>\n<meta property=\"og:description\" content=\"Diese Leuchte gibt ein sehr dekoratives indirektes Licht ab, kann aber auch als Schiefertafel verwendet werden. Integrierte LED.\" \/>\n<meta property=\"og:url\" content=\"https:\/\/ekkla.ch\/de\/produit\/tafel-wandleuchte-s-faro-barcelona\/\" \/>\n<meta property=\"og:site_name\" content=\"Ekkla\" \/>\n<meta property=\"article:modified_time\" content=\"2022-11-30T13:45:12+00:00\" \/>\n<meta property=\"og:image\" content=\"https:\/\/ekkla.ch\/wp-content\/uploads\/2020\/10\/applique_tableau_noir_s.png\" \/>\n\t<meta property=\"og:image:width\" content=\"591\" \/>\n\t<meta property=\"og:image:height\" content=\"591\" \/>\n\t<meta property=\"og:image:type\" content=\"image\/png\" \/>\n<meta name=\"twitter:card\" content=\"summary_large_image\" \/>\n<meta name=\"twitter:label1\" content=\"Gesch\u00e4tzte Lesezeit\" \/>\n\t<meta name=\"twitter:data1\" content=\"1\u00a0Minute\" \/>\n<script type=\"application\/ld+json\" class=\"yoast-schema-graph\">{\"@context\":\"https:\/\/schema.org\",\"@graph\":[{\"@type\":\"WebPage\",\"@id\":\"https:\/\/ekkla.ch\/de\/produit\/tafel-wandleuchte-s-faro-barcelona\/\",\"url\":\"https:\/\/ekkla.ch\/de\/produit\/tafel-wandleuchte-s-faro-barcelona\/\",\"name\":\"Faro Barcelona | Tafelwandleuchte S | Designerleuchte | Ekkla\",\"isPartOf\":{\"@id\":\"https:\/\/ekkla.ch\/#website\"},\"primaryImageOfPage\":{\"@id\":\"https:\/\/ekkla.ch\/de\/produit\/tafel-wandleuchte-s-faro-barcelona\/#primaryimage\"},\"image\":{\"@id\":\"https:\/\/ekkla.ch\/de\/produit\/tafel-wandleuchte-s-faro-barcelona\/#primaryimage\"},\"thumbnailUrl\":\"https:\/\/ekkla.ch\/wp-content\/uploads\/2020\/10\/applique_tableau_noir_s.png\",\"datePublished\":\"2020-10-21T12:22:39+00:00\",\"dateModified\":\"2022-11-30T13:45:12+00:00\",\"description\":\"Diese Leuchte gibt ein sehr dekoratives indirektes Licht ab, kann aber auch als Schiefertafel verwendet werden. Integrierte LED.\",\"breadcrumb\":{\"@id\":\"https:\/\/ekkla.ch\/de\/produit\/tafel-wandleuchte-s-faro-barcelona\/#breadcrumb\"},\"inLanguage\":\"de\",\"potentialAction\":[{\"@type\":\"ReadAction\",\"target\":[\"https:\/\/ekkla.ch\/de\/produit\/tafel-wandleuchte-s-faro-barcelona\/\"]}]},{\"@type\":\"ImageObject\",\"inLanguage\":\"de\",\"@id\":\"https:\/\/ekkla.ch\/de\/produit\/tafel-wandleuchte-s-faro-barcelona\/#primaryimage\",\"url\":\"https:\/\/ekkla.ch\/wp-content\/uploads\/2020\/10\/applique_tableau_noir_s.png\",\"contentUrl\":\"https:\/\/ekkla.ch\/wp-content\/uploads\/2020\/10\/applique_tableau_noir_s.png\",\"width\":591,\"height\":591},{\"@type\":\"BreadcrumbList\",\"@id\":\"https:\/\/ekkla.ch\/de\/produit\/tafel-wandleuchte-s-faro-barcelona\/#breadcrumb\",\"itemListElement\":[{\"@type\":\"ListItem\",\"position\":1,\"name\":\"Home\",\"item\":\"https:\/\/ekkla.ch\/de\/\"},{\"@type\":\"ListItem\",\"position\":2,\"name\":\"Shop\",\"item\":\"https:\/\/ekkla.ch\/de\/shop\/\"},{\"@type\":\"ListItem\",\"position\":3,\"name\":\"Tafelwandleuchte S &#8211; Faro Barcelona\"}]},{\"@type\":\"WebSite\",\"@id\":\"https:\/\/ekkla.ch\/#website\",\"url\":\"https:\/\/ekkla.ch\/\",\"name\":\"Ekkla\",\"description\":\"Der Onlineshop f\u00fcr Beleuchtung\",\"publisher\":{\"@id\":\"https:\/\/ekkla.ch\/#organization\"},\"potentialAction\":[{\"@type\":\"SearchAction\",\"target\":{\"@type\":\"EntryPoint\",\"urlTemplate\":\"https:\/\/ekkla.ch\/?s={search_term_string}\"},\"query-input\":\"required name=search_term_string\"}],\"inLanguage\":\"de\"},{\"@type\":\"Organization\",\"@id\":\"https:\/\/ekkla.ch\/#organization\",\"name\":\"Ekkla\",\"url\":\"https:\/\/ekkla.ch\/\",\"logo\":{\"@type\":\"ImageObject\",\"inLanguage\":\"de\",\"@id\":\"https:\/\/ekkla.ch\/#\/schema\/logo\/image\/\",\"url\":\"http:\/\/ekkla.ch\/wp-content\/uploads\/2019\/07\/logo-1.svg\",\"contentUrl\":\"http:\/\/ekkla.ch\/wp-content\/uploads\/2019\/07\/logo-1.svg\",\"width\":1,\"height\":1,\"caption\":\"Ekkla\"},\"image\":{\"@id\":\"https:\/\/ekkla.ch\/#\/schema\/logo\/image\/\"},\"sameAs\":[\"https:\/\/www.instagram.com\/ekkla_light\/\"]}]}<\/script>\n<!-- \/ Yoast SEO Premium plugin. -->","yoast_head_json":{"title":"Faro Barcelona | Tafelwandleuchte S | Designerleuchte | Ekkla","description":"Diese Leuchte gibt ein sehr dekoratives indirektes Licht ab, kann aber auch als Schiefertafel verwendet werden. Integrierte LED.","robots":{"index":"index","follow":"follow","max-snippet":"max-snippet:-1","max-image-preview":"max-image-preview:large","max-video-preview":"max-video-preview:-1"},"canonical":"https:\/\/ekkla.ch\/de\/produit\/tafel-wandleuchte-s-faro-barcelona\/","og_locale":"de_DE","og_type":"article","og_title":"Tafelwandleuchte S - Faro Barcelona","og_description":"Diese Leuchte gibt ein sehr dekoratives indirektes Licht ab, kann aber auch als Schiefertafel verwendet werden. Integrierte LED.","og_url":"https:\/\/ekkla.ch\/de\/produit\/tafel-wandleuchte-s-faro-barcelona\/","og_site_name":"Ekkla","article_modified_time":"2022-11-30T13:45:12+00:00","og_image":[{"width":591,"height":591,"url":"https:\/\/ekkla.ch\/wp-content\/uploads\/2020\/10\/applique_tableau_noir_s.png","type":"image\/png"}],"twitter_card":"summary_large_image","twitter_misc":{"Gesch\u00e4tzte Lesezeit":"1\u00a0Minute"},"schema":{"@context":"https:\/\/schema.org","@graph":[{"@type":"WebPage","@id":"https:\/\/ekkla.ch\/de\/produit\/tafel-wandleuchte-s-faro-barcelona\/","url":"https:\/\/ekkla.ch\/de\/produit\/tafel-wandleuchte-s-faro-barcelona\/","name":"Faro Barcelona | Tafelwandleuchte S | Designerleuchte | Ekkla","isPartOf":{"@id":"https:\/\/ekkla.ch\/#website"},"primaryImageOfPage":{"@id":"https:\/\/ekkla.ch\/de\/produit\/tafel-wandleuchte-s-faro-barcelona\/#primaryimage"},"image":{"@id":"https:\/\/ekkla.ch\/de\/produit\/tafel-wandleuchte-s-faro-barcelona\/#primaryimage"},"thumbnailUrl":"https:\/\/ekkla.ch\/wp-content\/uploads\/2020\/10\/applique_tableau_noir_s.png","datePublished":"2020-10-21T12:22:39+00:00","dateModified":"2022-11-30T13:45:12+00:00","description":"Diese Leuchte gibt ein sehr dekoratives indirektes Licht ab, kann aber auch als Schiefertafel verwendet werden. Integrierte LED.","breadcrumb":{"@id":"https:\/\/ekkla.ch\/de\/produit\/tafel-wandleuchte-s-faro-barcelona\/#breadcrumb"},"inLanguage":"de","potentialAction":[{"@type":"ReadAction","target":["https:\/\/ekkla.ch\/de\/produit\/tafel-wandleuchte-s-faro-barcelona\/"]}]},{"@type":"ImageObject","inLanguage":"de","@id":"https:\/\/ekkla.ch\/de\/produit\/tafel-wandleuchte-s-faro-barcelona\/#primaryimage","url":"https:\/\/ekkla.ch\/wp-content\/uploads\/2020\/10\/applique_tableau_noir_s.png","contentUrl":"https:\/\/ekkla.ch\/wp-content\/uploads\/2020\/10\/applique_tableau_noir_s.png","width":591,"height":591},{"@type":"BreadcrumbList","@id":"https:\/\/ekkla.ch\/de\/produit\/tafel-wandleuchte-s-faro-barcelona\/#breadcrumb","itemListElement":[{"@type":"ListItem","position":1,"name":"Home","item":"https:\/\/ekkla.ch\/de\/"},{"@type":"ListItem","position":2,"name":"Shop","item":"https:\/\/ekkla.ch\/de\/shop\/"},{"@type":"ListItem","position":3,"name":"Tafelwandleuchte S &#8211; Faro Barcelona"}]},{"@type":"WebSite","@id":"https:\/\/ekkla.ch\/#website","url":"https:\/\/ekkla.ch\/","name":"Ekkla","description":"Der Onlineshop f\u00fcr Beleuchtung","publisher":{"@id":"https:\/\/ekkla.ch\/#organization"},"potentialAction":[{"@type":"SearchAction","target":{"@type":"EntryPoint","urlTemplate":"https:\/\/ekkla.ch\/?s={search_term_string}"},"query-input":"required name=search_term_string"}],"inLanguage":"de"},{"@type":"Organization","@id":"https:\/\/ekkla.ch\/#organization","name":"Ekkla","url":"https:\/\/ekkla.ch\/","logo":{"@type":"ImageObject","inLanguage":"de","@id":"https:\/\/ekkla.ch\/#\/schema\/logo\/image\/","url":"http:\/\/ekkla.ch\/wp-content\/uploads\/2019\/07\/logo-1.svg","contentUrl":"http:\/\/ekkla.ch\/wp-content\/uploads\/2019\/07\/logo-1.svg","width":1,"height":1,"caption":"Ekkla"},"image":{"@id":"https:\/\/ekkla.ch\/#\/schema\/logo\/image\/"},"sameAs":["https:\/\/www.instagram.com\/ekkla_light\/"]}]}},"_links":{"self":[{"href":"https:\/\/ekkla.ch\/de\/wp-json\/wp\/v2\/product\/50949"}],"collection":[{"href":"https:\/\/ekkla.ch\/de\/wp-json\/wp\/v2\/product"}],"about":[{"href":"https:\/\/ekkla.ch\/de\/wp-json\/wp\/v2\/types\/product"}],"wp:featuredmedia":[{"embeddable":true,"href":"https:\/\/ekkla.ch\/de\/wp-json\/wp\/v2\/media\/37683"}],"wp:attachment":[{"href":"https:\/\/ekkla.ch\/de\/wp-json\/wp\/v2\/media?parent=50949"}],"wp:term":[{"taxonomy":"product_cat","embeddable":true,"href":"https:\/\/ekkla.ch\/de\/wp-json\/wp\/v2\/product_cat?post=50949"},{"taxonomy":"product_tag","embeddable":true,"href":"https:\/\/ekkla.ch\/de\/wp-json\/wp\/v2\/product_tag?post=50949"}],"curies":[{"name":"wp","href":"https:\/\/api.w.org\/{rel}","templated":true}]}}