{"id":50956,"date":"2020-10-26T14:26:02","date_gmt":"2020-10-26T13:26:02","guid":{"rendered":"https:\/\/ekkla.ch\/produit\/tischleuchte-jellyfish-schwarz-faro-barcelona\/"},"modified":"2022-12-27T22:34:14","modified_gmt":"2022-12-27T21:34:14","slug":"tischleuchte-jellyfish-schwarz-faro-barcelona","status":"publish","type":"product","link":"https:\/\/ekkla.ch\/de\/produit\/tischleuchte-jellyfish-schwarz-faro-barcelona\/","title":{"rendered":"Tischleuchte Jellyfish schwarz &#8211; Faro Barcelona"},"content":{"rendered":"<p>Die Kollektion Jellyfish wurde vom Designer Nahtrang entworfen. Mit einem schwarzen Schirm, goldenen Innenraum, hat diese Tischleuchte eine attraktive und ausgeglichene Struktur. Diese Leuchte kann in vielen R\u00e4umen installiert werden und bringt einen modernen Touch. Mit ihrem schlichten und sauberen Design passt sie in jede Umgebung und damit in Ihre Dekoration.<\/p>\n<h2>\u00a0 \u00a0 Merkmale &amp; Eigenschaften<\/h2>\n<p><strong>\u00a0 \u00a0 \u00a0 Marke\u00a0<\/strong>Faro Barcelona<\/p>\n<p><strong>\u00a0 \u00a0 \u00a0 Farbe <\/strong>Schwarz<\/p>\n<p><strong>\u00a0 \u00a0 \u00a0 Material<\/strong>\u00a0Metall<\/p>\n<p><b>\u00a0 \u00a0 \u00a0 Stromversorgung\u00a0<\/b>Integrierte LED<\/p>\n<p><strong>\u00a0 \u00a0 \u00a0 Farbtemperatur (Kelvin) <\/strong>3000<\/p>\n<p><strong>\u00a0 \u00a0 \u00a0 Durchmesser des Lampenschirms (cm) <\/strong>25<\/p>\n<p><strong>\u00a0 \u00a0 \u00a0 H\u00f6he (cm)<\/strong>\u00a042<\/p>\n<p><strong>\u00a0 \u00a0 \u00a0 Gewicht (kg)<\/strong>\u00a03.5<\/p>\n","protected":false},"excerpt":{"rendered":"<p>Die Kollektion Jellyfish wurde vom Designer Nahtrang entworfen. Mit einem schwarzen Schirm, goldenen Innenraum, hat diese Tischleuchte eine attraktive und ausgeglichene Struktur. Diese Leuchte kann in vielen R\u00e4umen installiert werden und bringt einen modernen Touch. Mit ihrem schlichten und sauberen Design passt sie in jede Umgebung und damit in Ihre Dekoration. \u00a0 \u00a0 Merkmale &amp; [&hellip;]<\/p>\n","protected":false},"featured_media":38784,"template":"","meta":{"_acf_changed":false,"om_disable_all_campaigns":false},"product_cat":[290],"product_tag":[1258,896,554,1188,840,816],"bundled_by":[],"bundle_stock_status":"onbackorder","bundle_stock_quantity":null,"bundle_virtual":false,"bundle_layout":"","bundle_add_to_cart_form_location":"","bundle_editable_in_cart":false,"bundle_sold_individually_context":"","bundle_item_grouping":"","bundle_min_size":"","bundle_max_size":"","bundle_price":[],"bundled_items":[],"bundle_sell_ids":[],"acf":[],"yoast_head":"<!-- This site is optimized with the Yoast SEO Premium plugin v22.2 (Yoast SEO v22.8) - https:\/\/yoast.com\/wordpress\/plugins\/seo\/ -->\n<title>Faro Barcelona | Tischleuchte Jellyfish | Integrierte LED | Ekkla<\/title>\n<meta name=\"description\" content=\"Eine Tischleuchte mit modernem, klarem Design und einem schwarz-goldenen Schirm. Verbreitet ein weiches und warmes Licht, ideal f\u00fcr die Schaffung einer gem\u00fctlichen Atmosph\u00e4re.\" \/>\n<meta name=\"robots\" content=\"index, follow, max-snippet:-1, max-image-preview:large, max-video-preview:-1\" \/>\n<link rel=\"canonical\" href=\"https:\/\/ekkla.ch\/de\/produit\/tischleuchte-jellyfish-schwarz-faro-barcelona\/\" \/>\n<meta property=\"og:locale\" content=\"de_DE\" \/>\n<meta property=\"og:type\" content=\"article\" \/>\n<meta property=\"og:title\" content=\"Tischleuchte Jellyfish schwarz - Faro Barcelona\" \/>\n<meta property=\"og:description\" content=\"Eine Tischleuchte mit modernem, klarem Design und einem schwarz-goldenen Schirm. Verbreitet ein weiches und warmes Licht, ideal f\u00fcr die Schaffung einer gem\u00fctlichen Atmosph\u00e4re.\" \/>\n<meta property=\"og:url\" content=\"https:\/\/ekkla.ch\/de\/produit\/tischleuchte-jellyfish-schwarz-faro-barcelona\/\" \/>\n<meta property=\"og:site_name\" content=\"Ekkla\" \/>\n<meta property=\"article:modified_time\" content=\"2022-12-27T21:34:14+00:00\" \/>\n<meta property=\"og:image\" content=\"https:\/\/ekkla.ch\/wp-content\/uploads\/2020\/10\/lampe_de_table_jellyfish_farobarcelona_5.png\" \/>\n\t<meta property=\"og:image:width\" content=\"591\" \/>\n\t<meta property=\"og:image:height\" content=\"591\" \/>\n\t<meta property=\"og:image:type\" content=\"image\/png\" \/>\n<meta name=\"twitter:card\" content=\"summary_large_image\" \/>\n<meta name=\"twitter:label1\" content=\"Gesch\u00e4tzte Lesezeit\" \/>\n\t<meta name=\"twitter:data1\" content=\"1\u00a0Minute\" \/>\n<script type=\"application\/ld+json\" class=\"yoast-schema-graph\">{\"@context\":\"https:\/\/schema.org\",\"@graph\":[{\"@type\":\"WebPage\",\"@id\":\"https:\/\/ekkla.ch\/de\/produit\/tischleuchte-jellyfish-schwarz-faro-barcelona\/\",\"url\":\"https:\/\/ekkla.ch\/de\/produit\/tischleuchte-jellyfish-schwarz-faro-barcelona\/\",\"name\":\"Faro Barcelona | Tischleuchte Jellyfish | Integrierte LED | Ekkla\",\"isPartOf\":{\"@id\":\"https:\/\/ekkla.ch\/#website\"},\"primaryImageOfPage\":{\"@id\":\"https:\/\/ekkla.ch\/de\/produit\/tischleuchte-jellyfish-schwarz-faro-barcelona\/#primaryimage\"},\"image\":{\"@id\":\"https:\/\/ekkla.ch\/de\/produit\/tischleuchte-jellyfish-schwarz-faro-barcelona\/#primaryimage\"},\"thumbnailUrl\":\"https:\/\/ekkla.ch\/wp-content\/uploads\/2020\/10\/lampe_de_table_jellyfish_farobarcelona_5.png\",\"datePublished\":\"2020-10-26T13:26:02+00:00\",\"dateModified\":\"2022-12-27T21:34:14+00:00\",\"description\":\"Eine Tischleuchte mit modernem, klarem Design und einem schwarz-goldenen Schirm. Verbreitet ein weiches und warmes Licht, ideal f\u00fcr die Schaffung einer gem\u00fctlichen Atmosph\u00e4re.\",\"breadcrumb\":{\"@id\":\"https:\/\/ekkla.ch\/de\/produit\/tischleuchte-jellyfish-schwarz-faro-barcelona\/#breadcrumb\"},\"inLanguage\":\"de\",\"potentialAction\":[{\"@type\":\"ReadAction\",\"target\":[\"https:\/\/ekkla.ch\/de\/produit\/tischleuchte-jellyfish-schwarz-faro-barcelona\/\"]}]},{\"@type\":\"ImageObject\",\"inLanguage\":\"de\",\"@id\":\"https:\/\/ekkla.ch\/de\/produit\/tischleuchte-jellyfish-schwarz-faro-barcelona\/#primaryimage\",\"url\":\"https:\/\/ekkla.ch\/wp-content\/uploads\/2020\/10\/lampe_de_table_jellyfish_farobarcelona_5.png\",\"contentUrl\":\"https:\/\/ekkla.ch\/wp-content\/uploads\/2020\/10\/lampe_de_table_jellyfish_farobarcelona_5.png\",\"width\":591,\"height\":591},{\"@type\":\"BreadcrumbList\",\"@id\":\"https:\/\/ekkla.ch\/de\/produit\/tischleuchte-jellyfish-schwarz-faro-barcelona\/#breadcrumb\",\"itemListElement\":[{\"@type\":\"ListItem\",\"position\":1,\"name\":\"Home\",\"item\":\"https:\/\/ekkla.ch\/de\/\"},{\"@type\":\"ListItem\",\"position\":2,\"name\":\"Shop\",\"item\":\"https:\/\/ekkla.ch\/de\/shop\/\"},{\"@type\":\"ListItem\",\"position\":3,\"name\":\"Tischleuchte Jellyfish schwarz &#8211; Faro Barcelona\"}]},{\"@type\":\"WebSite\",\"@id\":\"https:\/\/ekkla.ch\/#website\",\"url\":\"https:\/\/ekkla.ch\/\",\"name\":\"Ekkla\",\"description\":\"Der Onlineshop f\u00fcr Beleuchtung\",\"publisher\":{\"@id\":\"https:\/\/ekkla.ch\/#organization\"},\"potentialAction\":[{\"@type\":\"SearchAction\",\"target\":{\"@type\":\"EntryPoint\",\"urlTemplate\":\"https:\/\/ekkla.ch\/?s={search_term_string}\"},\"query-input\":\"required name=search_term_string\"}],\"inLanguage\":\"de\"},{\"@type\":\"Organization\",\"@id\":\"https:\/\/ekkla.ch\/#organization\",\"name\":\"Ekkla\",\"url\":\"https:\/\/ekkla.ch\/\",\"logo\":{\"@type\":\"ImageObject\",\"inLanguage\":\"de\",\"@id\":\"https:\/\/ekkla.ch\/#\/schema\/logo\/image\/\",\"url\":\"http:\/\/ekkla.ch\/wp-content\/uploads\/2019\/07\/logo-1.svg\",\"contentUrl\":\"http:\/\/ekkla.ch\/wp-content\/uploads\/2019\/07\/logo-1.svg\",\"width\":1,\"height\":1,\"caption\":\"Ekkla\"},\"image\":{\"@id\":\"https:\/\/ekkla.ch\/#\/schema\/logo\/image\/\"},\"sameAs\":[\"https:\/\/www.instagram.com\/ekkla_light\/\"]}]}<\/script>\n<!-- \/ Yoast SEO Premium plugin. -->","yoast_head_json":{"title":"Faro Barcelona | Tischleuchte Jellyfish | Integrierte LED | Ekkla","description":"Eine Tischleuchte mit modernem, klarem Design und einem schwarz-goldenen Schirm. Verbreitet ein weiches und warmes Licht, ideal f\u00fcr die Schaffung einer gem\u00fctlichen Atmosph\u00e4re.","robots":{"index":"index","follow":"follow","max-snippet":"max-snippet:-1","max-image-preview":"max-image-preview:large","max-video-preview":"max-video-preview:-1"},"canonical":"https:\/\/ekkla.ch\/de\/produit\/tischleuchte-jellyfish-schwarz-faro-barcelona\/","og_locale":"de_DE","og_type":"article","og_title":"Tischleuchte Jellyfish schwarz - Faro Barcelona","og_description":"Eine Tischleuchte mit modernem, klarem Design und einem schwarz-goldenen Schirm. Verbreitet ein weiches und warmes Licht, ideal f\u00fcr die Schaffung einer gem\u00fctlichen Atmosph\u00e4re.","og_url":"https:\/\/ekkla.ch\/de\/produit\/tischleuchte-jellyfish-schwarz-faro-barcelona\/","og_site_name":"Ekkla","article_modified_time":"2022-12-27T21:34:14+00:00","og_image":[{"width":591,"height":591,"url":"https:\/\/ekkla.ch\/wp-content\/uploads\/2020\/10\/lampe_de_table_jellyfish_farobarcelona_5.png","type":"image\/png"}],"twitter_card":"summary_large_image","twitter_misc":{"Gesch\u00e4tzte Lesezeit":"1\u00a0Minute"},"schema":{"@context":"https:\/\/schema.org","@graph":[{"@type":"WebPage","@id":"https:\/\/ekkla.ch\/de\/produit\/tischleuchte-jellyfish-schwarz-faro-barcelona\/","url":"https:\/\/ekkla.ch\/de\/produit\/tischleuchte-jellyfish-schwarz-faro-barcelona\/","name":"Faro Barcelona | Tischleuchte Jellyfish | Integrierte LED | Ekkla","isPartOf":{"@id":"https:\/\/ekkla.ch\/#website"},"primaryImageOfPage":{"@id":"https:\/\/ekkla.ch\/de\/produit\/tischleuchte-jellyfish-schwarz-faro-barcelona\/#primaryimage"},"image":{"@id":"https:\/\/ekkla.ch\/de\/produit\/tischleuchte-jellyfish-schwarz-faro-barcelona\/#primaryimage"},"thumbnailUrl":"https:\/\/ekkla.ch\/wp-content\/uploads\/2020\/10\/lampe_de_table_jellyfish_farobarcelona_5.png","datePublished":"2020-10-26T13:26:02+00:00","dateModified":"2022-12-27T21:34:14+00:00","description":"Eine Tischleuchte mit modernem, klarem Design und einem schwarz-goldenen Schirm. Verbreitet ein weiches und warmes Licht, ideal f\u00fcr die Schaffung einer gem\u00fctlichen Atmosph\u00e4re.","breadcrumb":{"@id":"https:\/\/ekkla.ch\/de\/produit\/tischleuchte-jellyfish-schwarz-faro-barcelona\/#breadcrumb"},"inLanguage":"de","potentialAction":[{"@type":"ReadAction","target":["https:\/\/ekkla.ch\/de\/produit\/tischleuchte-jellyfish-schwarz-faro-barcelona\/"]}]},{"@type":"ImageObject","inLanguage":"de","@id":"https:\/\/ekkla.ch\/de\/produit\/tischleuchte-jellyfish-schwarz-faro-barcelona\/#primaryimage","url":"https:\/\/ekkla.ch\/wp-content\/uploads\/2020\/10\/lampe_de_table_jellyfish_farobarcelona_5.png","contentUrl":"https:\/\/ekkla.ch\/wp-content\/uploads\/2020\/10\/lampe_de_table_jellyfish_farobarcelona_5.png","width":591,"height":591},{"@type":"BreadcrumbList","@id":"https:\/\/ekkla.ch\/de\/produit\/tischleuchte-jellyfish-schwarz-faro-barcelona\/#breadcrumb","itemListElement":[{"@type":"ListItem","position":1,"name":"Home","item":"https:\/\/ekkla.ch\/de\/"},{"@type":"ListItem","position":2,"name":"Shop","item":"https:\/\/ekkla.ch\/de\/shop\/"},{"@type":"ListItem","position":3,"name":"Tischleuchte Jellyfish schwarz &#8211; Faro Barcelona"}]},{"@type":"WebSite","@id":"https:\/\/ekkla.ch\/#website","url":"https:\/\/ekkla.ch\/","name":"Ekkla","description":"Der Onlineshop f\u00fcr Beleuchtung","publisher":{"@id":"https:\/\/ekkla.ch\/#organization"},"potentialAction":[{"@type":"SearchAction","target":{"@type":"EntryPoint","urlTemplate":"https:\/\/ekkla.ch\/?s={search_term_string}"},"query-input":"required name=search_term_string"}],"inLanguage":"de"},{"@type":"Organization","@id":"https:\/\/ekkla.ch\/#organization","name":"Ekkla","url":"https:\/\/ekkla.ch\/","logo":{"@type":"ImageObject","inLanguage":"de","@id":"https:\/\/ekkla.ch\/#\/schema\/logo\/image\/","url":"http:\/\/ekkla.ch\/wp-content\/uploads\/2019\/07\/logo-1.svg","contentUrl":"http:\/\/ekkla.ch\/wp-content\/uploads\/2019\/07\/logo-1.svg","width":1,"height":1,"caption":"Ekkla"},"image":{"@id":"https:\/\/ekkla.ch\/#\/schema\/logo\/image\/"},"sameAs":["https:\/\/www.instagram.com\/ekkla_light\/"]}]}},"_links":{"self":[{"href":"https:\/\/ekkla.ch\/de\/wp-json\/wp\/v2\/product\/50956"}],"collection":[{"href":"https:\/\/ekkla.ch\/de\/wp-json\/wp\/v2\/product"}],"about":[{"href":"https:\/\/ekkla.ch\/de\/wp-json\/wp\/v2\/types\/product"}],"wp:featuredmedia":[{"embeddable":true,"href":"https:\/\/ekkla.ch\/de\/wp-json\/wp\/v2\/media\/38784"}],"wp:attachment":[{"href":"https:\/\/ekkla.ch\/de\/wp-json\/wp\/v2\/media?parent=50956"}],"wp:term":[{"taxonomy":"product_cat","embeddable":true,"href":"https:\/\/ekkla.ch\/de\/wp-json\/wp\/v2\/product_cat?post=50956"},{"taxonomy":"product_tag","embeddable":true,"href":"https:\/\/ekkla.ch\/de\/wp-json\/wp\/v2\/product_tag?post=50956"}],"curies":[{"name":"wp","href":"https:\/\/api.w.org\/{rel}","templated":true}]}}