{"id":53031,"date":"2021-03-18T14:04:24","date_gmt":"2021-03-18T13:04:24","guid":{"rendered":"https:\/\/ekkla.ch\/produit\/tragbare-leuchte-carrie-olivgrun-menu\/"},"modified":"2023-07-11T12:13:28","modified_gmt":"2023-07-11T10:13:28","slug":"tragbare-leuchte-carrie-olivgrun-audo","status":"publish","type":"product","link":"https:\/\/ekkla.ch\/de\/produit\/tragbare-leuchte-carrie-olivgrun-audo\/","title":{"rendered":"Tragbare Outdoor Leuchte Carrie &#8211; Olivgr\u00fcn &#8211; IP44 &#8211; Audo"},"content":{"rendered":"<p>Die kabellose Carrie LED-Leuchte wird Sie \u00fcberall hin begleiten! Im Wohnzimmer, auf dem Nachttisch oder sogar im Park beim Sommerpicknick: Sie k\u00f6nnen sie \u00fcberall hin mitnehmen. Mit einem stilvollen und funktionalen Griff gibt sie ein warmes Licht ab und bietet drei verschiedene Beleuchtungsstufen, um die von Ihnen gew\u00fcnschte Atmosph\u00e4re zu schaffen. Sie kann mit einem USB-Ladeger\u00e4t aufgeladen werden und hat eine Akkulaufzeit von bis zu 10 Stunden. Bitte beachten Sie: um den Akku zu schonen, stecken Sie die Leuchte nur w\u00e4hrend des Ladevorgangs ein, nicht w\u00e4hrend die Lampe eingeschaltet ist.<\/p>\n<h2>\u00a0 \u00a0 \u00a0 Merkmale &amp; Eigenschaften<\/h2>\n<p><strong>\u00a0 \u00a0 \u00a0 \u00a0 \u00a0Marke <\/strong>Audo<\/p>\n<p><strong>\u00a0 \u00a0 \u00a0 \u00a0 \u00a0Farbe <\/strong>Olivgr\u00fcn<\/p>\n<p><strong>\u00a0 \u00a0 \u00a0 \u00a0 \u00a0Materialien<\/strong>\u00a0Opalglas und Messing<\/p>\n<p><strong>\u00a0 \u00a0 \u00a0 \u00a0 \u00a0Gl\u00fchbirne<\/strong>\u00a0Integrierte LED<\/p>\n<p><b><strong>\u00a0 \u00a0 \u00a0 \u00a0 \u00a0Aufladung <\/strong><\/b>USB-Kabel (inbegriffen)<\/p>\n<p><strong>\u00a0 \u00a0 \u00a0 \u00a0 \u00a0Breite (cm)<\/strong>\u00a013,5<\/p>\n<p><strong>\u00a0 \u00a0 \u00a0 \u00a0 \u00a0H\u00f6he (cm)<\/strong>\u00a024<\/p>\n<p><strong>\u00a0 \u00a0 \u00a0 \u00a0 \u00a0Schutz (IP) <\/strong>44<\/p>\n","protected":false},"excerpt":{"rendered":"<p>Die kabellose Carrie LED-Leuchte wird Sie \u00fcberall hin begleiten! Im Wohnzimmer, auf dem Nachttisch oder sogar im Park beim Sommerpicknick: Sie k\u00f6nnen sie \u00fcberall hin mitnehmen. Mit einem stilvollen und funktionalen Griff gibt sie ein warmes Licht ab und bietet drei verschiedene Beleuchtungsstufen, um die von Ihnen gew\u00fcnschte Atmosph\u00e4re zu schaffen. Sie kann mit einem [&hellip;]<\/p>\n","protected":false},"featured_media":52854,"template":"","meta":{"_acf_changed":false,"om_disable_all_campaigns":false},"product_cat":[290],"product_tag":[1254,760,892,554,1188,1265,816,653],"bundled_by":[],"bundle_stock_status":"onbackorder","bundle_stock_quantity":null,"bundle_virtual":false,"bundle_layout":"","bundle_add_to_cart_form_location":"","bundle_editable_in_cart":false,"bundle_sold_individually_context":"","bundle_item_grouping":"","bundle_min_size":"","bundle_max_size":"","bundle_price":[],"bundled_items":[],"bundle_sell_ids":[],"acf":[],"yoast_head":"<!-- This site is optimized with the Yoast SEO Premium plugin v22.2 (Yoast SEO v22.8) - https:\/\/yoast.com\/wordpress\/plugins\/seo\/ -->\n<title>Tragbare Leuchte Carrie Olivgr\u00fcn | Design Leuchte | Audo | Ekkla<\/title>\n<meta name=\"description\" content=\"Sie k\u00f6nnen diese kabellose Lampe \u00fcberallhin mitnehmen! Sie bietet drei verschiedene Lichtstufen und hat eine Akkulaufzeit von bis zu 10 Stunden.\" \/>\n<meta name=\"robots\" content=\"index, follow, max-snippet:-1, max-image-preview:large, max-video-preview:-1\" \/>\n<link rel=\"canonical\" href=\"https:\/\/ekkla.ch\/de\/produit\/tragbare-leuchte-carrie-olivgrun-audo\/\" \/>\n<meta property=\"og:locale\" content=\"de_DE\" \/>\n<meta property=\"og:type\" content=\"article\" \/>\n<meta property=\"og:title\" content=\"Tragbare Outdoor Leuchte Carrie - Olivgr\u00fcn - IP44 - Audo\" \/>\n<meta property=\"og:description\" content=\"Sie k\u00f6nnen diese kabellose Lampe \u00fcberallhin mitnehmen! Sie bietet drei verschiedene Lichtstufen und hat eine Akkulaufzeit von bis zu 10 Stunden.\" \/>\n<meta property=\"og:url\" content=\"https:\/\/ekkla.ch\/de\/produit\/tragbare-leuchte-carrie-olivgrun-audo\/\" \/>\n<meta property=\"og:site_name\" content=\"Ekkla\" \/>\n<meta property=\"article:modified_time\" content=\"2023-07-11T10:13:28+00:00\" \/>\n<meta property=\"og:image\" content=\"https:\/\/ekkla.ch\/wp-content\/uploads\/2021\/03\/LampeTable_Carrie_Olive_ImageProduit.jpg\" \/>\n\t<meta property=\"og:image:width\" content=\"900\" \/>\n\t<meta property=\"og:image:height\" content=\"900\" \/>\n\t<meta property=\"og:image:type\" content=\"image\/jpeg\" \/>\n<meta name=\"twitter:card\" content=\"summary_large_image\" \/>\n<meta name=\"twitter:label1\" content=\"Gesch\u00e4tzte Lesezeit\" \/>\n\t<meta name=\"twitter:data1\" content=\"1\u00a0Minute\" \/>\n<script type=\"application\/ld+json\" class=\"yoast-schema-graph\">{\"@context\":\"https:\/\/schema.org\",\"@graph\":[{\"@type\":\"WebPage\",\"@id\":\"https:\/\/ekkla.ch\/de\/produit\/tragbare-leuchte-carrie-olivgrun-audo\/\",\"url\":\"https:\/\/ekkla.ch\/de\/produit\/tragbare-leuchte-carrie-olivgrun-audo\/\",\"name\":\"Tragbare Leuchte Carrie Olivgr\u00fcn | Design Leuchte | Audo | Ekkla\",\"isPartOf\":{\"@id\":\"https:\/\/ekkla.ch\/#website\"},\"primaryImageOfPage\":{\"@id\":\"https:\/\/ekkla.ch\/de\/produit\/tragbare-leuchte-carrie-olivgrun-audo\/#primaryimage\"},\"image\":{\"@id\":\"https:\/\/ekkla.ch\/de\/produit\/tragbare-leuchte-carrie-olivgrun-audo\/#primaryimage\"},\"thumbnailUrl\":\"https:\/\/ekkla.ch\/wp-content\/uploads\/2021\/03\/LampeTable_Carrie_Olive_ImageProduit.jpg\",\"datePublished\":\"2021-03-18T13:04:24+00:00\",\"dateModified\":\"2023-07-11T10:13:28+00:00\",\"description\":\"Sie k\u00f6nnen diese kabellose Lampe \u00fcberallhin mitnehmen! Sie bietet drei verschiedene Lichtstufen und hat eine Akkulaufzeit von bis zu 10 Stunden.\",\"breadcrumb\":{\"@id\":\"https:\/\/ekkla.ch\/de\/produit\/tragbare-leuchte-carrie-olivgrun-audo\/#breadcrumb\"},\"inLanguage\":\"de\",\"potentialAction\":[{\"@type\":\"ReadAction\",\"target\":[\"https:\/\/ekkla.ch\/de\/produit\/tragbare-leuchte-carrie-olivgrun-audo\/\"]}]},{\"@type\":\"ImageObject\",\"inLanguage\":\"de\",\"@id\":\"https:\/\/ekkla.ch\/de\/produit\/tragbare-leuchte-carrie-olivgrun-audo\/#primaryimage\",\"url\":\"https:\/\/ekkla.ch\/wp-content\/uploads\/2021\/03\/LampeTable_Carrie_Olive_ImageProduit.jpg\",\"contentUrl\":\"https:\/\/ekkla.ch\/wp-content\/uploads\/2021\/03\/LampeTable_Carrie_Olive_ImageProduit.jpg\",\"width\":900,\"height\":900},{\"@type\":\"BreadcrumbList\",\"@id\":\"https:\/\/ekkla.ch\/de\/produit\/tragbare-leuchte-carrie-olivgrun-audo\/#breadcrumb\",\"itemListElement\":[{\"@type\":\"ListItem\",\"position\":1,\"name\":\"Home\",\"item\":\"https:\/\/ekkla.ch\/de\/\"},{\"@type\":\"ListItem\",\"position\":2,\"name\":\"Shop\",\"item\":\"https:\/\/ekkla.ch\/de\/shop\/\"},{\"@type\":\"ListItem\",\"position\":3,\"name\":\"Tragbare Outdoor Leuchte Carrie &#8211; Olivgr\u00fcn &#8211; IP44 &#8211; Audo\"}]},{\"@type\":\"WebSite\",\"@id\":\"https:\/\/ekkla.ch\/#website\",\"url\":\"https:\/\/ekkla.ch\/\",\"name\":\"Ekkla\",\"description\":\"Der Onlineshop f\u00fcr Beleuchtung\",\"publisher\":{\"@id\":\"https:\/\/ekkla.ch\/#organization\"},\"potentialAction\":[{\"@type\":\"SearchAction\",\"target\":{\"@type\":\"EntryPoint\",\"urlTemplate\":\"https:\/\/ekkla.ch\/?s={search_term_string}\"},\"query-input\":\"required name=search_term_string\"}],\"inLanguage\":\"de\"},{\"@type\":\"Organization\",\"@id\":\"https:\/\/ekkla.ch\/#organization\",\"name\":\"Ekkla\",\"url\":\"https:\/\/ekkla.ch\/\",\"logo\":{\"@type\":\"ImageObject\",\"inLanguage\":\"de\",\"@id\":\"https:\/\/ekkla.ch\/#\/schema\/logo\/image\/\",\"url\":\"http:\/\/ekkla.ch\/wp-content\/uploads\/2019\/07\/logo-1.svg\",\"contentUrl\":\"http:\/\/ekkla.ch\/wp-content\/uploads\/2019\/07\/logo-1.svg\",\"width\":1,\"height\":1,\"caption\":\"Ekkla\"},\"image\":{\"@id\":\"https:\/\/ekkla.ch\/#\/schema\/logo\/image\/\"},\"sameAs\":[\"https:\/\/www.instagram.com\/ekkla_light\/\"]}]}<\/script>\n<!-- \/ Yoast SEO Premium plugin. -->","yoast_head_json":{"title":"Tragbare Leuchte Carrie Olivgr\u00fcn | Design Leuchte | Audo | Ekkla","description":"Sie k\u00f6nnen diese kabellose Lampe \u00fcberallhin mitnehmen! Sie bietet drei verschiedene Lichtstufen und hat eine Akkulaufzeit von bis zu 10 Stunden.","robots":{"index":"index","follow":"follow","max-snippet":"max-snippet:-1","max-image-preview":"max-image-preview:large","max-video-preview":"max-video-preview:-1"},"canonical":"https:\/\/ekkla.ch\/de\/produit\/tragbare-leuchte-carrie-olivgrun-audo\/","og_locale":"de_DE","og_type":"article","og_title":"Tragbare Outdoor Leuchte Carrie - Olivgr\u00fcn - IP44 - Audo","og_description":"Sie k\u00f6nnen diese kabellose Lampe \u00fcberallhin mitnehmen! Sie bietet drei verschiedene Lichtstufen und hat eine Akkulaufzeit von bis zu 10 Stunden.","og_url":"https:\/\/ekkla.ch\/de\/produit\/tragbare-leuchte-carrie-olivgrun-audo\/","og_site_name":"Ekkla","article_modified_time":"2023-07-11T10:13:28+00:00","og_image":[{"width":900,"height":900,"url":"https:\/\/ekkla.ch\/wp-content\/uploads\/2021\/03\/LampeTable_Carrie_Olive_ImageProduit.jpg","type":"image\/jpeg"}],"twitter_card":"summary_large_image","twitter_misc":{"Gesch\u00e4tzte Lesezeit":"1\u00a0Minute"},"schema":{"@context":"https:\/\/schema.org","@graph":[{"@type":"WebPage","@id":"https:\/\/ekkla.ch\/de\/produit\/tragbare-leuchte-carrie-olivgrun-audo\/","url":"https:\/\/ekkla.ch\/de\/produit\/tragbare-leuchte-carrie-olivgrun-audo\/","name":"Tragbare Leuchte Carrie Olivgr\u00fcn | Design Leuchte | Audo | Ekkla","isPartOf":{"@id":"https:\/\/ekkla.ch\/#website"},"primaryImageOfPage":{"@id":"https:\/\/ekkla.ch\/de\/produit\/tragbare-leuchte-carrie-olivgrun-audo\/#primaryimage"},"image":{"@id":"https:\/\/ekkla.ch\/de\/produit\/tragbare-leuchte-carrie-olivgrun-audo\/#primaryimage"},"thumbnailUrl":"https:\/\/ekkla.ch\/wp-content\/uploads\/2021\/03\/LampeTable_Carrie_Olive_ImageProduit.jpg","datePublished":"2021-03-18T13:04:24+00:00","dateModified":"2023-07-11T10:13:28+00:00","description":"Sie k\u00f6nnen diese kabellose Lampe \u00fcberallhin mitnehmen! Sie bietet drei verschiedene Lichtstufen und hat eine Akkulaufzeit von bis zu 10 Stunden.","breadcrumb":{"@id":"https:\/\/ekkla.ch\/de\/produit\/tragbare-leuchte-carrie-olivgrun-audo\/#breadcrumb"},"inLanguage":"de","potentialAction":[{"@type":"ReadAction","target":["https:\/\/ekkla.ch\/de\/produit\/tragbare-leuchte-carrie-olivgrun-audo\/"]}]},{"@type":"ImageObject","inLanguage":"de","@id":"https:\/\/ekkla.ch\/de\/produit\/tragbare-leuchte-carrie-olivgrun-audo\/#primaryimage","url":"https:\/\/ekkla.ch\/wp-content\/uploads\/2021\/03\/LampeTable_Carrie_Olive_ImageProduit.jpg","contentUrl":"https:\/\/ekkla.ch\/wp-content\/uploads\/2021\/03\/LampeTable_Carrie_Olive_ImageProduit.jpg","width":900,"height":900},{"@type":"BreadcrumbList","@id":"https:\/\/ekkla.ch\/de\/produit\/tragbare-leuchte-carrie-olivgrun-audo\/#breadcrumb","itemListElement":[{"@type":"ListItem","position":1,"name":"Home","item":"https:\/\/ekkla.ch\/de\/"},{"@type":"ListItem","position":2,"name":"Shop","item":"https:\/\/ekkla.ch\/de\/shop\/"},{"@type":"ListItem","position":3,"name":"Tragbare Outdoor Leuchte Carrie &#8211; Olivgr\u00fcn &#8211; IP44 &#8211; Audo"}]},{"@type":"WebSite","@id":"https:\/\/ekkla.ch\/#website","url":"https:\/\/ekkla.ch\/","name":"Ekkla","description":"Der Onlineshop f\u00fcr Beleuchtung","publisher":{"@id":"https:\/\/ekkla.ch\/#organization"},"potentialAction":[{"@type":"SearchAction","target":{"@type":"EntryPoint","urlTemplate":"https:\/\/ekkla.ch\/?s={search_term_string}"},"query-input":"required name=search_term_string"}],"inLanguage":"de"},{"@type":"Organization","@id":"https:\/\/ekkla.ch\/#organization","name":"Ekkla","url":"https:\/\/ekkla.ch\/","logo":{"@type":"ImageObject","inLanguage":"de","@id":"https:\/\/ekkla.ch\/#\/schema\/logo\/image\/","url":"http:\/\/ekkla.ch\/wp-content\/uploads\/2019\/07\/logo-1.svg","contentUrl":"http:\/\/ekkla.ch\/wp-content\/uploads\/2019\/07\/logo-1.svg","width":1,"height":1,"caption":"Ekkla"},"image":{"@id":"https:\/\/ekkla.ch\/#\/schema\/logo\/image\/"},"sameAs":["https:\/\/www.instagram.com\/ekkla_light\/"]}]}},"_links":{"self":[{"href":"https:\/\/ekkla.ch\/de\/wp-json\/wp\/v2\/product\/53031"}],"collection":[{"href":"https:\/\/ekkla.ch\/de\/wp-json\/wp\/v2\/product"}],"about":[{"href":"https:\/\/ekkla.ch\/de\/wp-json\/wp\/v2\/types\/product"}],"wp:featuredmedia":[{"embeddable":true,"href":"https:\/\/ekkla.ch\/de\/wp-json\/wp\/v2\/media\/52854"}],"wp:attachment":[{"href":"https:\/\/ekkla.ch\/de\/wp-json\/wp\/v2\/media?parent=53031"}],"wp:term":[{"taxonomy":"product_cat","embeddable":true,"href":"https:\/\/ekkla.ch\/de\/wp-json\/wp\/v2\/product_cat?post=53031"},{"taxonomy":"product_tag","embeddable":true,"href":"https:\/\/ekkla.ch\/de\/wp-json\/wp\/v2\/product_tag?post=53031"}],"curies":[{"name":"wp","href":"https:\/\/api.w.org\/{rel}","templated":true}]}}