{"id":53524,"date":"2020-10-30T11:04:09","date_gmt":"2020-10-30T10:04:09","guid":{"rendered":"https:\/\/ekkla.ch\/produit\/stehleuchte-zum-abhaengen-von-der-decke-le-vita-schwarz-faro-barcelona\/"},"modified":"2022-11-30T15:36:48","modified_gmt":"2022-11-30T14:36:48","slug":"steh-hangeleuchte-le-vita-schwarz-faro-barcelona","status":"publish","type":"product","link":"https:\/\/ekkla.ch\/de\/produit\/steh-hangeleuchte-le-vita-schwarz-faro-barcelona\/","title":{"rendered":"Steh-\/ H\u00e4ngeleuchte Le Vita schwarz &#8211; Faro Barcelona"},"content":{"rendered":"<p>LE VITA ist die Kollektion der Designleuchten von Nahtrang. Das Design der Leuchte ist minimalistisch. Diese Stehleuchte kombiniert den Glasdiffusor und die feinen Linien der Struktur. Sie ist perfekt f\u00fcr die Beleuchtung verschiedener Atmosph\u00e4ren in Ihrem Zuhause. Sie\u00a0ist eine originelle Leuchte, die sowohl als H\u00e4nge- als auch als Stehleuchte dienen kann. Integrierte LED.<\/p>\n<h2>\u00a0 \u00a0 Merkmale &amp; Eigenschaften<\/h2>\n<p><strong>\u00a0 \u00a0 \u00a0 Marke\u00a0<\/strong>Faro Barcelona<\/p>\n<p><strong>\u00a0 \u00a0 \u00a0 Farbe <\/strong>Schwarz<\/p>\n<p><strong>\u00a0 \u00a0 \u00a0 Materialien<\/strong>\u00a0Metall et Opalglas-Diffusor<\/p>\n<p><b>\u00a0 \u00a0 \u00a0 Stromversorgung\u00a0<\/b>Integrierte LED<\/p>\n<p><strong>\u00a0 \u00a0 \u00a0 Lichttemperatur (K) <\/strong>2700<\/p>\n<p><strong>\u00a0 \u00a0 \u00a0 Lumen ( lm)<\/strong> 570<\/p>\n<p><strong>\u00a0 \u00a0 \u00a0 H\u00f6he (cm) <\/strong>118<\/p>\n<p><strong>\u00a0 \u00a0 \u00a0 Gewicht (kg)<\/strong> 2.5<\/p>\n","protected":false},"excerpt":{"rendered":"<p>LE VITA ist die Kollektion der Designleuchten von Nahtrang. Das Design der Leuchte ist minimalistisch. Diese Stehleuchte kombiniert den Glasdiffusor und die feinen Linien der Struktur. Sie ist perfekt f\u00fcr die Beleuchtung verschiedener Atmosph\u00e4ren in Ihrem Zuhause. Sie\u00a0ist eine originelle Leuchte, die sowohl als H\u00e4nge- als auch als Stehleuchte dienen kann. Integrierte LED. \u00a0 \u00a0 [&hellip;]<\/p>\n","protected":false},"featured_media":38709,"template":"","meta":{"_acf_changed":false,"om_disable_all_campaigns":false},"product_cat":[289],"product_tag":[1258,896,554,1188,840,816],"bundled_by":[],"bundle_stock_status":"onbackorder","bundle_stock_quantity":null,"bundle_virtual":false,"bundle_layout":"","bundle_add_to_cart_form_location":"","bundle_editable_in_cart":false,"bundle_sold_individually_context":"","bundle_item_grouping":"","bundle_min_size":"","bundle_max_size":"","bundle_price":[],"bundled_items":[],"bundle_sell_ids":[],"acf":[],"yoast_head":"<!-- This site is optimized with the Yoast SEO Premium plugin v22.2 (Yoast SEO v22.8) - https:\/\/yoast.com\/wordpress\/plugins\/seo\/ -->\n<title>Faro Barcelona | Steh-\/ H\u00e4ngeleuchte Le Vita schwarz | Integrierte LED | Ekkla<\/title>\n<meta name=\"description\" content=\"Diese Stehleuchte ist perfekt, um verschiedene Atmosph\u00e4ren zu Hause zu schaffen. Sie ist eine originelle Leuchte, die aufgeh\u00e4ngt werden kann.\" \/>\n<meta name=\"robots\" content=\"index, follow, max-snippet:-1, max-image-preview:large, max-video-preview:-1\" \/>\n<link rel=\"canonical\" href=\"https:\/\/ekkla.ch\/de\/produit\/steh-hangeleuchte-le-vita-schwarz-faro-barcelona\/\" \/>\n<meta property=\"og:locale\" content=\"de_DE\" \/>\n<meta property=\"og:type\" content=\"article\" \/>\n<meta property=\"og:title\" content=\"Steh-\/ H\u00e4ngeleuchte Le Vita schwarz - Faro Barcelona\" \/>\n<meta property=\"og:description\" content=\"Diese Stehleuchte ist perfekt, um verschiedene Atmosph\u00e4ren zu Hause zu schaffen. Sie ist eine originelle Leuchte, die aufgeh\u00e4ngt werden kann.\" \/>\n<meta property=\"og:url\" content=\"https:\/\/ekkla.ch\/de\/produit\/steh-hangeleuchte-le-vita-schwarz-faro-barcelona\/\" \/>\n<meta property=\"og:site_name\" content=\"Ekkla\" \/>\n<meta property=\"article:modified_time\" content=\"2022-11-30T14:36:48+00:00\" \/>\n<meta property=\"og:image\" content=\"https:\/\/ekkla.ch\/wp-content\/uploads\/2020\/10\/lampadaire_suspendu_le_vita_noir_faro_barcelona_2-1.png\" \/>\n\t<meta property=\"og:image:width\" content=\"591\" \/>\n\t<meta property=\"og:image:height\" content=\"591\" \/>\n\t<meta property=\"og:image:type\" content=\"image\/png\" \/>\n<meta name=\"twitter:card\" content=\"summary_large_image\" \/>\n<meta name=\"twitter:label1\" content=\"Gesch\u00e4tzte Lesezeit\" \/>\n\t<meta name=\"twitter:data1\" content=\"1\u00a0Minute\" \/>\n<script type=\"application\/ld+json\" class=\"yoast-schema-graph\">{\"@context\":\"https:\/\/schema.org\",\"@graph\":[{\"@type\":\"WebPage\",\"@id\":\"https:\/\/ekkla.ch\/de\/produit\/steh-hangeleuchte-le-vita-schwarz-faro-barcelona\/\",\"url\":\"https:\/\/ekkla.ch\/de\/produit\/steh-hangeleuchte-le-vita-schwarz-faro-barcelona\/\",\"name\":\"Faro Barcelona | Steh-\/ H\u00e4ngeleuchte Le Vita schwarz | Integrierte LED | Ekkla\",\"isPartOf\":{\"@id\":\"https:\/\/ekkla.ch\/#website\"},\"primaryImageOfPage\":{\"@id\":\"https:\/\/ekkla.ch\/de\/produit\/steh-hangeleuchte-le-vita-schwarz-faro-barcelona\/#primaryimage\"},\"image\":{\"@id\":\"https:\/\/ekkla.ch\/de\/produit\/steh-hangeleuchte-le-vita-schwarz-faro-barcelona\/#primaryimage\"},\"thumbnailUrl\":\"https:\/\/ekkla.ch\/wp-content\/uploads\/2020\/10\/lampadaire_suspendu_le_vita_noir_faro_barcelona_2-1.png\",\"datePublished\":\"2020-10-30T10:04:09+00:00\",\"dateModified\":\"2022-11-30T14:36:48+00:00\",\"description\":\"Diese Stehleuchte ist perfekt, um verschiedene Atmosph\u00e4ren zu Hause zu schaffen. Sie ist eine originelle Leuchte, die aufgeh\u00e4ngt werden kann.\",\"breadcrumb\":{\"@id\":\"https:\/\/ekkla.ch\/de\/produit\/steh-hangeleuchte-le-vita-schwarz-faro-barcelona\/#breadcrumb\"},\"inLanguage\":\"de\",\"potentialAction\":[{\"@type\":\"ReadAction\",\"target\":[\"https:\/\/ekkla.ch\/de\/produit\/steh-hangeleuchte-le-vita-schwarz-faro-barcelona\/\"]}]},{\"@type\":\"ImageObject\",\"inLanguage\":\"de\",\"@id\":\"https:\/\/ekkla.ch\/de\/produit\/steh-hangeleuchte-le-vita-schwarz-faro-barcelona\/#primaryimage\",\"url\":\"https:\/\/ekkla.ch\/wp-content\/uploads\/2020\/10\/lampadaire_suspendu_le_vita_noir_faro_barcelona_2-1.png\",\"contentUrl\":\"https:\/\/ekkla.ch\/wp-content\/uploads\/2020\/10\/lampadaire_suspendu_le_vita_noir_faro_barcelona_2-1.png\",\"width\":591,\"height\":591},{\"@type\":\"BreadcrumbList\",\"@id\":\"https:\/\/ekkla.ch\/de\/produit\/steh-hangeleuchte-le-vita-schwarz-faro-barcelona\/#breadcrumb\",\"itemListElement\":[{\"@type\":\"ListItem\",\"position\":1,\"name\":\"Home\",\"item\":\"https:\/\/ekkla.ch\/de\/\"},{\"@type\":\"ListItem\",\"position\":2,\"name\":\"Shop\",\"item\":\"https:\/\/ekkla.ch\/de\/shop\/\"},{\"@type\":\"ListItem\",\"position\":3,\"name\":\"Steh-\/ H\u00e4ngeleuchte Le Vita schwarz &#8211; Faro Barcelona\"}]},{\"@type\":\"WebSite\",\"@id\":\"https:\/\/ekkla.ch\/#website\",\"url\":\"https:\/\/ekkla.ch\/\",\"name\":\"Ekkla\",\"description\":\"Der Onlineshop f\u00fcr Beleuchtung\",\"publisher\":{\"@id\":\"https:\/\/ekkla.ch\/#organization\"},\"potentialAction\":[{\"@type\":\"SearchAction\",\"target\":{\"@type\":\"EntryPoint\",\"urlTemplate\":\"https:\/\/ekkla.ch\/?s={search_term_string}\"},\"query-input\":\"required name=search_term_string\"}],\"inLanguage\":\"de\"},{\"@type\":\"Organization\",\"@id\":\"https:\/\/ekkla.ch\/#organization\",\"name\":\"Ekkla\",\"url\":\"https:\/\/ekkla.ch\/\",\"logo\":{\"@type\":\"ImageObject\",\"inLanguage\":\"de\",\"@id\":\"https:\/\/ekkla.ch\/#\/schema\/logo\/image\/\",\"url\":\"http:\/\/ekkla.ch\/wp-content\/uploads\/2019\/07\/logo-1.svg\",\"contentUrl\":\"http:\/\/ekkla.ch\/wp-content\/uploads\/2019\/07\/logo-1.svg\",\"width\":1,\"height\":1,\"caption\":\"Ekkla\"},\"image\":{\"@id\":\"https:\/\/ekkla.ch\/#\/schema\/logo\/image\/\"},\"sameAs\":[\"https:\/\/www.instagram.com\/ekkla_light\/\"]}]}<\/script>\n<!-- \/ Yoast SEO Premium plugin. -->","yoast_head_json":{"title":"Faro Barcelona | Steh-\/ H\u00e4ngeleuchte Le Vita schwarz | Integrierte LED | Ekkla","description":"Diese Stehleuchte ist perfekt, um verschiedene Atmosph\u00e4ren zu Hause zu schaffen. Sie ist eine originelle Leuchte, die aufgeh\u00e4ngt werden kann.","robots":{"index":"index","follow":"follow","max-snippet":"max-snippet:-1","max-image-preview":"max-image-preview:large","max-video-preview":"max-video-preview:-1"},"canonical":"https:\/\/ekkla.ch\/de\/produit\/steh-hangeleuchte-le-vita-schwarz-faro-barcelona\/","og_locale":"de_DE","og_type":"article","og_title":"Steh-\/ H\u00e4ngeleuchte Le Vita schwarz - Faro Barcelona","og_description":"Diese Stehleuchte ist perfekt, um verschiedene Atmosph\u00e4ren zu Hause zu schaffen. Sie ist eine originelle Leuchte, die aufgeh\u00e4ngt werden kann.","og_url":"https:\/\/ekkla.ch\/de\/produit\/steh-hangeleuchte-le-vita-schwarz-faro-barcelona\/","og_site_name":"Ekkla","article_modified_time":"2022-11-30T14:36:48+00:00","og_image":[{"width":591,"height":591,"url":"https:\/\/ekkla.ch\/wp-content\/uploads\/2020\/10\/lampadaire_suspendu_le_vita_noir_faro_barcelona_2-1.png","type":"image\/png"}],"twitter_card":"summary_large_image","twitter_misc":{"Gesch\u00e4tzte Lesezeit":"1\u00a0Minute"},"schema":{"@context":"https:\/\/schema.org","@graph":[{"@type":"WebPage","@id":"https:\/\/ekkla.ch\/de\/produit\/steh-hangeleuchte-le-vita-schwarz-faro-barcelona\/","url":"https:\/\/ekkla.ch\/de\/produit\/steh-hangeleuchte-le-vita-schwarz-faro-barcelona\/","name":"Faro Barcelona | Steh-\/ H\u00e4ngeleuchte Le Vita schwarz | Integrierte LED | Ekkla","isPartOf":{"@id":"https:\/\/ekkla.ch\/#website"},"primaryImageOfPage":{"@id":"https:\/\/ekkla.ch\/de\/produit\/steh-hangeleuchte-le-vita-schwarz-faro-barcelona\/#primaryimage"},"image":{"@id":"https:\/\/ekkla.ch\/de\/produit\/steh-hangeleuchte-le-vita-schwarz-faro-barcelona\/#primaryimage"},"thumbnailUrl":"https:\/\/ekkla.ch\/wp-content\/uploads\/2020\/10\/lampadaire_suspendu_le_vita_noir_faro_barcelona_2-1.png","datePublished":"2020-10-30T10:04:09+00:00","dateModified":"2022-11-30T14:36:48+00:00","description":"Diese Stehleuchte ist perfekt, um verschiedene Atmosph\u00e4ren zu Hause zu schaffen. Sie ist eine originelle Leuchte, die aufgeh\u00e4ngt werden kann.","breadcrumb":{"@id":"https:\/\/ekkla.ch\/de\/produit\/steh-hangeleuchte-le-vita-schwarz-faro-barcelona\/#breadcrumb"},"inLanguage":"de","potentialAction":[{"@type":"ReadAction","target":["https:\/\/ekkla.ch\/de\/produit\/steh-hangeleuchte-le-vita-schwarz-faro-barcelona\/"]}]},{"@type":"ImageObject","inLanguage":"de","@id":"https:\/\/ekkla.ch\/de\/produit\/steh-hangeleuchte-le-vita-schwarz-faro-barcelona\/#primaryimage","url":"https:\/\/ekkla.ch\/wp-content\/uploads\/2020\/10\/lampadaire_suspendu_le_vita_noir_faro_barcelona_2-1.png","contentUrl":"https:\/\/ekkla.ch\/wp-content\/uploads\/2020\/10\/lampadaire_suspendu_le_vita_noir_faro_barcelona_2-1.png","width":591,"height":591},{"@type":"BreadcrumbList","@id":"https:\/\/ekkla.ch\/de\/produit\/steh-hangeleuchte-le-vita-schwarz-faro-barcelona\/#breadcrumb","itemListElement":[{"@type":"ListItem","position":1,"name":"Home","item":"https:\/\/ekkla.ch\/de\/"},{"@type":"ListItem","position":2,"name":"Shop","item":"https:\/\/ekkla.ch\/de\/shop\/"},{"@type":"ListItem","position":3,"name":"Steh-\/ H\u00e4ngeleuchte Le Vita schwarz &#8211; Faro Barcelona"}]},{"@type":"WebSite","@id":"https:\/\/ekkla.ch\/#website","url":"https:\/\/ekkla.ch\/","name":"Ekkla","description":"Der Onlineshop f\u00fcr Beleuchtung","publisher":{"@id":"https:\/\/ekkla.ch\/#organization"},"potentialAction":[{"@type":"SearchAction","target":{"@type":"EntryPoint","urlTemplate":"https:\/\/ekkla.ch\/?s={search_term_string}"},"query-input":"required name=search_term_string"}],"inLanguage":"de"},{"@type":"Organization","@id":"https:\/\/ekkla.ch\/#organization","name":"Ekkla","url":"https:\/\/ekkla.ch\/","logo":{"@type":"ImageObject","inLanguage":"de","@id":"https:\/\/ekkla.ch\/#\/schema\/logo\/image\/","url":"http:\/\/ekkla.ch\/wp-content\/uploads\/2019\/07\/logo-1.svg","contentUrl":"http:\/\/ekkla.ch\/wp-content\/uploads\/2019\/07\/logo-1.svg","width":1,"height":1,"caption":"Ekkla"},"image":{"@id":"https:\/\/ekkla.ch\/#\/schema\/logo\/image\/"},"sameAs":["https:\/\/www.instagram.com\/ekkla_light\/"]}]}},"_links":{"self":[{"href":"https:\/\/ekkla.ch\/de\/wp-json\/wp\/v2\/product\/53524"}],"collection":[{"href":"https:\/\/ekkla.ch\/de\/wp-json\/wp\/v2\/product"}],"about":[{"href":"https:\/\/ekkla.ch\/de\/wp-json\/wp\/v2\/types\/product"}],"wp:featuredmedia":[{"embeddable":true,"href":"https:\/\/ekkla.ch\/de\/wp-json\/wp\/v2\/media\/38709"}],"wp:attachment":[{"href":"https:\/\/ekkla.ch\/de\/wp-json\/wp\/v2\/media?parent=53524"}],"wp:term":[{"taxonomy":"product_cat","embeddable":true,"href":"https:\/\/ekkla.ch\/de\/wp-json\/wp\/v2\/product_cat?post=53524"},{"taxonomy":"product_tag","embeddable":true,"href":"https:\/\/ekkla.ch\/de\/wp-json\/wp\/v2\/product_tag?post=53524"}],"curies":[{"name":"wp","href":"https:\/\/api.w.org\/{rel}","templated":true}]}}