{"id":63672,"date":"2021-04-09T09:41:06","date_gmt":"2021-04-09T07:41:06","guid":{"rendered":"https:\/\/ekkla.ch\/produit\/hangeleuchte-original-1227-giant-gelb-anglepoise\/"},"modified":"2022-09-13T17:33:56","modified_gmt":"2022-09-13T15:33:56","slug":"hangeleuchte-original-1227-giant-gelb-anglepoise","status":"publish","type":"product","link":"https:\/\/ekkla.ch\/de\/produit\/hangeleuchte-original-1227-giant-gelb-anglepoise\/","title":{"rendered":"H\u00e4ngeleuchte Original 1227 Giant Gelb &#8211; Anglepoise"},"content":{"rendered":"<p>Die Anwesenheit dieser schicken, oversize und modernen Lampe von Anglepoise verleiht jedem Raum Charakter. Dieses k\u00fchne Modell vereint Flexibilit\u00e4t und Stabilit\u00e4t und ist ideal in einer K\u00fcche oder einem Wohnzimmer, \u00fcber einem Tisch beispielsweise.<\/p>\n<h2>\u00a0 \u00a0 Merkmale &amp; Eigenschaften<\/h2>\n<p><strong>\u00a0 \u00a0 \u00a0 Marke <\/strong>Anglepoise<\/p>\n<p><strong>\u00a0 \u00a0 \u00a0 Farbe<\/strong>\u00a0Gelb<\/p>\n<p><strong>\u00a0 \u00a0 \u00a0 Material<\/strong>\u00a0Aluminium<\/p>\n<p><strong>\u00a0 \u00a0 \u00a0 Gl\u00fchbirne<\/strong>\u00a0E27<\/p>\n<p><strong>\u00a0 \u00a0 \u00a0 Breite (cm) <\/strong>44<\/p>\n<p><strong>\u00a0 \u00a0 \u00a0 Max. H\u00f6he (cm) <\/strong>54<\/p>\n<p><strong>\u00a0 \u00a0 \u00a0 Max. Kabell\u00e4nge (cm)<\/strong> 400<\/p>\n","protected":false},"excerpt":{"rendered":"<p>Die Anwesenheit dieser schicken, oversize und modernen Lampe von Anglepoise verleiht jedem Raum Charakter. Dieses k\u00fchne Modell vereint Flexibilit\u00e4t und Stabilit\u00e4t und ist ideal in einer K\u00fcche oder einem Wohnzimmer, \u00fcber einem Tisch beispielsweise. \u00a0 \u00a0 Merkmale &amp; Eigenschaften \u00a0 \u00a0 \u00a0 Marke Anglepoise \u00a0 \u00a0 \u00a0 Farbe\u00a0Gelb \u00a0 \u00a0 \u00a0 Material\u00a0Aluminium \u00a0 \u00a0 \u00a0 [&hellip;]<\/p>\n","protected":false},"featured_media":65692,"template":"","meta":{"_acf_changed":false,"om_disable_all_campaigns":false},"product_cat":[291],"product_tag":[896,554,1188,801,816],"bundled_by":[],"bundle_stock_status":"onbackorder","bundle_stock_quantity":null,"bundle_virtual":false,"bundle_layout":"","bundle_add_to_cart_form_location":"","bundle_editable_in_cart":false,"bundle_sold_individually_context":"","bundle_item_grouping":"","bundle_min_size":"","bundle_max_size":"","bundle_price":[],"bundled_items":[],"bundle_sell_ids":[],"acf":[],"yoast_head":"<!-- This site is optimized with the Yoast SEO Premium plugin v22.2 (Yoast SEO v22.8) - https:\/\/yoast.com\/wordpress\/plugins\/seo\/ -->\n<title>Anglepoise | H\u00e4ngeleuchte Original 1227 Giant | Gelb | Ekkla<\/title>\n<meta name=\"description\" content=\"Diese schicke und moderne H\u00e4ngeleuchte bringt Charakter in jeden Raum. Sie ist ideal in einer K\u00fcche oder einem Wohnzimmer.\" \/>\n<meta name=\"robots\" content=\"index, follow, max-snippet:-1, max-image-preview:large, max-video-preview:-1\" \/>\n<link rel=\"canonical\" href=\"https:\/\/ekkla.ch\/de\/produit\/hangeleuchte-original-1227-giant-gelb-anglepoise\/\" \/>\n<meta property=\"og:locale\" content=\"de_DE\" \/>\n<meta property=\"og:type\" content=\"article\" \/>\n<meta property=\"og:title\" content=\"H\u00e4ngeleuchte Original 1227 Giant Gelb - Anglepoise\" \/>\n<meta property=\"og:description\" content=\"Diese schicke und moderne H\u00e4ngeleuchte bringt Charakter in jeden Raum. Sie ist ideal in einer K\u00fcche oder einem Wohnzimmer.\" \/>\n<meta property=\"og:url\" content=\"https:\/\/ekkla.ch\/de\/produit\/hangeleuchte-original-1227-giant-gelb-anglepoise\/\" \/>\n<meta property=\"og:site_name\" content=\"Ekkla\" \/>\n<meta property=\"article:modified_time\" content=\"2022-09-13T15:33:56+00:00\" \/>\n<meta property=\"og:image\" content=\"https:\/\/ekkla.ch\/wp-content\/uploads\/2021\/04\/Original1227_GiantPendant_CitrusYellow_Carre\u0301.jpg\" \/>\n\t<meta property=\"og:image:width\" content=\"900\" \/>\n\t<meta property=\"og:image:height\" content=\"900\" \/>\n\t<meta property=\"og:image:type\" content=\"image\/jpeg\" \/>\n<meta name=\"twitter:card\" content=\"summary_large_image\" \/>\n<script type=\"application\/ld+json\" class=\"yoast-schema-graph\">{\"@context\":\"https:\/\/schema.org\",\"@graph\":[{\"@type\":\"WebPage\",\"@id\":\"https:\/\/ekkla.ch\/de\/produit\/hangeleuchte-original-1227-giant-gelb-anglepoise\/\",\"url\":\"https:\/\/ekkla.ch\/de\/produit\/hangeleuchte-original-1227-giant-gelb-anglepoise\/\",\"name\":\"Anglepoise | H\u00e4ngeleuchte Original 1227 Giant | Gelb | Ekkla\",\"isPartOf\":{\"@id\":\"https:\/\/ekkla.ch\/#website\"},\"primaryImageOfPage\":{\"@id\":\"https:\/\/ekkla.ch\/de\/produit\/hangeleuchte-original-1227-giant-gelb-anglepoise\/#primaryimage\"},\"image\":{\"@id\":\"https:\/\/ekkla.ch\/de\/produit\/hangeleuchte-original-1227-giant-gelb-anglepoise\/#primaryimage\"},\"thumbnailUrl\":\"https:\/\/ekkla.ch\/wp-content\/uploads\/2021\/04\/Original1227_GiantPendant_CitrusYellow_Carre\u0301.jpg\",\"datePublished\":\"2021-04-09T07:41:06+00:00\",\"dateModified\":\"2022-09-13T15:33:56+00:00\",\"description\":\"Diese schicke und moderne H\u00e4ngeleuchte bringt Charakter in jeden Raum. Sie ist ideal in einer K\u00fcche oder einem Wohnzimmer.\",\"breadcrumb\":{\"@id\":\"https:\/\/ekkla.ch\/de\/produit\/hangeleuchte-original-1227-giant-gelb-anglepoise\/#breadcrumb\"},\"inLanguage\":\"de\",\"potentialAction\":[{\"@type\":\"ReadAction\",\"target\":[\"https:\/\/ekkla.ch\/de\/produit\/hangeleuchte-original-1227-giant-gelb-anglepoise\/\"]}]},{\"@type\":\"ImageObject\",\"inLanguage\":\"de\",\"@id\":\"https:\/\/ekkla.ch\/de\/produit\/hangeleuchte-original-1227-giant-gelb-anglepoise\/#primaryimage\",\"url\":\"https:\/\/ekkla.ch\/wp-content\/uploads\/2021\/04\/Original1227_GiantPendant_CitrusYellow_Carre\u0301.jpg\",\"contentUrl\":\"https:\/\/ekkla.ch\/wp-content\/uploads\/2021\/04\/Original1227_GiantPendant_CitrusYellow_Carre\u0301.jpg\",\"width\":900,\"height\":900},{\"@type\":\"BreadcrumbList\",\"@id\":\"https:\/\/ekkla.ch\/de\/produit\/hangeleuchte-original-1227-giant-gelb-anglepoise\/#breadcrumb\",\"itemListElement\":[{\"@type\":\"ListItem\",\"position\":1,\"name\":\"Home\",\"item\":\"https:\/\/ekkla.ch\/de\/\"},{\"@type\":\"ListItem\",\"position\":2,\"name\":\"Shop\",\"item\":\"https:\/\/ekkla.ch\/de\/shop\/\"},{\"@type\":\"ListItem\",\"position\":3,\"name\":\"H\u00e4ngeleuchte Original 1227 Giant Gelb &#8211; Anglepoise\"}]},{\"@type\":\"WebSite\",\"@id\":\"https:\/\/ekkla.ch\/#website\",\"url\":\"https:\/\/ekkla.ch\/\",\"name\":\"Ekkla\",\"description\":\"Der Onlineshop f\u00fcr Beleuchtung\",\"publisher\":{\"@id\":\"https:\/\/ekkla.ch\/#organization\"},\"potentialAction\":[{\"@type\":\"SearchAction\",\"target\":{\"@type\":\"EntryPoint\",\"urlTemplate\":\"https:\/\/ekkla.ch\/?s={search_term_string}\"},\"query-input\":\"required name=search_term_string\"}],\"inLanguage\":\"de\"},{\"@type\":\"Organization\",\"@id\":\"https:\/\/ekkla.ch\/#organization\",\"name\":\"Ekkla\",\"url\":\"https:\/\/ekkla.ch\/\",\"logo\":{\"@type\":\"ImageObject\",\"inLanguage\":\"de\",\"@id\":\"https:\/\/ekkla.ch\/#\/schema\/logo\/image\/\",\"url\":\"http:\/\/ekkla.ch\/wp-content\/uploads\/2019\/07\/logo-1.svg\",\"contentUrl\":\"http:\/\/ekkla.ch\/wp-content\/uploads\/2019\/07\/logo-1.svg\",\"width\":1,\"height\":1,\"caption\":\"Ekkla\"},\"image\":{\"@id\":\"https:\/\/ekkla.ch\/#\/schema\/logo\/image\/\"},\"sameAs\":[\"https:\/\/www.instagram.com\/ekkla_light\/\"]}]}<\/script>\n<!-- \/ Yoast SEO Premium plugin. -->","yoast_head_json":{"title":"Anglepoise | H\u00e4ngeleuchte Original 1227 Giant | Gelb | Ekkla","description":"Diese schicke und moderne H\u00e4ngeleuchte bringt Charakter in jeden Raum. Sie ist ideal in einer K\u00fcche oder einem Wohnzimmer.","robots":{"index":"index","follow":"follow","max-snippet":"max-snippet:-1","max-image-preview":"max-image-preview:large","max-video-preview":"max-video-preview:-1"},"canonical":"https:\/\/ekkla.ch\/de\/produit\/hangeleuchte-original-1227-giant-gelb-anglepoise\/","og_locale":"de_DE","og_type":"article","og_title":"H\u00e4ngeleuchte Original 1227 Giant Gelb - Anglepoise","og_description":"Diese schicke und moderne H\u00e4ngeleuchte bringt Charakter in jeden Raum. Sie ist ideal in einer K\u00fcche oder einem Wohnzimmer.","og_url":"https:\/\/ekkla.ch\/de\/produit\/hangeleuchte-original-1227-giant-gelb-anglepoise\/","og_site_name":"Ekkla","article_modified_time":"2022-09-13T15:33:56+00:00","og_image":[{"width":900,"height":900,"url":"https:\/\/ekkla.ch\/wp-content\/uploads\/2021\/04\/Original1227_GiantPendant_CitrusYellow_Carre\u0301.jpg","type":"image\/jpeg"}],"twitter_card":"summary_large_image","schema":{"@context":"https:\/\/schema.org","@graph":[{"@type":"WebPage","@id":"https:\/\/ekkla.ch\/de\/produit\/hangeleuchte-original-1227-giant-gelb-anglepoise\/","url":"https:\/\/ekkla.ch\/de\/produit\/hangeleuchte-original-1227-giant-gelb-anglepoise\/","name":"Anglepoise | H\u00e4ngeleuchte Original 1227 Giant | Gelb | Ekkla","isPartOf":{"@id":"https:\/\/ekkla.ch\/#website"},"primaryImageOfPage":{"@id":"https:\/\/ekkla.ch\/de\/produit\/hangeleuchte-original-1227-giant-gelb-anglepoise\/#primaryimage"},"image":{"@id":"https:\/\/ekkla.ch\/de\/produit\/hangeleuchte-original-1227-giant-gelb-anglepoise\/#primaryimage"},"thumbnailUrl":"https:\/\/ekkla.ch\/wp-content\/uploads\/2021\/04\/Original1227_GiantPendant_CitrusYellow_Carre\u0301.jpg","datePublished":"2021-04-09T07:41:06+00:00","dateModified":"2022-09-13T15:33:56+00:00","description":"Diese schicke und moderne H\u00e4ngeleuchte bringt Charakter in jeden Raum. Sie ist ideal in einer K\u00fcche oder einem Wohnzimmer.","breadcrumb":{"@id":"https:\/\/ekkla.ch\/de\/produit\/hangeleuchte-original-1227-giant-gelb-anglepoise\/#breadcrumb"},"inLanguage":"de","potentialAction":[{"@type":"ReadAction","target":["https:\/\/ekkla.ch\/de\/produit\/hangeleuchte-original-1227-giant-gelb-anglepoise\/"]}]},{"@type":"ImageObject","inLanguage":"de","@id":"https:\/\/ekkla.ch\/de\/produit\/hangeleuchte-original-1227-giant-gelb-anglepoise\/#primaryimage","url":"https:\/\/ekkla.ch\/wp-content\/uploads\/2021\/04\/Original1227_GiantPendant_CitrusYellow_Carre\u0301.jpg","contentUrl":"https:\/\/ekkla.ch\/wp-content\/uploads\/2021\/04\/Original1227_GiantPendant_CitrusYellow_Carre\u0301.jpg","width":900,"height":900},{"@type":"BreadcrumbList","@id":"https:\/\/ekkla.ch\/de\/produit\/hangeleuchte-original-1227-giant-gelb-anglepoise\/#breadcrumb","itemListElement":[{"@type":"ListItem","position":1,"name":"Home","item":"https:\/\/ekkla.ch\/de\/"},{"@type":"ListItem","position":2,"name":"Shop","item":"https:\/\/ekkla.ch\/de\/shop\/"},{"@type":"ListItem","position":3,"name":"H\u00e4ngeleuchte Original 1227 Giant Gelb &#8211; Anglepoise"}]},{"@type":"WebSite","@id":"https:\/\/ekkla.ch\/#website","url":"https:\/\/ekkla.ch\/","name":"Ekkla","description":"Der Onlineshop f\u00fcr Beleuchtung","publisher":{"@id":"https:\/\/ekkla.ch\/#organization"},"potentialAction":[{"@type":"SearchAction","target":{"@type":"EntryPoint","urlTemplate":"https:\/\/ekkla.ch\/?s={search_term_string}"},"query-input":"required name=search_term_string"}],"inLanguage":"de"},{"@type":"Organization","@id":"https:\/\/ekkla.ch\/#organization","name":"Ekkla","url":"https:\/\/ekkla.ch\/","logo":{"@type":"ImageObject","inLanguage":"de","@id":"https:\/\/ekkla.ch\/#\/schema\/logo\/image\/","url":"http:\/\/ekkla.ch\/wp-content\/uploads\/2019\/07\/logo-1.svg","contentUrl":"http:\/\/ekkla.ch\/wp-content\/uploads\/2019\/07\/logo-1.svg","width":1,"height":1,"caption":"Ekkla"},"image":{"@id":"https:\/\/ekkla.ch\/#\/schema\/logo\/image\/"},"sameAs":["https:\/\/www.instagram.com\/ekkla_light\/"]}]}},"_links":{"self":[{"href":"https:\/\/ekkla.ch\/de\/wp-json\/wp\/v2\/product\/63672"}],"collection":[{"href":"https:\/\/ekkla.ch\/de\/wp-json\/wp\/v2\/product"}],"about":[{"href":"https:\/\/ekkla.ch\/de\/wp-json\/wp\/v2\/types\/product"}],"wp:featuredmedia":[{"embeddable":true,"href":"https:\/\/ekkla.ch\/de\/wp-json\/wp\/v2\/media\/65692"}],"wp:attachment":[{"href":"https:\/\/ekkla.ch\/de\/wp-json\/wp\/v2\/media?parent=63672"}],"wp:term":[{"taxonomy":"product_cat","embeddable":true,"href":"https:\/\/ekkla.ch\/de\/wp-json\/wp\/v2\/product_cat?post=63672"},{"taxonomy":"product_tag","embeddable":true,"href":"https:\/\/ekkla.ch\/de\/wp-json\/wp\/v2\/product_tag?post=63672"}],"curies":[{"name":"wp","href":"https:\/\/api.w.org\/{rel}","templated":true}]}}