{"id":70600,"date":"2021-04-16T17:16:43","date_gmt":"2021-04-16T15:16:43","guid":{"rendered":"https:\/\/ekkla.ch\/produit\/schwarze-hangeleuchte-mit-griff-ball-frandsen\/"},"modified":"2022-09-15T16:12:39","modified_gmt":"2022-09-15T14:12:39","slug":"schwarze-hangeleuchte-mit-griff-ball-frandsen","status":"publish","type":"product","link":"https:\/\/ekkla.ch\/de\/produit\/schwarze-hangeleuchte-mit-griff-ball-frandsen\/","title":{"rendered":"H\u00e4ngeleuchte Ball mit Griff &#8211; schwarz &#8211; Frandsen"},"content":{"rendered":"<p>Mit ihrer geometrischen Form, ihrer Funktionalit\u00e4t und der pr\u00e4zisen Steuerung des Lichts wurde die Ball-H\u00e4ngeleuchte schnell in D\u00e4nemark und sp\u00e4ter in vielen anderen L\u00e4ndern popul\u00e4r. Benny Frandsen ist einer der f\u00fchrenden d\u00e4nischen Leuchtendesigner, und die Ball-Leuchte hat sich ihren Platz als moderner Klassiker verdient, der st\u00e4ndig aktualisiert wird.<\/p>\n<p>Die H\u00e4ngeleuchte wird mit einer schwarzen Stoffschnur und einem Griff geliefert, mit dem sich die Lichtrichtung durch Kippen des Leuchtenschirms leicht einstellen l\u00e4sst. H\u00e4ngen Sie die Leuchte direkt an die Decke, allein oder in der Mehrzahl. Das Licht dieser Leuchte ist ideal zum Arbeiten oder Lesen.<\/p>\n<h2>\u00a0 \u00a0Merkmale &amp; Eigenschaften<\/h2>\n<p style=\"text-align: left;\"><strong>\u00a0 \u00a0 \u00a0Marke <\/strong>Frandsen<\/p>\n<p style=\"text-align: left;\"><strong>\u00a0 \u00a0 \u00a0Farbe<\/strong>\u00a0Schwarz<\/p>\n<p style=\"text-align: left;\"><strong>\u00a0 \u00a0 \u00a0Material <\/strong>Metall<\/p>\n<p style=\"text-align: left;\"><strong>\u00a0 \u00a0 \u00a0Gl\u00fchbirne<\/strong> E27<\/p>\n<p style=\"text-align: left;\"><strong>\u00a0 \u00a0 \u00a0Max. Leistung (W) <\/strong>40<\/p>\n<p><strong>\u00a0 \u00a0 \u00a0H\u00f6he (cm)<\/strong>\u00a024<\/p>\n<p><strong>\u00a0 \u00a0 \u00a0Durchmesser (cm)<\/strong>\u00a019<\/p>\n<p style=\"text-align: left;\"><strong>\u00a0 \u00a0 \u00a0Max. Kabell\u00e4nge (cm) <\/strong>200<\/p>\n<p><strong>\u00a0 \u00a0 \u00a0Gewicht (kg) <\/strong>0.8<\/p>\n","protected":false},"excerpt":{"rendered":"<p>Mit ihrer geometrischen Form, ihrer Funktionalit\u00e4t und der pr\u00e4zisen Steuerung des Lichts wurde die Ball-H\u00e4ngeleuchte schnell in D\u00e4nemark und sp\u00e4ter in vielen anderen L\u00e4ndern popul\u00e4r. Benny Frandsen ist einer der f\u00fchrenden d\u00e4nischen Leuchtendesigner, und die Ball-Leuchte hat sich ihren Platz als moderner Klassiker verdient, der st\u00e4ndig aktualisiert wird. Die H\u00e4ngeleuchte wird mit einer schwarzen Stoffschnur [&hellip;]<\/p>\n","protected":false},"featured_media":67771,"template":"","meta":{"_acf_changed":false,"om_disable_all_campaigns":false},"product_cat":[291],"product_tag":[1256,896,554,1188,1265,816],"bundled_by":[],"bundle_stock_status":"onbackorder","bundle_stock_quantity":null,"bundle_virtual":false,"bundle_layout":"","bundle_add_to_cart_form_location":"","bundle_editable_in_cart":false,"bundle_sold_individually_context":"","bundle_item_grouping":"","bundle_min_size":"","bundle_max_size":"","bundle_price":[],"bundled_items":[],"bundle_sell_ids":[],"acf":[],"yoast_head":"<!-- This site is optimized with the Yoast SEO Premium plugin v22.2 (Yoast SEO v22.8) - https:\/\/yoast.com\/wordpress\/plugins\/seo\/ -->\n<title>Frandsen | H\u00e4ngeleuchte Ball mit Griff schwarz | Metall | Ekkla<\/title>\n<meta name=\"description\" content=\"Mit ihrer geometrischen Form, ihrer Funktionalit\u00e4t und der pr\u00e4zisen Steuerung des Lichts ist die Ball H\u00e4ngeleuchte ideal zum Arbeiten oder Lesen.\" \/>\n<meta name=\"robots\" content=\"index, follow, max-snippet:-1, max-image-preview:large, max-video-preview:-1\" \/>\n<link rel=\"canonical\" href=\"https:\/\/ekkla.ch\/de\/produit\/schwarze-hangeleuchte-mit-griff-ball-frandsen\/\" \/>\n<meta property=\"og:locale\" content=\"de_DE\" \/>\n<meta property=\"og:type\" content=\"article\" \/>\n<meta property=\"og:title\" content=\"H\u00e4ngeleuchte Ball mit Griff - schwarz - Frandsen\" \/>\n<meta property=\"og:description\" content=\"Mit ihrer geometrischen Form, ihrer Funktionalit\u00e4t und der pr\u00e4zisen Steuerung des Lichts ist die Ball H\u00e4ngeleuchte ideal zum Arbeiten oder Lesen.\" \/>\n<meta property=\"og:url\" content=\"https:\/\/ekkla.ch\/de\/produit\/schwarze-hangeleuchte-mit-griff-ball-frandsen\/\" \/>\n<meta property=\"og:site_name\" content=\"Ekkla\" \/>\n<meta property=\"article:modified_time\" content=\"2022-09-15T14:12:39+00:00\" \/>\n<meta property=\"og:image\" content=\"https:\/\/ekkla.ch\/wp-content\/uploads\/2021\/04\/BallWithHandle_Pendant18cm_MattBlack_ImageProduit.jpg\" \/>\n\t<meta property=\"og:image:width\" content=\"900\" \/>\n\t<meta property=\"og:image:height\" content=\"900\" \/>\n\t<meta property=\"og:image:type\" content=\"image\/jpeg\" \/>\n<meta name=\"twitter:card\" content=\"summary_large_image\" \/>\n<meta name=\"twitter:label1\" content=\"Gesch\u00e4tzte Lesezeit\" \/>\n\t<meta name=\"twitter:data1\" content=\"1\u00a0Minute\" \/>\n<script type=\"application\/ld+json\" class=\"yoast-schema-graph\">{\"@context\":\"https:\/\/schema.org\",\"@graph\":[{\"@type\":\"WebPage\",\"@id\":\"https:\/\/ekkla.ch\/de\/produit\/schwarze-hangeleuchte-mit-griff-ball-frandsen\/\",\"url\":\"https:\/\/ekkla.ch\/de\/produit\/schwarze-hangeleuchte-mit-griff-ball-frandsen\/\",\"name\":\"Frandsen | H\u00e4ngeleuchte Ball mit Griff schwarz | Metall | Ekkla\",\"isPartOf\":{\"@id\":\"https:\/\/ekkla.ch\/#website\"},\"primaryImageOfPage\":{\"@id\":\"https:\/\/ekkla.ch\/de\/produit\/schwarze-hangeleuchte-mit-griff-ball-frandsen\/#primaryimage\"},\"image\":{\"@id\":\"https:\/\/ekkla.ch\/de\/produit\/schwarze-hangeleuchte-mit-griff-ball-frandsen\/#primaryimage\"},\"thumbnailUrl\":\"https:\/\/ekkla.ch\/wp-content\/uploads\/2021\/04\/BallWithHandle_Pendant18cm_MattBlack_ImageProduit.jpg\",\"datePublished\":\"2021-04-16T15:16:43+00:00\",\"dateModified\":\"2022-09-15T14:12:39+00:00\",\"description\":\"Mit ihrer geometrischen Form, ihrer Funktionalit\u00e4t und der pr\u00e4zisen Steuerung des Lichts ist die Ball H\u00e4ngeleuchte ideal zum Arbeiten oder Lesen.\",\"breadcrumb\":{\"@id\":\"https:\/\/ekkla.ch\/de\/produit\/schwarze-hangeleuchte-mit-griff-ball-frandsen\/#breadcrumb\"},\"inLanguage\":\"de\",\"potentialAction\":[{\"@type\":\"ReadAction\",\"target\":[\"https:\/\/ekkla.ch\/de\/produit\/schwarze-hangeleuchte-mit-griff-ball-frandsen\/\"]}]},{\"@type\":\"ImageObject\",\"inLanguage\":\"de\",\"@id\":\"https:\/\/ekkla.ch\/de\/produit\/schwarze-hangeleuchte-mit-griff-ball-frandsen\/#primaryimage\",\"url\":\"https:\/\/ekkla.ch\/wp-content\/uploads\/2021\/04\/BallWithHandle_Pendant18cm_MattBlack_ImageProduit.jpg\",\"contentUrl\":\"https:\/\/ekkla.ch\/wp-content\/uploads\/2021\/04\/BallWithHandle_Pendant18cm_MattBlack_ImageProduit.jpg\",\"width\":900,\"height\":900,\"caption\":\"Suspension Ball avec poign\u00e9e Frandsen\"},{\"@type\":\"BreadcrumbList\",\"@id\":\"https:\/\/ekkla.ch\/de\/produit\/schwarze-hangeleuchte-mit-griff-ball-frandsen\/#breadcrumb\",\"itemListElement\":[{\"@type\":\"ListItem\",\"position\":1,\"name\":\"Home\",\"item\":\"https:\/\/ekkla.ch\/de\/\"},{\"@type\":\"ListItem\",\"position\":2,\"name\":\"Shop\",\"item\":\"https:\/\/ekkla.ch\/de\/shop\/\"},{\"@type\":\"ListItem\",\"position\":3,\"name\":\"H\u00e4ngeleuchte Ball mit Griff &#8211; schwarz &#8211; Frandsen\"}]},{\"@type\":\"WebSite\",\"@id\":\"https:\/\/ekkla.ch\/#website\",\"url\":\"https:\/\/ekkla.ch\/\",\"name\":\"Ekkla\",\"description\":\"Der Onlineshop f\u00fcr Beleuchtung\",\"publisher\":{\"@id\":\"https:\/\/ekkla.ch\/#organization\"},\"potentialAction\":[{\"@type\":\"SearchAction\",\"target\":{\"@type\":\"EntryPoint\",\"urlTemplate\":\"https:\/\/ekkla.ch\/?s={search_term_string}\"},\"query-input\":\"required name=search_term_string\"}],\"inLanguage\":\"de\"},{\"@type\":\"Organization\",\"@id\":\"https:\/\/ekkla.ch\/#organization\",\"name\":\"Ekkla\",\"url\":\"https:\/\/ekkla.ch\/\",\"logo\":{\"@type\":\"ImageObject\",\"inLanguage\":\"de\",\"@id\":\"https:\/\/ekkla.ch\/#\/schema\/logo\/image\/\",\"url\":\"http:\/\/ekkla.ch\/wp-content\/uploads\/2019\/07\/logo-1.svg\",\"contentUrl\":\"http:\/\/ekkla.ch\/wp-content\/uploads\/2019\/07\/logo-1.svg\",\"width\":1,\"height\":1,\"caption\":\"Ekkla\"},\"image\":{\"@id\":\"https:\/\/ekkla.ch\/#\/schema\/logo\/image\/\"},\"sameAs\":[\"https:\/\/www.instagram.com\/ekkla_light\/\"]}]}<\/script>\n<!-- \/ Yoast SEO Premium plugin. -->","yoast_head_json":{"title":"Frandsen | H\u00e4ngeleuchte Ball mit Griff schwarz | Metall | Ekkla","description":"Mit ihrer geometrischen Form, ihrer Funktionalit\u00e4t und der pr\u00e4zisen Steuerung des Lichts ist die Ball H\u00e4ngeleuchte ideal zum Arbeiten oder Lesen.","robots":{"index":"index","follow":"follow","max-snippet":"max-snippet:-1","max-image-preview":"max-image-preview:large","max-video-preview":"max-video-preview:-1"},"canonical":"https:\/\/ekkla.ch\/de\/produit\/schwarze-hangeleuchte-mit-griff-ball-frandsen\/","og_locale":"de_DE","og_type":"article","og_title":"H\u00e4ngeleuchte Ball mit Griff - schwarz - Frandsen","og_description":"Mit ihrer geometrischen Form, ihrer Funktionalit\u00e4t und der pr\u00e4zisen Steuerung des Lichts ist die Ball H\u00e4ngeleuchte ideal zum Arbeiten oder Lesen.","og_url":"https:\/\/ekkla.ch\/de\/produit\/schwarze-hangeleuchte-mit-griff-ball-frandsen\/","og_site_name":"Ekkla","article_modified_time":"2022-09-15T14:12:39+00:00","og_image":[{"width":900,"height":900,"url":"https:\/\/ekkla.ch\/wp-content\/uploads\/2021\/04\/BallWithHandle_Pendant18cm_MattBlack_ImageProduit.jpg","type":"image\/jpeg"}],"twitter_card":"summary_large_image","twitter_misc":{"Gesch\u00e4tzte Lesezeit":"1\u00a0Minute"},"schema":{"@context":"https:\/\/schema.org","@graph":[{"@type":"WebPage","@id":"https:\/\/ekkla.ch\/de\/produit\/schwarze-hangeleuchte-mit-griff-ball-frandsen\/","url":"https:\/\/ekkla.ch\/de\/produit\/schwarze-hangeleuchte-mit-griff-ball-frandsen\/","name":"Frandsen | H\u00e4ngeleuchte Ball mit Griff schwarz | Metall | Ekkla","isPartOf":{"@id":"https:\/\/ekkla.ch\/#website"},"primaryImageOfPage":{"@id":"https:\/\/ekkla.ch\/de\/produit\/schwarze-hangeleuchte-mit-griff-ball-frandsen\/#primaryimage"},"image":{"@id":"https:\/\/ekkla.ch\/de\/produit\/schwarze-hangeleuchte-mit-griff-ball-frandsen\/#primaryimage"},"thumbnailUrl":"https:\/\/ekkla.ch\/wp-content\/uploads\/2021\/04\/BallWithHandle_Pendant18cm_MattBlack_ImageProduit.jpg","datePublished":"2021-04-16T15:16:43+00:00","dateModified":"2022-09-15T14:12:39+00:00","description":"Mit ihrer geometrischen Form, ihrer Funktionalit\u00e4t und der pr\u00e4zisen Steuerung des Lichts ist die Ball H\u00e4ngeleuchte ideal zum Arbeiten oder Lesen.","breadcrumb":{"@id":"https:\/\/ekkla.ch\/de\/produit\/schwarze-hangeleuchte-mit-griff-ball-frandsen\/#breadcrumb"},"inLanguage":"de","potentialAction":[{"@type":"ReadAction","target":["https:\/\/ekkla.ch\/de\/produit\/schwarze-hangeleuchte-mit-griff-ball-frandsen\/"]}]},{"@type":"ImageObject","inLanguage":"de","@id":"https:\/\/ekkla.ch\/de\/produit\/schwarze-hangeleuchte-mit-griff-ball-frandsen\/#primaryimage","url":"https:\/\/ekkla.ch\/wp-content\/uploads\/2021\/04\/BallWithHandle_Pendant18cm_MattBlack_ImageProduit.jpg","contentUrl":"https:\/\/ekkla.ch\/wp-content\/uploads\/2021\/04\/BallWithHandle_Pendant18cm_MattBlack_ImageProduit.jpg","width":900,"height":900,"caption":"Suspension Ball avec poign\u00e9e Frandsen"},{"@type":"BreadcrumbList","@id":"https:\/\/ekkla.ch\/de\/produit\/schwarze-hangeleuchte-mit-griff-ball-frandsen\/#breadcrumb","itemListElement":[{"@type":"ListItem","position":1,"name":"Home","item":"https:\/\/ekkla.ch\/de\/"},{"@type":"ListItem","position":2,"name":"Shop","item":"https:\/\/ekkla.ch\/de\/shop\/"},{"@type":"ListItem","position":3,"name":"H\u00e4ngeleuchte Ball mit Griff &#8211; schwarz &#8211; Frandsen"}]},{"@type":"WebSite","@id":"https:\/\/ekkla.ch\/#website","url":"https:\/\/ekkla.ch\/","name":"Ekkla","description":"Der Onlineshop f\u00fcr Beleuchtung","publisher":{"@id":"https:\/\/ekkla.ch\/#organization"},"potentialAction":[{"@type":"SearchAction","target":{"@type":"EntryPoint","urlTemplate":"https:\/\/ekkla.ch\/?s={search_term_string}"},"query-input":"required name=search_term_string"}],"inLanguage":"de"},{"@type":"Organization","@id":"https:\/\/ekkla.ch\/#organization","name":"Ekkla","url":"https:\/\/ekkla.ch\/","logo":{"@type":"ImageObject","inLanguage":"de","@id":"https:\/\/ekkla.ch\/#\/schema\/logo\/image\/","url":"http:\/\/ekkla.ch\/wp-content\/uploads\/2019\/07\/logo-1.svg","contentUrl":"http:\/\/ekkla.ch\/wp-content\/uploads\/2019\/07\/logo-1.svg","width":1,"height":1,"caption":"Ekkla"},"image":{"@id":"https:\/\/ekkla.ch\/#\/schema\/logo\/image\/"},"sameAs":["https:\/\/www.instagram.com\/ekkla_light\/"]}]}},"_links":{"self":[{"href":"https:\/\/ekkla.ch\/de\/wp-json\/wp\/v2\/product\/70600"}],"collection":[{"href":"https:\/\/ekkla.ch\/de\/wp-json\/wp\/v2\/product"}],"about":[{"href":"https:\/\/ekkla.ch\/de\/wp-json\/wp\/v2\/types\/product"}],"wp:featuredmedia":[{"embeddable":true,"href":"https:\/\/ekkla.ch\/de\/wp-json\/wp\/v2\/media\/67771"}],"wp:attachment":[{"href":"https:\/\/ekkla.ch\/de\/wp-json\/wp\/v2\/media?parent=70600"}],"wp:term":[{"taxonomy":"product_cat","embeddable":true,"href":"https:\/\/ekkla.ch\/de\/wp-json\/wp\/v2\/product_cat?post=70600"},{"taxonomy":"product_tag","embeddable":true,"href":"https:\/\/ekkla.ch\/de\/wp-json\/wp\/v2\/product_tag?post=70600"}],"curies":[{"name":"wp","href":"https:\/\/api.w.org\/{rel}","templated":true}]}}