{"id":87843,"date":"2021-05-28T15:05:45","date_gmt":"2021-05-28T13:05:45","guid":{"rendered":"https:\/\/ekkla.ch\/produit\/stehleuchte-hebe-gross-keramik-und-textil-128-zm-ferm-living\/"},"modified":"2022-02-06T20:26:49","modified_gmt":"2022-02-06T19:26:49","slug":"stehleuchte-hebe-gross-keramik-und-textil-128-zm-ferm-living","status":"publish","type":"product","link":"https:\/\/ekkla.ch\/de\/produit\/stehleuchte-hebe-gross-keramik-und-textil-128-zm-ferm-living\/","title":{"rendered":"Stehleuchte Hebe &#8211; anthrazit und hellbeige &#8211; H.128 &#8211; Keramik und Textil &#8211; Ferm Living"},"content":{"rendered":"<p>Die Lampenserie Hebe bringt mit k\u00fchnen Formen und einer k\u00fcnstlerischen Note frischen Wind in das klassische Lampendesign. Die weiche, fliessende Silhouette des Sockels wurde urspr\u00fcnglich von Hand geformt, ist von der Natur inspiriert und hat eine feminine Note. Dieser Sockel aus Keramik hat eine matte, raue und leichte Oberfl\u00e4che und verleiht jedem Raum einen rohen und dennoch entspannten Look. Der textile Lampenschirm verleiht der Leuchte einen sanften Touch und bringt die n\u00f6tige Gem\u00fctlichkeit in Ihr Zuhause. Dimmbarer Schalter. Gl\u00fchbirne nicht enthalten.<\/p>\n<blockquote>\n<h2>Merkmale &amp; Eigenschaften<\/h2>\n<p><strong>Marke<\/strong>\u00a0Ferm Living<\/p>\n<p><strong>Farbe<\/strong> Anthrazit (weisser Lampenschirm)<\/p>\n<p><strong>Material\u00a0<\/strong>Keramik (Textil-Lampenschirm)<\/p>\n<p><strong>Gl\u00fchbirne<\/strong>\u00a0E27 (nicht inbegriffen)<\/p>\n<p><strong>H\u00f6he (cm)<\/strong> 128<\/p>\n<p><strong>Durchmesser des Schirms (cm)<\/strong>\u00a030<\/p><\/blockquote>\n","protected":false},"excerpt":{"rendered":"<p>Die Lampenserie Hebe bringt mit k\u00fchnen Formen und einer k\u00fcnstlerischen Note frischen Wind in das klassische Lampendesign. Die weiche, fliessende Silhouette des Sockels wurde urspr\u00fcnglich von Hand geformt, ist von der Natur inspiriert und hat eine feminine Note. Dieser Sockel aus Keramik hat eine matte, raue und leichte Oberfl\u00e4che und verleiht jedem Raum einen rohen [&hellip;]<\/p>\n","protected":false},"featured_media":87778,"template":"","meta":{"_acf_changed":false,"om_disable_all_campaigns":false},"product_cat":[289],"product_tag":[1258,896,1188,858,816],"bundled_by":[],"bundle_stock_status":"onbackorder","bundle_stock_quantity":1,"bundle_virtual":false,"bundle_layout":"","bundle_add_to_cart_form_location":"","bundle_editable_in_cart":false,"bundle_sold_individually_context":"","bundle_item_grouping":"","bundle_min_size":"","bundle_max_size":"","bundle_price":[],"bundled_items":[],"bundle_sell_ids":[],"acf":[],"yoast_head":"<!-- This site is optimized with the Yoast SEO Premium plugin v22.2 (Yoast SEO v22.8) - https:\/\/yoast.com\/wordpress\/plugins\/seo\/ -->\n<title>Ferm Living | Stehleuchte Hebe gross | Keramik | Anthrazit | Ekkla<\/title>\n<meta name=\"description\" content=\"Die Lampenserie Hebe bringt mit k\u00fchnen Formen und einer k\u00fcnstlerischen Note frischen Wind in das klassische Lampendesign.\" \/>\n<meta name=\"robots\" content=\"index, follow, max-snippet:-1, max-image-preview:large, max-video-preview:-1\" \/>\n<link rel=\"canonical\" href=\"https:\/\/ekkla.ch\/de\/produit\/stehleuchte-hebe-gross-keramik-und-textil-128-zm-ferm-living\/\" \/>\n<meta property=\"og:locale\" content=\"de_DE\" \/>\n<meta property=\"og:type\" content=\"article\" \/>\n<meta property=\"og:title\" content=\"Stehleuchte Hebe - anthrazit und hellbeige - H.128 - Keramik und Textil - Ferm Living\" \/>\n<meta property=\"og:description\" content=\"Die Lampenserie Hebe bringt mit k\u00fchnen Formen und einer k\u00fcnstlerischen Note frischen Wind in das klassische Lampendesign.\" \/>\n<meta property=\"og:url\" content=\"https:\/\/ekkla.ch\/de\/produit\/stehleuchte-hebe-gross-keramik-und-textil-128-zm-ferm-living\/\" \/>\n<meta property=\"og:site_name\" content=\"Ekkla\" \/>\n<meta property=\"article:modified_time\" content=\"2022-02-06T19:26:49+00:00\" \/>\n<meta property=\"og:image\" content=\"https:\/\/ekkla.ch\/wp-content\/uploads\/2021\/05\/Lampe-de-sol-Hebe-dark.png\" \/>\n\t<meta property=\"og:image:width\" content=\"900\" \/>\n\t<meta property=\"og:image:height\" content=\"900\" \/>\n\t<meta property=\"og:image:type\" content=\"image\/png\" \/>\n<meta name=\"twitter:card\" content=\"summary_large_image\" \/>\n<meta name=\"twitter:label1\" content=\"Gesch\u00e4tzte Lesezeit\" \/>\n\t<meta name=\"twitter:data1\" content=\"1\u00a0Minute\" \/>\n<script type=\"application\/ld+json\" class=\"yoast-schema-graph\">{\"@context\":\"https:\/\/schema.org\",\"@graph\":[{\"@type\":\"WebPage\",\"@id\":\"https:\/\/ekkla.ch\/de\/produit\/stehleuchte-hebe-gross-keramik-und-textil-128-zm-ferm-living\/\",\"url\":\"https:\/\/ekkla.ch\/de\/produit\/stehleuchte-hebe-gross-keramik-und-textil-128-zm-ferm-living\/\",\"name\":\"Ferm Living | Stehleuchte Hebe gross | Keramik | Anthrazit | Ekkla\",\"isPartOf\":{\"@id\":\"https:\/\/ekkla.ch\/#website\"},\"primaryImageOfPage\":{\"@id\":\"https:\/\/ekkla.ch\/de\/produit\/stehleuchte-hebe-gross-keramik-und-textil-128-zm-ferm-living\/#primaryimage\"},\"image\":{\"@id\":\"https:\/\/ekkla.ch\/de\/produit\/stehleuchte-hebe-gross-keramik-und-textil-128-zm-ferm-living\/#primaryimage\"},\"thumbnailUrl\":\"https:\/\/ekkla.ch\/wp-content\/uploads\/2021\/05\/Lampe-de-sol-Hebe-dark.png\",\"datePublished\":\"2021-05-28T13:05:45+00:00\",\"dateModified\":\"2022-02-06T19:26:49+00:00\",\"description\":\"Die Lampenserie Hebe bringt mit k\u00fchnen Formen und einer k\u00fcnstlerischen Note frischen Wind in das klassische Lampendesign.\",\"breadcrumb\":{\"@id\":\"https:\/\/ekkla.ch\/de\/produit\/stehleuchte-hebe-gross-keramik-und-textil-128-zm-ferm-living\/#breadcrumb\"},\"inLanguage\":\"de\",\"potentialAction\":[{\"@type\":\"ReadAction\",\"target\":[\"https:\/\/ekkla.ch\/de\/produit\/stehleuchte-hebe-gross-keramik-und-textil-128-zm-ferm-living\/\"]}]},{\"@type\":\"ImageObject\",\"inLanguage\":\"de\",\"@id\":\"https:\/\/ekkla.ch\/de\/produit\/stehleuchte-hebe-gross-keramik-und-textil-128-zm-ferm-living\/#primaryimage\",\"url\":\"https:\/\/ekkla.ch\/wp-content\/uploads\/2021\/05\/Lampe-de-sol-Hebe-dark.png\",\"contentUrl\":\"https:\/\/ekkla.ch\/wp-content\/uploads\/2021\/05\/Lampe-de-sol-Hebe-dark.png\",\"width\":900,\"height\":900},{\"@type\":\"BreadcrumbList\",\"@id\":\"https:\/\/ekkla.ch\/de\/produit\/stehleuchte-hebe-gross-keramik-und-textil-128-zm-ferm-living\/#breadcrumb\",\"itemListElement\":[{\"@type\":\"ListItem\",\"position\":1,\"name\":\"Home\",\"item\":\"https:\/\/ekkla.ch\/de\/\"},{\"@type\":\"ListItem\",\"position\":2,\"name\":\"Shop\",\"item\":\"https:\/\/ekkla.ch\/de\/shop\/\"},{\"@type\":\"ListItem\",\"position\":3,\"name\":\"Stehleuchte Hebe &#8211; anthrazit und hellbeige &#8211; H.128 &#8211; Keramik und Textil &#8211; Ferm Living\"}]},{\"@type\":\"WebSite\",\"@id\":\"https:\/\/ekkla.ch\/#website\",\"url\":\"https:\/\/ekkla.ch\/\",\"name\":\"Ekkla\",\"description\":\"Der Onlineshop f\u00fcr Beleuchtung\",\"publisher\":{\"@id\":\"https:\/\/ekkla.ch\/#organization\"},\"potentialAction\":[{\"@type\":\"SearchAction\",\"target\":{\"@type\":\"EntryPoint\",\"urlTemplate\":\"https:\/\/ekkla.ch\/?s={search_term_string}\"},\"query-input\":\"required name=search_term_string\"}],\"inLanguage\":\"de\"},{\"@type\":\"Organization\",\"@id\":\"https:\/\/ekkla.ch\/#organization\",\"name\":\"Ekkla\",\"url\":\"https:\/\/ekkla.ch\/\",\"logo\":{\"@type\":\"ImageObject\",\"inLanguage\":\"de\",\"@id\":\"https:\/\/ekkla.ch\/#\/schema\/logo\/image\/\",\"url\":\"http:\/\/ekkla.ch\/wp-content\/uploads\/2019\/07\/logo-1.svg\",\"contentUrl\":\"http:\/\/ekkla.ch\/wp-content\/uploads\/2019\/07\/logo-1.svg\",\"width\":1,\"height\":1,\"caption\":\"Ekkla\"},\"image\":{\"@id\":\"https:\/\/ekkla.ch\/#\/schema\/logo\/image\/\"},\"sameAs\":[\"https:\/\/www.instagram.com\/ekkla_light\/\"]}]}<\/script>\n<!-- \/ Yoast SEO Premium plugin. -->","yoast_head_json":{"title":"Ferm Living | Stehleuchte Hebe gross | Keramik | Anthrazit | Ekkla","description":"Die Lampenserie Hebe bringt mit k\u00fchnen Formen und einer k\u00fcnstlerischen Note frischen Wind in das klassische Lampendesign.","robots":{"index":"index","follow":"follow","max-snippet":"max-snippet:-1","max-image-preview":"max-image-preview:large","max-video-preview":"max-video-preview:-1"},"canonical":"https:\/\/ekkla.ch\/de\/produit\/stehleuchte-hebe-gross-keramik-und-textil-128-zm-ferm-living\/","og_locale":"de_DE","og_type":"article","og_title":"Stehleuchte Hebe - anthrazit und hellbeige - H.128 - Keramik und Textil - Ferm Living","og_description":"Die Lampenserie Hebe bringt mit k\u00fchnen Formen und einer k\u00fcnstlerischen Note frischen Wind in das klassische Lampendesign.","og_url":"https:\/\/ekkla.ch\/de\/produit\/stehleuchte-hebe-gross-keramik-und-textil-128-zm-ferm-living\/","og_site_name":"Ekkla","article_modified_time":"2022-02-06T19:26:49+00:00","og_image":[{"width":900,"height":900,"url":"https:\/\/ekkla.ch\/wp-content\/uploads\/2021\/05\/Lampe-de-sol-Hebe-dark.png","type":"image\/png"}],"twitter_card":"summary_large_image","twitter_misc":{"Gesch\u00e4tzte Lesezeit":"1\u00a0Minute"},"schema":{"@context":"https:\/\/schema.org","@graph":[{"@type":"WebPage","@id":"https:\/\/ekkla.ch\/de\/produit\/stehleuchte-hebe-gross-keramik-und-textil-128-zm-ferm-living\/","url":"https:\/\/ekkla.ch\/de\/produit\/stehleuchte-hebe-gross-keramik-und-textil-128-zm-ferm-living\/","name":"Ferm Living | Stehleuchte Hebe gross | Keramik | Anthrazit | Ekkla","isPartOf":{"@id":"https:\/\/ekkla.ch\/#website"},"primaryImageOfPage":{"@id":"https:\/\/ekkla.ch\/de\/produit\/stehleuchte-hebe-gross-keramik-und-textil-128-zm-ferm-living\/#primaryimage"},"image":{"@id":"https:\/\/ekkla.ch\/de\/produit\/stehleuchte-hebe-gross-keramik-und-textil-128-zm-ferm-living\/#primaryimage"},"thumbnailUrl":"https:\/\/ekkla.ch\/wp-content\/uploads\/2021\/05\/Lampe-de-sol-Hebe-dark.png","datePublished":"2021-05-28T13:05:45+00:00","dateModified":"2022-02-06T19:26:49+00:00","description":"Die Lampenserie Hebe bringt mit k\u00fchnen Formen und einer k\u00fcnstlerischen Note frischen Wind in das klassische Lampendesign.","breadcrumb":{"@id":"https:\/\/ekkla.ch\/de\/produit\/stehleuchte-hebe-gross-keramik-und-textil-128-zm-ferm-living\/#breadcrumb"},"inLanguage":"de","potentialAction":[{"@type":"ReadAction","target":["https:\/\/ekkla.ch\/de\/produit\/stehleuchte-hebe-gross-keramik-und-textil-128-zm-ferm-living\/"]}]},{"@type":"ImageObject","inLanguage":"de","@id":"https:\/\/ekkla.ch\/de\/produit\/stehleuchte-hebe-gross-keramik-und-textil-128-zm-ferm-living\/#primaryimage","url":"https:\/\/ekkla.ch\/wp-content\/uploads\/2021\/05\/Lampe-de-sol-Hebe-dark.png","contentUrl":"https:\/\/ekkla.ch\/wp-content\/uploads\/2021\/05\/Lampe-de-sol-Hebe-dark.png","width":900,"height":900},{"@type":"BreadcrumbList","@id":"https:\/\/ekkla.ch\/de\/produit\/stehleuchte-hebe-gross-keramik-und-textil-128-zm-ferm-living\/#breadcrumb","itemListElement":[{"@type":"ListItem","position":1,"name":"Home","item":"https:\/\/ekkla.ch\/de\/"},{"@type":"ListItem","position":2,"name":"Shop","item":"https:\/\/ekkla.ch\/de\/shop\/"},{"@type":"ListItem","position":3,"name":"Stehleuchte Hebe &#8211; anthrazit und hellbeige &#8211; H.128 &#8211; Keramik und Textil &#8211; Ferm Living"}]},{"@type":"WebSite","@id":"https:\/\/ekkla.ch\/#website","url":"https:\/\/ekkla.ch\/","name":"Ekkla","description":"Der Onlineshop f\u00fcr Beleuchtung","publisher":{"@id":"https:\/\/ekkla.ch\/#organization"},"potentialAction":[{"@type":"SearchAction","target":{"@type":"EntryPoint","urlTemplate":"https:\/\/ekkla.ch\/?s={search_term_string}"},"query-input":"required name=search_term_string"}],"inLanguage":"de"},{"@type":"Organization","@id":"https:\/\/ekkla.ch\/#organization","name":"Ekkla","url":"https:\/\/ekkla.ch\/","logo":{"@type":"ImageObject","inLanguage":"de","@id":"https:\/\/ekkla.ch\/#\/schema\/logo\/image\/","url":"http:\/\/ekkla.ch\/wp-content\/uploads\/2019\/07\/logo-1.svg","contentUrl":"http:\/\/ekkla.ch\/wp-content\/uploads\/2019\/07\/logo-1.svg","width":1,"height":1,"caption":"Ekkla"},"image":{"@id":"https:\/\/ekkla.ch\/#\/schema\/logo\/image\/"},"sameAs":["https:\/\/www.instagram.com\/ekkla_light\/"]}]}},"_links":{"self":[{"href":"https:\/\/ekkla.ch\/de\/wp-json\/wp\/v2\/product\/87843"}],"collection":[{"href":"https:\/\/ekkla.ch\/de\/wp-json\/wp\/v2\/product"}],"about":[{"href":"https:\/\/ekkla.ch\/de\/wp-json\/wp\/v2\/types\/product"}],"wp:featuredmedia":[{"embeddable":true,"href":"https:\/\/ekkla.ch\/de\/wp-json\/wp\/v2\/media\/87778"}],"wp:attachment":[{"href":"https:\/\/ekkla.ch\/de\/wp-json\/wp\/v2\/media?parent=87843"}],"wp:term":[{"taxonomy":"product_cat","embeddable":true,"href":"https:\/\/ekkla.ch\/de\/wp-json\/wp\/v2\/product_cat?post=87843"},{"taxonomy":"product_tag","embeddable":true,"href":"https:\/\/ekkla.ch\/de\/wp-json\/wp\/v2\/product_tag?post=87843"}],"curies":[{"name":"wp","href":"https:\/\/api.w.org\/{rel}","templated":true}]}}