{"id":89554,"date":"2021-05-31T13:50:28","date_gmt":"2021-05-31T11:50:28","guid":{"rendered":"https:\/\/ekkla.ch\/produit\/wandleuchte-arum-schwarz-ferm-living\/"},"modified":"2022-05-04T11:28:42","modified_gmt":"2022-05-04T09:28:42","slug":"wandleuchte-arum-schwarz-h-47-metall-ferm-living","status":"publish","type":"product","link":"https:\/\/ekkla.ch\/de\/produit\/wandleuchte-arum-schwarz-h-47-metall-ferm-living\/","title":{"rendered":"Wandleuchte Arum &#8211; schwarz &#8211; H.47 &#8211; Metall &#8211; Ferm Living"},"content":{"rendered":"<p>Der bl\u00fctenblatt\u00e4hnliche Lampenschirm der Arum-Wandleuchte sorgt f\u00fcr ein weiches diffuses Licht, das sich perfekt eignet, um in Ihrem Zuhause ein gem\u00fctliches Ambiente zu schaffen. Der Schirm h\u00e4ngt an einem schlanken pulverbeschichteten Metallrahmen, der mit einer Halterung an der Wand angebracht wird, wobei der Lampenschirm im perfekten Winkel geneigt werden kann. Die Lampe wird mit einer Wandhalterung und Steckdose mit Schalter geliefert, so dass sie leicht an einer Wand angebracht werden kann. Gl\u00fchbirne nicht enthalten.<\/p>\n<blockquote>\n<h2>Merkmale &amp; Eigenschaften<\/h2>\n<p><strong>\u00a0 \u00a0 \u00a0Marke<\/strong> Ferm Living<\/p>\n<p><strong>\u00a0 \u00a0 \u00a0Farbe<\/strong> Schwarz (weisser und schwarzer Schirm)<\/p>\n<p><strong>\u00a0 \u00a0 \u00a0Materialen\u00a0<\/strong>Metall (Schirm aus Aluminium)<\/p>\n<p><strong>\u00a0 \u00a0 \u00a0Gl\u00fchbirne<\/strong> E14 (nicht inbegriffen)<\/p>\n<p><strong>\u00a0 \u00a0 \u00a0Max. Leistung (W)\u00a0<\/strong>12<\/p>\n<p><strong>\u00a0 \u00a0 \u00a0H\u00f6he (cm) <\/strong>47<\/p>\n<p><strong>\u00a0 \u00a0 \u00a0Durchmesser Lampenschirm (cm)\u00a0<\/strong>25,5<\/p>\n<p><strong>\u00a0 \u00a0 \u00a0Gewicht (kg)\u00a0<\/strong>0,9<\/p><\/blockquote>\n","protected":false},"excerpt":{"rendered":"<p>Der bl\u00fctenblatt\u00e4hnliche Lampenschirm der Arum-Wandleuchte sorgt f\u00fcr ein weiches diffuses Licht, das sich perfekt eignet, um in Ihrem Zuhause ein gem\u00fctliches Ambiente zu schaffen. Der Schirm h\u00e4ngt an einem schlanken pulverbeschichteten Metallrahmen, der mit einer Halterung an der Wand angebracht wird, wobei der Lampenschirm im perfekten Winkel geneigt werden kann. Die Lampe wird mit einer [&hellip;]<\/p>\n","protected":false},"featured_media":88922,"template":"","meta":{"_acf_changed":false,"om_disable_all_campaigns":false},"product_cat":[286],"product_tag":[1258,896,1188,858,816],"bundled_by":[],"bundle_stock_status":"onbackorder","bundle_stock_quantity":2,"bundle_virtual":false,"bundle_layout":"","bundle_add_to_cart_form_location":"","bundle_editable_in_cart":false,"bundle_sold_individually_context":"","bundle_item_grouping":"","bundle_min_size":"","bundle_max_size":"","bundle_price":[],"bundled_items":[],"bundle_sell_ids":[],"acf":[],"yoast_head":"<!-- This site is optimized with the Yoast SEO Premium plugin v22.2 (Yoast SEO v22.8) - https:\/\/yoast.com\/wordpress\/plugins\/seo\/ -->\n<title>Ferm Living | Wandleuchte Arum schwarz | Metall | Ekkla<\/title>\n<meta name=\"description\" content=\"Die Wandlampe Arum zeichnet sich durch ihren geformten Lampenschirm aus, der wie ein Blatt an einem geschwungenen Metallbogen h\u00e4ngt.\" \/>\n<meta name=\"robots\" content=\"index, follow, max-snippet:-1, max-image-preview:large, max-video-preview:-1\" \/>\n<link rel=\"canonical\" href=\"https:\/\/ekkla.ch\/de\/produit\/wandleuchte-arum-schwarz-h-47-metall-ferm-living\/\" \/>\n<meta property=\"og:locale\" content=\"de_DE\" \/>\n<meta property=\"og:type\" content=\"article\" \/>\n<meta property=\"og:title\" content=\"Wandleuchte Arum - schwarz - H.47 - Metall - Ferm Living\" \/>\n<meta property=\"og:description\" content=\"Die Wandlampe Arum zeichnet sich durch ihren geformten Lampenschirm aus, der wie ein Blatt an einem geschwungenen Metallbogen h\u00e4ngt.\" \/>\n<meta property=\"og:url\" content=\"https:\/\/ekkla.ch\/de\/produit\/wandleuchte-arum-schwarz-h-47-metall-ferm-living\/\" \/>\n<meta property=\"og:site_name\" content=\"Ekkla\" \/>\n<meta property=\"article:modified_time\" content=\"2022-05-04T09:28:42+00:00\" \/>\n<meta property=\"og:image\" content=\"https:\/\/ekkla.ch\/wp-content\/uploads\/2021\/05\/Applique-murale-Arum-noire-Ferm-Living2.jpg\" \/>\n\t<meta property=\"og:image:width\" content=\"900\" \/>\n\t<meta property=\"og:image:height\" content=\"900\" \/>\n\t<meta property=\"og:image:type\" content=\"image\/jpeg\" \/>\n<meta name=\"twitter:card\" content=\"summary_large_image\" \/>\n<meta name=\"twitter:label1\" content=\"Gesch\u00e4tzte Lesezeit\" \/>\n\t<meta name=\"twitter:data1\" content=\"1\u00a0Minute\" \/>\n<script type=\"application\/ld+json\" class=\"yoast-schema-graph\">{\"@context\":\"https:\/\/schema.org\",\"@graph\":[{\"@type\":\"WebPage\",\"@id\":\"https:\/\/ekkla.ch\/de\/produit\/wandleuchte-arum-schwarz-h-47-metall-ferm-living\/\",\"url\":\"https:\/\/ekkla.ch\/de\/produit\/wandleuchte-arum-schwarz-h-47-metall-ferm-living\/\",\"name\":\"Ferm Living | Wandleuchte Arum schwarz | Metall | Ekkla\",\"isPartOf\":{\"@id\":\"https:\/\/ekkla.ch\/#website\"},\"primaryImageOfPage\":{\"@id\":\"https:\/\/ekkla.ch\/de\/produit\/wandleuchte-arum-schwarz-h-47-metall-ferm-living\/#primaryimage\"},\"image\":{\"@id\":\"https:\/\/ekkla.ch\/de\/produit\/wandleuchte-arum-schwarz-h-47-metall-ferm-living\/#primaryimage\"},\"thumbnailUrl\":\"https:\/\/ekkla.ch\/wp-content\/uploads\/2021\/05\/Applique-murale-Arum-noire-Ferm-Living2.jpg\",\"datePublished\":\"2021-05-31T11:50:28+00:00\",\"dateModified\":\"2022-05-04T09:28:42+00:00\",\"description\":\"Die Wandlampe Arum zeichnet sich durch ihren geformten Lampenschirm aus, der wie ein Blatt an einem geschwungenen Metallbogen h\u00e4ngt.\",\"breadcrumb\":{\"@id\":\"https:\/\/ekkla.ch\/de\/produit\/wandleuchte-arum-schwarz-h-47-metall-ferm-living\/#breadcrumb\"},\"inLanguage\":\"de\",\"potentialAction\":[{\"@type\":\"ReadAction\",\"target\":[\"https:\/\/ekkla.ch\/de\/produit\/wandleuchte-arum-schwarz-h-47-metall-ferm-living\/\"]}]},{\"@type\":\"ImageObject\",\"inLanguage\":\"de\",\"@id\":\"https:\/\/ekkla.ch\/de\/produit\/wandleuchte-arum-schwarz-h-47-metall-ferm-living\/#primaryimage\",\"url\":\"https:\/\/ekkla.ch\/wp-content\/uploads\/2021\/05\/Applique-murale-Arum-noire-Ferm-Living2.jpg\",\"contentUrl\":\"https:\/\/ekkla.ch\/wp-content\/uploads\/2021\/05\/Applique-murale-Arum-noire-Ferm-Living2.jpg\",\"width\":900,\"height\":900,\"caption\":\"Applique murale Arum Noir Ferm Living\"},{\"@type\":\"BreadcrumbList\",\"@id\":\"https:\/\/ekkla.ch\/de\/produit\/wandleuchte-arum-schwarz-h-47-metall-ferm-living\/#breadcrumb\",\"itemListElement\":[{\"@type\":\"ListItem\",\"position\":1,\"name\":\"Home\",\"item\":\"https:\/\/ekkla.ch\/de\/\"},{\"@type\":\"ListItem\",\"position\":2,\"name\":\"Shop\",\"item\":\"https:\/\/ekkla.ch\/de\/shop\/\"},{\"@type\":\"ListItem\",\"position\":3,\"name\":\"Wandleuchte Arum &#8211; schwarz &#8211; H.47 &#8211; Metall &#8211; Ferm Living\"}]},{\"@type\":\"WebSite\",\"@id\":\"https:\/\/ekkla.ch\/#website\",\"url\":\"https:\/\/ekkla.ch\/\",\"name\":\"Ekkla\",\"description\":\"Der Onlineshop f\u00fcr Beleuchtung\",\"publisher\":{\"@id\":\"https:\/\/ekkla.ch\/#organization\"},\"potentialAction\":[{\"@type\":\"SearchAction\",\"target\":{\"@type\":\"EntryPoint\",\"urlTemplate\":\"https:\/\/ekkla.ch\/?s={search_term_string}\"},\"query-input\":\"required name=search_term_string\"}],\"inLanguage\":\"de\"},{\"@type\":\"Organization\",\"@id\":\"https:\/\/ekkla.ch\/#organization\",\"name\":\"Ekkla\",\"url\":\"https:\/\/ekkla.ch\/\",\"logo\":{\"@type\":\"ImageObject\",\"inLanguage\":\"de\",\"@id\":\"https:\/\/ekkla.ch\/#\/schema\/logo\/image\/\",\"url\":\"http:\/\/ekkla.ch\/wp-content\/uploads\/2019\/07\/logo-1.svg\",\"contentUrl\":\"http:\/\/ekkla.ch\/wp-content\/uploads\/2019\/07\/logo-1.svg\",\"width\":1,\"height\":1,\"caption\":\"Ekkla\"},\"image\":{\"@id\":\"https:\/\/ekkla.ch\/#\/schema\/logo\/image\/\"},\"sameAs\":[\"https:\/\/www.instagram.com\/ekkla_light\/\"]}]}<\/script>\n<!-- \/ Yoast SEO Premium plugin. -->","yoast_head_json":{"title":"Ferm Living | Wandleuchte Arum schwarz | Metall | Ekkla","description":"Die Wandlampe Arum zeichnet sich durch ihren geformten Lampenschirm aus, der wie ein Blatt an einem geschwungenen Metallbogen h\u00e4ngt.","robots":{"index":"index","follow":"follow","max-snippet":"max-snippet:-1","max-image-preview":"max-image-preview:large","max-video-preview":"max-video-preview:-1"},"canonical":"https:\/\/ekkla.ch\/de\/produit\/wandleuchte-arum-schwarz-h-47-metall-ferm-living\/","og_locale":"de_DE","og_type":"article","og_title":"Wandleuchte Arum - schwarz - H.47 - Metall - Ferm Living","og_description":"Die Wandlampe Arum zeichnet sich durch ihren geformten Lampenschirm aus, der wie ein Blatt an einem geschwungenen Metallbogen h\u00e4ngt.","og_url":"https:\/\/ekkla.ch\/de\/produit\/wandleuchte-arum-schwarz-h-47-metall-ferm-living\/","og_site_name":"Ekkla","article_modified_time":"2022-05-04T09:28:42+00:00","og_image":[{"width":900,"height":900,"url":"https:\/\/ekkla.ch\/wp-content\/uploads\/2021\/05\/Applique-murale-Arum-noire-Ferm-Living2.jpg","type":"image\/jpeg"}],"twitter_card":"summary_large_image","twitter_misc":{"Gesch\u00e4tzte Lesezeit":"1\u00a0Minute"},"schema":{"@context":"https:\/\/schema.org","@graph":[{"@type":"WebPage","@id":"https:\/\/ekkla.ch\/de\/produit\/wandleuchte-arum-schwarz-h-47-metall-ferm-living\/","url":"https:\/\/ekkla.ch\/de\/produit\/wandleuchte-arum-schwarz-h-47-metall-ferm-living\/","name":"Ferm Living | Wandleuchte Arum schwarz | Metall | Ekkla","isPartOf":{"@id":"https:\/\/ekkla.ch\/#website"},"primaryImageOfPage":{"@id":"https:\/\/ekkla.ch\/de\/produit\/wandleuchte-arum-schwarz-h-47-metall-ferm-living\/#primaryimage"},"image":{"@id":"https:\/\/ekkla.ch\/de\/produit\/wandleuchte-arum-schwarz-h-47-metall-ferm-living\/#primaryimage"},"thumbnailUrl":"https:\/\/ekkla.ch\/wp-content\/uploads\/2021\/05\/Applique-murale-Arum-noire-Ferm-Living2.jpg","datePublished":"2021-05-31T11:50:28+00:00","dateModified":"2022-05-04T09:28:42+00:00","description":"Die Wandlampe Arum zeichnet sich durch ihren geformten Lampenschirm aus, der wie ein Blatt an einem geschwungenen Metallbogen h\u00e4ngt.","breadcrumb":{"@id":"https:\/\/ekkla.ch\/de\/produit\/wandleuchte-arum-schwarz-h-47-metall-ferm-living\/#breadcrumb"},"inLanguage":"de","potentialAction":[{"@type":"ReadAction","target":["https:\/\/ekkla.ch\/de\/produit\/wandleuchte-arum-schwarz-h-47-metall-ferm-living\/"]}]},{"@type":"ImageObject","inLanguage":"de","@id":"https:\/\/ekkla.ch\/de\/produit\/wandleuchte-arum-schwarz-h-47-metall-ferm-living\/#primaryimage","url":"https:\/\/ekkla.ch\/wp-content\/uploads\/2021\/05\/Applique-murale-Arum-noire-Ferm-Living2.jpg","contentUrl":"https:\/\/ekkla.ch\/wp-content\/uploads\/2021\/05\/Applique-murale-Arum-noire-Ferm-Living2.jpg","width":900,"height":900,"caption":"Applique murale Arum Noir Ferm Living"},{"@type":"BreadcrumbList","@id":"https:\/\/ekkla.ch\/de\/produit\/wandleuchte-arum-schwarz-h-47-metall-ferm-living\/#breadcrumb","itemListElement":[{"@type":"ListItem","position":1,"name":"Home","item":"https:\/\/ekkla.ch\/de\/"},{"@type":"ListItem","position":2,"name":"Shop","item":"https:\/\/ekkla.ch\/de\/shop\/"},{"@type":"ListItem","position":3,"name":"Wandleuchte Arum &#8211; schwarz &#8211; H.47 &#8211; Metall &#8211; Ferm Living"}]},{"@type":"WebSite","@id":"https:\/\/ekkla.ch\/#website","url":"https:\/\/ekkla.ch\/","name":"Ekkla","description":"Der Onlineshop f\u00fcr Beleuchtung","publisher":{"@id":"https:\/\/ekkla.ch\/#organization"},"potentialAction":[{"@type":"SearchAction","target":{"@type":"EntryPoint","urlTemplate":"https:\/\/ekkla.ch\/?s={search_term_string}"},"query-input":"required name=search_term_string"}],"inLanguage":"de"},{"@type":"Organization","@id":"https:\/\/ekkla.ch\/#organization","name":"Ekkla","url":"https:\/\/ekkla.ch\/","logo":{"@type":"ImageObject","inLanguage":"de","@id":"https:\/\/ekkla.ch\/#\/schema\/logo\/image\/","url":"http:\/\/ekkla.ch\/wp-content\/uploads\/2019\/07\/logo-1.svg","contentUrl":"http:\/\/ekkla.ch\/wp-content\/uploads\/2019\/07\/logo-1.svg","width":1,"height":1,"caption":"Ekkla"},"image":{"@id":"https:\/\/ekkla.ch\/#\/schema\/logo\/image\/"},"sameAs":["https:\/\/www.instagram.com\/ekkla_light\/"]}]}},"_links":{"self":[{"href":"https:\/\/ekkla.ch\/de\/wp-json\/wp\/v2\/product\/89554"}],"collection":[{"href":"https:\/\/ekkla.ch\/de\/wp-json\/wp\/v2\/product"}],"about":[{"href":"https:\/\/ekkla.ch\/de\/wp-json\/wp\/v2\/types\/product"}],"wp:featuredmedia":[{"embeddable":true,"href":"https:\/\/ekkla.ch\/de\/wp-json\/wp\/v2\/media\/88922"}],"wp:attachment":[{"href":"https:\/\/ekkla.ch\/de\/wp-json\/wp\/v2\/media?parent=89554"}],"wp:term":[{"taxonomy":"product_cat","embeddable":true,"href":"https:\/\/ekkla.ch\/de\/wp-json\/wp\/v2\/product_cat?post=89554"},{"taxonomy":"product_tag","embeddable":true,"href":"https:\/\/ekkla.ch\/de\/wp-json\/wp\/v2\/product_tag?post=89554"}],"curies":[{"name":"wp","href":"https:\/\/api.w.org\/{rel}","templated":true}]}}