{"id":89559,"date":"2021-05-31T14:43:41","date_gmt":"2021-05-31T12:43:41","guid":{"rendered":"https:\/\/ekkla.ch\/produit\/stehleuchte-arum-cashmere-ferm-living\/"},"modified":"2022-07-04T14:21:09","modified_gmt":"2022-07-04T12:21:09","slug":"stehleuchte-arum-beige-h-126-marmor-und-metall-ferm-living","status":"publish","type":"product","link":"https:\/\/ekkla.ch\/de\/produit\/stehleuchte-arum-beige-h-126-marmor-und-metall-ferm-living\/","title":{"rendered":"Stehleuchte Arum &#8211; beige &#8211; H.126 &#8211; Marmor und Metall &#8211; Ferm Living"},"content":{"rendered":"<p>Die schlanke und elegante Stehleuchte Arum zeichnet sich durch ihren asymmetrischen Lampenschirm aus, der auf einem schlanken Metallstab und einer Basis aus Travertin ruht. Der gebogene, bl\u00fctenblattf\u00f6rmige Lampenschirm ist auf der Unterseite bemalt, um gleichm\u00e4\u00dfig weiches Umgebungslicht zu verbreiten. Verwenden Sie ihn, um eine dunkle Ecke zu beleuchten, oder stellen Sie ihn neben einen Liegestuhl, um Ihr Lieblingsbuch ins rechte Licht zu r\u00fccken, indem Sie den Lampenschirm auf den perfekten Winkel einstellen. Gl\u00fchbirne nicht enthalten.<\/p>\n<blockquote>\n<h2>Merkmale &amp; Eigenschaften<\/h2>\n<p><strong>Marke<\/strong>\u00a0Ferm Living<\/p>\n<p><strong>Farbe<\/strong>\u00a0Weiss<\/p>\n<p><strong>Materialen<\/strong>\u00a0Marmor und Metall (Schirm aus Aluminium)<\/p>\n<p><strong>Gl\u00fchbirne<\/strong>\u00a0E14 (nicht inbegriffen)<\/p>\n<p><strong>Max. Leistung (W)<\/strong>\u00a012<\/p>\n<p><strong>H\u00f6he (cm)<\/strong>\u00a0136<\/p>\n<p><strong>Breite (cm)<\/strong> 42<\/p>\n<p><strong>Gewicht (kg)<\/strong> 11,7<\/p><\/blockquote>\n","protected":false},"excerpt":{"rendered":"<p>Die schlanke und elegante Stehleuchte Arum zeichnet sich durch ihren asymmetrischen Lampenschirm aus, der auf einem schlanken Metallstab und einer Basis aus Travertin ruht. Der gebogene, bl\u00fctenblattf\u00f6rmige Lampenschirm ist auf der Unterseite bemalt, um gleichm\u00e4\u00dfig weiches Umgebungslicht zu verbreiten. Verwenden Sie ihn, um eine dunkle Ecke zu beleuchten, oder stellen Sie ihn neben einen Liegestuhl, [&hellip;]<\/p>\n","protected":false},"featured_media":88960,"template":"","meta":{"_acf_changed":false,"om_disable_all_campaigns":false},"product_cat":[289],"product_tag":[1258,896,1188,858,816],"bundled_by":[],"bundle_stock_status":"onbackorder","bundle_stock_quantity":0,"bundle_virtual":false,"bundle_layout":"","bundle_add_to_cart_form_location":"","bundle_editable_in_cart":false,"bundle_sold_individually_context":"","bundle_item_grouping":"","bundle_min_size":"","bundle_max_size":"","bundle_price":[],"bundled_items":[],"bundle_sell_ids":[],"acf":[],"yoast_head":"<!-- This site is optimized with the Yoast SEO Premium plugin v22.2 (Yoast SEO v22.8) - https:\/\/yoast.com\/wordpress\/plugins\/seo\/ -->\n<title>Ferm Living | Stehleuchte Arum Cashmere | Metall | Ekkla<\/title>\n<meta name=\"description\" content=\"Die Stehleuchte Arum zeichnet sich durch ihren asymmetrischen Lampenschirm aus, der auf einem schlanken Metallstab und einer Basis aus Travertin ruht.\" \/>\n<meta name=\"robots\" content=\"index, follow, max-snippet:-1, max-image-preview:large, max-video-preview:-1\" \/>\n<link rel=\"canonical\" href=\"https:\/\/ekkla.ch\/de\/produit\/stehleuchte-arum-beige-h-126-marmor-und-metall-ferm-living\/\" \/>\n<meta property=\"og:locale\" content=\"de_DE\" \/>\n<meta property=\"og:type\" content=\"article\" \/>\n<meta property=\"og:title\" content=\"Stehleuchte Arum - beige - H.126 - Marmor und Metall - Ferm Living\" \/>\n<meta property=\"og:description\" content=\"Die Stehleuchte Arum zeichnet sich durch ihren asymmetrischen Lampenschirm aus, der auf einem schlanken Metallstab und einer Basis aus Travertin ruht.\" \/>\n<meta property=\"og:url\" content=\"https:\/\/ekkla.ch\/de\/produit\/stehleuchte-arum-beige-h-126-marmor-und-metall-ferm-living\/\" \/>\n<meta property=\"og:site_name\" content=\"Ekkla\" \/>\n<meta property=\"article:modified_time\" content=\"2022-07-04T12:21:09+00:00\" \/>\n<meta property=\"og:image\" content=\"https:\/\/ekkla.ch\/wp-content\/uploads\/2021\/05\/Lampadaire-Arum-Cashmere-Ferm-Living3.jpg\" \/>\n\t<meta property=\"og:image:width\" content=\"900\" \/>\n\t<meta property=\"og:image:height\" content=\"900\" \/>\n\t<meta property=\"og:image:type\" content=\"image\/jpeg\" \/>\n<meta name=\"twitter:card\" content=\"summary_large_image\" \/>\n<meta name=\"twitter:label1\" content=\"Gesch\u00e4tzte Lesezeit\" \/>\n\t<meta name=\"twitter:data1\" content=\"1\u00a0Minute\" \/>\n<script type=\"application\/ld+json\" class=\"yoast-schema-graph\">{\"@context\":\"https:\/\/schema.org\",\"@graph\":[{\"@type\":\"WebPage\",\"@id\":\"https:\/\/ekkla.ch\/de\/produit\/stehleuchte-arum-beige-h-126-marmor-und-metall-ferm-living\/\",\"url\":\"https:\/\/ekkla.ch\/de\/produit\/stehleuchte-arum-beige-h-126-marmor-und-metall-ferm-living\/\",\"name\":\"Ferm Living | Stehleuchte Arum Cashmere | Metall | Ekkla\",\"isPartOf\":{\"@id\":\"https:\/\/ekkla.ch\/#website\"},\"primaryImageOfPage\":{\"@id\":\"https:\/\/ekkla.ch\/de\/produit\/stehleuchte-arum-beige-h-126-marmor-und-metall-ferm-living\/#primaryimage\"},\"image\":{\"@id\":\"https:\/\/ekkla.ch\/de\/produit\/stehleuchte-arum-beige-h-126-marmor-und-metall-ferm-living\/#primaryimage\"},\"thumbnailUrl\":\"https:\/\/ekkla.ch\/wp-content\/uploads\/2021\/05\/Lampadaire-Arum-Cashmere-Ferm-Living3.jpg\",\"datePublished\":\"2021-05-31T12:43:41+00:00\",\"dateModified\":\"2022-07-04T12:21:09+00:00\",\"description\":\"Die Stehleuchte Arum zeichnet sich durch ihren asymmetrischen Lampenschirm aus, der auf einem schlanken Metallstab und einer Basis aus Travertin ruht.\",\"breadcrumb\":{\"@id\":\"https:\/\/ekkla.ch\/de\/produit\/stehleuchte-arum-beige-h-126-marmor-und-metall-ferm-living\/#breadcrumb\"},\"inLanguage\":\"de\",\"potentialAction\":[{\"@type\":\"ReadAction\",\"target\":[\"https:\/\/ekkla.ch\/de\/produit\/stehleuchte-arum-beige-h-126-marmor-und-metall-ferm-living\/\"]}]},{\"@type\":\"ImageObject\",\"inLanguage\":\"de\",\"@id\":\"https:\/\/ekkla.ch\/de\/produit\/stehleuchte-arum-beige-h-126-marmor-und-metall-ferm-living\/#primaryimage\",\"url\":\"https:\/\/ekkla.ch\/wp-content\/uploads\/2021\/05\/Lampadaire-Arum-Cashmere-Ferm-Living3.jpg\",\"contentUrl\":\"https:\/\/ekkla.ch\/wp-content\/uploads\/2021\/05\/Lampadaire-Arum-Cashmere-Ferm-Living3.jpg\",\"width\":900,\"height\":900,\"caption\":\"Lampadaire Arum Cashmere Ferm Living\"},{\"@type\":\"BreadcrumbList\",\"@id\":\"https:\/\/ekkla.ch\/de\/produit\/stehleuchte-arum-beige-h-126-marmor-und-metall-ferm-living\/#breadcrumb\",\"itemListElement\":[{\"@type\":\"ListItem\",\"position\":1,\"name\":\"Home\",\"item\":\"https:\/\/ekkla.ch\/de\/\"},{\"@type\":\"ListItem\",\"position\":2,\"name\":\"Shop\",\"item\":\"https:\/\/ekkla.ch\/de\/shop\/\"},{\"@type\":\"ListItem\",\"position\":3,\"name\":\"Stehleuchte Arum &#8211; beige &#8211; H.126 &#8211; Marmor und Metall &#8211; Ferm Living\"}]},{\"@type\":\"WebSite\",\"@id\":\"https:\/\/ekkla.ch\/#website\",\"url\":\"https:\/\/ekkla.ch\/\",\"name\":\"Ekkla\",\"description\":\"Der Onlineshop f\u00fcr Beleuchtung\",\"publisher\":{\"@id\":\"https:\/\/ekkla.ch\/#organization\"},\"potentialAction\":[{\"@type\":\"SearchAction\",\"target\":{\"@type\":\"EntryPoint\",\"urlTemplate\":\"https:\/\/ekkla.ch\/?s={search_term_string}\"},\"query-input\":\"required name=search_term_string\"}],\"inLanguage\":\"de\"},{\"@type\":\"Organization\",\"@id\":\"https:\/\/ekkla.ch\/#organization\",\"name\":\"Ekkla\",\"url\":\"https:\/\/ekkla.ch\/\",\"logo\":{\"@type\":\"ImageObject\",\"inLanguage\":\"de\",\"@id\":\"https:\/\/ekkla.ch\/#\/schema\/logo\/image\/\",\"url\":\"http:\/\/ekkla.ch\/wp-content\/uploads\/2019\/07\/logo-1.svg\",\"contentUrl\":\"http:\/\/ekkla.ch\/wp-content\/uploads\/2019\/07\/logo-1.svg\",\"width\":1,\"height\":1,\"caption\":\"Ekkla\"},\"image\":{\"@id\":\"https:\/\/ekkla.ch\/#\/schema\/logo\/image\/\"},\"sameAs\":[\"https:\/\/www.instagram.com\/ekkla_light\/\"]}]}<\/script>\n<!-- \/ Yoast SEO Premium plugin. -->","yoast_head_json":{"title":"Ferm Living | Stehleuchte Arum Cashmere | Metall | Ekkla","description":"Die Stehleuchte Arum zeichnet sich durch ihren asymmetrischen Lampenschirm aus, der auf einem schlanken Metallstab und einer Basis aus Travertin ruht.","robots":{"index":"index","follow":"follow","max-snippet":"max-snippet:-1","max-image-preview":"max-image-preview:large","max-video-preview":"max-video-preview:-1"},"canonical":"https:\/\/ekkla.ch\/de\/produit\/stehleuchte-arum-beige-h-126-marmor-und-metall-ferm-living\/","og_locale":"de_DE","og_type":"article","og_title":"Stehleuchte Arum - beige - H.126 - Marmor und Metall - Ferm Living","og_description":"Die Stehleuchte Arum zeichnet sich durch ihren asymmetrischen Lampenschirm aus, der auf einem schlanken Metallstab und einer Basis aus Travertin ruht.","og_url":"https:\/\/ekkla.ch\/de\/produit\/stehleuchte-arum-beige-h-126-marmor-und-metall-ferm-living\/","og_site_name":"Ekkla","article_modified_time":"2022-07-04T12:21:09+00:00","og_image":[{"width":900,"height":900,"url":"https:\/\/ekkla.ch\/wp-content\/uploads\/2021\/05\/Lampadaire-Arum-Cashmere-Ferm-Living3.jpg","type":"image\/jpeg"}],"twitter_card":"summary_large_image","twitter_misc":{"Gesch\u00e4tzte Lesezeit":"1\u00a0Minute"},"schema":{"@context":"https:\/\/schema.org","@graph":[{"@type":"WebPage","@id":"https:\/\/ekkla.ch\/de\/produit\/stehleuchte-arum-beige-h-126-marmor-und-metall-ferm-living\/","url":"https:\/\/ekkla.ch\/de\/produit\/stehleuchte-arum-beige-h-126-marmor-und-metall-ferm-living\/","name":"Ferm Living | Stehleuchte Arum Cashmere | Metall | Ekkla","isPartOf":{"@id":"https:\/\/ekkla.ch\/#website"},"primaryImageOfPage":{"@id":"https:\/\/ekkla.ch\/de\/produit\/stehleuchte-arum-beige-h-126-marmor-und-metall-ferm-living\/#primaryimage"},"image":{"@id":"https:\/\/ekkla.ch\/de\/produit\/stehleuchte-arum-beige-h-126-marmor-und-metall-ferm-living\/#primaryimage"},"thumbnailUrl":"https:\/\/ekkla.ch\/wp-content\/uploads\/2021\/05\/Lampadaire-Arum-Cashmere-Ferm-Living3.jpg","datePublished":"2021-05-31T12:43:41+00:00","dateModified":"2022-07-04T12:21:09+00:00","description":"Die Stehleuchte Arum zeichnet sich durch ihren asymmetrischen Lampenschirm aus, der auf einem schlanken Metallstab und einer Basis aus Travertin ruht.","breadcrumb":{"@id":"https:\/\/ekkla.ch\/de\/produit\/stehleuchte-arum-beige-h-126-marmor-und-metall-ferm-living\/#breadcrumb"},"inLanguage":"de","potentialAction":[{"@type":"ReadAction","target":["https:\/\/ekkla.ch\/de\/produit\/stehleuchte-arum-beige-h-126-marmor-und-metall-ferm-living\/"]}]},{"@type":"ImageObject","inLanguage":"de","@id":"https:\/\/ekkla.ch\/de\/produit\/stehleuchte-arum-beige-h-126-marmor-und-metall-ferm-living\/#primaryimage","url":"https:\/\/ekkla.ch\/wp-content\/uploads\/2021\/05\/Lampadaire-Arum-Cashmere-Ferm-Living3.jpg","contentUrl":"https:\/\/ekkla.ch\/wp-content\/uploads\/2021\/05\/Lampadaire-Arum-Cashmere-Ferm-Living3.jpg","width":900,"height":900,"caption":"Lampadaire Arum Cashmere Ferm Living"},{"@type":"BreadcrumbList","@id":"https:\/\/ekkla.ch\/de\/produit\/stehleuchte-arum-beige-h-126-marmor-und-metall-ferm-living\/#breadcrumb","itemListElement":[{"@type":"ListItem","position":1,"name":"Home","item":"https:\/\/ekkla.ch\/de\/"},{"@type":"ListItem","position":2,"name":"Shop","item":"https:\/\/ekkla.ch\/de\/shop\/"},{"@type":"ListItem","position":3,"name":"Stehleuchte Arum &#8211; beige &#8211; H.126 &#8211; Marmor und Metall &#8211; Ferm Living"}]},{"@type":"WebSite","@id":"https:\/\/ekkla.ch\/#website","url":"https:\/\/ekkla.ch\/","name":"Ekkla","description":"Der Onlineshop f\u00fcr Beleuchtung","publisher":{"@id":"https:\/\/ekkla.ch\/#organization"},"potentialAction":[{"@type":"SearchAction","target":{"@type":"EntryPoint","urlTemplate":"https:\/\/ekkla.ch\/?s={search_term_string}"},"query-input":"required name=search_term_string"}],"inLanguage":"de"},{"@type":"Organization","@id":"https:\/\/ekkla.ch\/#organization","name":"Ekkla","url":"https:\/\/ekkla.ch\/","logo":{"@type":"ImageObject","inLanguage":"de","@id":"https:\/\/ekkla.ch\/#\/schema\/logo\/image\/","url":"http:\/\/ekkla.ch\/wp-content\/uploads\/2019\/07\/logo-1.svg","contentUrl":"http:\/\/ekkla.ch\/wp-content\/uploads\/2019\/07\/logo-1.svg","width":1,"height":1,"caption":"Ekkla"},"image":{"@id":"https:\/\/ekkla.ch\/#\/schema\/logo\/image\/"},"sameAs":["https:\/\/www.instagram.com\/ekkla_light\/"]}]}},"_links":{"self":[{"href":"https:\/\/ekkla.ch\/de\/wp-json\/wp\/v2\/product\/89559"}],"collection":[{"href":"https:\/\/ekkla.ch\/de\/wp-json\/wp\/v2\/product"}],"about":[{"href":"https:\/\/ekkla.ch\/de\/wp-json\/wp\/v2\/types\/product"}],"wp:featuredmedia":[{"embeddable":true,"href":"https:\/\/ekkla.ch\/de\/wp-json\/wp\/v2\/media\/88960"}],"wp:attachment":[{"href":"https:\/\/ekkla.ch\/de\/wp-json\/wp\/v2\/media?parent=89559"}],"wp:term":[{"taxonomy":"product_cat","embeddable":true,"href":"https:\/\/ekkla.ch\/de\/wp-json\/wp\/v2\/product_cat?post=89559"},{"taxonomy":"product_tag","embeddable":true,"href":"https:\/\/ekkla.ch\/de\/wp-json\/wp\/v2\/product_tag?post=89559"}],"curies":[{"name":"wp","href":"https:\/\/api.w.org\/{rel}","templated":true}]}}