{"id":89570,"date":"2021-06-01T10:01:43","date_gmt":"2021-06-01T08:01:43","guid":{"rendered":"https:\/\/ekkla.ch\/produit\/hangeleuchte-textil-the-park-lampenschirm-ferm-living-kids\/"},"modified":"2024-03-29T21:02:29","modified_gmt":"2024-03-29T20:02:29","slug":"hangeleuchte-the-park-weiss-textil-ferm-living","status":"publish","type":"product","link":"https:\/\/ekkla.ch\/de\/produit\/hangeleuchte-the-park-weiss-textil-ferm-living\/","title":{"rendered":"H\u00e4ngeleuchte The Park &#8211; weiss &#8211; Textil &#8211; Ferm Living"},"content":{"rendered":"<p>Der The Park Lampenschirm ist eine moderne Version der traditionellen Reislampen. Auf dem Schirm sind Szenen von einem vergn\u00fcgten Tag im Park zu sehen, die in lebhaften Farben auf den Lampenschirm aus 100 % Baumwolle gestickt sind. Die Komplexit\u00e4t dieser gestickten Handwerkskunst kommt am besten zur Geltung, wenn du die Lampe eingeschaltet ist. Mit seiner schlichten und zugleich verspielten Optik wird der Lampenschirm sowohl die kleinen als auch grossen Bewohner in Ihrem Zuhause begeistern.<\/p>\n<p>Lampenaufh\u00e4ngung und Gl\u00fchbirne nicht inbegriffen.<\/p>\n<blockquote>\n<h2>Merkmale &amp; Eigenschaften<\/h2>\n<p><strong>Marke<\/strong>\u00a0Ferm Living<\/p>\n<p><strong>Farbe<\/strong>\u00a0Weiss<\/p>\n<p><strong>Material\u00a0<\/strong>Textil<\/p>\n<p><strong>Gl\u00fchbirne<\/strong> E27 (nicht inbegriffen)<\/p>\n<p><strong>Max. Leistung (W)<\/strong> 12<\/p>\n<p><strong>Durchmesser (cm)\u00a0<\/strong>35<\/p>\n<p><strong>Gewicht (kg)<\/strong>\u00a00,5<\/p><\/blockquote>\n","protected":false},"excerpt":{"rendered":"<p>Der The Park Lampenschirm ist eine moderne Version der traditionellen Reislampen. Auf dem Schirm sind Szenen von einem vergn\u00fcgten Tag im Park zu sehen, die in lebhaften Farben auf den Lampenschirm aus 100 % Baumwolle gestickt sind. Die Komplexit\u00e4t dieser gestickten Handwerkskunst kommt am besten zur Geltung, wenn du die Lampe eingeschaltet ist. Mit seiner [&hellip;]<\/p>\n","protected":false},"featured_media":89480,"template":"","meta":{"_acf_changed":false,"om_disable_all_campaigns":false},"product_cat":[291],"product_tag":[1258,896,1188,858,816,1178],"bundled_by":[],"bundle_stock_status":"onbackorder","bundle_stock_quantity":0,"bundle_virtual":false,"bundle_layout":"","bundle_add_to_cart_form_location":"","bundle_editable_in_cart":false,"bundle_sold_individually_context":"","bundle_item_grouping":"","bundle_min_size":"","bundle_max_size":"","bundle_price":[],"bundled_items":[],"bundle_sell_ids":[],"acf":[],"yoast_head":"<!-- This site is optimized with the Yoast SEO Premium plugin v22.2 (Yoast SEO v22.8) - https:\/\/yoast.com\/wordpress\/plugins\/seo\/ -->\n<title>Ferm Living | Textiler Lampenschirm The Park | 100% Baumwolle | Ekkla<\/title>\n<meta name=\"description\" content=\"Die H\u00e4ngeleuchte zeigt Szenen von einem vergn\u00fcgten Tag im Park, die in lebhaften Farben auf den Lampenschirm aus 100 % Baumwolle gestickt sind.\" \/>\n<meta name=\"robots\" content=\"index, follow, max-snippet:-1, max-image-preview:large, max-video-preview:-1\" \/>\n<link rel=\"canonical\" href=\"https:\/\/ekkla.ch\/de\/produit\/hangeleuchte-the-park-weiss-textil-ferm-living\/\" \/>\n<meta property=\"og:locale\" content=\"de_DE\" \/>\n<meta property=\"og:type\" content=\"article\" \/>\n<meta property=\"og:title\" content=\"H\u00e4ngeleuchte The Park - weiss - Textil - Ferm Living\" \/>\n<meta property=\"og:description\" content=\"Die H\u00e4ngeleuchte zeigt Szenen von einem vergn\u00fcgten Tag im Park, die in lebhaften Farben auf den Lampenschirm aus 100 % Baumwolle gestickt sind.\" \/>\n<meta property=\"og:url\" content=\"https:\/\/ekkla.ch\/de\/produit\/hangeleuchte-the-park-weiss-textil-ferm-living\/\" \/>\n<meta property=\"og:site_name\" content=\"Ekkla\" \/>\n<meta property=\"article:modified_time\" content=\"2024-03-29T20:02:29+00:00\" \/>\n<meta property=\"og:image\" content=\"https:\/\/ekkla.ch\/wp-content\/uploads\/2021\/06\/Abat-jour-textile-The-Park-Ferm-Living-Kids2.jpg\" \/>\n\t<meta property=\"og:image:width\" content=\"900\" \/>\n\t<meta property=\"og:image:height\" content=\"900\" \/>\n\t<meta property=\"og:image:type\" content=\"image\/jpeg\" \/>\n<meta name=\"twitter:card\" content=\"summary_large_image\" \/>\n<meta name=\"twitter:label1\" content=\"Gesch\u00e4tzte Lesezeit\" \/>\n\t<meta name=\"twitter:data1\" content=\"1\u00a0Minute\" \/>\n<script type=\"application\/ld+json\" class=\"yoast-schema-graph\">{\"@context\":\"https:\/\/schema.org\",\"@graph\":[{\"@type\":\"WebPage\",\"@id\":\"https:\/\/ekkla.ch\/de\/produit\/hangeleuchte-the-park-weiss-textil-ferm-living\/\",\"url\":\"https:\/\/ekkla.ch\/de\/produit\/hangeleuchte-the-park-weiss-textil-ferm-living\/\",\"name\":\"Ferm Living | Textiler Lampenschirm The Park | 100% Baumwolle | Ekkla\",\"isPartOf\":{\"@id\":\"https:\/\/ekkla.ch\/#website\"},\"primaryImageOfPage\":{\"@id\":\"https:\/\/ekkla.ch\/de\/produit\/hangeleuchte-the-park-weiss-textil-ferm-living\/#primaryimage\"},\"image\":{\"@id\":\"https:\/\/ekkla.ch\/de\/produit\/hangeleuchte-the-park-weiss-textil-ferm-living\/#primaryimage\"},\"thumbnailUrl\":\"https:\/\/ekkla.ch\/wp-content\/uploads\/2021\/06\/Abat-jour-textile-The-Park-Ferm-Living-Kids2.jpg\",\"datePublished\":\"2021-06-01T08:01:43+00:00\",\"dateModified\":\"2024-03-29T20:02:29+00:00\",\"description\":\"Die H\u00e4ngeleuchte zeigt Szenen von einem vergn\u00fcgten Tag im Park, die in lebhaften Farben auf den Lampenschirm aus 100 % Baumwolle gestickt sind.\",\"breadcrumb\":{\"@id\":\"https:\/\/ekkla.ch\/de\/produit\/hangeleuchte-the-park-weiss-textil-ferm-living\/#breadcrumb\"},\"inLanguage\":\"de\",\"potentialAction\":[{\"@type\":\"ReadAction\",\"target\":[\"https:\/\/ekkla.ch\/de\/produit\/hangeleuchte-the-park-weiss-textil-ferm-living\/\"]}]},{\"@type\":\"ImageObject\",\"inLanguage\":\"de\",\"@id\":\"https:\/\/ekkla.ch\/de\/produit\/hangeleuchte-the-park-weiss-textil-ferm-living\/#primaryimage\",\"url\":\"https:\/\/ekkla.ch\/wp-content\/uploads\/2021\/06\/Abat-jour-textile-The-Park-Ferm-Living-Kids2.jpg\",\"contentUrl\":\"https:\/\/ekkla.ch\/wp-content\/uploads\/2021\/06\/Abat-jour-textile-The-Park-Ferm-Living-Kids2.jpg\",\"width\":900,\"height\":900,\"caption\":\"Abat jour The Park Ferm Living\"},{\"@type\":\"BreadcrumbList\",\"@id\":\"https:\/\/ekkla.ch\/de\/produit\/hangeleuchte-the-park-weiss-textil-ferm-living\/#breadcrumb\",\"itemListElement\":[{\"@type\":\"ListItem\",\"position\":1,\"name\":\"Home\",\"item\":\"https:\/\/ekkla.ch\/de\/\"},{\"@type\":\"ListItem\",\"position\":2,\"name\":\"Shop\",\"item\":\"https:\/\/ekkla.ch\/de\/shop\/\"},{\"@type\":\"ListItem\",\"position\":3,\"name\":\"H\u00e4ngeleuchte The Park &#8211; weiss &#8211; Textil &#8211; Ferm Living\"}]},{\"@type\":\"WebSite\",\"@id\":\"https:\/\/ekkla.ch\/#website\",\"url\":\"https:\/\/ekkla.ch\/\",\"name\":\"Ekkla\",\"description\":\"Der Onlineshop f\u00fcr Beleuchtung\",\"publisher\":{\"@id\":\"https:\/\/ekkla.ch\/#organization\"},\"potentialAction\":[{\"@type\":\"SearchAction\",\"target\":{\"@type\":\"EntryPoint\",\"urlTemplate\":\"https:\/\/ekkla.ch\/?s={search_term_string}\"},\"query-input\":\"required name=search_term_string\"}],\"inLanguage\":\"de\"},{\"@type\":\"Organization\",\"@id\":\"https:\/\/ekkla.ch\/#organization\",\"name\":\"Ekkla\",\"url\":\"https:\/\/ekkla.ch\/\",\"logo\":{\"@type\":\"ImageObject\",\"inLanguage\":\"de\",\"@id\":\"https:\/\/ekkla.ch\/#\/schema\/logo\/image\/\",\"url\":\"http:\/\/ekkla.ch\/wp-content\/uploads\/2019\/07\/logo-1.svg\",\"contentUrl\":\"http:\/\/ekkla.ch\/wp-content\/uploads\/2019\/07\/logo-1.svg\",\"width\":1,\"height\":1,\"caption\":\"Ekkla\"},\"image\":{\"@id\":\"https:\/\/ekkla.ch\/#\/schema\/logo\/image\/\"},\"sameAs\":[\"https:\/\/www.instagram.com\/ekkla_light\/\"]}]}<\/script>\n<!-- \/ Yoast SEO Premium plugin. -->","yoast_head_json":{"title":"Ferm Living | Textiler Lampenschirm The Park | 100% Baumwolle | Ekkla","description":"Die H\u00e4ngeleuchte zeigt Szenen von einem vergn\u00fcgten Tag im Park, die in lebhaften Farben auf den Lampenschirm aus 100 % Baumwolle gestickt sind.","robots":{"index":"index","follow":"follow","max-snippet":"max-snippet:-1","max-image-preview":"max-image-preview:large","max-video-preview":"max-video-preview:-1"},"canonical":"https:\/\/ekkla.ch\/de\/produit\/hangeleuchte-the-park-weiss-textil-ferm-living\/","og_locale":"de_DE","og_type":"article","og_title":"H\u00e4ngeleuchte The Park - weiss - Textil - Ferm Living","og_description":"Die H\u00e4ngeleuchte zeigt Szenen von einem vergn\u00fcgten Tag im Park, die in lebhaften Farben auf den Lampenschirm aus 100 % Baumwolle gestickt sind.","og_url":"https:\/\/ekkla.ch\/de\/produit\/hangeleuchte-the-park-weiss-textil-ferm-living\/","og_site_name":"Ekkla","article_modified_time":"2024-03-29T20:02:29+00:00","og_image":[{"width":900,"height":900,"url":"https:\/\/ekkla.ch\/wp-content\/uploads\/2021\/06\/Abat-jour-textile-The-Park-Ferm-Living-Kids2.jpg","type":"image\/jpeg"}],"twitter_card":"summary_large_image","twitter_misc":{"Gesch\u00e4tzte Lesezeit":"1\u00a0Minute"},"schema":{"@context":"https:\/\/schema.org","@graph":[{"@type":"WebPage","@id":"https:\/\/ekkla.ch\/de\/produit\/hangeleuchte-the-park-weiss-textil-ferm-living\/","url":"https:\/\/ekkla.ch\/de\/produit\/hangeleuchte-the-park-weiss-textil-ferm-living\/","name":"Ferm Living | Textiler Lampenschirm The Park | 100% Baumwolle | Ekkla","isPartOf":{"@id":"https:\/\/ekkla.ch\/#website"},"primaryImageOfPage":{"@id":"https:\/\/ekkla.ch\/de\/produit\/hangeleuchte-the-park-weiss-textil-ferm-living\/#primaryimage"},"image":{"@id":"https:\/\/ekkla.ch\/de\/produit\/hangeleuchte-the-park-weiss-textil-ferm-living\/#primaryimage"},"thumbnailUrl":"https:\/\/ekkla.ch\/wp-content\/uploads\/2021\/06\/Abat-jour-textile-The-Park-Ferm-Living-Kids2.jpg","datePublished":"2021-06-01T08:01:43+00:00","dateModified":"2024-03-29T20:02:29+00:00","description":"Die H\u00e4ngeleuchte zeigt Szenen von einem vergn\u00fcgten Tag im Park, die in lebhaften Farben auf den Lampenschirm aus 100 % Baumwolle gestickt sind.","breadcrumb":{"@id":"https:\/\/ekkla.ch\/de\/produit\/hangeleuchte-the-park-weiss-textil-ferm-living\/#breadcrumb"},"inLanguage":"de","potentialAction":[{"@type":"ReadAction","target":["https:\/\/ekkla.ch\/de\/produit\/hangeleuchte-the-park-weiss-textil-ferm-living\/"]}]},{"@type":"ImageObject","inLanguage":"de","@id":"https:\/\/ekkla.ch\/de\/produit\/hangeleuchte-the-park-weiss-textil-ferm-living\/#primaryimage","url":"https:\/\/ekkla.ch\/wp-content\/uploads\/2021\/06\/Abat-jour-textile-The-Park-Ferm-Living-Kids2.jpg","contentUrl":"https:\/\/ekkla.ch\/wp-content\/uploads\/2021\/06\/Abat-jour-textile-The-Park-Ferm-Living-Kids2.jpg","width":900,"height":900,"caption":"Abat jour The Park Ferm Living"},{"@type":"BreadcrumbList","@id":"https:\/\/ekkla.ch\/de\/produit\/hangeleuchte-the-park-weiss-textil-ferm-living\/#breadcrumb","itemListElement":[{"@type":"ListItem","position":1,"name":"Home","item":"https:\/\/ekkla.ch\/de\/"},{"@type":"ListItem","position":2,"name":"Shop","item":"https:\/\/ekkla.ch\/de\/shop\/"},{"@type":"ListItem","position":3,"name":"H\u00e4ngeleuchte The Park &#8211; weiss &#8211; Textil &#8211; Ferm Living"}]},{"@type":"WebSite","@id":"https:\/\/ekkla.ch\/#website","url":"https:\/\/ekkla.ch\/","name":"Ekkla","description":"Der Onlineshop f\u00fcr Beleuchtung","publisher":{"@id":"https:\/\/ekkla.ch\/#organization"},"potentialAction":[{"@type":"SearchAction","target":{"@type":"EntryPoint","urlTemplate":"https:\/\/ekkla.ch\/?s={search_term_string}"},"query-input":"required name=search_term_string"}],"inLanguage":"de"},{"@type":"Organization","@id":"https:\/\/ekkla.ch\/#organization","name":"Ekkla","url":"https:\/\/ekkla.ch\/","logo":{"@type":"ImageObject","inLanguage":"de","@id":"https:\/\/ekkla.ch\/#\/schema\/logo\/image\/","url":"http:\/\/ekkla.ch\/wp-content\/uploads\/2019\/07\/logo-1.svg","contentUrl":"http:\/\/ekkla.ch\/wp-content\/uploads\/2019\/07\/logo-1.svg","width":1,"height":1,"caption":"Ekkla"},"image":{"@id":"https:\/\/ekkla.ch\/#\/schema\/logo\/image\/"},"sameAs":["https:\/\/www.instagram.com\/ekkla_light\/"]}]}},"_links":{"self":[{"href":"https:\/\/ekkla.ch\/de\/wp-json\/wp\/v2\/product\/89570"}],"collection":[{"href":"https:\/\/ekkla.ch\/de\/wp-json\/wp\/v2\/product"}],"about":[{"href":"https:\/\/ekkla.ch\/de\/wp-json\/wp\/v2\/types\/product"}],"wp:featuredmedia":[{"embeddable":true,"href":"https:\/\/ekkla.ch\/de\/wp-json\/wp\/v2\/media\/89480"}],"wp:attachment":[{"href":"https:\/\/ekkla.ch\/de\/wp-json\/wp\/v2\/media?parent=89570"}],"wp:term":[{"taxonomy":"product_cat","embeddable":true,"href":"https:\/\/ekkla.ch\/de\/wp-json\/wp\/v2\/product_cat?post=89570"},{"taxonomy":"product_tag","embeddable":true,"href":"https:\/\/ekkla.ch\/de\/wp-json\/wp\/v2\/product_tag?post=89570"}],"curies":[{"name":"wp","href":"https:\/\/api.w.org\/{rel}","templated":true}]}}