{"id":89699,"date":"2021-05-10T17:00:27","date_gmt":"2021-05-10T15:00:27","guid":{"rendered":"https:\/\/ekkla.ch\/produit\/aussenleuchte-zum-eintreiben-xana-m-karman-2\/"},"modified":"2023-01-04T12:45:59","modified_gmt":"2023-01-04T11:45:59","slug":"aussenleuchte-zum-eintreiben-xana-m-karman-2","status":"publish","type":"product","link":"https:\/\/ekkla.ch\/de\/produit\/aussenleuchte-zum-eintreiben-xana-m-karman-2\/","title":{"rendered":"Aussenleuchte zum Stecken Xana S &#8211; Karman"},"content":{"rendered":"<p>Die Xana-Stehleuchten sind von einer asturischen Legende inspiriert: sie sind die Feen und Nymphen des Wassers, denen man in langen Sommern\u00e4chten begegnet. Xana ist ein Synonym f\u00fcr Verf\u00fchrung, Originalit\u00e4t und Gl\u00fcck. Entworfen f\u00fcr den Aussenbereich kann diese Stehleuchte in den Garten oder neben Ihre Lieblingspflanzen gesteckt werden, um diese hervorzuheben. Beleuchten Sie Ihren Aussenbereich mit Eleganz dank der Xana Stehleuchten.<\/p>\n<h2>\u00a0 \u00a0Merkmale &amp; Eigenschaften<\/h2>\n<p><strong>\u00a0 \u00a0 \u00a0 Marke\u00a0<\/strong>Karman<\/p>\n<p><strong>\u00a0 \u00a0 \u00a0 Farbe<\/strong>\u00a0Weiss<\/p>\n<p><strong>\u00a0 \u00a0 \u00a0 Materialien<\/strong>\u00a0Aluminium und Glas<\/p>\n<p><strong>\u00a0 \u00a0 \u00a0 Stromversorgung <\/strong>Integrierte LED<\/p>\n<p><strong>\u00a0 \u00a0 \u00a0 Max. Leistung (W) <\/strong>7.4<\/p>\n<p><strong>\u00a0 \u00a0 \u00a0 Temperatur (K)\u00a0<\/strong>3000<\/p>\n<p><strong>\u00a0 \u00a0 \u00a0 Max. Durchmesser (cm) <\/strong>24<\/p>\n<p><strong>\u00a0 \u00a0 \u00a0 H\u00f6he (cm) <\/strong>96<\/p>\n<p><strong>\u00a0 \u00a0 \u00a0 Gewicht (kg)<\/strong>\u00a01<\/p>\n","protected":false},"excerpt":{"rendered":"<p>Die Xana-Stehleuchten sind von einer asturischen Legende inspiriert: sie sind die Feen und Nymphen des Wassers, denen man in langen Sommern\u00e4chten begegnet. Xana ist ein Synonym f\u00fcr Verf\u00fchrung, Originalit\u00e4t und Gl\u00fcck. Entworfen f\u00fcr den Aussenbereich kann diese Stehleuchte in den Garten oder neben Ihre Lieblingspflanzen gesteckt werden, um diese hervorzuheben. Beleuchten Sie Ihren Aussenbereich mit [&hellip;]<\/p>\n","protected":false},"featured_media":79558,"template":"","meta":{"_acf_changed":false,"om_disable_all_campaigns":false},"product_cat":[289],"product_tag":[892,1188,801,1022,816],"bundled_by":[],"bundle_stock_status":"onbackorder","bundle_stock_quantity":null,"bundle_virtual":false,"bundle_layout":"","bundle_add_to_cart_form_location":"","bundle_editable_in_cart":false,"bundle_sold_individually_context":"","bundle_item_grouping":"","bundle_min_size":"","bundle_max_size":"","bundle_price":[],"bundled_items":[],"bundle_sell_ids":[],"acf":[],"yoast_head":"<!-- This site is optimized with the Yoast SEO Premium plugin v22.2 (Yoast SEO v22.8) - https:\/\/yoast.com\/wordpress\/plugins\/seo\/ -->\n<title>Karman | Aussenleuchte zum Stecken Xana S | Ekkla<\/title>\n<meta name=\"description\" content=\"Entworfen f\u00fcr den Aussenbereich, kann diese Stehleuchte in einem Garten oder neben Ihre Lieblingspflanzen gepflanzt werden.\" \/>\n<meta name=\"robots\" content=\"index, follow, max-snippet:-1, max-image-preview:large, max-video-preview:-1\" \/>\n<link rel=\"canonical\" href=\"https:\/\/ekkla.ch\/de\/produit\/aussenleuchte-zum-eintreiben-xana-m-karman-2\/\" \/>\n<meta property=\"og:locale\" content=\"de_DE\" \/>\n<meta property=\"og:type\" content=\"article\" \/>\n<meta property=\"og:title\" content=\"Aussenleuchte zum Stecken Xana S - Karman\" \/>\n<meta property=\"og:description\" content=\"Entworfen f\u00fcr den Aussenbereich, kann diese Stehleuchte in einem Garten oder neben Ihre Lieblingspflanzen gepflanzt werden.\" \/>\n<meta property=\"og:url\" content=\"https:\/\/ekkla.ch\/de\/produit\/aussenleuchte-zum-eintreiben-xana-m-karman-2\/\" \/>\n<meta property=\"og:site_name\" content=\"Ekkla\" \/>\n<meta property=\"article:modified_time\" content=\"2023-01-04T11:45:59+00:00\" \/>\n<meta property=\"og:image\" content=\"https:\/\/ekkla.ch\/wp-content\/uploads\/2021\/05\/Lampe_exterieure_A_planter_Xana_S.jpg\" \/>\n\t<meta property=\"og:image:width\" content=\"900\" \/>\n\t<meta property=\"og:image:height\" content=\"900\" \/>\n\t<meta property=\"og:image:type\" content=\"image\/jpeg\" \/>\n<meta name=\"twitter:card\" content=\"summary_large_image\" \/>\n<meta name=\"twitter:label1\" content=\"Gesch\u00e4tzte Lesezeit\" \/>\n\t<meta name=\"twitter:data1\" content=\"1\u00a0Minute\" \/>\n<script type=\"application\/ld+json\" class=\"yoast-schema-graph\">{\"@context\":\"https:\/\/schema.org\",\"@graph\":[{\"@type\":\"WebPage\",\"@id\":\"https:\/\/ekkla.ch\/de\/produit\/aussenleuchte-zum-eintreiben-xana-m-karman-2\/\",\"url\":\"https:\/\/ekkla.ch\/de\/produit\/aussenleuchte-zum-eintreiben-xana-m-karman-2\/\",\"name\":\"Karman | Aussenleuchte zum Stecken Xana S | Ekkla\",\"isPartOf\":{\"@id\":\"https:\/\/ekkla.ch\/#website\"},\"primaryImageOfPage\":{\"@id\":\"https:\/\/ekkla.ch\/de\/produit\/aussenleuchte-zum-eintreiben-xana-m-karman-2\/#primaryimage\"},\"image\":{\"@id\":\"https:\/\/ekkla.ch\/de\/produit\/aussenleuchte-zum-eintreiben-xana-m-karman-2\/#primaryimage\"},\"thumbnailUrl\":\"https:\/\/ekkla.ch\/wp-content\/uploads\/2021\/05\/Lampe_exterieure_A_planter_Xana_S.jpg\",\"datePublished\":\"2021-05-10T15:00:27+00:00\",\"dateModified\":\"2023-01-04T11:45:59+00:00\",\"description\":\"Entworfen f\u00fcr den Aussenbereich, kann diese Stehleuchte in einem Garten oder neben Ihre Lieblingspflanzen gepflanzt werden.\",\"breadcrumb\":{\"@id\":\"https:\/\/ekkla.ch\/de\/produit\/aussenleuchte-zum-eintreiben-xana-m-karman-2\/#breadcrumb\"},\"inLanguage\":\"de\",\"potentialAction\":[{\"@type\":\"ReadAction\",\"target\":[\"https:\/\/ekkla.ch\/de\/produit\/aussenleuchte-zum-eintreiben-xana-m-karman-2\/\"]}]},{\"@type\":\"ImageObject\",\"inLanguage\":\"de\",\"@id\":\"https:\/\/ekkla.ch\/de\/produit\/aussenleuchte-zum-eintreiben-xana-m-karman-2\/#primaryimage\",\"url\":\"https:\/\/ekkla.ch\/wp-content\/uploads\/2021\/05\/Lampe_exterieure_A_planter_Xana_S.jpg\",\"contentUrl\":\"https:\/\/ekkla.ch\/wp-content\/uploads\/2021\/05\/Lampe_exterieure_A_planter_Xana_S.jpg\",\"width\":900,\"height\":900,\"caption\":\"Lampe ext\u00e9rieur Xana Karman\"},{\"@type\":\"BreadcrumbList\",\"@id\":\"https:\/\/ekkla.ch\/de\/produit\/aussenleuchte-zum-eintreiben-xana-m-karman-2\/#breadcrumb\",\"itemListElement\":[{\"@type\":\"ListItem\",\"position\":1,\"name\":\"Home\",\"item\":\"https:\/\/ekkla.ch\/de\/\"},{\"@type\":\"ListItem\",\"position\":2,\"name\":\"Shop\",\"item\":\"https:\/\/ekkla.ch\/de\/shop\/\"},{\"@type\":\"ListItem\",\"position\":3,\"name\":\"Aussenleuchte zum Stecken Xana S &#8211; Karman\"}]},{\"@type\":\"WebSite\",\"@id\":\"https:\/\/ekkla.ch\/#website\",\"url\":\"https:\/\/ekkla.ch\/\",\"name\":\"Ekkla\",\"description\":\"Der Onlineshop f\u00fcr Beleuchtung\",\"publisher\":{\"@id\":\"https:\/\/ekkla.ch\/#organization\"},\"potentialAction\":[{\"@type\":\"SearchAction\",\"target\":{\"@type\":\"EntryPoint\",\"urlTemplate\":\"https:\/\/ekkla.ch\/?s={search_term_string}\"},\"query-input\":\"required name=search_term_string\"}],\"inLanguage\":\"de\"},{\"@type\":\"Organization\",\"@id\":\"https:\/\/ekkla.ch\/#organization\",\"name\":\"Ekkla\",\"url\":\"https:\/\/ekkla.ch\/\",\"logo\":{\"@type\":\"ImageObject\",\"inLanguage\":\"de\",\"@id\":\"https:\/\/ekkla.ch\/#\/schema\/logo\/image\/\",\"url\":\"http:\/\/ekkla.ch\/wp-content\/uploads\/2019\/07\/logo-1.svg\",\"contentUrl\":\"http:\/\/ekkla.ch\/wp-content\/uploads\/2019\/07\/logo-1.svg\",\"width\":1,\"height\":1,\"caption\":\"Ekkla\"},\"image\":{\"@id\":\"https:\/\/ekkla.ch\/#\/schema\/logo\/image\/\"},\"sameAs\":[\"https:\/\/www.instagram.com\/ekkla_light\/\"]}]}<\/script>\n<!-- \/ Yoast SEO Premium plugin. -->","yoast_head_json":{"title":"Karman | Aussenleuchte zum Stecken Xana S | Ekkla","description":"Entworfen f\u00fcr den Aussenbereich, kann diese Stehleuchte in einem Garten oder neben Ihre Lieblingspflanzen gepflanzt werden.","robots":{"index":"index","follow":"follow","max-snippet":"max-snippet:-1","max-image-preview":"max-image-preview:large","max-video-preview":"max-video-preview:-1"},"canonical":"https:\/\/ekkla.ch\/de\/produit\/aussenleuchte-zum-eintreiben-xana-m-karman-2\/","og_locale":"de_DE","og_type":"article","og_title":"Aussenleuchte zum Stecken Xana S - Karman","og_description":"Entworfen f\u00fcr den Aussenbereich, kann diese Stehleuchte in einem Garten oder neben Ihre Lieblingspflanzen gepflanzt werden.","og_url":"https:\/\/ekkla.ch\/de\/produit\/aussenleuchte-zum-eintreiben-xana-m-karman-2\/","og_site_name":"Ekkla","article_modified_time":"2023-01-04T11:45:59+00:00","og_image":[{"width":900,"height":900,"url":"https:\/\/ekkla.ch\/wp-content\/uploads\/2021\/05\/Lampe_exterieure_A_planter_Xana_S.jpg","type":"image\/jpeg"}],"twitter_card":"summary_large_image","twitter_misc":{"Gesch\u00e4tzte Lesezeit":"1\u00a0Minute"},"schema":{"@context":"https:\/\/schema.org","@graph":[{"@type":"WebPage","@id":"https:\/\/ekkla.ch\/de\/produit\/aussenleuchte-zum-eintreiben-xana-m-karman-2\/","url":"https:\/\/ekkla.ch\/de\/produit\/aussenleuchte-zum-eintreiben-xana-m-karman-2\/","name":"Karman | Aussenleuchte zum Stecken Xana S | Ekkla","isPartOf":{"@id":"https:\/\/ekkla.ch\/#website"},"primaryImageOfPage":{"@id":"https:\/\/ekkla.ch\/de\/produit\/aussenleuchte-zum-eintreiben-xana-m-karman-2\/#primaryimage"},"image":{"@id":"https:\/\/ekkla.ch\/de\/produit\/aussenleuchte-zum-eintreiben-xana-m-karman-2\/#primaryimage"},"thumbnailUrl":"https:\/\/ekkla.ch\/wp-content\/uploads\/2021\/05\/Lampe_exterieure_A_planter_Xana_S.jpg","datePublished":"2021-05-10T15:00:27+00:00","dateModified":"2023-01-04T11:45:59+00:00","description":"Entworfen f\u00fcr den Aussenbereich, kann diese Stehleuchte in einem Garten oder neben Ihre Lieblingspflanzen gepflanzt werden.","breadcrumb":{"@id":"https:\/\/ekkla.ch\/de\/produit\/aussenleuchte-zum-eintreiben-xana-m-karman-2\/#breadcrumb"},"inLanguage":"de","potentialAction":[{"@type":"ReadAction","target":["https:\/\/ekkla.ch\/de\/produit\/aussenleuchte-zum-eintreiben-xana-m-karman-2\/"]}]},{"@type":"ImageObject","inLanguage":"de","@id":"https:\/\/ekkla.ch\/de\/produit\/aussenleuchte-zum-eintreiben-xana-m-karman-2\/#primaryimage","url":"https:\/\/ekkla.ch\/wp-content\/uploads\/2021\/05\/Lampe_exterieure_A_planter_Xana_S.jpg","contentUrl":"https:\/\/ekkla.ch\/wp-content\/uploads\/2021\/05\/Lampe_exterieure_A_planter_Xana_S.jpg","width":900,"height":900,"caption":"Lampe ext\u00e9rieur Xana Karman"},{"@type":"BreadcrumbList","@id":"https:\/\/ekkla.ch\/de\/produit\/aussenleuchte-zum-eintreiben-xana-m-karman-2\/#breadcrumb","itemListElement":[{"@type":"ListItem","position":1,"name":"Home","item":"https:\/\/ekkla.ch\/de\/"},{"@type":"ListItem","position":2,"name":"Shop","item":"https:\/\/ekkla.ch\/de\/shop\/"},{"@type":"ListItem","position":3,"name":"Aussenleuchte zum Stecken Xana S &#8211; Karman"}]},{"@type":"WebSite","@id":"https:\/\/ekkla.ch\/#website","url":"https:\/\/ekkla.ch\/","name":"Ekkla","description":"Der Onlineshop f\u00fcr Beleuchtung","publisher":{"@id":"https:\/\/ekkla.ch\/#organization"},"potentialAction":[{"@type":"SearchAction","target":{"@type":"EntryPoint","urlTemplate":"https:\/\/ekkla.ch\/?s={search_term_string}"},"query-input":"required name=search_term_string"}],"inLanguage":"de"},{"@type":"Organization","@id":"https:\/\/ekkla.ch\/#organization","name":"Ekkla","url":"https:\/\/ekkla.ch\/","logo":{"@type":"ImageObject","inLanguage":"de","@id":"https:\/\/ekkla.ch\/#\/schema\/logo\/image\/","url":"http:\/\/ekkla.ch\/wp-content\/uploads\/2019\/07\/logo-1.svg","contentUrl":"http:\/\/ekkla.ch\/wp-content\/uploads\/2019\/07\/logo-1.svg","width":1,"height":1,"caption":"Ekkla"},"image":{"@id":"https:\/\/ekkla.ch\/#\/schema\/logo\/image\/"},"sameAs":["https:\/\/www.instagram.com\/ekkla_light\/"]}]}},"_links":{"self":[{"href":"https:\/\/ekkla.ch\/de\/wp-json\/wp\/v2\/product\/89699"}],"collection":[{"href":"https:\/\/ekkla.ch\/de\/wp-json\/wp\/v2\/product"}],"about":[{"href":"https:\/\/ekkla.ch\/de\/wp-json\/wp\/v2\/types\/product"}],"wp:featuredmedia":[{"embeddable":true,"href":"https:\/\/ekkla.ch\/de\/wp-json\/wp\/v2\/media\/79558"}],"wp:attachment":[{"href":"https:\/\/ekkla.ch\/de\/wp-json\/wp\/v2\/media?parent=89699"}],"wp:term":[{"taxonomy":"product_cat","embeddable":true,"href":"https:\/\/ekkla.ch\/de\/wp-json\/wp\/v2\/product_cat?post=89699"},{"taxonomy":"product_tag","embeddable":true,"href":"https:\/\/ekkla.ch\/de\/wp-json\/wp\/v2\/product_tag?post=89699"}],"curies":[{"name":"wp","href":"https:\/\/api.w.org\/{rel}","templated":true}]}}