{"id":9065,"date":"2019-06-29T18:38:32","date_gmt":"2019-06-29T16:38:32","guid":{"rendered":"https:\/\/ekkla.ch\/produit\/goldene-stehlampe\/"},"modified":"2021-11-20T14:24:33","modified_gmt":"2021-11-20T13:24:33","slug":"leuchte-mit-goldenem-sockel","status":"publish","type":"product","link":"https:\/\/ekkla.ch\/de\/produit\/leuchte-mit-goldenem-sockel\/","title":{"rendered":"Leuchte mit goldenem Sockel"},"content":{"rendered":"<p>Eine Leuchte mit vielen Facetten: mit ihrer E27-Fassung k\u00f6nnen Sie sie mit einer Gl\u00fchbirne Ihrer Wahl kombinieren und den Look der Leuchte einfach ver\u00e4ndern. Der goldene Sockel tr\u00e4gt zu einem festlichen und glamour\u00f6sen Ambiente bei. Das minimalistische Design passt in jedes Dekor und wird Ihren Raum Tag und Nacht erhellen. Gl\u00fchbirne nicht enthalten.<\/p>\n<blockquote>\n<h2>Merkmale &amp; Eigenschaften<\/h2>\n<p style=\"text-align: left;\"><strong>Farbe<\/strong>\u00a0Gold<\/p>\n<p style=\"text-align: left;\"><strong>Material<\/strong> Metall<\/p>\n<p style=\"text-align: left;\"><strong>Gl\u00fchbirne<\/strong>\u00a0E27<\/p>\n<p style=\"text-align: left;\"><strong>Max. Leistung (W)<\/strong> 40<\/p>\n<p><strong>H\u00f6he (cm)<\/strong> 8,5<\/p>\n<p><strong>Breite (cm) <\/strong>12<\/p><\/blockquote>\n","protected":false},"excerpt":{"rendered":"<p>Eine Leuchte mit vielen Facetten: mit ihrer E27-Fassung k\u00f6nnen Sie sie mit einer Gl\u00fchbirne Ihrer Wahl kombinieren und den Look der Leuchte einfach ver\u00e4ndern. Der goldene Sockel tr\u00e4gt zu einem festlichen und glamour\u00f6sen Ambiente bei. Das minimalistische Design passt in jedes Dekor und wird Ihren Raum Tag und Nacht erhellen. Gl\u00fchbirne nicht enthalten. Merkmale &amp; [&hellip;]<\/p>\n","protected":false},"featured_media":2813,"template":"","meta":{"_acf_changed":false,"om_disable_all_campaigns":false},"product_cat":[290],"product_tag":[554,816,653],"bundled_by":[],"bundle_stock_status":"onbackorder","bundle_stock_quantity":0,"bundle_virtual":false,"bundle_layout":"","bundle_add_to_cart_form_location":"","bundle_editable_in_cart":false,"bundle_sold_individually_context":"","bundle_item_grouping":"","bundle_min_size":"","bundle_max_size":"","bundle_price":[],"bundled_items":[],"bundle_sell_ids":[],"acf":[],"yoast_head":"<!-- This site is optimized with the Yoast SEO Premium plugin v22.2 (Yoast SEO v22.8) - https:\/\/yoast.com\/wordpress\/plugins\/seo\/ -->\n<title>Licht-Dekoration | Goldene Sockel-Tischleuchte | Ekkla<\/title>\n<meta name=\"description\" content=\"Eine Leuchte mit goldenem Sockel, die einen festlichen und glamour\u00f6senTouch in Ihr Schlaf- oder Wohnzimmer oder den Eingangsbereich zaubert.\" \/>\n<meta name=\"robots\" content=\"index, follow, max-snippet:-1, max-image-preview:large, max-video-preview:-1\" \/>\n<link rel=\"canonical\" href=\"https:\/\/ekkla.ch\/de\/produit\/leuchte-mit-goldenem-sockel\/\" \/>\n<meta property=\"og:locale\" content=\"de_DE\" \/>\n<meta property=\"og:type\" content=\"article\" \/>\n<meta property=\"og:title\" content=\"Leuchte mit goldenem Sockel\" \/>\n<meta property=\"og:description\" content=\"Eine Leuchte mit goldenem Sockel, die einen festlichen und glamour\u00f6senTouch in Ihr Schlaf- oder Wohnzimmer oder den Eingangsbereich zaubert.\" \/>\n<meta property=\"og:url\" content=\"https:\/\/ekkla.ch\/de\/produit\/leuchte-mit-goldenem-sockel\/\" \/>\n<meta property=\"og:site_name\" content=\"Ekkla\" \/>\n<meta property=\"article:modified_time\" content=\"2021-11-20T13:24:33+00:00\" \/>\n<meta property=\"og:image\" content=\"https:\/\/ekkla.ch\/wp-content\/uploads\/2019\/06\/297-01socle-dor\u00e9.jpg\" \/>\n\t<meta property=\"og:image:width\" content=\"1200\" \/>\n\t<meta property=\"og:image:height\" content=\"1200\" \/>\n\t<meta property=\"og:image:type\" content=\"image\/jpeg\" \/>\n<meta name=\"twitter:card\" content=\"summary_large_image\" \/>\n<script type=\"application\/ld+json\" class=\"yoast-schema-graph\">{\"@context\":\"https:\/\/schema.org\",\"@graph\":[{\"@type\":\"WebPage\",\"@id\":\"https:\/\/ekkla.ch\/de\/produit\/leuchte-mit-goldenem-sockel\/\",\"url\":\"https:\/\/ekkla.ch\/de\/produit\/leuchte-mit-goldenem-sockel\/\",\"name\":\"Licht-Dekoration | Goldene Sockel-Tischleuchte | Ekkla\",\"isPartOf\":{\"@id\":\"https:\/\/ekkla.ch\/#website\"},\"primaryImageOfPage\":{\"@id\":\"https:\/\/ekkla.ch\/de\/produit\/leuchte-mit-goldenem-sockel\/#primaryimage\"},\"image\":{\"@id\":\"https:\/\/ekkla.ch\/de\/produit\/leuchte-mit-goldenem-sockel\/#primaryimage\"},\"thumbnailUrl\":\"https:\/\/ekkla.ch\/wp-content\/uploads\/2019\/06\/297-01socle-dor\u00e9.jpg\",\"datePublished\":\"2019-06-29T16:38:32+00:00\",\"dateModified\":\"2021-11-20T13:24:33+00:00\",\"description\":\"Eine Leuchte mit goldenem Sockel, die einen festlichen und glamour\u00f6senTouch in Ihr Schlaf- oder Wohnzimmer oder den Eingangsbereich zaubert.\",\"breadcrumb\":{\"@id\":\"https:\/\/ekkla.ch\/de\/produit\/leuchte-mit-goldenem-sockel\/#breadcrumb\"},\"inLanguage\":\"de\",\"potentialAction\":[{\"@type\":\"ReadAction\",\"target\":[\"https:\/\/ekkla.ch\/de\/produit\/leuchte-mit-goldenem-sockel\/\"]}]},{\"@type\":\"ImageObject\",\"inLanguage\":\"de\",\"@id\":\"https:\/\/ekkla.ch\/de\/produit\/leuchte-mit-goldenem-sockel\/#primaryimage\",\"url\":\"https:\/\/ekkla.ch\/wp-content\/uploads\/2019\/06\/297-01socle-dor\u00e9.jpg\",\"contentUrl\":\"https:\/\/ekkla.ch\/wp-content\/uploads\/2019\/06\/297-01socle-dor\u00e9.jpg\",\"width\":1200,\"height\":1200},{\"@type\":\"BreadcrumbList\",\"@id\":\"https:\/\/ekkla.ch\/de\/produit\/leuchte-mit-goldenem-sockel\/#breadcrumb\",\"itemListElement\":[{\"@type\":\"ListItem\",\"position\":1,\"name\":\"Home\",\"item\":\"https:\/\/ekkla.ch\/de\/\"},{\"@type\":\"ListItem\",\"position\":2,\"name\":\"Shop\",\"item\":\"https:\/\/ekkla.ch\/de\/shop\/\"},{\"@type\":\"ListItem\",\"position\":3,\"name\":\"Leuchte mit goldenem Sockel\"}]},{\"@type\":\"WebSite\",\"@id\":\"https:\/\/ekkla.ch\/#website\",\"url\":\"https:\/\/ekkla.ch\/\",\"name\":\"Ekkla\",\"description\":\"Der Onlineshop f\u00fcr Beleuchtung\",\"publisher\":{\"@id\":\"https:\/\/ekkla.ch\/#organization\"},\"potentialAction\":[{\"@type\":\"SearchAction\",\"target\":{\"@type\":\"EntryPoint\",\"urlTemplate\":\"https:\/\/ekkla.ch\/?s={search_term_string}\"},\"query-input\":\"required name=search_term_string\"}],\"inLanguage\":\"de\"},{\"@type\":\"Organization\",\"@id\":\"https:\/\/ekkla.ch\/#organization\",\"name\":\"Ekkla\",\"url\":\"https:\/\/ekkla.ch\/\",\"logo\":{\"@type\":\"ImageObject\",\"inLanguage\":\"de\",\"@id\":\"https:\/\/ekkla.ch\/#\/schema\/logo\/image\/\",\"url\":\"http:\/\/ekkla.ch\/wp-content\/uploads\/2019\/07\/logo-1.svg\",\"contentUrl\":\"http:\/\/ekkla.ch\/wp-content\/uploads\/2019\/07\/logo-1.svg\",\"width\":1,\"height\":1,\"caption\":\"Ekkla\"},\"image\":{\"@id\":\"https:\/\/ekkla.ch\/#\/schema\/logo\/image\/\"},\"sameAs\":[\"https:\/\/www.instagram.com\/ekkla_light\/\"]}]}<\/script>\n<!-- \/ Yoast SEO Premium plugin. -->","yoast_head_json":{"title":"Licht-Dekoration | Goldene Sockel-Tischleuchte | Ekkla","description":"Eine Leuchte mit goldenem Sockel, die einen festlichen und glamour\u00f6senTouch in Ihr Schlaf- oder Wohnzimmer oder den Eingangsbereich zaubert.","robots":{"index":"index","follow":"follow","max-snippet":"max-snippet:-1","max-image-preview":"max-image-preview:large","max-video-preview":"max-video-preview:-1"},"canonical":"https:\/\/ekkla.ch\/de\/produit\/leuchte-mit-goldenem-sockel\/","og_locale":"de_DE","og_type":"article","og_title":"Leuchte mit goldenem Sockel","og_description":"Eine Leuchte mit goldenem Sockel, die einen festlichen und glamour\u00f6senTouch in Ihr Schlaf- oder Wohnzimmer oder den Eingangsbereich zaubert.","og_url":"https:\/\/ekkla.ch\/de\/produit\/leuchte-mit-goldenem-sockel\/","og_site_name":"Ekkla","article_modified_time":"2021-11-20T13:24:33+00:00","og_image":[{"width":1200,"height":1200,"url":"https:\/\/ekkla.ch\/wp-content\/uploads\/2019\/06\/297-01socle-dor\u00e9.jpg","type":"image\/jpeg"}],"twitter_card":"summary_large_image","schema":{"@context":"https:\/\/schema.org","@graph":[{"@type":"WebPage","@id":"https:\/\/ekkla.ch\/de\/produit\/leuchte-mit-goldenem-sockel\/","url":"https:\/\/ekkla.ch\/de\/produit\/leuchte-mit-goldenem-sockel\/","name":"Licht-Dekoration | Goldene Sockel-Tischleuchte | Ekkla","isPartOf":{"@id":"https:\/\/ekkla.ch\/#website"},"primaryImageOfPage":{"@id":"https:\/\/ekkla.ch\/de\/produit\/leuchte-mit-goldenem-sockel\/#primaryimage"},"image":{"@id":"https:\/\/ekkla.ch\/de\/produit\/leuchte-mit-goldenem-sockel\/#primaryimage"},"thumbnailUrl":"https:\/\/ekkla.ch\/wp-content\/uploads\/2019\/06\/297-01socle-dor\u00e9.jpg","datePublished":"2019-06-29T16:38:32+00:00","dateModified":"2021-11-20T13:24:33+00:00","description":"Eine Leuchte mit goldenem Sockel, die einen festlichen und glamour\u00f6senTouch in Ihr Schlaf- oder Wohnzimmer oder den Eingangsbereich zaubert.","breadcrumb":{"@id":"https:\/\/ekkla.ch\/de\/produit\/leuchte-mit-goldenem-sockel\/#breadcrumb"},"inLanguage":"de","potentialAction":[{"@type":"ReadAction","target":["https:\/\/ekkla.ch\/de\/produit\/leuchte-mit-goldenem-sockel\/"]}]},{"@type":"ImageObject","inLanguage":"de","@id":"https:\/\/ekkla.ch\/de\/produit\/leuchte-mit-goldenem-sockel\/#primaryimage","url":"https:\/\/ekkla.ch\/wp-content\/uploads\/2019\/06\/297-01socle-dor\u00e9.jpg","contentUrl":"https:\/\/ekkla.ch\/wp-content\/uploads\/2019\/06\/297-01socle-dor\u00e9.jpg","width":1200,"height":1200},{"@type":"BreadcrumbList","@id":"https:\/\/ekkla.ch\/de\/produit\/leuchte-mit-goldenem-sockel\/#breadcrumb","itemListElement":[{"@type":"ListItem","position":1,"name":"Home","item":"https:\/\/ekkla.ch\/de\/"},{"@type":"ListItem","position":2,"name":"Shop","item":"https:\/\/ekkla.ch\/de\/shop\/"},{"@type":"ListItem","position":3,"name":"Leuchte mit goldenem Sockel"}]},{"@type":"WebSite","@id":"https:\/\/ekkla.ch\/#website","url":"https:\/\/ekkla.ch\/","name":"Ekkla","description":"Der Onlineshop f\u00fcr Beleuchtung","publisher":{"@id":"https:\/\/ekkla.ch\/#organization"},"potentialAction":[{"@type":"SearchAction","target":{"@type":"EntryPoint","urlTemplate":"https:\/\/ekkla.ch\/?s={search_term_string}"},"query-input":"required name=search_term_string"}],"inLanguage":"de"},{"@type":"Organization","@id":"https:\/\/ekkla.ch\/#organization","name":"Ekkla","url":"https:\/\/ekkla.ch\/","logo":{"@type":"ImageObject","inLanguage":"de","@id":"https:\/\/ekkla.ch\/#\/schema\/logo\/image\/","url":"http:\/\/ekkla.ch\/wp-content\/uploads\/2019\/07\/logo-1.svg","contentUrl":"http:\/\/ekkla.ch\/wp-content\/uploads\/2019\/07\/logo-1.svg","width":1,"height":1,"caption":"Ekkla"},"image":{"@id":"https:\/\/ekkla.ch\/#\/schema\/logo\/image\/"},"sameAs":["https:\/\/www.instagram.com\/ekkla_light\/"]}]}},"_links":{"self":[{"href":"https:\/\/ekkla.ch\/de\/wp-json\/wp\/v2\/product\/9065"}],"collection":[{"href":"https:\/\/ekkla.ch\/de\/wp-json\/wp\/v2\/product"}],"about":[{"href":"https:\/\/ekkla.ch\/de\/wp-json\/wp\/v2\/types\/product"}],"wp:featuredmedia":[{"embeddable":true,"href":"https:\/\/ekkla.ch\/de\/wp-json\/wp\/v2\/media\/2813"}],"wp:attachment":[{"href":"https:\/\/ekkla.ch\/de\/wp-json\/wp\/v2\/media?parent=9065"}],"wp:term":[{"taxonomy":"product_cat","embeddable":true,"href":"https:\/\/ekkla.ch\/de\/wp-json\/wp\/v2\/product_cat?post=9065"},{"taxonomy":"product_tag","embeddable":true,"href":"https:\/\/ekkla.ch\/de\/wp-json\/wp\/v2\/product_tag?post=9065"}],"curies":[{"name":"wp","href":"https:\/\/api.w.org\/{rel}","templated":true}]}}