{"id":91289,"date":"2021-05-04T17:00:51","date_gmt":"2021-05-04T15:00:51","guid":{"rendered":"https:\/\/ekkla.ch\/produit\/bronze-hangeleuchte-bag-s-karman-2\/"},"modified":"2023-01-05T10:17:14","modified_gmt":"2023-01-05T09:17:14","slug":"bronze-hangeleuchte-bag-s-karman-2","status":"publish","type":"product","link":"https:\/\/ekkla.ch\/de\/produit\/bronze-hangeleuchte-bag-s-karman-2\/","title":{"rendered":"Bronze-H\u00e4ngeleuchte Bag S &#8211; Karman"},"content":{"rendered":"<p>Die H\u00e4ngeleuchte <em>Bag<\/em> der italienischen Marke Karman besteht aus einem glockenf\u00f6rmigen Lampenschirm und einem Griff, um das Licht je nach Bed\u00fcrfnis zu lenken. Die verspielte und elegante Leuchte kann problemlos in einem Wohnzimmer, einem Schlafzimmer oder einem B\u00fcro platziert werden. Gl\u00fchbirne nicht inbegriffen.<\/p>\n<h2>\u00a0 \u00a0 Merkmale &amp; Eigenschaften<\/h2>\n<p><strong>\u00a0 \u00a0 \u00a0 Marke\u00a0<\/strong>Karman<\/p>\n<p><strong>\u00a0 \u00a0 \u00a0 Farbe<\/strong>\u00a0Bronze<\/p>\n<p><strong>\u00a0 \u00a0 \u00a0 Materialien<\/strong>\u00a0Keramik und Metall<\/p>\n<p><strong>\u00a0 \u00a0 \u00a0 Gl\u00fchbirne <\/strong>E27<\/p>\n<p><strong>\u00a0 \u00a0 \u00a0 Max. Leistung (W) <\/strong>53<\/p>\n<p><strong>\u00a0 \u00a0 \u00a0 Durchmesser (cm)<\/strong>\u00a021<\/p>\n<p><strong>\u00a0 \u00a0 \u00a0 H\u00f6he <\/strong><strong>(cm)<\/strong>\u00a020<\/p>\n<p><strong>\u00a0 \u00a0 \u00a0 Max. Kabell\u00e4nge (cm)<\/strong> 200<\/p>\n<p><strong>\u00a0 \u00a0 \u00a0 Gewicht (kg)<\/strong>\u00a01.7<\/p>\n","protected":false},"excerpt":{"rendered":"<p>Die H\u00e4ngeleuchte Bag der italienischen Marke Karman besteht aus einem glockenf\u00f6rmigen Lampenschirm und einem Griff, um das Licht je nach Bed\u00fcrfnis zu lenken. Die verspielte und elegante Leuchte kann problemlos in einem Wohnzimmer, einem Schlafzimmer oder einem B\u00fcro platziert werden. Gl\u00fchbirne nicht inbegriffen. \u00a0 \u00a0 Merkmale &amp; Eigenschaften \u00a0 \u00a0 \u00a0 Marke\u00a0Karman \u00a0 \u00a0 \u00a0 [&hellip;]<\/p>\n","protected":false},"featured_media":76269,"template":"","meta":{"_acf_changed":false,"om_disable_all_campaigns":false},"product_cat":[291],"product_tag":[892,1188,801,816],"bundled_by":[],"bundle_stock_status":"onbackorder","bundle_stock_quantity":null,"bundle_virtual":false,"bundle_layout":"","bundle_add_to_cart_form_location":"","bundle_editable_in_cart":false,"bundle_sold_individually_context":"","bundle_item_grouping":"","bundle_min_size":"","bundle_max_size":"","bundle_price":[],"bundled_items":[],"bundle_sell_ids":[],"acf":[],"yoast_head":"<!-- This site is optimized with the Yoast SEO Premium plugin v22.2 (Yoast SEO v22.8) - https:\/\/yoast.com\/wordpress\/plugins\/seo\/ -->\n<title>Karman | H\u00e4ngeleuchte Bag S aus Bronze | Metall | Ekkla<\/title>\n<meta name=\"description\" content=\"Die H\u00e4ngeleuchte Bag aus Keramik verk\u00f6rpert mit ihrem femininen, praktischen und eleganten Design die Vielseitigkeit einer Handtasche.\" \/>\n<meta name=\"robots\" content=\"index, follow, max-snippet:-1, max-image-preview:large, max-video-preview:-1\" \/>\n<link rel=\"canonical\" href=\"https:\/\/ekkla.ch\/de\/produit\/bronze-hangeleuchte-bag-s-karman-2\/\" \/>\n<meta property=\"og:locale\" content=\"de_DE\" \/>\n<meta property=\"og:type\" content=\"article\" \/>\n<meta property=\"og:title\" content=\"Bronze-H\u00e4ngeleuchte Bag S - Karman\" \/>\n<meta property=\"og:description\" content=\"Die H\u00e4ngeleuchte Bag aus Keramik verk\u00f6rpert mit ihrem femininen, praktischen und eleganten Design die Vielseitigkeit einer Handtasche.\" \/>\n<meta property=\"og:url\" content=\"https:\/\/ekkla.ch\/de\/produit\/bronze-hangeleuchte-bag-s-karman-2\/\" \/>\n<meta property=\"og:site_name\" content=\"Ekkla\" \/>\n<meta property=\"article:modified_time\" content=\"2023-01-05T09:17:14+00:00\" \/>\n<meta property=\"og:image\" content=\"https:\/\/ekkla.ch\/wp-content\/uploads\/2021\/05\/Suspension_bag_bronze.jpg\" \/>\n\t<meta property=\"og:image:width\" content=\"900\" \/>\n\t<meta property=\"og:image:height\" content=\"900\" \/>\n\t<meta property=\"og:image:type\" content=\"image\/jpeg\" \/>\n<meta name=\"twitter:card\" content=\"summary_large_image\" \/>\n<meta name=\"twitter:label1\" content=\"Gesch\u00e4tzte Lesezeit\" \/>\n\t<meta name=\"twitter:data1\" content=\"1\u00a0Minute\" \/>\n<script type=\"application\/ld+json\" class=\"yoast-schema-graph\">{\"@context\":\"https:\/\/schema.org\",\"@graph\":[{\"@type\":\"WebPage\",\"@id\":\"https:\/\/ekkla.ch\/de\/produit\/bronze-hangeleuchte-bag-s-karman-2\/\",\"url\":\"https:\/\/ekkla.ch\/de\/produit\/bronze-hangeleuchte-bag-s-karman-2\/\",\"name\":\"Karman | H\u00e4ngeleuchte Bag S aus Bronze | Metall | Ekkla\",\"isPartOf\":{\"@id\":\"https:\/\/ekkla.ch\/#website\"},\"primaryImageOfPage\":{\"@id\":\"https:\/\/ekkla.ch\/de\/produit\/bronze-hangeleuchte-bag-s-karman-2\/#primaryimage\"},\"image\":{\"@id\":\"https:\/\/ekkla.ch\/de\/produit\/bronze-hangeleuchte-bag-s-karman-2\/#primaryimage\"},\"thumbnailUrl\":\"https:\/\/ekkla.ch\/wp-content\/uploads\/2021\/05\/Suspension_bag_bronze.jpg\",\"datePublished\":\"2021-05-04T15:00:51+00:00\",\"dateModified\":\"2023-01-05T09:17:14+00:00\",\"description\":\"Die H\u00e4ngeleuchte Bag aus Keramik verk\u00f6rpert mit ihrem femininen, praktischen und eleganten Design die Vielseitigkeit einer Handtasche.\",\"breadcrumb\":{\"@id\":\"https:\/\/ekkla.ch\/de\/produit\/bronze-hangeleuchte-bag-s-karman-2\/#breadcrumb\"},\"inLanguage\":\"de\",\"potentialAction\":[{\"@type\":\"ReadAction\",\"target\":[\"https:\/\/ekkla.ch\/de\/produit\/bronze-hangeleuchte-bag-s-karman-2\/\"]}]},{\"@type\":\"ImageObject\",\"inLanguage\":\"de\",\"@id\":\"https:\/\/ekkla.ch\/de\/produit\/bronze-hangeleuchte-bag-s-karman-2\/#primaryimage\",\"url\":\"https:\/\/ekkla.ch\/wp-content\/uploads\/2021\/05\/Suspension_bag_bronze.jpg\",\"contentUrl\":\"https:\/\/ekkla.ch\/wp-content\/uploads\/2021\/05\/Suspension_bag_bronze.jpg\",\"width\":900,\"height\":900,\"caption\":\"Suspension Bag Karman\"},{\"@type\":\"BreadcrumbList\",\"@id\":\"https:\/\/ekkla.ch\/de\/produit\/bronze-hangeleuchte-bag-s-karman-2\/#breadcrumb\",\"itemListElement\":[{\"@type\":\"ListItem\",\"position\":1,\"name\":\"Home\",\"item\":\"https:\/\/ekkla.ch\/de\/\"},{\"@type\":\"ListItem\",\"position\":2,\"name\":\"Shop\",\"item\":\"https:\/\/ekkla.ch\/de\/shop\/\"},{\"@type\":\"ListItem\",\"position\":3,\"name\":\"Bronze-H\u00e4ngeleuchte Bag S &#8211; Karman\"}]},{\"@type\":\"WebSite\",\"@id\":\"https:\/\/ekkla.ch\/#website\",\"url\":\"https:\/\/ekkla.ch\/\",\"name\":\"Ekkla\",\"description\":\"Der Onlineshop f\u00fcr Beleuchtung\",\"publisher\":{\"@id\":\"https:\/\/ekkla.ch\/#organization\"},\"potentialAction\":[{\"@type\":\"SearchAction\",\"target\":{\"@type\":\"EntryPoint\",\"urlTemplate\":\"https:\/\/ekkla.ch\/?s={search_term_string}\"},\"query-input\":\"required name=search_term_string\"}],\"inLanguage\":\"de\"},{\"@type\":\"Organization\",\"@id\":\"https:\/\/ekkla.ch\/#organization\",\"name\":\"Ekkla\",\"url\":\"https:\/\/ekkla.ch\/\",\"logo\":{\"@type\":\"ImageObject\",\"inLanguage\":\"de\",\"@id\":\"https:\/\/ekkla.ch\/#\/schema\/logo\/image\/\",\"url\":\"http:\/\/ekkla.ch\/wp-content\/uploads\/2019\/07\/logo-1.svg\",\"contentUrl\":\"http:\/\/ekkla.ch\/wp-content\/uploads\/2019\/07\/logo-1.svg\",\"width\":1,\"height\":1,\"caption\":\"Ekkla\"},\"image\":{\"@id\":\"https:\/\/ekkla.ch\/#\/schema\/logo\/image\/\"},\"sameAs\":[\"https:\/\/www.instagram.com\/ekkla_light\/\"]}]}<\/script>\n<!-- \/ Yoast SEO Premium plugin. -->","yoast_head_json":{"title":"Karman | H\u00e4ngeleuchte Bag S aus Bronze | Metall | Ekkla","description":"Die H\u00e4ngeleuchte Bag aus Keramik verk\u00f6rpert mit ihrem femininen, praktischen und eleganten Design die Vielseitigkeit einer Handtasche.","robots":{"index":"index","follow":"follow","max-snippet":"max-snippet:-1","max-image-preview":"max-image-preview:large","max-video-preview":"max-video-preview:-1"},"canonical":"https:\/\/ekkla.ch\/de\/produit\/bronze-hangeleuchte-bag-s-karman-2\/","og_locale":"de_DE","og_type":"article","og_title":"Bronze-H\u00e4ngeleuchte Bag S - Karman","og_description":"Die H\u00e4ngeleuchte Bag aus Keramik verk\u00f6rpert mit ihrem femininen, praktischen und eleganten Design die Vielseitigkeit einer Handtasche.","og_url":"https:\/\/ekkla.ch\/de\/produit\/bronze-hangeleuchte-bag-s-karman-2\/","og_site_name":"Ekkla","article_modified_time":"2023-01-05T09:17:14+00:00","og_image":[{"width":900,"height":900,"url":"https:\/\/ekkla.ch\/wp-content\/uploads\/2021\/05\/Suspension_bag_bronze.jpg","type":"image\/jpeg"}],"twitter_card":"summary_large_image","twitter_misc":{"Gesch\u00e4tzte Lesezeit":"1\u00a0Minute"},"schema":{"@context":"https:\/\/schema.org","@graph":[{"@type":"WebPage","@id":"https:\/\/ekkla.ch\/de\/produit\/bronze-hangeleuchte-bag-s-karman-2\/","url":"https:\/\/ekkla.ch\/de\/produit\/bronze-hangeleuchte-bag-s-karman-2\/","name":"Karman | H\u00e4ngeleuchte Bag S aus Bronze | Metall | Ekkla","isPartOf":{"@id":"https:\/\/ekkla.ch\/#website"},"primaryImageOfPage":{"@id":"https:\/\/ekkla.ch\/de\/produit\/bronze-hangeleuchte-bag-s-karman-2\/#primaryimage"},"image":{"@id":"https:\/\/ekkla.ch\/de\/produit\/bronze-hangeleuchte-bag-s-karman-2\/#primaryimage"},"thumbnailUrl":"https:\/\/ekkla.ch\/wp-content\/uploads\/2021\/05\/Suspension_bag_bronze.jpg","datePublished":"2021-05-04T15:00:51+00:00","dateModified":"2023-01-05T09:17:14+00:00","description":"Die H\u00e4ngeleuchte Bag aus Keramik verk\u00f6rpert mit ihrem femininen, praktischen und eleganten Design die Vielseitigkeit einer Handtasche.","breadcrumb":{"@id":"https:\/\/ekkla.ch\/de\/produit\/bronze-hangeleuchte-bag-s-karman-2\/#breadcrumb"},"inLanguage":"de","potentialAction":[{"@type":"ReadAction","target":["https:\/\/ekkla.ch\/de\/produit\/bronze-hangeleuchte-bag-s-karman-2\/"]}]},{"@type":"ImageObject","inLanguage":"de","@id":"https:\/\/ekkla.ch\/de\/produit\/bronze-hangeleuchte-bag-s-karman-2\/#primaryimage","url":"https:\/\/ekkla.ch\/wp-content\/uploads\/2021\/05\/Suspension_bag_bronze.jpg","contentUrl":"https:\/\/ekkla.ch\/wp-content\/uploads\/2021\/05\/Suspension_bag_bronze.jpg","width":900,"height":900,"caption":"Suspension Bag Karman"},{"@type":"BreadcrumbList","@id":"https:\/\/ekkla.ch\/de\/produit\/bronze-hangeleuchte-bag-s-karman-2\/#breadcrumb","itemListElement":[{"@type":"ListItem","position":1,"name":"Home","item":"https:\/\/ekkla.ch\/de\/"},{"@type":"ListItem","position":2,"name":"Shop","item":"https:\/\/ekkla.ch\/de\/shop\/"},{"@type":"ListItem","position":3,"name":"Bronze-H\u00e4ngeleuchte Bag S &#8211; Karman"}]},{"@type":"WebSite","@id":"https:\/\/ekkla.ch\/#website","url":"https:\/\/ekkla.ch\/","name":"Ekkla","description":"Der Onlineshop f\u00fcr Beleuchtung","publisher":{"@id":"https:\/\/ekkla.ch\/#organization"},"potentialAction":[{"@type":"SearchAction","target":{"@type":"EntryPoint","urlTemplate":"https:\/\/ekkla.ch\/?s={search_term_string}"},"query-input":"required name=search_term_string"}],"inLanguage":"de"},{"@type":"Organization","@id":"https:\/\/ekkla.ch\/#organization","name":"Ekkla","url":"https:\/\/ekkla.ch\/","logo":{"@type":"ImageObject","inLanguage":"de","@id":"https:\/\/ekkla.ch\/#\/schema\/logo\/image\/","url":"http:\/\/ekkla.ch\/wp-content\/uploads\/2019\/07\/logo-1.svg","contentUrl":"http:\/\/ekkla.ch\/wp-content\/uploads\/2019\/07\/logo-1.svg","width":1,"height":1,"caption":"Ekkla"},"image":{"@id":"https:\/\/ekkla.ch\/#\/schema\/logo\/image\/"},"sameAs":["https:\/\/www.instagram.com\/ekkla_light\/"]}]}},"_links":{"self":[{"href":"https:\/\/ekkla.ch\/de\/wp-json\/wp\/v2\/product\/91289"}],"collection":[{"href":"https:\/\/ekkla.ch\/de\/wp-json\/wp\/v2\/product"}],"about":[{"href":"https:\/\/ekkla.ch\/de\/wp-json\/wp\/v2\/types\/product"}],"wp:featuredmedia":[{"embeddable":true,"href":"https:\/\/ekkla.ch\/de\/wp-json\/wp\/v2\/media\/76269"}],"wp:attachment":[{"href":"https:\/\/ekkla.ch\/de\/wp-json\/wp\/v2\/media?parent=91289"}],"wp:term":[{"taxonomy":"product_cat","embeddable":true,"href":"https:\/\/ekkla.ch\/de\/wp-json\/wp\/v2\/product_cat?post=91289"},{"taxonomy":"product_tag","embeddable":true,"href":"https:\/\/ekkla.ch\/de\/wp-json\/wp\/v2\/product_tag?post=91289"}],"curies":[{"name":"wp","href":"https:\/\/api.w.org\/{rel}","templated":true}]}}