{"id":9183,"date":"2019-06-29T18:37:11","date_gmt":"2019-06-29T16:37:11","guid":{"rendered":"https:\/\/ekkla.ch\/produit\/schwarzes-rattan-madagaskar-pendelleuchte\/"},"modified":"2023-06-13T23:05:20","modified_gmt":"2023-06-13T21:05:20","slug":"haengeleuchte-madagaskar-aus-schwarzem-rattan-good-and-mojo","status":"publish","type":"product","link":"https:\/\/ekkla.ch\/de\/produit\/haengeleuchte-madagaskar-aus-schwarzem-rattan-good-and-mojo\/","title":{"rendered":"H\u00e4ngeleuchte Madagascar &#8211; Schwarzer Bambus &#8211; \u00d860 &#8211; Good &#038; Mojo"},"content":{"rendered":"<p>Die Madagaskar H\u00e4ngeleuchte aus der Good &amp; Mojo Kollektion besteht aus zeitlosem, hellem gef\u00e4rbtem Rattan und wurde komplett von Hand geflochten. Ihr trendiges Design verleiht Ihrem Interieur Stil und Charakter. Sie kommt perfekt zur Geltung in einem Wohn-, Ess- oder Schlafzimmer, sowie in einem Eingangsbereich.<\/p>\n<p>5% des Erl\u00f6ses jeder verkauften Leuchte aus der Good &amp; Mojo-Kollektion werden an die <a href=\"https:\/\/waka-waka.com\/de\/foundation\/\">WakaWaka<\/a> Foundation gespendet, die Menschen ohne Zugang zu Strom mit Solarleuchten ausstattet.<\/p>\n<blockquote>\n<h2>Merkmale &amp; Eigenschaften<\/h2>\n<p><strong>Marke<\/strong> Good &amp; Mojo<\/p>\n<p style=\"text-align: left;\"><strong>Farbe<\/strong>\u00a0Schwarz<\/p>\n<p style=\"text-align: left;\"><strong>Material<\/strong> Bambus<\/p>\n<p style=\"text-align: left;\"><strong>Gl\u00fchbirne<\/strong>\u00a0E27<\/p>\n<p style=\"text-align: left;\"><strong>Max. Leistung (W) <\/strong>60<\/p>\n<p><strong>Breite (cm) <\/strong>60<\/p>\n<p><strong>H\u00f6he (cm)<\/strong> 50<\/p><\/blockquote>\n","protected":false},"excerpt":{"rendered":"<p>Die Madagaskar H\u00e4ngeleuchte aus der Good &amp; Mojo Kollektion besteht aus zeitlosem, hellem gef\u00e4rbtem Rattan und wurde komplett von Hand geflochten. Ihr trendiges Design verleiht Ihrem Interieur Stil und Charakter. Sie kommt perfekt zur Geltung in einem Wohn-, Ess- oder Schlafzimmer, sowie in einem Eingangsbereich. 5% des Erl\u00f6ses jeder verkauften Leuchte aus der Good &amp; [&hellip;]<\/p>\n","protected":false},"featured_media":1880,"template":"","meta":{"_acf_changed":false,"om_disable_all_campaigns":false},"product_cat":[291],"product_tag":[1258,898,1188,816,603],"bundled_by":[],"bundle_stock_status":"onbackorder","bundle_stock_quantity":0,"bundle_virtual":false,"bundle_layout":"","bundle_add_to_cart_form_location":"","bundle_editable_in_cart":false,"bundle_sold_individually_context":"","bundle_item_grouping":"","bundle_min_size":"","bundle_max_size":"","bundle_price":[],"bundled_items":[],"bundle_sell_ids":[],"acf":[],"yoast_head":"<!-- This site is optimized with the Yoast SEO Premium plugin v22.2 (Yoast SEO v22.8) - https:\/\/yoast.com\/wordpress\/plugins\/seo\/ -->\n<title>Good &amp; Mojo | H\u00e4ngeleuchte Madagaskar | Eco-friendly | Ekkla<\/title>\n<meta name=\"description\" content=\"Eine handgeflochtene H\u00e4ngeleuchte aus Bambus, um Ihrer Inneneinrichtung einen nat\u00fcrlichen und raffinierten Touch zu verleihen. Ideal f\u00fcr ein Schlafzimmer.\" \/>\n<meta name=\"robots\" content=\"index, follow, max-snippet:-1, max-image-preview:large, max-video-preview:-1\" \/>\n<link rel=\"canonical\" href=\"https:\/\/ekkla.ch\/de\/produit\/haengeleuchte-madagaskar-aus-schwarzem-rattan-good-and-mojo\/\" \/>\n<meta property=\"og:locale\" content=\"de_DE\" \/>\n<meta property=\"og:type\" content=\"article\" \/>\n<meta property=\"og:title\" content=\"H\u00e4ngeleuchte Madagascar - Schwarzer Bambus - \u00d860 - Good &amp; Mojo\" \/>\n<meta property=\"og:description\" content=\"Eine handgeflochtene H\u00e4ngeleuchte aus Bambus, um Ihrer Inneneinrichtung einen nat\u00fcrlichen und raffinierten Touch zu verleihen. Ideal f\u00fcr ein Schlafzimmer.\" \/>\n<meta property=\"og:url\" content=\"https:\/\/ekkla.ch\/de\/produit\/haengeleuchte-madagaskar-aus-schwarzem-rattan-good-and-mojo\/\" \/>\n<meta property=\"og:site_name\" content=\"Ekkla\" \/>\n<meta property=\"article:modified_time\" content=\"2023-06-13T21:05:20+00:00\" \/>\n<meta property=\"og:image\" content=\"https:\/\/ekkla.ch\/wp-content\/uploads\/2019\/06\/Madagascar_noir_8.jpg\" \/>\n\t<meta property=\"og:image:width\" content=\"1771\" \/>\n\t<meta property=\"og:image:height\" content=\"1771\" \/>\n\t<meta property=\"og:image:type\" content=\"image\/jpeg\" \/>\n<meta name=\"twitter:card\" content=\"summary_large_image\" \/>\n<script type=\"application\/ld+json\" class=\"yoast-schema-graph\">{\"@context\":\"https:\/\/schema.org\",\"@graph\":[{\"@type\":\"WebPage\",\"@id\":\"https:\/\/ekkla.ch\/de\/produit\/haengeleuchte-madagaskar-aus-schwarzem-rattan-good-and-mojo\/\",\"url\":\"https:\/\/ekkla.ch\/de\/produit\/haengeleuchte-madagaskar-aus-schwarzem-rattan-good-and-mojo\/\",\"name\":\"Good & Mojo | H\u00e4ngeleuchte Madagaskar | Eco-friendly | Ekkla\",\"isPartOf\":{\"@id\":\"https:\/\/ekkla.ch\/#website\"},\"primaryImageOfPage\":{\"@id\":\"https:\/\/ekkla.ch\/de\/produit\/haengeleuchte-madagaskar-aus-schwarzem-rattan-good-and-mojo\/#primaryimage\"},\"image\":{\"@id\":\"https:\/\/ekkla.ch\/de\/produit\/haengeleuchte-madagaskar-aus-schwarzem-rattan-good-and-mojo\/#primaryimage\"},\"thumbnailUrl\":\"https:\/\/ekkla.ch\/wp-content\/uploads\/2019\/06\/Madagascar_noir_8.jpg\",\"datePublished\":\"2019-06-29T16:37:11+00:00\",\"dateModified\":\"2023-06-13T21:05:20+00:00\",\"description\":\"Eine handgeflochtene H\u00e4ngeleuchte aus Bambus, um Ihrer Inneneinrichtung einen nat\u00fcrlichen und raffinierten Touch zu verleihen. Ideal f\u00fcr ein Schlafzimmer.\",\"breadcrumb\":{\"@id\":\"https:\/\/ekkla.ch\/de\/produit\/haengeleuchte-madagaskar-aus-schwarzem-rattan-good-and-mojo\/#breadcrumb\"},\"inLanguage\":\"de\",\"potentialAction\":[{\"@type\":\"ReadAction\",\"target\":[\"https:\/\/ekkla.ch\/de\/produit\/haengeleuchte-madagaskar-aus-schwarzem-rattan-good-and-mojo\/\"]}]},{\"@type\":\"ImageObject\",\"inLanguage\":\"de\",\"@id\":\"https:\/\/ekkla.ch\/de\/produit\/haengeleuchte-madagaskar-aus-schwarzem-rattan-good-and-mojo\/#primaryimage\",\"url\":\"https:\/\/ekkla.ch\/wp-content\/uploads\/2019\/06\/Madagascar_noir_8.jpg\",\"contentUrl\":\"https:\/\/ekkla.ch\/wp-content\/uploads\/2019\/06\/Madagascar_noir_8.jpg\",\"width\":1771,\"height\":1771},{\"@type\":\"BreadcrumbList\",\"@id\":\"https:\/\/ekkla.ch\/de\/produit\/haengeleuchte-madagaskar-aus-schwarzem-rattan-good-and-mojo\/#breadcrumb\",\"itemListElement\":[{\"@type\":\"ListItem\",\"position\":1,\"name\":\"Home\",\"item\":\"https:\/\/ekkla.ch\/de\/\"},{\"@type\":\"ListItem\",\"position\":2,\"name\":\"Shop\",\"item\":\"https:\/\/ekkla.ch\/de\/shop\/\"},{\"@type\":\"ListItem\",\"position\":3,\"name\":\"H\u00e4ngeleuchte Madagascar &#8211; Schwarzer Bambus &#8211; \u00d860 &#8211; Good &#038; Mojo\"}]},{\"@type\":\"WebSite\",\"@id\":\"https:\/\/ekkla.ch\/#website\",\"url\":\"https:\/\/ekkla.ch\/\",\"name\":\"Ekkla\",\"description\":\"Der Onlineshop f\u00fcr Beleuchtung\",\"publisher\":{\"@id\":\"https:\/\/ekkla.ch\/#organization\"},\"potentialAction\":[{\"@type\":\"SearchAction\",\"target\":{\"@type\":\"EntryPoint\",\"urlTemplate\":\"https:\/\/ekkla.ch\/?s={search_term_string}\"},\"query-input\":\"required name=search_term_string\"}],\"inLanguage\":\"de\"},{\"@type\":\"Organization\",\"@id\":\"https:\/\/ekkla.ch\/#organization\",\"name\":\"Ekkla\",\"url\":\"https:\/\/ekkla.ch\/\",\"logo\":{\"@type\":\"ImageObject\",\"inLanguage\":\"de\",\"@id\":\"https:\/\/ekkla.ch\/#\/schema\/logo\/image\/\",\"url\":\"http:\/\/ekkla.ch\/wp-content\/uploads\/2019\/07\/logo-1.svg\",\"contentUrl\":\"http:\/\/ekkla.ch\/wp-content\/uploads\/2019\/07\/logo-1.svg\",\"width\":1,\"height\":1,\"caption\":\"Ekkla\"},\"image\":{\"@id\":\"https:\/\/ekkla.ch\/#\/schema\/logo\/image\/\"},\"sameAs\":[\"https:\/\/www.instagram.com\/ekkla_light\/\"]}]}<\/script>\n<!-- \/ Yoast SEO Premium plugin. -->","yoast_head_json":{"title":"Good & Mojo | H\u00e4ngeleuchte Madagaskar | Eco-friendly | Ekkla","description":"Eine handgeflochtene H\u00e4ngeleuchte aus Bambus, um Ihrer Inneneinrichtung einen nat\u00fcrlichen und raffinierten Touch zu verleihen. Ideal f\u00fcr ein Schlafzimmer.","robots":{"index":"index","follow":"follow","max-snippet":"max-snippet:-1","max-image-preview":"max-image-preview:large","max-video-preview":"max-video-preview:-1"},"canonical":"https:\/\/ekkla.ch\/de\/produit\/haengeleuchte-madagaskar-aus-schwarzem-rattan-good-and-mojo\/","og_locale":"de_DE","og_type":"article","og_title":"H\u00e4ngeleuchte Madagascar - Schwarzer Bambus - \u00d860 - Good & Mojo","og_description":"Eine handgeflochtene H\u00e4ngeleuchte aus Bambus, um Ihrer Inneneinrichtung einen nat\u00fcrlichen und raffinierten Touch zu verleihen. Ideal f\u00fcr ein Schlafzimmer.","og_url":"https:\/\/ekkla.ch\/de\/produit\/haengeleuchte-madagaskar-aus-schwarzem-rattan-good-and-mojo\/","og_site_name":"Ekkla","article_modified_time":"2023-06-13T21:05:20+00:00","og_image":[{"width":1771,"height":1771,"url":"https:\/\/ekkla.ch\/wp-content\/uploads\/2019\/06\/Madagascar_noir_8.jpg","type":"image\/jpeg"}],"twitter_card":"summary_large_image","schema":{"@context":"https:\/\/schema.org","@graph":[{"@type":"WebPage","@id":"https:\/\/ekkla.ch\/de\/produit\/haengeleuchte-madagaskar-aus-schwarzem-rattan-good-and-mojo\/","url":"https:\/\/ekkla.ch\/de\/produit\/haengeleuchte-madagaskar-aus-schwarzem-rattan-good-and-mojo\/","name":"Good & Mojo | H\u00e4ngeleuchte Madagaskar | Eco-friendly | Ekkla","isPartOf":{"@id":"https:\/\/ekkla.ch\/#website"},"primaryImageOfPage":{"@id":"https:\/\/ekkla.ch\/de\/produit\/haengeleuchte-madagaskar-aus-schwarzem-rattan-good-and-mojo\/#primaryimage"},"image":{"@id":"https:\/\/ekkla.ch\/de\/produit\/haengeleuchte-madagaskar-aus-schwarzem-rattan-good-and-mojo\/#primaryimage"},"thumbnailUrl":"https:\/\/ekkla.ch\/wp-content\/uploads\/2019\/06\/Madagascar_noir_8.jpg","datePublished":"2019-06-29T16:37:11+00:00","dateModified":"2023-06-13T21:05:20+00:00","description":"Eine handgeflochtene H\u00e4ngeleuchte aus Bambus, um Ihrer Inneneinrichtung einen nat\u00fcrlichen und raffinierten Touch zu verleihen. Ideal f\u00fcr ein Schlafzimmer.","breadcrumb":{"@id":"https:\/\/ekkla.ch\/de\/produit\/haengeleuchte-madagaskar-aus-schwarzem-rattan-good-and-mojo\/#breadcrumb"},"inLanguage":"de","potentialAction":[{"@type":"ReadAction","target":["https:\/\/ekkla.ch\/de\/produit\/haengeleuchte-madagaskar-aus-schwarzem-rattan-good-and-mojo\/"]}]},{"@type":"ImageObject","inLanguage":"de","@id":"https:\/\/ekkla.ch\/de\/produit\/haengeleuchte-madagaskar-aus-schwarzem-rattan-good-and-mojo\/#primaryimage","url":"https:\/\/ekkla.ch\/wp-content\/uploads\/2019\/06\/Madagascar_noir_8.jpg","contentUrl":"https:\/\/ekkla.ch\/wp-content\/uploads\/2019\/06\/Madagascar_noir_8.jpg","width":1771,"height":1771},{"@type":"BreadcrumbList","@id":"https:\/\/ekkla.ch\/de\/produit\/haengeleuchte-madagaskar-aus-schwarzem-rattan-good-and-mojo\/#breadcrumb","itemListElement":[{"@type":"ListItem","position":1,"name":"Home","item":"https:\/\/ekkla.ch\/de\/"},{"@type":"ListItem","position":2,"name":"Shop","item":"https:\/\/ekkla.ch\/de\/shop\/"},{"@type":"ListItem","position":3,"name":"H\u00e4ngeleuchte Madagascar &#8211; Schwarzer Bambus &#8211; \u00d860 &#8211; Good &#038; Mojo"}]},{"@type":"WebSite","@id":"https:\/\/ekkla.ch\/#website","url":"https:\/\/ekkla.ch\/","name":"Ekkla","description":"Der Onlineshop f\u00fcr Beleuchtung","publisher":{"@id":"https:\/\/ekkla.ch\/#organization"},"potentialAction":[{"@type":"SearchAction","target":{"@type":"EntryPoint","urlTemplate":"https:\/\/ekkla.ch\/?s={search_term_string}"},"query-input":"required name=search_term_string"}],"inLanguage":"de"},{"@type":"Organization","@id":"https:\/\/ekkla.ch\/#organization","name":"Ekkla","url":"https:\/\/ekkla.ch\/","logo":{"@type":"ImageObject","inLanguage":"de","@id":"https:\/\/ekkla.ch\/#\/schema\/logo\/image\/","url":"http:\/\/ekkla.ch\/wp-content\/uploads\/2019\/07\/logo-1.svg","contentUrl":"http:\/\/ekkla.ch\/wp-content\/uploads\/2019\/07\/logo-1.svg","width":1,"height":1,"caption":"Ekkla"},"image":{"@id":"https:\/\/ekkla.ch\/#\/schema\/logo\/image\/"},"sameAs":["https:\/\/www.instagram.com\/ekkla_light\/"]}]}},"_links":{"self":[{"href":"https:\/\/ekkla.ch\/de\/wp-json\/wp\/v2\/product\/9183"}],"collection":[{"href":"https:\/\/ekkla.ch\/de\/wp-json\/wp\/v2\/product"}],"about":[{"href":"https:\/\/ekkla.ch\/de\/wp-json\/wp\/v2\/types\/product"}],"wp:featuredmedia":[{"embeddable":true,"href":"https:\/\/ekkla.ch\/de\/wp-json\/wp\/v2\/media\/1880"}],"wp:attachment":[{"href":"https:\/\/ekkla.ch\/de\/wp-json\/wp\/v2\/media?parent=9183"}],"wp:term":[{"taxonomy":"product_cat","embeddable":true,"href":"https:\/\/ekkla.ch\/de\/wp-json\/wp\/v2\/product_cat?post=9183"},{"taxonomy":"product_tag","embeddable":true,"href":"https:\/\/ekkla.ch\/de\/wp-json\/wp\/v2\/product_tag?post=9183"}],"curies":[{"name":"wp","href":"https:\/\/api.w.org\/{rel}","templated":true}]}}