{"id":9194,"date":"2019-06-29T18:37:31","date_gmt":"2019-06-29T16:37:31","guid":{"rendered":"https:\/\/ekkla.ch\/produit\/kalimantan-pendelleuchte\/"},"modified":"2023-02-27T00:00:08","modified_gmt":"2023-02-26T23:00:08","slug":"haengeleuchte-kalimantan-good-and-mojo","status":"publish","type":"product","link":"https:\/\/ekkla.ch\/de\/produit\/haengeleuchte-kalimantan-good-and-mojo\/","title":{"rendered":"H\u00e4ngeleuchte Kalimantan einfach &#8211; Bambus &#8211; \u00d860 &#8211; Good &#038; Mojo"},"content":{"rendered":"<p>Diese Bambus-H\u00e4ngeleuchte aus der Good &amp; Mojo-Kollektion zeichnet sich durch ihr luftiges Design aus und bringt einen nat\u00fcrlichen und raffinierten Touch in Ihre Wohnung. Komplett handgeflochten in einer Mischung aus nat\u00fcrlichem und schwarzem Bambus, verleiht sie Ihrem Interieur Eleganz und findet ihren perfekten Platz in einem Wohnzimmer, Schlafzimmer oder \u00fcber einem Esstisch.<\/p>\n<p>Die Good &amp; Mojo-Kollektion umfasst \u00f6kologisch verantwortungsvolle Leuchten, die ausschliesslich aus nachhaltigen und\/oder recycelten Materialien bestehen. Die meisten dieser Lampen werden von den Handwerkern einer Gemeinschaft in einem kleinen vietnamesischen Dorf handgefertigt.<\/p>\n<p>Die H\u00e4ngelampe Kalimantan mit ihrer leichten Silhouette ist im Boh\u00e8me-Stil gehalten und vereint nat\u00fcrliche Materialien und zeitgen\u00f6ssisches Design in einem sehr aktuellen ethno-schickem Look.\u00a0Die Lampe ist zweifarbig, was ihr einen grafischen Touch verleiht.<\/p>\n<p>Kalimantan besitzt aufgrund ihrer durchbrochenen Struktur eine visuelle Leichtigkeit. Die Bambuslamellen werfen zarte Schatten an die W\u00e4nde.\u00a0Jede Lampe ist eine echte technische Herausforderung, deren Herstellung ein aussergew\u00f6hnliches handwerkliches K\u00f6nnen erfordert.<\/p>\n<p>F\u00fcr jede verkaufte Good &amp; Mojo-Lampe werden 5 % an die <a href=\"https:\/\/waka-waka.com\/de\/\">WakaWaka<\/a> Foundation gespendet. Diese Organisation hat das Ziel, Menschen in Not durch Solarbeleuchtungsl\u00f6sungen zu unterst\u00fctzen.<\/p>\n<h2 style=\"text-align: left;\">\u00a0 \u00a0 \u00a0 Merkmale &amp; Eigenschaften<\/h2>\n<p style=\"text-align: left;\"><strong>\u00a0 \u00a0 \u00a0 \u00a0 \u00a0 Marke <\/strong>Good &amp; Mojo<\/p>\n<p style=\"text-align: left;\"><strong>\u00a0 \u00a0 \u00a0 \u00a0 \u00a0 Farben<\/strong> Naturholz und Schwarz<\/p>\n<p style=\"text-align: left;\"><strong>\u00a0 \u00a0 \u00a0 \u00a0 \u00a0 Materialien\u00a0<\/strong>Bambus und Metall<\/p>\n<p style=\"text-align: left;\"><strong>\u00a0 \u00a0 \u00a0 \u00a0 \u00a0 Gl\u00fchbirne\u00a0<\/strong>E27 (nicht inbegriffen)<\/p>\n<p style=\"text-align: left;\"><strong>\u00a0 \u00a0 \u00a0 \u00a0 \u00a0 Max. Leistung \u00a0(W)\u00a0<\/strong>40<\/p>\n<p style=\"text-align: left;\"><strong>\u00a0 \u00a0 \u00a0 \u00a0 \u00a0 H\u00f6he (cm)<\/strong> 15<\/p>\n<p style=\"text-align: left;\"><strong>\u00a0 \u00a0 \u00a0 \u00a0 \u00a0 Breite (cm) <\/strong>60<\/p>\n","protected":false},"excerpt":{"rendered":"<p>Diese Bambus-H\u00e4ngeleuchte aus der Good &amp; Mojo-Kollektion zeichnet sich durch ihr luftiges Design aus und bringt einen nat\u00fcrlichen und raffinierten Touch in Ihre Wohnung. Komplett handgeflochten in einer Mischung aus nat\u00fcrlichem und schwarzem Bambus, verleiht sie Ihrem Interieur Eleganz und findet ihren perfekten Platz in einem Wohnzimmer, Schlafzimmer oder \u00fcber einem Esstisch. Die Good &amp; [&hellip;]<\/p>\n","protected":false},"featured_media":1885,"template":"","meta":{"_acf_changed":false,"om_disable_all_campaigns":false},"product_cat":[291],"product_tag":[1258,898,554,1188,816,704,603],"bundled_by":[],"bundle_stock_status":"onbackorder","bundle_stock_quantity":0,"bundle_virtual":false,"bundle_layout":"","bundle_add_to_cart_form_location":"","bundle_editable_in_cart":false,"bundle_sold_individually_context":"","bundle_item_grouping":"","bundle_min_size":"","bundle_max_size":"","bundle_price":[],"bundled_items":[],"bundle_sell_ids":[],"acf":[],"yoast_head":"<!-- This site is optimized with the Yoast SEO Premium plugin v22.2 (Yoast SEO v22.8) - https:\/\/yoast.com\/wordpress\/plugins\/seo\/ -->\n<title>Good &amp; Mojo | H\u00e4ngeleuchte Kalimantan | Eco-friendly | Ekkla<\/title>\n<meta name=\"description\" content=\"Eine handgeflochtene H\u00e4ngeleuchte aus Bambus, das einen Hauch von Eleganz in Ihren Wohnraum zaubert. Ideal \u00fcber einem Esstisch oder im Schlafzimmer.\" \/>\n<meta name=\"robots\" content=\"index, follow, max-snippet:-1, max-image-preview:large, max-video-preview:-1\" \/>\n<link rel=\"canonical\" href=\"https:\/\/ekkla.ch\/de\/produit\/haengeleuchte-kalimantan-good-and-mojo\/\" \/>\n<meta property=\"og:locale\" content=\"de_DE\" \/>\n<meta property=\"og:type\" content=\"article\" \/>\n<meta property=\"og:title\" content=\"H\u00e4ngeleuchte Kalimantan einfach - Bambus - \u00d860 - Good &amp; Mojo\" \/>\n<meta property=\"og:description\" content=\"Eine handgeflochtene H\u00e4ngeleuchte aus Bambus, das einen Hauch von Eleganz in Ihren Wohnraum zaubert. Ideal \u00fcber einem Esstisch oder im Schlafzimmer.\" \/>\n<meta property=\"og:url\" content=\"https:\/\/ekkla.ch\/de\/produit\/haengeleuchte-kalimantan-good-and-mojo\/\" \/>\n<meta property=\"og:site_name\" content=\"Ekkla\" \/>\n<meta property=\"article:modified_time\" content=\"2023-02-26T23:00:08+00:00\" \/>\n<meta property=\"og:image\" content=\"https:\/\/ekkla.ch\/wp-content\/uploads\/2019\/06\/Kalimantan_10.jpg\" \/>\n\t<meta property=\"og:image:width\" content=\"1771\" \/>\n\t<meta property=\"og:image:height\" content=\"1771\" \/>\n\t<meta property=\"og:image:type\" content=\"image\/jpeg\" \/>\n<meta name=\"twitter:card\" content=\"summary_large_image\" \/>\n<meta name=\"twitter:label1\" content=\"Gesch\u00e4tzte Lesezeit\" \/>\n\t<meta name=\"twitter:data1\" content=\"2\u00a0Minuten\" \/>\n<script type=\"application\/ld+json\" class=\"yoast-schema-graph\">{\"@context\":\"https:\/\/schema.org\",\"@graph\":[{\"@type\":\"WebPage\",\"@id\":\"https:\/\/ekkla.ch\/de\/produit\/haengeleuchte-kalimantan-good-and-mojo\/\",\"url\":\"https:\/\/ekkla.ch\/de\/produit\/haengeleuchte-kalimantan-good-and-mojo\/\",\"name\":\"Good & Mojo | H\u00e4ngeleuchte Kalimantan | Eco-friendly | Ekkla\",\"isPartOf\":{\"@id\":\"https:\/\/ekkla.ch\/#website\"},\"primaryImageOfPage\":{\"@id\":\"https:\/\/ekkla.ch\/de\/produit\/haengeleuchte-kalimantan-good-and-mojo\/#primaryimage\"},\"image\":{\"@id\":\"https:\/\/ekkla.ch\/de\/produit\/haengeleuchte-kalimantan-good-and-mojo\/#primaryimage\"},\"thumbnailUrl\":\"https:\/\/ekkla.ch\/wp-content\/uploads\/2019\/06\/Kalimantan_10.jpg\",\"datePublished\":\"2019-06-29T16:37:31+00:00\",\"dateModified\":\"2023-02-26T23:00:08+00:00\",\"description\":\"Eine handgeflochtene H\u00e4ngeleuchte aus Bambus, das einen Hauch von Eleganz in Ihren Wohnraum zaubert. Ideal \u00fcber einem Esstisch oder im Schlafzimmer.\",\"breadcrumb\":{\"@id\":\"https:\/\/ekkla.ch\/de\/produit\/haengeleuchte-kalimantan-good-and-mojo\/#breadcrumb\"},\"inLanguage\":\"de\",\"potentialAction\":[{\"@type\":\"ReadAction\",\"target\":[\"https:\/\/ekkla.ch\/de\/produit\/haengeleuchte-kalimantan-good-and-mojo\/\"]}]},{\"@type\":\"ImageObject\",\"inLanguage\":\"de\",\"@id\":\"https:\/\/ekkla.ch\/de\/produit\/haengeleuchte-kalimantan-good-and-mojo\/#primaryimage\",\"url\":\"https:\/\/ekkla.ch\/wp-content\/uploads\/2019\/06\/Kalimantan_10.jpg\",\"contentUrl\":\"https:\/\/ekkla.ch\/wp-content\/uploads\/2019\/06\/Kalimantan_10.jpg\",\"width\":1771,\"height\":1771},{\"@type\":\"BreadcrumbList\",\"@id\":\"https:\/\/ekkla.ch\/de\/produit\/haengeleuchte-kalimantan-good-and-mojo\/#breadcrumb\",\"itemListElement\":[{\"@type\":\"ListItem\",\"position\":1,\"name\":\"Home\",\"item\":\"https:\/\/ekkla.ch\/de\/\"},{\"@type\":\"ListItem\",\"position\":2,\"name\":\"Shop\",\"item\":\"https:\/\/ekkla.ch\/de\/shop\/\"},{\"@type\":\"ListItem\",\"position\":3,\"name\":\"H\u00e4ngeleuchte Kalimantan einfach &#8211; Bambus &#8211; \u00d860 &#8211; Good &#038; Mojo\"}]},{\"@type\":\"WebSite\",\"@id\":\"https:\/\/ekkla.ch\/#website\",\"url\":\"https:\/\/ekkla.ch\/\",\"name\":\"Ekkla\",\"description\":\"Der Onlineshop f\u00fcr Beleuchtung\",\"publisher\":{\"@id\":\"https:\/\/ekkla.ch\/#organization\"},\"potentialAction\":[{\"@type\":\"SearchAction\",\"target\":{\"@type\":\"EntryPoint\",\"urlTemplate\":\"https:\/\/ekkla.ch\/?s={search_term_string}\"},\"query-input\":\"required name=search_term_string\"}],\"inLanguage\":\"de\"},{\"@type\":\"Organization\",\"@id\":\"https:\/\/ekkla.ch\/#organization\",\"name\":\"Ekkla\",\"url\":\"https:\/\/ekkla.ch\/\",\"logo\":{\"@type\":\"ImageObject\",\"inLanguage\":\"de\",\"@id\":\"https:\/\/ekkla.ch\/#\/schema\/logo\/image\/\",\"url\":\"http:\/\/ekkla.ch\/wp-content\/uploads\/2019\/07\/logo-1.svg\",\"contentUrl\":\"http:\/\/ekkla.ch\/wp-content\/uploads\/2019\/07\/logo-1.svg\",\"width\":1,\"height\":1,\"caption\":\"Ekkla\"},\"image\":{\"@id\":\"https:\/\/ekkla.ch\/#\/schema\/logo\/image\/\"},\"sameAs\":[\"https:\/\/www.instagram.com\/ekkla_light\/\"]}]}<\/script>\n<!-- \/ Yoast SEO Premium plugin. -->","yoast_head_json":{"title":"Good & Mojo | H\u00e4ngeleuchte Kalimantan | Eco-friendly | Ekkla","description":"Eine handgeflochtene H\u00e4ngeleuchte aus Bambus, das einen Hauch von Eleganz in Ihren Wohnraum zaubert. Ideal \u00fcber einem Esstisch oder im Schlafzimmer.","robots":{"index":"index","follow":"follow","max-snippet":"max-snippet:-1","max-image-preview":"max-image-preview:large","max-video-preview":"max-video-preview:-1"},"canonical":"https:\/\/ekkla.ch\/de\/produit\/haengeleuchte-kalimantan-good-and-mojo\/","og_locale":"de_DE","og_type":"article","og_title":"H\u00e4ngeleuchte Kalimantan einfach - Bambus - \u00d860 - Good & Mojo","og_description":"Eine handgeflochtene H\u00e4ngeleuchte aus Bambus, das einen Hauch von Eleganz in Ihren Wohnraum zaubert. Ideal \u00fcber einem Esstisch oder im Schlafzimmer.","og_url":"https:\/\/ekkla.ch\/de\/produit\/haengeleuchte-kalimantan-good-and-mojo\/","og_site_name":"Ekkla","article_modified_time":"2023-02-26T23:00:08+00:00","og_image":[{"width":1771,"height":1771,"url":"https:\/\/ekkla.ch\/wp-content\/uploads\/2019\/06\/Kalimantan_10.jpg","type":"image\/jpeg"}],"twitter_card":"summary_large_image","twitter_misc":{"Gesch\u00e4tzte Lesezeit":"2\u00a0Minuten"},"schema":{"@context":"https:\/\/schema.org","@graph":[{"@type":"WebPage","@id":"https:\/\/ekkla.ch\/de\/produit\/haengeleuchte-kalimantan-good-and-mojo\/","url":"https:\/\/ekkla.ch\/de\/produit\/haengeleuchte-kalimantan-good-and-mojo\/","name":"Good & Mojo | H\u00e4ngeleuchte Kalimantan | Eco-friendly | Ekkla","isPartOf":{"@id":"https:\/\/ekkla.ch\/#website"},"primaryImageOfPage":{"@id":"https:\/\/ekkla.ch\/de\/produit\/haengeleuchte-kalimantan-good-and-mojo\/#primaryimage"},"image":{"@id":"https:\/\/ekkla.ch\/de\/produit\/haengeleuchte-kalimantan-good-and-mojo\/#primaryimage"},"thumbnailUrl":"https:\/\/ekkla.ch\/wp-content\/uploads\/2019\/06\/Kalimantan_10.jpg","datePublished":"2019-06-29T16:37:31+00:00","dateModified":"2023-02-26T23:00:08+00:00","description":"Eine handgeflochtene H\u00e4ngeleuchte aus Bambus, das einen Hauch von Eleganz in Ihren Wohnraum zaubert. Ideal \u00fcber einem Esstisch oder im Schlafzimmer.","breadcrumb":{"@id":"https:\/\/ekkla.ch\/de\/produit\/haengeleuchte-kalimantan-good-and-mojo\/#breadcrumb"},"inLanguage":"de","potentialAction":[{"@type":"ReadAction","target":["https:\/\/ekkla.ch\/de\/produit\/haengeleuchte-kalimantan-good-and-mojo\/"]}]},{"@type":"ImageObject","inLanguage":"de","@id":"https:\/\/ekkla.ch\/de\/produit\/haengeleuchte-kalimantan-good-and-mojo\/#primaryimage","url":"https:\/\/ekkla.ch\/wp-content\/uploads\/2019\/06\/Kalimantan_10.jpg","contentUrl":"https:\/\/ekkla.ch\/wp-content\/uploads\/2019\/06\/Kalimantan_10.jpg","width":1771,"height":1771},{"@type":"BreadcrumbList","@id":"https:\/\/ekkla.ch\/de\/produit\/haengeleuchte-kalimantan-good-and-mojo\/#breadcrumb","itemListElement":[{"@type":"ListItem","position":1,"name":"Home","item":"https:\/\/ekkla.ch\/de\/"},{"@type":"ListItem","position":2,"name":"Shop","item":"https:\/\/ekkla.ch\/de\/shop\/"},{"@type":"ListItem","position":3,"name":"H\u00e4ngeleuchte Kalimantan einfach &#8211; Bambus &#8211; \u00d860 &#8211; Good &#038; Mojo"}]},{"@type":"WebSite","@id":"https:\/\/ekkla.ch\/#website","url":"https:\/\/ekkla.ch\/","name":"Ekkla","description":"Der Onlineshop f\u00fcr Beleuchtung","publisher":{"@id":"https:\/\/ekkla.ch\/#organization"},"potentialAction":[{"@type":"SearchAction","target":{"@type":"EntryPoint","urlTemplate":"https:\/\/ekkla.ch\/?s={search_term_string}"},"query-input":"required name=search_term_string"}],"inLanguage":"de"},{"@type":"Organization","@id":"https:\/\/ekkla.ch\/#organization","name":"Ekkla","url":"https:\/\/ekkla.ch\/","logo":{"@type":"ImageObject","inLanguage":"de","@id":"https:\/\/ekkla.ch\/#\/schema\/logo\/image\/","url":"http:\/\/ekkla.ch\/wp-content\/uploads\/2019\/07\/logo-1.svg","contentUrl":"http:\/\/ekkla.ch\/wp-content\/uploads\/2019\/07\/logo-1.svg","width":1,"height":1,"caption":"Ekkla"},"image":{"@id":"https:\/\/ekkla.ch\/#\/schema\/logo\/image\/"},"sameAs":["https:\/\/www.instagram.com\/ekkla_light\/"]}]}},"_links":{"self":[{"href":"https:\/\/ekkla.ch\/de\/wp-json\/wp\/v2\/product\/9194"}],"collection":[{"href":"https:\/\/ekkla.ch\/de\/wp-json\/wp\/v2\/product"}],"about":[{"href":"https:\/\/ekkla.ch\/de\/wp-json\/wp\/v2\/types\/product"}],"wp:featuredmedia":[{"embeddable":true,"href":"https:\/\/ekkla.ch\/de\/wp-json\/wp\/v2\/media\/1885"}],"wp:attachment":[{"href":"https:\/\/ekkla.ch\/de\/wp-json\/wp\/v2\/media?parent=9194"}],"wp:term":[{"taxonomy":"product_cat","embeddable":true,"href":"https:\/\/ekkla.ch\/de\/wp-json\/wp\/v2\/product_cat?post=9194"},{"taxonomy":"product_tag","embeddable":true,"href":"https:\/\/ekkla.ch\/de\/wp-json\/wp\/v2\/product_tag?post=9194"}],"curies":[{"name":"wp","href":"https:\/\/api.w.org\/{rel}","templated":true}]}}