{"id":9231,"date":"2019-09-27T16:25:00","date_gmt":"2019-09-27T14:25:00","guid":{"rendered":"https:\/\/ekkla.ch\/produit\/tischleuchte-silvia-mini-kupferfarben\/"},"modified":"2022-11-01T23:00:12","modified_gmt":"2022-11-01T22:00:12","slug":"tischleuchte-silvia-mini-kupferfarben","status":"publish","type":"product","link":"https:\/\/ekkla.ch\/de\/produit\/tischleuchte-silvia-mini-kupferfarben\/","title":{"rendered":"Tischleuchte Silvia Mini kupferfarben"},"content":{"rendered":"<p>Die Tischleuchte Silvia ist eine zarte Kreation, die viele Geschichten erz\u00e4hlt. Stellen Sie sich eine Seerose vor, die Ihre zarten Bl\u00fctenbl\u00e4tter bei Sonnenaufgang \u00f6ffnet. Das Licht wird gleichm\u00e4ssig durch die Bl\u00fctenbl\u00e4tter gestreut und erzeugt eine harmonische Raumbeleuchtung. Eine attraktive Leuchte, die perfekt zu Ihrem Wohn-, Schlaf- oder Eingangsbereich passt.\u00a0 Der Fussteil der Lampe passt sich ganz Ihren W\u00fcnschen an und kann je nach Bed\u00fcrfnis ge\u00e4ndert werden! Gl\u00fchbirne nicht inbegriffen.<\/p>\n<blockquote>\n<h2>Merkmale &amp; Eigenschaften<\/h2>\n<p><strong>Marke<\/strong> Umage<\/p>\n<p><strong>Farben<\/strong> Kupfer \/ schwarz<\/p>\n<p><strong>Materialien\u00a0<\/strong>Polypropylen &amp; Polycarbonat<\/p>\n<p><strong>Gl\u00fchbirne<\/strong> E27<\/p>\n<p><strong>Max. Leistung (W) <\/strong>15 LED<\/p>\n<p><strong>H\u00f6he (cm) <\/strong>18.6 oder 12.5<\/p>\n<p><strong>Lampenschirmh\u00f6he (cm) <\/strong>24.5<\/p>\n<p><strong>Max. Gesamth\u00f6he (cm) <\/strong>42.6<\/p><\/blockquote>\n<blockquote><p><strong>Durchmesser (cm)\u00a0<\/strong>24 oder 15.8<\/p><\/blockquote>\n","protected":false},"excerpt":{"rendered":"<p>Die Tischleuchte Silvia ist eine zarte Kreation, die viele Geschichten erz\u00e4hlt. Stellen Sie sich eine Seerose vor, die Ihre zarten Bl\u00fctenbl\u00e4tter bei Sonnenaufgang \u00f6ffnet. Das Licht wird gleichm\u00e4ssig durch die Bl\u00fctenbl\u00e4tter gestreut und erzeugt eine harmonische Raumbeleuchtung. Eine attraktive Leuchte, die perfekt zu Ihrem Wohn-, Schlaf- oder Eingangsbereich passt.\u00a0 Der Fussteil der Lampe passt sich [&hellip;]<\/p>\n","protected":false},"featured_media":6277,"template":"","meta":{"_acf_changed":false,"om_disable_all_campaigns":false},"product_cat":[290],"product_tag":[898,554,1188,816,936,775],"bundled_by":[],"bundle_stock_status":"onbackorder","bundle_stock_quantity":null,"bundle_virtual":false,"bundle_layout":"","bundle_add_to_cart_form_location":"","bundle_editable_in_cart":false,"bundle_sold_individually_context":"","bundle_item_grouping":"","bundle_min_size":"","bundle_max_size":"","bundle_price":[],"bundled_items":[],"bundle_sell_ids":[],"acf":[],"yoast_head":"<!-- This site is optimized with the Yoast SEO Premium plugin v22.2 (Yoast SEO v22.8) - https:\/\/yoast.com\/wordpress\/plugins\/seo\/ -->\n<title>Umage | Tischleuchte Silvia mini | Sanfte Beleuchtung | Ekkla<\/title>\n<meta name=\"description\" content=\"Eine Leuchte mit einem reinen Design, das einen skandinavischen Touch in Ihren Wohnraum bringt. Eine zarte Beleuchtung f\u00fcr eine warme Atmosph\u00e4re.\" \/>\n<meta name=\"robots\" content=\"index, follow, max-snippet:-1, max-image-preview:large, max-video-preview:-1\" \/>\n<link rel=\"canonical\" href=\"https:\/\/ekkla.ch\/de\/produit\/tischleuchte-silvia-mini-kupferfarben\/\" \/>\n<meta property=\"og:locale\" content=\"de_DE\" \/>\n<meta property=\"og:type\" content=\"article\" \/>\n<meta property=\"og:title\" content=\"Tischleuchte Silvia Mini kupferfarben\" \/>\n<meta property=\"og:description\" content=\"Eine Leuchte mit einem reinen Design, das einen skandinavischen Touch in Ihren Wohnraum bringt. Eine zarte Beleuchtung f\u00fcr eine warme Atmosph\u00e4re.\" \/>\n<meta property=\"og:url\" content=\"https:\/\/ekkla.ch\/de\/produit\/tischleuchte-silvia-mini-kupferfarben\/\" \/>\n<meta property=\"og:site_name\" content=\"Ekkla\" \/>\n<meta property=\"article:modified_time\" content=\"2022-11-01T22:00:12+00:00\" \/>\n<meta property=\"og:image\" content=\"https:\/\/ekkla.ch\/wp-content\/uploads\/2019\/09\/Lampe-de-table-silvia-carr\u00e9-1.png\" \/>\n\t<meta property=\"og:image:width\" content=\"1777\" \/>\n\t<meta property=\"og:image:height\" content=\"1777\" \/>\n\t<meta property=\"og:image:type\" content=\"image\/png\" \/>\n<meta name=\"twitter:card\" content=\"summary_large_image\" \/>\n<meta name=\"twitter:label1\" content=\"Gesch\u00e4tzte Lesezeit\" \/>\n\t<meta name=\"twitter:data1\" content=\"1\u00a0Minute\" \/>\n<script type=\"application\/ld+json\" class=\"yoast-schema-graph\">{\"@context\":\"https:\/\/schema.org\",\"@graph\":[{\"@type\":\"WebPage\",\"@id\":\"https:\/\/ekkla.ch\/de\/produit\/tischleuchte-silvia-mini-kupferfarben\/\",\"url\":\"https:\/\/ekkla.ch\/de\/produit\/tischleuchte-silvia-mini-kupferfarben\/\",\"name\":\"Umage | Tischleuchte Silvia mini | Sanfte Beleuchtung | Ekkla\",\"isPartOf\":{\"@id\":\"https:\/\/ekkla.ch\/#website\"},\"primaryImageOfPage\":{\"@id\":\"https:\/\/ekkla.ch\/de\/produit\/tischleuchte-silvia-mini-kupferfarben\/#primaryimage\"},\"image\":{\"@id\":\"https:\/\/ekkla.ch\/de\/produit\/tischleuchte-silvia-mini-kupferfarben\/#primaryimage\"},\"thumbnailUrl\":\"https:\/\/ekkla.ch\/wp-content\/uploads\/2019\/09\/Lampe-de-table-silvia-carr\u00e9-1.png\",\"datePublished\":\"2019-09-27T14:25:00+00:00\",\"dateModified\":\"2022-11-01T22:00:12+00:00\",\"description\":\"Eine Leuchte mit einem reinen Design, das einen skandinavischen Touch in Ihren Wohnraum bringt. Eine zarte Beleuchtung f\u00fcr eine warme Atmosph\u00e4re.\",\"breadcrumb\":{\"@id\":\"https:\/\/ekkla.ch\/de\/produit\/tischleuchte-silvia-mini-kupferfarben\/#breadcrumb\"},\"inLanguage\":\"de\",\"potentialAction\":[{\"@type\":\"ReadAction\",\"target\":[\"https:\/\/ekkla.ch\/de\/produit\/tischleuchte-silvia-mini-kupferfarben\/\"]}]},{\"@type\":\"ImageObject\",\"inLanguage\":\"de\",\"@id\":\"https:\/\/ekkla.ch\/de\/produit\/tischleuchte-silvia-mini-kupferfarben\/#primaryimage\",\"url\":\"https:\/\/ekkla.ch\/wp-content\/uploads\/2019\/09\/Lampe-de-table-silvia-carr\u00e9-1.png\",\"contentUrl\":\"https:\/\/ekkla.ch\/wp-content\/uploads\/2019\/09\/Lampe-de-table-silvia-carr\u00e9-1.png\",\"width\":1777,\"height\":1777},{\"@type\":\"BreadcrumbList\",\"@id\":\"https:\/\/ekkla.ch\/de\/produit\/tischleuchte-silvia-mini-kupferfarben\/#breadcrumb\",\"itemListElement\":[{\"@type\":\"ListItem\",\"position\":1,\"name\":\"Home\",\"item\":\"https:\/\/ekkla.ch\/de\/\"},{\"@type\":\"ListItem\",\"position\":2,\"name\":\"Shop\",\"item\":\"https:\/\/ekkla.ch\/de\/shop\/\"},{\"@type\":\"ListItem\",\"position\":3,\"name\":\"Tischleuchte Silvia Mini kupferfarben\"}]},{\"@type\":\"WebSite\",\"@id\":\"https:\/\/ekkla.ch\/#website\",\"url\":\"https:\/\/ekkla.ch\/\",\"name\":\"Ekkla\",\"description\":\"Der Onlineshop f\u00fcr Beleuchtung\",\"publisher\":{\"@id\":\"https:\/\/ekkla.ch\/#organization\"},\"potentialAction\":[{\"@type\":\"SearchAction\",\"target\":{\"@type\":\"EntryPoint\",\"urlTemplate\":\"https:\/\/ekkla.ch\/?s={search_term_string}\"},\"query-input\":\"required name=search_term_string\"}],\"inLanguage\":\"de\"},{\"@type\":\"Organization\",\"@id\":\"https:\/\/ekkla.ch\/#organization\",\"name\":\"Ekkla\",\"url\":\"https:\/\/ekkla.ch\/\",\"logo\":{\"@type\":\"ImageObject\",\"inLanguage\":\"de\",\"@id\":\"https:\/\/ekkla.ch\/#\/schema\/logo\/image\/\",\"url\":\"http:\/\/ekkla.ch\/wp-content\/uploads\/2019\/07\/logo-1.svg\",\"contentUrl\":\"http:\/\/ekkla.ch\/wp-content\/uploads\/2019\/07\/logo-1.svg\",\"width\":1,\"height\":1,\"caption\":\"Ekkla\"},\"image\":{\"@id\":\"https:\/\/ekkla.ch\/#\/schema\/logo\/image\/\"},\"sameAs\":[\"https:\/\/www.instagram.com\/ekkla_light\/\"]}]}<\/script>\n<!-- \/ Yoast SEO Premium plugin. -->","yoast_head_json":{"title":"Umage | Tischleuchte Silvia mini | Sanfte Beleuchtung | Ekkla","description":"Eine Leuchte mit einem reinen Design, das einen skandinavischen Touch in Ihren Wohnraum bringt. Eine zarte Beleuchtung f\u00fcr eine warme Atmosph\u00e4re.","robots":{"index":"index","follow":"follow","max-snippet":"max-snippet:-1","max-image-preview":"max-image-preview:large","max-video-preview":"max-video-preview:-1"},"canonical":"https:\/\/ekkla.ch\/de\/produit\/tischleuchte-silvia-mini-kupferfarben\/","og_locale":"de_DE","og_type":"article","og_title":"Tischleuchte Silvia Mini kupferfarben","og_description":"Eine Leuchte mit einem reinen Design, das einen skandinavischen Touch in Ihren Wohnraum bringt. Eine zarte Beleuchtung f\u00fcr eine warme Atmosph\u00e4re.","og_url":"https:\/\/ekkla.ch\/de\/produit\/tischleuchte-silvia-mini-kupferfarben\/","og_site_name":"Ekkla","article_modified_time":"2022-11-01T22:00:12+00:00","og_image":[{"width":1777,"height":1777,"url":"https:\/\/ekkla.ch\/wp-content\/uploads\/2019\/09\/Lampe-de-table-silvia-carr\u00e9-1.png","type":"image\/png"}],"twitter_card":"summary_large_image","twitter_misc":{"Gesch\u00e4tzte Lesezeit":"1\u00a0Minute"},"schema":{"@context":"https:\/\/schema.org","@graph":[{"@type":"WebPage","@id":"https:\/\/ekkla.ch\/de\/produit\/tischleuchte-silvia-mini-kupferfarben\/","url":"https:\/\/ekkla.ch\/de\/produit\/tischleuchte-silvia-mini-kupferfarben\/","name":"Umage | Tischleuchte Silvia mini | Sanfte Beleuchtung | Ekkla","isPartOf":{"@id":"https:\/\/ekkla.ch\/#website"},"primaryImageOfPage":{"@id":"https:\/\/ekkla.ch\/de\/produit\/tischleuchte-silvia-mini-kupferfarben\/#primaryimage"},"image":{"@id":"https:\/\/ekkla.ch\/de\/produit\/tischleuchte-silvia-mini-kupferfarben\/#primaryimage"},"thumbnailUrl":"https:\/\/ekkla.ch\/wp-content\/uploads\/2019\/09\/Lampe-de-table-silvia-carr\u00e9-1.png","datePublished":"2019-09-27T14:25:00+00:00","dateModified":"2022-11-01T22:00:12+00:00","description":"Eine Leuchte mit einem reinen Design, das einen skandinavischen Touch in Ihren Wohnraum bringt. Eine zarte Beleuchtung f\u00fcr eine warme Atmosph\u00e4re.","breadcrumb":{"@id":"https:\/\/ekkla.ch\/de\/produit\/tischleuchte-silvia-mini-kupferfarben\/#breadcrumb"},"inLanguage":"de","potentialAction":[{"@type":"ReadAction","target":["https:\/\/ekkla.ch\/de\/produit\/tischleuchte-silvia-mini-kupferfarben\/"]}]},{"@type":"ImageObject","inLanguage":"de","@id":"https:\/\/ekkla.ch\/de\/produit\/tischleuchte-silvia-mini-kupferfarben\/#primaryimage","url":"https:\/\/ekkla.ch\/wp-content\/uploads\/2019\/09\/Lampe-de-table-silvia-carr\u00e9-1.png","contentUrl":"https:\/\/ekkla.ch\/wp-content\/uploads\/2019\/09\/Lampe-de-table-silvia-carr\u00e9-1.png","width":1777,"height":1777},{"@type":"BreadcrumbList","@id":"https:\/\/ekkla.ch\/de\/produit\/tischleuchte-silvia-mini-kupferfarben\/#breadcrumb","itemListElement":[{"@type":"ListItem","position":1,"name":"Home","item":"https:\/\/ekkla.ch\/de\/"},{"@type":"ListItem","position":2,"name":"Shop","item":"https:\/\/ekkla.ch\/de\/shop\/"},{"@type":"ListItem","position":3,"name":"Tischleuchte Silvia Mini kupferfarben"}]},{"@type":"WebSite","@id":"https:\/\/ekkla.ch\/#website","url":"https:\/\/ekkla.ch\/","name":"Ekkla","description":"Der Onlineshop f\u00fcr Beleuchtung","publisher":{"@id":"https:\/\/ekkla.ch\/#organization"},"potentialAction":[{"@type":"SearchAction","target":{"@type":"EntryPoint","urlTemplate":"https:\/\/ekkla.ch\/?s={search_term_string}"},"query-input":"required name=search_term_string"}],"inLanguage":"de"},{"@type":"Organization","@id":"https:\/\/ekkla.ch\/#organization","name":"Ekkla","url":"https:\/\/ekkla.ch\/","logo":{"@type":"ImageObject","inLanguage":"de","@id":"https:\/\/ekkla.ch\/#\/schema\/logo\/image\/","url":"http:\/\/ekkla.ch\/wp-content\/uploads\/2019\/07\/logo-1.svg","contentUrl":"http:\/\/ekkla.ch\/wp-content\/uploads\/2019\/07\/logo-1.svg","width":1,"height":1,"caption":"Ekkla"},"image":{"@id":"https:\/\/ekkla.ch\/#\/schema\/logo\/image\/"},"sameAs":["https:\/\/www.instagram.com\/ekkla_light\/"]}]}},"_links":{"self":[{"href":"https:\/\/ekkla.ch\/de\/wp-json\/wp\/v2\/product\/9231"}],"collection":[{"href":"https:\/\/ekkla.ch\/de\/wp-json\/wp\/v2\/product"}],"about":[{"href":"https:\/\/ekkla.ch\/de\/wp-json\/wp\/v2\/types\/product"}],"wp:featuredmedia":[{"embeddable":true,"href":"https:\/\/ekkla.ch\/de\/wp-json\/wp\/v2\/media\/6277"}],"wp:attachment":[{"href":"https:\/\/ekkla.ch\/de\/wp-json\/wp\/v2\/media?parent=9231"}],"wp:term":[{"taxonomy":"product_cat","embeddable":true,"href":"https:\/\/ekkla.ch\/de\/wp-json\/wp\/v2\/product_cat?post=9231"},{"taxonomy":"product_tag","embeddable":true,"href":"https:\/\/ekkla.ch\/de\/wp-json\/wp\/v2\/product_tag?post=9231"}],"curies":[{"name":"wp","href":"https:\/\/api.w.org\/{rel}","templated":true}]}}