{"id":9234,"date":"2019-09-30T10:32:41","date_gmt":"2019-09-30T08:32:41","guid":{"rendered":"https:\/\/ekkla.ch\/produit\/tischleuchte-mekong-s\/"},"modified":"2023-02-27T00:00:08","modified_gmt":"2023-02-26T23:00:08","slug":"tischleuchte-mekong-s-good-mojo","status":"publish","type":"product","link":"https:\/\/ekkla.ch\/de\/produit\/tischleuchte-mekong-s-good-mojo\/","title":{"rendered":"Tischleuchte Mekong S &#8211; Bambus &#8211; H.24 &#8211; Good &#038; Mojo"},"content":{"rendered":"<p>Diese sch\u00f6ne Tischleuchte ist ausschliesslich aus strapazierf\u00e4higen Materialien gefertigt. Das Licht wird zwischen den geflochtenen Bambusfasern gestreut, um eine weiche und gedimmte Beleuchtung zu erzeugen. Ein zeitgen\u00f6ssisches Design, das Ihrem Wohnzimmer, Flur oder Schlafzimmer eine schicke Note verleiht. Gl\u00fchbirne nicht inbegriffen.<\/p>\n<p>F\u00fcr jede verkaufte Lampe aus der Good- und Mojo-Kollektion wird eine Spende von 5% an die <a href=\"https:\/\/waka-waka.com\/de\/foundation\/\">WakaWaka<\/a> Foundation geleistet, die solare Beleuchtungsl\u00f6sungen f\u00fcr bed\u00fcrftige Menschen anbietet.<\/p>\n<blockquote>\n<h2>Merkmale &amp; Eigenschaften<\/h2>\n<p><strong>Marke<\/strong> Good &amp; Mojo<\/p>\n<p><strong>Farben\u00a0<\/strong>Weiss und Naturton<\/p>\n<p><strong>Material<\/strong> Bambus<\/p>\n<p><strong>Gl\u00fchbirne<\/strong> E27<\/p>\n<p><strong>Max. Leistung (W) <\/strong>40<\/p>\n<p><strong>Breite (cm) <\/strong>24<\/p>\n<p><strong>H\u00f6he (cm) <\/strong>24<\/p><\/blockquote>\n","protected":false},"excerpt":{"rendered":"<p>Diese sch\u00f6ne Tischleuchte ist ausschliesslich aus strapazierf\u00e4higen Materialien gefertigt. Das Licht wird zwischen den geflochtenen Bambusfasern gestreut, um eine weiche und gedimmte Beleuchtung zu erzeugen. Ein zeitgen\u00f6ssisches Design, das Ihrem Wohnzimmer, Flur oder Schlafzimmer eine schicke Note verleiht. Gl\u00fchbirne nicht inbegriffen. F\u00fcr jede verkaufte Lampe aus der Good- und Mojo-Kollektion wird eine Spende von 5% [&hellip;]<\/p>\n","protected":false},"featured_media":6360,"template":"","meta":{"_acf_changed":false,"om_disable_all_campaigns":false},"product_cat":[290],"product_tag":[1258,898,1188,816,653,704,603],"bundled_by":[],"bundle_stock_status":"onbackorder","bundle_stock_quantity":null,"bundle_virtual":false,"bundle_layout":"","bundle_add_to_cart_form_location":"","bundle_editable_in_cart":false,"bundle_sold_individually_context":"","bundle_item_grouping":"","bundle_min_size":"","bundle_max_size":"","bundle_price":[],"bundled_items":[],"bundle_sell_ids":[],"acf":[],"yoast_head":"<!-- This site is optimized with the Yoast SEO Premium plugin v22.2 (Yoast SEO v22.8) - https:\/\/yoast.com\/wordpress\/plugins\/seo\/ -->\n<title>Good &amp; Mojo | Tischleuchte Mekong S | Eco-friendly | Ekkla<\/title>\n<meta name=\"description\" content=\"Die Leuchte Mekong aus strapazierf\u00e4higem Bambus taucht Ihr Zuhause in weiches, ged\u00e4mpftes Licht und verleiht ihren R\u00e4umen einen Touch von Boheme.\" \/>\n<meta name=\"robots\" content=\"index, follow, max-snippet:-1, max-image-preview:large, max-video-preview:-1\" \/>\n<link rel=\"canonical\" href=\"https:\/\/ekkla.ch\/de\/produit\/tischleuchte-mekong-s-good-mojo\/\" \/>\n<meta property=\"og:locale\" content=\"de_DE\" \/>\n<meta property=\"og:type\" content=\"article\" \/>\n<meta property=\"og:title\" content=\"Tischleuchte Mekong S - Bambus - H.24 - Good &amp; Mojo\" \/>\n<meta property=\"og:description\" content=\"Die Leuchte Mekong aus strapazierf\u00e4higem Bambus taucht Ihr Zuhause in weiches, ged\u00e4mpftes Licht und verleiht ihren R\u00e4umen einen Touch von Boheme.\" \/>\n<meta property=\"og:url\" content=\"https:\/\/ekkla.ch\/de\/produit\/tischleuchte-mekong-s-good-mojo\/\" \/>\n<meta property=\"og:site_name\" content=\"Ekkla\" \/>\n<meta property=\"article:modified_time\" content=\"2023-02-26T23:00:08+00:00\" \/>\n<meta property=\"og:image\" content=\"https:\/\/ekkla.ch\/wp-content\/uploads\/2019\/09\/mekong-25-carr\u00e9.jpg\" \/>\n\t<meta property=\"og:image:width\" content=\"1777\" \/>\n\t<meta property=\"og:image:height\" content=\"1777\" \/>\n\t<meta property=\"og:image:type\" content=\"image\/jpeg\" \/>\n<meta name=\"twitter:card\" content=\"summary_large_image\" \/>\n<script type=\"application\/ld+json\" class=\"yoast-schema-graph\">{\"@context\":\"https:\/\/schema.org\",\"@graph\":[{\"@type\":\"WebPage\",\"@id\":\"https:\/\/ekkla.ch\/de\/produit\/tischleuchte-mekong-s-good-mojo\/\",\"url\":\"https:\/\/ekkla.ch\/de\/produit\/tischleuchte-mekong-s-good-mojo\/\",\"name\":\"Good & Mojo | Tischleuchte Mekong S | Eco-friendly | Ekkla\",\"isPartOf\":{\"@id\":\"https:\/\/ekkla.ch\/#website\"},\"primaryImageOfPage\":{\"@id\":\"https:\/\/ekkla.ch\/de\/produit\/tischleuchte-mekong-s-good-mojo\/#primaryimage\"},\"image\":{\"@id\":\"https:\/\/ekkla.ch\/de\/produit\/tischleuchte-mekong-s-good-mojo\/#primaryimage\"},\"thumbnailUrl\":\"https:\/\/ekkla.ch\/wp-content\/uploads\/2019\/09\/mekong-25-carr\u00e9.jpg\",\"datePublished\":\"2019-09-30T08:32:41+00:00\",\"dateModified\":\"2023-02-26T23:00:08+00:00\",\"description\":\"Die Leuchte Mekong aus strapazierf\u00e4higem Bambus taucht Ihr Zuhause in weiches, ged\u00e4mpftes Licht und verleiht ihren R\u00e4umen einen Touch von Boheme.\",\"breadcrumb\":{\"@id\":\"https:\/\/ekkla.ch\/de\/produit\/tischleuchte-mekong-s-good-mojo\/#breadcrumb\"},\"inLanguage\":\"de\",\"potentialAction\":[{\"@type\":\"ReadAction\",\"target\":[\"https:\/\/ekkla.ch\/de\/produit\/tischleuchte-mekong-s-good-mojo\/\"]}]},{\"@type\":\"ImageObject\",\"inLanguage\":\"de\",\"@id\":\"https:\/\/ekkla.ch\/de\/produit\/tischleuchte-mekong-s-good-mojo\/#primaryimage\",\"url\":\"https:\/\/ekkla.ch\/wp-content\/uploads\/2019\/09\/mekong-25-carr\u00e9.jpg\",\"contentUrl\":\"https:\/\/ekkla.ch\/wp-content\/uploads\/2019\/09\/mekong-25-carr\u00e9.jpg\",\"width\":1777,\"height\":1777},{\"@type\":\"BreadcrumbList\",\"@id\":\"https:\/\/ekkla.ch\/de\/produit\/tischleuchte-mekong-s-good-mojo\/#breadcrumb\",\"itemListElement\":[{\"@type\":\"ListItem\",\"position\":1,\"name\":\"Home\",\"item\":\"https:\/\/ekkla.ch\/de\/\"},{\"@type\":\"ListItem\",\"position\":2,\"name\":\"Shop\",\"item\":\"https:\/\/ekkla.ch\/de\/shop\/\"},{\"@type\":\"ListItem\",\"position\":3,\"name\":\"Tischleuchte Mekong S &#8211; Bambus &#8211; H.24 &#8211; Good &#038; Mojo\"}]},{\"@type\":\"WebSite\",\"@id\":\"https:\/\/ekkla.ch\/#website\",\"url\":\"https:\/\/ekkla.ch\/\",\"name\":\"Ekkla\",\"description\":\"Der Onlineshop f\u00fcr Beleuchtung\",\"publisher\":{\"@id\":\"https:\/\/ekkla.ch\/#organization\"},\"potentialAction\":[{\"@type\":\"SearchAction\",\"target\":{\"@type\":\"EntryPoint\",\"urlTemplate\":\"https:\/\/ekkla.ch\/?s={search_term_string}\"},\"query-input\":\"required name=search_term_string\"}],\"inLanguage\":\"de\"},{\"@type\":\"Organization\",\"@id\":\"https:\/\/ekkla.ch\/#organization\",\"name\":\"Ekkla\",\"url\":\"https:\/\/ekkla.ch\/\",\"logo\":{\"@type\":\"ImageObject\",\"inLanguage\":\"de\",\"@id\":\"https:\/\/ekkla.ch\/#\/schema\/logo\/image\/\",\"url\":\"http:\/\/ekkla.ch\/wp-content\/uploads\/2019\/07\/logo-1.svg\",\"contentUrl\":\"http:\/\/ekkla.ch\/wp-content\/uploads\/2019\/07\/logo-1.svg\",\"width\":1,\"height\":1,\"caption\":\"Ekkla\"},\"image\":{\"@id\":\"https:\/\/ekkla.ch\/#\/schema\/logo\/image\/\"},\"sameAs\":[\"https:\/\/www.instagram.com\/ekkla_light\/\"]}]}<\/script>\n<!-- \/ Yoast SEO Premium plugin. -->","yoast_head_json":{"title":"Good & Mojo | Tischleuchte Mekong S | Eco-friendly | Ekkla","description":"Die Leuchte Mekong aus strapazierf\u00e4higem Bambus taucht Ihr Zuhause in weiches, ged\u00e4mpftes Licht und verleiht ihren R\u00e4umen einen Touch von Boheme.","robots":{"index":"index","follow":"follow","max-snippet":"max-snippet:-1","max-image-preview":"max-image-preview:large","max-video-preview":"max-video-preview:-1"},"canonical":"https:\/\/ekkla.ch\/de\/produit\/tischleuchte-mekong-s-good-mojo\/","og_locale":"de_DE","og_type":"article","og_title":"Tischleuchte Mekong S - Bambus - H.24 - Good & Mojo","og_description":"Die Leuchte Mekong aus strapazierf\u00e4higem Bambus taucht Ihr Zuhause in weiches, ged\u00e4mpftes Licht und verleiht ihren R\u00e4umen einen Touch von Boheme.","og_url":"https:\/\/ekkla.ch\/de\/produit\/tischleuchte-mekong-s-good-mojo\/","og_site_name":"Ekkla","article_modified_time":"2023-02-26T23:00:08+00:00","og_image":[{"width":1777,"height":1777,"url":"https:\/\/ekkla.ch\/wp-content\/uploads\/2019\/09\/mekong-25-carr\u00e9.jpg","type":"image\/jpeg"}],"twitter_card":"summary_large_image","schema":{"@context":"https:\/\/schema.org","@graph":[{"@type":"WebPage","@id":"https:\/\/ekkla.ch\/de\/produit\/tischleuchte-mekong-s-good-mojo\/","url":"https:\/\/ekkla.ch\/de\/produit\/tischleuchte-mekong-s-good-mojo\/","name":"Good & Mojo | Tischleuchte Mekong S | Eco-friendly | Ekkla","isPartOf":{"@id":"https:\/\/ekkla.ch\/#website"},"primaryImageOfPage":{"@id":"https:\/\/ekkla.ch\/de\/produit\/tischleuchte-mekong-s-good-mojo\/#primaryimage"},"image":{"@id":"https:\/\/ekkla.ch\/de\/produit\/tischleuchte-mekong-s-good-mojo\/#primaryimage"},"thumbnailUrl":"https:\/\/ekkla.ch\/wp-content\/uploads\/2019\/09\/mekong-25-carr\u00e9.jpg","datePublished":"2019-09-30T08:32:41+00:00","dateModified":"2023-02-26T23:00:08+00:00","description":"Die Leuchte Mekong aus strapazierf\u00e4higem Bambus taucht Ihr Zuhause in weiches, ged\u00e4mpftes Licht und verleiht ihren R\u00e4umen einen Touch von Boheme.","breadcrumb":{"@id":"https:\/\/ekkla.ch\/de\/produit\/tischleuchte-mekong-s-good-mojo\/#breadcrumb"},"inLanguage":"de","potentialAction":[{"@type":"ReadAction","target":["https:\/\/ekkla.ch\/de\/produit\/tischleuchte-mekong-s-good-mojo\/"]}]},{"@type":"ImageObject","inLanguage":"de","@id":"https:\/\/ekkla.ch\/de\/produit\/tischleuchte-mekong-s-good-mojo\/#primaryimage","url":"https:\/\/ekkla.ch\/wp-content\/uploads\/2019\/09\/mekong-25-carr\u00e9.jpg","contentUrl":"https:\/\/ekkla.ch\/wp-content\/uploads\/2019\/09\/mekong-25-carr\u00e9.jpg","width":1777,"height":1777},{"@type":"BreadcrumbList","@id":"https:\/\/ekkla.ch\/de\/produit\/tischleuchte-mekong-s-good-mojo\/#breadcrumb","itemListElement":[{"@type":"ListItem","position":1,"name":"Home","item":"https:\/\/ekkla.ch\/de\/"},{"@type":"ListItem","position":2,"name":"Shop","item":"https:\/\/ekkla.ch\/de\/shop\/"},{"@type":"ListItem","position":3,"name":"Tischleuchte Mekong S &#8211; Bambus &#8211; H.24 &#8211; Good &#038; Mojo"}]},{"@type":"WebSite","@id":"https:\/\/ekkla.ch\/#website","url":"https:\/\/ekkla.ch\/","name":"Ekkla","description":"Der Onlineshop f\u00fcr Beleuchtung","publisher":{"@id":"https:\/\/ekkla.ch\/#organization"},"potentialAction":[{"@type":"SearchAction","target":{"@type":"EntryPoint","urlTemplate":"https:\/\/ekkla.ch\/?s={search_term_string}"},"query-input":"required name=search_term_string"}],"inLanguage":"de"},{"@type":"Organization","@id":"https:\/\/ekkla.ch\/#organization","name":"Ekkla","url":"https:\/\/ekkla.ch\/","logo":{"@type":"ImageObject","inLanguage":"de","@id":"https:\/\/ekkla.ch\/#\/schema\/logo\/image\/","url":"http:\/\/ekkla.ch\/wp-content\/uploads\/2019\/07\/logo-1.svg","contentUrl":"http:\/\/ekkla.ch\/wp-content\/uploads\/2019\/07\/logo-1.svg","width":1,"height":1,"caption":"Ekkla"},"image":{"@id":"https:\/\/ekkla.ch\/#\/schema\/logo\/image\/"},"sameAs":["https:\/\/www.instagram.com\/ekkla_light\/"]}]}},"_links":{"self":[{"href":"https:\/\/ekkla.ch\/de\/wp-json\/wp\/v2\/product\/9234"}],"collection":[{"href":"https:\/\/ekkla.ch\/de\/wp-json\/wp\/v2\/product"}],"about":[{"href":"https:\/\/ekkla.ch\/de\/wp-json\/wp\/v2\/types\/product"}],"wp:featuredmedia":[{"embeddable":true,"href":"https:\/\/ekkla.ch\/de\/wp-json\/wp\/v2\/media\/6360"}],"wp:attachment":[{"href":"https:\/\/ekkla.ch\/de\/wp-json\/wp\/v2\/media?parent=9234"}],"wp:term":[{"taxonomy":"product_cat","embeddable":true,"href":"https:\/\/ekkla.ch\/de\/wp-json\/wp\/v2\/product_cat?post=9234"},{"taxonomy":"product_tag","embeddable":true,"href":"https:\/\/ekkla.ch\/de\/wp-json\/wp\/v2\/product_tag?post=9234"}],"curies":[{"name":"wp","href":"https:\/\/api.w.org\/{rel}","templated":true}]}}