{"id":9238,"date":"2019-09-27T16:05:50","date_gmt":"2019-09-27T14:05:50","guid":{"rendered":"https:\/\/ekkla.ch\/produit\/tischleuchte-eos-champagnerfarben-2\/"},"modified":"2023-05-04T15:56:03","modified_gmt":"2023-05-04T13:56:03","slug":"tischleuchte-eos-champagnerfarben-umage","status":"publish","type":"product","link":"https:\/\/ekkla.ch\/de\/produit\/tischleuchte-eos-champagnerfarben-umage\/","title":{"rendered":"Tischleuchte Eos Champagner &#8211; Umage"},"content":{"rendered":"<p>Die pr\u00e4chtige Tischleuchte Eos aus dem Hause Umage by Vita Copenhagen wird Sie begeistern. Eine zarte und perfekte Kreation f\u00fcr eine gem\u00fctliche Atmosph\u00e4re. Die echten Federn streuen das Licht optimal f\u00fcr eine warme und weiche Beleuchtung. Sie verleiht Ihrem Wohn- oder Kinderzimmer, Ihrem B\u00fcro oder dem Eingangsbereich genau die dekorative Note, die bis anhin fehlte. Gl\u00fchbirne nicht inbegriffen.<\/p>\n<blockquote>\n<h2>Merkmale &amp; Eigenschaften<\/h2>\n<p><strong>Marke<\/strong> Umage<\/p>\n<p><strong>Farbe <\/strong>Beige \/ geb\u00fcrstetes Gold<\/p>\n<p><strong>Material <\/strong>Metall \/ G\u00e4nsefedern<\/p>\n<p><strong>Gl\u00fchbirne<\/strong>\u00a0E27<\/p>\n<p><strong>Max. Leistung (W) <\/strong>15 LED<\/p>\n<p><strong>Durchmesser Lampenfuss (cm) <\/strong>22<\/p>\n<p><strong>Durchmesser Lampenschirm\u00a0(cm) <\/strong>35<\/p>\n<p><strong>H\u00f6he Lampenfuss (cm) <\/strong>42<\/p>\n<p><strong>H\u00f6he Lampenschirm (cm) <\/strong>20<\/p>\n<p><strong>Gesamth\u00f6he (cm)\u00a0<\/strong>62<\/p><\/blockquote>\n","protected":false},"excerpt":{"rendered":"<p>Die pr\u00e4chtige Tischleuchte Eos aus dem Hause Umage by Vita Copenhagen wird Sie begeistern. Eine zarte und perfekte Kreation f\u00fcr eine gem\u00fctliche Atmosph\u00e4re. Die echten Federn streuen das Licht optimal f\u00fcr eine warme und weiche Beleuchtung. Sie verleiht Ihrem Wohn- oder Kinderzimmer, Ihrem B\u00fcro oder dem Eingangsbereich genau die dekorative Note, die bis anhin fehlte. [&hellip;]<\/p>\n","protected":false},"featured_media":6245,"template":"","meta":{"_acf_changed":false,"om_disable_all_campaigns":false},"product_cat":[290],"product_tag":[898,554,1188,816,936,775],"bundled_by":[],"bundle_stock_status":"onbackorder","bundle_stock_quantity":null,"bundle_virtual":false,"bundle_layout":"","bundle_add_to_cart_form_location":"","bundle_editable_in_cart":false,"bundle_sold_individually_context":"","bundle_item_grouping":"","bundle_min_size":"","bundle_max_size":"","bundle_price":[],"bundled_items":[],"bundle_sell_ids":[],"acf":[],"yoast_head":"<!-- This site is optimized with the Yoast SEO Premium plugin v22.2 (Yoast SEO v22.8) - https:\/\/yoast.com\/wordpress\/plugins\/seo\/ -->\n<title>Umage | Tischleuchte Eos | Luftiges Design | Ekkla<\/title>\n<meta name=\"description\" content=\"Einese fluffige Leuchte aus echten Federn, zaubert eine weiche und warme Atmosph\u00e4re in Ihren Wohnraum und ist ein echtes Dekorationsobjekt.\" \/>\n<meta name=\"robots\" content=\"index, follow, max-snippet:-1, max-image-preview:large, max-video-preview:-1\" \/>\n<link rel=\"canonical\" href=\"https:\/\/ekkla.ch\/de\/produit\/tischleuchte-eos-champagnerfarben-umage\/\" \/>\n<meta property=\"og:locale\" content=\"de_DE\" \/>\n<meta property=\"og:type\" content=\"article\" \/>\n<meta property=\"og:title\" content=\"Tischleuchte Eos Champagner - Umage\" \/>\n<meta property=\"og:description\" content=\"Einese fluffige Leuchte aus echten Federn, zaubert eine weiche und warme Atmosph\u00e4re in Ihren Wohnraum und ist ein echtes Dekorationsobjekt.\" \/>\n<meta property=\"og:url\" content=\"https:\/\/ekkla.ch\/de\/produit\/tischleuchte-eos-champagnerfarben-umage\/\" \/>\n<meta property=\"og:site_name\" content=\"Ekkla\" \/>\n<meta property=\"article:modified_time\" content=\"2023-05-04T13:56:03+00:00\" \/>\n<meta property=\"og:image\" content=\"https:\/\/ekkla.ch\/wp-content\/uploads\/2019\/09\/Eos-champagne-carr\u00e9-1.png\" \/>\n\t<meta property=\"og:image:width\" content=\"1777\" \/>\n\t<meta property=\"og:image:height\" content=\"1777\" \/>\n\t<meta property=\"og:image:type\" content=\"image\/png\" \/>\n<meta name=\"twitter:card\" content=\"summary_large_image\" \/>\n<meta name=\"twitter:label1\" content=\"Gesch\u00e4tzte Lesezeit\" \/>\n\t<meta name=\"twitter:data1\" content=\"1\u00a0Minute\" \/>\n<script type=\"application\/ld+json\" class=\"yoast-schema-graph\">{\"@context\":\"https:\/\/schema.org\",\"@graph\":[{\"@type\":\"WebPage\",\"@id\":\"https:\/\/ekkla.ch\/de\/produit\/tischleuchte-eos-champagnerfarben-umage\/\",\"url\":\"https:\/\/ekkla.ch\/de\/produit\/tischleuchte-eos-champagnerfarben-umage\/\",\"name\":\"Umage | Tischleuchte Eos | Luftiges Design | Ekkla\",\"isPartOf\":{\"@id\":\"https:\/\/ekkla.ch\/#website\"},\"primaryImageOfPage\":{\"@id\":\"https:\/\/ekkla.ch\/de\/produit\/tischleuchte-eos-champagnerfarben-umage\/#primaryimage\"},\"image\":{\"@id\":\"https:\/\/ekkla.ch\/de\/produit\/tischleuchte-eos-champagnerfarben-umage\/#primaryimage\"},\"thumbnailUrl\":\"https:\/\/ekkla.ch\/wp-content\/uploads\/2019\/09\/Eos-champagne-carr\u00e9-1.png\",\"datePublished\":\"2019-09-27T14:05:50+00:00\",\"dateModified\":\"2023-05-04T13:56:03+00:00\",\"description\":\"Einese fluffige Leuchte aus echten Federn, zaubert eine weiche und warme Atmosph\u00e4re in Ihren Wohnraum und ist ein echtes Dekorationsobjekt.\",\"breadcrumb\":{\"@id\":\"https:\/\/ekkla.ch\/de\/produit\/tischleuchte-eos-champagnerfarben-umage\/#breadcrumb\"},\"inLanguage\":\"de\",\"potentialAction\":[{\"@type\":\"ReadAction\",\"target\":[\"https:\/\/ekkla.ch\/de\/produit\/tischleuchte-eos-champagnerfarben-umage\/\"]}]},{\"@type\":\"ImageObject\",\"inLanguage\":\"de\",\"@id\":\"https:\/\/ekkla.ch\/de\/produit\/tischleuchte-eos-champagnerfarben-umage\/#primaryimage\",\"url\":\"https:\/\/ekkla.ch\/wp-content\/uploads\/2019\/09\/Eos-champagne-carr\u00e9-1.png\",\"contentUrl\":\"https:\/\/ekkla.ch\/wp-content\/uploads\/2019\/09\/Eos-champagne-carr\u00e9-1.png\",\"width\":1777,\"height\":1777},{\"@type\":\"BreadcrumbList\",\"@id\":\"https:\/\/ekkla.ch\/de\/produit\/tischleuchte-eos-champagnerfarben-umage\/#breadcrumb\",\"itemListElement\":[{\"@type\":\"ListItem\",\"position\":1,\"name\":\"Home\",\"item\":\"https:\/\/ekkla.ch\/de\/\"},{\"@type\":\"ListItem\",\"position\":2,\"name\":\"Shop\",\"item\":\"https:\/\/ekkla.ch\/de\/shop\/\"},{\"@type\":\"ListItem\",\"position\":3,\"name\":\"Tischleuchte Eos Champagner &#8211; Umage\"}]},{\"@type\":\"WebSite\",\"@id\":\"https:\/\/ekkla.ch\/#website\",\"url\":\"https:\/\/ekkla.ch\/\",\"name\":\"Ekkla\",\"description\":\"Der Onlineshop f\u00fcr Beleuchtung\",\"publisher\":{\"@id\":\"https:\/\/ekkla.ch\/#organization\"},\"potentialAction\":[{\"@type\":\"SearchAction\",\"target\":{\"@type\":\"EntryPoint\",\"urlTemplate\":\"https:\/\/ekkla.ch\/?s={search_term_string}\"},\"query-input\":\"required name=search_term_string\"}],\"inLanguage\":\"de\"},{\"@type\":\"Organization\",\"@id\":\"https:\/\/ekkla.ch\/#organization\",\"name\":\"Ekkla\",\"url\":\"https:\/\/ekkla.ch\/\",\"logo\":{\"@type\":\"ImageObject\",\"inLanguage\":\"de\",\"@id\":\"https:\/\/ekkla.ch\/#\/schema\/logo\/image\/\",\"url\":\"http:\/\/ekkla.ch\/wp-content\/uploads\/2019\/07\/logo-1.svg\",\"contentUrl\":\"http:\/\/ekkla.ch\/wp-content\/uploads\/2019\/07\/logo-1.svg\",\"width\":1,\"height\":1,\"caption\":\"Ekkla\"},\"image\":{\"@id\":\"https:\/\/ekkla.ch\/#\/schema\/logo\/image\/\"},\"sameAs\":[\"https:\/\/www.instagram.com\/ekkla_light\/\"]}]}<\/script>\n<!-- \/ Yoast SEO Premium plugin. -->","yoast_head_json":{"title":"Umage | Tischleuchte Eos | Luftiges Design | Ekkla","description":"Einese fluffige Leuchte aus echten Federn, zaubert eine weiche und warme Atmosph\u00e4re in Ihren Wohnraum und ist ein echtes Dekorationsobjekt.","robots":{"index":"index","follow":"follow","max-snippet":"max-snippet:-1","max-image-preview":"max-image-preview:large","max-video-preview":"max-video-preview:-1"},"canonical":"https:\/\/ekkla.ch\/de\/produit\/tischleuchte-eos-champagnerfarben-umage\/","og_locale":"de_DE","og_type":"article","og_title":"Tischleuchte Eos Champagner - Umage","og_description":"Einese fluffige Leuchte aus echten Federn, zaubert eine weiche und warme Atmosph\u00e4re in Ihren Wohnraum und ist ein echtes Dekorationsobjekt.","og_url":"https:\/\/ekkla.ch\/de\/produit\/tischleuchte-eos-champagnerfarben-umage\/","og_site_name":"Ekkla","article_modified_time":"2023-05-04T13:56:03+00:00","og_image":[{"width":1777,"height":1777,"url":"https:\/\/ekkla.ch\/wp-content\/uploads\/2019\/09\/Eos-champagne-carr\u00e9-1.png","type":"image\/png"}],"twitter_card":"summary_large_image","twitter_misc":{"Gesch\u00e4tzte Lesezeit":"1\u00a0Minute"},"schema":{"@context":"https:\/\/schema.org","@graph":[{"@type":"WebPage","@id":"https:\/\/ekkla.ch\/de\/produit\/tischleuchte-eos-champagnerfarben-umage\/","url":"https:\/\/ekkla.ch\/de\/produit\/tischleuchte-eos-champagnerfarben-umage\/","name":"Umage | Tischleuchte Eos | Luftiges Design | Ekkla","isPartOf":{"@id":"https:\/\/ekkla.ch\/#website"},"primaryImageOfPage":{"@id":"https:\/\/ekkla.ch\/de\/produit\/tischleuchte-eos-champagnerfarben-umage\/#primaryimage"},"image":{"@id":"https:\/\/ekkla.ch\/de\/produit\/tischleuchte-eos-champagnerfarben-umage\/#primaryimage"},"thumbnailUrl":"https:\/\/ekkla.ch\/wp-content\/uploads\/2019\/09\/Eos-champagne-carr\u00e9-1.png","datePublished":"2019-09-27T14:05:50+00:00","dateModified":"2023-05-04T13:56:03+00:00","description":"Einese fluffige Leuchte aus echten Federn, zaubert eine weiche und warme Atmosph\u00e4re in Ihren Wohnraum und ist ein echtes Dekorationsobjekt.","breadcrumb":{"@id":"https:\/\/ekkla.ch\/de\/produit\/tischleuchte-eos-champagnerfarben-umage\/#breadcrumb"},"inLanguage":"de","potentialAction":[{"@type":"ReadAction","target":["https:\/\/ekkla.ch\/de\/produit\/tischleuchte-eos-champagnerfarben-umage\/"]}]},{"@type":"ImageObject","inLanguage":"de","@id":"https:\/\/ekkla.ch\/de\/produit\/tischleuchte-eos-champagnerfarben-umage\/#primaryimage","url":"https:\/\/ekkla.ch\/wp-content\/uploads\/2019\/09\/Eos-champagne-carr\u00e9-1.png","contentUrl":"https:\/\/ekkla.ch\/wp-content\/uploads\/2019\/09\/Eos-champagne-carr\u00e9-1.png","width":1777,"height":1777},{"@type":"BreadcrumbList","@id":"https:\/\/ekkla.ch\/de\/produit\/tischleuchte-eos-champagnerfarben-umage\/#breadcrumb","itemListElement":[{"@type":"ListItem","position":1,"name":"Home","item":"https:\/\/ekkla.ch\/de\/"},{"@type":"ListItem","position":2,"name":"Shop","item":"https:\/\/ekkla.ch\/de\/shop\/"},{"@type":"ListItem","position":3,"name":"Tischleuchte Eos Champagner &#8211; Umage"}]},{"@type":"WebSite","@id":"https:\/\/ekkla.ch\/#website","url":"https:\/\/ekkla.ch\/","name":"Ekkla","description":"Der Onlineshop f\u00fcr Beleuchtung","publisher":{"@id":"https:\/\/ekkla.ch\/#organization"},"potentialAction":[{"@type":"SearchAction","target":{"@type":"EntryPoint","urlTemplate":"https:\/\/ekkla.ch\/?s={search_term_string}"},"query-input":"required name=search_term_string"}],"inLanguage":"de"},{"@type":"Organization","@id":"https:\/\/ekkla.ch\/#organization","name":"Ekkla","url":"https:\/\/ekkla.ch\/","logo":{"@type":"ImageObject","inLanguage":"de","@id":"https:\/\/ekkla.ch\/#\/schema\/logo\/image\/","url":"http:\/\/ekkla.ch\/wp-content\/uploads\/2019\/07\/logo-1.svg","contentUrl":"http:\/\/ekkla.ch\/wp-content\/uploads\/2019\/07\/logo-1.svg","width":1,"height":1,"caption":"Ekkla"},"image":{"@id":"https:\/\/ekkla.ch\/#\/schema\/logo\/image\/"},"sameAs":["https:\/\/www.instagram.com\/ekkla_light\/"]}]}},"_links":{"self":[{"href":"https:\/\/ekkla.ch\/de\/wp-json\/wp\/v2\/product\/9238"}],"collection":[{"href":"https:\/\/ekkla.ch\/de\/wp-json\/wp\/v2\/product"}],"about":[{"href":"https:\/\/ekkla.ch\/de\/wp-json\/wp\/v2\/types\/product"}],"wp:featuredmedia":[{"embeddable":true,"href":"https:\/\/ekkla.ch\/de\/wp-json\/wp\/v2\/media\/6245"}],"wp:attachment":[{"href":"https:\/\/ekkla.ch\/de\/wp-json\/wp\/v2\/media?parent=9238"}],"wp:term":[{"taxonomy":"product_cat","embeddable":true,"href":"https:\/\/ekkla.ch\/de\/wp-json\/wp\/v2\/product_cat?post=9238"},{"taxonomy":"product_tag","embeddable":true,"href":"https:\/\/ekkla.ch\/de\/wp-json\/wp\/v2\/product_tag?post=9238"}],"curies":[{"name":"wp","href":"https:\/\/api.w.org\/{rel}","templated":true}]}}