{"id":9314,"date":"2019-06-29T18:31:05","date_gmt":"2019-06-29T16:31:05","guid":{"rendered":"https:\/\/ekkla.ch\/produit\/retro-led-gluhbirne-opalglas\/"},"modified":"2022-08-31T09:29:27","modified_gmt":"2022-08-31T07:29:27","slug":"retro-led-gluehbirne-opalglas","status":"publish","type":"product","link":"https:\/\/ekkla.ch\/de\/produit\/retro-led-gluehbirne-opalglas\/","title":{"rendered":"Retro LED-Gl\u00fchbirne aus Opalglas"},"content":{"rendered":"<p>Diese LED-Gl\u00fchbirne passt perfekt zu jeder Art von Leuchten, die die Gl\u00fchbirnen hervorheben! Das kugelf\u00f6rmige Design und das Opalglas verleihen der Gl\u00fchbirne einen Retro-Look und die LED-Technologie verhindert ein Erw\u00e4rmen der Gl\u00fchbirne und reduziert den Stromverbrauch.<\/p>\n<blockquote>\n<h2 style=\"text-align: left;\">Merkmale &amp; Eigenschaften<\/h2>\n<p style=\"text-align: left;\"><strong>Material<\/strong> Opalglas<\/p>\n<p style=\"text-align: left;\"><strong>Farbe<\/strong> Weiss<\/p>\n<p style=\"text-align: left;\"><strong>Typ des Gl\u00fchadens<\/strong>\u00a0LED<\/p>\n<p><strong>Leistung<\/strong><strong>\u00a0(W) <\/strong>5<\/p>\n<p style=\"text-align: left;\"><strong>Oberfl\u00e4che<\/strong> Opak<\/p>\n<p style=\"text-align: left;\"><strong>Fassung<\/strong>\u00a0E27<\/p>\n<p style=\"text-align: left;\"><strong>Durchmesser (cm)<\/strong>\u00a012,5<\/p>\n<p style=\"text-align: left;\"><strong>H\u00f6he (cm)<\/strong>\u00a017,6<\/p>\n<p style=\"text-align: left;\"><strong>Variable Lichtintensit\u00e4t<\/strong> Ja<\/p>\n<\/blockquote>\n","protected":false},"excerpt":{"rendered":"<p>Diese LED-Gl\u00fchbirne passt perfekt zu jeder Art von Leuchten, die die Gl\u00fchbirnen hervorheben! Das kugelf\u00f6rmige Design und das Opalglas verleihen der Gl\u00fchbirne einen Retro-Look und die LED-Technologie verhindert ein Erw\u00e4rmen der Gl\u00fchbirne und reduziert den Stromverbrauch. Merkmale &amp; Eigenschaften Material Opalglas Farbe Weiss Typ des Gl\u00fchadens\u00a0LED Leistung\u00a0(W) 5 Oberfl\u00e4che Opak Fassung\u00a0E27 Durchmesser (cm)\u00a012,5 H\u00f6he (cm)\u00a017,6 [&hellip;]<\/p>\n","protected":false},"featured_media":62050,"template":"","meta":{"_acf_changed":false,"om_disable_all_campaigns":false},"product_cat":[285],"product_tag":[1242,403],"bundled_by":[],"bundle_stock_status":"instock","bundle_stock_quantity":3,"bundle_virtual":false,"bundle_layout":"","bundle_add_to_cart_form_location":"","bundle_editable_in_cart":false,"bundle_sold_individually_context":"","bundle_item_grouping":"","bundle_min_size":"","bundle_max_size":"","bundle_price":[],"bundled_items":[],"bundle_sell_ids":[],"acf":[],"yoast_head":"<!-- This site is optimized with the Yoast SEO Premium plugin v22.2 (Yoast SEO v22.8) - https:\/\/yoast.com\/wordpress\/plugins\/seo\/ -->\n<title>Retro-Gl\u00fchbirne | Fassung E27 | Opalglas | LED| Ekkla<\/title>\n<meta name=\"description\" content=\"Eine kugelf\u00f6rmige Gl\u00fchbirne aus Opalglas, die Ihren Leuchten einen Retro-Look verleiht. LED-Technologie, E27 Fassung und 12,5 cm Durchmesser.\" \/>\n<meta name=\"robots\" content=\"index, follow, max-snippet:-1, max-image-preview:large, max-video-preview:-1\" \/>\n<link rel=\"canonical\" href=\"https:\/\/ekkla.ch\/de\/produit\/retro-led-gluehbirne-opalglas\/\" \/>\n<meta property=\"og:locale\" content=\"de_DE\" \/>\n<meta property=\"og:type\" content=\"article\" \/>\n<meta property=\"og:title\" content=\"Retro LED-Gl\u00fchbirne aus Opalglas\" \/>\n<meta property=\"og:description\" content=\"Eine kugelf\u00f6rmige Gl\u00fchbirne aus Opalglas, die Ihren Leuchten einen Retro-Look verleiht. LED-Technologie, E27 Fassung und 12,5 cm Durchmesser.\" \/>\n<meta property=\"og:url\" content=\"https:\/\/ekkla.ch\/de\/produit\/retro-led-gluehbirne-opalglas\/\" \/>\n<meta property=\"og:site_name\" content=\"Ekkla\" \/>\n<meta property=\"article:modified_time\" content=\"2022-08-31T07:29:27+00:00\" \/>\n<meta property=\"og:image\" content=\"https:\/\/ekkla.ch\/wp-content\/uploads\/2019\/06\/363-43-1_4.jpg\" \/>\n\t<meta property=\"og:image:width\" content=\"592\" \/>\n\t<meta property=\"og:image:height\" content=\"592\" \/>\n\t<meta property=\"og:image:type\" content=\"image\/jpeg\" \/>\n<meta name=\"twitter:card\" content=\"summary_large_image\" \/>\n<script type=\"application\/ld+json\" class=\"yoast-schema-graph\">{\"@context\":\"https:\/\/schema.org\",\"@graph\":[{\"@type\":\"WebPage\",\"@id\":\"https:\/\/ekkla.ch\/de\/produit\/retro-led-gluehbirne-opalglas\/\",\"url\":\"https:\/\/ekkla.ch\/de\/produit\/retro-led-gluehbirne-opalglas\/\",\"name\":\"Retro-Gl\u00fchbirne | Fassung E27 | Opalglas | LED| Ekkla\",\"isPartOf\":{\"@id\":\"https:\/\/ekkla.ch\/#website\"},\"primaryImageOfPage\":{\"@id\":\"https:\/\/ekkla.ch\/de\/produit\/retro-led-gluehbirne-opalglas\/#primaryimage\"},\"image\":{\"@id\":\"https:\/\/ekkla.ch\/de\/produit\/retro-led-gluehbirne-opalglas\/#primaryimage\"},\"thumbnailUrl\":\"https:\/\/ekkla.ch\/wp-content\/uploads\/2019\/06\/363-43-1_4.jpg\",\"datePublished\":\"2019-06-29T16:31:05+00:00\",\"dateModified\":\"2022-08-31T07:29:27+00:00\",\"description\":\"Eine kugelf\u00f6rmige Gl\u00fchbirne aus Opalglas, die Ihren Leuchten einen Retro-Look verleiht. LED-Technologie, E27 Fassung und 12,5 cm Durchmesser.\",\"breadcrumb\":{\"@id\":\"https:\/\/ekkla.ch\/de\/produit\/retro-led-gluehbirne-opalglas\/#breadcrumb\"},\"inLanguage\":\"de\",\"potentialAction\":[{\"@type\":\"ReadAction\",\"target\":[\"https:\/\/ekkla.ch\/de\/produit\/retro-led-gluehbirne-opalglas\/\"]}]},{\"@type\":\"ImageObject\",\"inLanguage\":\"de\",\"@id\":\"https:\/\/ekkla.ch\/de\/produit\/retro-led-gluehbirne-opalglas\/#primaryimage\",\"url\":\"https:\/\/ekkla.ch\/wp-content\/uploads\/2019\/06\/363-43-1_4.jpg\",\"contentUrl\":\"https:\/\/ekkla.ch\/wp-content\/uploads\/2019\/06\/363-43-1_4.jpg\",\"width\":592,\"height\":592,\"caption\":\"Ampoule LED r\u00e9tro Globe en verre opalin\"},{\"@type\":\"BreadcrumbList\",\"@id\":\"https:\/\/ekkla.ch\/de\/produit\/retro-led-gluehbirne-opalglas\/#breadcrumb\",\"itemListElement\":[{\"@type\":\"ListItem\",\"position\":1,\"name\":\"Home\",\"item\":\"https:\/\/ekkla.ch\/de\/\"},{\"@type\":\"ListItem\",\"position\":2,\"name\":\"Shop\",\"item\":\"https:\/\/ekkla.ch\/de\/shop\/\"},{\"@type\":\"ListItem\",\"position\":3,\"name\":\"Retro LED-Gl\u00fchbirne aus Opalglas\"}]},{\"@type\":\"WebSite\",\"@id\":\"https:\/\/ekkla.ch\/#website\",\"url\":\"https:\/\/ekkla.ch\/\",\"name\":\"Ekkla\",\"description\":\"Der Onlineshop f\u00fcr Beleuchtung\",\"publisher\":{\"@id\":\"https:\/\/ekkla.ch\/#organization\"},\"potentialAction\":[{\"@type\":\"SearchAction\",\"target\":{\"@type\":\"EntryPoint\",\"urlTemplate\":\"https:\/\/ekkla.ch\/?s={search_term_string}\"},\"query-input\":\"required name=search_term_string\"}],\"inLanguage\":\"de\"},{\"@type\":\"Organization\",\"@id\":\"https:\/\/ekkla.ch\/#organization\",\"name\":\"Ekkla\",\"url\":\"https:\/\/ekkla.ch\/\",\"logo\":{\"@type\":\"ImageObject\",\"inLanguage\":\"de\",\"@id\":\"https:\/\/ekkla.ch\/#\/schema\/logo\/image\/\",\"url\":\"http:\/\/ekkla.ch\/wp-content\/uploads\/2019\/07\/logo-1.svg\",\"contentUrl\":\"http:\/\/ekkla.ch\/wp-content\/uploads\/2019\/07\/logo-1.svg\",\"width\":1,\"height\":1,\"caption\":\"Ekkla\"},\"image\":{\"@id\":\"https:\/\/ekkla.ch\/#\/schema\/logo\/image\/\"},\"sameAs\":[\"https:\/\/www.instagram.com\/ekkla_light\/\"]}]}<\/script>\n<!-- \/ Yoast SEO Premium plugin. -->","yoast_head_json":{"title":"Retro-Gl\u00fchbirne | Fassung E27 | Opalglas | LED| Ekkla","description":"Eine kugelf\u00f6rmige Gl\u00fchbirne aus Opalglas, die Ihren Leuchten einen Retro-Look verleiht. LED-Technologie, E27 Fassung und 12,5 cm Durchmesser.","robots":{"index":"index","follow":"follow","max-snippet":"max-snippet:-1","max-image-preview":"max-image-preview:large","max-video-preview":"max-video-preview:-1"},"canonical":"https:\/\/ekkla.ch\/de\/produit\/retro-led-gluehbirne-opalglas\/","og_locale":"de_DE","og_type":"article","og_title":"Retro LED-Gl\u00fchbirne aus Opalglas","og_description":"Eine kugelf\u00f6rmige Gl\u00fchbirne aus Opalglas, die Ihren Leuchten einen Retro-Look verleiht. LED-Technologie, E27 Fassung und 12,5 cm Durchmesser.","og_url":"https:\/\/ekkla.ch\/de\/produit\/retro-led-gluehbirne-opalglas\/","og_site_name":"Ekkla","article_modified_time":"2022-08-31T07:29:27+00:00","og_image":[{"width":592,"height":592,"url":"https:\/\/ekkla.ch\/wp-content\/uploads\/2019\/06\/363-43-1_4.jpg","type":"image\/jpeg"}],"twitter_card":"summary_large_image","schema":{"@context":"https:\/\/schema.org","@graph":[{"@type":"WebPage","@id":"https:\/\/ekkla.ch\/de\/produit\/retro-led-gluehbirne-opalglas\/","url":"https:\/\/ekkla.ch\/de\/produit\/retro-led-gluehbirne-opalglas\/","name":"Retro-Gl\u00fchbirne | Fassung E27 | Opalglas | LED| Ekkla","isPartOf":{"@id":"https:\/\/ekkla.ch\/#website"},"primaryImageOfPage":{"@id":"https:\/\/ekkla.ch\/de\/produit\/retro-led-gluehbirne-opalglas\/#primaryimage"},"image":{"@id":"https:\/\/ekkla.ch\/de\/produit\/retro-led-gluehbirne-opalglas\/#primaryimage"},"thumbnailUrl":"https:\/\/ekkla.ch\/wp-content\/uploads\/2019\/06\/363-43-1_4.jpg","datePublished":"2019-06-29T16:31:05+00:00","dateModified":"2022-08-31T07:29:27+00:00","description":"Eine kugelf\u00f6rmige Gl\u00fchbirne aus Opalglas, die Ihren Leuchten einen Retro-Look verleiht. LED-Technologie, E27 Fassung und 12,5 cm Durchmesser.","breadcrumb":{"@id":"https:\/\/ekkla.ch\/de\/produit\/retro-led-gluehbirne-opalglas\/#breadcrumb"},"inLanguage":"de","potentialAction":[{"@type":"ReadAction","target":["https:\/\/ekkla.ch\/de\/produit\/retro-led-gluehbirne-opalglas\/"]}]},{"@type":"ImageObject","inLanguage":"de","@id":"https:\/\/ekkla.ch\/de\/produit\/retro-led-gluehbirne-opalglas\/#primaryimage","url":"https:\/\/ekkla.ch\/wp-content\/uploads\/2019\/06\/363-43-1_4.jpg","contentUrl":"https:\/\/ekkla.ch\/wp-content\/uploads\/2019\/06\/363-43-1_4.jpg","width":592,"height":592,"caption":"Ampoule LED r\u00e9tro Globe en verre opalin"},{"@type":"BreadcrumbList","@id":"https:\/\/ekkla.ch\/de\/produit\/retro-led-gluehbirne-opalglas\/#breadcrumb","itemListElement":[{"@type":"ListItem","position":1,"name":"Home","item":"https:\/\/ekkla.ch\/de\/"},{"@type":"ListItem","position":2,"name":"Shop","item":"https:\/\/ekkla.ch\/de\/shop\/"},{"@type":"ListItem","position":3,"name":"Retro LED-Gl\u00fchbirne aus Opalglas"}]},{"@type":"WebSite","@id":"https:\/\/ekkla.ch\/#website","url":"https:\/\/ekkla.ch\/","name":"Ekkla","description":"Der Onlineshop f\u00fcr Beleuchtung","publisher":{"@id":"https:\/\/ekkla.ch\/#organization"},"potentialAction":[{"@type":"SearchAction","target":{"@type":"EntryPoint","urlTemplate":"https:\/\/ekkla.ch\/?s={search_term_string}"},"query-input":"required name=search_term_string"}],"inLanguage":"de"},{"@type":"Organization","@id":"https:\/\/ekkla.ch\/#organization","name":"Ekkla","url":"https:\/\/ekkla.ch\/","logo":{"@type":"ImageObject","inLanguage":"de","@id":"https:\/\/ekkla.ch\/#\/schema\/logo\/image\/","url":"http:\/\/ekkla.ch\/wp-content\/uploads\/2019\/07\/logo-1.svg","contentUrl":"http:\/\/ekkla.ch\/wp-content\/uploads\/2019\/07\/logo-1.svg","width":1,"height":1,"caption":"Ekkla"},"image":{"@id":"https:\/\/ekkla.ch\/#\/schema\/logo\/image\/"},"sameAs":["https:\/\/www.instagram.com\/ekkla_light\/"]}]}},"_links":{"self":[{"href":"https:\/\/ekkla.ch\/de\/wp-json\/wp\/v2\/product\/9314"}],"collection":[{"href":"https:\/\/ekkla.ch\/de\/wp-json\/wp\/v2\/product"}],"about":[{"href":"https:\/\/ekkla.ch\/de\/wp-json\/wp\/v2\/types\/product"}],"wp:featuredmedia":[{"embeddable":true,"href":"https:\/\/ekkla.ch\/de\/wp-json\/wp\/v2\/media\/62050"}],"wp:attachment":[{"href":"https:\/\/ekkla.ch\/de\/wp-json\/wp\/v2\/media?parent=9314"}],"wp:term":[{"taxonomy":"product_cat","embeddable":true,"href":"https:\/\/ekkla.ch\/de\/wp-json\/wp\/v2\/product_cat?post=9314"},{"taxonomy":"product_tag","embeddable":true,"href":"https:\/\/ekkla.ch\/de\/wp-json\/wp\/v2\/product_tag?post=9314"}],"curies":[{"name":"wp","href":"https:\/\/api.w.org\/{rel}","templated":true}]}}