{"id":9328,"date":"2019-09-23T12:01:47","date_gmt":"2019-09-23T10:01:47","guid":{"rendered":"https:\/\/ekkla.ch\/produit\/dekorative-led-gluhbirne-in-rohrenform\/"},"modified":"2022-03-01T17:23:58","modified_gmt":"2022-03-01T16:23:58","slug":"dekorative-led-gluehbirne-in-roehrenform","status":"publish","type":"product","link":"https:\/\/ekkla.ch\/de\/produit\/dekorative-led-gluehbirne-in-roehrenform\/","title":{"rendered":"Dekorative LED-Gl\u00fchbirne in R\u00f6hrenform"},"content":{"rendered":"<p>Erzeugen Sie mit dieser Vintage LED-Gl\u00fchbirne in R\u00f6hrenform einen gekonnten Retro-Look. Sie ist dimmbar, kann somit nach Ihren Bed\u00fcrfnissen eingestellt werden und erzeugt ein weiches und angenehmes Licht.<\/p>\n<blockquote>\n<h2>Merkmale und Eigenschaften<\/h2>\n<p><strong>Material<\/strong> Glas<\/p>\n<p><strong>Farbe<\/strong>\u00a0Transparent<\/p>\n<p><strong>Filamentform<\/strong>\u00a0Vertical<\/p>\n<p><strong>Leistung (W)<\/strong>\u00a02.3 LED<\/p>\n<p><strong>Temperatur (K)<\/strong>\u00a02000<\/p>\n<p><strong>Sockel<\/strong>\u00a0E27<\/p>\n<p><strong>Durchmesser (cm)<\/strong>\u00a03<\/p>\n<p><strong>H\u00f6he (cm)<\/strong>\u00a018.5<\/p>\n<p><strong>Energieeffizienz<\/strong>\u00a0A<\/p><\/blockquote>\n","protected":false},"excerpt":{"rendered":"<p>Erzeugen Sie mit dieser Vintage LED-Gl\u00fchbirne in R\u00f6hrenform einen gekonnten Retro-Look. Sie ist dimmbar, kann somit nach Ihren Bed\u00fcrfnissen eingestellt werden und erzeugt ein weiches und angenehmes Licht. Merkmale und Eigenschaften Material Glas Farbe\u00a0Transparent Filamentform\u00a0Vertical Leistung (W)\u00a02.3 LED Temperatur (K)\u00a02000 Sockel\u00a0E27 Durchmesser (cm)\u00a03 H\u00f6he (cm)\u00a018.5 Energieeffizienz\u00a0A<\/p>\n","protected":false},"featured_media":61839,"template":"","meta":{"_acf_changed":false,"om_disable_all_campaigns":false},"product_cat":[285],"product_tag":[554,308,816],"bundled_by":[],"bundle_stock_status":"onbackorder","bundle_stock_quantity":null,"bundle_virtual":false,"bundle_layout":"","bundle_add_to_cart_form_location":"","bundle_editable_in_cart":false,"bundle_sold_individually_context":"","bundle_item_grouping":"","bundle_min_size":"","bundle_max_size":"","bundle_price":[],"bundled_items":[],"bundle_sell_ids":[],"acf":[],"yoast_head":"<!-- This site is optimized with the Yoast SEO Premium plugin v22.2 (Yoast SEO v22.8) - https:\/\/yoast.com\/wordpress\/plugins\/seo\/ -->\n<title>R\u00f6hrenf\u00f6rmige Gl\u00fchbirne | LED | Retro Design | Gratis Lieferung | Ekkla<\/title>\n<meta name=\"description\" content=\"LED-Gl\u00fchbirne in R\u00f6hrenform. Streuung eines weichen und warmen Lichts. E27-Sockel. Dimmbar. Schweizer Design-Beleuchtung.\" \/>\n<meta name=\"robots\" content=\"index, follow, max-snippet:-1, max-image-preview:large, max-video-preview:-1\" \/>\n<link rel=\"canonical\" href=\"https:\/\/ekkla.ch\/de\/produit\/dekorative-led-gluehbirne-in-roehrenform\/\" \/>\n<meta property=\"og:locale\" content=\"de_DE\" \/>\n<meta property=\"og:type\" content=\"article\" \/>\n<meta property=\"og:title\" content=\"Dekorative LED-Gl\u00fchbirne in R\u00f6hrenform\" \/>\n<meta property=\"og:description\" content=\"LED-Gl\u00fchbirne in R\u00f6hrenform. Streuung eines weichen und warmen Lichts. E27-Sockel. Dimmbar. Schweizer Design-Beleuchtung.\" \/>\n<meta property=\"og:url\" content=\"https:\/\/ekkla.ch\/de\/produit\/dekorative-led-gluehbirne-in-roehrenform\/\" \/>\n<meta property=\"og:site_name\" content=\"Ekkla\" \/>\n<meta property=\"article:modified_time\" content=\"2022-03-01T16:23:58+00:00\" \/>\n<meta property=\"og:image\" content=\"https:\/\/ekkla.ch\/wp-content\/uploads\/2019\/09\/349-31_4.jpg\" \/>\n\t<meta property=\"og:image:width\" content=\"592\" \/>\n\t<meta property=\"og:image:height\" content=\"592\" \/>\n\t<meta property=\"og:image:type\" content=\"image\/jpeg\" \/>\n<meta name=\"twitter:card\" content=\"summary_large_image\" \/>\n<script type=\"application\/ld+json\" class=\"yoast-schema-graph\">{\"@context\":\"https:\/\/schema.org\",\"@graph\":[{\"@type\":\"WebPage\",\"@id\":\"https:\/\/ekkla.ch\/de\/produit\/dekorative-led-gluehbirne-in-roehrenform\/\",\"url\":\"https:\/\/ekkla.ch\/de\/produit\/dekorative-led-gluehbirne-in-roehrenform\/\",\"name\":\"R\u00f6hrenf\u00f6rmige Gl\u00fchbirne | LED | Retro Design | Gratis Lieferung | Ekkla\",\"isPartOf\":{\"@id\":\"https:\/\/ekkla.ch\/#website\"},\"primaryImageOfPage\":{\"@id\":\"https:\/\/ekkla.ch\/de\/produit\/dekorative-led-gluehbirne-in-roehrenform\/#primaryimage\"},\"image\":{\"@id\":\"https:\/\/ekkla.ch\/de\/produit\/dekorative-led-gluehbirne-in-roehrenform\/#primaryimage\"},\"thumbnailUrl\":\"https:\/\/ekkla.ch\/wp-content\/uploads\/2019\/09\/349-31_4.jpg\",\"datePublished\":\"2019-09-23T10:01:47+00:00\",\"dateModified\":\"2022-03-01T16:23:58+00:00\",\"description\":\"LED-Gl\u00fchbirne in R\u00f6hrenform. Streuung eines weichen und warmen Lichts. E27-Sockel. Dimmbar. Schweizer Design-Beleuchtung.\",\"breadcrumb\":{\"@id\":\"https:\/\/ekkla.ch\/de\/produit\/dekorative-led-gluehbirne-in-roehrenform\/#breadcrumb\"},\"inLanguage\":\"de\",\"potentialAction\":[{\"@type\":\"ReadAction\",\"target\":[\"https:\/\/ekkla.ch\/de\/produit\/dekorative-led-gluehbirne-in-roehrenform\/\"]}]},{\"@type\":\"ImageObject\",\"inLanguage\":\"de\",\"@id\":\"https:\/\/ekkla.ch\/de\/produit\/dekorative-led-gluehbirne-in-roehrenform\/#primaryimage\",\"url\":\"https:\/\/ekkla.ch\/wp-content\/uploads\/2019\/09\/349-31_4.jpg\",\"contentUrl\":\"https:\/\/ekkla.ch\/wp-content\/uploads\/2019\/09\/349-31_4.jpg\",\"width\":592,\"height\":592,\"caption\":\"Ampoule d\u00e9corative LED en tube\"},{\"@type\":\"BreadcrumbList\",\"@id\":\"https:\/\/ekkla.ch\/de\/produit\/dekorative-led-gluehbirne-in-roehrenform\/#breadcrumb\",\"itemListElement\":[{\"@type\":\"ListItem\",\"position\":1,\"name\":\"Home\",\"item\":\"https:\/\/ekkla.ch\/de\/\"},{\"@type\":\"ListItem\",\"position\":2,\"name\":\"Shop\",\"item\":\"https:\/\/ekkla.ch\/de\/shop\/\"},{\"@type\":\"ListItem\",\"position\":3,\"name\":\"Dekorative LED-Gl\u00fchbirne in R\u00f6hrenform\"}]},{\"@type\":\"WebSite\",\"@id\":\"https:\/\/ekkla.ch\/#website\",\"url\":\"https:\/\/ekkla.ch\/\",\"name\":\"Ekkla\",\"description\":\"Der Onlineshop f\u00fcr Beleuchtung\",\"publisher\":{\"@id\":\"https:\/\/ekkla.ch\/#organization\"},\"potentialAction\":[{\"@type\":\"SearchAction\",\"target\":{\"@type\":\"EntryPoint\",\"urlTemplate\":\"https:\/\/ekkla.ch\/?s={search_term_string}\"},\"query-input\":\"required name=search_term_string\"}],\"inLanguage\":\"de\"},{\"@type\":\"Organization\",\"@id\":\"https:\/\/ekkla.ch\/#organization\",\"name\":\"Ekkla\",\"url\":\"https:\/\/ekkla.ch\/\",\"logo\":{\"@type\":\"ImageObject\",\"inLanguage\":\"de\",\"@id\":\"https:\/\/ekkla.ch\/#\/schema\/logo\/image\/\",\"url\":\"http:\/\/ekkla.ch\/wp-content\/uploads\/2019\/07\/logo-1.svg\",\"contentUrl\":\"http:\/\/ekkla.ch\/wp-content\/uploads\/2019\/07\/logo-1.svg\",\"width\":1,\"height\":1,\"caption\":\"Ekkla\"},\"image\":{\"@id\":\"https:\/\/ekkla.ch\/#\/schema\/logo\/image\/\"},\"sameAs\":[\"https:\/\/www.instagram.com\/ekkla_light\/\"]}]}<\/script>\n<!-- \/ Yoast SEO Premium plugin. -->","yoast_head_json":{"title":"R\u00f6hrenf\u00f6rmige Gl\u00fchbirne | LED | Retro Design | Gratis Lieferung | Ekkla","description":"LED-Gl\u00fchbirne in R\u00f6hrenform. Streuung eines weichen und warmen Lichts. E27-Sockel. Dimmbar. Schweizer Design-Beleuchtung.","robots":{"index":"index","follow":"follow","max-snippet":"max-snippet:-1","max-image-preview":"max-image-preview:large","max-video-preview":"max-video-preview:-1"},"canonical":"https:\/\/ekkla.ch\/de\/produit\/dekorative-led-gluehbirne-in-roehrenform\/","og_locale":"de_DE","og_type":"article","og_title":"Dekorative LED-Gl\u00fchbirne in R\u00f6hrenform","og_description":"LED-Gl\u00fchbirne in R\u00f6hrenform. Streuung eines weichen und warmen Lichts. E27-Sockel. Dimmbar. Schweizer Design-Beleuchtung.","og_url":"https:\/\/ekkla.ch\/de\/produit\/dekorative-led-gluehbirne-in-roehrenform\/","og_site_name":"Ekkla","article_modified_time":"2022-03-01T16:23:58+00:00","og_image":[{"width":592,"height":592,"url":"https:\/\/ekkla.ch\/wp-content\/uploads\/2019\/09\/349-31_4.jpg","type":"image\/jpeg"}],"twitter_card":"summary_large_image","schema":{"@context":"https:\/\/schema.org","@graph":[{"@type":"WebPage","@id":"https:\/\/ekkla.ch\/de\/produit\/dekorative-led-gluehbirne-in-roehrenform\/","url":"https:\/\/ekkla.ch\/de\/produit\/dekorative-led-gluehbirne-in-roehrenform\/","name":"R\u00f6hrenf\u00f6rmige Gl\u00fchbirne | LED | Retro Design | Gratis Lieferung | Ekkla","isPartOf":{"@id":"https:\/\/ekkla.ch\/#website"},"primaryImageOfPage":{"@id":"https:\/\/ekkla.ch\/de\/produit\/dekorative-led-gluehbirne-in-roehrenform\/#primaryimage"},"image":{"@id":"https:\/\/ekkla.ch\/de\/produit\/dekorative-led-gluehbirne-in-roehrenform\/#primaryimage"},"thumbnailUrl":"https:\/\/ekkla.ch\/wp-content\/uploads\/2019\/09\/349-31_4.jpg","datePublished":"2019-09-23T10:01:47+00:00","dateModified":"2022-03-01T16:23:58+00:00","description":"LED-Gl\u00fchbirne in R\u00f6hrenform. Streuung eines weichen und warmen Lichts. E27-Sockel. Dimmbar. Schweizer Design-Beleuchtung.","breadcrumb":{"@id":"https:\/\/ekkla.ch\/de\/produit\/dekorative-led-gluehbirne-in-roehrenform\/#breadcrumb"},"inLanguage":"de","potentialAction":[{"@type":"ReadAction","target":["https:\/\/ekkla.ch\/de\/produit\/dekorative-led-gluehbirne-in-roehrenform\/"]}]},{"@type":"ImageObject","inLanguage":"de","@id":"https:\/\/ekkla.ch\/de\/produit\/dekorative-led-gluehbirne-in-roehrenform\/#primaryimage","url":"https:\/\/ekkla.ch\/wp-content\/uploads\/2019\/09\/349-31_4.jpg","contentUrl":"https:\/\/ekkla.ch\/wp-content\/uploads\/2019\/09\/349-31_4.jpg","width":592,"height":592,"caption":"Ampoule d\u00e9corative LED en tube"},{"@type":"BreadcrumbList","@id":"https:\/\/ekkla.ch\/de\/produit\/dekorative-led-gluehbirne-in-roehrenform\/#breadcrumb","itemListElement":[{"@type":"ListItem","position":1,"name":"Home","item":"https:\/\/ekkla.ch\/de\/"},{"@type":"ListItem","position":2,"name":"Shop","item":"https:\/\/ekkla.ch\/de\/shop\/"},{"@type":"ListItem","position":3,"name":"Dekorative LED-Gl\u00fchbirne in R\u00f6hrenform"}]},{"@type":"WebSite","@id":"https:\/\/ekkla.ch\/#website","url":"https:\/\/ekkla.ch\/","name":"Ekkla","description":"Der Onlineshop f\u00fcr Beleuchtung","publisher":{"@id":"https:\/\/ekkla.ch\/#organization"},"potentialAction":[{"@type":"SearchAction","target":{"@type":"EntryPoint","urlTemplate":"https:\/\/ekkla.ch\/?s={search_term_string}"},"query-input":"required name=search_term_string"}],"inLanguage":"de"},{"@type":"Organization","@id":"https:\/\/ekkla.ch\/#organization","name":"Ekkla","url":"https:\/\/ekkla.ch\/","logo":{"@type":"ImageObject","inLanguage":"de","@id":"https:\/\/ekkla.ch\/#\/schema\/logo\/image\/","url":"http:\/\/ekkla.ch\/wp-content\/uploads\/2019\/07\/logo-1.svg","contentUrl":"http:\/\/ekkla.ch\/wp-content\/uploads\/2019\/07\/logo-1.svg","width":1,"height":1,"caption":"Ekkla"},"image":{"@id":"https:\/\/ekkla.ch\/#\/schema\/logo\/image\/"},"sameAs":["https:\/\/www.instagram.com\/ekkla_light\/"]}]}},"_links":{"self":[{"href":"https:\/\/ekkla.ch\/de\/wp-json\/wp\/v2\/product\/9328"}],"collection":[{"href":"https:\/\/ekkla.ch\/de\/wp-json\/wp\/v2\/product"}],"about":[{"href":"https:\/\/ekkla.ch\/de\/wp-json\/wp\/v2\/types\/product"}],"wp:featuredmedia":[{"embeddable":true,"href":"https:\/\/ekkla.ch\/de\/wp-json\/wp\/v2\/media\/61839"}],"wp:attachment":[{"href":"https:\/\/ekkla.ch\/de\/wp-json\/wp\/v2\/media?parent=9328"}],"wp:term":[{"taxonomy":"product_cat","embeddable":true,"href":"https:\/\/ekkla.ch\/de\/wp-json\/wp\/v2\/product_cat?post=9328"},{"taxonomy":"product_tag","embeddable":true,"href":"https:\/\/ekkla.ch\/de\/wp-json\/wp\/v2\/product_tag?post=9328"}],"curies":[{"name":"wp","href":"https:\/\/api.w.org\/{rel}","templated":true}]}}