{"id":9383,"date":"2019-06-29T18:44:27","date_gmt":"2019-06-29T16:44:27","guid":{"rendered":"https:\/\/ekkla.ch\/produit\/hangeleuchte-kopenhagen-grafisches-design\/"},"modified":"2023-02-27T00:00:10","modified_gmt":"2023-02-26T23:00:10","slug":"haengeleuchte-kopenhagen-grafisches-design-its-about-romi","status":"publish","type":"product","link":"https:\/\/ekkla.ch\/de\/produit\/haengeleuchte-kopenhagen-grafisches-design-its-about-romi\/","title":{"rendered":"H\u00e4ngeleuchte Copenhagen &#8211; Schwarzes Metall &#8211; \u00d835 &#8211; It&#8217;s About Romi"},"content":{"rendered":"<p>Wenn wir von geometrischen Formen und modernem minimalistischen Design sprechen, dann denken wir an die H\u00e4ngeleuchte Kopenhagen von It\u2019s About Romi aus mattschwarzem Metall. Sie ist ein unverzichtbares Element f\u00fcr alle Liebhaber edlen Grafik-Designs. Sie passt perfekt in ein B\u00fcro, einen Eingangsbereich oder ein Wohnzimmer. Mit einer dekorativen Gl\u00fchbirne mit sichtbarem Filament kommt sie am besten zur Geltung. Gl\u00fchbirne nicht inbegriffen.<\/p>\n<blockquote>\n<h2>Merkmale &amp; Eigenschaften<\/h2>\n<p><strong>Marke<\/strong> It&#8217;s About Romi<\/p>\n<p><strong>Farbe<\/strong> Schwarz<\/p>\n<p><strong>Material<\/strong> Metall<\/p>\n<p><strong>Gl\u00fchbirne<\/strong> E27<\/p>\n<p><strong>Max. Leistung (W) <\/strong>60<\/p>\n<p><strong>Durchmesser (cm)<\/strong> 35<\/p>\n<p><b>H\u00f6he (cm) <\/b>36<\/p><\/blockquote>\n","protected":false},"excerpt":{"rendered":"<p>Wenn wir von geometrischen Formen und modernem minimalistischen Design sprechen, dann denken wir an die H\u00e4ngeleuchte Kopenhagen von It\u2019s About Romi aus mattschwarzem Metall. Sie ist ein unverzichtbares Element f\u00fcr alle Liebhaber edlen Grafik-Designs. Sie passt perfekt in ein B\u00fcro, einen Eingangsbereich oder ein Wohnzimmer. Mit einer dekorativen Gl\u00fchbirne mit sichtbarem Filament kommt sie am [&hellip;]<\/p>\n","protected":false},"featured_media":2043,"template":"","meta":{"_acf_changed":false,"om_disable_all_campaigns":false},"product_cat":[291],"product_tag":[898,554,1188,816,603,942],"bundled_by":[],"bundle_stock_status":"onbackorder","bundle_stock_quantity":null,"bundle_virtual":false,"bundle_layout":"","bundle_add_to_cart_form_location":"","bundle_editable_in_cart":false,"bundle_sold_individually_context":"","bundle_item_grouping":"","bundle_min_size":"","bundle_max_size":"","bundle_price":[],"bundled_items":[],"bundle_sell_ids":[],"acf":[],"yoast_head":"<!-- This site is optimized with the Yoast SEO Premium plugin v22.2 (Yoast SEO v22.8) - https:\/\/yoast.com\/wordpress\/plugins\/seo\/ -->\n<title>It&#039;s About Romi | H\u00e4ngeleuchte Copenhagen | Industrielles Design| Ekkla<\/title>\n<meta name=\"description\" content=\"Eine Leuchte mit geometrischen Formen f\u00fcr eine minimalistische und moderne Atmosph\u00e4re. Ideal f\u00fcr ein Wohn- oder Schlafzimmer, oder \u00fcber einem Esstisch.\" \/>\n<meta name=\"robots\" content=\"index, follow, max-snippet:-1, max-image-preview:large, max-video-preview:-1\" \/>\n<link rel=\"canonical\" href=\"https:\/\/ekkla.ch\/de\/produit\/haengeleuchte-kopenhagen-grafisches-design-its-about-romi\/\" \/>\n<meta property=\"og:locale\" content=\"de_DE\" \/>\n<meta property=\"og:type\" content=\"article\" \/>\n<meta property=\"og:title\" content=\"H\u00e4ngeleuchte Copenhagen - Schwarzes Metall - \u00d835 - It&#039;s About Romi\" \/>\n<meta property=\"og:description\" content=\"Eine Leuchte mit geometrischen Formen f\u00fcr eine minimalistische und moderne Atmosph\u00e4re. Ideal f\u00fcr ein Wohn- oder Schlafzimmer, oder \u00fcber einem Esstisch.\" \/>\n<meta property=\"og:url\" content=\"https:\/\/ekkla.ch\/de\/produit\/haengeleuchte-kopenhagen-grafisches-design-its-about-romi\/\" \/>\n<meta property=\"og:site_name\" content=\"Ekkla\" \/>\n<meta property=\"article:modified_time\" content=\"2023-02-26T23:00:10+00:00\" \/>\n<meta property=\"og:image\" content=\"https:\/\/ekkla.ch\/wp-content\/uploads\/2019\/06\/Suspension_Copenhagen_-_Romi_55d828b0-f858-4be8-9039-d4131070b6a5.jpg\" \/>\n\t<meta property=\"og:image:width\" content=\"1771\" \/>\n\t<meta property=\"og:image:height\" content=\"1771\" \/>\n\t<meta property=\"og:image:type\" content=\"image\/jpeg\" \/>\n<meta name=\"twitter:card\" content=\"summary_large_image\" \/>\n<meta name=\"twitter:label1\" content=\"Gesch\u00e4tzte Lesezeit\" \/>\n\t<meta name=\"twitter:data1\" content=\"1\u00a0Minute\" \/>\n<script type=\"application\/ld+json\" class=\"yoast-schema-graph\">{\"@context\":\"https:\/\/schema.org\",\"@graph\":[{\"@type\":\"WebPage\",\"@id\":\"https:\/\/ekkla.ch\/de\/produit\/haengeleuchte-kopenhagen-grafisches-design-its-about-romi\/\",\"url\":\"https:\/\/ekkla.ch\/de\/produit\/haengeleuchte-kopenhagen-grafisches-design-its-about-romi\/\",\"name\":\"It's About Romi | H\u00e4ngeleuchte Copenhagen | Industrielles Design| Ekkla\",\"isPartOf\":{\"@id\":\"https:\/\/ekkla.ch\/#website\"},\"primaryImageOfPage\":{\"@id\":\"https:\/\/ekkla.ch\/de\/produit\/haengeleuchte-kopenhagen-grafisches-design-its-about-romi\/#primaryimage\"},\"image\":{\"@id\":\"https:\/\/ekkla.ch\/de\/produit\/haengeleuchte-kopenhagen-grafisches-design-its-about-romi\/#primaryimage\"},\"thumbnailUrl\":\"https:\/\/ekkla.ch\/wp-content\/uploads\/2019\/06\/Suspension_Copenhagen_-_Romi_55d828b0-f858-4be8-9039-d4131070b6a5.jpg\",\"datePublished\":\"2019-06-29T16:44:27+00:00\",\"dateModified\":\"2023-02-26T23:00:10+00:00\",\"description\":\"Eine Leuchte mit geometrischen Formen f\u00fcr eine minimalistische und moderne Atmosph\u00e4re. Ideal f\u00fcr ein Wohn- oder Schlafzimmer, oder \u00fcber einem Esstisch.\",\"breadcrumb\":{\"@id\":\"https:\/\/ekkla.ch\/de\/produit\/haengeleuchte-kopenhagen-grafisches-design-its-about-romi\/#breadcrumb\"},\"inLanguage\":\"de\",\"potentialAction\":[{\"@type\":\"ReadAction\",\"target\":[\"https:\/\/ekkla.ch\/de\/produit\/haengeleuchte-kopenhagen-grafisches-design-its-about-romi\/\"]}]},{\"@type\":\"ImageObject\",\"inLanguage\":\"de\",\"@id\":\"https:\/\/ekkla.ch\/de\/produit\/haengeleuchte-kopenhagen-grafisches-design-its-about-romi\/#primaryimage\",\"url\":\"https:\/\/ekkla.ch\/wp-content\/uploads\/2019\/06\/Suspension_Copenhagen_-_Romi_55d828b0-f858-4be8-9039-d4131070b6a5.jpg\",\"contentUrl\":\"https:\/\/ekkla.ch\/wp-content\/uploads\/2019\/06\/Suspension_Copenhagen_-_Romi_55d828b0-f858-4be8-9039-d4131070b6a5.jpg\",\"width\":1771,\"height\":1771},{\"@type\":\"BreadcrumbList\",\"@id\":\"https:\/\/ekkla.ch\/de\/produit\/haengeleuchte-kopenhagen-grafisches-design-its-about-romi\/#breadcrumb\",\"itemListElement\":[{\"@type\":\"ListItem\",\"position\":1,\"name\":\"Home\",\"item\":\"https:\/\/ekkla.ch\/de\/\"},{\"@type\":\"ListItem\",\"position\":2,\"name\":\"Shop\",\"item\":\"https:\/\/ekkla.ch\/de\/shop\/\"},{\"@type\":\"ListItem\",\"position\":3,\"name\":\"H\u00e4ngeleuchte Copenhagen &#8211; Schwarzes Metall &#8211; \u00d835 &#8211; It&#8217;s About Romi\"}]},{\"@type\":\"WebSite\",\"@id\":\"https:\/\/ekkla.ch\/#website\",\"url\":\"https:\/\/ekkla.ch\/\",\"name\":\"Ekkla\",\"description\":\"Der Onlineshop f\u00fcr Beleuchtung\",\"publisher\":{\"@id\":\"https:\/\/ekkla.ch\/#organization\"},\"potentialAction\":[{\"@type\":\"SearchAction\",\"target\":{\"@type\":\"EntryPoint\",\"urlTemplate\":\"https:\/\/ekkla.ch\/?s={search_term_string}\"},\"query-input\":\"required name=search_term_string\"}],\"inLanguage\":\"de\"},{\"@type\":\"Organization\",\"@id\":\"https:\/\/ekkla.ch\/#organization\",\"name\":\"Ekkla\",\"url\":\"https:\/\/ekkla.ch\/\",\"logo\":{\"@type\":\"ImageObject\",\"inLanguage\":\"de\",\"@id\":\"https:\/\/ekkla.ch\/#\/schema\/logo\/image\/\",\"url\":\"http:\/\/ekkla.ch\/wp-content\/uploads\/2019\/07\/logo-1.svg\",\"contentUrl\":\"http:\/\/ekkla.ch\/wp-content\/uploads\/2019\/07\/logo-1.svg\",\"width\":1,\"height\":1,\"caption\":\"Ekkla\"},\"image\":{\"@id\":\"https:\/\/ekkla.ch\/#\/schema\/logo\/image\/\"},\"sameAs\":[\"https:\/\/www.instagram.com\/ekkla_light\/\"]}]}<\/script>\n<!-- \/ Yoast SEO Premium plugin. -->","yoast_head_json":{"title":"It's About Romi | H\u00e4ngeleuchte Copenhagen | Industrielles Design| Ekkla","description":"Eine Leuchte mit geometrischen Formen f\u00fcr eine minimalistische und moderne Atmosph\u00e4re. Ideal f\u00fcr ein Wohn- oder Schlafzimmer, oder \u00fcber einem Esstisch.","robots":{"index":"index","follow":"follow","max-snippet":"max-snippet:-1","max-image-preview":"max-image-preview:large","max-video-preview":"max-video-preview:-1"},"canonical":"https:\/\/ekkla.ch\/de\/produit\/haengeleuchte-kopenhagen-grafisches-design-its-about-romi\/","og_locale":"de_DE","og_type":"article","og_title":"H\u00e4ngeleuchte Copenhagen - Schwarzes Metall - \u00d835 - It's About Romi","og_description":"Eine Leuchte mit geometrischen Formen f\u00fcr eine minimalistische und moderne Atmosph\u00e4re. Ideal f\u00fcr ein Wohn- oder Schlafzimmer, oder \u00fcber einem Esstisch.","og_url":"https:\/\/ekkla.ch\/de\/produit\/haengeleuchte-kopenhagen-grafisches-design-its-about-romi\/","og_site_name":"Ekkla","article_modified_time":"2023-02-26T23:00:10+00:00","og_image":[{"width":1771,"height":1771,"url":"https:\/\/ekkla.ch\/wp-content\/uploads\/2019\/06\/Suspension_Copenhagen_-_Romi_55d828b0-f858-4be8-9039-d4131070b6a5.jpg","type":"image\/jpeg"}],"twitter_card":"summary_large_image","twitter_misc":{"Gesch\u00e4tzte Lesezeit":"1\u00a0Minute"},"schema":{"@context":"https:\/\/schema.org","@graph":[{"@type":"WebPage","@id":"https:\/\/ekkla.ch\/de\/produit\/haengeleuchte-kopenhagen-grafisches-design-its-about-romi\/","url":"https:\/\/ekkla.ch\/de\/produit\/haengeleuchte-kopenhagen-grafisches-design-its-about-romi\/","name":"It's About Romi | H\u00e4ngeleuchte Copenhagen | Industrielles Design| Ekkla","isPartOf":{"@id":"https:\/\/ekkla.ch\/#website"},"primaryImageOfPage":{"@id":"https:\/\/ekkla.ch\/de\/produit\/haengeleuchte-kopenhagen-grafisches-design-its-about-romi\/#primaryimage"},"image":{"@id":"https:\/\/ekkla.ch\/de\/produit\/haengeleuchte-kopenhagen-grafisches-design-its-about-romi\/#primaryimage"},"thumbnailUrl":"https:\/\/ekkla.ch\/wp-content\/uploads\/2019\/06\/Suspension_Copenhagen_-_Romi_55d828b0-f858-4be8-9039-d4131070b6a5.jpg","datePublished":"2019-06-29T16:44:27+00:00","dateModified":"2023-02-26T23:00:10+00:00","description":"Eine Leuchte mit geometrischen Formen f\u00fcr eine minimalistische und moderne Atmosph\u00e4re. Ideal f\u00fcr ein Wohn- oder Schlafzimmer, oder \u00fcber einem Esstisch.","breadcrumb":{"@id":"https:\/\/ekkla.ch\/de\/produit\/haengeleuchte-kopenhagen-grafisches-design-its-about-romi\/#breadcrumb"},"inLanguage":"de","potentialAction":[{"@type":"ReadAction","target":["https:\/\/ekkla.ch\/de\/produit\/haengeleuchte-kopenhagen-grafisches-design-its-about-romi\/"]}]},{"@type":"ImageObject","inLanguage":"de","@id":"https:\/\/ekkla.ch\/de\/produit\/haengeleuchte-kopenhagen-grafisches-design-its-about-romi\/#primaryimage","url":"https:\/\/ekkla.ch\/wp-content\/uploads\/2019\/06\/Suspension_Copenhagen_-_Romi_55d828b0-f858-4be8-9039-d4131070b6a5.jpg","contentUrl":"https:\/\/ekkla.ch\/wp-content\/uploads\/2019\/06\/Suspension_Copenhagen_-_Romi_55d828b0-f858-4be8-9039-d4131070b6a5.jpg","width":1771,"height":1771},{"@type":"BreadcrumbList","@id":"https:\/\/ekkla.ch\/de\/produit\/haengeleuchte-kopenhagen-grafisches-design-its-about-romi\/#breadcrumb","itemListElement":[{"@type":"ListItem","position":1,"name":"Home","item":"https:\/\/ekkla.ch\/de\/"},{"@type":"ListItem","position":2,"name":"Shop","item":"https:\/\/ekkla.ch\/de\/shop\/"},{"@type":"ListItem","position":3,"name":"H\u00e4ngeleuchte Copenhagen &#8211; Schwarzes Metall &#8211; \u00d835 &#8211; It&#8217;s About Romi"}]},{"@type":"WebSite","@id":"https:\/\/ekkla.ch\/#website","url":"https:\/\/ekkla.ch\/","name":"Ekkla","description":"Der Onlineshop f\u00fcr Beleuchtung","publisher":{"@id":"https:\/\/ekkla.ch\/#organization"},"potentialAction":[{"@type":"SearchAction","target":{"@type":"EntryPoint","urlTemplate":"https:\/\/ekkla.ch\/?s={search_term_string}"},"query-input":"required name=search_term_string"}],"inLanguage":"de"},{"@type":"Organization","@id":"https:\/\/ekkla.ch\/#organization","name":"Ekkla","url":"https:\/\/ekkla.ch\/","logo":{"@type":"ImageObject","inLanguage":"de","@id":"https:\/\/ekkla.ch\/#\/schema\/logo\/image\/","url":"http:\/\/ekkla.ch\/wp-content\/uploads\/2019\/07\/logo-1.svg","contentUrl":"http:\/\/ekkla.ch\/wp-content\/uploads\/2019\/07\/logo-1.svg","width":1,"height":1,"caption":"Ekkla"},"image":{"@id":"https:\/\/ekkla.ch\/#\/schema\/logo\/image\/"},"sameAs":["https:\/\/www.instagram.com\/ekkla_light\/"]}]}},"_links":{"self":[{"href":"https:\/\/ekkla.ch\/de\/wp-json\/wp\/v2\/product\/9383"}],"collection":[{"href":"https:\/\/ekkla.ch\/de\/wp-json\/wp\/v2\/product"}],"about":[{"href":"https:\/\/ekkla.ch\/de\/wp-json\/wp\/v2\/types\/product"}],"wp:featuredmedia":[{"embeddable":true,"href":"https:\/\/ekkla.ch\/de\/wp-json\/wp\/v2\/media\/2043"}],"wp:attachment":[{"href":"https:\/\/ekkla.ch\/de\/wp-json\/wp\/v2\/media?parent=9383"}],"wp:term":[{"taxonomy":"product_cat","embeddable":true,"href":"https:\/\/ekkla.ch\/de\/wp-json\/wp\/v2\/product_cat?post=9383"},{"taxonomy":"product_tag","embeddable":true,"href":"https:\/\/ekkla.ch\/de\/wp-json\/wp\/v2\/product_tag?post=9383"}],"curies":[{"name":"wp","href":"https:\/\/api.w.org\/{rel}","templated":true}]}}