{"id":9387,"date":"2019-06-29T18:37:54","date_gmt":"2019-06-29T16:37:54","guid":{"rendered":"https:\/\/ekkla.ch\/produit\/kristall-hangeleuchte-bruxelles\/"},"modified":"2023-02-27T00:00:11","modified_gmt":"2023-02-26T23:00:11","slug":"glaskugel-haengeleuchte-gold-bruxelles-its-about-romi","status":"publish","type":"product","link":"https:\/\/ekkla.ch\/de\/produit\/glaskugel-haengeleuchte-gold-bruxelles-its-about-romi\/","title":{"rendered":"H\u00e4ngeleuchte Bruxelles &#8211; Durchsichtige Glaskugel &#8211; \u00d820 &#8211; It&#8217;s About Romi"},"content":{"rendered":"<p>Diese H\u00e4ngeleuchte von It&#8217;s About Romi kombiniert perfekt die Zartheit des Glases mit der W\u00e4rme des Goldes, um wird Ihrem Zuhause einen sanften Design-Touch verleihen. Der Vintage-Look der Leuchte sorgt f\u00fcr eine transparente Beleuchtung. Sie kann alleine aber auch in Gruppen aufgeh\u00e4ngt werden, und ist ideal f\u00fcr ein Esszimmer, eine K\u00fcche oder \u00fcber einer Bar. Gl\u00fchbirne nicht inbegriffen.<\/p>\n<blockquote>\n<h2>Merkmale &amp; Eigenschaften<\/h2>\n<p><strong>Marke<\/strong> It&#8217;s About Romi<\/p>\n<p><strong>Farben<\/strong> Transparent und gold<\/p>\n<p><strong>Materialien<\/strong> Glas und Metall<\/p>\n<p><strong>Gl\u00fchbirne<\/strong> E14<\/p>\n<p><strong>Max. Leistung (W) <\/strong>40<\/p>\n<p><strong>Durchmesser (cm)<\/strong> 20<\/p>\n<p><b>H\u00f6he (cm) <\/b>22<\/p><\/blockquote>\n","protected":false},"excerpt":{"rendered":"<p>Diese H\u00e4ngeleuchte von It&#8217;s About Romi kombiniert perfekt die Zartheit des Glases mit der W\u00e4rme des Goldes, um wird Ihrem Zuhause einen sanften Design-Touch verleihen. Der Vintage-Look der Leuchte sorgt f\u00fcr eine transparente Beleuchtung. Sie kann alleine aber auch in Gruppen aufgeh\u00e4ngt werden, und ist ideal f\u00fcr ein Esszimmer, eine K\u00fcche oder \u00fcber einer Bar. [&hellip;]<\/p>\n","protected":false},"featured_media":1894,"template":"","meta":{"_acf_changed":false,"om_disable_all_campaigns":false},"product_cat":[291],"product_tag":[898,554,1188,816,603,942],"bundled_by":[],"bundle_stock_status":"onbackorder","bundle_stock_quantity":null,"bundle_virtual":false,"bundle_layout":"","bundle_add_to_cart_form_location":"","bundle_editable_in_cart":false,"bundle_sold_individually_context":"","bundle_item_grouping":"","bundle_min_size":"","bundle_max_size":"","bundle_price":[],"bundled_items":[],"bundle_sell_ids":[],"acf":[],"yoast_head":"<!-- This site is optimized with the Yoast SEO Premium plugin v22.2 (Yoast SEO v22.8) - https:\/\/yoast.com\/wordpress\/plugins\/seo\/ -->\n<title>It&#039;s About Romi | H\u00e4ngeleuchte Bruxelles | Glas | Ekkla<\/title>\n<meta name=\"description\" content=\"Eine Vintage-H\u00e4ngeleuchte f\u00fcr eine elegante Dekoration. Ganz aus Glas, in geschnitzter Kristalloptik f\u00fcr eine Retro-Inneneinrichtung.\" \/>\n<meta name=\"robots\" content=\"index, follow, max-snippet:-1, max-image-preview:large, max-video-preview:-1\" \/>\n<link rel=\"canonical\" href=\"https:\/\/ekkla.ch\/de\/produit\/glaskugel-haengeleuchte-gold-bruxelles-its-about-romi\/\" \/>\n<meta property=\"og:locale\" content=\"de_DE\" \/>\n<meta property=\"og:type\" content=\"article\" \/>\n<meta property=\"og:title\" content=\"H\u00e4ngeleuchte Bruxelles - Durchsichtige Glaskugel - \u00d820 - It&#039;s About Romi\" \/>\n<meta property=\"og:description\" content=\"Eine Vintage-H\u00e4ngeleuchte f\u00fcr eine elegante Dekoration. Ganz aus Glas, in geschnitzter Kristalloptik f\u00fcr eine Retro-Inneneinrichtung.\" \/>\n<meta property=\"og:url\" content=\"https:\/\/ekkla.ch\/de\/produit\/glaskugel-haengeleuchte-gold-bruxelles-its-about-romi\/\" \/>\n<meta property=\"og:site_name\" content=\"Ekkla\" \/>\n<meta property=\"article:modified_time\" content=\"2023-02-26T23:00:11+00:00\" \/>\n<meta property=\"og:image\" content=\"https:\/\/ekkla.ch\/wp-content\/uploads\/2019\/06\/Suspension_classique_Bruxelles.jpg\" \/>\n\t<meta property=\"og:image:width\" content=\"1771\" \/>\n\t<meta property=\"og:image:height\" content=\"1771\" \/>\n\t<meta property=\"og:image:type\" content=\"image\/jpeg\" \/>\n<meta name=\"twitter:card\" content=\"summary_large_image\" \/>\n<meta name=\"twitter:label1\" content=\"Gesch\u00e4tzte Lesezeit\" \/>\n\t<meta name=\"twitter:data1\" content=\"1\u00a0Minute\" \/>\n<script type=\"application\/ld+json\" class=\"yoast-schema-graph\">{\"@context\":\"https:\/\/schema.org\",\"@graph\":[{\"@type\":\"WebPage\",\"@id\":\"https:\/\/ekkla.ch\/de\/produit\/glaskugel-haengeleuchte-gold-bruxelles-its-about-romi\/\",\"url\":\"https:\/\/ekkla.ch\/de\/produit\/glaskugel-haengeleuchte-gold-bruxelles-its-about-romi\/\",\"name\":\"It's About Romi | H\u00e4ngeleuchte Bruxelles | Glas | Ekkla\",\"isPartOf\":{\"@id\":\"https:\/\/ekkla.ch\/#website\"},\"primaryImageOfPage\":{\"@id\":\"https:\/\/ekkla.ch\/de\/produit\/glaskugel-haengeleuchte-gold-bruxelles-its-about-romi\/#primaryimage\"},\"image\":{\"@id\":\"https:\/\/ekkla.ch\/de\/produit\/glaskugel-haengeleuchte-gold-bruxelles-its-about-romi\/#primaryimage\"},\"thumbnailUrl\":\"https:\/\/ekkla.ch\/wp-content\/uploads\/2019\/06\/Suspension_classique_Bruxelles.jpg\",\"datePublished\":\"2019-06-29T16:37:54+00:00\",\"dateModified\":\"2023-02-26T23:00:11+00:00\",\"description\":\"Eine Vintage-H\u00e4ngeleuchte f\u00fcr eine elegante Dekoration. Ganz aus Glas, in geschnitzter Kristalloptik f\u00fcr eine Retro-Inneneinrichtung.\",\"breadcrumb\":{\"@id\":\"https:\/\/ekkla.ch\/de\/produit\/glaskugel-haengeleuchte-gold-bruxelles-its-about-romi\/#breadcrumb\"},\"inLanguage\":\"de\",\"potentialAction\":[{\"@type\":\"ReadAction\",\"target\":[\"https:\/\/ekkla.ch\/de\/produit\/glaskugel-haengeleuchte-gold-bruxelles-its-about-romi\/\"]}]},{\"@type\":\"ImageObject\",\"inLanguage\":\"de\",\"@id\":\"https:\/\/ekkla.ch\/de\/produit\/glaskugel-haengeleuchte-gold-bruxelles-its-about-romi\/#primaryimage\",\"url\":\"https:\/\/ekkla.ch\/wp-content\/uploads\/2019\/06\/Suspension_classique_Bruxelles.jpg\",\"contentUrl\":\"https:\/\/ekkla.ch\/wp-content\/uploads\/2019\/06\/Suspension_classique_Bruxelles.jpg\",\"width\":1771,\"height\":1771},{\"@type\":\"BreadcrumbList\",\"@id\":\"https:\/\/ekkla.ch\/de\/produit\/glaskugel-haengeleuchte-gold-bruxelles-its-about-romi\/#breadcrumb\",\"itemListElement\":[{\"@type\":\"ListItem\",\"position\":1,\"name\":\"Home\",\"item\":\"https:\/\/ekkla.ch\/de\/\"},{\"@type\":\"ListItem\",\"position\":2,\"name\":\"Shop\",\"item\":\"https:\/\/ekkla.ch\/de\/shop\/\"},{\"@type\":\"ListItem\",\"position\":3,\"name\":\"H\u00e4ngeleuchte Bruxelles &#8211; Durchsichtige Glaskugel &#8211; \u00d820 &#8211; It&#8217;s About Romi\"}]},{\"@type\":\"WebSite\",\"@id\":\"https:\/\/ekkla.ch\/#website\",\"url\":\"https:\/\/ekkla.ch\/\",\"name\":\"Ekkla\",\"description\":\"Der Onlineshop f\u00fcr Beleuchtung\",\"publisher\":{\"@id\":\"https:\/\/ekkla.ch\/#organization\"},\"potentialAction\":[{\"@type\":\"SearchAction\",\"target\":{\"@type\":\"EntryPoint\",\"urlTemplate\":\"https:\/\/ekkla.ch\/?s={search_term_string}\"},\"query-input\":\"required name=search_term_string\"}],\"inLanguage\":\"de\"},{\"@type\":\"Organization\",\"@id\":\"https:\/\/ekkla.ch\/#organization\",\"name\":\"Ekkla\",\"url\":\"https:\/\/ekkla.ch\/\",\"logo\":{\"@type\":\"ImageObject\",\"inLanguage\":\"de\",\"@id\":\"https:\/\/ekkla.ch\/#\/schema\/logo\/image\/\",\"url\":\"http:\/\/ekkla.ch\/wp-content\/uploads\/2019\/07\/logo-1.svg\",\"contentUrl\":\"http:\/\/ekkla.ch\/wp-content\/uploads\/2019\/07\/logo-1.svg\",\"width\":1,\"height\":1,\"caption\":\"Ekkla\"},\"image\":{\"@id\":\"https:\/\/ekkla.ch\/#\/schema\/logo\/image\/\"},\"sameAs\":[\"https:\/\/www.instagram.com\/ekkla_light\/\"]}]}<\/script>\n<!-- \/ Yoast SEO Premium plugin. -->","yoast_head_json":{"title":"It's About Romi | H\u00e4ngeleuchte Bruxelles | Glas | Ekkla","description":"Eine Vintage-H\u00e4ngeleuchte f\u00fcr eine elegante Dekoration. Ganz aus Glas, in geschnitzter Kristalloptik f\u00fcr eine Retro-Inneneinrichtung.","robots":{"index":"index","follow":"follow","max-snippet":"max-snippet:-1","max-image-preview":"max-image-preview:large","max-video-preview":"max-video-preview:-1"},"canonical":"https:\/\/ekkla.ch\/de\/produit\/glaskugel-haengeleuchte-gold-bruxelles-its-about-romi\/","og_locale":"de_DE","og_type":"article","og_title":"H\u00e4ngeleuchte Bruxelles - Durchsichtige Glaskugel - \u00d820 - It's About Romi","og_description":"Eine Vintage-H\u00e4ngeleuchte f\u00fcr eine elegante Dekoration. Ganz aus Glas, in geschnitzter Kristalloptik f\u00fcr eine Retro-Inneneinrichtung.","og_url":"https:\/\/ekkla.ch\/de\/produit\/glaskugel-haengeleuchte-gold-bruxelles-its-about-romi\/","og_site_name":"Ekkla","article_modified_time":"2023-02-26T23:00:11+00:00","og_image":[{"width":1771,"height":1771,"url":"https:\/\/ekkla.ch\/wp-content\/uploads\/2019\/06\/Suspension_classique_Bruxelles.jpg","type":"image\/jpeg"}],"twitter_card":"summary_large_image","twitter_misc":{"Gesch\u00e4tzte Lesezeit":"1\u00a0Minute"},"schema":{"@context":"https:\/\/schema.org","@graph":[{"@type":"WebPage","@id":"https:\/\/ekkla.ch\/de\/produit\/glaskugel-haengeleuchte-gold-bruxelles-its-about-romi\/","url":"https:\/\/ekkla.ch\/de\/produit\/glaskugel-haengeleuchte-gold-bruxelles-its-about-romi\/","name":"It's About Romi | H\u00e4ngeleuchte Bruxelles | Glas | Ekkla","isPartOf":{"@id":"https:\/\/ekkla.ch\/#website"},"primaryImageOfPage":{"@id":"https:\/\/ekkla.ch\/de\/produit\/glaskugel-haengeleuchte-gold-bruxelles-its-about-romi\/#primaryimage"},"image":{"@id":"https:\/\/ekkla.ch\/de\/produit\/glaskugel-haengeleuchte-gold-bruxelles-its-about-romi\/#primaryimage"},"thumbnailUrl":"https:\/\/ekkla.ch\/wp-content\/uploads\/2019\/06\/Suspension_classique_Bruxelles.jpg","datePublished":"2019-06-29T16:37:54+00:00","dateModified":"2023-02-26T23:00:11+00:00","description":"Eine Vintage-H\u00e4ngeleuchte f\u00fcr eine elegante Dekoration. Ganz aus Glas, in geschnitzter Kristalloptik f\u00fcr eine Retro-Inneneinrichtung.","breadcrumb":{"@id":"https:\/\/ekkla.ch\/de\/produit\/glaskugel-haengeleuchte-gold-bruxelles-its-about-romi\/#breadcrumb"},"inLanguage":"de","potentialAction":[{"@type":"ReadAction","target":["https:\/\/ekkla.ch\/de\/produit\/glaskugel-haengeleuchte-gold-bruxelles-its-about-romi\/"]}]},{"@type":"ImageObject","inLanguage":"de","@id":"https:\/\/ekkla.ch\/de\/produit\/glaskugel-haengeleuchte-gold-bruxelles-its-about-romi\/#primaryimage","url":"https:\/\/ekkla.ch\/wp-content\/uploads\/2019\/06\/Suspension_classique_Bruxelles.jpg","contentUrl":"https:\/\/ekkla.ch\/wp-content\/uploads\/2019\/06\/Suspension_classique_Bruxelles.jpg","width":1771,"height":1771},{"@type":"BreadcrumbList","@id":"https:\/\/ekkla.ch\/de\/produit\/glaskugel-haengeleuchte-gold-bruxelles-its-about-romi\/#breadcrumb","itemListElement":[{"@type":"ListItem","position":1,"name":"Home","item":"https:\/\/ekkla.ch\/de\/"},{"@type":"ListItem","position":2,"name":"Shop","item":"https:\/\/ekkla.ch\/de\/shop\/"},{"@type":"ListItem","position":3,"name":"H\u00e4ngeleuchte Bruxelles &#8211; Durchsichtige Glaskugel &#8211; \u00d820 &#8211; It&#8217;s About Romi"}]},{"@type":"WebSite","@id":"https:\/\/ekkla.ch\/#website","url":"https:\/\/ekkla.ch\/","name":"Ekkla","description":"Der Onlineshop f\u00fcr Beleuchtung","publisher":{"@id":"https:\/\/ekkla.ch\/#organization"},"potentialAction":[{"@type":"SearchAction","target":{"@type":"EntryPoint","urlTemplate":"https:\/\/ekkla.ch\/?s={search_term_string}"},"query-input":"required name=search_term_string"}],"inLanguage":"de"},{"@type":"Organization","@id":"https:\/\/ekkla.ch\/#organization","name":"Ekkla","url":"https:\/\/ekkla.ch\/","logo":{"@type":"ImageObject","inLanguage":"de","@id":"https:\/\/ekkla.ch\/#\/schema\/logo\/image\/","url":"http:\/\/ekkla.ch\/wp-content\/uploads\/2019\/07\/logo-1.svg","contentUrl":"http:\/\/ekkla.ch\/wp-content\/uploads\/2019\/07\/logo-1.svg","width":1,"height":1,"caption":"Ekkla"},"image":{"@id":"https:\/\/ekkla.ch\/#\/schema\/logo\/image\/"},"sameAs":["https:\/\/www.instagram.com\/ekkla_light\/"]}]}},"_links":{"self":[{"href":"https:\/\/ekkla.ch\/de\/wp-json\/wp\/v2\/product\/9387"}],"collection":[{"href":"https:\/\/ekkla.ch\/de\/wp-json\/wp\/v2\/product"}],"about":[{"href":"https:\/\/ekkla.ch\/de\/wp-json\/wp\/v2\/types\/product"}],"wp:featuredmedia":[{"embeddable":true,"href":"https:\/\/ekkla.ch\/de\/wp-json\/wp\/v2\/media\/1894"}],"wp:attachment":[{"href":"https:\/\/ekkla.ch\/de\/wp-json\/wp\/v2\/media?parent=9387"}],"wp:term":[{"taxonomy":"product_cat","embeddable":true,"href":"https:\/\/ekkla.ch\/de\/wp-json\/wp\/v2\/product_cat?post=9387"},{"taxonomy":"product_tag","embeddable":true,"href":"https:\/\/ekkla.ch\/de\/wp-json\/wp\/v2\/product_tag?post=9387"}],"curies":[{"name":"wp","href":"https:\/\/api.w.org\/{rel}","templated":true}]}}