{"id":9442,"date":"2019-06-29T18:33:47","date_gmt":"2019-06-29T16:33:47","guid":{"rendered":"https:\/\/ekkla.ch\/produit\/runde-retro-led-gluhbirne-twist\/"},"modified":"2024-06-11T14:54:45","modified_gmt":"2024-06-11T12:54:45","slug":"runde-retro-led-gluhbirne-mit-twist-gluhfaden","status":"publish","type":"product","link":"https:\/\/ekkla.ch\/de\/produit\/runde-retro-led-gluhbirne-mit-twist-gluhfaden\/","title":{"rendered":"Runde Retro LED-Gl\u00fchbirne mit Twist-Gl\u00fchfaden"},"content":{"rendered":"<p>Diese runde LED-Gl\u00fchbirne passt perfekt zu jeder Art von Diese LED-Gl\u00fchbirne passt perfekt zu jeder Art von Lampe, bei der Gl\u00fchbirnen im Mittelpunkt stehen! Die spiralf\u00f6rmigen Gl\u00fchf\u00e4den sorgen f\u00fcr einen perfekten Vintage-Look und die LED-Technologie reduziert den Stromverbrauch und verhindert die Erw\u00e4rmung der Birne. Sie ist genau das Accessoire, das Ihnen bis heute gefehlt hat!<\/p>\n<blockquote>\n<h2 style=\"text-align: left;\">Merkmale &amp; Eigenschaften<\/h2>\n<p style=\"text-align: left;\"><strong>Material<\/strong> Glas<\/p>\n<p style=\"text-align: left;\"><strong>Farbe<\/strong>\u00a0Durchsichtig<\/p>\n<p style=\"text-align: left;\"><strong>Form des Gl\u00fchfadens<\/strong>\u00a0Twist<\/p>\n<p style=\"text-align: left;\"><strong>Typ des Gl\u00fchfadens<\/strong>\u00a0LED<\/p>\n<p style=\"text-align: left;\"><strong>Leistung (W) <\/strong>4<\/p>\n<p style=\"text-align: left;\"><strong>Ausf\u00fchrung<\/strong> Bernstein<\/p>\n<p style=\"text-align: left;\"><strong>Fassung<\/strong>\u00a0E27<\/p>\n<p style=\"text-align: left;\"><strong>Durchmesser (cm)<\/strong>\u00a09,5<\/p>\n<p style=\"text-align: left;\"><strong>H\u00f6he (cm)<\/strong>\u00a014<\/p>\n<p style=\"text-align: left;\"><strong>Energieeffizienz<\/strong>\u00a0A++<\/p>\n<p style=\"text-align: left;\"><strong>Variable Lichtintensit\u00e4t <\/strong>Ja<\/p>\n<\/blockquote>\n","protected":false},"excerpt":{"rendered":"<p>Diese runde LED-Gl\u00fchbirne passt perfekt zu jeder Art von Diese LED-Gl\u00fchbirne passt perfekt zu jeder Art von Lampe, bei der Gl\u00fchbirnen im Mittelpunkt stehen! Die spiralf\u00f6rmigen Gl\u00fchf\u00e4den sorgen f\u00fcr einen perfekten Vintage-Look und die LED-Technologie reduziert den Stromverbrauch und verhindert die Erw\u00e4rmung der Birne. Sie ist genau das Accessoire, das Ihnen bis heute gefehlt hat! [&hellip;]<\/p>\n","protected":false},"featured_media":61970,"template":"","meta":{"_acf_changed":false,"om_disable_all_campaigns":false},"product_cat":[285],"product_tag":[1242,403],"bundled_by":["9451","9182"],"bundle_stock_status":"instock","bundle_stock_quantity":2,"bundle_virtual":false,"bundle_layout":"","bundle_add_to_cart_form_location":"","bundle_editable_in_cart":false,"bundle_sold_individually_context":"","bundle_item_grouping":"","bundle_min_size":"","bundle_max_size":"","bundle_price":[],"bundled_items":[],"bundle_sell_ids":[],"acf":[],"yoast_head":"<!-- This site is optimized with the Yoast SEO Premium plugin v22.2 (Yoast SEO v22.8) - https:\/\/yoast.com\/wordpress\/plugins\/seo\/ -->\n<title>Retro-Gl\u00fchbirne rund | Fassung E27 | LED-Technologie | Ekkla<\/title>\n<meta name=\"description\" content=\"Retro-Gl\u00fchbirne mit E27-Fassung. Eine n\u00fcchterne, aber originelle Form, die Ihren Beleuchtungselementen einen Design-Touch verleiht. Durchmesser 9,5 cm.\" \/>\n<meta name=\"robots\" content=\"index, follow, max-snippet:-1, max-image-preview:large, max-video-preview:-1\" \/>\n<link rel=\"canonical\" href=\"https:\/\/ekkla.ch\/de\/produit\/runde-retro-led-gluhbirne-mit-twist-gluhfaden\/\" \/>\n<meta property=\"og:locale\" content=\"de_DE\" \/>\n<meta property=\"og:type\" content=\"article\" \/>\n<meta property=\"og:title\" content=\"Runde Retro LED-Gl\u00fchbirne mit Twist-Gl\u00fchfaden\" \/>\n<meta property=\"og:description\" content=\"Retro-Gl\u00fchbirne mit E27-Fassung. Eine n\u00fcchterne, aber originelle Form, die Ihren Beleuchtungselementen einen Design-Touch verleiht. Durchmesser 9,5 cm.\" \/>\n<meta property=\"og:url\" content=\"https:\/\/ekkla.ch\/de\/produit\/runde-retro-led-gluhbirne-mit-twist-gluhfaden\/\" \/>\n<meta property=\"og:site_name\" content=\"Ekkla\" \/>\n<meta property=\"article:modified_time\" content=\"2024-06-11T12:54:45+00:00\" \/>\n<meta property=\"og:image\" content=\"https:\/\/ekkla.ch\/wp-content\/uploads\/2019\/06\/354-41-2_2.jpg\" \/>\n\t<meta property=\"og:image:width\" content=\"592\" \/>\n\t<meta property=\"og:image:height\" content=\"592\" \/>\n\t<meta property=\"og:image:type\" content=\"image\/jpeg\" \/>\n<meta name=\"twitter:card\" content=\"summary_large_image\" \/>\n<script type=\"application\/ld+json\" class=\"yoast-schema-graph\">{\"@context\":\"https:\/\/schema.org\",\"@graph\":[{\"@type\":\"WebPage\",\"@id\":\"https:\/\/ekkla.ch\/de\/produit\/runde-retro-led-gluhbirne-mit-twist-gluhfaden\/\",\"url\":\"https:\/\/ekkla.ch\/de\/produit\/runde-retro-led-gluhbirne-mit-twist-gluhfaden\/\",\"name\":\"Retro-Gl\u00fchbirne rund | Fassung E27 | LED-Technologie | Ekkla\",\"isPartOf\":{\"@id\":\"https:\/\/ekkla.ch\/#website\"},\"primaryImageOfPage\":{\"@id\":\"https:\/\/ekkla.ch\/de\/produit\/runde-retro-led-gluhbirne-mit-twist-gluhfaden\/#primaryimage\"},\"image\":{\"@id\":\"https:\/\/ekkla.ch\/de\/produit\/runde-retro-led-gluhbirne-mit-twist-gluhfaden\/#primaryimage\"},\"thumbnailUrl\":\"https:\/\/ekkla.ch\/wp-content\/uploads\/2019\/06\/354-41-2_2.jpg\",\"datePublished\":\"2019-06-29T16:33:47+00:00\",\"dateModified\":\"2024-06-11T12:54:45+00:00\",\"description\":\"Retro-Gl\u00fchbirne mit E27-Fassung. Eine n\u00fcchterne, aber originelle Form, die Ihren Beleuchtungselementen einen Design-Touch verleiht. Durchmesser 9,5 cm.\",\"breadcrumb\":{\"@id\":\"https:\/\/ekkla.ch\/de\/produit\/runde-retro-led-gluhbirne-mit-twist-gluhfaden\/#breadcrumb\"},\"inLanguage\":\"de\",\"potentialAction\":[{\"@type\":\"ReadAction\",\"target\":[\"https:\/\/ekkla.ch\/de\/produit\/runde-retro-led-gluhbirne-mit-twist-gluhfaden\/\"]}]},{\"@type\":\"ImageObject\",\"inLanguage\":\"de\",\"@id\":\"https:\/\/ekkla.ch\/de\/produit\/runde-retro-led-gluhbirne-mit-twist-gluhfaden\/#primaryimage\",\"url\":\"https:\/\/ekkla.ch\/wp-content\/uploads\/2019\/06\/354-41-2_2.jpg\",\"contentUrl\":\"https:\/\/ekkla.ch\/wp-content\/uploads\/2019\/06\/354-41-2_2.jpg\",\"width\":592,\"height\":592,\"caption\":\"Ampoule LED r\u00e9tro Globe filament twist\"},{\"@type\":\"BreadcrumbList\",\"@id\":\"https:\/\/ekkla.ch\/de\/produit\/runde-retro-led-gluhbirne-mit-twist-gluhfaden\/#breadcrumb\",\"itemListElement\":[{\"@type\":\"ListItem\",\"position\":1,\"name\":\"Home\",\"item\":\"https:\/\/ekkla.ch\/de\/\"},{\"@type\":\"ListItem\",\"position\":2,\"name\":\"Shop\",\"item\":\"https:\/\/ekkla.ch\/de\/shop\/\"},{\"@type\":\"ListItem\",\"position\":3,\"name\":\"Runde Retro LED-Gl\u00fchbirne mit Twist-Gl\u00fchfaden\"}]},{\"@type\":\"WebSite\",\"@id\":\"https:\/\/ekkla.ch\/#website\",\"url\":\"https:\/\/ekkla.ch\/\",\"name\":\"Ekkla\",\"description\":\"Der Onlineshop f\u00fcr Beleuchtung\",\"publisher\":{\"@id\":\"https:\/\/ekkla.ch\/#organization\"},\"potentialAction\":[{\"@type\":\"SearchAction\",\"target\":{\"@type\":\"EntryPoint\",\"urlTemplate\":\"https:\/\/ekkla.ch\/?s={search_term_string}\"},\"query-input\":\"required name=search_term_string\"}],\"inLanguage\":\"de\"},{\"@type\":\"Organization\",\"@id\":\"https:\/\/ekkla.ch\/#organization\",\"name\":\"Ekkla\",\"url\":\"https:\/\/ekkla.ch\/\",\"logo\":{\"@type\":\"ImageObject\",\"inLanguage\":\"de\",\"@id\":\"https:\/\/ekkla.ch\/#\/schema\/logo\/image\/\",\"url\":\"http:\/\/ekkla.ch\/wp-content\/uploads\/2019\/07\/logo-1.svg\",\"contentUrl\":\"http:\/\/ekkla.ch\/wp-content\/uploads\/2019\/07\/logo-1.svg\",\"width\":1,\"height\":1,\"caption\":\"Ekkla\"},\"image\":{\"@id\":\"https:\/\/ekkla.ch\/#\/schema\/logo\/image\/\"},\"sameAs\":[\"https:\/\/www.instagram.com\/ekkla_light\/\"]}]}<\/script>\n<!-- \/ Yoast SEO Premium plugin. -->","yoast_head_json":{"title":"Retro-Gl\u00fchbirne rund | Fassung E27 | LED-Technologie | Ekkla","description":"Retro-Gl\u00fchbirne mit E27-Fassung. Eine n\u00fcchterne, aber originelle Form, die Ihren Beleuchtungselementen einen Design-Touch verleiht. Durchmesser 9,5 cm.","robots":{"index":"index","follow":"follow","max-snippet":"max-snippet:-1","max-image-preview":"max-image-preview:large","max-video-preview":"max-video-preview:-1"},"canonical":"https:\/\/ekkla.ch\/de\/produit\/runde-retro-led-gluhbirne-mit-twist-gluhfaden\/","og_locale":"de_DE","og_type":"article","og_title":"Runde Retro LED-Gl\u00fchbirne mit Twist-Gl\u00fchfaden","og_description":"Retro-Gl\u00fchbirne mit E27-Fassung. Eine n\u00fcchterne, aber originelle Form, die Ihren Beleuchtungselementen einen Design-Touch verleiht. Durchmesser 9,5 cm.","og_url":"https:\/\/ekkla.ch\/de\/produit\/runde-retro-led-gluhbirne-mit-twist-gluhfaden\/","og_site_name":"Ekkla","article_modified_time":"2024-06-11T12:54:45+00:00","og_image":[{"width":592,"height":592,"url":"https:\/\/ekkla.ch\/wp-content\/uploads\/2019\/06\/354-41-2_2.jpg","type":"image\/jpeg"}],"twitter_card":"summary_large_image","schema":{"@context":"https:\/\/schema.org","@graph":[{"@type":"WebPage","@id":"https:\/\/ekkla.ch\/de\/produit\/runde-retro-led-gluhbirne-mit-twist-gluhfaden\/","url":"https:\/\/ekkla.ch\/de\/produit\/runde-retro-led-gluhbirne-mit-twist-gluhfaden\/","name":"Retro-Gl\u00fchbirne rund | Fassung E27 | LED-Technologie | Ekkla","isPartOf":{"@id":"https:\/\/ekkla.ch\/#website"},"primaryImageOfPage":{"@id":"https:\/\/ekkla.ch\/de\/produit\/runde-retro-led-gluhbirne-mit-twist-gluhfaden\/#primaryimage"},"image":{"@id":"https:\/\/ekkla.ch\/de\/produit\/runde-retro-led-gluhbirne-mit-twist-gluhfaden\/#primaryimage"},"thumbnailUrl":"https:\/\/ekkla.ch\/wp-content\/uploads\/2019\/06\/354-41-2_2.jpg","datePublished":"2019-06-29T16:33:47+00:00","dateModified":"2024-06-11T12:54:45+00:00","description":"Retro-Gl\u00fchbirne mit E27-Fassung. Eine n\u00fcchterne, aber originelle Form, die Ihren Beleuchtungselementen einen Design-Touch verleiht. Durchmesser 9,5 cm.","breadcrumb":{"@id":"https:\/\/ekkla.ch\/de\/produit\/runde-retro-led-gluhbirne-mit-twist-gluhfaden\/#breadcrumb"},"inLanguage":"de","potentialAction":[{"@type":"ReadAction","target":["https:\/\/ekkla.ch\/de\/produit\/runde-retro-led-gluhbirne-mit-twist-gluhfaden\/"]}]},{"@type":"ImageObject","inLanguage":"de","@id":"https:\/\/ekkla.ch\/de\/produit\/runde-retro-led-gluhbirne-mit-twist-gluhfaden\/#primaryimage","url":"https:\/\/ekkla.ch\/wp-content\/uploads\/2019\/06\/354-41-2_2.jpg","contentUrl":"https:\/\/ekkla.ch\/wp-content\/uploads\/2019\/06\/354-41-2_2.jpg","width":592,"height":592,"caption":"Ampoule LED r\u00e9tro Globe filament twist"},{"@type":"BreadcrumbList","@id":"https:\/\/ekkla.ch\/de\/produit\/runde-retro-led-gluhbirne-mit-twist-gluhfaden\/#breadcrumb","itemListElement":[{"@type":"ListItem","position":1,"name":"Home","item":"https:\/\/ekkla.ch\/de\/"},{"@type":"ListItem","position":2,"name":"Shop","item":"https:\/\/ekkla.ch\/de\/shop\/"},{"@type":"ListItem","position":3,"name":"Runde Retro LED-Gl\u00fchbirne mit Twist-Gl\u00fchfaden"}]},{"@type":"WebSite","@id":"https:\/\/ekkla.ch\/#website","url":"https:\/\/ekkla.ch\/","name":"Ekkla","description":"Der Onlineshop f\u00fcr Beleuchtung","publisher":{"@id":"https:\/\/ekkla.ch\/#organization"},"potentialAction":[{"@type":"SearchAction","target":{"@type":"EntryPoint","urlTemplate":"https:\/\/ekkla.ch\/?s={search_term_string}"},"query-input":"required name=search_term_string"}],"inLanguage":"de"},{"@type":"Organization","@id":"https:\/\/ekkla.ch\/#organization","name":"Ekkla","url":"https:\/\/ekkla.ch\/","logo":{"@type":"ImageObject","inLanguage":"de","@id":"https:\/\/ekkla.ch\/#\/schema\/logo\/image\/","url":"http:\/\/ekkla.ch\/wp-content\/uploads\/2019\/07\/logo-1.svg","contentUrl":"http:\/\/ekkla.ch\/wp-content\/uploads\/2019\/07\/logo-1.svg","width":1,"height":1,"caption":"Ekkla"},"image":{"@id":"https:\/\/ekkla.ch\/#\/schema\/logo\/image\/"},"sameAs":["https:\/\/www.instagram.com\/ekkla_light\/"]}]}},"_links":{"self":[{"href":"https:\/\/ekkla.ch\/de\/wp-json\/wp\/v2\/product\/9442"}],"collection":[{"href":"https:\/\/ekkla.ch\/de\/wp-json\/wp\/v2\/product"}],"about":[{"href":"https:\/\/ekkla.ch\/de\/wp-json\/wp\/v2\/types\/product"}],"wp:featuredmedia":[{"embeddable":true,"href":"https:\/\/ekkla.ch\/de\/wp-json\/wp\/v2\/media\/61970"}],"wp:attachment":[{"href":"https:\/\/ekkla.ch\/de\/wp-json\/wp\/v2\/media?parent=9442"}],"wp:term":[{"taxonomy":"product_cat","embeddable":true,"href":"https:\/\/ekkla.ch\/de\/wp-json\/wp\/v2\/product_cat?post=9442"},{"taxonomy":"product_tag","embeddable":true,"href":"https:\/\/ekkla.ch\/de\/wp-json\/wp\/v2\/product_tag?post=9442"}],"curies":[{"name":"wp","href":"https:\/\/api.w.org\/{rel}","templated":true}]}}