{"id":9448,"date":"2019-06-29T18:41:35","date_gmt":"2019-06-29T16:41:35","guid":{"rendered":"https:\/\/ekkla.ch\/produit\/hangeleuchte-aus-holz-chino-medium\/"},"modified":"2022-08-22T10:16:53","modified_gmt":"2022-08-22T08:16:53","slug":"haengeleuchte-aus-holz-chino-medium","status":"publish","type":"product","link":"https:\/\/ekkla.ch\/de\/produit\/haengeleuchte-aus-holz-chino-medium\/","title":{"rendered":"H\u00e4ngeleuchte aus Holz Chino medium &#8211; Nordlux"},"content":{"rendered":"<p>Die H\u00e4ngeleuchte Chino aus Holz spielt gekonnt mit Licht und Schatten und zaubert eine weiche und angenehme Lichtstreuung mit sch\u00f6nen Reflexen an die W\u00e4nde. Das Modell ist in drei Gr\u00f6ssen erh\u00e4ltlich, welche sich perfekt erg\u00e4nzen und als Trio in verschiedenen H\u00f6hen aufh\u00e4ngen lassen. In einem Esszimmer zum Beispiel finden die Leuchten Ihren perfekten Platz! Deko-Tipp: w\u00e4hlen Sie ein l\u00e4ngliches Gl\u00fchbirnen-Modell f\u00fcr einen hochmodernen Touch. Gl\u00fchbirne nicht inbegriffen.<\/p>\n<blockquote>\n<h2>Merkmale &amp; Eigenschaften<\/h2>\n<p><strong>Marke<\/strong> Nordlux<\/p>\n<p><strong>Farbe<\/strong> Naturton (braun)<\/p>\n<p><b>Material <\/b>Holz<\/p>\n<p><strong>Gl\u00fchbirne<\/strong> E27<\/p>\n<p><strong>Max. Leistung (W)<\/strong> 60<\/p>\n<p><strong>Durchmesser (cm)<\/strong>\u00a030<\/p>\n<p><strong>H\u00f6he (cm)<\/strong>\u00a026<\/p><\/blockquote>\n","protected":false},"excerpt":{"rendered":"<p>Die H\u00e4ngeleuchte Chino aus Holz spielt gekonnt mit Licht und Schatten und zaubert eine weiche und angenehme Lichtstreuung mit sch\u00f6nen Reflexen an die W\u00e4nde. Das Modell ist in drei Gr\u00f6ssen erh\u00e4ltlich, welche sich perfekt erg\u00e4nzen und als Trio in verschiedenen H\u00f6hen aufh\u00e4ngen lassen. In einem Esszimmer zum Beispiel finden die Leuchten Ihren perfekten Platz! Deko-Tipp: [&hellip;]<\/p>\n","protected":false},"featured_media":1968,"template":"","meta":{"_acf_changed":false,"om_disable_all_campaigns":false},"product_cat":[291],"product_tag":[1248,904,554,1188,1265,1204,816,872,1109,883,403,1209],"bundled_by":[],"bundle_stock_status":"instock","bundle_stock_quantity":1,"bundle_virtual":false,"bundle_layout":"","bundle_add_to_cart_form_location":"","bundle_editable_in_cart":false,"bundle_sold_individually_context":"","bundle_item_grouping":"","bundle_min_size":"","bundle_max_size":"","bundle_price":[],"bundled_items":[],"bundle_sell_ids":[],"acf":[],"yoast_head":"<!-- This site is optimized with the Yoast SEO Premium plugin v22.2 (Yoast SEO v22.8) - https:\/\/yoast.com\/wordpress\/plugins\/seo\/ -->\n<title>Nordlux | H\u00e4ngeleuchte Chino | Aus Holz | Ekkla<\/title>\n<meta name=\"description\" content=\"Eine Leuchte aus Holzpl\u00e4ttchen, die Ihrer Inneneinrichtung einen Boheme-Stil verleiht. Die Lichtstreuung ist weich und angenehm.\" \/>\n<meta name=\"robots\" content=\"index, follow, max-snippet:-1, max-image-preview:large, max-video-preview:-1\" \/>\n<link rel=\"canonical\" href=\"https:\/\/ekkla.ch\/de\/produit\/haengeleuchte-aus-holz-chino-medium\/\" \/>\n<meta property=\"og:locale\" content=\"de_DE\" \/>\n<meta property=\"og:type\" content=\"article\" \/>\n<meta property=\"og:title\" content=\"H\u00e4ngeleuchte aus Holz Chino medium - Nordlux\" \/>\n<meta property=\"og:description\" content=\"Eine Leuchte aus Holzpl\u00e4ttchen, die Ihrer Inneneinrichtung einen Boheme-Stil verleiht. Die Lichtstreuung ist weich und angenehm.\" \/>\n<meta property=\"og:url\" content=\"https:\/\/ekkla.ch\/de\/produit\/haengeleuchte-aus-holz-chino-medium\/\" \/>\n<meta property=\"og:site_name\" content=\"Ekkla\" \/>\n<meta property=\"article:modified_time\" content=\"2022-08-22T08:16:53+00:00\" \/>\n<meta property=\"og:image\" content=\"https:\/\/ekkla.ch\/wp-content\/uploads\/2019\/06\/Chino_30_5701581346383.jpg\" \/>\n\t<meta property=\"og:image:width\" content=\"1200\" \/>\n\t<meta property=\"og:image:height\" content=\"1200\" \/>\n\t<meta property=\"og:image:type\" content=\"image\/jpeg\" \/>\n<meta name=\"twitter:card\" content=\"summary_large_image\" \/>\n<meta name=\"twitter:label1\" content=\"Gesch\u00e4tzte Lesezeit\" \/>\n\t<meta name=\"twitter:data1\" content=\"1\u00a0Minute\" \/>\n<script type=\"application\/ld+json\" class=\"yoast-schema-graph\">{\"@context\":\"https:\/\/schema.org\",\"@graph\":[{\"@type\":\"WebPage\",\"@id\":\"https:\/\/ekkla.ch\/de\/produit\/haengeleuchte-aus-holz-chino-medium\/\",\"url\":\"https:\/\/ekkla.ch\/de\/produit\/haengeleuchte-aus-holz-chino-medium\/\",\"name\":\"Nordlux | H\u00e4ngeleuchte Chino | Aus Holz | Ekkla\",\"isPartOf\":{\"@id\":\"https:\/\/ekkla.ch\/#website\"},\"primaryImageOfPage\":{\"@id\":\"https:\/\/ekkla.ch\/de\/produit\/haengeleuchte-aus-holz-chino-medium\/#primaryimage\"},\"image\":{\"@id\":\"https:\/\/ekkla.ch\/de\/produit\/haengeleuchte-aus-holz-chino-medium\/#primaryimage\"},\"thumbnailUrl\":\"https:\/\/ekkla.ch\/wp-content\/uploads\/2019\/06\/Chino_30_5701581346383.jpg\",\"datePublished\":\"2019-06-29T16:41:35+00:00\",\"dateModified\":\"2022-08-22T08:16:53+00:00\",\"description\":\"Eine Leuchte aus Holzpl\u00e4ttchen, die Ihrer Inneneinrichtung einen Boheme-Stil verleiht. Die Lichtstreuung ist weich und angenehm.\",\"breadcrumb\":{\"@id\":\"https:\/\/ekkla.ch\/de\/produit\/haengeleuchte-aus-holz-chino-medium\/#breadcrumb\"},\"inLanguage\":\"de\",\"potentialAction\":[{\"@type\":\"ReadAction\",\"target\":[\"https:\/\/ekkla.ch\/de\/produit\/haengeleuchte-aus-holz-chino-medium\/\"]}]},{\"@type\":\"ImageObject\",\"inLanguage\":\"de\",\"@id\":\"https:\/\/ekkla.ch\/de\/produit\/haengeleuchte-aus-holz-chino-medium\/#primaryimage\",\"url\":\"https:\/\/ekkla.ch\/wp-content\/uploads\/2019\/06\/Chino_30_5701581346383.jpg\",\"contentUrl\":\"https:\/\/ekkla.ch\/wp-content\/uploads\/2019\/06\/Chino_30_5701581346383.jpg\",\"width\":1200,\"height\":1200},{\"@type\":\"BreadcrumbList\",\"@id\":\"https:\/\/ekkla.ch\/de\/produit\/haengeleuchte-aus-holz-chino-medium\/#breadcrumb\",\"itemListElement\":[{\"@type\":\"ListItem\",\"position\":1,\"name\":\"Home\",\"item\":\"https:\/\/ekkla.ch\/de\/\"},{\"@type\":\"ListItem\",\"position\":2,\"name\":\"Shop\",\"item\":\"https:\/\/ekkla.ch\/de\/shop\/\"},{\"@type\":\"ListItem\",\"position\":3,\"name\":\"H\u00e4ngeleuchte aus Holz Chino medium &#8211; Nordlux\"}]},{\"@type\":\"WebSite\",\"@id\":\"https:\/\/ekkla.ch\/#website\",\"url\":\"https:\/\/ekkla.ch\/\",\"name\":\"Ekkla\",\"description\":\"Der Onlineshop f\u00fcr Beleuchtung\",\"publisher\":{\"@id\":\"https:\/\/ekkla.ch\/#organization\"},\"potentialAction\":[{\"@type\":\"SearchAction\",\"target\":{\"@type\":\"EntryPoint\",\"urlTemplate\":\"https:\/\/ekkla.ch\/?s={search_term_string}\"},\"query-input\":\"required name=search_term_string\"}],\"inLanguage\":\"de\"},{\"@type\":\"Organization\",\"@id\":\"https:\/\/ekkla.ch\/#organization\",\"name\":\"Ekkla\",\"url\":\"https:\/\/ekkla.ch\/\",\"logo\":{\"@type\":\"ImageObject\",\"inLanguage\":\"de\",\"@id\":\"https:\/\/ekkla.ch\/#\/schema\/logo\/image\/\",\"url\":\"http:\/\/ekkla.ch\/wp-content\/uploads\/2019\/07\/logo-1.svg\",\"contentUrl\":\"http:\/\/ekkla.ch\/wp-content\/uploads\/2019\/07\/logo-1.svg\",\"width\":1,\"height\":1,\"caption\":\"Ekkla\"},\"image\":{\"@id\":\"https:\/\/ekkla.ch\/#\/schema\/logo\/image\/\"},\"sameAs\":[\"https:\/\/www.instagram.com\/ekkla_light\/\"]}]}<\/script>\n<!-- \/ Yoast SEO Premium plugin. -->","yoast_head_json":{"title":"Nordlux | H\u00e4ngeleuchte Chino | Aus Holz | Ekkla","description":"Eine Leuchte aus Holzpl\u00e4ttchen, die Ihrer Inneneinrichtung einen Boheme-Stil verleiht. Die Lichtstreuung ist weich und angenehm.","robots":{"index":"index","follow":"follow","max-snippet":"max-snippet:-1","max-image-preview":"max-image-preview:large","max-video-preview":"max-video-preview:-1"},"canonical":"https:\/\/ekkla.ch\/de\/produit\/haengeleuchte-aus-holz-chino-medium\/","og_locale":"de_DE","og_type":"article","og_title":"H\u00e4ngeleuchte aus Holz Chino medium - Nordlux","og_description":"Eine Leuchte aus Holzpl\u00e4ttchen, die Ihrer Inneneinrichtung einen Boheme-Stil verleiht. Die Lichtstreuung ist weich und angenehm.","og_url":"https:\/\/ekkla.ch\/de\/produit\/haengeleuchte-aus-holz-chino-medium\/","og_site_name":"Ekkla","article_modified_time":"2022-08-22T08:16:53+00:00","og_image":[{"width":1200,"height":1200,"url":"https:\/\/ekkla.ch\/wp-content\/uploads\/2019\/06\/Chino_30_5701581346383.jpg","type":"image\/jpeg"}],"twitter_card":"summary_large_image","twitter_misc":{"Gesch\u00e4tzte Lesezeit":"1\u00a0Minute"},"schema":{"@context":"https:\/\/schema.org","@graph":[{"@type":"WebPage","@id":"https:\/\/ekkla.ch\/de\/produit\/haengeleuchte-aus-holz-chino-medium\/","url":"https:\/\/ekkla.ch\/de\/produit\/haengeleuchte-aus-holz-chino-medium\/","name":"Nordlux | H\u00e4ngeleuchte Chino | Aus Holz | Ekkla","isPartOf":{"@id":"https:\/\/ekkla.ch\/#website"},"primaryImageOfPage":{"@id":"https:\/\/ekkla.ch\/de\/produit\/haengeleuchte-aus-holz-chino-medium\/#primaryimage"},"image":{"@id":"https:\/\/ekkla.ch\/de\/produit\/haengeleuchte-aus-holz-chino-medium\/#primaryimage"},"thumbnailUrl":"https:\/\/ekkla.ch\/wp-content\/uploads\/2019\/06\/Chino_30_5701581346383.jpg","datePublished":"2019-06-29T16:41:35+00:00","dateModified":"2022-08-22T08:16:53+00:00","description":"Eine Leuchte aus Holzpl\u00e4ttchen, die Ihrer Inneneinrichtung einen Boheme-Stil verleiht. Die Lichtstreuung ist weich und angenehm.","breadcrumb":{"@id":"https:\/\/ekkla.ch\/de\/produit\/haengeleuchte-aus-holz-chino-medium\/#breadcrumb"},"inLanguage":"de","potentialAction":[{"@type":"ReadAction","target":["https:\/\/ekkla.ch\/de\/produit\/haengeleuchte-aus-holz-chino-medium\/"]}]},{"@type":"ImageObject","inLanguage":"de","@id":"https:\/\/ekkla.ch\/de\/produit\/haengeleuchte-aus-holz-chino-medium\/#primaryimage","url":"https:\/\/ekkla.ch\/wp-content\/uploads\/2019\/06\/Chino_30_5701581346383.jpg","contentUrl":"https:\/\/ekkla.ch\/wp-content\/uploads\/2019\/06\/Chino_30_5701581346383.jpg","width":1200,"height":1200},{"@type":"BreadcrumbList","@id":"https:\/\/ekkla.ch\/de\/produit\/haengeleuchte-aus-holz-chino-medium\/#breadcrumb","itemListElement":[{"@type":"ListItem","position":1,"name":"Home","item":"https:\/\/ekkla.ch\/de\/"},{"@type":"ListItem","position":2,"name":"Shop","item":"https:\/\/ekkla.ch\/de\/shop\/"},{"@type":"ListItem","position":3,"name":"H\u00e4ngeleuchte aus Holz Chino medium &#8211; Nordlux"}]},{"@type":"WebSite","@id":"https:\/\/ekkla.ch\/#website","url":"https:\/\/ekkla.ch\/","name":"Ekkla","description":"Der Onlineshop f\u00fcr Beleuchtung","publisher":{"@id":"https:\/\/ekkla.ch\/#organization"},"potentialAction":[{"@type":"SearchAction","target":{"@type":"EntryPoint","urlTemplate":"https:\/\/ekkla.ch\/?s={search_term_string}"},"query-input":"required name=search_term_string"}],"inLanguage":"de"},{"@type":"Organization","@id":"https:\/\/ekkla.ch\/#organization","name":"Ekkla","url":"https:\/\/ekkla.ch\/","logo":{"@type":"ImageObject","inLanguage":"de","@id":"https:\/\/ekkla.ch\/#\/schema\/logo\/image\/","url":"http:\/\/ekkla.ch\/wp-content\/uploads\/2019\/07\/logo-1.svg","contentUrl":"http:\/\/ekkla.ch\/wp-content\/uploads\/2019\/07\/logo-1.svg","width":1,"height":1,"caption":"Ekkla"},"image":{"@id":"https:\/\/ekkla.ch\/#\/schema\/logo\/image\/"},"sameAs":["https:\/\/www.instagram.com\/ekkla_light\/"]}]}},"_links":{"self":[{"href":"https:\/\/ekkla.ch\/de\/wp-json\/wp\/v2\/product\/9448"}],"collection":[{"href":"https:\/\/ekkla.ch\/de\/wp-json\/wp\/v2\/product"}],"about":[{"href":"https:\/\/ekkla.ch\/de\/wp-json\/wp\/v2\/types\/product"}],"wp:featuredmedia":[{"embeddable":true,"href":"https:\/\/ekkla.ch\/de\/wp-json\/wp\/v2\/media\/1968"}],"wp:attachment":[{"href":"https:\/\/ekkla.ch\/de\/wp-json\/wp\/v2\/media?parent=9448"}],"wp:term":[{"taxonomy":"product_cat","embeddable":true,"href":"https:\/\/ekkla.ch\/de\/wp-json\/wp\/v2\/product_cat?post=9448"},{"taxonomy":"product_tag","embeddable":true,"href":"https:\/\/ekkla.ch\/de\/wp-json\/wp\/v2\/product_tag?post=9448"}],"curies":[{"name":"wp","href":"https:\/\/api.w.org\/{rel}","templated":true}]}}