{"id":9449,"date":"2019-06-29T18:37:21","date_gmt":"2019-06-29T16:37:21","guid":{"rendered":"https:\/\/ekkla.ch\/produit\/hangeleuchte-kalimantan-kegelformig\/"},"modified":"2023-02-27T00:00:08","modified_gmt":"2023-02-26T23:00:08","slug":"haengeleuchte-kalimantan-kegelfoermig-good-and-mojo","status":"publish","type":"product","link":"https:\/\/ekkla.ch\/de\/produit\/haengeleuchte-kalimantan-kegelfoermig-good-and-mojo\/","title":{"rendered":"H\u00e4ngeleuchte Kalimantan kegelf\u00f6rmig &#8211; Bambus &#8211; H.48 &#8211; Good &#038; Mojo"},"content":{"rendered":"<p>Diese Bambus-H\u00e4ngeleuchte aus der Good &amp; Mojo Kollektion zeichnet sich durch ihr luftig leichtes Design aus und verleiht Ihrem Interieur eine nat\u00fcrliche und raffinierte Note. Durch ihre vollst\u00e4ndig handgewebte Kombination aus hellem und dunklem Bambus erg\u00e4nzt sie perfekt Ihren Wohnraum.<\/p>\n<p>F\u00fcr jede verkaufte Good &amp; Mojo-Lampe werden 5 % an die <a href=\"https:\/\/waka-waka.com\/de\/\">WakaWaka<\/a> Foundation gespendet. Diese Organisation hat das Ziel, Menschen in Not durch Solarbeleuchtungsl\u00f6sungen zu unterst\u00fctzen.<\/p>\n<h2 style=\"text-align: left;\">\u00a0 \u00a0 \u00a0 Merkmale &amp; Eigenschaften<\/h2>\n<p style=\"text-align: left;\"><strong>\u00a0 \u00a0 \u00a0 \u00a0 \u00a0 Marke <\/strong>Good &amp; Mojo<\/p>\n<p style=\"text-align: left;\"><strong>\u00a0 \u00a0 \u00a0 \u00a0 \u00a0 Farben<\/strong> Naturholz und Schwarz<\/p>\n<p style=\"text-align: left;\"><strong>\u00a0 \u00a0 \u00a0 \u00a0 \u00a0 Materialien\u00a0<\/strong>Bambus und Metall<\/p>\n<p style=\"text-align: left;\"><strong>\u00a0 \u00a0 \u00a0 \u00a0 \u00a0 Gl\u00fchbirne\u00a0<\/strong>E27<\/p>\n<p style=\"text-align: left;\"><strong>\u00a0 \u00a0 \u00a0 \u00a0 \u00a0 Max. Leistung \u00a0(W)\u00a0<\/strong>40<\/p>\n<p style=\"text-align: left;\"><strong>\u00a0 \u00a0 \u00a0 \u00a0 \u00a0 H\u00f6he (cm)<\/strong>\u00a048<\/p>\n<p style=\"text-align: left;\"><strong>\u00a0 \u00a0 \u00a0 \u00a0 \u00a0 Breite (cm) <\/strong>34<\/p>\n","protected":false},"excerpt":{"rendered":"<p>Diese Bambus-H\u00e4ngeleuchte aus der Good &amp; Mojo Kollektion zeichnet sich durch ihr luftig leichtes Design aus und verleiht Ihrem Interieur eine nat\u00fcrliche und raffinierte Note. Durch ihre vollst\u00e4ndig handgewebte Kombination aus hellem und dunklem Bambus erg\u00e4nzt sie perfekt Ihren Wohnraum. F\u00fcr jede verkaufte Good &amp; Mojo-Lampe werden 5 % an die WakaWaka Foundation gespendet. Diese [&hellip;]<\/p>\n","protected":false},"featured_media":1882,"template":"","meta":{"_acf_changed":false,"om_disable_all_campaigns":false},"product_cat":[291],"product_tag":[1258,898,554,1188,816,704,603],"bundled_by":[],"bundle_stock_status":"onbackorder","bundle_stock_quantity":null,"bundle_virtual":false,"bundle_layout":"","bundle_add_to_cart_form_location":"","bundle_editable_in_cart":false,"bundle_sold_individually_context":"","bundle_item_grouping":"","bundle_min_size":"","bundle_max_size":"","bundle_price":[],"bundled_items":[],"bundle_sell_ids":[],"acf":[],"yoast_head":"<!-- This site is optimized with the Yoast SEO Premium plugin v22.2 (Yoast SEO v22.8) - https:\/\/yoast.com\/wordpress\/plugins\/seo\/ -->\n<title>Good &amp; Mojo | H\u00e4ngeleuchte Kalimantan kegelf\u00f6rmig | Eco-friendly | Ekkla<\/title>\n<meta name=\"description\" content=\"Eine handgeflochtene H\u00e4ngeleuchte aus Bambus, das einen Hauch von Eleganz in Ihren Wohnraum zaubert. Ideal \u00fcber einem Esstisch oder im Schlafzimmer.\" \/>\n<meta name=\"robots\" content=\"index, follow, max-snippet:-1, max-image-preview:large, max-video-preview:-1\" \/>\n<link rel=\"canonical\" href=\"https:\/\/ekkla.ch\/de\/produit\/haengeleuchte-kalimantan-kegelfoermig-good-and-mojo\/\" \/>\n<meta property=\"og:locale\" content=\"de_DE\" \/>\n<meta property=\"og:type\" content=\"article\" \/>\n<meta property=\"og:title\" content=\"H\u00e4ngeleuchte Kalimantan kegelf\u00f6rmig - Bambus - H.48 - Good &amp; Mojo\" \/>\n<meta property=\"og:description\" content=\"Eine handgeflochtene H\u00e4ngeleuchte aus Bambus, das einen Hauch von Eleganz in Ihren Wohnraum zaubert. Ideal \u00fcber einem Esstisch oder im Schlafzimmer.\" \/>\n<meta property=\"og:url\" content=\"https:\/\/ekkla.ch\/de\/produit\/haengeleuchte-kalimantan-kegelfoermig-good-and-mojo\/\" \/>\n<meta property=\"og:site_name\" content=\"Ekkla\" \/>\n<meta property=\"article:modified_time\" content=\"2023-02-26T23:00:08+00:00\" \/>\n<meta property=\"og:image\" content=\"https:\/\/ekkla.ch\/wp-content\/uploads\/2019\/06\/Kalimantan_cone_10.jpg\" \/>\n\t<meta property=\"og:image:width\" content=\"1771\" \/>\n\t<meta property=\"og:image:height\" content=\"1771\" \/>\n\t<meta property=\"og:image:type\" content=\"image\/jpeg\" \/>\n<meta name=\"twitter:card\" content=\"summary_large_image\" \/>\n<meta name=\"twitter:label1\" content=\"Gesch\u00e4tzte Lesezeit\" \/>\n\t<meta name=\"twitter:data1\" content=\"1\u00a0Minute\" \/>\n<script type=\"application\/ld+json\" class=\"yoast-schema-graph\">{\"@context\":\"https:\/\/schema.org\",\"@graph\":[{\"@type\":\"WebPage\",\"@id\":\"https:\/\/ekkla.ch\/de\/produit\/haengeleuchte-kalimantan-kegelfoermig-good-and-mojo\/\",\"url\":\"https:\/\/ekkla.ch\/de\/produit\/haengeleuchte-kalimantan-kegelfoermig-good-and-mojo\/\",\"name\":\"Good & Mojo | H\u00e4ngeleuchte Kalimantan kegelf\u00f6rmig | Eco-friendly | Ekkla\",\"isPartOf\":{\"@id\":\"https:\/\/ekkla.ch\/#website\"},\"primaryImageOfPage\":{\"@id\":\"https:\/\/ekkla.ch\/de\/produit\/haengeleuchte-kalimantan-kegelfoermig-good-and-mojo\/#primaryimage\"},\"image\":{\"@id\":\"https:\/\/ekkla.ch\/de\/produit\/haengeleuchte-kalimantan-kegelfoermig-good-and-mojo\/#primaryimage\"},\"thumbnailUrl\":\"https:\/\/ekkla.ch\/wp-content\/uploads\/2019\/06\/Kalimantan_cone_10.jpg\",\"datePublished\":\"2019-06-29T16:37:21+00:00\",\"dateModified\":\"2023-02-26T23:00:08+00:00\",\"description\":\"Eine handgeflochtene H\u00e4ngeleuchte aus Bambus, das einen Hauch von Eleganz in Ihren Wohnraum zaubert. Ideal \u00fcber einem Esstisch oder im Schlafzimmer.\",\"breadcrumb\":{\"@id\":\"https:\/\/ekkla.ch\/de\/produit\/haengeleuchte-kalimantan-kegelfoermig-good-and-mojo\/#breadcrumb\"},\"inLanguage\":\"de\",\"potentialAction\":[{\"@type\":\"ReadAction\",\"target\":[\"https:\/\/ekkla.ch\/de\/produit\/haengeleuchte-kalimantan-kegelfoermig-good-and-mojo\/\"]}]},{\"@type\":\"ImageObject\",\"inLanguage\":\"de\",\"@id\":\"https:\/\/ekkla.ch\/de\/produit\/haengeleuchte-kalimantan-kegelfoermig-good-and-mojo\/#primaryimage\",\"url\":\"https:\/\/ekkla.ch\/wp-content\/uploads\/2019\/06\/Kalimantan_cone_10.jpg\",\"contentUrl\":\"https:\/\/ekkla.ch\/wp-content\/uploads\/2019\/06\/Kalimantan_cone_10.jpg\",\"width\":1771,\"height\":1771},{\"@type\":\"BreadcrumbList\",\"@id\":\"https:\/\/ekkla.ch\/de\/produit\/haengeleuchte-kalimantan-kegelfoermig-good-and-mojo\/#breadcrumb\",\"itemListElement\":[{\"@type\":\"ListItem\",\"position\":1,\"name\":\"Home\",\"item\":\"https:\/\/ekkla.ch\/de\/\"},{\"@type\":\"ListItem\",\"position\":2,\"name\":\"Shop\",\"item\":\"https:\/\/ekkla.ch\/de\/shop\/\"},{\"@type\":\"ListItem\",\"position\":3,\"name\":\"H\u00e4ngeleuchte Kalimantan kegelf\u00f6rmig &#8211; Bambus &#8211; H.48 &#8211; Good &#038; Mojo\"}]},{\"@type\":\"WebSite\",\"@id\":\"https:\/\/ekkla.ch\/#website\",\"url\":\"https:\/\/ekkla.ch\/\",\"name\":\"Ekkla\",\"description\":\"Der Onlineshop f\u00fcr Beleuchtung\",\"publisher\":{\"@id\":\"https:\/\/ekkla.ch\/#organization\"},\"potentialAction\":[{\"@type\":\"SearchAction\",\"target\":{\"@type\":\"EntryPoint\",\"urlTemplate\":\"https:\/\/ekkla.ch\/?s={search_term_string}\"},\"query-input\":\"required name=search_term_string\"}],\"inLanguage\":\"de\"},{\"@type\":\"Organization\",\"@id\":\"https:\/\/ekkla.ch\/#organization\",\"name\":\"Ekkla\",\"url\":\"https:\/\/ekkla.ch\/\",\"logo\":{\"@type\":\"ImageObject\",\"inLanguage\":\"de\",\"@id\":\"https:\/\/ekkla.ch\/#\/schema\/logo\/image\/\",\"url\":\"http:\/\/ekkla.ch\/wp-content\/uploads\/2019\/07\/logo-1.svg\",\"contentUrl\":\"http:\/\/ekkla.ch\/wp-content\/uploads\/2019\/07\/logo-1.svg\",\"width\":1,\"height\":1,\"caption\":\"Ekkla\"},\"image\":{\"@id\":\"https:\/\/ekkla.ch\/#\/schema\/logo\/image\/\"},\"sameAs\":[\"https:\/\/www.instagram.com\/ekkla_light\/\"]}]}<\/script>\n<!-- \/ Yoast SEO Premium plugin. -->","yoast_head_json":{"title":"Good & Mojo | H\u00e4ngeleuchte Kalimantan kegelf\u00f6rmig | Eco-friendly | Ekkla","description":"Eine handgeflochtene H\u00e4ngeleuchte aus Bambus, das einen Hauch von Eleganz in Ihren Wohnraum zaubert. Ideal \u00fcber einem Esstisch oder im Schlafzimmer.","robots":{"index":"index","follow":"follow","max-snippet":"max-snippet:-1","max-image-preview":"max-image-preview:large","max-video-preview":"max-video-preview:-1"},"canonical":"https:\/\/ekkla.ch\/de\/produit\/haengeleuchte-kalimantan-kegelfoermig-good-and-mojo\/","og_locale":"de_DE","og_type":"article","og_title":"H\u00e4ngeleuchte Kalimantan kegelf\u00f6rmig - Bambus - H.48 - Good & Mojo","og_description":"Eine handgeflochtene H\u00e4ngeleuchte aus Bambus, das einen Hauch von Eleganz in Ihren Wohnraum zaubert. Ideal \u00fcber einem Esstisch oder im Schlafzimmer.","og_url":"https:\/\/ekkla.ch\/de\/produit\/haengeleuchte-kalimantan-kegelfoermig-good-and-mojo\/","og_site_name":"Ekkla","article_modified_time":"2023-02-26T23:00:08+00:00","og_image":[{"width":1771,"height":1771,"url":"https:\/\/ekkla.ch\/wp-content\/uploads\/2019\/06\/Kalimantan_cone_10.jpg","type":"image\/jpeg"}],"twitter_card":"summary_large_image","twitter_misc":{"Gesch\u00e4tzte Lesezeit":"1\u00a0Minute"},"schema":{"@context":"https:\/\/schema.org","@graph":[{"@type":"WebPage","@id":"https:\/\/ekkla.ch\/de\/produit\/haengeleuchte-kalimantan-kegelfoermig-good-and-mojo\/","url":"https:\/\/ekkla.ch\/de\/produit\/haengeleuchte-kalimantan-kegelfoermig-good-and-mojo\/","name":"Good & Mojo | H\u00e4ngeleuchte Kalimantan kegelf\u00f6rmig | Eco-friendly | Ekkla","isPartOf":{"@id":"https:\/\/ekkla.ch\/#website"},"primaryImageOfPage":{"@id":"https:\/\/ekkla.ch\/de\/produit\/haengeleuchte-kalimantan-kegelfoermig-good-and-mojo\/#primaryimage"},"image":{"@id":"https:\/\/ekkla.ch\/de\/produit\/haengeleuchte-kalimantan-kegelfoermig-good-and-mojo\/#primaryimage"},"thumbnailUrl":"https:\/\/ekkla.ch\/wp-content\/uploads\/2019\/06\/Kalimantan_cone_10.jpg","datePublished":"2019-06-29T16:37:21+00:00","dateModified":"2023-02-26T23:00:08+00:00","description":"Eine handgeflochtene H\u00e4ngeleuchte aus Bambus, das einen Hauch von Eleganz in Ihren Wohnraum zaubert. Ideal \u00fcber einem Esstisch oder im Schlafzimmer.","breadcrumb":{"@id":"https:\/\/ekkla.ch\/de\/produit\/haengeleuchte-kalimantan-kegelfoermig-good-and-mojo\/#breadcrumb"},"inLanguage":"de","potentialAction":[{"@type":"ReadAction","target":["https:\/\/ekkla.ch\/de\/produit\/haengeleuchte-kalimantan-kegelfoermig-good-and-mojo\/"]}]},{"@type":"ImageObject","inLanguage":"de","@id":"https:\/\/ekkla.ch\/de\/produit\/haengeleuchte-kalimantan-kegelfoermig-good-and-mojo\/#primaryimage","url":"https:\/\/ekkla.ch\/wp-content\/uploads\/2019\/06\/Kalimantan_cone_10.jpg","contentUrl":"https:\/\/ekkla.ch\/wp-content\/uploads\/2019\/06\/Kalimantan_cone_10.jpg","width":1771,"height":1771},{"@type":"BreadcrumbList","@id":"https:\/\/ekkla.ch\/de\/produit\/haengeleuchte-kalimantan-kegelfoermig-good-and-mojo\/#breadcrumb","itemListElement":[{"@type":"ListItem","position":1,"name":"Home","item":"https:\/\/ekkla.ch\/de\/"},{"@type":"ListItem","position":2,"name":"Shop","item":"https:\/\/ekkla.ch\/de\/shop\/"},{"@type":"ListItem","position":3,"name":"H\u00e4ngeleuchte Kalimantan kegelf\u00f6rmig &#8211; Bambus &#8211; H.48 &#8211; Good &#038; Mojo"}]},{"@type":"WebSite","@id":"https:\/\/ekkla.ch\/#website","url":"https:\/\/ekkla.ch\/","name":"Ekkla","description":"Der Onlineshop f\u00fcr Beleuchtung","publisher":{"@id":"https:\/\/ekkla.ch\/#organization"},"potentialAction":[{"@type":"SearchAction","target":{"@type":"EntryPoint","urlTemplate":"https:\/\/ekkla.ch\/?s={search_term_string}"},"query-input":"required name=search_term_string"}],"inLanguage":"de"},{"@type":"Organization","@id":"https:\/\/ekkla.ch\/#organization","name":"Ekkla","url":"https:\/\/ekkla.ch\/","logo":{"@type":"ImageObject","inLanguage":"de","@id":"https:\/\/ekkla.ch\/#\/schema\/logo\/image\/","url":"http:\/\/ekkla.ch\/wp-content\/uploads\/2019\/07\/logo-1.svg","contentUrl":"http:\/\/ekkla.ch\/wp-content\/uploads\/2019\/07\/logo-1.svg","width":1,"height":1,"caption":"Ekkla"},"image":{"@id":"https:\/\/ekkla.ch\/#\/schema\/logo\/image\/"},"sameAs":["https:\/\/www.instagram.com\/ekkla_light\/"]}]}},"_links":{"self":[{"href":"https:\/\/ekkla.ch\/de\/wp-json\/wp\/v2\/product\/9449"}],"collection":[{"href":"https:\/\/ekkla.ch\/de\/wp-json\/wp\/v2\/product"}],"about":[{"href":"https:\/\/ekkla.ch\/de\/wp-json\/wp\/v2\/types\/product"}],"wp:featuredmedia":[{"embeddable":true,"href":"https:\/\/ekkla.ch\/de\/wp-json\/wp\/v2\/media\/1882"}],"wp:attachment":[{"href":"https:\/\/ekkla.ch\/de\/wp-json\/wp\/v2\/media?parent=9449"}],"wp:term":[{"taxonomy":"product_cat","embeddable":true,"href":"https:\/\/ekkla.ch\/de\/wp-json\/wp\/v2\/product_cat?post=9449"},{"taxonomy":"product_tag","embeddable":true,"href":"https:\/\/ekkla.ch\/de\/wp-json\/wp\/v2\/product_tag?post=9449"}],"curies":[{"name":"wp","href":"https:\/\/api.w.org\/{rel}","templated":true}]}}