{"id":97935,"date":"2021-06-07T09:51:53","date_gmt":"2021-06-07T07:51:53","guid":{"rendered":"https:\/\/ekkla.ch\/produit\/tischlaufer-leuchte-bent-bloomingville\/"},"modified":"2025-11-24T11:55:47","modified_gmt":"2025-11-24T10:55:47","slug":"tischlaufer-leuchte-bent-bloomingville","status":"publish","type":"product","link":"https:\/\/ekkla.ch\/de\/produit\/tischlaufer-leuchte-bent-bloomingville\/","title":{"rendered":"Tischl\u00e4ufer-Leuchte Bent &#8211; Bloomingville"},"content":{"rendered":"<p>Die Tischl\u00e4ufer-Leuchte Bent verbreitet ein sch\u00f6nes und warmes Licht in Ihrem Zuhause. Die goldene Oberfl\u00e4che verleiht der Leuchte eine schicke Ausstrahlung, w\u00e4hrend ihre mattweissen LED-Gl\u00fchbirnen f\u00fcr ein diffuses Licht sorgen. Diese vielseitige Leuchte kann als stilvolle Wandleuchte an die Wand geh\u00e4ngt oder als Tischl\u00e4ufer zur Beleuchtung Ihres Esszimmers verwendet werden.<\/p>\n<h2>\u00a0 \u00a0Merkmale &amp; Eigenschaften<\/h2>\n<p style=\"text-align: left;\"><strong>\u00a0 \u00a0 \u00a0Marke <\/strong>Bloomingville<\/p>\n<p style=\"text-align: left;\"><strong>\u00a0 \u00a0 \u00a0Farbe<\/strong>\u00a0Gold<\/p>\n<p style=\"text-align: left;\"><strong>\u00a0 \u00a0 \u00a0Materialien\u00a0<\/strong>Metall und Glas<\/p>\n<p style=\"text-align: left;\"><strong>\u00a0 \u00a0 \u00a0Gl\u00fchbirnen<\/strong> LED (enthalten)<\/p>\n<p style=\"text-align: left;\"><strong>\u00a0 \u00a0 \u00a0Max. Leistung (W) <\/strong>2<\/p>\n<p><strong>\u00a0 \u00a0 \u00a0H\u00f6he (cm)<\/strong>\u00a013<\/p>\n<p><strong>\u00a0 \u00a0 \u00a0Max. L\u00e4nge (cm)<\/strong> 100<\/p>\n<p><strong>\u00a0 \u00a0 \u00a0Gewicht (kg) <\/strong>0,7<\/p>\n","protected":false},"excerpt":{"rendered":"<p>Die Tischl\u00e4ufer-Leuchte Bent verbreitet ein sch\u00f6nes und warmes Licht in Ihrem Zuhause. Die goldene Oberfl\u00e4che verleiht der Leuchte eine schicke Ausstrahlung, w\u00e4hrend ihre mattweissen LED-Gl\u00fchbirnen f\u00fcr ein diffuses Licht sorgen. Diese vielseitige Leuchte kann als stilvolle Wandleuchte an die Wand geh\u00e4ngt oder als Tischl\u00e4ufer zur Beleuchtung Ihres Esszimmers verwendet werden. \u00a0 \u00a0Merkmale &amp; Eigenschaften \u00a0 [&hellip;]<\/p>\n","protected":false},"featured_media":92854,"template":"","meta":{"_acf_changed":false,"om_disable_all_campaigns":false},"product_cat":[290],"product_tag":[1252,1180,554,1188,1265,1077,816,872,883,403,1094,1209,1092],"bundled_by":[],"bundle_stock_status":"instock","bundle_stock_quantity":1,"bundle_virtual":false,"bundle_layout":"","bundle_add_to_cart_form_location":"","bundle_editable_in_cart":false,"bundle_sold_individually_context":"","bundle_item_grouping":"","bundle_min_size":"","bundle_max_size":"","bundle_price":[],"bundled_items":[],"bundle_sell_ids":[],"acf":[],"yoast_head":"<!-- This site is optimized with the Yoast SEO Premium plugin v22.2 (Yoast SEO v22.8) - https:\/\/yoast.com\/wordpress\/plugins\/seo\/ -->\n<title>Bloomingville | Tischl\u00e4ufer-Leuchte Bent | Metall und Glas | Ekkla<\/title>\n<meta name=\"description\" content=\"Die Tischl\u00e4ufer-Leuchte Bent verbreitet ein sch\u00f6nes und warmes Licht in Ihrem Zuhause. Die goldene Oberfl\u00e4che verleiht der Leuchte eine schicke Ausstrahlung.\" \/>\n<meta name=\"robots\" content=\"index, follow, max-snippet:-1, max-image-preview:large, max-video-preview:-1\" \/>\n<link rel=\"canonical\" href=\"https:\/\/ekkla.ch\/de\/produit\/tischlaufer-leuchte-bent-bloomingville\/\" \/>\n<meta property=\"og:locale\" content=\"de_DE\" \/>\n<meta property=\"og:type\" content=\"article\" \/>\n<meta property=\"og:title\" content=\"Tischl\u00e4ufer-Leuchte Bent - Bloomingville\" \/>\n<meta property=\"og:description\" content=\"Die Tischl\u00e4ufer-Leuchte Bent verbreitet ein sch\u00f6nes und warmes Licht in Ihrem Zuhause. Die goldene Oberfl\u00e4che verleiht der Leuchte eine schicke Ausstrahlung.\" \/>\n<meta property=\"og:url\" content=\"https:\/\/ekkla.ch\/de\/produit\/tischlaufer-leuchte-bent-bloomingville\/\" \/>\n<meta property=\"og:site_name\" content=\"Ekkla\" \/>\n<meta property=\"article:modified_time\" content=\"2025-11-24T10:55:47+00:00\" \/>\n<meta property=\"og:image\" content=\"https:\/\/ekkla.ch\/wp-content\/uploads\/2021\/06\/Lampe-chemin-de-table-Bent-Bloomingville.jpg\" \/>\n\t<meta property=\"og:image:width\" content=\"900\" \/>\n\t<meta property=\"og:image:height\" content=\"900\" \/>\n\t<meta property=\"og:image:type\" content=\"image\/jpeg\" \/>\n<meta name=\"twitter:card\" content=\"summary_large_image\" \/>\n<script type=\"application\/ld+json\" class=\"yoast-schema-graph\">{\"@context\":\"https:\/\/schema.org\",\"@graph\":[{\"@type\":\"WebPage\",\"@id\":\"https:\/\/ekkla.ch\/de\/produit\/tischlaufer-leuchte-bent-bloomingville\/\",\"url\":\"https:\/\/ekkla.ch\/de\/produit\/tischlaufer-leuchte-bent-bloomingville\/\",\"name\":\"Bloomingville | Tischl\u00e4ufer-Leuchte Bent | Metall und Glas | Ekkla\",\"isPartOf\":{\"@id\":\"https:\/\/ekkla.ch\/#website\"},\"primaryImageOfPage\":{\"@id\":\"https:\/\/ekkla.ch\/de\/produit\/tischlaufer-leuchte-bent-bloomingville\/#primaryimage\"},\"image\":{\"@id\":\"https:\/\/ekkla.ch\/de\/produit\/tischlaufer-leuchte-bent-bloomingville\/#primaryimage\"},\"thumbnailUrl\":\"https:\/\/ekkla.ch\/wp-content\/uploads\/2021\/06\/Lampe-chemin-de-table-Bent-Bloomingville.jpg\",\"datePublished\":\"2021-06-07T07:51:53+00:00\",\"dateModified\":\"2025-11-24T10:55:47+00:00\",\"description\":\"Die Tischl\u00e4ufer-Leuchte Bent verbreitet ein sch\u00f6nes und warmes Licht in Ihrem Zuhause. Die goldene Oberfl\u00e4che verleiht der Leuchte eine schicke Ausstrahlung.\",\"breadcrumb\":{\"@id\":\"https:\/\/ekkla.ch\/de\/produit\/tischlaufer-leuchte-bent-bloomingville\/#breadcrumb\"},\"inLanguage\":\"de\",\"potentialAction\":[{\"@type\":\"ReadAction\",\"target\":[\"https:\/\/ekkla.ch\/de\/produit\/tischlaufer-leuchte-bent-bloomingville\/\"]}]},{\"@type\":\"ImageObject\",\"inLanguage\":\"de\",\"@id\":\"https:\/\/ekkla.ch\/de\/produit\/tischlaufer-leuchte-bent-bloomingville\/#primaryimage\",\"url\":\"https:\/\/ekkla.ch\/wp-content\/uploads\/2021\/06\/Lampe-chemin-de-table-Bent-Bloomingville.jpg\",\"contentUrl\":\"https:\/\/ekkla.ch\/wp-content\/uploads\/2021\/06\/Lampe-chemin-de-table-Bent-Bloomingville.jpg\",\"width\":900,\"height\":900,\"caption\":\"Lampe de table et applique Bent Bloomingville\"},{\"@type\":\"BreadcrumbList\",\"@id\":\"https:\/\/ekkla.ch\/de\/produit\/tischlaufer-leuchte-bent-bloomingville\/#breadcrumb\",\"itemListElement\":[{\"@type\":\"ListItem\",\"position\":1,\"name\":\"Home\",\"item\":\"https:\/\/ekkla.ch\/de\/\"},{\"@type\":\"ListItem\",\"position\":2,\"name\":\"Shop\",\"item\":\"https:\/\/ekkla.ch\/de\/shop\/\"},{\"@type\":\"ListItem\",\"position\":3,\"name\":\"Tischl\u00e4ufer-Leuchte Bent &#8211; Bloomingville\"}]},{\"@type\":\"WebSite\",\"@id\":\"https:\/\/ekkla.ch\/#website\",\"url\":\"https:\/\/ekkla.ch\/\",\"name\":\"Ekkla\",\"description\":\"Der Onlineshop f\u00fcr Beleuchtung\",\"publisher\":{\"@id\":\"https:\/\/ekkla.ch\/#organization\"},\"potentialAction\":[{\"@type\":\"SearchAction\",\"target\":{\"@type\":\"EntryPoint\",\"urlTemplate\":\"https:\/\/ekkla.ch\/?s={search_term_string}\"},\"query-input\":\"required name=search_term_string\"}],\"inLanguage\":\"de\"},{\"@type\":\"Organization\",\"@id\":\"https:\/\/ekkla.ch\/#organization\",\"name\":\"Ekkla\",\"url\":\"https:\/\/ekkla.ch\/\",\"logo\":{\"@type\":\"ImageObject\",\"inLanguage\":\"de\",\"@id\":\"https:\/\/ekkla.ch\/#\/schema\/logo\/image\/\",\"url\":\"http:\/\/ekkla.ch\/wp-content\/uploads\/2019\/07\/logo-1.svg\",\"contentUrl\":\"http:\/\/ekkla.ch\/wp-content\/uploads\/2019\/07\/logo-1.svg\",\"width\":1,\"height\":1,\"caption\":\"Ekkla\"},\"image\":{\"@id\":\"https:\/\/ekkla.ch\/#\/schema\/logo\/image\/\"},\"sameAs\":[\"https:\/\/www.instagram.com\/ekkla_light\/\"]}]}<\/script>\n<!-- \/ Yoast SEO Premium plugin. -->","yoast_head_json":{"title":"Bloomingville | Tischl\u00e4ufer-Leuchte Bent | Metall und Glas | Ekkla","description":"Die Tischl\u00e4ufer-Leuchte Bent verbreitet ein sch\u00f6nes und warmes Licht in Ihrem Zuhause. Die goldene Oberfl\u00e4che verleiht der Leuchte eine schicke Ausstrahlung.","robots":{"index":"index","follow":"follow","max-snippet":"max-snippet:-1","max-image-preview":"max-image-preview:large","max-video-preview":"max-video-preview:-1"},"canonical":"https:\/\/ekkla.ch\/de\/produit\/tischlaufer-leuchte-bent-bloomingville\/","og_locale":"de_DE","og_type":"article","og_title":"Tischl\u00e4ufer-Leuchte Bent - Bloomingville","og_description":"Die Tischl\u00e4ufer-Leuchte Bent verbreitet ein sch\u00f6nes und warmes Licht in Ihrem Zuhause. Die goldene Oberfl\u00e4che verleiht der Leuchte eine schicke Ausstrahlung.","og_url":"https:\/\/ekkla.ch\/de\/produit\/tischlaufer-leuchte-bent-bloomingville\/","og_site_name":"Ekkla","article_modified_time":"2025-11-24T10:55:47+00:00","og_image":[{"width":900,"height":900,"url":"https:\/\/ekkla.ch\/wp-content\/uploads\/2021\/06\/Lampe-chemin-de-table-Bent-Bloomingville.jpg","type":"image\/jpeg"}],"twitter_card":"summary_large_image","schema":{"@context":"https:\/\/schema.org","@graph":[{"@type":"WebPage","@id":"https:\/\/ekkla.ch\/de\/produit\/tischlaufer-leuchte-bent-bloomingville\/","url":"https:\/\/ekkla.ch\/de\/produit\/tischlaufer-leuchte-bent-bloomingville\/","name":"Bloomingville | Tischl\u00e4ufer-Leuchte Bent | Metall und Glas | Ekkla","isPartOf":{"@id":"https:\/\/ekkla.ch\/#website"},"primaryImageOfPage":{"@id":"https:\/\/ekkla.ch\/de\/produit\/tischlaufer-leuchte-bent-bloomingville\/#primaryimage"},"image":{"@id":"https:\/\/ekkla.ch\/de\/produit\/tischlaufer-leuchte-bent-bloomingville\/#primaryimage"},"thumbnailUrl":"https:\/\/ekkla.ch\/wp-content\/uploads\/2021\/06\/Lampe-chemin-de-table-Bent-Bloomingville.jpg","datePublished":"2021-06-07T07:51:53+00:00","dateModified":"2025-11-24T10:55:47+00:00","description":"Die Tischl\u00e4ufer-Leuchte Bent verbreitet ein sch\u00f6nes und warmes Licht in Ihrem Zuhause. Die goldene Oberfl\u00e4che verleiht der Leuchte eine schicke Ausstrahlung.","breadcrumb":{"@id":"https:\/\/ekkla.ch\/de\/produit\/tischlaufer-leuchte-bent-bloomingville\/#breadcrumb"},"inLanguage":"de","potentialAction":[{"@type":"ReadAction","target":["https:\/\/ekkla.ch\/de\/produit\/tischlaufer-leuchte-bent-bloomingville\/"]}]},{"@type":"ImageObject","inLanguage":"de","@id":"https:\/\/ekkla.ch\/de\/produit\/tischlaufer-leuchte-bent-bloomingville\/#primaryimage","url":"https:\/\/ekkla.ch\/wp-content\/uploads\/2021\/06\/Lampe-chemin-de-table-Bent-Bloomingville.jpg","contentUrl":"https:\/\/ekkla.ch\/wp-content\/uploads\/2021\/06\/Lampe-chemin-de-table-Bent-Bloomingville.jpg","width":900,"height":900,"caption":"Lampe de table et applique Bent Bloomingville"},{"@type":"BreadcrumbList","@id":"https:\/\/ekkla.ch\/de\/produit\/tischlaufer-leuchte-bent-bloomingville\/#breadcrumb","itemListElement":[{"@type":"ListItem","position":1,"name":"Home","item":"https:\/\/ekkla.ch\/de\/"},{"@type":"ListItem","position":2,"name":"Shop","item":"https:\/\/ekkla.ch\/de\/shop\/"},{"@type":"ListItem","position":3,"name":"Tischl\u00e4ufer-Leuchte Bent &#8211; Bloomingville"}]},{"@type":"WebSite","@id":"https:\/\/ekkla.ch\/#website","url":"https:\/\/ekkla.ch\/","name":"Ekkla","description":"Der Onlineshop f\u00fcr Beleuchtung","publisher":{"@id":"https:\/\/ekkla.ch\/#organization"},"potentialAction":[{"@type":"SearchAction","target":{"@type":"EntryPoint","urlTemplate":"https:\/\/ekkla.ch\/?s={search_term_string}"},"query-input":"required name=search_term_string"}],"inLanguage":"de"},{"@type":"Organization","@id":"https:\/\/ekkla.ch\/#organization","name":"Ekkla","url":"https:\/\/ekkla.ch\/","logo":{"@type":"ImageObject","inLanguage":"de","@id":"https:\/\/ekkla.ch\/#\/schema\/logo\/image\/","url":"http:\/\/ekkla.ch\/wp-content\/uploads\/2019\/07\/logo-1.svg","contentUrl":"http:\/\/ekkla.ch\/wp-content\/uploads\/2019\/07\/logo-1.svg","width":1,"height":1,"caption":"Ekkla"},"image":{"@id":"https:\/\/ekkla.ch\/#\/schema\/logo\/image\/"},"sameAs":["https:\/\/www.instagram.com\/ekkla_light\/"]}]}},"_links":{"self":[{"href":"https:\/\/ekkla.ch\/de\/wp-json\/wp\/v2\/product\/97935"}],"collection":[{"href":"https:\/\/ekkla.ch\/de\/wp-json\/wp\/v2\/product"}],"about":[{"href":"https:\/\/ekkla.ch\/de\/wp-json\/wp\/v2\/types\/product"}],"wp:featuredmedia":[{"embeddable":true,"href":"https:\/\/ekkla.ch\/de\/wp-json\/wp\/v2\/media\/92854"}],"wp:attachment":[{"href":"https:\/\/ekkla.ch\/de\/wp-json\/wp\/v2\/media?parent=97935"}],"wp:term":[{"taxonomy":"product_cat","embeddable":true,"href":"https:\/\/ekkla.ch\/de\/wp-json\/wp\/v2\/product_cat?post=97935"},{"taxonomy":"product_tag","embeddable":true,"href":"https:\/\/ekkla.ch\/de\/wp-json\/wp\/v2\/product_tag?post=97935"}],"curies":[{"name":"wp","href":"https:\/\/api.w.org\/{rel}","templated":true}]}}